{"id":72071,"date":"2023-07-26T17:53:30","date_gmt":"2023-07-26T14:53:30","guid":{"rendered":"https:\/\/xstyle.md\/?post_type=product&#038;p=72071"},"modified":"2025-11-27T17:49:32","modified_gmt":"2025-11-27T14:49:32","slug":"fonar-fenix-e05r-led","status":"publish","type":"product","link":"https:\/\/xstyle.md\/ro\/produs\/fonar-fenix-e05r-led\/","title":{"rendered":"Lantern\u0103 Fenix E05R LED"},"content":{"rendered":"<\/p>\n<p><strong>Fenix E05R LED<\/strong> &#8212; o lantern\u0103 compact\u0103 \u0219i destul de u\u0219oar\u0103, sub forma unui mini breloc. Una dintre caracteristicile curioase ale modelelor este faptul c\u0103 corpul lanternei este disponibil \u00een trei culori diferite. \u0218i anume &#8212; \u00een culorile negru, verde \u0219i bronz. Lanterna nu numai c\u0103 \u00eendepline\u0219te o func\u021bie decorativ\u0103, dar garanteaz\u0103 utilizatorului cel mai mare flux luminos de 400 de lumeni. \u00cen acela\u0219i timp, distan\u021ba fasciculului ajunge la 64 de metri. Pentru func\u021bionarea modelului este utilizat LED Cree XP-G2 S3, iluminare alb\u0103. Acesta este alimentat de o baterie Li-polimer \u00eencorporat\u0103 cu o capacitate de 320 mAh.<\/p>\n<p>Exist\u0103 un port micro-USB ascuns pentru \u00eenc\u0103rcare. Exist\u0103, de asemenea, o lentil\u0103 de \u00eenalt\u0103 performan\u021b\u0103 cu un strat complet reflectorizant. Exist\u0103 un buton metalic pentru pornirea \u0219i oprirea dispozitivului, precum \u0219i pentru selectarea modului. Patru moduri diferite de func\u021bionare a lanternei.<\/p>\n<p>Pentru a porni sau opri modelul breloc, ap\u0103sa\u021bi \u0219i men\u021bine\u021bi ap\u0103sat butonul lateral timp de o jum\u0103tate de secund\u0103. Pentru a selecta modul atunci c\u00e2nd lanterna este pornit\u0103, ap\u0103sa\u021bi o dat\u0103 butonul lateral. Astfel, ve\u021bi putea activa urm\u0103torul mod: Minimum\u2192Mediu\u2192Major. Dac\u0103 dori\u021bi s\u0103 utiliza\u021bi instant Turbo, ap\u0103sa\u021bi \u0219i men\u021bine\u021bi ap\u0103sat butonul lateral timp de 1,2 secunde, dac\u0103 \u00eel elibera\u021bi, ve\u021bi reveni la modul Minim.<\/p>\n<p>Pentru a bloca modelul, ap\u0103sa\u021bi butonul de dou\u0103 ori timp de o jum\u0103tate de secund\u0103 atunci c\u00e2nd acesta este oprit. Felinarul va clipi de dou\u0103 ori \u00een modul Minim pentru a indica faptul c\u0103 este blocat. Pentru a debloca, ap\u0103sa\u021bi butonul de dou\u0103 ori \u00een decurs de o jum\u0103tate de secund\u0103 &#8212; felinarul se va debloca \u0219i se va aprinde \u00een modul Minim.<\/p>\n<h3>Moduri de func\u021bionare<\/h3>\n<ul>\n<li><strong>Turbo.<\/strong> Aici este posibil\u0103 cea mai mare luminozitate de iluminare de 400 de lumeni. Raza de ac\u021biune a fasciculului este de 64 de metri. Intensitatea fluxului luminos ajunge la 1046 candela.<\/li>\n<li><strong>High.<\/strong> Fluxul luminos este de 150 de lumeni, func\u021bioneaz\u0103 timp de 55 de minute, distan\u021ba fasciculului este de 40 de metri. Intensitatea fluxului luminos ajunge la 412 candela.<\/li>\n<li><strong>Med.<\/strong> Intensitatea luminoas\u0103 a ilumin\u0103rii este egal\u0103 cu 25 de lumeni. Durata luminescen\u021bei \u00een acest mod &#8212; cinci ore. Distan\u021ba fasciculului este de 17 metri. Intensitatea fluxului este de 72 candela.<\/li>\n<li><strong>Low.<\/strong> Str\u0103lucirea ilumin\u0103rii este egal\u0103 cu trei lumeni. Durata de func\u021bionare &#8212; 30 de ore. Str\u0103luce\u0219te la o distan\u021b\u0103 de 8 metri. Intensitatea ilumin\u0103rii este de 15 candela.<\/li>\n<\/ul>\n<h3>Particularit\u0103\u021bi<\/h3>\n<ul>\n<li>Lantern\u0103 mic\u0103 de tip breloc pentru utilizare zilnic\u0103<\/li>\n<li>Patru moduri de func\u021bionare<\/li>\n<li>Se \u00eencarc\u0103 prin portul micro-USB<\/li>\n<li>Alimentat\u0103 de o baterie re\u00eenc\u0103rcabil\u0103 Li-Pol de 320 mAh<\/li>\n<li>Lentile de \u00eenalt\u0103 performan\u021b\u0103 cu acoperire reflectorizant\u0103 complet\u0103<\/li>\n<li>Protejat \u00eempotriva supra\u00eenc\u0103lzirii carcasei<\/li>\n<li>Material aluminiu durabil A6061-T6<\/li>\n<li>Rezisten\u021b\u0103 la \u0219ocuri: un metru<\/li>\n<li>Acoperire: anodizare dur\u0103 premium HAIII, rezistent\u0103 la abraziune.<\/li>\n<\/ul>\n<h3>Caracteristici<\/h3>\n<ul>\n<li>Tipul de alimentare &#8212; capacitate de 320 mAh Li-Pol<\/li>\n<li>LED &#8212; CREE XP-G2 S3<\/li>\n<li>Putere &#8212; p\u00e2n\u0103 la 500 lm<\/li>\n<li>Flux luminos &#8212; 400 lm<\/li>\n<li>Raza de ac\u021biune a fasciculului &#8212; 64 m<\/li>\n<li>Durata maxim\u0103 de func\u021bionare &#8212; 30 de ore<\/li>\n<li>Rezistent la ap\u0103 &#8212; IP68<\/li>\n<li>Dimensiuni &#8212; 68 x 15,3 x 15 mm<\/li>\n<li>Greutate &#8212; 24 g.<\/li>\n<\/ul>\n<p><\/p>","protected":false},"excerpt":{"rendered":"","protected":false},"featured_media":72198,"comment_status":"open","ping_status":"closed","template":"","meta":{"_acf_changed":false,"inline_featured_image":false},"product_brand":[1351],"product_cat":[462],"product_tag":[],"class_list":{"0":"post-72071","1":"product","2":"type-product","3":"status-publish","4":"has-post-thumbnail","6":"product_brand-fenix","7":"product_cat-lumini-de-mana","9":"first","10":"instock","11":"shipping-taxable","12":"purchasable","13":"product-type-simple"},"acf":[],"yoast_head":"<!-- This site is optimized with the Yoast SEO plugin v27.2 - https:\/\/yoast.com\/product\/yoast-seo-wordpress\/ -->\n<title>\u0424\u043e\u043d\u0430\u0440\u044c Fenix E05R LED - \u041c\u0430\u0433\u0430\u0437\u0438\u043d Xstyle<\/title>\n<meta name=\"description\" content=\"\u0424\u043e\u043d\u0430\u0440\u044c Fenix E05R LED: \u043c\u043e\u0449\u043d\u044b\u0439 \u0438 \u043a\u043e\u043c\u043f\u0430\u043a\u0442\u043d\u044b\u0439, IP68. \u0421\u0432\u0435\u0442\u0438\u0442 \u0434\u043e 400 \u041b\u043c, \u0437\u0430\u0440\u044f\u0436\u0430\u0435\u0442\u0441\u044f \u0447\u0435\u0440\u0435\u0437 microUSB, \u0438\u0434\u0435\u0430\u043b\u0435\u043d \u0434\u043b\u044f \u043f\u043e\u0432\u0441\u0435\u0434\u043d\u0435\u0432\u043d\u043e\u0433\u043e \u0438\u0441\u043f\u043e\u043b\u044c\u0437\u043e\u0432\u0430\u043d\u0438\u044f \u0438 \u0430\u043a\u0442\u0438\u0432\u043d\u043e\u0433\u043e \u043e\u0442\u0434\u044b\u0445\u0430.\" \/>\n<meta name=\"robots\" content=\"index, follow, max-snippet:-1, max-image-preview:large, max-video-preview:-1\" \/>\n<link rel=\"canonical\" href=\"https:\/\/xstyle.md\/ro\/produs\/fonar-fenix-e05r-led\/\" \/>\n<meta property=\"og:locale\" content=\"ro_RO\" \/>\n<meta property=\"og:type\" content=\"article\" \/>\n<meta property=\"og:title\" content=\"\u0424\u043e\u043d\u0430\u0440\u044c Fenix E05R LED - \u041c\u0430\u0433\u0430\u0437\u0438\u043d Xstyle\" \/>\n<meta property=\"og:description\" content=\"\u0424\u043e\u043d\u0430\u0440\u044c Fenix E05R LED: \u043c\u043e\u0449\u043d\u044b\u0439 \u0438 \u043a\u043e\u043c\u043f\u0430\u043a\u0442\u043d\u044b\u0439, IP68. \u0421\u0432\u0435\u0442\u0438\u0442 \u0434\u043e 400 \u041b\u043c, \u0437\u0430\u0440\u044f\u0436\u0430\u0435\u0442\u0441\u044f \u0447\u0435\u0440\u0435\u0437 microUSB, \u0438\u0434\u0435\u0430\u043b\u0435\u043d \u0434\u043b\u044f \u043f\u043e\u0432\u0441\u0435\u0434\u043d\u0435\u0432\u043d\u043e\u0433\u043e \u0438\u0441\u043f\u043e\u043b\u044c\u0437\u043e\u0432\u0430\u043d\u0438\u044f \u0438 \u0430\u043a\u0442\u0438\u0432\u043d\u043e\u0433\u043e \u043e\u0442\u0434\u044b\u0445\u0430.\" \/>\n<meta property=\"og:url\" content=\"https:\/\/xstyle.md\/ro\/produs\/fonar-fenix-e05r-led\/\" \/>\n<meta property=\"og:site_name\" content=\"\u041c\u0430\u0433\u0430\u0437\u0438\u043d Xstyle\" \/>\n<meta property=\"article:publisher\" content=\"https:\/\/www.facebook.com\/xstylemd\" \/>\n<meta property=\"article:modified_time\" content=\"2025-11-27T14:49:32+00:00\" \/>\n<meta property=\"og:image\" content=\"https:\/\/xstyle.md\/wp-content\/uploads\/2023\/07\/fenix-e05r-led.jpg\" \/>\n\t<meta property=\"og:image:width\" content=\"914\" \/>\n\t<meta property=\"og:image:height\" content=\"826\" \/>\n\t<meta property=\"og:image:type\" content=\"image\/jpeg\" \/>\n<meta name=\"twitter:card\" content=\"summary_large_image\" \/>\n<meta name=\"twitter:label1\" content=\"Pre\u021b\" \/>\n\t<meta name=\"twitter:data1\" content=\"590&nbsp;MDL\" \/>\n\t<meta name=\"twitter:label2\" content=\"Disponibilitate\" \/>\n\t<meta name=\"twitter:data2\" content=\"\u00cen stoc\" \/>\n<script type=\"application\/ld+json\" class=\"yoast-schema-graph\">{\"@context\":\"https:\/\/schema.org\",\"@graph\":[{\"@type\":\"WebPage\",\"@id\":\"https:\/\/xstyle.md\/product\/fonar-fenix-e05r-led\/\",\"url\":\"https:\/\/xstyle.md\/product\/fonar-fenix-e05r-led\/\",\"name\":\"\u0424\u043e\u043d\u0430\u0440\u044c Fenix E05R LED - \u041c\u0430\u0433\u0430\u0437\u0438\u043d Xstyle\",\"isPartOf\":{\"@id\":\"https:\/\/xstyle.md\/#website\"},\"primaryImageOfPage\":{\"@id\":\"https:\/\/xstyle.md\/product\/fonar-fenix-e05r-led\/#primaryimage\"},\"image\":{\"@id\":\"https:\/\/xstyle.md\/product\/fonar-fenix-e05r-led\/#primaryimage\"},\"thumbnailUrl\":\"https:\/\/xstyle.md\/wp-content\/uploads\/2023\/07\/fenix-e05r-led.jpg\",\"datePublished\":\"2023-07-26T14:53:30+00:00\",\"dateModified\":\"2025-11-27T14:49:32+00:00\",\"description\":\"\u0424\u043e\u043d\u0430\u0440\u044c Fenix E05R LED: \u043c\u043e\u0449\u043d\u044b\u0439 \u0438 \u043a\u043e\u043c\u043f\u0430\u043a\u0442\u043d\u044b\u0439, IP68. \u0421\u0432\u0435\u0442\u0438\u0442 \u0434\u043e 400 \u041b\u043c, \u0437\u0430\u0440\u044f\u0436\u0430\u0435\u0442\u0441\u044f \u0447\u0435\u0440\u0435\u0437 microUSB, \u0438\u0434\u0435\u0430\u043b\u0435\u043d \u0434\u043b\u044f \u043f\u043e\u0432\u0441\u0435\u0434\u043d\u0435\u0432\u043d\u043e\u0433\u043e \u0438\u0441\u043f\u043e\u043b\u044c\u0437\u043e\u0432\u0430\u043d\u0438\u044f \u0438 \u0430\u043a\u0442\u0438\u0432\u043d\u043e\u0433\u043e \u043e\u0442\u0434\u044b\u0445\u0430.\",\"breadcrumb\":{\"@id\":\"https:\/\/xstyle.md\/product\/fonar-fenix-e05r-led\/#breadcrumb\"},\"inLanguage\":\"ro-RO\",\"potentialAction\":[{\"@type\":\"ReadAction\",\"target\":[\"https:\/\/xstyle.md\/product\/fonar-fenix-e05r-led\/\"]}]},{\"@type\":\"ImageObject\",\"inLanguage\":\"ro-RO\",\"@id\":\"https:\/\/xstyle.md\/product\/fonar-fenix-e05r-led\/#primaryimage\",\"url\":\"https:\/\/xstyle.md\/wp-content\/uploads\/2023\/07\/fenix-e05r-led.jpg\",\"contentUrl\":\"https:\/\/xstyle.md\/wp-content\/uploads\/2023\/07\/fenix-e05r-led.jpg\",\"width\":914,\"height\":826,\"caption\":\"\u0424\u043e\u043d\u0430\u0440\u044c Fenix E05R LED \u0434\u043b\u044f \u0430\u043a\u0442\u0438\u0432\u043d\u043e\u0433\u043e \u043e\u0442\u0434\u044b\u0445\u0430, \u043f\u043e\u0445\u043e\u0434\u043e\u0432 \u0438 \u043f\u0443\u0442\u0435\u0448\u0435\u0441\u0442\u0432\u0438\u0439 - \u0441\u043f\u043e\u0440\u0442\u0438\u0432\u043d\u0430\u044f \u043e\u0431\u0443\u0432\u044c \u0438 \u043e\u0434\u0435\u0436\u0434\u0430 \u0434\u043b\u044f \u0442\u0443\u0440\u0438\u0437\u043c\u0430 \u0438 \u0430\u043b\u044c\u043f\u0438\u043d\u0438\u0437\u043c\u0430\"},{\"@type\":\"BreadcrumbList\",\"@id\":\"https:\/\/xstyle.md\/product\/fonar-fenix-e05r-led\/#breadcrumb\",\"itemListElement\":[{\"@type\":\"ListItem\",\"position\":1,\"name\":\"\u0413\u043b\u0430\u0432\u043d\u0430\u044f \u0441\u0442\u0440\u0430\u043d\u0438\u0446\u0430\",\"item\":\"https:\/\/xstyle.md\/\"},{\"@type\":\"ListItem\",\"position\":2,\"name\":\"\u041c\u0430\u0433\u0430\u0437\u0438\u043d\",\"item\":\"https:\/\/xstyle.md\/shop\/\"},{\"@type\":\"ListItem\",\"position\":3,\"name\":\"\u0424\u043e\u043d\u0430\u0440\u044c Fenix E05R LED\"}]},{\"@type\":\"WebSite\",\"@id\":\"https:\/\/xstyle.md\/#website\",\"url\":\"https:\/\/xstyle.md\/\",\"name\":\"\u041c\u0430\u0433\u0430\u0437\u0438\u043d Xstyle\",\"description\":\"C\u043d\u0430\u0440\u044f\u0436\u0435\u043d\u0438\u0435 \u0434\u043b\u044f \u0442\u0443\u0440\u0438\u0437\u043c\u0430 \u0438 \u044d\u043a\u0441\u0442\u0440\u0435\u043c\u0430\u043b\u044c\u043d\u044b\u0445 \u0432\u0438\u0434\u043e\u0432 \u0441\u043f\u043e\u0440\u0442\u0430 \u0432 \u041c\u043e\u043b\u0434\u043e\u0432\u0435.. \u0426\u0435\u043d\u044b, \u0444\u043e\u0442\u043e, \u0445\u0430\u0440\u0430\u043a\u0442\u0435\u0440\u0438\u0441\u0442\u0438\u043a\u0438 \u0432 \u041c\u043e\u043b\u0434\u043e\u0432\u0435.\",\"publisher\":{\"@id\":\"https:\/\/xstyle.md\/#organization\"},\"alternateName\":\"X-Style\",\"potentialAction\":[{\"@type\":\"SearchAction\",\"target\":{\"@type\":\"EntryPoint\",\"urlTemplate\":\"https:\/\/xstyle.md\/?s={search_term_string}\"},\"query-input\":{\"@type\":\"PropertyValueSpecification\",\"valueRequired\":true,\"valueName\":\"search_term_string\"}}],\"inLanguage\":\"ro-RO\"},{\"@type\":\"Organization\",\"@id\":\"https:\/\/xstyle.md\/#organization\",\"name\":\"\u041c\u0430\u0433\u0430\u0437\u0438\u043d Xstyle\",\"alternateName\":\"x-style\",\"url\":\"https:\/\/xstyle.md\/\",\"logo\":{\"@type\":\"ImageObject\",\"inLanguage\":\"ro-RO\",\"@id\":\"https:\/\/xstyle.md\/#\/schema\/logo\/image\/\",\"url\":\"https:\/\/xstyle.md\/wp-content\/uploads\/2020\/06\/logoicon.svg\",\"contentUrl\":\"https:\/\/xstyle.md\/wp-content\/uploads\/2020\/06\/logoicon.svg\",\"caption\":\"\u041c\u0430\u0433\u0430\u0437\u0438\u043d Xstyle\"},\"image\":{\"@id\":\"https:\/\/xstyle.md\/#\/schema\/logo\/image\/\"},\"sameAs\":[\"https:\/\/www.facebook.com\/xstylemd\",\"https:\/\/www.instagram.com\/xstyle_md\/\",\"https:\/\/t.me\/xstyle_outdoor\"],\"hasMerchantReturnPolicy\":{\"@type\":\"MerchantReturnPolicy\",\"merchantReturnLink\":\"https:\/\/xstyle.md\/ro\/conditions\/\"}}]}<\/script>\n<meta property=\"product:price:amount\" content=\"590.00\" \/>\n<meta property=\"product:price:currency\" content=\"MDL\" \/>\n<meta property=\"og:availability\" content=\"instock\" \/>\n<meta property=\"product:availability\" content=\"instock\" \/>\n<meta property=\"product:retailer_item_id\" content=\"6942870301907\" \/>\n<meta property=\"product:condition\" content=\"new\" \/>\n<!-- \/ Yoast SEO plugin. -->","yoast_head_json":{"title":"Lantern\u0103 Fenix E05R LED - Magazin Xstyle","description":"Lanterna Fenix E05R LED: puternic\u0103 \u0219i compact\u0103, IP68. Str\u0103luce\u0219te p\u00e2n\u0103 la 400 Lm, se \u00eencarc\u0103 prin microUSB, ideal\u0103 pentru utilizare zilnic\u0103 \u0219i activit\u0103\u021bi \u00een aer liber.","robots":{"index":"index","follow":"follow","max-snippet":"max-snippet:-1","max-image-preview":"max-image-preview:large","max-video-preview":"max-video-preview:-1"},"canonical":"https:\/\/xstyle.md\/ro\/produs\/fonar-fenix-e05r-led\/","og_locale":"ro_RO","og_type":"article","og_title":"\u0424\u043e\u043d\u0430\u0440\u044c Fenix E05R LED - \u041c\u0430\u0433\u0430\u0437\u0438\u043d Xstyle","og_description":"\u0424\u043e\u043d\u0430\u0440\u044c Fenix E05R LED: \u043c\u043e\u0449\u043d\u044b\u0439 \u0438 \u043a\u043e\u043c\u043f\u0430\u043a\u0442\u043d\u044b\u0439, IP68. \u0421\u0432\u0435\u0442\u0438\u0442 \u0434\u043e 400 \u041b\u043c, \u0437\u0430\u0440\u044f\u0436\u0430\u0435\u0442\u0441\u044f \u0447\u0435\u0440\u0435\u0437 microUSB, \u0438\u0434\u0435\u0430\u043b\u0435\u043d \u0434\u043b\u044f \u043f\u043e\u0432\u0441\u0435\u0434\u043d\u0435\u0432\u043d\u043e\u0433\u043e \u0438\u0441\u043f\u043e\u043b\u044c\u0437\u043e\u0432\u0430\u043d\u0438\u044f \u0438 \u0430\u043a\u0442\u0438\u0432\u043d\u043e\u0433\u043e \u043e\u0442\u0434\u044b\u0445\u0430.","og_url":"https:\/\/xstyle.md\/ro\/produs\/fonar-fenix-e05r-led\/","og_site_name":"\u041c\u0430\u0433\u0430\u0437\u0438\u043d Xstyle","article_publisher":"https:\/\/www.facebook.com\/xstylemd","article_modified_time":"2025-11-27T14:49:32+00:00","og_image":[{"width":914,"height":826,"url":"https:\/\/xstyle.md\/wp-content\/uploads\/2023\/07\/fenix-e05r-led.jpg","type":"image\/jpeg"}],"twitter_card":"summary_large_image","twitter_misc":{"Pre\u021b":"590&nbsp;MDL","Disponibilitate":"\u00cen stoc"},"schema":{"@context":"https:\/\/schema.org","@graph":[{"@type":"WebPage","@id":"https:\/\/xstyle.md\/product\/fonar-fenix-e05r-led\/","url":"https:\/\/xstyle.md\/product\/fonar-fenix-e05r-led\/","name":"Lantern\u0103 Fenix E05R LED - Magazin Xstyle","isPartOf":{"@id":"https:\/\/xstyle.md\/#website"},"primaryImageOfPage":{"@id":"https:\/\/xstyle.md\/product\/fonar-fenix-e05r-led\/#primaryimage"},"image":{"@id":"https:\/\/xstyle.md\/product\/fonar-fenix-e05r-led\/#primaryimage"},"thumbnailUrl":"https:\/\/xstyle.md\/wp-content\/uploads\/2023\/07\/fenix-e05r-led.jpg","datePublished":"2023-07-26T14:53:30+00:00","dateModified":"2025-11-27T14:49:32+00:00","description":"Lanterna Fenix E05R LED: puternic\u0103 \u0219i compact\u0103, IP68. Str\u0103luce\u0219te p\u00e2n\u0103 la 400 Lm, se \u00eencarc\u0103 prin microUSB, ideal\u0103 pentru utilizare zilnic\u0103 \u0219i activit\u0103\u021bi \u00een aer liber.","breadcrumb":{"@id":"https:\/\/xstyle.md\/product\/fonar-fenix-e05r-led\/#breadcrumb"},"inLanguage":"ro-RO","potentialAction":[{"@type":"ReadAction","target":["https:\/\/xstyle.md\/product\/fonar-fenix-e05r-led\/"]}]},{"@type":"ImageObject","inLanguage":"ro-RO","@id":"https:\/\/xstyle.md\/product\/fonar-fenix-e05r-led\/#primaryimage","url":"https:\/\/xstyle.md\/wp-content\/uploads\/2023\/07\/fenix-e05r-led.jpg","contentUrl":"https:\/\/xstyle.md\/wp-content\/uploads\/2023\/07\/fenix-e05r-led.jpg","width":914,"height":826,"caption":"\u0424\u043e\u043d\u0430\u0440\u044c Fenix E05R LED \u0434\u043b\u044f \u0430\u043a\u0442\u0438\u0432\u043d\u043e\u0433\u043e \u043e\u0442\u0434\u044b\u0445\u0430, \u043f\u043e\u0445\u043e\u0434\u043e\u0432 \u0438 \u043f\u0443\u0442\u0435\u0448\u0435\u0441\u0442\u0432\u0438\u0439 - \u0441\u043f\u043e\u0440\u0442\u0438\u0432\u043d\u0430\u044f \u043e\u0431\u0443\u0432\u044c \u0438 \u043e\u0434\u0435\u0436\u0434\u0430 \u0434\u043b\u044f \u0442\u0443\u0440\u0438\u0437\u043c\u0430 \u0438 \u0430\u043b\u044c\u043f\u0438\u043d\u0438\u0437\u043c\u0430"},{"@type":"BreadcrumbList","@id":"https:\/\/xstyle.md\/product\/fonar-fenix-e05r-led\/#breadcrumb","itemListElement":[{"@type":"ListItem","position":1,"name":"\u0413\u043b\u0430\u0432\u043d\u0430\u044f \u0441\u0442\u0440\u0430\u043d\u0438\u0446\u0430","item":"https:\/\/xstyle.md\/"},{"@type":"ListItem","position":2,"name":"\u041c\u0430\u0433\u0430\u0437\u0438\u043d","item":"https:\/\/xstyle.md\/shop\/"},{"@type":"ListItem","position":3,"name":"\u0424\u043e\u043d\u0430\u0440\u044c Fenix E05R LED"}]},{"@type":"WebSite","@id":"https:\/\/xstyle.md\/#website","url":"https:\/\/xstyle.md\/","name":"Magazinul X-Style","description":"Echipamente pentru turism \u0219i sporturi extreme \u00een Moldova. Pre\u021buri, fotografii, caracteristici \u00een Moldova.","publisher":{"@id":"https:\/\/xstyle.md\/#organization"},"alternateName":"X-Style","potentialAction":[{"@type":"SearchAction","target":{"@type":"EntryPoint","urlTemplate":"https:\/\/xstyle.md\/?s={search_term_string}"},"query-input":{"@type":"PropertyValueSpecification","valueRequired":true,"valueName":"search_term_string"}}],"inLanguage":"ro-RO"},{"@type":"Organization","@id":"https:\/\/xstyle.md\/#organization","name":"Magazinul X-Style","alternateName":"x-style","url":"https:\/\/xstyle.md\/","logo":{"@type":"ImageObject","inLanguage":"ro-RO","@id":"https:\/\/xstyle.md\/#\/schema\/logo\/image\/","url":"https:\/\/xstyle.md\/wp-content\/uploads\/2020\/06\/logoicon.svg","contentUrl":"https:\/\/xstyle.md\/wp-content\/uploads\/2020\/06\/logoicon.svg","caption":"\u041c\u0430\u0433\u0430\u0437\u0438\u043d Xstyle"},"image":{"@id":"https:\/\/xstyle.md\/#\/schema\/logo\/image\/"},"sameAs":["https:\/\/www.facebook.com\/xstylemd","https:\/\/www.instagram.com\/xstyle_md\/","https:\/\/t.me\/xstyle_outdoor"],"hasMerchantReturnPolicy":{"@type":"MerchantReturnPolicy","merchantReturnLink":"https:\/\/xstyle.md\/ro\/conditions\/"}}]},"product_price_amount":"590.00","product_price_currency":"MDL","og_availability":"instock","product_availability":"instock","product_retailer_item_id":"6942870301907","product_condition":"new"},"post_mailing_queue_ids":[],"_links":{"self":[{"href":"https:\/\/xstyle.md\/ro\/wp-json\/wp\/v2\/product\/72071","targetHints":{"allow":["GET"]}}],"collection":[{"href":"https:\/\/xstyle.md\/ro\/wp-json\/wp\/v2\/product"}],"about":[{"href":"https:\/\/xstyle.md\/ro\/wp-json\/wp\/v2\/types\/product"}],"replies":[{"embeddable":true,"href":"https:\/\/xstyle.md\/ro\/wp-json\/wp\/v2\/comments?post=72071"}],"wp:featuredmedia":[{"embeddable":true,"href":"https:\/\/xstyle.md\/ro\/wp-json\/wp\/v2\/media\/72198"}],"wp:attachment":[{"href":"https:\/\/xstyle.md\/ro\/wp-json\/wp\/v2\/media?parent=72071"}],"wp:term":[{"taxonomy":"product_brand","embeddable":true,"href":"https:\/\/xstyle.md\/ro\/wp-json\/wp\/v2\/product_brand?post=72071"},{"taxonomy":"product_cat","embeddable":true,"href":"https:\/\/xstyle.md\/ro\/wp-json\/wp\/v2\/product_cat?post=72071"},{"taxonomy":"product_tag","embeddable":true,"href":"https:\/\/xstyle.md\/ro\/wp-json\/wp\/v2\/product_tag?post=72071"}],"curies":[{"name":"wp","href":"https:\/\/api.w.org\/{rel}","templated":true}]}}