{"id":7204,"date":"2020-07-16T22:27:48","date_gmt":"2020-07-16T19:27:48","guid":{"rendered":"https:\/\/xstyle.md\/product\/kreplenie-gopro-gooseneck-acmfn-001"},"modified":"2025-10-24T12:36:30","modified_gmt":"2025-10-24T09:36:30","slug":"kreplenie-gopro-gooseneck-acmfn-001","status":"publish","type":"product","link":"https:\/\/xstyle.md\/ro\/produs\/kreplenie-gopro-gooseneck-acmfn-001\/","title":{"rendered":"Brat flexibil GoPro Gooseneck (ACMFN-001)"},"content":{"rendered":"<\/p>\n<p><strong>Bra\u021b felxibil GoPro Gooseneck ACMFN-001<\/strong><\/p>\n<ul>\n<li>Mobilitatea, simplitatea \u0219i confortul sunt criteriile cheie ale Gooseneck, permi\u021b\u00e2ndu-v\u0103 s\u0103 crea\u021bi fotografii pe care probabil nu le-a\u021bi crezut posibile.<\/li>\n<li>Un suport pivotant flexibil care v\u0103 permite s\u0103 captura\u021bi o mare varietate de unghiuri.<\/li>\n<li>Combinabil cu alte monturi GoPro.<\/li>\n<li>Lungime 20.3cm.<\/li>\n<li>Suport universal, se potrive\u0219te oric\u0103rui accesoriu GoPro, deschiz\u00e2nd noi posibilit\u0103\u021bi at\u00e2t pentru film\u0103rile de ac\u021biune profesionale, c\u00e2t \u0219i pentru film\u0103rile amatoare din vacan\u021bele de familie.<\/li>\n<li>Utiliza\u021bi-l ca monopied, ob\u021binerea perspectivei dorite este simpl\u0103 &#8212; regla\u021bi Gooseneck \u0219i alege\u021bi unghiul de vizualizare dup\u0103 cum ave\u021bi nevoie. Cre\u0219te\u021bi lungimea \u0219i flexibilitatea Gooseneck-ului prin combinarea mai multor monturi \u00eentr-unul singur.<\/li>\n<li>Combina\u021bi-l cu monturi cum ar fi o ventuz\u0103 GoPro, kit platform\u0103 adeziv\u0103 \u0219i multe altele.<\/li>\n<\/ul>\n<p><\/p>","protected":false},"excerpt":{"rendered":"<p>Brat flexibil GoPro Gooseneck (ACMFN-001)<\/p>","protected":false},"featured_media":7203,"comment_status":"open","ping_status":"closed","template":"","meta":{"_acf_changed":false,"inline_featured_image":false},"product_brand":[1307],"product_cat":[866],"product_tag":[],"class_list":{"0":"post-7204","1":"product","2":"type-product","3":"status-publish","4":"has-post-thumbnail","6":"product_brand-gopro","7":"product_cat-mounting","9":"first","10":"instock","11":"shipping-taxable","12":"purchasable","13":"product-type-simple"},"acf":[],"yoast_head":"<!-- This site is optimized with the Yoast SEO plugin v27.4 - https:\/\/yoast.com\/product\/yoast-seo-wordpress\/ -->\n<title>\u0413\u0438\u0431\u043a\u043e\u0435 \u043a\u0440\u0435\u043f\u043b\u0435\u043d\u0438\u0435 GoPro Gooseneck (ACMFN-001) - \u041c\u0430\u0433\u0430\u0437\u0438\u043d Xstyle<\/title>\n<meta name=\"description\" content=\"&quot;\u0413\u0438\u0431\u043a\u043e\u0435 \u043a\u0440\u0435\u043f\u043b\u0435\u043d\u0438\u0435 GoPro Gooseneck ACMFN001 \u043e\u0431\u0435\u0441\u043f\u0435\u0447\u0438\u0432\u0430\u0435\u0442 \u0443\u043d\u0438\u0432\u0435\u0440\u0441\u0430\u043b\u044c\u043d\u043e\u0441\u0442\u044c \u0438 \u043a\u043e\u043c\u0444\u043e\u0440\u0442 \u0432 \u0441\u044a\u0435\u043c\u043a\u0435. \u0414\u043b\u0438\u043d\u043e\u0439 203 \u0441\u043c, \u043e\u043d\u043e \u0438\u0434\u0435\u0430\u043b\u044c\u043d\u043e \u043f\u043e\u0434\u0445\u043e\u0434\u0438\u0442 \u0434\u043b\u044f \u043b\u044e\u0431\u044b\u0445 \u0443\u0433\u043b\u043e\u0432!&quot;\" \/>\n<meta name=\"robots\" content=\"index, follow, max-snippet:-1, max-image-preview:large, max-video-preview:-1\" \/>\n<link rel=\"canonical\" href=\"https:\/\/xstyle.md\/ro\/produs\/kreplenie-gopro-gooseneck-acmfn-001\/\" \/>\n<meta property=\"og:locale\" content=\"ro_RO\" \/>\n<meta property=\"og:type\" content=\"article\" \/>\n<meta property=\"og:title\" content=\"\u0413\u0438\u0431\u043a\u043e\u0435 \u043a\u0440\u0435\u043f\u043b\u0435\u043d\u0438\u0435 GoPro Gooseneck (ACMFN-001) - \u041c\u0430\u0433\u0430\u0437\u0438\u043d Xstyle\" \/>\n<meta property=\"og:description\" content=\"&quot;\u0413\u0438\u0431\u043a\u043e\u0435 \u043a\u0440\u0435\u043f\u043b\u0435\u043d\u0438\u0435 GoPro Gooseneck ACMFN001 \u043e\u0431\u0435\u0441\u043f\u0435\u0447\u0438\u0432\u0430\u0435\u0442 \u0443\u043d\u0438\u0432\u0435\u0440\u0441\u0430\u043b\u044c\u043d\u043e\u0441\u0442\u044c \u0438 \u043a\u043e\u043c\u0444\u043e\u0440\u0442 \u0432 \u0441\u044a\u0435\u043c\u043a\u0435. \u0414\u043b\u0438\u043d\u043e\u0439 203 \u0441\u043c, \u043e\u043d\u043e \u0438\u0434\u0435\u0430\u043b\u044c\u043d\u043e \u043f\u043e\u0434\u0445\u043e\u0434\u0438\u0442 \u0434\u043b\u044f \u043b\u044e\u0431\u044b\u0445 \u0443\u0433\u043b\u043e\u0432!&quot;\" \/>\n<meta property=\"og:url\" content=\"https:\/\/xstyle.md\/ro\/produs\/kreplenie-gopro-gooseneck-acmfn-001\/\" \/>\n<meta property=\"og:site_name\" content=\"\u041c\u0430\u0433\u0430\u0437\u0438\u043d Xstyle\" \/>\n<meta property=\"article:publisher\" content=\"https:\/\/www.facebook.com\/xstylemd\" \/>\n<meta property=\"article:modified_time\" content=\"2025-10-24T09:36:30+00:00\" \/>\n<meta property=\"og:image\" content=\"https:\/\/xstyle.md\/wp-content\/uploads\/2020\/07\/1343315_bb_02_fb.eps_1000.jpg\" \/>\n\t<meta property=\"og:image:width\" content=\"1000\" \/>\n\t<meta property=\"og:image:height\" content=\"1000\" \/>\n\t<meta property=\"og:image:type\" content=\"image\/jpeg\" \/>\n<meta name=\"twitter:card\" content=\"summary_large_image\" \/>\n<meta name=\"twitter:label1\" content=\"Pre\u021b\" \/>\n\t<meta name=\"twitter:data1\" content=\"690&nbsp;MDL\" \/>\n\t<meta name=\"twitter:label2\" content=\"Disponibilitate\" \/>\n\t<meta name=\"twitter:data2\" content=\"\u00cen stoc\" \/>\n<script type=\"application\/ld+json\" class=\"yoast-schema-graph\">{\"@context\":\"https:\\\/\\\/schema.org\",\"@graph\":[{\"@type\":\"WebPage\",\"@id\":\"https:\\\/\\\/xstyle.md\\\/product\\\/kreplenie-gopro-gooseneck-acmfn-001\\\/\",\"url\":\"https:\\\/\\\/xstyle.md\\\/product\\\/kreplenie-gopro-gooseneck-acmfn-001\\\/\",\"name\":\"\u0413\u0438\u0431\u043a\u043e\u0435 \u043a\u0440\u0435\u043f\u043b\u0435\u043d\u0438\u0435 GoPro Gooseneck (ACMFN-001) - \u041c\u0430\u0433\u0430\u0437\u0438\u043d Xstyle\",\"isPartOf\":{\"@id\":\"https:\\\/\\\/xstyle.md\\\/#website\"},\"primaryImageOfPage\":{\"@id\":\"https:\\\/\\\/xstyle.md\\\/product\\\/kreplenie-gopro-gooseneck-acmfn-001\\\/#primaryimage\"},\"image\":{\"@id\":\"https:\\\/\\\/xstyle.md\\\/product\\\/kreplenie-gopro-gooseneck-acmfn-001\\\/#primaryimage\"},\"thumbnailUrl\":\"https:\\\/\\\/xstyle.md\\\/wp-content\\\/uploads\\\/2020\\\/07\\\/1343315_bb_02_fb.eps_1000.jpg\",\"datePublished\":\"2020-07-16T19:27:48+00:00\",\"dateModified\":\"2025-10-24T09:36:30+00:00\",\"description\":\"\\\"\u0413\u0438\u0431\u043a\u043e\u0435 \u043a\u0440\u0435\u043f\u043b\u0435\u043d\u0438\u0435 GoPro Gooseneck ACMFN001 \u043e\u0431\u0435\u0441\u043f\u0435\u0447\u0438\u0432\u0430\u0435\u0442 \u0443\u043d\u0438\u0432\u0435\u0440\u0441\u0430\u043b\u044c\u043d\u043e\u0441\u0442\u044c \u0438 \u043a\u043e\u043c\u0444\u043e\u0440\u0442 \u0432 \u0441\u044a\u0435\u043c\u043a\u0435. \u0414\u043b\u0438\u043d\u043e\u0439 203 \u0441\u043c, \u043e\u043d\u043e \u0438\u0434\u0435\u0430\u043b\u044c\u043d\u043e \u043f\u043e\u0434\u0445\u043e\u0434\u0438\u0442 \u0434\u043b\u044f \u043b\u044e\u0431\u044b\u0445 \u0443\u0433\u043b\u043e\u0432!\\\"\",\"breadcrumb\":{\"@id\":\"https:\\\/\\\/xstyle.md\\\/product\\\/kreplenie-gopro-gooseneck-acmfn-001\\\/#breadcrumb\"},\"inLanguage\":\"ro-RO\",\"potentialAction\":[{\"@type\":\"ReadAction\",\"target\":[\"https:\\\/\\\/xstyle.md\\\/product\\\/kreplenie-gopro-gooseneck-acmfn-001\\\/\"]}]},{\"@type\":\"ImageObject\",\"inLanguage\":\"ro-RO\",\"@id\":\"https:\\\/\\\/xstyle.md\\\/product\\\/kreplenie-gopro-gooseneck-acmfn-001\\\/#primaryimage\",\"url\":\"https:\\\/\\\/xstyle.md\\\/wp-content\\\/uploads\\\/2020\\\/07\\\/1343315_bb_02_fb.eps_1000.jpg\",\"contentUrl\":\"https:\\\/\\\/xstyle.md\\\/wp-content\\\/uploads\\\/2020\\\/07\\\/1343315_bb_02_fb.eps_1000.jpg\",\"width\":1000,\"height\":1000},{\"@type\":\"BreadcrumbList\",\"@id\":\"https:\\\/\\\/xstyle.md\\\/product\\\/kreplenie-gopro-gooseneck-acmfn-001\\\/#breadcrumb\",\"itemListElement\":[{\"@type\":\"ListItem\",\"position\":1,\"name\":\"\u0413\u043b\u0430\u0432\u043d\u0430\u044f \u0441\u0442\u0440\u0430\u043d\u0438\u0446\u0430\",\"item\":\"https:\\\/\\\/xstyle.md\\\/\"},{\"@type\":\"ListItem\",\"position\":2,\"name\":\"\u041c\u0430\u0433\u0430\u0437\u0438\u043d\",\"item\":\"https:\\\/\\\/xstyle.md\\\/shop\\\/\"},{\"@type\":\"ListItem\",\"position\":3,\"name\":\"\u0413\u0438\u0431\u043a\u043e\u0435 \u043a\u0440\u0435\u043f\u043b\u0435\u043d\u0438\u0435 GoPro Gooseneck (ACMFN-001)\"}]},{\"@type\":\"WebSite\",\"@id\":\"https:\\\/\\\/xstyle.md\\\/#website\",\"url\":\"https:\\\/\\\/xstyle.md\\\/\",\"name\":\"\u041c\u0430\u0433\u0430\u0437\u0438\u043d Xstyle\",\"description\":\"C\u043d\u0430\u0440\u044f\u0436\u0435\u043d\u0438\u0435 \u0434\u043b\u044f \u0442\u0443\u0440\u0438\u0437\u043c\u0430 \u0438 \u044d\u043a\u0441\u0442\u0440\u0435\u043c\u0430\u043b\u044c\u043d\u044b\u0445 \u0432\u0438\u0434\u043e\u0432 \u0441\u043f\u043e\u0440\u0442\u0430 \u0432 \u041c\u043e\u043b\u0434\u043e\u0432\u0435.. \u0426\u0435\u043d\u044b, \u0444\u043e\u0442\u043e, \u0445\u0430\u0440\u0430\u043a\u0442\u0435\u0440\u0438\u0441\u0442\u0438\u043a\u0438 \u0432 \u041c\u043e\u043b\u0434\u043e\u0432\u0435.\",\"publisher\":{\"@id\":\"https:\\\/\\\/xstyle.md\\\/#organization\"},\"alternateName\":\"X-Style\",\"potentialAction\":[{\"@type\":\"SearchAction\",\"target\":{\"@type\":\"EntryPoint\",\"urlTemplate\":\"https:\\\/\\\/xstyle.md\\\/?s={search_term_string}\"},\"query-input\":{\"@type\":\"PropertyValueSpecification\",\"valueRequired\":true,\"valueName\":\"search_term_string\"}}],\"inLanguage\":\"ro-RO\"},{\"@type\":\"Organization\",\"@id\":\"https:\\\/\\\/xstyle.md\\\/#organization\",\"name\":\"\u041c\u0430\u0433\u0430\u0437\u0438\u043d Xstyle\",\"alternateName\":\"x-style\",\"url\":\"https:\\\/\\\/xstyle.md\\\/\",\"logo\":{\"@type\":\"ImageObject\",\"inLanguage\":\"ro-RO\",\"@id\":\"https:\\\/\\\/xstyle.md\\\/#\\\/schema\\\/logo\\\/image\\\/\",\"url\":\"https:\\\/\\\/xstyle.md\\\/wp-content\\\/uploads\\\/2020\\\/06\\\/logoicon.svg\",\"contentUrl\":\"https:\\\/\\\/xstyle.md\\\/wp-content\\\/uploads\\\/2020\\\/06\\\/logoicon.svg\",\"caption\":\"\u041c\u0430\u0433\u0430\u0437\u0438\u043d Xstyle\"},\"image\":{\"@id\":\"https:\\\/\\\/xstyle.md\\\/#\\\/schema\\\/logo\\\/image\\\/\"},\"sameAs\":[\"https:\\\/\\\/www.facebook.com\\\/xstylemd\",\"https:\\\/\\\/www.instagram.com\\\/xstyle_md\\\/\",\"https:\\\/\\\/t.me\\\/xstyle_outdoor\"],\"hasMerchantReturnPolicy\":{\"@type\":\"MerchantReturnPolicy\",\"merchantReturnLink\":\"https:\\\/\\\/xstyle.md\\\/ro\\\/conditions\\\/\"}}]}<\/script>\n<meta property=\"product:price:amount\" content=\"690.00\" \/>\n<meta property=\"product:price:currency\" content=\"MDL\" \/>\n<meta property=\"og:availability\" content=\"instock\" \/>\n<meta property=\"product:availability\" content=\"instock\" \/>\n<meta property=\"product:retailer_item_id\" content=\"ACMFN-001\" \/>\n<meta property=\"product:condition\" content=\"new\" \/>\n<!-- \/ Yoast SEO plugin. -->","yoast_head_json":{"title":"\u0413\u0438\u0431\u043a\u043e\u0435 \u043a\u0440\u0435\u043f\u043b\u0435\u043d\u0438\u0435 GoPro Gooseneck (ACMFN-001) - \u041c\u0430\u0433\u0430\u0437\u0438\u043d Xstyle","description":"\"\\u0413\\u0438\\u0431\\u043a\\u043e\\u0435 \\u043a\\u0440\\u0435\\u043f\\u043b\\u0435\\u043d\\u0438\\u0435 GoPro Gooseneck ACMFN001 \\u043e\\u0431\\u0435\\u0441\\u043f\\u0435\\u0447\\u0438\\u0432\\u0430\\u0435\\u0442 \\u0443\\u043d\\u0438\\u0432\\u0435\\u0440\\u0441\\u0430\\u043b\\u044c\\u043d\\u043e\\u0441\\u0442\\u044c \\u0438 \\u043a\\u043e\\u043c\\u0444\\u043e\\u0440\\u0442 \\u0432 \\u0441\\u044a\\u0435\\u043c\\u043a\\u0435. \\u0414\\u043b\\u0438\\u043d\\u043e\\u0439 203 \\u0441\\u043c, \\u043e\\u043d\\u043e \\u0438\\u0434\\u0435\\u0430\\u043b\\u044c\\u043d\\u043e \\u043f\\u043e\\u0434\\u0445\\u043e\\u0434\\u0438\\u0442 \\u0434\\u043b\\u044f \\u043b\\u044e\\u0431\\u044b\\u0445 \\u0443\\u0433\\u043b\\u043e\\u0432!\"","robots":{"index":"index","follow":"follow","max-snippet":"max-snippet:-1","max-image-preview":"max-image-preview:large","max-video-preview":"max-video-preview:-1"},"canonical":"https:\/\/xstyle.md\/ro\/produs\/kreplenie-gopro-gooseneck-acmfn-001\/","og_locale":"ro_RO","og_type":"article","og_title":"\u0413\u0438\u0431\u043a\u043e\u0435 \u043a\u0440\u0435\u043f\u043b\u0435\u043d\u0438\u0435 GoPro Gooseneck (ACMFN-001) - \u041c\u0430\u0433\u0430\u0437\u0438\u043d Xstyle","og_description":"\"\u0413\u0438\u0431\u043a\u043e\u0435 \u043a\u0440\u0435\u043f\u043b\u0435\u043d\u0438\u0435 GoPro Gooseneck ACMFN001 \u043e\u0431\u0435\u0441\u043f\u0435\u0447\u0438\u0432\u0430\u0435\u0442 \u0443\u043d\u0438\u0432\u0435\u0440\u0441\u0430\u043b\u044c\u043d\u043e\u0441\u0442\u044c \u0438 \u043a\u043e\u043c\u0444\u043e\u0440\u0442 \u0432 \u0441\u044a\u0435\u043c\u043a\u0435. \u0414\u043b\u0438\u043d\u043e\u0439 203 \u0441\u043c, \u043e\u043d\u043e \u0438\u0434\u0435\u0430\u043b\u044c\u043d\u043e \u043f\u043e\u0434\u0445\u043e\u0434\u0438\u0442 \u0434\u043b\u044f \u043b\u044e\u0431\u044b\u0445 \u0443\u0433\u043b\u043e\u0432!\"","og_url":"https:\/\/xstyle.md\/ro\/produs\/kreplenie-gopro-gooseneck-acmfn-001\/","og_site_name":"\u041c\u0430\u0433\u0430\u0437\u0438\u043d Xstyle","article_publisher":"https:\/\/www.facebook.com\/xstylemd","article_modified_time":"2025-10-24T09:36:30+00:00","og_image":[{"width":1000,"height":1000,"url":"https:\/\/xstyle.md\/wp-content\/uploads\/2020\/07\/1343315_bb_02_fb.eps_1000.jpg","type":"image\/jpeg"}],"twitter_card":"summary_large_image","twitter_misc":{"Pre\u021b":"690&nbsp;MDL","Disponibilitate":"\u00cen stoc"},"schema":{"@context":"https:\/\/schema.org","@graph":[{"@type":"WebPage","@id":"https:\/\/xstyle.md\/product\/kreplenie-gopro-gooseneck-acmfn-001\/","url":"https:\/\/xstyle.md\/product\/kreplenie-gopro-gooseneck-acmfn-001\/","name":"\u0413\u0438\u0431\u043a\u043e\u0435 \u043a\u0440\u0435\u043f\u043b\u0435\u043d\u0438\u0435 GoPro Gooseneck (ACMFN-001) - \u041c\u0430\u0433\u0430\u0437\u0438\u043d Xstyle","isPartOf":{"@id":"https:\/\/xstyle.md\/#website"},"primaryImageOfPage":{"@id":"https:\/\/xstyle.md\/product\/kreplenie-gopro-gooseneck-acmfn-001\/#primaryimage"},"image":{"@id":"https:\/\/xstyle.md\/product\/kreplenie-gopro-gooseneck-acmfn-001\/#primaryimage"},"thumbnailUrl":"https:\/\/xstyle.md\/wp-content\/uploads\/2020\/07\/1343315_bb_02_fb.eps_1000.jpg","datePublished":"2020-07-16T19:27:48+00:00","dateModified":"2025-10-24T09:36:30+00:00","description":"\"\\u0413\\u0438\\u0431\\u043a\\u043e\\u0435 \\u043a\\u0440\\u0435\\u043f\\u043b\\u0435\\u043d\\u0438\\u0435 GoPro Gooseneck ACMFN001 \\u043e\\u0431\\u0435\\u0441\\u043f\\u0435\\u0447\\u0438\\u0432\\u0430\\u0435\\u0442 \\u0443\\u043d\\u0438\\u0432\\u0435\\u0440\\u0441\\u0430\\u043b\\u044c\\u043d\\u043e\\u0441\\u0442\\u044c \\u0438 \\u043a\\u043e\\u043c\\u0444\\u043e\\u0440\\u0442 \\u0432 \\u0441\\u044a\\u0435\\u043c\\u043a\\u0435. \\u0414\\u043b\\u0438\\u043d\\u043e\\u0439 203 \\u0441\\u043c, \\u043e\\u043d\\u043e \\u0438\\u0434\\u0435\\u0430\\u043b\\u044c\\u043d\\u043e \\u043f\\u043e\\u0434\\u0445\\u043e\\u0434\\u0438\\u0442 \\u0434\\u043b\\u044f \\u043b\\u044e\\u0431\\u044b\\u0445 \\u0443\\u0433\\u043b\\u043e\\u0432!\"","breadcrumb":{"@id":"https:\/\/xstyle.md\/product\/kreplenie-gopro-gooseneck-acmfn-001\/#breadcrumb"},"inLanguage":"ro-RO","potentialAction":[{"@type":"ReadAction","target":["https:\/\/xstyle.md\/product\/kreplenie-gopro-gooseneck-acmfn-001\/"]}]},{"@type":"ImageObject","inLanguage":"ro-RO","@id":"https:\/\/xstyle.md\/product\/kreplenie-gopro-gooseneck-acmfn-001\/#primaryimage","url":"https:\/\/xstyle.md\/wp-content\/uploads\/2020\/07\/1343315_bb_02_fb.eps_1000.jpg","contentUrl":"https:\/\/xstyle.md\/wp-content\/uploads\/2020\/07\/1343315_bb_02_fb.eps_1000.jpg","width":1000,"height":1000},{"@type":"BreadcrumbList","@id":"https:\/\/xstyle.md\/product\/kreplenie-gopro-gooseneck-acmfn-001\/#breadcrumb","itemListElement":[{"@type":"ListItem","position":1,"name":"\u0413\u043b\u0430\u0432\u043d\u0430\u044f \u0441\u0442\u0440\u0430\u043d\u0438\u0446\u0430","item":"https:\/\/xstyle.md\/"},{"@type":"ListItem","position":2,"name":"\u041c\u0430\u0433\u0430\u0437\u0438\u043d","item":"https:\/\/xstyle.md\/shop\/"},{"@type":"ListItem","position":3,"name":"\u0413\u0438\u0431\u043a\u043e\u0435 \u043a\u0440\u0435\u043f\u043b\u0435\u043d\u0438\u0435 GoPro Gooseneck (ACMFN-001)"}]},{"@type":"WebSite","@id":"https:\/\/xstyle.md\/#website","url":"https:\/\/xstyle.md\/","name":"Magazinul X-Style","description":"Echipamente pentru turism \u0219i sporturi extreme \u00een Moldova. Pre\u021buri, fotografii, caracteristici \u00een Moldova.","publisher":{"@id":"https:\/\/xstyle.md\/#organization"},"alternateName":"X-Style","potentialAction":[{"@type":"SearchAction","target":{"@type":"EntryPoint","urlTemplate":"https:\/\/xstyle.md\/?s={search_term_string}"},"query-input":{"@type":"PropertyValueSpecification","valueRequired":true,"valueName":"search_term_string"}}],"inLanguage":"ro-RO"},{"@type":"Organization","@id":"https:\/\/xstyle.md\/#organization","name":"Magazinul X-Style","alternateName":"x-style","url":"https:\/\/xstyle.md\/","logo":{"@type":"ImageObject","inLanguage":"ro-RO","@id":"https:\/\/xstyle.md\/#\/schema\/logo\/image\/","url":"https:\/\/xstyle.md\/wp-content\/uploads\/2020\/06\/logoicon.svg","contentUrl":"https:\/\/xstyle.md\/wp-content\/uploads\/2020\/06\/logoicon.svg","caption":"\u041c\u0430\u0433\u0430\u0437\u0438\u043d Xstyle"},"image":{"@id":"https:\/\/xstyle.md\/#\/schema\/logo\/image\/"},"sameAs":["https:\/\/www.facebook.com\/xstylemd","https:\/\/www.instagram.com\/xstyle_md\/","https:\/\/t.me\/xstyle_outdoor"],"hasMerchantReturnPolicy":{"@type":"MerchantReturnPolicy","merchantReturnLink":"https:\/\/xstyle.md\/ro\/conditions\/"}}]},"product_price_amount":"690.00","product_price_currency":"MDL","og_availability":"instock","product_availability":"instock","product_retailer_item_id":"ACMFN-001","product_condition":"new"},"_links":{"self":[{"href":"https:\/\/xstyle.md\/ro\/wp-json\/wp\/v2\/product\/7204","targetHints":{"allow":["GET"]}}],"collection":[{"href":"https:\/\/xstyle.md\/ro\/wp-json\/wp\/v2\/product"}],"about":[{"href":"https:\/\/xstyle.md\/ro\/wp-json\/wp\/v2\/types\/product"}],"replies":[{"embeddable":true,"href":"https:\/\/xstyle.md\/ro\/wp-json\/wp\/v2\/comments?post=7204"}],"wp:featuredmedia":[{"embeddable":true,"href":"https:\/\/xstyle.md\/ro\/wp-json\/wp\/v2\/media\/7203"}],"wp:attachment":[{"href":"https:\/\/xstyle.md\/ro\/wp-json\/wp\/v2\/media?parent=7204"}],"wp:term":[{"taxonomy":"product_brand","embeddable":true,"href":"https:\/\/xstyle.md\/ro\/wp-json\/wp\/v2\/product_brand?post=7204"},{"taxonomy":"product_cat","embeddable":true,"href":"https:\/\/xstyle.md\/ro\/wp-json\/wp\/v2\/product_cat?post=7204"},{"taxonomy":"product_tag","embeddable":true,"href":"https:\/\/xstyle.md\/ro\/wp-json\/wp\/v2\/product_tag?post=7204"}],"curies":[{"name":"wp","href":"https:\/\/api.w.org\/{rel}","templated":true}]}}