{"id":7159,"date":"2020-07-16T22:25:05","date_gmt":"2020-07-16T19:25:05","guid":{"rendered":"https:\/\/xstyle.md\/product\/kurtka-marmot-big-sky"},"modified":"2026-03-19T16:33:49","modified_gmt":"2026-03-19T13:33:49","slug":"marmot-big-sky-jr-pink-lotus-geo","status":"publish","type":"product","link":"https:\/\/xstyle.md\/ro\/produs\/marmot-big-sky-jr-pink-lotus-geo\/","title":{"rendered":"Geac\u0103 Marmot Big Sky JR pink lotus geo"},"content":{"rendered":"<\/p>\n<p data-reader-unique-id=\"21\"><strong>Marmot Big Sky &#8212;\u00a0<\/strong>geac\u0103 impermeabil\u0103 pentru copii care izoleaz\u0103 bine c\u0103ldura \u0219i nu las\u0103 corpul s\u0103 se r\u0103ceasc\u0103. Glug\u0103 \u00eencorporat\u0103 \u00eempotriva furtunii \u0219i c\u0103ptu\u0219eal\u0103 din jerseu la guler \u0219i umeri pentru o protec\u021bie suplimentar\u0103. Fusta de z\u0103pad\u0103 deta\u0219abil\u0103 \u0219i fermoare impermeabile la buzunare completeaz\u0103 geaca cu detaliile de care are nevoie copilul la munte.<\/p>\n<h3>Particularit\u0103\u021bi<\/h3>\n<ul>\n<li>Material Marmot MemBrain\u00ae rezistent la ap\u0103\/respirabil;<\/li>\n<li>Construc\u021bia cus\u0103turilor \u00een dou\u0103 straturi;<\/li>\n<li>Izola\u021bie termic\u0103 de 100 de grame \u00een corpul gecii;<\/li>\n<li>80g izola\u021bie la m\u00e2neci;<\/li>\n<li>Glug\u0103 deta\u0219abil\u0103;<\/li>\n<li>Buzunare pentru m\u00e2ini;<\/li>\n<li>Buzunar pentru Ski-pass;<\/li>\n<li>Fust\u0103 de z\u0103pad\u0103;<\/li>\n<li>Buzunar intern pentru ochelari din plas\u0103;<\/li>\n<li>C\u0103ptu\u0219eal\u0103 tricotat\u0103;<\/li>\n<li>Man\u0219ete reglabile Velcro\u00ae Closure.<\/li>\n<\/ul>\n<h3>Caracteristici<\/h3>\n<ul>\n<li>Material \u2013 MemBrain\u00ae;<\/li>\n<li>Izolant termic \u2013 Thermal R\u2122;<\/li>\n<li>Model &#8212; pentru copii.<\/li>\n<\/ul>\n<h3 data-reader-unique-id=\"21\">Tehnologie<\/h3>\n<ul>\n<li data-pm-slice=\"1 1 [&quot;ul&quot;,{&quot;style&quot;:null,&quot;backgroundColor&quot;:null,&quot;color&quot;:null,&quot;lineHeight&quot;:null,&quot;listStyleType&quot;:null},&quot;li&quot;,{&quot;style&quot;:null,&quot;checked&quot;:null,&quot;value&quot;:null,&quot;displayValue&quot;:null,&quot;backgroundColor&quot;:null,&quot;color&quot;:null,&quot;listStyleType&quot;:null}]\" data-en-clipboard=\"true\"><b>MemBrain<\/b>\u00ae &#8212; utilizeaz\u0103 o tehnologie avansat\u0103 care combin\u0103 cele mai bune calit\u0103\u021bi, respirabilitatea, rezisten\u021ba la ap\u0103 \u0219i impermeabilitatea cu o durabilitate de neegalat. Cu ajutorul eficien\u021bei minime de 10.000 mm\/10.000 mm, este garantat s\u0103 v\u0103 men\u021bin\u0103 uscat \u0219i confortabil \u00een cele mai nefavorabile condi\u021bii meteorologice. Tehnologia MemBrain\u00ae ofer\u0103, de asemenea, o protec\u021bie excelent\u0103 \u00eempotriva intemperiilor \u0219i confort interior. Natura hidrofil\u0103 a lamin\u0103rii PU reduce condensatul intern \u0219i \u00eempinge limitele confortului prin reducerea efectului de r\u0103cire cauzat de condensatul care se \u00eentoarce la abur.<\/li>\n<\/ul>\n<h3 class=\"clear\" data-reader-unique-id=\"21\">Marca<\/h3>\n<p data-reader-unique-id=\"22\">\u00cen urm\u0103 cu cincizeci de ani, brandul american Marmot a schimbat percep\u021bia lumii \u00eentregi despre echipamentul \u0219i \u00eembr\u0103c\u0103mintea pentru alpinism. Fondatorii m\u0103rcii, Dave Huntley \u0219i Santa Cruz Reynolds, \u00een timp ce erau studen\u021bi, f\u0103ceau adesea drume\u021bii \u0219i cucereau v\u00e2rfurile muntoase. Cu toate acestea, hainele, care la acea vreme erau considerate cele mai bune, nu li se potriveau deloc, a\u0219a c\u0103 prietenii au decis s\u0103-\u0219i creeze propria linie de haine c\u0103lduroase. Tocmai aceast\u0103 dorin\u021b\u0103 de a se asigura de confort \u00een timpul c\u0103l\u0103toriilor a dus la faptul c\u0103 \u00een 1971 prietenii \u0219i-au creat propria produc\u021bie mic\u0103, care a devenit o companie mare, ale c\u0103rei produse sunt v\u00e2ndute \u00een peste 30 de \u021b\u0103ri ale lumii.<\/p>\n<p data-reader-unique-id=\"23\">Marmot fabric\u0103 produse de care depinde adesea via\u021ba sportivilor extremi, urc\u00e2nd pe cele mai \u00eenalte v\u00e2rfuri \u0219i c\u0103l\u0103torind \u00een cele mai dificile \u0219i inaccesibile zone ale planetei. Compania a stabilit un standard serios de calitate \u00een produc\u021bia de echipamente profesionale de alpinism \u0219i \u00eel de\u021bine \u00een toate celelalte produse ale sale. Principiile de baz\u0103 ale Marmot sunt calitatea \u00eenalt\u0103, respectarea celor mai stricte standarde interna\u021bionale, func\u021bionalitatea impecabil\u0103, respectarea mediului \u0219i durata lung\u0103 de via\u021b\u0103 a produselor.<\/p>\n<p><\/p>\n","protected":false},"excerpt":{"rendered":"<p>Geac\u0103 Marmot Big Sky JR pink lotus geo<\/p>","protected":false},"featured_media":7158,"comment_status":"open","ping_status":"closed","template":"","meta":{"_acf_changed":false,"inline_featured_image":false},"product_brand":[1266],"product_cat":[308],"product_tag":[],"class_list":{"0":"post-7159","1":"product","2":"type-product","3":"status-publish","4":"has-post-thumbnail","6":"product_brand-marmot","7":"product_cat-kid-jackets","9":"first","10":"outofstock","11":"shipping-taxable","12":"product-type-simple"},"acf":[],"yoast_head":"<!-- This site is optimized with the Yoast SEO plugin v27.2 - https:\/\/yoast.com\/product\/yoast-seo-wordpress\/ -->\n<title>\u041a\u0443\u0440\u0442\u043a\u0430 Marmot Big Sky JR pink lotus geo - \u041c\u0430\u0433\u0430\u0437\u0438\u043d Xstyle<\/title>\n<meta name=\"description\" content=\"\u041a\u0443\u0440\u0442\u043a\u0430 Marmot Big Sky JR pink lotus geo \u2014 \u0438\u0434\u0435\u0430\u043b\u044c\u043d\u0430\u044f \u0434\u043b\u044f \u044e\u043d\u044b\u0445 \u043b\u044b\u0436\u043d\u0438\u043a\u043e\u0432! \u0412\u043e\u0434\u043e\u043d\u0435\u043f\u0440\u043e\u043d\u0438\u0446\u0430\u0435\u043c\u0430\u044f, \u0442\u0435\u0440\u043c\u043e\u0438\u0437\u043e\u043b\u044f\u0446\u0438\u044f, \u043a\u0430\u043f\u044e\u0448\u043e\u043d \u0438 \u0437\u0430\u0449\u0438\u0442\u0430 \u043e\u0442 \u0441\u043d\u0435\u0433\u0430.\" \/>\n<meta name=\"robots\" content=\"index, follow, max-snippet:-1, max-image-preview:large, max-video-preview:-1\" \/>\n<link rel=\"canonical\" href=\"https:\/\/xstyle.md\/ro\/produs\/marmot-big-sky-jr-pink-lotus-geo\/\" \/>\n<meta property=\"og:locale\" content=\"ro_RO\" \/>\n<meta property=\"og:type\" content=\"article\" \/>\n<meta property=\"og:title\" content=\"\u041a\u0443\u0440\u0442\u043a\u0430 Marmot Big Sky JR pink lotus geo - \u041c\u0430\u0433\u0430\u0437\u0438\u043d Xstyle\" \/>\n<meta property=\"og:description\" content=\"\u041a\u0443\u0440\u0442\u043a\u0430 Marmot Big Sky JR pink lotus geo \u2014 \u0438\u0434\u0435\u0430\u043b\u044c\u043d\u0430\u044f \u0434\u043b\u044f \u044e\u043d\u044b\u0445 \u043b\u044b\u0436\u043d\u0438\u043a\u043e\u0432! \u0412\u043e\u0434\u043e\u043d\u0435\u043f\u0440\u043e\u043d\u0438\u0446\u0430\u0435\u043c\u0430\u044f, \u0442\u0435\u0440\u043c\u043e\u0438\u0437\u043e\u043b\u044f\u0446\u0438\u044f, \u043a\u0430\u043f\u044e\u0448\u043e\u043d \u0438 \u0437\u0430\u0449\u0438\u0442\u0430 \u043e\u0442 \u0441\u043d\u0435\u0433\u0430.\" \/>\n<meta property=\"og:url\" content=\"https:\/\/xstyle.md\/ro\/produs\/marmot-big-sky-jr-pink-lotus-geo\/\" \/>\n<meta property=\"og:site_name\" content=\"\u041c\u0430\u0433\u0430\u0437\u0438\u043d Xstyle\" \/>\n<meta property=\"article:publisher\" content=\"https:\/\/www.facebook.com\/xstylemd\" \/>\n<meta property=\"article:modified_time\" content=\"2026-03-19T13:33:49+00:00\" \/>\n<meta property=\"og:image\" content=\"https:\/\/xstyle.md\/wp-content\/uploads\/2020\/07\/mrmt-girls-big-sky-jacket7.jpg\" \/>\n\t<meta property=\"og:image:width\" content=\"960\" \/>\n\t<meta property=\"og:image:height\" content=\"960\" \/>\n\t<meta property=\"og:image:type\" content=\"image\/jpeg\" \/>\n<meta name=\"twitter:card\" content=\"summary_large_image\" \/>\n<meta name=\"twitter:label1\" content=\"Pre\u021b\" \/>\n\t<meta name=\"twitter:data1\" content=\"2.990&nbsp;MDL\" \/>\n\t<meta name=\"twitter:label2\" content=\"Disponibilitate\" \/>\n\t<meta name=\"twitter:data2\" content=\"Stoc epuizat\" \/>\n<script type=\"application\/ld+json\" class=\"yoast-schema-graph\">{\"@context\":\"https:\/\/schema.org\",\"@graph\":[{\"@type\":\"WebPage\",\"@id\":\"https:\/\/xstyle.md\/product\/marmot-big-sky-jr-pink-lotus-geo\/\",\"url\":\"https:\/\/xstyle.md\/product\/marmot-big-sky-jr-pink-lotus-geo\/\",\"name\":\"\u041a\u0443\u0440\u0442\u043a\u0430 Marmot Big Sky JR pink lotus geo - \u041c\u0430\u0433\u0430\u0437\u0438\u043d Xstyle\",\"isPartOf\":{\"@id\":\"https:\/\/xstyle.md\/#website\"},\"primaryImageOfPage\":{\"@id\":\"https:\/\/xstyle.md\/product\/marmot-big-sky-jr-pink-lotus-geo\/#primaryimage\"},\"image\":{\"@id\":\"https:\/\/xstyle.md\/product\/marmot-big-sky-jr-pink-lotus-geo\/#primaryimage\"},\"thumbnailUrl\":\"https:\/\/xstyle.md\/wp-content\/uploads\/2020\/07\/mrmt-girls-big-sky-jacket7.jpg\",\"datePublished\":\"2020-07-16T19:25:05+00:00\",\"dateModified\":\"2026-03-19T13:33:49+00:00\",\"description\":\"\u041a\u0443\u0440\u0442\u043a\u0430 Marmot Big Sky JR pink lotus geo \u2014 \u0438\u0434\u0435\u0430\u043b\u044c\u043d\u0430\u044f \u0434\u043b\u044f \u044e\u043d\u044b\u0445 \u043b\u044b\u0436\u043d\u0438\u043a\u043e\u0432! \u0412\u043e\u0434\u043e\u043d\u0435\u043f\u0440\u043e\u043d\u0438\u0446\u0430\u0435\u043c\u0430\u044f, \u0442\u0435\u0440\u043c\u043e\u0438\u0437\u043e\u043b\u044f\u0446\u0438\u044f, \u043a\u0430\u043f\u044e\u0448\u043e\u043d \u0438 \u0437\u0430\u0449\u0438\u0442\u0430 \u043e\u0442 \u0441\u043d\u0435\u0433\u0430.\",\"breadcrumb\":{\"@id\":\"https:\/\/xstyle.md\/product\/marmot-big-sky-jr-pink-lotus-geo\/#breadcrumb\"},\"inLanguage\":\"ro-RO\",\"potentialAction\":[{\"@type\":\"ReadAction\",\"target\":[\"https:\/\/xstyle.md\/product\/marmot-big-sky-jr-pink-lotus-geo\/\"]}]},{\"@type\":\"ImageObject\",\"inLanguage\":\"ro-RO\",\"@id\":\"https:\/\/xstyle.md\/product\/marmot-big-sky-jr-pink-lotus-geo\/#primaryimage\",\"url\":\"https:\/\/xstyle.md\/wp-content\/uploads\/2020\/07\/mrmt-girls-big-sky-jacket7.jpg\",\"contentUrl\":\"https:\/\/xstyle.md\/wp-content\/uploads\/2020\/07\/mrmt-girls-big-sky-jacket7.jpg\",\"width\":960,\"height\":960},{\"@type\":\"BreadcrumbList\",\"@id\":\"https:\/\/xstyle.md\/product\/marmot-big-sky-jr-pink-lotus-geo\/#breadcrumb\",\"itemListElement\":[{\"@type\":\"ListItem\",\"position\":1,\"name\":\"\u0413\u043b\u0430\u0432\u043d\u0430\u044f \u0441\u0442\u0440\u0430\u043d\u0438\u0446\u0430\",\"item\":\"https:\/\/xstyle.md\/\"},{\"@type\":\"ListItem\",\"position\":2,\"name\":\"\u041c\u0430\u0433\u0430\u0437\u0438\u043d\",\"item\":\"https:\/\/xstyle.md\/shop\/\"},{\"@type\":\"ListItem\",\"position\":3,\"name\":\"\u041a\u0443\u0440\u0442\u043a\u0430 Marmot Big Sky JR pink lotus geo\"}]},{\"@type\":\"WebSite\",\"@id\":\"https:\/\/xstyle.md\/#website\",\"url\":\"https:\/\/xstyle.md\/\",\"name\":\"\u041c\u0430\u0433\u0430\u0437\u0438\u043d Xstyle\",\"description\":\"C\u043d\u0430\u0440\u044f\u0436\u0435\u043d\u0438\u0435 \u0434\u043b\u044f \u0442\u0443\u0440\u0438\u0437\u043c\u0430 \u0438 \u044d\u043a\u0441\u0442\u0440\u0435\u043c\u0430\u043b\u044c\u043d\u044b\u0445 \u0432\u0438\u0434\u043e\u0432 \u0441\u043f\u043e\u0440\u0442\u0430 \u0432 \u041c\u043e\u043b\u0434\u043e\u0432\u0435.. \u0426\u0435\u043d\u044b, \u0444\u043e\u0442\u043e, \u0445\u0430\u0440\u0430\u043a\u0442\u0435\u0440\u0438\u0441\u0442\u0438\u043a\u0438 \u0432 \u041c\u043e\u043b\u0434\u043e\u0432\u0435.\",\"publisher\":{\"@id\":\"https:\/\/xstyle.md\/#organization\"},\"alternateName\":\"X-Style\",\"potentialAction\":[{\"@type\":\"SearchAction\",\"target\":{\"@type\":\"EntryPoint\",\"urlTemplate\":\"https:\/\/xstyle.md\/?s={search_term_string}\"},\"query-input\":{\"@type\":\"PropertyValueSpecification\",\"valueRequired\":true,\"valueName\":\"search_term_string\"}}],\"inLanguage\":\"ro-RO\"},{\"@type\":\"Organization\",\"@id\":\"https:\/\/xstyle.md\/#organization\",\"name\":\"\u041c\u0430\u0433\u0430\u0437\u0438\u043d Xstyle\",\"alternateName\":\"x-style\",\"url\":\"https:\/\/xstyle.md\/\",\"logo\":{\"@type\":\"ImageObject\",\"inLanguage\":\"ro-RO\",\"@id\":\"https:\/\/xstyle.md\/#\/schema\/logo\/image\/\",\"url\":\"https:\/\/xstyle.md\/wp-content\/uploads\/2020\/06\/logoicon.svg\",\"contentUrl\":\"https:\/\/xstyle.md\/wp-content\/uploads\/2020\/06\/logoicon.svg\",\"caption\":\"\u041c\u0430\u0433\u0430\u0437\u0438\u043d Xstyle\"},\"image\":{\"@id\":\"https:\/\/xstyle.md\/#\/schema\/logo\/image\/\"},\"sameAs\":[\"https:\/\/www.facebook.com\/xstylemd\",\"https:\/\/www.instagram.com\/xstyle_md\/\",\"https:\/\/t.me\/xstyle_outdoor\"],\"hasMerchantReturnPolicy\":{\"@type\":\"MerchantReturnPolicy\",\"merchantReturnLink\":\"https:\/\/xstyle.md\/ro\/conditions\/\"}}]}<\/script>\n<meta property=\"product:price:amount\" content=\"2990.00\" \/>\n<meta property=\"product:price:currency\" content=\"MDL\" \/>\n<meta property=\"og:availability\" content=\"out of stock\" \/>\n<meta property=\"product:availability\" content=\"out of stock\" \/>\n<meta property=\"product:retailer_item_id\" content=\"889169134203\" \/>\n<meta property=\"product:condition\" content=\"new\" \/>\n<!-- \/ Yoast SEO plugin. -->","yoast_head_json":{"title":"Geac\u0103 Marmot Big Sky JR pink lotus geo - Magazin Xstyle","description":"Jachet\u0103 Marmot Big Sky JR roz lotus geo \u2014 perfect\u0103 pentru tinerii schiori! Impermeabil\u0103, izola\u021bie termic\u0103, glug\u0103 \u0219i protec\u021bie \u00eempotriva z\u0103pezii.","robots":{"index":"index","follow":"follow","max-snippet":"max-snippet:-1","max-image-preview":"max-image-preview:large","max-video-preview":"max-video-preview:-1"},"canonical":"https:\/\/xstyle.md\/ro\/produs\/marmot-big-sky-jr-pink-lotus-geo\/","og_locale":"ro_RO","og_type":"article","og_title":"\u041a\u0443\u0440\u0442\u043a\u0430 Marmot Big Sky JR pink lotus geo - \u041c\u0430\u0433\u0430\u0437\u0438\u043d Xstyle","og_description":"\u041a\u0443\u0440\u0442\u043a\u0430 Marmot Big Sky JR pink lotus geo \u2014 \u0438\u0434\u0435\u0430\u043b\u044c\u043d\u0430\u044f \u0434\u043b\u044f \u044e\u043d\u044b\u0445 \u043b\u044b\u0436\u043d\u0438\u043a\u043e\u0432! \u0412\u043e\u0434\u043e\u043d\u0435\u043f\u0440\u043e\u043d\u0438\u0446\u0430\u0435\u043c\u0430\u044f, \u0442\u0435\u0440\u043c\u043e\u0438\u0437\u043e\u043b\u044f\u0446\u0438\u044f, \u043a\u0430\u043f\u044e\u0448\u043e\u043d \u0438 \u0437\u0430\u0449\u0438\u0442\u0430 \u043e\u0442 \u0441\u043d\u0435\u0433\u0430.","og_url":"https:\/\/xstyle.md\/ro\/produs\/marmot-big-sky-jr-pink-lotus-geo\/","og_site_name":"\u041c\u0430\u0433\u0430\u0437\u0438\u043d Xstyle","article_publisher":"https:\/\/www.facebook.com\/xstylemd","article_modified_time":"2026-03-19T13:33:49+00:00","og_image":[{"width":960,"height":960,"url":"https:\/\/xstyle.md\/wp-content\/uploads\/2020\/07\/mrmt-girls-big-sky-jacket7.jpg","type":"image\/jpeg"}],"twitter_card":"summary_large_image","twitter_misc":{"Pre\u021b":"2.990&nbsp;MDL","Disponibilitate":"Stoc epuizat"},"schema":{"@context":"https:\/\/schema.org","@graph":[{"@type":"WebPage","@id":"https:\/\/xstyle.md\/product\/marmot-big-sky-jr-pink-lotus-geo\/","url":"https:\/\/xstyle.md\/product\/marmot-big-sky-jr-pink-lotus-geo\/","name":"Geac\u0103 Marmot Big Sky JR pink lotus geo - Magazin Xstyle","isPartOf":{"@id":"https:\/\/xstyle.md\/#website"},"primaryImageOfPage":{"@id":"https:\/\/xstyle.md\/product\/marmot-big-sky-jr-pink-lotus-geo\/#primaryimage"},"image":{"@id":"https:\/\/xstyle.md\/product\/marmot-big-sky-jr-pink-lotus-geo\/#primaryimage"},"thumbnailUrl":"https:\/\/xstyle.md\/wp-content\/uploads\/2020\/07\/mrmt-girls-big-sky-jacket7.jpg","datePublished":"2020-07-16T19:25:05+00:00","dateModified":"2026-03-19T13:33:49+00:00","description":"Jachet\u0103 Marmot Big Sky JR roz lotus geo \u2014 perfect\u0103 pentru tinerii schiori! Impermeabil\u0103, izola\u021bie termic\u0103, glug\u0103 \u0219i protec\u021bie \u00eempotriva z\u0103pezii.","breadcrumb":{"@id":"https:\/\/xstyle.md\/product\/marmot-big-sky-jr-pink-lotus-geo\/#breadcrumb"},"inLanguage":"ro-RO","potentialAction":[{"@type":"ReadAction","target":["https:\/\/xstyle.md\/product\/marmot-big-sky-jr-pink-lotus-geo\/"]}]},{"@type":"ImageObject","inLanguage":"ro-RO","@id":"https:\/\/xstyle.md\/product\/marmot-big-sky-jr-pink-lotus-geo\/#primaryimage","url":"https:\/\/xstyle.md\/wp-content\/uploads\/2020\/07\/mrmt-girls-big-sky-jacket7.jpg","contentUrl":"https:\/\/xstyle.md\/wp-content\/uploads\/2020\/07\/mrmt-girls-big-sky-jacket7.jpg","width":960,"height":960},{"@type":"BreadcrumbList","@id":"https:\/\/xstyle.md\/product\/marmot-big-sky-jr-pink-lotus-geo\/#breadcrumb","itemListElement":[{"@type":"ListItem","position":1,"name":"\u0413\u043b\u0430\u0432\u043d\u0430\u044f \u0441\u0442\u0440\u0430\u043d\u0438\u0446\u0430","item":"https:\/\/xstyle.md\/"},{"@type":"ListItem","position":2,"name":"\u041c\u0430\u0433\u0430\u0437\u0438\u043d","item":"https:\/\/xstyle.md\/shop\/"},{"@type":"ListItem","position":3,"name":"\u041a\u0443\u0440\u0442\u043a\u0430 Marmot Big Sky JR pink lotus geo"}]},{"@type":"WebSite","@id":"https:\/\/xstyle.md\/#website","url":"https:\/\/xstyle.md\/","name":"Magazinul X-Style","description":"Echipamente pentru turism \u0219i sporturi extreme \u00een Moldova. Pre\u021buri, fotografii, caracteristici \u00een Moldova.","publisher":{"@id":"https:\/\/xstyle.md\/#organization"},"alternateName":"X-Style","potentialAction":[{"@type":"SearchAction","target":{"@type":"EntryPoint","urlTemplate":"https:\/\/xstyle.md\/?s={search_term_string}"},"query-input":{"@type":"PropertyValueSpecification","valueRequired":true,"valueName":"search_term_string"}}],"inLanguage":"ro-RO"},{"@type":"Organization","@id":"https:\/\/xstyle.md\/#organization","name":"Magazinul X-Style","alternateName":"x-style","url":"https:\/\/xstyle.md\/","logo":{"@type":"ImageObject","inLanguage":"ro-RO","@id":"https:\/\/xstyle.md\/#\/schema\/logo\/image\/","url":"https:\/\/xstyle.md\/wp-content\/uploads\/2020\/06\/logoicon.svg","contentUrl":"https:\/\/xstyle.md\/wp-content\/uploads\/2020\/06\/logoicon.svg","caption":"\u041c\u0430\u0433\u0430\u0437\u0438\u043d Xstyle"},"image":{"@id":"https:\/\/xstyle.md\/#\/schema\/logo\/image\/"},"sameAs":["https:\/\/www.facebook.com\/xstylemd","https:\/\/www.instagram.com\/xstyle_md\/","https:\/\/t.me\/xstyle_outdoor"],"hasMerchantReturnPolicy":{"@type":"MerchantReturnPolicy","merchantReturnLink":"https:\/\/xstyle.md\/ro\/conditions\/"}}]},"product_price_amount":"2990.00","product_price_currency":"MDL","og_availability":"out of stock","product_availability":"out of stock","product_retailer_item_id":"889169134203","product_condition":"new"},"post_mailing_queue_ids":[],"_links":{"self":[{"href":"https:\/\/xstyle.md\/ro\/wp-json\/wp\/v2\/product\/7159","targetHints":{"allow":["GET"]}}],"collection":[{"href":"https:\/\/xstyle.md\/ro\/wp-json\/wp\/v2\/product"}],"about":[{"href":"https:\/\/xstyle.md\/ro\/wp-json\/wp\/v2\/types\/product"}],"replies":[{"embeddable":true,"href":"https:\/\/xstyle.md\/ro\/wp-json\/wp\/v2\/comments?post=7159"}],"wp:featuredmedia":[{"embeddable":true,"href":"https:\/\/xstyle.md\/ro\/wp-json\/wp\/v2\/media\/7158"}],"wp:attachment":[{"href":"https:\/\/xstyle.md\/ro\/wp-json\/wp\/v2\/media?parent=7159"}],"wp:term":[{"taxonomy":"product_brand","embeddable":true,"href":"https:\/\/xstyle.md\/ro\/wp-json\/wp\/v2\/product_brand?post=7159"},{"taxonomy":"product_cat","embeddable":true,"href":"https:\/\/xstyle.md\/ro\/wp-json\/wp\/v2\/product_cat?post=7159"},{"taxonomy":"product_tag","embeddable":true,"href":"https:\/\/xstyle.md\/ro\/wp-json\/wp\/v2\/product_tag?post=7159"}],"curies":[{"name":"wp","href":"https:\/\/api.w.org\/{rel}","templated":true}]}}