{"id":71517,"date":"2023-07-13T16:33:34","date_gmt":"2023-07-13T13:33:34","guid":{"rendered":"https:\/\/xstyle.md\/?post_type=product&#038;p=71517"},"modified":"2025-10-24T12:46:16","modified_gmt":"2025-10-24T09:46:16","slug":"skalnye-tufli-la-sportiva-tarantulace-topaz-red-plum","status":"publish","type":"product","link":"https:\/\/xstyle.md\/ro\/produs\/skalnye-tufli-la-sportiva-tarantulace-topaz-red-plum\/","title":{"rendered":"Espadrile escalad\u0103 La Sportiva Tarantulace topaz\/red plum"},"content":{"rendered":"<\/p>\n<p><strong>La Sportiva Tarantulace<\/strong> &#8212; pantofi confortabili de rock pentru femei din piele natural\u0103 pentru \u00eencep\u0103tori.<\/p>\n<p>Lipsa c\u0103ptu\u0219elii permite piciorului s\u0103 respire \u0219i s\u0103 se simt\u0103 confortabil pentru perioade lungi de timp. Cauciucul Frixion rezistent la uzur\u0103 asigur\u0103 o aderen\u021b\u0103 excelent\u0103 at\u00e2t pe teren artificial, c\u00e2t \u0219i pe teren natural. \u00cenchiderea cu \u0219iret v\u0103 permite s\u0103 ajusta\u021bi cu precizie pantoful la piciorul dvs. \u0219i s\u0103 ob\u021bine\u021bi o potrivire perfect\u0103.<\/p>\n<h3>Particularit\u0103\u021bi<\/h3>\n<ul>\n<li>Partea superioar\u0103 din piele confortabil\u0103, f\u0103r\u0103 c\u0103ptu\u0219eal\u0103<\/li>\n<li>Talp\u0103 FriXion\u00ae cu propriet\u0103\u021bi excelente de trac\u021biune<\/li>\n<li>Sistem de \u0219iret confortabil care se adapteaz\u0103 oric\u0103rui picior<\/li>\n<li>Forma asimetric\u0103 a crampoanelor permite \u00eencep\u0103torilor s\u0103 progreseze mai rapid la nivelul urm\u0103tor<\/li>\n<\/ul>\n<h3>Caracteristici<\/h3>\n<ul>\n<li>Partea superioar\u0103 &#8212; piele de c\u0103prioar\u0103<\/li>\n<li>C\u0103ptu\u0219eal\u0103 &#8212; Pacific<\/li>\n<li>Talp\u0103 interioar\u0103 &#8212; LaSpoFlex 1.8mm<\/li>\n<li>Talp\u0103 exterioar\u0103 &#8212; FriXion\u00ae RS 4mm<\/li>\n<li>Greutate &#8212; 520 g (pereche)<\/li>\n<\/ul>\n<h3>Marca<\/h3>\n<p>Compania italian\u0103 este cunoscut\u0103 de to\u021bi alpini\u0219tii \u0219i alpini\u0219tii &#8212; pantofii de st\u00e2nc\u0103 \u0219i cizmele de mare altitudine La Sportiva sunt considerate cele mai bune din lume. Istoria m\u0103rcii a \u00eenceput cu fabricarea de sabo\u021bi de lemn, iar acum este unul dintre liderii mondiali \u00een produc\u021bia de \u00eenc\u0103l\u021b\u0103minte pentru munte. Toate \u00eenc\u0103l\u021b\u0103mintea sunt \u00eenc\u0103 cusute manual \u0219i numai din materiale de calitate, sunt confortabile, fiabile \u0219i durabile. Al\u0103turi de \u00eenc\u0103l\u021b\u0103minte, compania produce \u00eembr\u0103c\u0103minte de \u00eenalt\u0103 tehnologie pentru pasiona\u021bii de alpinism \u0219i escalad\u0103. Standardele \u00eenalte de calitate ale m\u0103rcii \u0219i tehnologiile \u00eembun\u0103t\u0103\u021bite au ajutat La Sportiva s\u0103 devin\u0103 unul dintre liderii mondiali \u00een produc\u021bia de \u00eenc\u0103l\u021b\u0103minte \u0219i \u00eembr\u0103c\u0103minte.<\/p>\n<p><\/p>","protected":false},"excerpt":{"rendered":"","protected":false},"featured_media":71570,"comment_status":"open","ping_status":"closed","template":"","meta":{"_acf_changed":false,"inline_featured_image":false},"product_brand":[1410],"product_cat":[268],"product_tag":[],"class_list":{"0":"post-71517","1":"product","2":"type-product","3":"status-publish","4":"has-post-thumbnail","6":"product_brand-la-sportiva","7":"product_cat-climbing-shoes","9":"first","10":"instock","11":"shipping-taxable","12":"purchasable","13":"product-type-simple"},"acf":[],"yoast_head":"<!-- This site is optimized with the Yoast SEO plugin v27.2 - https:\/\/yoast.com\/product\/yoast-seo-wordpress\/ -->\n<title>\u0421\u043a\u0430\u043b\u044c\u043d\u044b\u0435 \u0442\u0443\u0444\u043b\u0438 La Sportiva Tarantulace topaz\/red plum - \u041c\u0430\u0433\u0430\u0437\u0438\u043d Xstyle<\/title>\n<meta name=\"description\" content=\"\u0421\u043a\u0430\u043b\u044c\u043d\u044b\u0435 \u0442\u0443\u0444\u043b\u0438 La Sportiva Tarantulace - \u0438\u0434\u0435\u0430\u043b\u044c\u043d\u044b \u0434\u043b\u044f \u043d\u043e\u0432\u0438\u0447\u043a\u043e\u0432. \u041f\u0440\u043e\u0447\u043d\u044b\u0435 \u0438 \u043a\u043e\u043c\u0444\u043e\u0440\u0442\u043d\u044b\u0435, \u043e\u043d\u0438 \u043e\u0431\u0435\u0441\u043f\u0435\u0447\u0438\u0432\u0430\u044e\u0442 \u043e\u0442\u043b\u0438\u0447\u043d\u043e\u0435 \u0441\u0446\u0435\u043f\u043b\u0435\u043d\u0438\u0435 \u043d\u0430 \u043b\u044e\u0431\u044b\u0445 \u043f\u043e\u0432\u0435\u0440\u0445\u043d\u043e\u0441\u0442\u044f\u0445.\" \/>\n<meta name=\"robots\" content=\"index, follow, max-snippet:-1, max-image-preview:large, max-video-preview:-1\" \/>\n<link rel=\"canonical\" href=\"https:\/\/xstyle.md\/ro\/produs\/skalnye-tufli-la-sportiva-tarantulace-topaz-red-plum\/\" \/>\n<meta property=\"og:locale\" content=\"ro_RO\" \/>\n<meta property=\"og:type\" content=\"article\" \/>\n<meta property=\"og:title\" content=\"\u0421\u043a\u0430\u043b\u044c\u043d\u044b\u0435 \u0442\u0443\u0444\u043b\u0438 La Sportiva Tarantulace topaz\/red plum - \u041c\u0430\u0433\u0430\u0437\u0438\u043d Xstyle\" \/>\n<meta property=\"og:description\" content=\"\u0421\u043a\u0430\u043b\u044c\u043d\u044b\u0435 \u0442\u0443\u0444\u043b\u0438 La Sportiva Tarantulace - \u0438\u0434\u0435\u0430\u043b\u044c\u043d\u044b \u0434\u043b\u044f \u043d\u043e\u0432\u0438\u0447\u043a\u043e\u0432. \u041f\u0440\u043e\u0447\u043d\u044b\u0435 \u0438 \u043a\u043e\u043c\u0444\u043e\u0440\u0442\u043d\u044b\u0435, \u043e\u043d\u0438 \u043e\u0431\u0435\u0441\u043f\u0435\u0447\u0438\u0432\u0430\u044e\u0442 \u043e\u0442\u043b\u0438\u0447\u043d\u043e\u0435 \u0441\u0446\u0435\u043f\u043b\u0435\u043d\u0438\u0435 \u043d\u0430 \u043b\u044e\u0431\u044b\u0445 \u043f\u043e\u0432\u0435\u0440\u0445\u043d\u043e\u0441\u0442\u044f\u0445.\" \/>\n<meta property=\"og:url\" content=\"https:\/\/xstyle.md\/ro\/produs\/skalnye-tufli-la-sportiva-tarantulace-topaz-red-plum\/\" \/>\n<meta property=\"og:site_name\" content=\"\u041c\u0430\u0433\u0430\u0437\u0438\u043d Xstyle\" \/>\n<meta property=\"article:publisher\" content=\"https:\/\/www.facebook.com\/xstylemd\" \/>\n<meta property=\"article:modified_time\" content=\"2025-10-24T09:46:16+00:00\" \/>\n<meta property=\"og:image\" content=\"https:\/\/xstyle.md\/wp-content\/uploads\/2023\/07\/la-sportiva-tarantulace-topaz-red-plum.jpg\" \/>\n\t<meta property=\"og:image:width\" content=\"1408\" \/>\n\t<meta property=\"og:image:height\" content=\"1344\" \/>\n\t<meta property=\"og:image:type\" content=\"image\/jpeg\" \/>\n<meta name=\"twitter:card\" content=\"summary_large_image\" \/>\n<meta name=\"twitter:label1\" content=\"Pre\u021b\" \/>\n\t<meta name=\"twitter:data1\" content=\"1.990&nbsp;MDL\" \/>\n\t<meta name=\"twitter:label2\" content=\"Disponibilitate\" \/>\n\t<meta name=\"twitter:data2\" content=\"\u00cen stoc\" \/>\n<script type=\"application\/ld+json\" class=\"yoast-schema-graph\">{\"@context\":\"https:\/\/schema.org\",\"@graph\":[{\"@type\":\"WebPage\",\"@id\":\"https:\/\/xstyle.md\/product\/skalnye-tufli-la-sportiva-tarantulace-topaz-red-plum\/\",\"url\":\"https:\/\/xstyle.md\/product\/skalnye-tufli-la-sportiva-tarantulace-topaz-red-plum\/\",\"name\":\"\u0421\u043a\u0430\u043b\u044c\u043d\u044b\u0435 \u0442\u0443\u0444\u043b\u0438 La Sportiva Tarantulace topaz\/red plum - \u041c\u0430\u0433\u0430\u0437\u0438\u043d Xstyle\",\"isPartOf\":{\"@id\":\"https:\/\/xstyle.md\/#website\"},\"primaryImageOfPage\":{\"@id\":\"https:\/\/xstyle.md\/product\/skalnye-tufli-la-sportiva-tarantulace-topaz-red-plum\/#primaryimage\"},\"image\":{\"@id\":\"https:\/\/xstyle.md\/product\/skalnye-tufli-la-sportiva-tarantulace-topaz-red-plum\/#primaryimage\"},\"thumbnailUrl\":\"https:\/\/xstyle.md\/wp-content\/uploads\/2023\/07\/la-sportiva-tarantulace-topaz-red-plum.jpg\",\"datePublished\":\"2023-07-13T13:33:34+00:00\",\"dateModified\":\"2025-10-24T09:46:16+00:00\",\"description\":\"\u0421\u043a\u0430\u043b\u044c\u043d\u044b\u0435 \u0442\u0443\u0444\u043b\u0438 La Sportiva Tarantulace - \u0438\u0434\u0435\u0430\u043b\u044c\u043d\u044b \u0434\u043b\u044f \u043d\u043e\u0432\u0438\u0447\u043a\u043e\u0432. \u041f\u0440\u043e\u0447\u043d\u044b\u0435 \u0438 \u043a\u043e\u043c\u0444\u043e\u0440\u0442\u043d\u044b\u0435, \u043e\u043d\u0438 \u043e\u0431\u0435\u0441\u043f\u0435\u0447\u0438\u0432\u0430\u044e\u0442 \u043e\u0442\u043b\u0438\u0447\u043d\u043e\u0435 \u0441\u0446\u0435\u043f\u043b\u0435\u043d\u0438\u0435 \u043d\u0430 \u043b\u044e\u0431\u044b\u0445 \u043f\u043e\u0432\u0435\u0440\u0445\u043d\u043e\u0441\u0442\u044f\u0445.\",\"breadcrumb\":{\"@id\":\"https:\/\/xstyle.md\/product\/skalnye-tufli-la-sportiva-tarantulace-topaz-red-plum\/#breadcrumb\"},\"inLanguage\":\"ro-RO\",\"potentialAction\":[{\"@type\":\"ReadAction\",\"target\":[\"https:\/\/xstyle.md\/product\/skalnye-tufli-la-sportiva-tarantulace-topaz-red-plum\/\"]}]},{\"@type\":\"ImageObject\",\"inLanguage\":\"ro-RO\",\"@id\":\"https:\/\/xstyle.md\/product\/skalnye-tufli-la-sportiva-tarantulace-topaz-red-plum\/#primaryimage\",\"url\":\"https:\/\/xstyle.md\/wp-content\/uploads\/2023\/07\/la-sportiva-tarantulace-topaz-red-plum.jpg\",\"contentUrl\":\"https:\/\/xstyle.md\/wp-content\/uploads\/2023\/07\/la-sportiva-tarantulace-topaz-red-plum.jpg\",\"width\":1408,\"height\":1344,\"caption\":\"\u041a\u043e\u0440\u043e\u0442\u043a\u043e\u0435 \u043e\u043f\u0438\u0441\u0430\u043d\u0438\u0435 \u0441\u043a\u0430\u043b\u044c\u043d\u044b\u0445 \u0442\u0443\u0444\u0435\u043b\u044c La Sportiva Tarantulace Topaz Red Plum \u0434\u043b\u044f \u0430\u043a\u0442\u0438\u0432\u043d\u043e\u0433\u043e \u043e\u0442\u0434\u044b\u0445\u0430, \u0441\u043a\u0430\u043b\u043e\u043b\u0430\u0437\u0430\u043d\u0438\u044f, \u0430\u043b\u044c\u043f\u0438\u043d\u0438\u0437\u043c\u0430, \u043f\u0443\u0442\u0435\u0448\u0435\u0441\u0442\u0432\u0438\u0439 \u0438 \u0441\u043f\u043e\u0440\u0442\u0438\u0432\u043d\u043e\u0439 \u043e\u0434\u0435\u0436\u0434\u044b \u0432 \u043e\u043d\u043b\u0430\u0439\u043d \u043c\u0430\u0433\u0430\u0437\u0438\u043d\u0435\"},{\"@type\":\"BreadcrumbList\",\"@id\":\"https:\/\/xstyle.md\/product\/skalnye-tufli-la-sportiva-tarantulace-topaz-red-plum\/#breadcrumb\",\"itemListElement\":[{\"@type\":\"ListItem\",\"position\":1,\"name\":\"\u0413\u043b\u0430\u0432\u043d\u0430\u044f \u0441\u0442\u0440\u0430\u043d\u0438\u0446\u0430\",\"item\":\"https:\/\/xstyle.md\/\"},{\"@type\":\"ListItem\",\"position\":2,\"name\":\"\u041c\u0430\u0433\u0430\u0437\u0438\u043d\",\"item\":\"https:\/\/xstyle.md\/shop\/\"},{\"@type\":\"ListItem\",\"position\":3,\"name\":\"\u0421\u043a\u0430\u043b\u044c\u043d\u044b\u0435 \u0442\u0443\u0444\u043b\u0438 La Sportiva Tarantulace topaz\/red plum\"}]},{\"@type\":\"WebSite\",\"@id\":\"https:\/\/xstyle.md\/#website\",\"url\":\"https:\/\/xstyle.md\/\",\"name\":\"\u041c\u0430\u0433\u0430\u0437\u0438\u043d Xstyle\",\"description\":\"C\u043d\u0430\u0440\u044f\u0436\u0435\u043d\u0438\u0435 \u0434\u043b\u044f \u0442\u0443\u0440\u0438\u0437\u043c\u0430 \u0438 \u044d\u043a\u0441\u0442\u0440\u0435\u043c\u0430\u043b\u044c\u043d\u044b\u0445 \u0432\u0438\u0434\u043e\u0432 \u0441\u043f\u043e\u0440\u0442\u0430 \u0432 \u041c\u043e\u043b\u0434\u043e\u0432\u0435.. \u0426\u0435\u043d\u044b, \u0444\u043e\u0442\u043e, \u0445\u0430\u0440\u0430\u043a\u0442\u0435\u0440\u0438\u0441\u0442\u0438\u043a\u0438 \u0432 \u041c\u043e\u043b\u0434\u043e\u0432\u0435.\",\"publisher\":{\"@id\":\"https:\/\/xstyle.md\/#organization\"},\"alternateName\":\"X-Style\",\"potentialAction\":[{\"@type\":\"SearchAction\",\"target\":{\"@type\":\"EntryPoint\",\"urlTemplate\":\"https:\/\/xstyle.md\/?s={search_term_string}\"},\"query-input\":{\"@type\":\"PropertyValueSpecification\",\"valueRequired\":true,\"valueName\":\"search_term_string\"}}],\"inLanguage\":\"ro-RO\"},{\"@type\":\"Organization\",\"@id\":\"https:\/\/xstyle.md\/#organization\",\"name\":\"\u041c\u0430\u0433\u0430\u0437\u0438\u043d Xstyle\",\"alternateName\":\"x-style\",\"url\":\"https:\/\/xstyle.md\/\",\"logo\":{\"@type\":\"ImageObject\",\"inLanguage\":\"ro-RO\",\"@id\":\"https:\/\/xstyle.md\/#\/schema\/logo\/image\/\",\"url\":\"https:\/\/xstyle.md\/wp-content\/uploads\/2020\/06\/logoicon.svg\",\"contentUrl\":\"https:\/\/xstyle.md\/wp-content\/uploads\/2020\/06\/logoicon.svg\",\"caption\":\"\u041c\u0430\u0433\u0430\u0437\u0438\u043d Xstyle\"},\"image\":{\"@id\":\"https:\/\/xstyle.md\/#\/schema\/logo\/image\/\"},\"sameAs\":[\"https:\/\/www.facebook.com\/xstylemd\",\"https:\/\/www.instagram.com\/xstyle_md\/\",\"https:\/\/t.me\/xstyle_outdoor\"],\"hasMerchantReturnPolicy\":{\"@type\":\"MerchantReturnPolicy\",\"merchantReturnLink\":\"https:\/\/xstyle.md\/ro\/conditions\/\"}}]}<\/script>\n<meta property=\"product:price:amount\" content=\"1990.00\" \/>\n<meta property=\"product:price:currency\" content=\"MDL\" \/>\n<meta property=\"og:availability\" content=\"instock\" \/>\n<meta property=\"product:availability\" content=\"instock\" \/>\n<meta property=\"product:retailer_item_id\" content=\"8020647962341\" \/>\n<meta property=\"product:condition\" content=\"new\" \/>\n<!-- \/ Yoast SEO plugin. -->","yoast_head_json":{"title":"Espadrile escalad\u0103 La Sportiva Tarantulace topaz\/red plum - Magazin Xstyle","description":"Pantofii de escalad\u0103 La Sportiva Tarantulace sunt ideali pentru \u00eencep\u0103tori. Rezisten\u021bi \u0219i confortabili, ace\u0219tia ofer\u0103 o aderen\u021b\u0103 excelent\u0103 pe orice tip de suprafa\u021b\u0103.","robots":{"index":"index","follow":"follow","max-snippet":"max-snippet:-1","max-image-preview":"max-image-preview:large","max-video-preview":"max-video-preview:-1"},"canonical":"https:\/\/xstyle.md\/ro\/produs\/skalnye-tufli-la-sportiva-tarantulace-topaz-red-plum\/","og_locale":"ro_RO","og_type":"article","og_title":"\u0421\u043a\u0430\u043b\u044c\u043d\u044b\u0435 \u0442\u0443\u0444\u043b\u0438 La Sportiva Tarantulace topaz\/red plum - \u041c\u0430\u0433\u0430\u0437\u0438\u043d Xstyle","og_description":"\u0421\u043a\u0430\u043b\u044c\u043d\u044b\u0435 \u0442\u0443\u0444\u043b\u0438 La Sportiva Tarantulace - \u0438\u0434\u0435\u0430\u043b\u044c\u043d\u044b \u0434\u043b\u044f \u043d\u043e\u0432\u0438\u0447\u043a\u043e\u0432. \u041f\u0440\u043e\u0447\u043d\u044b\u0435 \u0438 \u043a\u043e\u043c\u0444\u043e\u0440\u0442\u043d\u044b\u0435, \u043e\u043d\u0438 \u043e\u0431\u0435\u0441\u043f\u0435\u0447\u0438\u0432\u0430\u044e\u0442 \u043e\u0442\u043b\u0438\u0447\u043d\u043e\u0435 \u0441\u0446\u0435\u043f\u043b\u0435\u043d\u0438\u0435 \u043d\u0430 \u043b\u044e\u0431\u044b\u0445 \u043f\u043e\u0432\u0435\u0440\u0445\u043d\u043e\u0441\u0442\u044f\u0445.","og_url":"https:\/\/xstyle.md\/ro\/produs\/skalnye-tufli-la-sportiva-tarantulace-topaz-red-plum\/","og_site_name":"\u041c\u0430\u0433\u0430\u0437\u0438\u043d Xstyle","article_publisher":"https:\/\/www.facebook.com\/xstylemd","article_modified_time":"2025-10-24T09:46:16+00:00","og_image":[{"width":1408,"height":1344,"url":"https:\/\/xstyle.md\/wp-content\/uploads\/2023\/07\/la-sportiva-tarantulace-topaz-red-plum.jpg","type":"image\/jpeg"}],"twitter_card":"summary_large_image","twitter_misc":{"Pre\u021b":"1.990&nbsp;MDL","Disponibilitate":"\u00cen stoc"},"schema":{"@context":"https:\/\/schema.org","@graph":[{"@type":"WebPage","@id":"https:\/\/xstyle.md\/product\/skalnye-tufli-la-sportiva-tarantulace-topaz-red-plum\/","url":"https:\/\/xstyle.md\/product\/skalnye-tufli-la-sportiva-tarantulace-topaz-red-plum\/","name":"Espadrile escalad\u0103 La Sportiva Tarantulace topaz\/red plum - Magazin Xstyle","isPartOf":{"@id":"https:\/\/xstyle.md\/#website"},"primaryImageOfPage":{"@id":"https:\/\/xstyle.md\/product\/skalnye-tufli-la-sportiva-tarantulace-topaz-red-plum\/#primaryimage"},"image":{"@id":"https:\/\/xstyle.md\/product\/skalnye-tufli-la-sportiva-tarantulace-topaz-red-plum\/#primaryimage"},"thumbnailUrl":"https:\/\/xstyle.md\/wp-content\/uploads\/2023\/07\/la-sportiva-tarantulace-topaz-red-plum.jpg","datePublished":"2023-07-13T13:33:34+00:00","dateModified":"2025-10-24T09:46:16+00:00","description":"Pantofii de escalad\u0103 La Sportiva Tarantulace sunt ideali pentru \u00eencep\u0103tori. Rezisten\u021bi \u0219i confortabili, ace\u0219tia ofer\u0103 o aderen\u021b\u0103 excelent\u0103 pe orice tip de suprafa\u021b\u0103.","breadcrumb":{"@id":"https:\/\/xstyle.md\/product\/skalnye-tufli-la-sportiva-tarantulace-topaz-red-plum\/#breadcrumb"},"inLanguage":"ro-RO","potentialAction":[{"@type":"ReadAction","target":["https:\/\/xstyle.md\/product\/skalnye-tufli-la-sportiva-tarantulace-topaz-red-plum\/"]}]},{"@type":"ImageObject","inLanguage":"ro-RO","@id":"https:\/\/xstyle.md\/product\/skalnye-tufli-la-sportiva-tarantulace-topaz-red-plum\/#primaryimage","url":"https:\/\/xstyle.md\/wp-content\/uploads\/2023\/07\/la-sportiva-tarantulace-topaz-red-plum.jpg","contentUrl":"https:\/\/xstyle.md\/wp-content\/uploads\/2023\/07\/la-sportiva-tarantulace-topaz-red-plum.jpg","width":1408,"height":1344,"caption":"\u041a\u043e\u0440\u043e\u0442\u043a\u043e\u0435 \u043e\u043f\u0438\u0441\u0430\u043d\u0438\u0435 \u0441\u043a\u0430\u043b\u044c\u043d\u044b\u0445 \u0442\u0443\u0444\u0435\u043b\u044c La Sportiva Tarantulace Topaz Red Plum \u0434\u043b\u044f \u0430\u043a\u0442\u0438\u0432\u043d\u043e\u0433\u043e \u043e\u0442\u0434\u044b\u0445\u0430, \u0441\u043a\u0430\u043b\u043e\u043b\u0430\u0437\u0430\u043d\u0438\u044f, \u0430\u043b\u044c\u043f\u0438\u043d\u0438\u0437\u043c\u0430, \u043f\u0443\u0442\u0435\u0448\u0435\u0441\u0442\u0432\u0438\u0439 \u0438 \u0441\u043f\u043e\u0440\u0442\u0438\u0432\u043d\u043e\u0439 \u043e\u0434\u0435\u0436\u0434\u044b \u0432 \u043e\u043d\u043b\u0430\u0439\u043d \u043c\u0430\u0433\u0430\u0437\u0438\u043d\u0435"},{"@type":"BreadcrumbList","@id":"https:\/\/xstyle.md\/product\/skalnye-tufli-la-sportiva-tarantulace-topaz-red-plum\/#breadcrumb","itemListElement":[{"@type":"ListItem","position":1,"name":"\u0413\u043b\u0430\u0432\u043d\u0430\u044f \u0441\u0442\u0440\u0430\u043d\u0438\u0446\u0430","item":"https:\/\/xstyle.md\/"},{"@type":"ListItem","position":2,"name":"\u041c\u0430\u0433\u0430\u0437\u0438\u043d","item":"https:\/\/xstyle.md\/shop\/"},{"@type":"ListItem","position":3,"name":"\u0421\u043a\u0430\u043b\u044c\u043d\u044b\u0435 \u0442\u0443\u0444\u043b\u0438 La Sportiva Tarantulace topaz\/red plum"}]},{"@type":"WebSite","@id":"https:\/\/xstyle.md\/#website","url":"https:\/\/xstyle.md\/","name":"Magazinul X-Style","description":"Echipamente pentru turism \u0219i sporturi extreme \u00een Moldova. Pre\u021buri, fotografii, caracteristici \u00een Moldova.","publisher":{"@id":"https:\/\/xstyle.md\/#organization"},"alternateName":"X-Style","potentialAction":[{"@type":"SearchAction","target":{"@type":"EntryPoint","urlTemplate":"https:\/\/xstyle.md\/?s={search_term_string}"},"query-input":{"@type":"PropertyValueSpecification","valueRequired":true,"valueName":"search_term_string"}}],"inLanguage":"ro-RO"},{"@type":"Organization","@id":"https:\/\/xstyle.md\/#organization","name":"Magazinul X-Style","alternateName":"x-style","url":"https:\/\/xstyle.md\/","logo":{"@type":"ImageObject","inLanguage":"ro-RO","@id":"https:\/\/xstyle.md\/#\/schema\/logo\/image\/","url":"https:\/\/xstyle.md\/wp-content\/uploads\/2020\/06\/logoicon.svg","contentUrl":"https:\/\/xstyle.md\/wp-content\/uploads\/2020\/06\/logoicon.svg","caption":"\u041c\u0430\u0433\u0430\u0437\u0438\u043d Xstyle"},"image":{"@id":"https:\/\/xstyle.md\/#\/schema\/logo\/image\/"},"sameAs":["https:\/\/www.facebook.com\/xstylemd","https:\/\/www.instagram.com\/xstyle_md\/","https:\/\/t.me\/xstyle_outdoor"],"hasMerchantReturnPolicy":{"@type":"MerchantReturnPolicy","merchantReturnLink":"https:\/\/xstyle.md\/ro\/conditions\/"}}]},"product_price_amount":"1990.00","product_price_currency":"MDL","og_availability":"instock","product_availability":"instock","product_retailer_item_id":"8020647962341","product_condition":"new"},"post_mailing_queue_ids":[],"_links":{"self":[{"href":"https:\/\/xstyle.md\/ro\/wp-json\/wp\/v2\/product\/71517","targetHints":{"allow":["GET"]}}],"collection":[{"href":"https:\/\/xstyle.md\/ro\/wp-json\/wp\/v2\/product"}],"about":[{"href":"https:\/\/xstyle.md\/ro\/wp-json\/wp\/v2\/types\/product"}],"replies":[{"embeddable":true,"href":"https:\/\/xstyle.md\/ro\/wp-json\/wp\/v2\/comments?post=71517"}],"wp:featuredmedia":[{"embeddable":true,"href":"https:\/\/xstyle.md\/ro\/wp-json\/wp\/v2\/media\/71570"}],"wp:attachment":[{"href":"https:\/\/xstyle.md\/ro\/wp-json\/wp\/v2\/media?parent=71517"}],"wp:term":[{"taxonomy":"product_brand","embeddable":true,"href":"https:\/\/xstyle.md\/ro\/wp-json\/wp\/v2\/product_brand?post=71517"},{"taxonomy":"product_cat","embeddable":true,"href":"https:\/\/xstyle.md\/ro\/wp-json\/wp\/v2\/product_cat?post=71517"},{"taxonomy":"product_tag","embeddable":true,"href":"https:\/\/xstyle.md\/ro\/wp-json\/wp\/v2\/product_tag?post=71517"}],"curies":[{"name":"wp","href":"https:\/\/api.w.org\/{rel}","templated":true}]}}