{"id":71512,"date":"2023-07-13T16:33:34","date_gmt":"2023-07-13T13:33:34","guid":{"rendered":"https:\/\/xstyle.md\/?post_type=product&#038;p=71512"},"modified":"2024-10-03T01:19:15","modified_gmt":"2024-10-02T22:19:15","slug":"botinki-la-sportiva-nepal-evo-gtx-yellow","status":"publish","type":"product","link":"https:\/\/xstyle.md\/ro\/produs\/botinki-la-sportiva-nepal-evo-gtx-yellow\/","title":{"rendered":"Bocanci La Sportiva Nepal Evo Gtx yellow"},"content":{"rendered":"<\/p>\n<p><strong>La Sportiva Nepal Evo Gtx yellow<\/strong> &#8212; cizme de munte pentru b\u0103rba\u021bi pentru alpinism tehnic \u0219i pe ghea\u021b\u0103.<\/p>\n<p>Cizmele sunt fabricate din piele integral\u0103 de 3 mm, cu o impregnare special\u0103 hidrofug\u0103. Astfel, exist\u0103 un num\u0103r minim de cus\u0103turi, astfel \u00eenc\u00e2t cizma s\u0103 nu se ude. Membrana Gore-Tex face cizmele impermeabile, dar respirabile. O ran\u0103 de cauciuc \u00een jurul \u00eentregului perimetru al cizmei protejeaz\u0103 perfect pielea de uzur\u0103 \u00een timpul cobor\u00e2rilor de mare vitez\u0103 pe pietri\u0219.<\/p>\n<p>Modelul are o mic\u0103 gheat\u0103 elastic\u0103, care \u00eempiedic\u0103 \u00een plus p\u0103trunderea z\u0103pezii \u0219i a a\u0219chiilor de ghea\u021b\u0103 \u00een interiorul cizmelor. Nepal Evo are dou\u0103 rante pentru fixarea crampoanelor rigide, dar poate fi folosit \u0219i cu crampoane semi-rigide sau moi. Talp\u0103 Vibram, cu tehnologie Impact Brake System. Datorit\u0103 pozi\u021bion\u0103rii unghiulare a elementelor benzii de rulare, reduce semnificativ sarcina de impact asupra articula\u021biilor \u00een timpul mersului. Ofer\u0103 o aderen\u021b\u0103 excelent\u0103 la sol atunci c\u00e2nd se coboar\u0103 sau se urc\u0103, chiar \u0219i \u00een condi\u021bii umede.<\/p>\n<p>Modelul utilizeaz\u0103 tehnologia 3D Flex, care combin\u0103 sus\u021binerea sigur\u0103 a gleznei cu flexibilitatea \u00eenc\u0103l\u021b\u0103mintei pentru u\u0219urin\u021b\u0103 \u00een mi\u0219care. Acest lucru este realizat prin utilizarea unui material special \u00een zona c\u0103lc\u00e2iului, care permite pantofului s\u0103 ia o form\u0103 anatomic\u0103.<\/p>\n<p>Sunt incluse file Velcro speciale deta\u0219abile, care permit o personalizare maxim\u0103. Cu ajutorul clipsurilor speciale pentru \u0219ireturi, pute\u021bi regla independent tensiunea \u00een zona piciorului \u0219i a gleznei.<\/p>\n<h3>Particularit\u0103\u021bi<\/h3>\n<ul>\n<li>Cauciucul \u00eenf\u0103\u0219urat \u00een jurul \u00eentregului perimetru al pantofului protejeaz\u0103 perfect pielea de uzur\u0103 \u0219i rupere<\/li>\n<li>Cu ajutorul clipsurilor speciale pentru \u0219ireturi, pute\u021bi regla independent tensiunea \u00een zona piciorului \u0219i a gleznei.<\/li>\n<li>Tehnologia 3D Flex combin\u0103 sus\u021binerea sigur\u0103 a gleznei cu flexibilitatea unei cizme pentru u\u0219urin\u021b\u0103 \u00een mi\u0219care.<\/li>\n<li>Glezn\u0103 mai lung\u0103 pentru o fixare mai bun\u0103 a piciorului.<\/li>\n<li>C\u00e2rligele metalice fixeaz\u0103 \u00een siguran\u021b\u0103 \u0219ireturile<\/li>\n<li>Gheata cusut\u0103 previne p\u0103trunderea \u00een interior a cioburilor de ghea\u021b\u0103 \u0219i a particulelor mici.<\/li>\n<li>Ranturi confortabile compatibile cu toate tipurile de pisici<\/li>\n<li>Limbile speciale deta\u0219abile de pe \u0219ireturi v\u0103 vor permite s\u0103 ajusta\u021bi cizmele la nevoile dvs.<\/li>\n<li>Talp\u0103 Vibram cu tehnologie Impact Brake System, care reduce sarcina de \u0219oc asupra articula\u021biilor.<\/li>\n<\/ul>\n<h3>Caracteristici<\/h3>\n<ul>\n<li>Material superior &#8212; 3 mm piele Idro-Perwanger hidrofug\u0103<\/li>\n<li>C\u0103ptu\u0219eal\u0103 &#8212; Gore-Tex Insulated Comfort<\/li>\n<li>Talp\u0103 interioar\u0103 &#8212; Ibi-Thermo izolant de 9 mm<\/li>\n<li>Talp\u0103 &#8212; Vibram IBS cu op\u021biune de schimbare u\u0219oar\u0103<\/li>\n<li>Coarne de pisic\u0103 &#8212; disponibile<\/li>\n<li>Scop &#8212; alpinism<\/li>\n<li>Greutate &#8212; 2050 g<\/li>\n<\/ul>\n<h3>Tehnologie<\/h3>\n<ul>\n<li><strong>Gore-Tex<\/strong>\u00ae <strong>Insulated Comfort<\/strong> &#8212; membran\u0103 care ofer\u0103 izolare termic\u0103 pentru o protec\u021bie confortabil\u0103 \u00eempotriva umezelii \u0219i a frigului pe vreme rece \u0219i rece. Conceput pentru a oferi confort zilnic pe vreme de iarn\u0103, inclusiv ploaie, z\u0103pad\u0103 \u0219i ghea\u021b\u0103.<\/li>\n<li><strong>Vibram\u00ae<\/strong> &#8212; lider mondial \u00een produc\u021bia de t\u0103lpi pentru \u00eenc\u0103l\u021b\u0103minte de alpinism \u0219i trekking. Talpa este fabricat\u0103 din cauciuc foarte durabil \u0219i are o aderen\u021b\u0103 excelent\u0103. Garanteaz\u0103 suport maxim \u0219i durabilitate.<\/li>\n<li><strong>Ibi-Thermo<\/strong> &#8212; material sintetic fibros utilizat \u00een construc\u021bia t\u0103lpilor interioare, cu propriet\u0103\u021bi excelente de izolare termic\u0103.<\/li>\n<li><strong>Perwanger<\/strong> &#8212; un produc\u0103tor renumit de piele natural\u0103 pentru sporturile montane. Pielea Perwanger provine de la o t\u0103b\u0103c\u0103rie din Alpii tirolezi care func\u021bioneaz\u0103 din 1780. \u00cen acest timp, numele a devenit sinonim cu durabilitatea \u0219i rezisten\u021ba la uzur\u0103. Potrivit\u0103 pentru utilizarea pe terenuri st\u00e2ncoase ascu\u021bite, pielea Perwanger este hidrofug\u0103 \u0219i capabil\u0103 s\u0103 evacueze eficient umezeala.<\/li>\n<\/ul>\n<h3>Marca<\/h3>\n<p>Compania italian\u0103 este cunoscut\u0103 de to\u021bi alpini\u0219tii \u0219i alpini\u0219tii &#8212; pantofii de st\u00e2nc\u0103 \u0219i cizmele de mare altitudine La Sportiva sunt considerate cele mai bune din lume. Istoria m\u0103rcii a \u00eenceput cu fabricarea de sabo\u021bi de lemn, iar acum este unul dintre liderii mondiali \u00een produc\u021bia de \u00eenc\u0103l\u021b\u0103minte pentru munte. Toate \u00eenc\u0103l\u021b\u0103mintea sunt \u00eenc\u0103 cusute manual \u0219i numai din materiale de calitate, sunt confortabile, fiabile \u0219i durabile. Al\u0103turi de \u00eenc\u0103l\u021b\u0103minte, compania produce \u00eembr\u0103c\u0103minte de \u00eenalt\u0103 tehnologie pentru pasiona\u021bii de alpinism \u0219i escalad\u0103. Standardele \u00eenalte de calitate ale m\u0103rcii \u0219i tehnologiile \u00eembun\u0103t\u0103\u021bite au ajutat La Sportiva s\u0103 devin\u0103 unul dintre liderii mondiali \u00een produc\u021bia de \u00eenc\u0103l\u021b\u0103minte \u0219i \u00eembr\u0103c\u0103minte.<\/p>\n<p><\/p>","protected":false},"excerpt":{"rendered":"","protected":false},"featured_media":71591,"comment_status":"open","ping_status":"closed","template":"","meta":{"_acf_changed":false,"inline_featured_image":false},"product_brand":[1410],"product_cat":[144],"product_tag":[],"class_list":{"0":"post-71512","1":"product","2":"type-product","3":"status-publish","4":"has-post-thumbnail","6":"product_brand-la-sportiva","7":"product_cat-forwarding","9":"first","10":"instock","11":"shipping-taxable","12":"purchasable","13":"product-type-simple"},"acf":[],"yoast_head":"<!-- This site is optimized with the Yoast SEO plugin v27.4 - https:\/\/yoast.com\/product\/yoast-seo-wordpress\/ -->\n<title>\u0411\u043e\u0442\u0438\u043d\u043a\u0438 La Sportiva Nepal Evo Gtx yellow - \u041c\u0430\u0433\u0430\u0437\u0438\u043d Xstyle<\/title>\n<meta name=\"description\" content=\"\u0411\u043e\u0442\u0438\u043d\u043a\u0438 La Sportiva Nepal Evo Gtx yellow \u2014 \u0438\u0434\u0435\u0430\u043b\u044c\u043d\u044b\u0435 \u0434\u043b\u044f \u0432\u043e\u0441\u0445\u043e\u0436\u0434\u0435\u043d\u0438\u0439! GoreTex, \u0441\u0438\u0441\u0442\u0435\u043c\u0430 Vibram, \u0443\u0442\u0435\u043f\u043b\u0438\u0442\u0435\u043b\u044c \u0438 3D Flex \u043e\u0431\u0435\u0441\u043f\u0435\u0447\u0438\u0432\u0430\u044e\u0442 \u043a\u043e\u043c\u0444\u043e\u0440\u0442 \u0438 \u0437\u0430\u0449\u0438\u0442\u0443.\" \/>\n<meta name=\"robots\" content=\"index, follow, max-snippet:-1, max-image-preview:large, max-video-preview:-1\" \/>\n<link rel=\"canonical\" href=\"https:\/\/xstyle.md\/ro\/produs\/botinki-la-sportiva-nepal-evo-gtx-yellow\/\" \/>\n<meta property=\"og:locale\" content=\"ro_RO\" \/>\n<meta property=\"og:type\" content=\"article\" \/>\n<meta property=\"og:title\" content=\"\u0411\u043e\u0442\u0438\u043d\u043a\u0438 La Sportiva Nepal Evo Gtx yellow - \u041c\u0430\u0433\u0430\u0437\u0438\u043d Xstyle\" \/>\n<meta property=\"og:description\" content=\"\u0411\u043e\u0442\u0438\u043d\u043a\u0438 La Sportiva Nepal Evo Gtx yellow \u2014 \u0438\u0434\u0435\u0430\u043b\u044c\u043d\u044b\u0435 \u0434\u043b\u044f \u0432\u043e\u0441\u0445\u043e\u0436\u0434\u0435\u043d\u0438\u0439! GoreTex, \u0441\u0438\u0441\u0442\u0435\u043c\u0430 Vibram, \u0443\u0442\u0435\u043f\u043b\u0438\u0442\u0435\u043b\u044c \u0438 3D Flex \u043e\u0431\u0435\u0441\u043f\u0435\u0447\u0438\u0432\u0430\u044e\u0442 \u043a\u043e\u043c\u0444\u043e\u0440\u0442 \u0438 \u0437\u0430\u0449\u0438\u0442\u0443.\" \/>\n<meta property=\"og:url\" content=\"https:\/\/xstyle.md\/ro\/produs\/botinki-la-sportiva-nepal-evo-gtx-yellow\/\" \/>\n<meta property=\"og:site_name\" content=\"\u041c\u0430\u0433\u0430\u0437\u0438\u043d Xstyle\" \/>\n<meta property=\"article:publisher\" content=\"https:\/\/www.facebook.com\/xstylemd\" \/>\n<meta property=\"article:modified_time\" content=\"2024-10-02T22:19:15+00:00\" \/>\n<meta property=\"og:image\" content=\"https:\/\/xstyle.md\/wp-content\/uploads\/2023\/07\/la-sportiva-nepal-evo-gtx-yellow.jpg\" \/>\n\t<meta property=\"og:image:width\" content=\"1620\" \/>\n\t<meta property=\"og:image:height\" content=\"1516\" \/>\n\t<meta property=\"og:image:type\" content=\"image\/jpeg\" \/>\n<meta name=\"twitter:card\" content=\"summary_large_image\" \/>\n<meta name=\"twitter:label1\" content=\"Pre\u021b\" \/>\n\t<meta name=\"twitter:data1\" content=\"9.990&nbsp;MDL\" \/>\n\t<meta name=\"twitter:label2\" content=\"Disponibilitate\" \/>\n\t<meta name=\"twitter:data2\" content=\"\u00cen stoc\" \/>\n<script type=\"application\/ld+json\" class=\"yoast-schema-graph\">{\"@context\":\"https:\\\/\\\/schema.org\",\"@graph\":[{\"@type\":\"WebPage\",\"@id\":\"https:\\\/\\\/xstyle.md\\\/product\\\/botinki-la-sportiva-nepal-evo-gtx-yellow\\\/\",\"url\":\"https:\\\/\\\/xstyle.md\\\/product\\\/botinki-la-sportiva-nepal-evo-gtx-yellow\\\/\",\"name\":\"\u0411\u043e\u0442\u0438\u043d\u043a\u0438 La Sportiva Nepal Evo Gtx yellow - \u041c\u0430\u0433\u0430\u0437\u0438\u043d Xstyle\",\"isPartOf\":{\"@id\":\"https:\\\/\\\/xstyle.md\\\/#website\"},\"primaryImageOfPage\":{\"@id\":\"https:\\\/\\\/xstyle.md\\\/product\\\/botinki-la-sportiva-nepal-evo-gtx-yellow\\\/#primaryimage\"},\"image\":{\"@id\":\"https:\\\/\\\/xstyle.md\\\/product\\\/botinki-la-sportiva-nepal-evo-gtx-yellow\\\/#primaryimage\"},\"thumbnailUrl\":\"https:\\\/\\\/xstyle.md\\\/wp-content\\\/uploads\\\/2023\\\/07\\\/la-sportiva-nepal-evo-gtx-yellow.jpg\",\"datePublished\":\"2023-07-13T13:33:34+00:00\",\"dateModified\":\"2024-10-02T22:19:15+00:00\",\"description\":\"\u0411\u043e\u0442\u0438\u043d\u043a\u0438 La Sportiva Nepal Evo Gtx yellow \u2014 \u0438\u0434\u0435\u0430\u043b\u044c\u043d\u044b\u0435 \u0434\u043b\u044f \u0432\u043e\u0441\u0445\u043e\u0436\u0434\u0435\u043d\u0438\u0439! GoreTex, \u0441\u0438\u0441\u0442\u0435\u043c\u0430 Vibram, \u0443\u0442\u0435\u043f\u043b\u0438\u0442\u0435\u043b\u044c \u0438 3D Flex \u043e\u0431\u0435\u0441\u043f\u0435\u0447\u0438\u0432\u0430\u044e\u0442 \u043a\u043e\u043c\u0444\u043e\u0440\u0442 \u0438 \u0437\u0430\u0449\u0438\u0442\u0443.\",\"breadcrumb\":{\"@id\":\"https:\\\/\\\/xstyle.md\\\/product\\\/botinki-la-sportiva-nepal-evo-gtx-yellow\\\/#breadcrumb\"},\"inLanguage\":\"ro-RO\",\"potentialAction\":[{\"@type\":\"ReadAction\",\"target\":[\"https:\\\/\\\/xstyle.md\\\/product\\\/botinki-la-sportiva-nepal-evo-gtx-yellow\\\/\"]}]},{\"@type\":\"ImageObject\",\"inLanguage\":\"ro-RO\",\"@id\":\"https:\\\/\\\/xstyle.md\\\/product\\\/botinki-la-sportiva-nepal-evo-gtx-yellow\\\/#primaryimage\",\"url\":\"https:\\\/\\\/xstyle.md\\\/wp-content\\\/uploads\\\/2023\\\/07\\\/la-sportiva-nepal-evo-gtx-yellow.jpg\",\"contentUrl\":\"https:\\\/\\\/xstyle.md\\\/wp-content\\\/uploads\\\/2023\\\/07\\\/la-sportiva-nepal-evo-gtx-yellow.jpg\",\"width\":1620,\"height\":1516,\"caption\":\"\u0416\u0435\u043b\u0442\u044b\u0435 \u0431\u043e\u0442\u0438\u043d\u043a\u0438 La Sportiva Nepal Evo GTX \u0434\u043b\u044f \u0430\u043a\u0442\u0438\u0432\u043d\u043e\u0433\u043e \u043e\u0442\u0434\u044b\u0445\u0430, \u043f\u043e\u0445\u043e\u0434\u043e\u0432, \u0430\u043b\u044c\u043f\u0438\u043d\u0438\u0437\u043c\u0430 \u0438 \u043f\u0443\u0442\u0435\u0448\u0435\u0441\u0442\u0432\u0438\u0439 \u043d\u0430 \u0441\u0430\u0439\u0442\u0435 \u043c\u0430\u0433\u0430\u0437\u0438\u043d\u0430 \u0441\u043f\u043e\u0440\u0442\u0438\u0432\u043d\u043e\u0439 \u043e\u0434\u0435\u0436\u0434\u044b \u0438 \u043e\u0431\u0443\u0432\u0438\"},{\"@type\":\"BreadcrumbList\",\"@id\":\"https:\\\/\\\/xstyle.md\\\/product\\\/botinki-la-sportiva-nepal-evo-gtx-yellow\\\/#breadcrumb\",\"itemListElement\":[{\"@type\":\"ListItem\",\"position\":1,\"name\":\"\u0413\u043b\u0430\u0432\u043d\u0430\u044f \u0441\u0442\u0440\u0430\u043d\u0438\u0446\u0430\",\"item\":\"https:\\\/\\\/xstyle.md\\\/\"},{\"@type\":\"ListItem\",\"position\":2,\"name\":\"\u041c\u0430\u0433\u0430\u0437\u0438\u043d\",\"item\":\"https:\\\/\\\/xstyle.md\\\/shop\\\/\"},{\"@type\":\"ListItem\",\"position\":3,\"name\":\"\u0411\u043e\u0442\u0438\u043d\u043a\u0438 La Sportiva Nepal Evo Gtx yellow\"}]},{\"@type\":\"WebSite\",\"@id\":\"https:\\\/\\\/xstyle.md\\\/#website\",\"url\":\"https:\\\/\\\/xstyle.md\\\/\",\"name\":\"\u041c\u0430\u0433\u0430\u0437\u0438\u043d Xstyle\",\"description\":\"C\u043d\u0430\u0440\u044f\u0436\u0435\u043d\u0438\u0435 \u0434\u043b\u044f \u0442\u0443\u0440\u0438\u0437\u043c\u0430 \u0438 \u044d\u043a\u0441\u0442\u0440\u0435\u043c\u0430\u043b\u044c\u043d\u044b\u0445 \u0432\u0438\u0434\u043e\u0432 \u0441\u043f\u043e\u0440\u0442\u0430 \u0432 \u041c\u043e\u043b\u0434\u043e\u0432\u0435.. \u0426\u0435\u043d\u044b, \u0444\u043e\u0442\u043e, \u0445\u0430\u0440\u0430\u043a\u0442\u0435\u0440\u0438\u0441\u0442\u0438\u043a\u0438 \u0432 \u041c\u043e\u043b\u0434\u043e\u0432\u0435.\",\"publisher\":{\"@id\":\"https:\\\/\\\/xstyle.md\\\/#organization\"},\"alternateName\":\"X-Style\",\"potentialAction\":[{\"@type\":\"SearchAction\",\"target\":{\"@type\":\"EntryPoint\",\"urlTemplate\":\"https:\\\/\\\/xstyle.md\\\/?s={search_term_string}\"},\"query-input\":{\"@type\":\"PropertyValueSpecification\",\"valueRequired\":true,\"valueName\":\"search_term_string\"}}],\"inLanguage\":\"ro-RO\"},{\"@type\":\"Organization\",\"@id\":\"https:\\\/\\\/xstyle.md\\\/#organization\",\"name\":\"\u041c\u0430\u0433\u0430\u0437\u0438\u043d Xstyle\",\"alternateName\":\"x-style\",\"url\":\"https:\\\/\\\/xstyle.md\\\/\",\"logo\":{\"@type\":\"ImageObject\",\"inLanguage\":\"ro-RO\",\"@id\":\"https:\\\/\\\/xstyle.md\\\/#\\\/schema\\\/logo\\\/image\\\/\",\"url\":\"https:\\\/\\\/xstyle.md\\\/wp-content\\\/uploads\\\/2020\\\/06\\\/logoicon.svg\",\"contentUrl\":\"https:\\\/\\\/xstyle.md\\\/wp-content\\\/uploads\\\/2020\\\/06\\\/logoicon.svg\",\"caption\":\"\u041c\u0430\u0433\u0430\u0437\u0438\u043d Xstyle\"},\"image\":{\"@id\":\"https:\\\/\\\/xstyle.md\\\/#\\\/schema\\\/logo\\\/image\\\/\"},\"sameAs\":[\"https:\\\/\\\/www.facebook.com\\\/xstylemd\",\"https:\\\/\\\/www.instagram.com\\\/xstyle_md\\\/\",\"https:\\\/\\\/t.me\\\/xstyle_outdoor\"],\"hasMerchantReturnPolicy\":{\"@type\":\"MerchantReturnPolicy\",\"merchantReturnLink\":\"https:\\\/\\\/xstyle.md\\\/ro\\\/conditions\\\/\"}}]}<\/script>\n<meta property=\"product:price:amount\" content=\"9990.00\" \/>\n<meta property=\"product:price:currency\" content=\"MDL\" \/>\n<meta property=\"og:availability\" content=\"instock\" \/>\n<meta property=\"product:availability\" content=\"instock\" \/>\n<meta property=\"product:retailer_item_id\" content=\"8020647783151\" \/>\n<meta property=\"product:condition\" content=\"new\" \/>\n<!-- \/ Yoast SEO plugin. -->","yoast_head_json":{"title":"Bocanci La Sportiva Nepal Evo Gtx yellow - Magazin Xstyle","description":"Bocanci La Sportiva Nepal Evo Gtx galbeni \u2014 ideali pentru ascensiuni! GoreTex, sistemul Vibram, izola\u021bia \u0219i 3D Flex asigur\u0103 confort \u0219i protec\u021bie.","robots":{"index":"index","follow":"follow","max-snippet":"max-snippet:-1","max-image-preview":"max-image-preview:large","max-video-preview":"max-video-preview:-1"},"canonical":"https:\/\/xstyle.md\/ro\/produs\/botinki-la-sportiva-nepal-evo-gtx-yellow\/","og_locale":"ro_RO","og_type":"article","og_title":"\u0411\u043e\u0442\u0438\u043d\u043a\u0438 La Sportiva Nepal Evo Gtx yellow - \u041c\u0430\u0433\u0430\u0437\u0438\u043d Xstyle","og_description":"\u0411\u043e\u0442\u0438\u043d\u043a\u0438 La Sportiva Nepal Evo Gtx yellow \u2014 \u0438\u0434\u0435\u0430\u043b\u044c\u043d\u044b\u0435 \u0434\u043b\u044f \u0432\u043e\u0441\u0445\u043e\u0436\u0434\u0435\u043d\u0438\u0439! GoreTex, \u0441\u0438\u0441\u0442\u0435\u043c\u0430 Vibram, \u0443\u0442\u0435\u043f\u043b\u0438\u0442\u0435\u043b\u044c \u0438 3D Flex \u043e\u0431\u0435\u0441\u043f\u0435\u0447\u0438\u0432\u0430\u044e\u0442 \u043a\u043e\u043c\u0444\u043e\u0440\u0442 \u0438 \u0437\u0430\u0449\u0438\u0442\u0443.","og_url":"https:\/\/xstyle.md\/ro\/produs\/botinki-la-sportiva-nepal-evo-gtx-yellow\/","og_site_name":"\u041c\u0430\u0433\u0430\u0437\u0438\u043d Xstyle","article_publisher":"https:\/\/www.facebook.com\/xstylemd","article_modified_time":"2024-10-02T22:19:15+00:00","og_image":[{"width":1620,"height":1516,"url":"https:\/\/xstyle.md\/wp-content\/uploads\/2023\/07\/la-sportiva-nepal-evo-gtx-yellow.jpg","type":"image\/jpeg"}],"twitter_card":"summary_large_image","twitter_misc":{"Pre\u021b":"9.990&nbsp;MDL","Disponibilitate":"\u00cen stoc"},"schema":{"@context":"https:\/\/schema.org","@graph":[{"@type":"WebPage","@id":"https:\/\/xstyle.md\/product\/botinki-la-sportiva-nepal-evo-gtx-yellow\/","url":"https:\/\/xstyle.md\/product\/botinki-la-sportiva-nepal-evo-gtx-yellow\/","name":"Bocanci La Sportiva Nepal Evo Gtx yellow - Magazin Xstyle","isPartOf":{"@id":"https:\/\/xstyle.md\/#website"},"primaryImageOfPage":{"@id":"https:\/\/xstyle.md\/product\/botinki-la-sportiva-nepal-evo-gtx-yellow\/#primaryimage"},"image":{"@id":"https:\/\/xstyle.md\/product\/botinki-la-sportiva-nepal-evo-gtx-yellow\/#primaryimage"},"thumbnailUrl":"https:\/\/xstyle.md\/wp-content\/uploads\/2023\/07\/la-sportiva-nepal-evo-gtx-yellow.jpg","datePublished":"2023-07-13T13:33:34+00:00","dateModified":"2024-10-02T22:19:15+00:00","description":"Bocanci La Sportiva Nepal Evo Gtx galbeni \u2014 ideali pentru ascensiuni! GoreTex, sistemul Vibram, izola\u021bia \u0219i 3D Flex asigur\u0103 confort \u0219i protec\u021bie.","breadcrumb":{"@id":"https:\/\/xstyle.md\/product\/botinki-la-sportiva-nepal-evo-gtx-yellow\/#breadcrumb"},"inLanguage":"ro-RO","potentialAction":[{"@type":"ReadAction","target":["https:\/\/xstyle.md\/product\/botinki-la-sportiva-nepal-evo-gtx-yellow\/"]}]},{"@type":"ImageObject","inLanguage":"ro-RO","@id":"https:\/\/xstyle.md\/product\/botinki-la-sportiva-nepal-evo-gtx-yellow\/#primaryimage","url":"https:\/\/xstyle.md\/wp-content\/uploads\/2023\/07\/la-sportiva-nepal-evo-gtx-yellow.jpg","contentUrl":"https:\/\/xstyle.md\/wp-content\/uploads\/2023\/07\/la-sportiva-nepal-evo-gtx-yellow.jpg","width":1620,"height":1516,"caption":"\u0416\u0435\u043b\u0442\u044b\u0435 \u0431\u043e\u0442\u0438\u043d\u043a\u0438 La Sportiva Nepal Evo GTX \u0434\u043b\u044f \u0430\u043a\u0442\u0438\u0432\u043d\u043e\u0433\u043e \u043e\u0442\u0434\u044b\u0445\u0430, \u043f\u043e\u0445\u043e\u0434\u043e\u0432, \u0430\u043b\u044c\u043f\u0438\u043d\u0438\u0437\u043c\u0430 \u0438 \u043f\u0443\u0442\u0435\u0448\u0435\u0441\u0442\u0432\u0438\u0439 \u043d\u0430 \u0441\u0430\u0439\u0442\u0435 \u043c\u0430\u0433\u0430\u0437\u0438\u043d\u0430 \u0441\u043f\u043e\u0440\u0442\u0438\u0432\u043d\u043e\u0439 \u043e\u0434\u0435\u0436\u0434\u044b \u0438 \u043e\u0431\u0443\u0432\u0438"},{"@type":"BreadcrumbList","@id":"https:\/\/xstyle.md\/product\/botinki-la-sportiva-nepal-evo-gtx-yellow\/#breadcrumb","itemListElement":[{"@type":"ListItem","position":1,"name":"\u0413\u043b\u0430\u0432\u043d\u0430\u044f \u0441\u0442\u0440\u0430\u043d\u0438\u0446\u0430","item":"https:\/\/xstyle.md\/"},{"@type":"ListItem","position":2,"name":"\u041c\u0430\u0433\u0430\u0437\u0438\u043d","item":"https:\/\/xstyle.md\/shop\/"},{"@type":"ListItem","position":3,"name":"\u0411\u043e\u0442\u0438\u043d\u043a\u0438 La Sportiva Nepal Evo Gtx yellow"}]},{"@type":"WebSite","@id":"https:\/\/xstyle.md\/#website","url":"https:\/\/xstyle.md\/","name":"Magazinul X-Style","description":"Echipamente pentru turism \u0219i sporturi extreme \u00een Moldova. Pre\u021buri, fotografii, caracteristici \u00een Moldova.","publisher":{"@id":"https:\/\/xstyle.md\/#organization"},"alternateName":"X-Style","potentialAction":[{"@type":"SearchAction","target":{"@type":"EntryPoint","urlTemplate":"https:\/\/xstyle.md\/?s={search_term_string}"},"query-input":{"@type":"PropertyValueSpecification","valueRequired":true,"valueName":"search_term_string"}}],"inLanguage":"ro-RO"},{"@type":"Organization","@id":"https:\/\/xstyle.md\/#organization","name":"Magazinul X-Style","alternateName":"x-style","url":"https:\/\/xstyle.md\/","logo":{"@type":"ImageObject","inLanguage":"ro-RO","@id":"https:\/\/xstyle.md\/#\/schema\/logo\/image\/","url":"https:\/\/xstyle.md\/wp-content\/uploads\/2020\/06\/logoicon.svg","contentUrl":"https:\/\/xstyle.md\/wp-content\/uploads\/2020\/06\/logoicon.svg","caption":"\u041c\u0430\u0433\u0430\u0437\u0438\u043d Xstyle"},"image":{"@id":"https:\/\/xstyle.md\/#\/schema\/logo\/image\/"},"sameAs":["https:\/\/www.facebook.com\/xstylemd","https:\/\/www.instagram.com\/xstyle_md\/","https:\/\/t.me\/xstyle_outdoor"],"hasMerchantReturnPolicy":{"@type":"MerchantReturnPolicy","merchantReturnLink":"https:\/\/xstyle.md\/ro\/conditions\/"}}]},"product_price_amount":"9990.00","product_price_currency":"MDL","og_availability":"instock","product_availability":"instock","product_retailer_item_id":"8020647783151","product_condition":"new"},"_links":{"self":[{"href":"https:\/\/xstyle.md\/ro\/wp-json\/wp\/v2\/product\/71512","targetHints":{"allow":["GET"]}}],"collection":[{"href":"https:\/\/xstyle.md\/ro\/wp-json\/wp\/v2\/product"}],"about":[{"href":"https:\/\/xstyle.md\/ro\/wp-json\/wp\/v2\/types\/product"}],"replies":[{"embeddable":true,"href":"https:\/\/xstyle.md\/ro\/wp-json\/wp\/v2\/comments?post=71512"}],"wp:featuredmedia":[{"embeddable":true,"href":"https:\/\/xstyle.md\/ro\/wp-json\/wp\/v2\/media\/71591"}],"wp:attachment":[{"href":"https:\/\/xstyle.md\/ro\/wp-json\/wp\/v2\/media?parent=71512"}],"wp:term":[{"taxonomy":"product_brand","embeddable":true,"href":"https:\/\/xstyle.md\/ro\/wp-json\/wp\/v2\/product_brand?post=71512"},{"taxonomy":"product_cat","embeddable":true,"href":"https:\/\/xstyle.md\/ro\/wp-json\/wp\/v2\/product_cat?post=71512"},{"taxonomy":"product_tag","embeddable":true,"href":"https:\/\/xstyle.md\/ro\/wp-json\/wp\/v2\/product_tag?post=71512"}],"curies":[{"name":"wp","href":"https:\/\/api.w.org\/{rel}","templated":true}]}}