{"id":71500,"date":"2023-07-13T16:33:32","date_gmt":"2023-07-13T13:33:32","guid":{"rendered":"https:\/\/xstyle.md\/?post_type=product&#038;p=71500"},"modified":"2024-11-24T01:57:17","modified_gmt":"2024-11-23T22:57:17","slug":"moskitnaya-setka-pharmavoyage-mosquito-net-trek-1","status":"publish","type":"product","link":"https:\/\/xstyle.md\/ro\/produs\/moskitnaya-setka-pharmavoyage-mosquito-net-trek-1\/","title":{"rendered":"Plas\u0103 de \u021b\u00e2n\u021bari Pharmavoyage mosquito net Trek 1"},"content":{"rendered":"<\/p>\n<p><strong>Pharmavoyage mosquito net Trek 1<\/strong> &#8212; un repelent de insecte fiabil \u0219i reutilizabil pentru camping, recreere \u00een aer liber \u0219i c\u0103l\u0103torii. Dimensiunile sunt suficiente pentru a acoperi un pat de o persoan\u0103.<\/p>\n<p>Potrivit pentru to\u021bi utilizatorii, inclusiv pentru sugari \u0219i persoanele care sufer\u0103 de alergii. \u021aes\u0103tura fin\u0103 creeaz\u0103 o barier\u0103 \u00eempotriva \u021b\u00e2n\u021barilor, c\u0103pu\u0219elor, g\u00e2ndacilor de pat, c\u0103lug\u0103rilor, mu\u0219telor, viespilor, p\u0103ianjenilor, urechilor etc.<\/p>\n<p>Plasa de \u021b\u00e2n\u021bari previne atacurile intruzive ale insectelor, mu\u0219c\u0103turile nepl\u0103cute \u0219i consecin\u021bele acestora. Ajut\u0103 la evitarea bolilor arbovirale purtate de c\u0103pu\u0219e (boala Lyme, encefalit\u0103), de mu\u0219te (boala Lyme), de \u021b\u00e2n\u021bari (malarie, febr\u0103 galben\u0103, febra Nilului de Vest, dengue, virusul Zika etc.). Pentru o protec\u021bie suplimentar\u0103 \u00een zonele cu risc ridicat, se recomand\u0103 impregnarea plasei cu spray Pharmavoyage Biovectrol Tissu, care dezorienteaz\u0103 sau ucide instantaneu insectele care aterizeaz\u0103.<\/p>\n<p>Plasa este rulat\u0103 \u00eentr-un roll-up mic, c\u00e2nt\u0103re\u0219te doar 215 g \u0219i intr\u0103 u\u0219or \u00eentr-un rucsac sau \u00eentr-o geant\u0103. Confec\u021bionat\u0103 din poliester de densitate 50D durabil, cu o \u021bes\u0103tur\u0103 fin\u0103. Foarte u\u0219or de instalat cu un singur c\u00e2rlig. Forma piramidal\u0103 asigur\u0103 un spa\u021biu interior maxim. Include accesorii de fixare \u0219i hus\u0103 de transport din nailon Ripstop rezistent.<\/p>\n<h3>Particularit\u0103\u021bi<\/h3>\n<ul>\n<li>Plas\u0103 de \u021b\u00e2n\u021bari pentru o persoan\u0103<\/li>\n<li>Impregnare eficient\u0103 \u0219i durabil\u0103<\/li>\n<li>Ambalajul compact nu ocup\u0103 mult spa\u021biu<\/li>\n<li>Nu se spal\u0103<\/li>\n<\/ul>\n<h3>Caracteristici<\/h3>\n<ul>\n<li>Material &#8212; 100% poliester neinflamabil<\/li>\n<li>Dimensiuni &#8212; 140 x 220 x 100 cm<\/li>\n<li>Dimensiuni \u00een ambalaj &#8212; 18 x 8 x 8 x 8 cm<\/li>\n<li>Densitatea fibrelor &#8212; 75 den<\/li>\n<li>Plas\u0103 &#8212; 25 cm\u00b2<\/li>\n<li>Insecticid &#8212; permethrin\/ TP 18<\/li>\n<li>Dozaj &#8212; 270 mg\/m\u00b2 &#8212; 9 g\/kg<\/li>\n<li>Greutate &#8212; 215 g<\/li>\n<\/ul>\n<h3>Setul include<\/h3>\n<ul>\n<li>Plas\u0103 de \u021b\u00e2n\u021bari<\/li>\n<li>Hus\u0103 de depozitare \u0219i transport<\/li>\n<li>C\u00e2rlig pentru ag\u0103\u021bat<\/li>\n<li>C\u00e2rlig autoadeziv<\/li>\n<li>Tepu\u0219\u0103<\/li>\n<li>Plug<\/li>\n<li>Cui<\/li>\n<li>Cablu<\/li>\n<\/ul>\n<h3>Marca<\/h3>\n<p>Pharmavoyage este o companie francez\u0103 care produce o gam\u0103 complet\u0103 de repelen\u021bi pentru insecte, precum \u0219i produse de \u00eengrijire \u00een timpul c\u0103l\u0103toriei, de igien\u0103 \u0219i de prim ajutor. Produsele Pharmavoyage sunt pe baz\u0103 de plante \u0219i sunt certificate \u00een conformitate cu standardele europene. Acestea vor face ca orice c\u0103l\u0103torie s\u0103 fie mai sigur\u0103 \u0219i mai relaxant\u0103 &#8212; de la un weekend la caban\u0103 la un safari exotic \u00een jungl\u0103. Brandul face parte din grupul Katadyn, specializat \u00een produse de asisten\u021b\u0103 vital\u0103 pe teren.<\/p>\n<p><\/p>","protected":false},"excerpt":{"rendered":"","protected":false},"featured_media":71681,"comment_status":"open","ping_status":"closed","template":"","meta":{"_acf_changed":false,"inline_featured_image":false},"product_brand":[1470],"product_cat":[315],"product_tag":[],"class_list":{"0":"post-71500","1":"product","2":"type-product","3":"status-publish","4":"has-post-thumbnail","6":"product_brand-pharmavoyage","7":"product_cat-protection","9":"first","10":"instock","11":"shipping-taxable","12":"purchasable","13":"product-type-simple"},"acf":[],"yoast_head":"<!-- This site is optimized with the Yoast SEO plugin v27.2 - https:\/\/yoast.com\/product\/yoast-seo-wordpress\/ -->\n<title>\u041c\u043e\u0441\u043a\u0438\u0442\u043d\u0430\u044f \u0441\u0435\u0442\u043a\u0430 Pharmavoyage mosquito net Trek 1 - \u041c\u0430\u0433\u0430\u0437\u0438\u043d Xstyle<\/title>\n<meta name=\"description\" content=\"\u041c\u043e\u0441\u043a\u0438\u0442\u043d\u0430\u044f \u0441\u0435\u0442\u043a\u0430 Pharmavoyage Trek 1 - \u043d\u0430\u0434\u0435\u0436\u043d\u0430\u044f \u0438 \u043c\u043d\u043e\u0433\u043e\u0440\u0430\u0437\u043e\u0432\u0430\u044f \u0437\u0430\u0449\u0438\u0442\u0430 \u043e\u0442 \u043d\u0430\u0441\u0435\u043a\u043e\u043c\u044b\u0445 \u0434\u043b\u044f \u043a\u0435\u043c\u043f\u0438\u043d\u0433\u0430 \u0438 \u043f\u0443\u0442\u0435\u0448\u0435\u0441\u0442\u0432\u0438\u0439. \u0418\u0434\u0435\u0430\u043b\u044c\u043d\u0430 \u0434\u043b\u044f \u043e\u0434\u043d\u043e\u0441\u043f\u0430\u043b\u044c\u043d\u043e\u0439 \u043a\u0440\u043e\u0432\u0430\u0442\u0438.\" \/>\n<meta name=\"robots\" content=\"index, follow, max-snippet:-1, max-image-preview:large, max-video-preview:-1\" \/>\n<link rel=\"canonical\" href=\"https:\/\/xstyle.md\/ro\/produs\/moskitnaya-setka-pharmavoyage-mosquito-net-trek-1\/\" \/>\n<meta property=\"og:locale\" content=\"ro_RO\" \/>\n<meta property=\"og:type\" content=\"article\" \/>\n<meta property=\"og:title\" content=\"\u041c\u043e\u0441\u043a\u0438\u0442\u043d\u0430\u044f \u0441\u0435\u0442\u043a\u0430 Pharmavoyage mosquito net Trek 1 - \u041c\u0430\u0433\u0430\u0437\u0438\u043d Xstyle\" \/>\n<meta property=\"og:description\" content=\"\u041c\u043e\u0441\u043a\u0438\u0442\u043d\u0430\u044f \u0441\u0435\u0442\u043a\u0430 Pharmavoyage Trek 1 - \u043d\u0430\u0434\u0435\u0436\u043d\u0430\u044f \u0438 \u043c\u043d\u043e\u0433\u043e\u0440\u0430\u0437\u043e\u0432\u0430\u044f \u0437\u0430\u0449\u0438\u0442\u0430 \u043e\u0442 \u043d\u0430\u0441\u0435\u043a\u043e\u043c\u044b\u0445 \u0434\u043b\u044f \u043a\u0435\u043c\u043f\u0438\u043d\u0433\u0430 \u0438 \u043f\u0443\u0442\u0435\u0448\u0435\u0441\u0442\u0432\u0438\u0439. \u0418\u0434\u0435\u0430\u043b\u044c\u043d\u0430 \u0434\u043b\u044f \u043e\u0434\u043d\u043e\u0441\u043f\u0430\u043b\u044c\u043d\u043e\u0439 \u043a\u0440\u043e\u0432\u0430\u0442\u0438.\" \/>\n<meta property=\"og:url\" content=\"https:\/\/xstyle.md\/ro\/produs\/moskitnaya-setka-pharmavoyage-mosquito-net-trek-1\/\" \/>\n<meta property=\"og:site_name\" content=\"\u041c\u0430\u0433\u0430\u0437\u0438\u043d Xstyle\" \/>\n<meta property=\"article:publisher\" content=\"https:\/\/www.facebook.com\/xstylemd\" \/>\n<meta property=\"article:modified_time\" content=\"2024-11-23T22:57:17+00:00\" \/>\n<meta property=\"og:image\" content=\"https:\/\/xstyle.md\/wp-content\/uploads\/2023\/07\/pharmavoyage-mosquito-net-trek-1.jpg\" \/>\n\t<meta property=\"og:image:width\" content=\"800\" \/>\n\t<meta property=\"og:image:height\" content=\"800\" \/>\n\t<meta property=\"og:image:type\" content=\"image\/jpeg\" \/>\n<meta name=\"twitter:card\" content=\"summary_large_image\" \/>\n<meta name=\"twitter:label1\" content=\"Pre\u021b\" \/>\n\t<meta name=\"twitter:data1\" content=\"690&nbsp;MDL\" \/>\n\t<meta name=\"twitter:label2\" content=\"Disponibilitate\" \/>\n\t<meta name=\"twitter:data2\" content=\"\u00cen stoc\" \/>\n<script type=\"application\/ld+json\" class=\"yoast-schema-graph\">{\"@context\":\"https:\/\/schema.org\",\"@graph\":[{\"@type\":\"WebPage\",\"@id\":\"https:\/\/xstyle.md\/product\/moskitnaya-setka-pharmavoyage-mosquito-net-trek-1\/\",\"url\":\"https:\/\/xstyle.md\/product\/moskitnaya-setka-pharmavoyage-mosquito-net-trek-1\/\",\"name\":\"\u041c\u043e\u0441\u043a\u0438\u0442\u043d\u0430\u044f \u0441\u0435\u0442\u043a\u0430 Pharmavoyage mosquito net Trek 1 - \u041c\u0430\u0433\u0430\u0437\u0438\u043d Xstyle\",\"isPartOf\":{\"@id\":\"https:\/\/xstyle.md\/#website\"},\"primaryImageOfPage\":{\"@id\":\"https:\/\/xstyle.md\/product\/moskitnaya-setka-pharmavoyage-mosquito-net-trek-1\/#primaryimage\"},\"image\":{\"@id\":\"https:\/\/xstyle.md\/product\/moskitnaya-setka-pharmavoyage-mosquito-net-trek-1\/#primaryimage\"},\"thumbnailUrl\":\"https:\/\/xstyle.md\/wp-content\/uploads\/2023\/07\/pharmavoyage-mosquito-net-trek-1.jpg\",\"datePublished\":\"2023-07-13T13:33:32+00:00\",\"dateModified\":\"2024-11-23T22:57:17+00:00\",\"description\":\"\u041c\u043e\u0441\u043a\u0438\u0442\u043d\u0430\u044f \u0441\u0435\u0442\u043a\u0430 Pharmavoyage Trek 1 - \u043d\u0430\u0434\u0435\u0436\u043d\u0430\u044f \u0438 \u043c\u043d\u043e\u0433\u043e\u0440\u0430\u0437\u043e\u0432\u0430\u044f \u0437\u0430\u0449\u0438\u0442\u0430 \u043e\u0442 \u043d\u0430\u0441\u0435\u043a\u043e\u043c\u044b\u0445 \u0434\u043b\u044f \u043a\u0435\u043c\u043f\u0438\u043d\u0433\u0430 \u0438 \u043f\u0443\u0442\u0435\u0448\u0435\u0441\u0442\u0432\u0438\u0439. \u0418\u0434\u0435\u0430\u043b\u044c\u043d\u0430 \u0434\u043b\u044f \u043e\u0434\u043d\u043e\u0441\u043f\u0430\u043b\u044c\u043d\u043e\u0439 \u043a\u0440\u043e\u0432\u0430\u0442\u0438.\",\"breadcrumb\":{\"@id\":\"https:\/\/xstyle.md\/product\/moskitnaya-setka-pharmavoyage-mosquito-net-trek-1\/#breadcrumb\"},\"inLanguage\":\"ro-RO\",\"potentialAction\":[{\"@type\":\"ReadAction\",\"target\":[\"https:\/\/xstyle.md\/product\/moskitnaya-setka-pharmavoyage-mosquito-net-trek-1\/\"]}]},{\"@type\":\"ImageObject\",\"inLanguage\":\"ro-RO\",\"@id\":\"https:\/\/xstyle.md\/product\/moskitnaya-setka-pharmavoyage-mosquito-net-trek-1\/#primaryimage\",\"url\":\"https:\/\/xstyle.md\/wp-content\/uploads\/2023\/07\/pharmavoyage-mosquito-net-trek-1.jpg\",\"contentUrl\":\"https:\/\/xstyle.md\/wp-content\/uploads\/2023\/07\/pharmavoyage-mosquito-net-trek-1.jpg\",\"width\":800,\"height\":800,\"caption\":\"\u041c\u043e\u0441\u043a\u0438\u0442\u043d\u0430\u044f \u0441\u0435\u0442\u043a\u0430 Pharmavoyage Trek \u0434\u043b\u044f \u0430\u043a\u0442\u0438\u0432\u043d\u043e\u0433\u043e \u043e\u0442\u0434\u044b\u0445\u0430, \u043f\u043e\u0445\u043e\u0434\u043e\u0432 \u0438 \u043f\u0443\u0442\u0435\u0448\u0435\u0441\u0442\u0432\u0438\u0439, \u0437\u0430\u0449\u0438\u0442\u0430 \u043e\u0442 \u043d\u0430\u0441\u0435\u043a\u043e\u043c\u044b\u0445 \u0434\u043b\u044f \u0442\u0443\u0440\u0438\u0441\u0442\u043e\u0432 \u043b\u044e\u0431\u044f\u0449\u0438\u0445 outdoor apparel \u0438 \u044d\u043a\u0438\u043f\u0438\u0440\u043e\u0432\u043a\u0443 \u0434\u043b\u044f \u0445\u0430\u0439\u043a\u0438\u043d\u0433\u0430 \u0438 \u0430\u043b\u044c\u043f\u0438\u043d\u0438\u0437\u043c\u0430\"},{\"@type\":\"BreadcrumbList\",\"@id\":\"https:\/\/xstyle.md\/product\/moskitnaya-setka-pharmavoyage-mosquito-net-trek-1\/#breadcrumb\",\"itemListElement\":[{\"@type\":\"ListItem\",\"position\":1,\"name\":\"\u0413\u043b\u0430\u0432\u043d\u0430\u044f \u0441\u0442\u0440\u0430\u043d\u0438\u0446\u0430\",\"item\":\"https:\/\/xstyle.md\/\"},{\"@type\":\"ListItem\",\"position\":2,\"name\":\"\u041c\u0430\u0433\u0430\u0437\u0438\u043d\",\"item\":\"https:\/\/xstyle.md\/shop\/\"},{\"@type\":\"ListItem\",\"position\":3,\"name\":\"\u041c\u043e\u0441\u043a\u0438\u0442\u043d\u0430\u044f \u0441\u0435\u0442\u043a\u0430 Pharmavoyage mosquito net Trek 1\"}]},{\"@type\":\"WebSite\",\"@id\":\"https:\/\/xstyle.md\/#website\",\"url\":\"https:\/\/xstyle.md\/\",\"name\":\"\u041c\u0430\u0433\u0430\u0437\u0438\u043d Xstyle\",\"description\":\"C\u043d\u0430\u0440\u044f\u0436\u0435\u043d\u0438\u0435 \u0434\u043b\u044f \u0442\u0443\u0440\u0438\u0437\u043c\u0430 \u0438 \u044d\u043a\u0441\u0442\u0440\u0435\u043c\u0430\u043b\u044c\u043d\u044b\u0445 \u0432\u0438\u0434\u043e\u0432 \u0441\u043f\u043e\u0440\u0442\u0430 \u0432 \u041c\u043e\u043b\u0434\u043e\u0432\u0435.. \u0426\u0435\u043d\u044b, \u0444\u043e\u0442\u043e, \u0445\u0430\u0440\u0430\u043a\u0442\u0435\u0440\u0438\u0441\u0442\u0438\u043a\u0438 \u0432 \u041c\u043e\u043b\u0434\u043e\u0432\u0435.\",\"publisher\":{\"@id\":\"https:\/\/xstyle.md\/#organization\"},\"alternateName\":\"X-Style\",\"potentialAction\":[{\"@type\":\"SearchAction\",\"target\":{\"@type\":\"EntryPoint\",\"urlTemplate\":\"https:\/\/xstyle.md\/?s={search_term_string}\"},\"query-input\":{\"@type\":\"PropertyValueSpecification\",\"valueRequired\":true,\"valueName\":\"search_term_string\"}}],\"inLanguage\":\"ro-RO\"},{\"@type\":\"Organization\",\"@id\":\"https:\/\/xstyle.md\/#organization\",\"name\":\"\u041c\u0430\u0433\u0430\u0437\u0438\u043d Xstyle\",\"alternateName\":\"x-style\",\"url\":\"https:\/\/xstyle.md\/\",\"logo\":{\"@type\":\"ImageObject\",\"inLanguage\":\"ro-RO\",\"@id\":\"https:\/\/xstyle.md\/#\/schema\/logo\/image\/\",\"url\":\"https:\/\/xstyle.md\/wp-content\/uploads\/2020\/06\/logoicon.svg\",\"contentUrl\":\"https:\/\/xstyle.md\/wp-content\/uploads\/2020\/06\/logoicon.svg\",\"caption\":\"\u041c\u0430\u0433\u0430\u0437\u0438\u043d Xstyle\"},\"image\":{\"@id\":\"https:\/\/xstyle.md\/#\/schema\/logo\/image\/\"},\"sameAs\":[\"https:\/\/www.facebook.com\/xstylemd\",\"https:\/\/www.instagram.com\/xstyle_md\/\",\"https:\/\/t.me\/xstyle_outdoor\"],\"hasMerchantReturnPolicy\":{\"@type\":\"MerchantReturnPolicy\",\"merchantReturnLink\":\"https:\/\/xstyle.md\/ro\/conditions\/\"}}]}<\/script>\n<meta property=\"product:price:amount\" content=\"690.00\" \/>\n<meta property=\"product:price:currency\" content=\"MDL\" \/>\n<meta property=\"og:availability\" content=\"instock\" \/>\n<meta property=\"product:availability\" content=\"instock\" \/>\n<meta property=\"product:retailer_item_id\" content=\"7640144283070\" \/>\n<meta property=\"product:condition\" content=\"new\" \/>\n<!-- \/ Yoast SEO plugin. -->","yoast_head_json":{"title":"Plas\u0103 de \u021b\u00e2n\u021bari Pharmavoyage mosquito net Trek 1 - Magazin Xstyle","description":"Plasa pentru \u021b\u00e2n\u021bari Pharmavoyage Trek 1 - o protec\u021bie fiabil\u0103 \u0219i reutilizabil\u0103 \u00eempotriva insectelor pentru camping \u0219i c\u0103l\u0103torii. Ideal\u0103 pentru un pat single.","robots":{"index":"index","follow":"follow","max-snippet":"max-snippet:-1","max-image-preview":"max-image-preview:large","max-video-preview":"max-video-preview:-1"},"canonical":"https:\/\/xstyle.md\/ro\/produs\/moskitnaya-setka-pharmavoyage-mosquito-net-trek-1\/","og_locale":"ro_RO","og_type":"article","og_title":"\u041c\u043e\u0441\u043a\u0438\u0442\u043d\u0430\u044f \u0441\u0435\u0442\u043a\u0430 Pharmavoyage mosquito net Trek 1 - \u041c\u0430\u0433\u0430\u0437\u0438\u043d Xstyle","og_description":"\u041c\u043e\u0441\u043a\u0438\u0442\u043d\u0430\u044f \u0441\u0435\u0442\u043a\u0430 Pharmavoyage Trek 1 - \u043d\u0430\u0434\u0435\u0436\u043d\u0430\u044f \u0438 \u043c\u043d\u043e\u0433\u043e\u0440\u0430\u0437\u043e\u0432\u0430\u044f \u0437\u0430\u0449\u0438\u0442\u0430 \u043e\u0442 \u043d\u0430\u0441\u0435\u043a\u043e\u043c\u044b\u0445 \u0434\u043b\u044f \u043a\u0435\u043c\u043f\u0438\u043d\u0433\u0430 \u0438 \u043f\u0443\u0442\u0435\u0448\u0435\u0441\u0442\u0432\u0438\u0439. \u0418\u0434\u0435\u0430\u043b\u044c\u043d\u0430 \u0434\u043b\u044f \u043e\u0434\u043d\u043e\u0441\u043f\u0430\u043b\u044c\u043d\u043e\u0439 \u043a\u0440\u043e\u0432\u0430\u0442\u0438.","og_url":"https:\/\/xstyle.md\/ro\/produs\/moskitnaya-setka-pharmavoyage-mosquito-net-trek-1\/","og_site_name":"\u041c\u0430\u0433\u0430\u0437\u0438\u043d Xstyle","article_publisher":"https:\/\/www.facebook.com\/xstylemd","article_modified_time":"2024-11-23T22:57:17+00:00","og_image":[{"width":800,"height":800,"url":"https:\/\/xstyle.md\/wp-content\/uploads\/2023\/07\/pharmavoyage-mosquito-net-trek-1.jpg","type":"image\/jpeg"}],"twitter_card":"summary_large_image","twitter_misc":{"Pre\u021b":"690&nbsp;MDL","Disponibilitate":"\u00cen stoc"},"schema":{"@context":"https:\/\/schema.org","@graph":[{"@type":"WebPage","@id":"https:\/\/xstyle.md\/product\/moskitnaya-setka-pharmavoyage-mosquito-net-trek-1\/","url":"https:\/\/xstyle.md\/product\/moskitnaya-setka-pharmavoyage-mosquito-net-trek-1\/","name":"Plas\u0103 de \u021b\u00e2n\u021bari Pharmavoyage mosquito net Trek 1 - Magazin Xstyle","isPartOf":{"@id":"https:\/\/xstyle.md\/#website"},"primaryImageOfPage":{"@id":"https:\/\/xstyle.md\/product\/moskitnaya-setka-pharmavoyage-mosquito-net-trek-1\/#primaryimage"},"image":{"@id":"https:\/\/xstyle.md\/product\/moskitnaya-setka-pharmavoyage-mosquito-net-trek-1\/#primaryimage"},"thumbnailUrl":"https:\/\/xstyle.md\/wp-content\/uploads\/2023\/07\/pharmavoyage-mosquito-net-trek-1.jpg","datePublished":"2023-07-13T13:33:32+00:00","dateModified":"2024-11-23T22:57:17+00:00","description":"Plasa pentru \u021b\u00e2n\u021bari Pharmavoyage Trek 1 - o protec\u021bie fiabil\u0103 \u0219i reutilizabil\u0103 \u00eempotriva insectelor pentru camping \u0219i c\u0103l\u0103torii. Ideal\u0103 pentru un pat single.","breadcrumb":{"@id":"https:\/\/xstyle.md\/product\/moskitnaya-setka-pharmavoyage-mosquito-net-trek-1\/#breadcrumb"},"inLanguage":"ro-RO","potentialAction":[{"@type":"ReadAction","target":["https:\/\/xstyle.md\/product\/moskitnaya-setka-pharmavoyage-mosquito-net-trek-1\/"]}]},{"@type":"ImageObject","inLanguage":"ro-RO","@id":"https:\/\/xstyle.md\/product\/moskitnaya-setka-pharmavoyage-mosquito-net-trek-1\/#primaryimage","url":"https:\/\/xstyle.md\/wp-content\/uploads\/2023\/07\/pharmavoyage-mosquito-net-trek-1.jpg","contentUrl":"https:\/\/xstyle.md\/wp-content\/uploads\/2023\/07\/pharmavoyage-mosquito-net-trek-1.jpg","width":800,"height":800,"caption":"\u041c\u043e\u0441\u043a\u0438\u0442\u043d\u0430\u044f \u0441\u0435\u0442\u043a\u0430 Pharmavoyage Trek \u0434\u043b\u044f \u0430\u043a\u0442\u0438\u0432\u043d\u043e\u0433\u043e \u043e\u0442\u0434\u044b\u0445\u0430, \u043f\u043e\u0445\u043e\u0434\u043e\u0432 \u0438 \u043f\u0443\u0442\u0435\u0448\u0435\u0441\u0442\u0432\u0438\u0439, \u0437\u0430\u0449\u0438\u0442\u0430 \u043e\u0442 \u043d\u0430\u0441\u0435\u043a\u043e\u043c\u044b\u0445 \u0434\u043b\u044f \u0442\u0443\u0440\u0438\u0441\u0442\u043e\u0432 \u043b\u044e\u0431\u044f\u0449\u0438\u0445 outdoor apparel \u0438 \u044d\u043a\u0438\u043f\u0438\u0440\u043e\u0432\u043a\u0443 \u0434\u043b\u044f \u0445\u0430\u0439\u043a\u0438\u043d\u0433\u0430 \u0438 \u0430\u043b\u044c\u043f\u0438\u043d\u0438\u0437\u043c\u0430"},{"@type":"BreadcrumbList","@id":"https:\/\/xstyle.md\/product\/moskitnaya-setka-pharmavoyage-mosquito-net-trek-1\/#breadcrumb","itemListElement":[{"@type":"ListItem","position":1,"name":"\u0413\u043b\u0430\u0432\u043d\u0430\u044f \u0441\u0442\u0440\u0430\u043d\u0438\u0446\u0430","item":"https:\/\/xstyle.md\/"},{"@type":"ListItem","position":2,"name":"\u041c\u0430\u0433\u0430\u0437\u0438\u043d","item":"https:\/\/xstyle.md\/shop\/"},{"@type":"ListItem","position":3,"name":"\u041c\u043e\u0441\u043a\u0438\u0442\u043d\u0430\u044f \u0441\u0435\u0442\u043a\u0430 Pharmavoyage mosquito net Trek 1"}]},{"@type":"WebSite","@id":"https:\/\/xstyle.md\/#website","url":"https:\/\/xstyle.md\/","name":"Magazinul X-Style","description":"Echipamente pentru turism \u0219i sporturi extreme \u00een Moldova. Pre\u021buri, fotografii, caracteristici \u00een Moldova.","publisher":{"@id":"https:\/\/xstyle.md\/#organization"},"alternateName":"X-Style","potentialAction":[{"@type":"SearchAction","target":{"@type":"EntryPoint","urlTemplate":"https:\/\/xstyle.md\/?s={search_term_string}"},"query-input":{"@type":"PropertyValueSpecification","valueRequired":true,"valueName":"search_term_string"}}],"inLanguage":"ro-RO"},{"@type":"Organization","@id":"https:\/\/xstyle.md\/#organization","name":"Magazinul X-Style","alternateName":"x-style","url":"https:\/\/xstyle.md\/","logo":{"@type":"ImageObject","inLanguage":"ro-RO","@id":"https:\/\/xstyle.md\/#\/schema\/logo\/image\/","url":"https:\/\/xstyle.md\/wp-content\/uploads\/2020\/06\/logoicon.svg","contentUrl":"https:\/\/xstyle.md\/wp-content\/uploads\/2020\/06\/logoicon.svg","caption":"\u041c\u0430\u0433\u0430\u0437\u0438\u043d Xstyle"},"image":{"@id":"https:\/\/xstyle.md\/#\/schema\/logo\/image\/"},"sameAs":["https:\/\/www.facebook.com\/xstylemd","https:\/\/www.instagram.com\/xstyle_md\/","https:\/\/t.me\/xstyle_outdoor"],"hasMerchantReturnPolicy":{"@type":"MerchantReturnPolicy","merchantReturnLink":"https:\/\/xstyle.md\/ro\/conditions\/"}}]},"product_price_amount":"690.00","product_price_currency":"MDL","og_availability":"instock","product_availability":"instock","product_retailer_item_id":"7640144283070","product_condition":"new"},"post_mailing_queue_ids":[],"_links":{"self":[{"href":"https:\/\/xstyle.md\/ro\/wp-json\/wp\/v2\/product\/71500","targetHints":{"allow":["GET"]}}],"collection":[{"href":"https:\/\/xstyle.md\/ro\/wp-json\/wp\/v2\/product"}],"about":[{"href":"https:\/\/xstyle.md\/ro\/wp-json\/wp\/v2\/types\/product"}],"replies":[{"embeddable":true,"href":"https:\/\/xstyle.md\/ro\/wp-json\/wp\/v2\/comments?post=71500"}],"wp:featuredmedia":[{"embeddable":true,"href":"https:\/\/xstyle.md\/ro\/wp-json\/wp\/v2\/media\/71681"}],"wp:attachment":[{"href":"https:\/\/xstyle.md\/ro\/wp-json\/wp\/v2\/media?parent=71500"}],"wp:term":[{"taxonomy":"product_brand","embeddable":true,"href":"https:\/\/xstyle.md\/ro\/wp-json\/wp\/v2\/product_brand?post=71500"},{"taxonomy":"product_cat","embeddable":true,"href":"https:\/\/xstyle.md\/ro\/wp-json\/wp\/v2\/product_cat?post=71500"},{"taxonomy":"product_tag","embeddable":true,"href":"https:\/\/xstyle.md\/ro\/wp-json\/wp\/v2\/product_tag?post=71500"}],"curies":[{"name":"wp","href":"https:\/\/api.w.org\/{rel}","templated":true}]}}