{"id":70487,"date":"2023-06-23T19:56:53","date_gmt":"2023-06-23T16:56:53","guid":{"rendered":"https:\/\/xstyle.md\/?post_type=product&#038;p=70487"},"modified":"2024-10-03T01:18:28","modified_gmt":"2024-10-02T22:18:28","slug":"fonar-nalobnyj-petzl-tikka-grey","status":"publish","type":"product","link":"https:\/\/xstyle.md\/ro\/produs\/fonar-nalobnyj-petzl-tikka-grey\/","title":{"rendered":"Lantern\u0103 frontal\u0103 Petzl Tikka Grey"},"content":{"rendered":"<\/p>\n<p><strong>Petzl Tikka Grey<\/strong> &#8212; o lantern\u0103 frontal\u0103 compact\u0103 cu lumin\u0103 ro\u0219ie, cu o intensitate luminoas\u0103 de 350 de lumeni. Aceasta este o lantern\u0103 excelent\u0103 atunci c\u00e2nd vine vorba de drume\u021bii, camping peste noapte, doar pentru a citi \u00eentr-un cort sau pentru a c\u0103l\u0103tori. Toate modurile sunt comutate cu un singur buton, lanterna este compact\u0103 \u0219i se potrive\u0219te \u00een buzunarul unei jachete sau al unui rucsac. Reflectorul fosforescent \u00eencorporat face ca aceasta s\u0103 fie u\u0219or de g\u0103sit \u00een \u00eentuneric, iar iluminarea ro\u0219ie ajut\u0103 la evitarea orbirii celorlal\u021bi. TIKKA este livrat\u0103 cu trei baterii standard \u0219i este compatibil\u0103 \u0219i cu bateria CORE datorit\u0103 tehnologiei HYBRID CONCEPT.<\/p>\n<h3>Particularit\u0103\u021bi<\/h3>\n<ul>\n<li>Fascicol larg \u0219i uniform pentru o iluminare confortabil\u0103 la distan\u021b\u0103 apropiat\u0103<\/li>\n<li>Trei niveluri de lumin\u0103 alb\u0103: autonomie maxim\u0103, mod mediu (cel mai bun echilibru \u00eentre putere \u0219i autonomie) \u0219i luminozitate maxim\u0103<\/li>\n<li>Diod\u0103 ro\u0219ie: mod de iluminare continu\u0103 (ajut\u0103 la p\u0103strarea vederii pe timp de noapte f\u0103r\u0103 a-i orbi pe ceilal\u021bi) \u0219i stroboscop pentru a v\u0103 semnala loca\u021bia (util \u00een situa\u021bii de urgen\u021b\u0103)<\/li>\n<li>Un singur buton pentru selectarea rapid\u0103 \u0219i u\u0219oar\u0103 a luminozit\u0103\u021bii sau a culorii luminii<\/li>\n<li>Regla\u021bi cu u\u0219urin\u021b\u0103 unghiul luminii<\/li>\n<li>Indicatorul de \u00eenc\u0103rcare a bateriei arat\u0103 nivelul de \u00eenc\u0103rcare de fiecare dat\u0103 c\u00e2nd lanterna este pornit\u0103 sau oprit\u0103<\/li>\n<li>Reflector fosforescent util pentru localizarea lanternei \u00een \u00eentuneric<\/li>\n<li>Func\u021bia LOCK \u00eempiedic\u0103 pornirea lanternei \u00een timpul transportului sau depozit\u0103rii<\/li>\n<li>Cureaua deta\u0219abil\u0103 pentru cap cu \u00eenchiz\u0103tori simetrice pentru o ajustare u\u0219oar\u0103 a dimensiunii<\/li>\n<li>Husa practic\u0103 de depozitare SHELL LT v\u0103 ajut\u0103, de asemenea, s\u0103 transforma\u021bi lanterna \u00eentr-o lamp\u0103 de camping.<\/li>\n<li>CONCEPT HIBRID: TIKKA vine cu 3 baterii AAA\/LR03 \u0219i este, de asemenea, compatibil\u0103 cu bateria CORE (nu este inclus\u0103). Lanterna detecteaz\u0103 automat sursa de alimentare \u0219i regleaz\u0103 puterea de iluminare<\/li>\n<li>Compatibil\u0103 cu suporturile HELMET ADAPT \u0219i BIKE ADAPT 2, pute\u021bi ata\u0219a lanterna la diferite tipuri de c\u0103\u0219ti sau biciclete.<\/li>\n<\/ul>\n<h3>Caracteristici<\/h3>\n<ul>\n<li>Alimentare: trei baterii AAA\/LR03 (incluse) sau bateria re\u00eenc\u0103rcabil\u0103 CORE (disponibil\u0103 ca accesoriu)<\/li>\n<li>Compatibilitate cu baterii: baterii alcaline, litiu sau baterii re\u00eenc\u0103rcabile Ni-MH<\/li>\n<li>Rezistent la intemperii: IPX4 (rezistent la intemperii)<\/li>\n<li>Tip de fascicul: larg sau mixt<\/li>\n<li>Luminozitate: 350 lumeni<\/li>\n<li>Certificare: CE<\/li>\n<li>Greutate: 94 g.<\/li>\n<\/ul>\n<p><em>Garan\u021bia oficial\u0103 a produc\u0103torului Petzl este de 5 ani.<\/em><\/p>\n<h3>Marca<\/h3>\n<p>PETZL este un brand de renume mondial care produce echipamente specializate pentru alpinism, speologie, escalad\u0103 \u0219i alpinism industrial. Compania a fost fondat\u0103 de Fernand Petzel, un om pasionat de speologie de o via\u021b\u0103 \u00eentreag\u0103. La mijlocul anilor 1970, pasiunea sa \u0219i afacerea de familie au crescut \u00een ceva mai mult. Fernand a \u00eenceput s\u0103 modifice dispozitivele existente folosite \u00een speologie \u0219i apoi s\u0103 inventeze unele complet noi.<\/p>\n<p>Gama de produse a companiei s-a extins pentru a include iluminatul, deoarece \u00een \u00eentunericul pe\u0219terilor acesta este unul dintre cele mai importante echipamente necesare. Dup\u0103 speologie, PETZL a dezvoltat echipamente pentru alpini\u0219ti, iar mai t\u00e2rziu pentru lucrul la \u00een\u0103l\u021bime.<\/p>\n<p>Misiunea PETZL este de a crea instrumente inovatoare care s\u0103 le permit\u0103 b\u0103rba\u021bilor \u0219i femeilor s\u0103 ating\u0103 noi \u00een\u0103l\u021bimi pe vertical\u0103 \u0219i s\u0103 lumineze calea \u00een \u00eentuneric. Compania se afl\u0103 \u00eentr-o c\u0103utare nesf\u00e2r\u0219it\u0103 a celei mai bune solu\u021bii \u00een toate domeniile de activitate. Performan\u021ba, ergonomia, confortul \u0219i, cel mai important, siguran\u021ba sunt cele mai importante criterii \u00een aceast\u0103 c\u0103utare. Accesul la ceea ce este inaccesibil sau &#171;atingerea a ceea ce este de neatins&#187; este motto-ul s\u0103u de lung\u0103 durat\u0103.<\/p>\n<p><\/p>","protected":false},"excerpt":{"rendered":"","protected":false},"featured_media":71380,"comment_status":"open","ping_status":"closed","template":"","meta":{"_acf_changed":false,"inline_featured_image":false},"product_brand":[1270],"product_cat":[91],"product_tag":[],"class_list":{"0":"post-70487","1":"product","2":"type-product","3":"status-publish","4":"has-post-thumbnail","6":"product_brand-petzl","7":"product_cat-headlamps","9":"first","10":"instock","11":"shipping-taxable","12":"purchasable","13":"product-type-simple"},"acf":[],"yoast_head":"<!-- This site is optimized with the Yoast SEO plugin v27.4 - https:\/\/yoast.com\/product\/yoast-seo-wordpress\/ -->\n<title>\u0424\u043e\u043d\u0430\u0440\u044c \u043d\u0430\u043b\u043e\u0431\u043d\u044b\u0439 Petzl Tikka Grey - \u041c\u0430\u0433\u0430\u0437\u0438\u043d Xstyle<\/title>\n<meta name=\"description\" content=\"\u0424\u043e\u043d\u0430\u0440\u044c \u043d\u0430\u043b\u043e\u0431\u043d\u044b\u0439 Petzl Tikka Grey \u2014 \u043a\u043e\u043c\u043f\u0430\u043a\u0442\u043d\u0430\u044f \u043c\u043e\u0434\u0435\u043b\u044c \u0441 \u044f\u0440\u043a\u043e\u0441\u0442\u044c\u044e 350 \u043b\u043c, \u0438\u0434\u0435\u0430\u043b\u044c\u043d\u0430 \u0434\u043b\u044f \u043f\u043e\u0445\u043e\u0434\u043e\u0432 \u0438 \u043a\u0435\u043c\u043f\u0438\u043d\u0433\u0430. \u0423\u0434\u043e\u0431\u0435\u043d \u0432 \u0438\u0441\u043f\u043e\u043b\u044c\u0437\u043e\u0432\u0430\u043d\u0438\u0438, \u0437\u0430\u0449\u0438\u0449\u0435\u043d \u043e\u0442 \u0432\u043b\u0430\u0433\u0438.\" \/>\n<meta name=\"robots\" content=\"index, follow, max-snippet:-1, max-image-preview:large, max-video-preview:-1\" \/>\n<link rel=\"canonical\" href=\"https:\/\/xstyle.md\/ro\/produs\/fonar-nalobnyj-petzl-tikka-grey\/\" \/>\n<meta property=\"og:locale\" content=\"ro_RO\" \/>\n<meta property=\"og:type\" content=\"article\" \/>\n<meta property=\"og:title\" content=\"\u0424\u043e\u043d\u0430\u0440\u044c \u043d\u0430\u043b\u043e\u0431\u043d\u044b\u0439 Petzl Tikka Grey - \u041c\u0430\u0433\u0430\u0437\u0438\u043d Xstyle\" \/>\n<meta property=\"og:description\" content=\"\u0424\u043e\u043d\u0430\u0440\u044c \u043d\u0430\u043b\u043e\u0431\u043d\u044b\u0439 Petzl Tikka Grey \u2014 \u043a\u043e\u043c\u043f\u0430\u043a\u0442\u043d\u0430\u044f \u043c\u043e\u0434\u0435\u043b\u044c \u0441 \u044f\u0440\u043a\u043e\u0441\u0442\u044c\u044e 350 \u043b\u043c, \u0438\u0434\u0435\u0430\u043b\u044c\u043d\u0430 \u0434\u043b\u044f \u043f\u043e\u0445\u043e\u0434\u043e\u0432 \u0438 \u043a\u0435\u043c\u043f\u0438\u043d\u0433\u0430. \u0423\u0434\u043e\u0431\u0435\u043d \u0432 \u0438\u0441\u043f\u043e\u043b\u044c\u0437\u043e\u0432\u0430\u043d\u0438\u0438, \u0437\u0430\u0449\u0438\u0449\u0435\u043d \u043e\u0442 \u0432\u043b\u0430\u0433\u0438.\" \/>\n<meta property=\"og:url\" content=\"https:\/\/xstyle.md\/ro\/produs\/fonar-nalobnyj-petzl-tikka-grey\/\" \/>\n<meta property=\"og:site_name\" content=\"\u041c\u0430\u0433\u0430\u0437\u0438\u043d Xstyle\" \/>\n<meta property=\"article:publisher\" content=\"https:\/\/www.facebook.com\/xstylemd\" \/>\n<meta property=\"article:modified_time\" content=\"2024-10-02T22:18:28+00:00\" \/>\n<meta property=\"og:image\" content=\"https:\/\/xstyle.md\/wp-content\/uploads\/2023\/06\/petzl-tikka-grey.jpg\" \/>\n\t<meta property=\"og:image:width\" content=\"900\" \/>\n\t<meta property=\"og:image:height\" content=\"767\" \/>\n\t<meta property=\"og:image:type\" content=\"image\/jpeg\" \/>\n<meta name=\"twitter:card\" content=\"summary_large_image\" \/>\n<meta name=\"twitter:label1\" content=\"Pre\u021b\" \/>\n\t<meta name=\"twitter:data1\" content=\"760&nbsp;MDL\" \/>\n\t<meta name=\"twitter:label2\" content=\"Disponibilitate\" \/>\n\t<meta name=\"twitter:data2\" content=\"\u00cen stoc\" \/>\n<script type=\"application\/ld+json\" class=\"yoast-schema-graph\">{\"@context\":\"https:\\\/\\\/schema.org\",\"@graph\":[{\"@type\":\"WebPage\",\"@id\":\"https:\\\/\\\/xstyle.md\\\/product\\\/fonar-nalobnyj-petzl-tikka-grey\\\/\",\"url\":\"https:\\\/\\\/xstyle.md\\\/product\\\/fonar-nalobnyj-petzl-tikka-grey\\\/\",\"name\":\"\u0424\u043e\u043d\u0430\u0440\u044c \u043d\u0430\u043b\u043e\u0431\u043d\u044b\u0439 Petzl Tikka Grey - \u041c\u0430\u0433\u0430\u0437\u0438\u043d Xstyle\",\"isPartOf\":{\"@id\":\"https:\\\/\\\/xstyle.md\\\/#website\"},\"primaryImageOfPage\":{\"@id\":\"https:\\\/\\\/xstyle.md\\\/product\\\/fonar-nalobnyj-petzl-tikka-grey\\\/#primaryimage\"},\"image\":{\"@id\":\"https:\\\/\\\/xstyle.md\\\/product\\\/fonar-nalobnyj-petzl-tikka-grey\\\/#primaryimage\"},\"thumbnailUrl\":\"https:\\\/\\\/xstyle.md\\\/wp-content\\\/uploads\\\/2023\\\/06\\\/petzl-tikka-grey.jpg\",\"datePublished\":\"2023-06-23T16:56:53+00:00\",\"dateModified\":\"2024-10-02T22:18:28+00:00\",\"description\":\"\u0424\u043e\u043d\u0430\u0440\u044c \u043d\u0430\u043b\u043e\u0431\u043d\u044b\u0439 Petzl Tikka Grey \u2014 \u043a\u043e\u043c\u043f\u0430\u043a\u0442\u043d\u0430\u044f \u043c\u043e\u0434\u0435\u043b\u044c \u0441 \u044f\u0440\u043a\u043e\u0441\u0442\u044c\u044e 350 \u043b\u043c, \u0438\u0434\u0435\u0430\u043b\u044c\u043d\u0430 \u0434\u043b\u044f \u043f\u043e\u0445\u043e\u0434\u043e\u0432 \u0438 \u043a\u0435\u043c\u043f\u0438\u043d\u0433\u0430. \u0423\u0434\u043e\u0431\u0435\u043d \u0432 \u0438\u0441\u043f\u043e\u043b\u044c\u0437\u043e\u0432\u0430\u043d\u0438\u0438, \u0437\u0430\u0449\u0438\u0449\u0435\u043d \u043e\u0442 \u0432\u043b\u0430\u0433\u0438.\",\"breadcrumb\":{\"@id\":\"https:\\\/\\\/xstyle.md\\\/product\\\/fonar-nalobnyj-petzl-tikka-grey\\\/#breadcrumb\"},\"inLanguage\":\"ro-RO\",\"potentialAction\":[{\"@type\":\"ReadAction\",\"target\":[\"https:\\\/\\\/xstyle.md\\\/product\\\/fonar-nalobnyj-petzl-tikka-grey\\\/\"]}]},{\"@type\":\"ImageObject\",\"inLanguage\":\"ro-RO\",\"@id\":\"https:\\\/\\\/xstyle.md\\\/product\\\/fonar-nalobnyj-petzl-tikka-grey\\\/#primaryimage\",\"url\":\"https:\\\/\\\/xstyle.md\\\/wp-content\\\/uploads\\\/2023\\\/06\\\/petzl-tikka-grey.jpg\",\"contentUrl\":\"https:\\\/\\\/xstyle.md\\\/wp-content\\\/uploads\\\/2023\\\/06\\\/petzl-tikka-grey.jpg\",\"width\":900,\"height\":767,\"caption\":\"\u041d\u0430\u043b\u043e\u0431\u043d\u044b\u0439 \u0444\u043e\u043d\u0430\u0440\u044c Petzl Tikka Grey \u0434\u043b\u044f \u0430\u043a\u0442\u0438\u0432\u043d\u043e\u0433\u043e \u043e\u0442\u0434\u044b\u0445\u0430 \u043f\u043e\u0445\u043e\u0434\u044b \u043a\u0435\u043c\u043f\u0438\u043d\u0433 \u0442\u0443\u0440\u0438\u0441\u0442\u0438\u0447\u0435\u0441\u043a\u0430\u044f \u044d\u043a\u0438\u043f\u0438\u0440\u043e\u0432\u043a\u0430 \u043e\u0434\u0435\u0436\u0434\u0430 \u043e\u0431\u0443\u0432\u044c \u0434\u043b\u044f \u0430\u043a\u0442\u0438\u0432\u043d\u043e\u0439 \u0436\u0438\u0437\u043d\u0438 \u043a\u0430\u0440\u0430\u0432\u0430\u043d\u044b \u043f\u0443\u0442\u0435\u0448\u0435\u0441\u0442\u0432\u0438\u044f \u0438 \u0430\u043b\u044c\u043f\u0438\u043d\u0438\u0437\u043c\"},{\"@type\":\"BreadcrumbList\",\"@id\":\"https:\\\/\\\/xstyle.md\\\/product\\\/fonar-nalobnyj-petzl-tikka-grey\\\/#breadcrumb\",\"itemListElement\":[{\"@type\":\"ListItem\",\"position\":1,\"name\":\"\u0413\u043b\u0430\u0432\u043d\u0430\u044f \u0441\u0442\u0440\u0430\u043d\u0438\u0446\u0430\",\"item\":\"https:\\\/\\\/xstyle.md\\\/\"},{\"@type\":\"ListItem\",\"position\":2,\"name\":\"\u041c\u0430\u0433\u0430\u0437\u0438\u043d\",\"item\":\"https:\\\/\\\/xstyle.md\\\/shop\\\/\"},{\"@type\":\"ListItem\",\"position\":3,\"name\":\"\u0424\u043e\u043d\u0430\u0440\u044c \u043d\u0430\u043b\u043e\u0431\u043d\u044b\u0439 Petzl Tikka Grey\"}]},{\"@type\":\"WebSite\",\"@id\":\"https:\\\/\\\/xstyle.md\\\/#website\",\"url\":\"https:\\\/\\\/xstyle.md\\\/\",\"name\":\"\u041c\u0430\u0433\u0430\u0437\u0438\u043d Xstyle\",\"description\":\"C\u043d\u0430\u0440\u044f\u0436\u0435\u043d\u0438\u0435 \u0434\u043b\u044f \u0442\u0443\u0440\u0438\u0437\u043c\u0430 \u0438 \u044d\u043a\u0441\u0442\u0440\u0435\u043c\u0430\u043b\u044c\u043d\u044b\u0445 \u0432\u0438\u0434\u043e\u0432 \u0441\u043f\u043e\u0440\u0442\u0430 \u0432 \u041c\u043e\u043b\u0434\u043e\u0432\u0435.. \u0426\u0435\u043d\u044b, \u0444\u043e\u0442\u043e, \u0445\u0430\u0440\u0430\u043a\u0442\u0435\u0440\u0438\u0441\u0442\u0438\u043a\u0438 \u0432 \u041c\u043e\u043b\u0434\u043e\u0432\u0435.\",\"publisher\":{\"@id\":\"https:\\\/\\\/xstyle.md\\\/#organization\"},\"alternateName\":\"X-Style\",\"potentialAction\":[{\"@type\":\"SearchAction\",\"target\":{\"@type\":\"EntryPoint\",\"urlTemplate\":\"https:\\\/\\\/xstyle.md\\\/?s={search_term_string}\"},\"query-input\":{\"@type\":\"PropertyValueSpecification\",\"valueRequired\":true,\"valueName\":\"search_term_string\"}}],\"inLanguage\":\"ro-RO\"},{\"@type\":\"Organization\",\"@id\":\"https:\\\/\\\/xstyle.md\\\/#organization\",\"name\":\"\u041c\u0430\u0433\u0430\u0437\u0438\u043d Xstyle\",\"alternateName\":\"x-style\",\"url\":\"https:\\\/\\\/xstyle.md\\\/\",\"logo\":{\"@type\":\"ImageObject\",\"inLanguage\":\"ro-RO\",\"@id\":\"https:\\\/\\\/xstyle.md\\\/#\\\/schema\\\/logo\\\/image\\\/\",\"url\":\"https:\\\/\\\/xstyle.md\\\/wp-content\\\/uploads\\\/2020\\\/06\\\/logoicon.svg\",\"contentUrl\":\"https:\\\/\\\/xstyle.md\\\/wp-content\\\/uploads\\\/2020\\\/06\\\/logoicon.svg\",\"caption\":\"\u041c\u0430\u0433\u0430\u0437\u0438\u043d Xstyle\"},\"image\":{\"@id\":\"https:\\\/\\\/xstyle.md\\\/#\\\/schema\\\/logo\\\/image\\\/\"},\"sameAs\":[\"https:\\\/\\\/www.facebook.com\\\/xstylemd\",\"https:\\\/\\\/www.instagram.com\\\/xstyle_md\\\/\",\"https:\\\/\\\/t.me\\\/xstyle_outdoor\"],\"hasMerchantReturnPolicy\":{\"@type\":\"MerchantReturnPolicy\",\"merchantReturnLink\":\"https:\\\/\\\/xstyle.md\\\/ro\\\/conditions\\\/\"}}]}<\/script>\n<meta property=\"product:price:amount\" content=\"760.00\" \/>\n<meta property=\"product:price:currency\" content=\"MDL\" \/>\n<meta property=\"og:availability\" content=\"instock\" \/>\n<meta property=\"product:availability\" content=\"instock\" \/>\n<meta property=\"product:retailer_item_id\" content=\"3342540839106\" \/>\n<meta property=\"product:condition\" content=\"new\" \/>\n<!-- \/ Yoast SEO plugin. -->","yoast_head_json":{"title":"Lantern\u0103 frontal\u0103 Petzl Tikka Grey - Magazin Xstyle","description":"Lanterna frontal\u0103 Petzl Tikka Grey \u2014 model compact cu o intensitate de 350 lm, ideal pentru drume\u021bii \u0219i camping. U\u0219or de utilizat, protejat\u0103 \u00eempotriva umezelii.","robots":{"index":"index","follow":"follow","max-snippet":"max-snippet:-1","max-image-preview":"max-image-preview:large","max-video-preview":"max-video-preview:-1"},"canonical":"https:\/\/xstyle.md\/ro\/produs\/fonar-nalobnyj-petzl-tikka-grey\/","og_locale":"ro_RO","og_type":"article","og_title":"\u0424\u043e\u043d\u0430\u0440\u044c \u043d\u0430\u043b\u043e\u0431\u043d\u044b\u0439 Petzl Tikka Grey - \u041c\u0430\u0433\u0430\u0437\u0438\u043d Xstyle","og_description":"\u0424\u043e\u043d\u0430\u0440\u044c \u043d\u0430\u043b\u043e\u0431\u043d\u044b\u0439 Petzl Tikka Grey \u2014 \u043a\u043e\u043c\u043f\u0430\u043a\u0442\u043d\u0430\u044f \u043c\u043e\u0434\u0435\u043b\u044c \u0441 \u044f\u0440\u043a\u043e\u0441\u0442\u044c\u044e 350 \u043b\u043c, \u0438\u0434\u0435\u0430\u043b\u044c\u043d\u0430 \u0434\u043b\u044f \u043f\u043e\u0445\u043e\u0434\u043e\u0432 \u0438 \u043a\u0435\u043c\u043f\u0438\u043d\u0433\u0430. \u0423\u0434\u043e\u0431\u0435\u043d \u0432 \u0438\u0441\u043f\u043e\u043b\u044c\u0437\u043e\u0432\u0430\u043d\u0438\u0438, \u0437\u0430\u0449\u0438\u0449\u0435\u043d \u043e\u0442 \u0432\u043b\u0430\u0433\u0438.","og_url":"https:\/\/xstyle.md\/ro\/produs\/fonar-nalobnyj-petzl-tikka-grey\/","og_site_name":"\u041c\u0430\u0433\u0430\u0437\u0438\u043d Xstyle","article_publisher":"https:\/\/www.facebook.com\/xstylemd","article_modified_time":"2024-10-02T22:18:28+00:00","og_image":[{"width":900,"height":767,"url":"https:\/\/xstyle.md\/wp-content\/uploads\/2023\/06\/petzl-tikka-grey.jpg","type":"image\/jpeg"}],"twitter_card":"summary_large_image","twitter_misc":{"Pre\u021b":"760&nbsp;MDL","Disponibilitate":"\u00cen stoc"},"schema":{"@context":"https:\/\/schema.org","@graph":[{"@type":"WebPage","@id":"https:\/\/xstyle.md\/product\/fonar-nalobnyj-petzl-tikka-grey\/","url":"https:\/\/xstyle.md\/product\/fonar-nalobnyj-petzl-tikka-grey\/","name":"Lantern\u0103 frontal\u0103 Petzl Tikka Grey - Magazin Xstyle","isPartOf":{"@id":"https:\/\/xstyle.md\/#website"},"primaryImageOfPage":{"@id":"https:\/\/xstyle.md\/product\/fonar-nalobnyj-petzl-tikka-grey\/#primaryimage"},"image":{"@id":"https:\/\/xstyle.md\/product\/fonar-nalobnyj-petzl-tikka-grey\/#primaryimage"},"thumbnailUrl":"https:\/\/xstyle.md\/wp-content\/uploads\/2023\/06\/petzl-tikka-grey.jpg","datePublished":"2023-06-23T16:56:53+00:00","dateModified":"2024-10-02T22:18:28+00:00","description":"Lanterna frontal\u0103 Petzl Tikka Grey \u2014 model compact cu o intensitate de 350 lm, ideal pentru drume\u021bii \u0219i camping. U\u0219or de utilizat, protejat\u0103 \u00eempotriva umezelii.","breadcrumb":{"@id":"https:\/\/xstyle.md\/product\/fonar-nalobnyj-petzl-tikka-grey\/#breadcrumb"},"inLanguage":"ro-RO","potentialAction":[{"@type":"ReadAction","target":["https:\/\/xstyle.md\/product\/fonar-nalobnyj-petzl-tikka-grey\/"]}]},{"@type":"ImageObject","inLanguage":"ro-RO","@id":"https:\/\/xstyle.md\/product\/fonar-nalobnyj-petzl-tikka-grey\/#primaryimage","url":"https:\/\/xstyle.md\/wp-content\/uploads\/2023\/06\/petzl-tikka-grey.jpg","contentUrl":"https:\/\/xstyle.md\/wp-content\/uploads\/2023\/06\/petzl-tikka-grey.jpg","width":900,"height":767,"caption":"\u041d\u0430\u043b\u043e\u0431\u043d\u044b\u0439 \u0444\u043e\u043d\u0430\u0440\u044c Petzl Tikka Grey \u0434\u043b\u044f \u0430\u043a\u0442\u0438\u0432\u043d\u043e\u0433\u043e \u043e\u0442\u0434\u044b\u0445\u0430 \u043f\u043e\u0445\u043e\u0434\u044b \u043a\u0435\u043c\u043f\u0438\u043d\u0433 \u0442\u0443\u0440\u0438\u0441\u0442\u0438\u0447\u0435\u0441\u043a\u0430\u044f \u044d\u043a\u0438\u043f\u0438\u0440\u043e\u0432\u043a\u0430 \u043e\u0434\u0435\u0436\u0434\u0430 \u043e\u0431\u0443\u0432\u044c \u0434\u043b\u044f \u0430\u043a\u0442\u0438\u0432\u043d\u043e\u0439 \u0436\u0438\u0437\u043d\u0438 \u043a\u0430\u0440\u0430\u0432\u0430\u043d\u044b \u043f\u0443\u0442\u0435\u0448\u0435\u0441\u0442\u0432\u0438\u044f \u0438 \u0430\u043b\u044c\u043f\u0438\u043d\u0438\u0437\u043c"},{"@type":"BreadcrumbList","@id":"https:\/\/xstyle.md\/product\/fonar-nalobnyj-petzl-tikka-grey\/#breadcrumb","itemListElement":[{"@type":"ListItem","position":1,"name":"\u0413\u043b\u0430\u0432\u043d\u0430\u044f \u0441\u0442\u0440\u0430\u043d\u0438\u0446\u0430","item":"https:\/\/xstyle.md\/"},{"@type":"ListItem","position":2,"name":"\u041c\u0430\u0433\u0430\u0437\u0438\u043d","item":"https:\/\/xstyle.md\/shop\/"},{"@type":"ListItem","position":3,"name":"\u0424\u043e\u043d\u0430\u0440\u044c \u043d\u0430\u043b\u043e\u0431\u043d\u044b\u0439 Petzl Tikka Grey"}]},{"@type":"WebSite","@id":"https:\/\/xstyle.md\/#website","url":"https:\/\/xstyle.md\/","name":"Magazinul X-Style","description":"Echipamente pentru turism \u0219i sporturi extreme \u00een Moldova. Pre\u021buri, fotografii, caracteristici \u00een Moldova.","publisher":{"@id":"https:\/\/xstyle.md\/#organization"},"alternateName":"X-Style","potentialAction":[{"@type":"SearchAction","target":{"@type":"EntryPoint","urlTemplate":"https:\/\/xstyle.md\/?s={search_term_string}"},"query-input":{"@type":"PropertyValueSpecification","valueRequired":true,"valueName":"search_term_string"}}],"inLanguage":"ro-RO"},{"@type":"Organization","@id":"https:\/\/xstyle.md\/#organization","name":"Magazinul X-Style","alternateName":"x-style","url":"https:\/\/xstyle.md\/","logo":{"@type":"ImageObject","inLanguage":"ro-RO","@id":"https:\/\/xstyle.md\/#\/schema\/logo\/image\/","url":"https:\/\/xstyle.md\/wp-content\/uploads\/2020\/06\/logoicon.svg","contentUrl":"https:\/\/xstyle.md\/wp-content\/uploads\/2020\/06\/logoicon.svg","caption":"\u041c\u0430\u0433\u0430\u0437\u0438\u043d Xstyle"},"image":{"@id":"https:\/\/xstyle.md\/#\/schema\/logo\/image\/"},"sameAs":["https:\/\/www.facebook.com\/xstylemd","https:\/\/www.instagram.com\/xstyle_md\/","https:\/\/t.me\/xstyle_outdoor"],"hasMerchantReturnPolicy":{"@type":"MerchantReturnPolicy","merchantReturnLink":"https:\/\/xstyle.md\/ro\/conditions\/"}}]},"product_price_amount":"760.00","product_price_currency":"MDL","og_availability":"instock","product_availability":"instock","product_retailer_item_id":"3342540839106","product_condition":"new"},"_links":{"self":[{"href":"https:\/\/xstyle.md\/ro\/wp-json\/wp\/v2\/product\/70487","targetHints":{"allow":["GET"]}}],"collection":[{"href":"https:\/\/xstyle.md\/ro\/wp-json\/wp\/v2\/product"}],"about":[{"href":"https:\/\/xstyle.md\/ro\/wp-json\/wp\/v2\/types\/product"}],"replies":[{"embeddable":true,"href":"https:\/\/xstyle.md\/ro\/wp-json\/wp\/v2\/comments?post=70487"}],"wp:featuredmedia":[{"embeddable":true,"href":"https:\/\/xstyle.md\/ro\/wp-json\/wp\/v2\/media\/71380"}],"wp:attachment":[{"href":"https:\/\/xstyle.md\/ro\/wp-json\/wp\/v2\/media?parent=70487"}],"wp:term":[{"taxonomy":"product_brand","embeddable":true,"href":"https:\/\/xstyle.md\/ro\/wp-json\/wp\/v2\/product_brand?post=70487"},{"taxonomy":"product_cat","embeddable":true,"href":"https:\/\/xstyle.md\/ro\/wp-json\/wp\/v2\/product_cat?post=70487"},{"taxonomy":"product_tag","embeddable":true,"href":"https:\/\/xstyle.md\/ro\/wp-json\/wp\/v2\/product_tag?post=70487"}],"curies":[{"name":"wp","href":"https:\/\/api.w.org\/{rel}","templated":true}]}}