{"id":70478,"date":"2023-06-23T19:56:51","date_gmt":"2023-06-23T16:56:51","guid":{"rendered":"https:\/\/xstyle.md\/?post_type=product&#038;p=70478"},"modified":"2026-04-07T15:24:19","modified_gmt":"2026-04-07T12:24:19","slug":"fonar-nalobnyj-petzl-aria-1-rgb-black","status":"publish","type":"product","link":"https:\/\/xstyle.md\/ro\/produs\/fonar-nalobnyj-petzl-aria-1-rgb-black\/","title":{"rendered":"Lantern\u0103 frontal\u0103 Petzl Aria 1 RGB black"},"content":{"rendered":"<\/p>\n<p><strong>Petzl Aria 1 RGB<\/strong>\u00a0 &#8212; lantern\u0103 frontal\u0103 compact\u0103 echipat\u0103 cu un LED luminos cu o putere de iluminare de 350 de lumeni. Lanterna este durabil\u0103, rezistent\u0103 la c\u0103deri \u0219i \u0219ocuri. \u00cen plus, lanterna este rezistent\u0103 la ap\u0103 \u0219i la praf, ceea ce \u00eei permite s\u0103 fie utilizat\u0103 \u00eentr-o varietate de condi\u021bii de lucru. Controlul nivelului de lumin\u0103 este u\u0219or, folosind un singur buton pentru a controla toate func\u021biile lanternei. Fasciculul uniform \u0219i larg asigur\u0103 o iluminare confortabil\u0103 la distan\u021be apropiate. Lanterna poate fi purtat\u0103 pe cap, \u00een jurul g\u00e2tului sau montat\u0103 pe diferite tipuri de c\u0103\u0219ti cu ajutorul pl\u0103cilor de montare disponibile ca accesorii. ARIA 1 este livrat\u0103 cu trei baterii AAA standard \u0219i este, de asemenea, compatibil\u0103 cu bateria re\u00eenc\u0103rcabil\u0103 CORE.<\/p>\n<p><strong>Lantern\u0103 frontal\u0103 este conceput\u0103 pentru o utilizare ocazional\u0103 la locul de munc\u0103:\u00a0<\/strong><\/p>\n<ul>\n<li>rezistent la \u0219ocuri (IK07) \u0219i la c\u0103deri (p\u00e2n\u0103 la 2 metri)<\/li>\n<li>rezistent la praf \u0219i la ap\u0103 (IP67)<\/li>\n<li>fascicul larg \u0219i uniform care asigur\u0103 o iluminare confortabil\u0103 pentru lucrul la distan\u021be mici<\/li>\n<li>trei niveluri de iluminare: mod economic, standard \u0219i de luminozitate maxim\u0103.<\/li>\n<\/ul>\n<p><strong>Comoditate:\u00a0<\/strong><\/p>\n<ul>\n<li>un singur buton pentru selectarea rapid\u0103 \u0219i u\u0219oar\u0103 a nivelului de iluminare<\/li>\n<li>ajustare convenabil\u0103 a unghiului<\/li>\n<li>indicatorul de \u00eenc\u0103rcare a bateriei arat\u0103 nivelul bateriei de fiecare dat\u0103 c\u00e2nd lanterna este pornit\u0103 \u0219i oprit\u0103<\/li>\n<li>func\u021bia LOCK \u00eempiedic\u0103 pornirea accidental\u0103 a lanternei \u00een timpul transportului sau depozit\u0103rii.<\/li>\n<\/ul>\n<p><strong>Utilitate:<\/strong><\/p>\n<ul>\n<li>curea pentru cap cu reglare simetric\u0103 pe ambele p\u0103r\u021bi<\/li>\n<li>cureaua pentru cap poate fi \u00eendep\u0103rtat\u0103 pentru a o sp\u0103la sau pentru a o \u00eenlocui cu una nou\u0103 (disponibil\u0103 ca accesoriu).<\/li>\n<li>lumina este compatibil\u0103 cu suporturile care permit montarea ei pe casc\u0103 (HELMET ADAPT pentru toate c\u0103\u0219tile, SLOT ADAPT pentru c\u0103\u0219tile cu o fant\u0103 special\u0103 de montare).<\/li>\n<li>ARIA 1 este livrat\u0103 cu trei baterii AAA\/LR03 \u0219i, datorit\u0103 tehnologiei HYBRID CONCEPT, este compatibil\u0103 \u0219i cu bateria re\u00eenc\u0103rcabil\u0103 CORE (nu este inclus\u0103).<\/li>\n<li>lanterna detecteaz\u0103 sursa de alimentare \u0219i optimizeaz\u0103 performan\u021ba de iluminare: cu bateria CORE, luminozitatea este mai mare atunci c\u00e2nd este pornit\u0103 (450 de lumeni \u00een modul maxim).<\/li>\n<\/ul>\n<h3>Caracteristici<\/h3>\n<ul>\n<li>Alimentare: trei baterii AAA\/LR03 (incluse) sau bateria re\u00eenc\u0103rcabil\u0103 CORE (disponibil\u0103 ca accesoriu)<\/li>\n<li>Compatibilitate cu baterii: baterii alcaline, litiu sau baterii re\u00eenc\u0103rcabile Ni-MH<\/li>\n<li>Rezistent la ap\u0103: IP67<\/li>\n<li>Rezisten\u021b\u0103 la \u0219ocuri: IK07 (EN\/IEC 62262)<\/li>\n<li>Rezisten\u021b\u0103 la c\u0103dere: p\u00e2n\u0103 la 2 metri (ANSI\/PLATO FL 1)<\/li>\n<li>Tip de fascicul: larg<\/li>\n<li>Luminozitate: 350 lumeni<\/li>\n<li>Certificare: CE, UKCA<\/li>\n<li>Greutate: 105 g.<\/li>\n<\/ul>\n<p><em>Garan\u021bia oficial\u0103 a produc\u0103torului Petzl este de 5 ani.<\/em><\/p>\n<h3>Marca<\/h3>\n<p>PETZL este un brand de renume mondial care produce echipamente specializate pentru alpinism, speologie, escalad\u0103 \u0219i alpinism industrial. Compania a fost fondat\u0103 de Fernand Petzel, un om pasionat de speologie de o via\u021b\u0103 \u00eentreag\u0103. La mijlocul anilor 1970, pasiunea sa \u0219i afacerea de familie au crescut \u00een ceva mai mult. Fernand a \u00eenceput s\u0103 modifice dispozitivele existente folosite \u00een speologie \u0219i apoi s\u0103 inventeze unele complet noi.<\/p>\n<p>Gama de produse a companiei s-a extins pentru a include iluminatul, deoarece \u00een \u00eentunericul pe\u0219terilor acesta este unul dintre cele mai importante echipamente necesare. Dup\u0103 speologie, PETZL a dezvoltat echipamente pentru alpini\u0219ti, iar mai t\u00e2rziu pentru lucrul la \u00een\u0103l\u021bime.<\/p>\n<p>Misiunea PETZL este de a crea instrumente inovatoare care s\u0103 le permit\u0103 b\u0103rba\u021bilor \u0219i femeilor s\u0103 ating\u0103 noi \u00een\u0103l\u021bimi pe vertical\u0103 \u0219i s\u0103 lumineze calea \u00een \u00eentuneric. Compania se afl\u0103 \u00eentr-o c\u0103utare nesf\u00e2r\u0219it\u0103 a celei mai bune solu\u021bii \u00een toate domeniile de activitate. Performan\u021ba, ergonomia, confortul \u0219i, cel mai important, siguran\u021ba sunt cele mai importante criterii \u00een aceast\u0103 c\u0103utare. Accesul la ceea ce este inaccesibil sau &#171;atingerea a ceea ce este de neatins&#187; este motto-ul s\u0103u de lung\u0103 durat\u0103.<\/p>\n<p><\/p>","protected":false},"excerpt":{"rendered":"","protected":false},"featured_media":71383,"comment_status":"open","ping_status":"closed","template":"","meta":{"_acf_changed":false,"inline_featured_image":false},"product_brand":[1270],"product_cat":[91],"product_tag":[],"class_list":{"0":"post-70478","1":"product","2":"type-product","3":"status-publish","4":"has-post-thumbnail","6":"product_brand-petzl","7":"product_cat-headlamps","9":"first","10":"instock","11":"shipping-taxable","12":"purchasable","13":"product-type-simple"},"acf":[],"yoast_head":"<!-- This site is optimized with the Yoast SEO plugin v27.2 - https:\/\/yoast.com\/product\/yoast-seo-wordpress\/ -->\n<title>\u0424\u043e\u043d\u0430\u0440\u044c \u043d\u0430\u043b\u043e\u0431\u043d\u044b\u0439 Petzl Aria 1 RGB black - \u041c\u0430\u0433\u0430\u0437\u0438\u043d Xstyle<\/title>\n<meta name=\"description\" content=\"\u041a\u043e\u043c\u043f\u0430\u043a\u0442\u043d\u044b\u0439 \u0444\u043e\u043d\u0430\u0440\u044c \u043d\u0430\u043b\u043e\u0431\u043d\u044b\u0439 Petzl Aria 1 RGB black \u0441 \u043c\u043e\u0449\u043d\u043e\u0441\u0442\u044c\u044e 350 \u043b\u043c, \u0432\u043e\u0434\u043e- \u0438 \u0443\u0434\u0430\u0440\u043e\u043f\u0440\u043e\u0447\u043d\u044b\u0439 (IP67, IK07). \u0418\u0434\u0435\u0430\u043b\u044c\u043d\u043e \u0434\u043b\u044f \u0430\u043a\u0442\u0438\u0432\u043d\u043e\u0433\u043e \u043e\u0442\u0434\u044b\u0445\u0430 \u0438 \u0440\u0430\u0431\u043e\u0442\u044b.\" \/>\n<meta name=\"robots\" content=\"index, follow, max-snippet:-1, max-image-preview:large, max-video-preview:-1\" \/>\n<link rel=\"canonical\" href=\"https:\/\/xstyle.md\/ro\/produs\/fonar-nalobnyj-petzl-aria-1-rgb-black\/\" \/>\n<meta property=\"og:locale\" content=\"ro_RO\" \/>\n<meta property=\"og:type\" content=\"article\" \/>\n<meta property=\"og:title\" content=\"\u0424\u043e\u043d\u0430\u0440\u044c \u043d\u0430\u043b\u043e\u0431\u043d\u044b\u0439 Petzl Aria 1 RGB black - \u041c\u0430\u0433\u0430\u0437\u0438\u043d Xstyle\" \/>\n<meta property=\"og:description\" content=\"\u041a\u043e\u043c\u043f\u0430\u043a\u0442\u043d\u044b\u0439 \u0444\u043e\u043d\u0430\u0440\u044c \u043d\u0430\u043b\u043e\u0431\u043d\u044b\u0439 Petzl Aria 1 RGB black \u0441 \u043c\u043e\u0449\u043d\u043e\u0441\u0442\u044c\u044e 350 \u043b\u043c, \u0432\u043e\u0434\u043e- \u0438 \u0443\u0434\u0430\u0440\u043e\u043f\u0440\u043e\u0447\u043d\u044b\u0439 (IP67, IK07). \u0418\u0434\u0435\u0430\u043b\u044c\u043d\u043e \u0434\u043b\u044f \u0430\u043a\u0442\u0438\u0432\u043d\u043e\u0433\u043e \u043e\u0442\u0434\u044b\u0445\u0430 \u0438 \u0440\u0430\u0431\u043e\u0442\u044b.\" \/>\n<meta property=\"og:url\" content=\"https:\/\/xstyle.md\/ro\/produs\/fonar-nalobnyj-petzl-aria-1-rgb-black\/\" \/>\n<meta property=\"og:site_name\" content=\"\u041c\u0430\u0433\u0430\u0437\u0438\u043d Xstyle\" \/>\n<meta property=\"article:publisher\" content=\"https:\/\/www.facebook.com\/xstylemd\" \/>\n<meta property=\"article:modified_time\" content=\"2026-04-07T12:24:19+00:00\" \/>\n<meta property=\"og:image\" content=\"https:\/\/xstyle.md\/wp-content\/uploads\/2023\/06\/petzl-aria-1-rgb-black.jpeg\" \/>\n\t<meta property=\"og:image:width\" content=\"1200\" \/>\n\t<meta property=\"og:image:height\" content=\"1023\" \/>\n\t<meta property=\"og:image:type\" content=\"image\/jpeg\" \/>\n<meta name=\"twitter:card\" content=\"summary_large_image\" \/>\n<meta name=\"twitter:label1\" content=\"Pre\u021b\" \/>\n\t<meta name=\"twitter:data1\" content=\"880&nbsp;MDL\" \/>\n\t<meta name=\"twitter:label2\" content=\"Disponibilitate\" \/>\n\t<meta name=\"twitter:data2\" content=\"\u00cen stoc\" \/>\n<script type=\"application\/ld+json\" class=\"yoast-schema-graph\">{\"@context\":\"https:\/\/schema.org\",\"@graph\":[{\"@type\":\"WebPage\",\"@id\":\"https:\/\/xstyle.md\/product\/fonar-nalobnyj-petzl-aria-1-rgb-black\/\",\"url\":\"https:\/\/xstyle.md\/product\/fonar-nalobnyj-petzl-aria-1-rgb-black\/\",\"name\":\"\u0424\u043e\u043d\u0430\u0440\u044c \u043d\u0430\u043b\u043e\u0431\u043d\u044b\u0439 Petzl Aria 1 RGB black - \u041c\u0430\u0433\u0430\u0437\u0438\u043d Xstyle\",\"isPartOf\":{\"@id\":\"https:\/\/xstyle.md\/#website\"},\"primaryImageOfPage\":{\"@id\":\"https:\/\/xstyle.md\/product\/fonar-nalobnyj-petzl-aria-1-rgb-black\/#primaryimage\"},\"image\":{\"@id\":\"https:\/\/xstyle.md\/product\/fonar-nalobnyj-petzl-aria-1-rgb-black\/#primaryimage\"},\"thumbnailUrl\":\"https:\/\/xstyle.md\/wp-content\/uploads\/2023\/06\/petzl-aria-1-rgb-black.jpeg\",\"datePublished\":\"2023-06-23T16:56:51+00:00\",\"dateModified\":\"2026-04-07T12:24:19+00:00\",\"description\":\"\u041a\u043e\u043c\u043f\u0430\u043a\u0442\u043d\u044b\u0439 \u0444\u043e\u043d\u0430\u0440\u044c \u043d\u0430\u043b\u043e\u0431\u043d\u044b\u0439 Petzl Aria 1 RGB black \u0441 \u043c\u043e\u0449\u043d\u043e\u0441\u0442\u044c\u044e 350 \u043b\u043c, \u0432\u043e\u0434\u043e- \u0438 \u0443\u0434\u0430\u0440\u043e\u043f\u0440\u043e\u0447\u043d\u044b\u0439 (IP67, IK07). \u0418\u0434\u0435\u0430\u043b\u044c\u043d\u043e \u0434\u043b\u044f \u0430\u043a\u0442\u0438\u0432\u043d\u043e\u0433\u043e \u043e\u0442\u0434\u044b\u0445\u0430 \u0438 \u0440\u0430\u0431\u043e\u0442\u044b.\",\"breadcrumb\":{\"@id\":\"https:\/\/xstyle.md\/product\/fonar-nalobnyj-petzl-aria-1-rgb-black\/#breadcrumb\"},\"inLanguage\":\"ro-RO\",\"potentialAction\":[{\"@type\":\"ReadAction\",\"target\":[\"https:\/\/xstyle.md\/product\/fonar-nalobnyj-petzl-aria-1-rgb-black\/\"]}]},{\"@type\":\"ImageObject\",\"inLanguage\":\"ro-RO\",\"@id\":\"https:\/\/xstyle.md\/product\/fonar-nalobnyj-petzl-aria-1-rgb-black\/#primaryimage\",\"url\":\"https:\/\/xstyle.md\/wp-content\/uploads\/2023\/06\/petzl-aria-1-rgb-black.jpeg\",\"contentUrl\":\"https:\/\/xstyle.md\/wp-content\/uploads\/2023\/06\/petzl-aria-1-rgb-black.jpeg\",\"width\":1200,\"height\":1023,\"caption\":\"\u041b\u043e\u0431\u043d\u044b\u0439 \u0444\u043e\u043d\u0430\u0440\u044c Petzl Aria 1 RGB \u0447\u0435\u0440\u043d\u044b\u0439 \u0434\u043b\u044f \u0430\u043a\u0442\u0438\u0432\u043d\u043e\u0433\u043e \u043e\u0442\u0434\u044b\u0445\u0430, \u0442\u0443\u0440\u0438\u0437\u043c\u0430 \u0438 \u043f\u043e\u0445\u043e\u0434\u043e\u0432 \u2014 \u044d\u043a\u0438\u043f\u0438\u0440\u043e\u0432\u043a\u0430 \u0434\u043b\u044f \u043f\u043e\u0445\u043e\u0434\u043e\u0432, \u0430\u043b\u044c\u043f\u0438\u043d\u0438\u0437\u043c\u0430 \u0438 \u043f\u0443\u0442\u0435\u0448\u0435\u0441\u0442\u0432\u0438\u0439\"},{\"@type\":\"BreadcrumbList\",\"@id\":\"https:\/\/xstyle.md\/product\/fonar-nalobnyj-petzl-aria-1-rgb-black\/#breadcrumb\",\"itemListElement\":[{\"@type\":\"ListItem\",\"position\":1,\"name\":\"\u0413\u043b\u0430\u0432\u043d\u0430\u044f \u0441\u0442\u0440\u0430\u043d\u0438\u0446\u0430\",\"item\":\"https:\/\/xstyle.md\/\"},{\"@type\":\"ListItem\",\"position\":2,\"name\":\"\u041c\u0430\u0433\u0430\u0437\u0438\u043d\",\"item\":\"https:\/\/xstyle.md\/shop\/\"},{\"@type\":\"ListItem\",\"position\":3,\"name\":\"\u0424\u043e\u043d\u0430\u0440\u044c \u043d\u0430\u043b\u043e\u0431\u043d\u044b\u0439 Petzl Aria 1 RGB black\"}]},{\"@type\":\"WebSite\",\"@id\":\"https:\/\/xstyle.md\/#website\",\"url\":\"https:\/\/xstyle.md\/\",\"name\":\"\u041c\u0430\u0433\u0430\u0437\u0438\u043d Xstyle\",\"description\":\"C\u043d\u0430\u0440\u044f\u0436\u0435\u043d\u0438\u0435 \u0434\u043b\u044f \u0442\u0443\u0440\u0438\u0437\u043c\u0430 \u0438 \u044d\u043a\u0441\u0442\u0440\u0435\u043c\u0430\u043b\u044c\u043d\u044b\u0445 \u0432\u0438\u0434\u043e\u0432 \u0441\u043f\u043e\u0440\u0442\u0430 \u0432 \u041c\u043e\u043b\u0434\u043e\u0432\u0435.. \u0426\u0435\u043d\u044b, \u0444\u043e\u0442\u043e, \u0445\u0430\u0440\u0430\u043a\u0442\u0435\u0440\u0438\u0441\u0442\u0438\u043a\u0438 \u0432 \u041c\u043e\u043b\u0434\u043e\u0432\u0435.\",\"publisher\":{\"@id\":\"https:\/\/xstyle.md\/#organization\"},\"alternateName\":\"X-Style\",\"potentialAction\":[{\"@type\":\"SearchAction\",\"target\":{\"@type\":\"EntryPoint\",\"urlTemplate\":\"https:\/\/xstyle.md\/?s={search_term_string}\"},\"query-input\":{\"@type\":\"PropertyValueSpecification\",\"valueRequired\":true,\"valueName\":\"search_term_string\"}}],\"inLanguage\":\"ro-RO\"},{\"@type\":\"Organization\",\"@id\":\"https:\/\/xstyle.md\/#organization\",\"name\":\"\u041c\u0430\u0433\u0430\u0437\u0438\u043d Xstyle\",\"alternateName\":\"x-style\",\"url\":\"https:\/\/xstyle.md\/\",\"logo\":{\"@type\":\"ImageObject\",\"inLanguage\":\"ro-RO\",\"@id\":\"https:\/\/xstyle.md\/#\/schema\/logo\/image\/\",\"url\":\"https:\/\/xstyle.md\/wp-content\/uploads\/2020\/06\/logoicon.svg\",\"contentUrl\":\"https:\/\/xstyle.md\/wp-content\/uploads\/2020\/06\/logoicon.svg\",\"caption\":\"\u041c\u0430\u0433\u0430\u0437\u0438\u043d Xstyle\"},\"image\":{\"@id\":\"https:\/\/xstyle.md\/#\/schema\/logo\/image\/\"},\"sameAs\":[\"https:\/\/www.facebook.com\/xstylemd\",\"https:\/\/www.instagram.com\/xstyle_md\/\",\"https:\/\/t.me\/xstyle_outdoor\"],\"hasMerchantReturnPolicy\":{\"@type\":\"MerchantReturnPolicy\",\"merchantReturnLink\":\"https:\/\/xstyle.md\/ro\/conditions\/\"}}]}<\/script>\n<meta property=\"product:price:amount\" content=\"880.00\" \/>\n<meta property=\"product:price:currency\" content=\"MDL\" \/>\n<meta property=\"og:availability\" content=\"instock\" \/>\n<meta property=\"product:availability\" content=\"instock\" \/>\n<meta property=\"product:retailer_item_id\" content=\"3342540840164\" \/>\n<meta property=\"product:condition\" content=\"new\" \/>\n<!-- \/ Yoast SEO plugin. -->","yoast_head_json":{"title":"Lantern\u0103 frontal\u0103 Petzl Aria 1 RGB black - Magazin Xstyle","description":"Lanterna compact\u0103 frontal\u0103 Petzl Aria 1 RGB black cu o putere de 350 lm, rezistent\u0103 la ap\u0103 \u0219i \u0219ocuri (IP67, IK07). Ideal\u0103 pentru activit\u0103\u021bi \u00een aer liber \u0219i munc\u0103.","robots":{"index":"index","follow":"follow","max-snippet":"max-snippet:-1","max-image-preview":"max-image-preview:large","max-video-preview":"max-video-preview:-1"},"canonical":"https:\/\/xstyle.md\/ro\/produs\/fonar-nalobnyj-petzl-aria-1-rgb-black\/","og_locale":"ro_RO","og_type":"article","og_title":"\u0424\u043e\u043d\u0430\u0440\u044c \u043d\u0430\u043b\u043e\u0431\u043d\u044b\u0439 Petzl Aria 1 RGB black - \u041c\u0430\u0433\u0430\u0437\u0438\u043d Xstyle","og_description":"\u041a\u043e\u043c\u043f\u0430\u043a\u0442\u043d\u044b\u0439 \u0444\u043e\u043d\u0430\u0440\u044c \u043d\u0430\u043b\u043e\u0431\u043d\u044b\u0439 Petzl Aria 1 RGB black \u0441 \u043c\u043e\u0449\u043d\u043e\u0441\u0442\u044c\u044e 350 \u043b\u043c, \u0432\u043e\u0434\u043e- \u0438 \u0443\u0434\u0430\u0440\u043e\u043f\u0440\u043e\u0447\u043d\u044b\u0439 (IP67, IK07). \u0418\u0434\u0435\u0430\u043b\u044c\u043d\u043e \u0434\u043b\u044f \u0430\u043a\u0442\u0438\u0432\u043d\u043e\u0433\u043e \u043e\u0442\u0434\u044b\u0445\u0430 \u0438 \u0440\u0430\u0431\u043e\u0442\u044b.","og_url":"https:\/\/xstyle.md\/ro\/produs\/fonar-nalobnyj-petzl-aria-1-rgb-black\/","og_site_name":"\u041c\u0430\u0433\u0430\u0437\u0438\u043d Xstyle","article_publisher":"https:\/\/www.facebook.com\/xstylemd","article_modified_time":"2026-04-07T12:24:19+00:00","og_image":[{"width":1200,"height":1023,"url":"https:\/\/xstyle.md\/wp-content\/uploads\/2023\/06\/petzl-aria-1-rgb-black.jpeg","type":"image\/jpeg"}],"twitter_card":"summary_large_image","twitter_misc":{"Pre\u021b":"880&nbsp;MDL","Disponibilitate":"\u00cen stoc"},"schema":{"@context":"https:\/\/schema.org","@graph":[{"@type":"WebPage","@id":"https:\/\/xstyle.md\/product\/fonar-nalobnyj-petzl-aria-1-rgb-black\/","url":"https:\/\/xstyle.md\/product\/fonar-nalobnyj-petzl-aria-1-rgb-black\/","name":"Lantern\u0103 frontal\u0103 Petzl Aria 1 RGB black - Magazin Xstyle","isPartOf":{"@id":"https:\/\/xstyle.md\/#website"},"primaryImageOfPage":{"@id":"https:\/\/xstyle.md\/product\/fonar-nalobnyj-petzl-aria-1-rgb-black\/#primaryimage"},"image":{"@id":"https:\/\/xstyle.md\/product\/fonar-nalobnyj-petzl-aria-1-rgb-black\/#primaryimage"},"thumbnailUrl":"https:\/\/xstyle.md\/wp-content\/uploads\/2023\/06\/petzl-aria-1-rgb-black.jpeg","datePublished":"2023-06-23T16:56:51+00:00","dateModified":"2026-04-07T12:24:19+00:00","description":"Lanterna compact\u0103 frontal\u0103 Petzl Aria 1 RGB black cu o putere de 350 lm, rezistent\u0103 la ap\u0103 \u0219i \u0219ocuri (IP67, IK07). Ideal\u0103 pentru activit\u0103\u021bi \u00een aer liber \u0219i munc\u0103.","breadcrumb":{"@id":"https:\/\/xstyle.md\/product\/fonar-nalobnyj-petzl-aria-1-rgb-black\/#breadcrumb"},"inLanguage":"ro-RO","potentialAction":[{"@type":"ReadAction","target":["https:\/\/xstyle.md\/product\/fonar-nalobnyj-petzl-aria-1-rgb-black\/"]}]},{"@type":"ImageObject","inLanguage":"ro-RO","@id":"https:\/\/xstyle.md\/product\/fonar-nalobnyj-petzl-aria-1-rgb-black\/#primaryimage","url":"https:\/\/xstyle.md\/wp-content\/uploads\/2023\/06\/petzl-aria-1-rgb-black.jpeg","contentUrl":"https:\/\/xstyle.md\/wp-content\/uploads\/2023\/06\/petzl-aria-1-rgb-black.jpeg","width":1200,"height":1023,"caption":"\u041b\u043e\u0431\u043d\u044b\u0439 \u0444\u043e\u043d\u0430\u0440\u044c Petzl Aria 1 RGB \u0447\u0435\u0440\u043d\u044b\u0439 \u0434\u043b\u044f \u0430\u043a\u0442\u0438\u0432\u043d\u043e\u0433\u043e \u043e\u0442\u0434\u044b\u0445\u0430, \u0442\u0443\u0440\u0438\u0437\u043c\u0430 \u0438 \u043f\u043e\u0445\u043e\u0434\u043e\u0432 \u2014 \u044d\u043a\u0438\u043f\u0438\u0440\u043e\u0432\u043a\u0430 \u0434\u043b\u044f \u043f\u043e\u0445\u043e\u0434\u043e\u0432, \u0430\u043b\u044c\u043f\u0438\u043d\u0438\u0437\u043c\u0430 \u0438 \u043f\u0443\u0442\u0435\u0448\u0435\u0441\u0442\u0432\u0438\u0439"},{"@type":"BreadcrumbList","@id":"https:\/\/xstyle.md\/product\/fonar-nalobnyj-petzl-aria-1-rgb-black\/#breadcrumb","itemListElement":[{"@type":"ListItem","position":1,"name":"\u0413\u043b\u0430\u0432\u043d\u0430\u044f \u0441\u0442\u0440\u0430\u043d\u0438\u0446\u0430","item":"https:\/\/xstyle.md\/"},{"@type":"ListItem","position":2,"name":"\u041c\u0430\u0433\u0430\u0437\u0438\u043d","item":"https:\/\/xstyle.md\/shop\/"},{"@type":"ListItem","position":3,"name":"\u0424\u043e\u043d\u0430\u0440\u044c \u043d\u0430\u043b\u043e\u0431\u043d\u044b\u0439 Petzl Aria 1 RGB black"}]},{"@type":"WebSite","@id":"https:\/\/xstyle.md\/#website","url":"https:\/\/xstyle.md\/","name":"Magazinul X-Style","description":"Echipamente pentru turism \u0219i sporturi extreme \u00een Moldova. Pre\u021buri, fotografii, caracteristici \u00een Moldova.","publisher":{"@id":"https:\/\/xstyle.md\/#organization"},"alternateName":"X-Style","potentialAction":[{"@type":"SearchAction","target":{"@type":"EntryPoint","urlTemplate":"https:\/\/xstyle.md\/?s={search_term_string}"},"query-input":{"@type":"PropertyValueSpecification","valueRequired":true,"valueName":"search_term_string"}}],"inLanguage":"ro-RO"},{"@type":"Organization","@id":"https:\/\/xstyle.md\/#organization","name":"Magazinul X-Style","alternateName":"x-style","url":"https:\/\/xstyle.md\/","logo":{"@type":"ImageObject","inLanguage":"ro-RO","@id":"https:\/\/xstyle.md\/#\/schema\/logo\/image\/","url":"https:\/\/xstyle.md\/wp-content\/uploads\/2020\/06\/logoicon.svg","contentUrl":"https:\/\/xstyle.md\/wp-content\/uploads\/2020\/06\/logoicon.svg","caption":"\u041c\u0430\u0433\u0430\u0437\u0438\u043d Xstyle"},"image":{"@id":"https:\/\/xstyle.md\/#\/schema\/logo\/image\/"},"sameAs":["https:\/\/www.facebook.com\/xstylemd","https:\/\/www.instagram.com\/xstyle_md\/","https:\/\/t.me\/xstyle_outdoor"],"hasMerchantReturnPolicy":{"@type":"MerchantReturnPolicy","merchantReturnLink":"https:\/\/xstyle.md\/ro\/conditions\/"}}]},"product_price_amount":"880.00","product_price_currency":"MDL","og_availability":"instock","product_availability":"instock","product_retailer_item_id":"3342540840164","product_condition":"new"},"post_mailing_queue_ids":[],"_links":{"self":[{"href":"https:\/\/xstyle.md\/ro\/wp-json\/wp\/v2\/product\/70478","targetHints":{"allow":["GET"]}}],"collection":[{"href":"https:\/\/xstyle.md\/ro\/wp-json\/wp\/v2\/product"}],"about":[{"href":"https:\/\/xstyle.md\/ro\/wp-json\/wp\/v2\/types\/product"}],"replies":[{"embeddable":true,"href":"https:\/\/xstyle.md\/ro\/wp-json\/wp\/v2\/comments?post=70478"}],"wp:featuredmedia":[{"embeddable":true,"href":"https:\/\/xstyle.md\/ro\/wp-json\/wp\/v2\/media\/71383"}],"wp:attachment":[{"href":"https:\/\/xstyle.md\/ro\/wp-json\/wp\/v2\/media?parent=70478"}],"wp:term":[{"taxonomy":"product_brand","embeddable":true,"href":"https:\/\/xstyle.md\/ro\/wp-json\/wp\/v2\/product_brand?post=70478"},{"taxonomy":"product_cat","embeddable":true,"href":"https:\/\/xstyle.md\/ro\/wp-json\/wp\/v2\/product_cat?post=70478"},{"taxonomy":"product_tag","embeddable":true,"href":"https:\/\/xstyle.md\/ro\/wp-json\/wp\/v2\/product_tag?post=70478"}],"curies":[{"name":"wp","href":"https:\/\/api.w.org\/{rel}","templated":true}]}}