{"id":70469,"date":"2023-06-23T19:56:45","date_gmt":"2023-06-23T16:56:45","guid":{"rendered":"https:\/\/xstyle.md\/?post_type=product&#038;p=70469"},"modified":"2025-10-24T12:31:30","modified_gmt":"2025-10-24T09:31:30","slug":"komplekt-cressi-sub-big-eyes-evolution-alpha-ud-combo","status":"publish","type":"product","link":"https:\/\/xstyle.md\/ro\/produs\/komplekt-cressi-sub-big-eyes-evolution-alpha-ud-combo\/","title":{"rendered":"Set Cressi-Sub Big Eyes Evolution+Alpha UD Combo"},"content":{"rendered":"<\/p>\n<p><strong>Cressi-Sub Big Eyes Evolution+Alpha UD Combo<\/strong> &#8212; set de snorkeling const\u00e2nd set masca \u015fi tub pentru \u00eenot<\/p>\n<h3>Masc\u0103<\/h3>\n<p>Cressi-Sub Big Eyes Evolution &#8212; masc\u0103 de snorkeling. Lentilele \u00een form\u0103 de pic\u0103tur\u0103 inversat\u0103 au o \u00eenclinare &#171;inversat\u0103&#187; \u0219i sunt amplasate la o distan\u021b\u0103 mic\u0103 de ochii scafandrului. Acest lucru asigur\u0103 un volum mic sub masc\u0103 \u0219i o vizibilitate excelent\u0103 \u00een toate planurile (\u00een special \u00een emisfera inferioar\u0103). Fusta din silicon moale \u0219i cel de-al doilea inel de impermeabilizare se potrive\u0219te perfect pe fa\u021b\u0103 \u0219i nu provoac\u0103 irita\u021bii ale pielii \u00een timpul utiliz\u0103rii prelungite. Flan\u0219a m\u0103\u0219tii subacvatice este foarte sub\u021bire \u0219i practic invizibil\u0103 \u00een timpul purt\u0103rii. Cureaua se regleaz\u0103 rapid \u0219i u\u0219or cu ajutorul a dou\u0103 catarame \u00eenclinate.<\/p>\n<h3>Tubul<\/h3>\n<p>Cressi-Sub Alpha Ultra Dry &#8212; un tub cu o supap\u0103 special\u0103 patentat\u0103 &#171;Aquastop&#187; \u00een partea de sus, care \u00eempiedic\u0103 apa s\u0103 intre, permi\u021b\u00e2ndu-v\u0103 s\u0103 respira\u021bi sub ap\u0103 f\u0103r\u0103 probleme. Forma eliptic\u0103 mai extins\u0103 a tubului ofer\u0103 confort \u0219i un flux de aer liber.<\/p>\n<p>Inser\u021bia ondulat\u0103 moale reduce rezisten\u021ba \u00een ap\u0103, ceea ce face tubul confortabil pentru \u00eenotul \u00eendelungat. Tubul este echipat cu o pies\u0103 bucal\u0103 din silicon cu form\u0103 anatomic\u0103, care reduce tensiunea asupra mu\u0219chilor maxilarului.<\/p>\n<h3>Marca<\/h3>\n<p>Cressi-Sub \u2014 unul dintre cei mai importan\u021bi produc\u0103tori de echipamente de snorkelling, scufund\u0103ri \u0219i spearfishing. \u00cenfiin\u021bat\u0103 \u00een 1946 de fra\u021bii Egidio \u0219i Nanni Cressi, compania evolueaz\u0103 \u00een mod constant \u0219i lanseaz\u0103 produse noi. Istoria scufund\u0103rilor \u00een sine este str\u00e2ns legat\u0103 de cea a companiei Cressi-Sub, iar multe dintre produsele lansate \u00een ultimii 70 de ani au revolu\u021bionat acest tip de activitate \u00een aer liber. Multe dintre inova\u021biile \u0219i inven\u021biile Cressi-Sub au fost adoptate ulterior de mul\u021bi produc\u0103tori de echipamente similare.<\/p>\n<p>Firma a fost \u00eentotdeauna de\u021binut\u0103 \u00een proprietate privat\u0103 de familia Cressi. Prin urmare, facilit\u0103\u021bile de produc\u021bie nu sunt situate \u00een \u021b\u0103rile asiatice, ci \u00een Genova, Italia. Cu toate acestea, compania men\u021bine pre\u021buri rezonabile pentru \u00eentreaga gam\u0103 de produse, care sunt populare \u00een r\u00e2ndul scafandrilor cu orice buget. Filozofia Cressi este inspira\u021bia \u0219i inova\u021bia, dragostea pentru mare \u0219i produse elegante care \u00eendeplinesc cele mai \u00eenalte standarde de calitate.<\/p>\n<p><\/p>","protected":false},"excerpt":{"rendered":"","protected":false},"featured_media":72030,"comment_status":"open","ping_status":"closed","template":"","meta":{"_acf_changed":false,"inline_featured_image":false},"product_brand":[1451],"product_cat":[174],"product_tag":[],"class_list":{"0":"post-70469","1":"product","2":"type-product","3":"status-publish","4":"has-post-thumbnail","6":"product_brand-cressi-sub","7":"product_cat-mask-and-snorkel","9":"first","10":"instock","11":"shipping-taxable","12":"purchasable","13":"product-type-simple"},"acf":[],"yoast_head":"<!-- This site is optimized with the Yoast SEO plugin v27.2 - https:\/\/yoast.com\/product\/yoast-seo-wordpress\/ -->\n<title>\u041a\u043e\u043c\u043f\u043b\u0435\u043a\u0442 Cressi-Sub Big Eyes Evolution+Alpha UD Combo - \u041c\u0430\u0433\u0430\u0437\u0438\u043d Xstyle<\/title>\n<meta name=\"description\" content=\"\u041f\u0440\u0438\u0434\u0430\u0439\u0442\u0435 \u0432\u0430\u0448\u0435\u043c\u0443 \u043f\u043e\u0434\u0432\u043e\u0434\u043d\u043e\u043c\u0443 \u043e\u043f\u044b\u0442\u0443 \u043d\u043e\u0432\u043e\u0435 \u0438\u0437\u043c\u0435\u0440\u0435\u043d\u0438\u0435 \u0441 \u043a\u043e\u043c\u043f\u043b\u0435\u043a\u0442\u043e\u043c Cressi-Sub Big Eyes Evolution+Alpha UD Combo. \u0423\u043d\u0438\u043a\u0430\u043b\u044c\u043d\u0430\u044f \u043c\u0430\u0441\u043a\u0430 \u0438 \u0442\u0440\u0443\u0431\u043a\u0430 \u0434\u043b\u044f \u0438\u0434\u0435\u0430\u043b\u044c\u043d\u043e\u0433\u043e \u0441\u043d\u043e\u0440\u043a\u0435\u043b\u0438\u043d\u0433\u0430!\" \/>\n<meta name=\"robots\" content=\"index, follow, max-snippet:-1, max-image-preview:large, max-video-preview:-1\" \/>\n<link rel=\"canonical\" href=\"https:\/\/xstyle.md\/ro\/produs\/komplekt-cressi-sub-big-eyes-evolution-alpha-ud-combo\/\" \/>\n<meta property=\"og:locale\" content=\"ro_RO\" \/>\n<meta property=\"og:type\" content=\"article\" \/>\n<meta property=\"og:title\" content=\"\u041a\u043e\u043c\u043f\u043b\u0435\u043a\u0442 Cressi-Sub Big Eyes Evolution+Alpha UD Combo - \u041c\u0430\u0433\u0430\u0437\u0438\u043d Xstyle\" \/>\n<meta property=\"og:description\" content=\"\u041f\u0440\u0438\u0434\u0430\u0439\u0442\u0435 \u0432\u0430\u0448\u0435\u043c\u0443 \u043f\u043e\u0434\u0432\u043e\u0434\u043d\u043e\u043c\u0443 \u043e\u043f\u044b\u0442\u0443 \u043d\u043e\u0432\u043e\u0435 \u0438\u0437\u043c\u0435\u0440\u0435\u043d\u0438\u0435 \u0441 \u043a\u043e\u043c\u043f\u043b\u0435\u043a\u0442\u043e\u043c Cressi-Sub Big Eyes Evolution+Alpha UD Combo. \u0423\u043d\u0438\u043a\u0430\u043b\u044c\u043d\u0430\u044f \u043c\u0430\u0441\u043a\u0430 \u0438 \u0442\u0440\u0443\u0431\u043a\u0430 \u0434\u043b\u044f \u0438\u0434\u0435\u0430\u043b\u044c\u043d\u043e\u0433\u043e \u0441\u043d\u043e\u0440\u043a\u0435\u043b\u0438\u043d\u0433\u0430!\" \/>\n<meta property=\"og:url\" content=\"https:\/\/xstyle.md\/ro\/produs\/komplekt-cressi-sub-big-eyes-evolution-alpha-ud-combo\/\" \/>\n<meta property=\"og:site_name\" content=\"\u041c\u0430\u0433\u0430\u0437\u0438\u043d Xstyle\" \/>\n<meta property=\"article:publisher\" content=\"https:\/\/www.facebook.com\/xstylemd\" \/>\n<meta property=\"article:modified_time\" content=\"2025-10-24T09:31:30+00:00\" \/>\n<meta property=\"og:image\" content=\"https:\/\/xstyle.md\/wp-content\/uploads\/2023\/06\/cressi-sub-big-eyes-evolutionalpha-ud-combo-black-blue.jpg\" \/>\n\t<meta property=\"og:image:width\" content=\"1101\" \/>\n\t<meta property=\"og:image:height\" content=\"1062\" \/>\n\t<meta property=\"og:image:type\" content=\"image\/jpeg\" \/>\n<meta name=\"twitter:card\" content=\"summary_large_image\" \/>\n<meta name=\"twitter:label1\" content=\"Pre\u021b\" \/>\n\t<meta name=\"twitter:data1\" content=\"2.100&nbsp;MDL\" \/>\n\t<meta name=\"twitter:label2\" content=\"Disponibilitate\" \/>\n\t<meta name=\"twitter:data2\" content=\"\u00cen stoc\" \/>\n<script type=\"application\/ld+json\" class=\"yoast-schema-graph\">{\"@context\":\"https:\/\/schema.org\",\"@graph\":[{\"@type\":\"WebPage\",\"@id\":\"https:\/\/xstyle.md\/product\/komplekt-cressi-sub-big-eyes-evolution-alpha-ud-combo\/\",\"url\":\"https:\/\/xstyle.md\/product\/komplekt-cressi-sub-big-eyes-evolution-alpha-ud-combo\/\",\"name\":\"\u041a\u043e\u043c\u043f\u043b\u0435\u043a\u0442 Cressi-Sub Big Eyes Evolution+Alpha UD Combo - \u041c\u0430\u0433\u0430\u0437\u0438\u043d Xstyle\",\"isPartOf\":{\"@id\":\"https:\/\/xstyle.md\/#website\"},\"primaryImageOfPage\":{\"@id\":\"https:\/\/xstyle.md\/product\/komplekt-cressi-sub-big-eyes-evolution-alpha-ud-combo\/#primaryimage\"},\"image\":{\"@id\":\"https:\/\/xstyle.md\/product\/komplekt-cressi-sub-big-eyes-evolution-alpha-ud-combo\/#primaryimage\"},\"thumbnailUrl\":\"https:\/\/xstyle.md\/wp-content\/uploads\/2023\/06\/cressi-sub-big-eyes-evolutionalpha-ud-combo-black-blue.jpg\",\"datePublished\":\"2023-06-23T16:56:45+00:00\",\"dateModified\":\"2025-10-24T09:31:30+00:00\",\"description\":\"\u041f\u0440\u0438\u0434\u0430\u0439\u0442\u0435 \u0432\u0430\u0448\u0435\u043c\u0443 \u043f\u043e\u0434\u0432\u043e\u0434\u043d\u043e\u043c\u0443 \u043e\u043f\u044b\u0442\u0443 \u043d\u043e\u0432\u043e\u0435 \u0438\u0437\u043c\u0435\u0440\u0435\u043d\u0438\u0435 \u0441 \u043a\u043e\u043c\u043f\u043b\u0435\u043a\u0442\u043e\u043c Cressi-Sub Big Eyes Evolution+Alpha UD Combo. \u0423\u043d\u0438\u043a\u0430\u043b\u044c\u043d\u0430\u044f \u043c\u0430\u0441\u043a\u0430 \u0438 \u0442\u0440\u0443\u0431\u043a\u0430 \u0434\u043b\u044f \u0438\u0434\u0435\u0430\u043b\u044c\u043d\u043e\u0433\u043e \u0441\u043d\u043e\u0440\u043a\u0435\u043b\u0438\u043d\u0433\u0430!\",\"breadcrumb\":{\"@id\":\"https:\/\/xstyle.md\/product\/komplekt-cressi-sub-big-eyes-evolution-alpha-ud-combo\/#breadcrumb\"},\"inLanguage\":\"ro-RO\",\"potentialAction\":[{\"@type\":\"ReadAction\",\"target\":[\"https:\/\/xstyle.md\/product\/komplekt-cressi-sub-big-eyes-evolution-alpha-ud-combo\/\"]}]},{\"@type\":\"ImageObject\",\"inLanguage\":\"ro-RO\",\"@id\":\"https:\/\/xstyle.md\/product\/komplekt-cressi-sub-big-eyes-evolution-alpha-ud-combo\/#primaryimage\",\"url\":\"https:\/\/xstyle.md\/wp-content\/uploads\/2023\/06\/cressi-sub-big-eyes-evolutionalpha-ud-combo-black-blue.jpg\",\"contentUrl\":\"https:\/\/xstyle.md\/wp-content\/uploads\/2023\/06\/cressi-sub-big-eyes-evolutionalpha-ud-combo-black-blue.jpg\",\"width\":1101,\"height\":1062,\"caption\":\"\u0422\u0435\u0445\u043d\u0438\u0447\u0435\u0441\u043a\u043e\u0435 \u0441\u043d\u0430\u0440\u044f\u0436\u0435\u043d\u0438\u0435 \u0434\u043b\u044f \u0430\u043a\u0442\u0438\u0432\u043d\u043e\u0433\u043e \u043e\u0442\u0434\u044b\u0445\u0430, \u0441\u043f\u043e\u0440\u0442\u0438\u0432\u043d\u0430\u044f \u043e\u0434\u0435\u0436\u0434\u0430 \u0438 \u043e\u0431\u0443\u0432\u044c \u0434\u043b\u044f \u043f\u0435\u0448\u0435\u0445\u043e\u0434\u043d\u044b\u0445 \u043f\u043e\u0445\u043e\u0434\u043e\u0432, \u043f\u0443\u0442\u0435\u0448\u0435\u0441\u0442\u0432\u0438\u0439 \u0438 \u0433\u043e\u0440\u043d\u044b\u0445 \u043f\u043e\u0445\u043e\u0434\u043e\u0432 \u043d\u0430 \u043e\u043d\u043b\u0430\u0439\u043d-\u043c\u0430\u0433\u0430\u0437\u0438\u043d \u0441 \u043a\u043e\u043c\u043f\u043b\u0435\u043a\u0442\u043e\u043c Cressi-Sub Big Eyes Evolution+Alpha UD \u0434\u043b\u044f \u0434\u0430\u0439\u0432\u0438\u043d\u0433\u0430\"},{\"@type\":\"BreadcrumbList\",\"@id\":\"https:\/\/xstyle.md\/product\/komplekt-cressi-sub-big-eyes-evolution-alpha-ud-combo\/#breadcrumb\",\"itemListElement\":[{\"@type\":\"ListItem\",\"position\":1,\"name\":\"\u0413\u043b\u0430\u0432\u043d\u0430\u044f \u0441\u0442\u0440\u0430\u043d\u0438\u0446\u0430\",\"item\":\"https:\/\/xstyle.md\/\"},{\"@type\":\"ListItem\",\"position\":2,\"name\":\"\u041c\u0430\u0433\u0430\u0437\u0438\u043d\",\"item\":\"https:\/\/xstyle.md\/shop\/\"},{\"@type\":\"ListItem\",\"position\":3,\"name\":\"\u041a\u043e\u043c\u043f\u043b\u0435\u043a\u0442 Cressi-Sub Big Eyes Evolution+Alpha UD Combo\"}]},{\"@type\":\"WebSite\",\"@id\":\"https:\/\/xstyle.md\/#website\",\"url\":\"https:\/\/xstyle.md\/\",\"name\":\"\u041c\u0430\u0433\u0430\u0437\u0438\u043d Xstyle\",\"description\":\"C\u043d\u0430\u0440\u044f\u0436\u0435\u043d\u0438\u0435 \u0434\u043b\u044f \u0442\u0443\u0440\u0438\u0437\u043c\u0430 \u0438 \u044d\u043a\u0441\u0442\u0440\u0435\u043c\u0430\u043b\u044c\u043d\u044b\u0445 \u0432\u0438\u0434\u043e\u0432 \u0441\u043f\u043e\u0440\u0442\u0430 \u0432 \u041c\u043e\u043b\u0434\u043e\u0432\u0435.. \u0426\u0435\u043d\u044b, \u0444\u043e\u0442\u043e, \u0445\u0430\u0440\u0430\u043a\u0442\u0435\u0440\u0438\u0441\u0442\u0438\u043a\u0438 \u0432 \u041c\u043e\u043b\u0434\u043e\u0432\u0435.\",\"publisher\":{\"@id\":\"https:\/\/xstyle.md\/#organization\"},\"alternateName\":\"X-Style\",\"potentialAction\":[{\"@type\":\"SearchAction\",\"target\":{\"@type\":\"EntryPoint\",\"urlTemplate\":\"https:\/\/xstyle.md\/?s={search_term_string}\"},\"query-input\":{\"@type\":\"PropertyValueSpecification\",\"valueRequired\":true,\"valueName\":\"search_term_string\"}}],\"inLanguage\":\"ro-RO\"},{\"@type\":\"Organization\",\"@id\":\"https:\/\/xstyle.md\/#organization\",\"name\":\"\u041c\u0430\u0433\u0430\u0437\u0438\u043d Xstyle\",\"alternateName\":\"x-style\",\"url\":\"https:\/\/xstyle.md\/\",\"logo\":{\"@type\":\"ImageObject\",\"inLanguage\":\"ro-RO\",\"@id\":\"https:\/\/xstyle.md\/#\/schema\/logo\/image\/\",\"url\":\"https:\/\/xstyle.md\/wp-content\/uploads\/2020\/06\/logoicon.svg\",\"contentUrl\":\"https:\/\/xstyle.md\/wp-content\/uploads\/2020\/06\/logoicon.svg\",\"caption\":\"\u041c\u0430\u0433\u0430\u0437\u0438\u043d Xstyle\"},\"image\":{\"@id\":\"https:\/\/xstyle.md\/#\/schema\/logo\/image\/\"},\"sameAs\":[\"https:\/\/www.facebook.com\/xstylemd\",\"https:\/\/www.instagram.com\/xstyle_md\/\",\"https:\/\/t.me\/xstyle_outdoor\"],\"hasMerchantReturnPolicy\":{\"@type\":\"MerchantReturnPolicy\",\"merchantReturnLink\":\"https:\/\/xstyle.md\/ro\/conditions\/\"}}]}<\/script>\n<meta property=\"product:price:amount\" content=\"2100.00\" \/>\n<meta property=\"product:price:currency\" content=\"MDL\" \/>\n<meta property=\"og:availability\" content=\"instock\" \/>\n<meta property=\"product:availability\" content=\"instock\" \/>\n<meta property=\"product:retailer_item_id\" content=\"8022983058603\" \/>\n<meta property=\"product:condition\" content=\"new\" \/>\n<!-- \/ Yoast SEO plugin. -->","yoast_head_json":{"title":"Set Cressi-Sub Big Eyes Evolution+Alpha UD Combo - Magazin Xstyle","description":"Adu\u021bi o nou\u0103 dimensiune experien\u021bei tale subacvatice cu setul Cressi-Sub Big Eyes Evolution+Alpha UD Combo. Masca unic\u0103 \u0219i tubul pentru snorkeling perfect!","robots":{"index":"index","follow":"follow","max-snippet":"max-snippet:-1","max-image-preview":"max-image-preview:large","max-video-preview":"max-video-preview:-1"},"canonical":"https:\/\/xstyle.md\/ro\/produs\/komplekt-cressi-sub-big-eyes-evolution-alpha-ud-combo\/","og_locale":"ro_RO","og_type":"article","og_title":"\u041a\u043e\u043c\u043f\u043b\u0435\u043a\u0442 Cressi-Sub Big Eyes Evolution+Alpha UD Combo - \u041c\u0430\u0433\u0430\u0437\u0438\u043d Xstyle","og_description":"\u041f\u0440\u0438\u0434\u0430\u0439\u0442\u0435 \u0432\u0430\u0448\u0435\u043c\u0443 \u043f\u043e\u0434\u0432\u043e\u0434\u043d\u043e\u043c\u0443 \u043e\u043f\u044b\u0442\u0443 \u043d\u043e\u0432\u043e\u0435 \u0438\u0437\u043c\u0435\u0440\u0435\u043d\u0438\u0435 \u0441 \u043a\u043e\u043c\u043f\u043b\u0435\u043a\u0442\u043e\u043c Cressi-Sub Big Eyes Evolution+Alpha UD Combo. \u0423\u043d\u0438\u043a\u0430\u043b\u044c\u043d\u0430\u044f \u043c\u0430\u0441\u043a\u0430 \u0438 \u0442\u0440\u0443\u0431\u043a\u0430 \u0434\u043b\u044f \u0438\u0434\u0435\u0430\u043b\u044c\u043d\u043e\u0433\u043e \u0441\u043d\u043e\u0440\u043a\u0435\u043b\u0438\u043d\u0433\u0430!","og_url":"https:\/\/xstyle.md\/ro\/produs\/komplekt-cressi-sub-big-eyes-evolution-alpha-ud-combo\/","og_site_name":"\u041c\u0430\u0433\u0430\u0437\u0438\u043d Xstyle","article_publisher":"https:\/\/www.facebook.com\/xstylemd","article_modified_time":"2025-10-24T09:31:30+00:00","og_image":[{"width":1101,"height":1062,"url":"https:\/\/xstyle.md\/wp-content\/uploads\/2023\/06\/cressi-sub-big-eyes-evolutionalpha-ud-combo-black-blue.jpg","type":"image\/jpeg"}],"twitter_card":"summary_large_image","twitter_misc":{"Pre\u021b":"2.100&nbsp;MDL","Disponibilitate":"\u00cen stoc"},"schema":{"@context":"https:\/\/schema.org","@graph":[{"@type":"WebPage","@id":"https:\/\/xstyle.md\/product\/komplekt-cressi-sub-big-eyes-evolution-alpha-ud-combo\/","url":"https:\/\/xstyle.md\/product\/komplekt-cressi-sub-big-eyes-evolution-alpha-ud-combo\/","name":"Set Cressi-Sub Big Eyes Evolution+Alpha UD Combo - Magazin Xstyle","isPartOf":{"@id":"https:\/\/xstyle.md\/#website"},"primaryImageOfPage":{"@id":"https:\/\/xstyle.md\/product\/komplekt-cressi-sub-big-eyes-evolution-alpha-ud-combo\/#primaryimage"},"image":{"@id":"https:\/\/xstyle.md\/product\/komplekt-cressi-sub-big-eyes-evolution-alpha-ud-combo\/#primaryimage"},"thumbnailUrl":"https:\/\/xstyle.md\/wp-content\/uploads\/2023\/06\/cressi-sub-big-eyes-evolutionalpha-ud-combo-black-blue.jpg","datePublished":"2023-06-23T16:56:45+00:00","dateModified":"2025-10-24T09:31:30+00:00","description":"Adu\u021bi o nou\u0103 dimensiune experien\u021bei tale subacvatice cu setul Cressi-Sub Big Eyes Evolution+Alpha UD Combo. Masca unic\u0103 \u0219i tubul pentru snorkeling perfect!","breadcrumb":{"@id":"https:\/\/xstyle.md\/product\/komplekt-cressi-sub-big-eyes-evolution-alpha-ud-combo\/#breadcrumb"},"inLanguage":"ro-RO","potentialAction":[{"@type":"ReadAction","target":["https:\/\/xstyle.md\/product\/komplekt-cressi-sub-big-eyes-evolution-alpha-ud-combo\/"]}]},{"@type":"ImageObject","inLanguage":"ro-RO","@id":"https:\/\/xstyle.md\/product\/komplekt-cressi-sub-big-eyes-evolution-alpha-ud-combo\/#primaryimage","url":"https:\/\/xstyle.md\/wp-content\/uploads\/2023\/06\/cressi-sub-big-eyes-evolutionalpha-ud-combo-black-blue.jpg","contentUrl":"https:\/\/xstyle.md\/wp-content\/uploads\/2023\/06\/cressi-sub-big-eyes-evolutionalpha-ud-combo-black-blue.jpg","width":1101,"height":1062,"caption":"\u0422\u0435\u0445\u043d\u0438\u0447\u0435\u0441\u043a\u043e\u0435 \u0441\u043d\u0430\u0440\u044f\u0436\u0435\u043d\u0438\u0435 \u0434\u043b\u044f \u0430\u043a\u0442\u0438\u0432\u043d\u043e\u0433\u043e \u043e\u0442\u0434\u044b\u0445\u0430, \u0441\u043f\u043e\u0440\u0442\u0438\u0432\u043d\u0430\u044f \u043e\u0434\u0435\u0436\u0434\u0430 \u0438 \u043e\u0431\u0443\u0432\u044c \u0434\u043b\u044f \u043f\u0435\u0448\u0435\u0445\u043e\u0434\u043d\u044b\u0445 \u043f\u043e\u0445\u043e\u0434\u043e\u0432, \u043f\u0443\u0442\u0435\u0448\u0435\u0441\u0442\u0432\u0438\u0439 \u0438 \u0433\u043e\u0440\u043d\u044b\u0445 \u043f\u043e\u0445\u043e\u0434\u043e\u0432 \u043d\u0430 \u043e\u043d\u043b\u0430\u0439\u043d-\u043c\u0430\u0433\u0430\u0437\u0438\u043d \u0441 \u043a\u043e\u043c\u043f\u043b\u0435\u043a\u0442\u043e\u043c Cressi-Sub Big Eyes Evolution+Alpha UD \u0434\u043b\u044f \u0434\u0430\u0439\u0432\u0438\u043d\u0433\u0430"},{"@type":"BreadcrumbList","@id":"https:\/\/xstyle.md\/product\/komplekt-cressi-sub-big-eyes-evolution-alpha-ud-combo\/#breadcrumb","itemListElement":[{"@type":"ListItem","position":1,"name":"\u0413\u043b\u0430\u0432\u043d\u0430\u044f \u0441\u0442\u0440\u0430\u043d\u0438\u0446\u0430","item":"https:\/\/xstyle.md\/"},{"@type":"ListItem","position":2,"name":"\u041c\u0430\u0433\u0430\u0437\u0438\u043d","item":"https:\/\/xstyle.md\/shop\/"},{"@type":"ListItem","position":3,"name":"\u041a\u043e\u043c\u043f\u043b\u0435\u043a\u0442 Cressi-Sub Big Eyes Evolution+Alpha UD Combo"}]},{"@type":"WebSite","@id":"https:\/\/xstyle.md\/#website","url":"https:\/\/xstyle.md\/","name":"Magazinul X-Style","description":"Echipamente pentru turism \u0219i sporturi extreme \u00een Moldova. Pre\u021buri, fotografii, caracteristici \u00een Moldova.","publisher":{"@id":"https:\/\/xstyle.md\/#organization"},"alternateName":"X-Style","potentialAction":[{"@type":"SearchAction","target":{"@type":"EntryPoint","urlTemplate":"https:\/\/xstyle.md\/?s={search_term_string}"},"query-input":{"@type":"PropertyValueSpecification","valueRequired":true,"valueName":"search_term_string"}}],"inLanguage":"ro-RO"},{"@type":"Organization","@id":"https:\/\/xstyle.md\/#organization","name":"Magazinul X-Style","alternateName":"x-style","url":"https:\/\/xstyle.md\/","logo":{"@type":"ImageObject","inLanguage":"ro-RO","@id":"https:\/\/xstyle.md\/#\/schema\/logo\/image\/","url":"https:\/\/xstyle.md\/wp-content\/uploads\/2020\/06\/logoicon.svg","contentUrl":"https:\/\/xstyle.md\/wp-content\/uploads\/2020\/06\/logoicon.svg","caption":"\u041c\u0430\u0433\u0430\u0437\u0438\u043d Xstyle"},"image":{"@id":"https:\/\/xstyle.md\/#\/schema\/logo\/image\/"},"sameAs":["https:\/\/www.facebook.com\/xstylemd","https:\/\/www.instagram.com\/xstyle_md\/","https:\/\/t.me\/xstyle_outdoor"],"hasMerchantReturnPolicy":{"@type":"MerchantReturnPolicy","merchantReturnLink":"https:\/\/xstyle.md\/ro\/conditions\/"}}]},"product_price_amount":"2100.00","product_price_currency":"MDL","og_availability":"instock","product_availability":"instock","product_retailer_item_id":"8022983058603","product_condition":"new"},"post_mailing_queue_ids":[],"_links":{"self":[{"href":"https:\/\/xstyle.md\/ro\/wp-json\/wp\/v2\/product\/70469","targetHints":{"allow":["GET"]}}],"collection":[{"href":"https:\/\/xstyle.md\/ro\/wp-json\/wp\/v2\/product"}],"about":[{"href":"https:\/\/xstyle.md\/ro\/wp-json\/wp\/v2\/types\/product"}],"replies":[{"embeddable":true,"href":"https:\/\/xstyle.md\/ro\/wp-json\/wp\/v2\/comments?post=70469"}],"wp:featuredmedia":[{"embeddable":true,"href":"https:\/\/xstyle.md\/ro\/wp-json\/wp\/v2\/media\/72030"}],"wp:attachment":[{"href":"https:\/\/xstyle.md\/ro\/wp-json\/wp\/v2\/media?parent=70469"}],"wp:term":[{"taxonomy":"product_brand","embeddable":true,"href":"https:\/\/xstyle.md\/ro\/wp-json\/wp\/v2\/product_brand?post=70469"},{"taxonomy":"product_cat","embeddable":true,"href":"https:\/\/xstyle.md\/ro\/wp-json\/wp\/v2\/product_cat?post=70469"},{"taxonomy":"product_tag","embeddable":true,"href":"https:\/\/xstyle.md\/ro\/wp-json\/wp\/v2\/product_tag?post=70469"}],"curies":[{"name":"wp","href":"https:\/\/api.w.org\/{rel}","templated":true}]}}