{"id":70468,"date":"2023-06-23T19:56:45","date_gmt":"2023-06-23T16:56:45","guid":{"rendered":"https:\/\/xstyle.md\/?post_type=product&#038;p=70468"},"modified":"2025-10-24T12:31:29","modified_gmt":"2025-10-24T09:31:29","slug":"komplekt-cressi-sub-pro-star-bag","status":"publish","type":"product","link":"https:\/\/xstyle.md\/ro\/produs\/komplekt-cressi-sub-pro-star-bag\/","title":{"rendered":"Set Cressi-Sub Pro Star Bag"},"content":{"rendered":"<\/p>\n<p><strong>Cressi-Sub Pro Star Bag<\/strong> &#8212; setul de snorkelling este format dintr-o masc\u0103 integral\u0103 \u0219i labe scurte.<\/p>\n<h3>Flippers<\/h3>\n<p>Labele Cressi Pro Star sunt concepute pentru scufund\u0103ri la mare ad\u00e2ncime. Lamela este realizat\u0103 din polipropilen\u0103 extrem de u\u0219oar\u0103 \u0219i maleabil\u0103, care este combinat\u0103 cu cauciuc termic confortabil. Lama porne\u0219te din partea de sus a labei, ceea ce a crescut suprafa\u021ba efectiv\u0103 de v\u00e2slit cu 20%. Rigidit\u0103\u021bile laterale se \u00eentind aproape de-a lungul \u00eentregii lame, trec\u00e2nd treptat la un strat izolator de protec\u021bie de-a lungul \u00eentregii margini a lamei. U\u0219or de utilizat \u00eentr-o varietate de mi\u0219c\u0103ri de v\u00e2slit cu care nu ve\u021bi \u00eent\u00e2mpina dificult\u0103\u021bi \u00een ap\u0103, deoarece exist\u0103 dou\u0103 labe de stabilizare a cozii la cap\u0103tul lamei \u0219i pe talpa piciorului, oferind control \u0219i stabilizare u\u0219oar\u0103.<\/p>\n<h3>Masc\u0103<\/h3>\n<p>Cressi Sub Matrix este fabricat din silicon de \u00eenalt\u0103 calitate de uz medical, combinat cu lentile calibrate \u0219i un c\u00e2mp vizual larg. Lentilele \u00eenclinate \u00een jos ofer\u0103 o vedere fenomenal\u0103 a spa\u021biului de sub scafandru.<\/p>\n<h3>Tub<\/h3>\n<p>Protec\u021bie cu profil gama care reduce stropirile de deasupra f\u0103r\u0103 a bloca respira\u021bia. Exist\u0103 un accesoriu reglabil: un sistem de fixare rapid\u0103 la cureaua m\u0103\u0219tii care trece de-a lungul deschiderii tubului. Noua gur\u0103 de scurgere: evacueaz\u0103 toat\u0103 apa r\u0103mas\u0103 la cap\u0103tul inferior al tubului, prevenind blocarea c\u0103ilor respiratorii. Supapa eliptic\u0103 intern\u0103 optimizeaz\u0103 scurgerea apei, permi\u021b\u00e2nd ca tubul s\u0103 fie rapid \u0219i u\u0219or de purjat.<\/p>\n<h3>Marca<\/h3>\n<p>Cressi-Sub \u2014 unul dintre cei mai importan\u021bi produc\u0103tori de echipamente de snorkelling, scufund\u0103ri \u0219i spearfishing. \u00cenfiin\u021bat\u0103 \u00een 1946 de fra\u021bii Egidio \u0219i Nanni Cressi, compania evolueaz\u0103 \u00een mod constant \u0219i lanseaz\u0103 produse noi. Istoria scufund\u0103rilor \u00een sine este str\u00e2ns legat\u0103 de cea a companiei Cressi-Sub, iar multe dintre produsele lansate \u00een ultimii 70 de ani au revolu\u021bionat acest tip de activitate \u00een aer liber. Multe dintre inova\u021biile \u0219i inven\u021biile Cressi-Sub au fost adoptate ulterior de mul\u021bi produc\u0103tori de echipamente similare.<\/p>\n<p>Firma a fost \u00eentotdeauna de\u021binut\u0103 \u00een proprietate privat\u0103 de familia Cressi. Prin urmare, facilit\u0103\u021bile de produc\u021bie nu sunt situate \u00een \u021b\u0103rile asiatice, ci \u00een Genova, Italia. Cu toate acestea, compania men\u021bine pre\u021buri rezonabile pentru \u00eentreaga gam\u0103 de produse, care sunt populare \u00een r\u00e2ndul scafandrilor cu orice buget. Filozofia Cressi este inspira\u021bia \u0219i inova\u021bia, dragostea pentru mare \u0219i produse elegante care \u00eendeplinesc cele mai \u00eenalte standarde de calitate.<\/p>\n<p><\/p>","protected":false},"excerpt":{"rendered":"","protected":false},"featured_media":71990,"comment_status":"open","ping_status":"closed","template":"","meta":{"_acf_changed":false,"inline_featured_image":false},"product_brand":[1451],"product_cat":[409],"product_tag":[],"class_list":{"0":"post-70468","1":"product","2":"type-product","3":"status-publish","4":"has-post-thumbnail","6":"product_brand-cressi-sub","7":"product_cat-mask-snorkel-flippers","9":"first","10":"instock","11":"shipping-taxable","12":"purchasable","13":"product-type-simple"},"acf":[],"yoast_head":"<!-- This site is optimized with the Yoast SEO plugin v27.4 - https:\/\/yoast.com\/product\/yoast-seo-wordpress\/ -->\n<title>\u041a\u043e\u043c\u043f\u043b\u0435\u043a\u0442 Cressi-Sub Pro Star Bag - \u041c\u0430\u0433\u0430\u0437\u0438\u043d Xstyle<\/title>\n<meta name=\"description\" content=\"\u041a\u043e\u043c\u043f\u043b\u0435\u043a\u0442 Cressi-Sub Pro Star Bag \u0432\u043a\u043b\u044e\u0447\u0430\u0435\u0442 \u043c\u0430\u0441\u043a\u0443 \u0438 \u043b\u0430\u0441\u0442\u044b \u0434\u043b\u044f \u043f\u043e\u0434\u0432\u043e\u0434\u043d\u043e\u0433\u043e \u043f\u043b\u0430\u0432\u0430\u043d\u0438\u044f. \u0418\u0434\u0435\u0430\u043b\u0435\u043d \u0434\u043b\u044f \u0433\u043b\u0443\u0431\u043e\u043a\u043e\u0439 \u0432\u043e\u0434\u044b. \u041b\u0435\u0433\u043a\u0438\u0439 \u0438 \u043a\u043e\u043c\u0444\u043e\u0440\u0442\u043d\u044b\u0439 \u0432 \u0438\u0441\u043f\u043e\u043b\u044c\u0437\u043e\u0432\u0430\u043d\u0438\u0438!\" \/>\n<meta name=\"robots\" content=\"index, follow, max-snippet:-1, max-image-preview:large, max-video-preview:-1\" \/>\n<link rel=\"canonical\" href=\"https:\/\/xstyle.md\/ro\/produs\/komplekt-cressi-sub-pro-star-bag\/\" \/>\n<meta property=\"og:locale\" content=\"ro_RO\" \/>\n<meta property=\"og:type\" content=\"article\" \/>\n<meta property=\"og:title\" content=\"\u041a\u043e\u043c\u043f\u043b\u0435\u043a\u0442 Cressi-Sub Pro Star Bag - \u041c\u0430\u0433\u0430\u0437\u0438\u043d Xstyle\" \/>\n<meta property=\"og:description\" content=\"\u041a\u043e\u043c\u043f\u043b\u0435\u043a\u0442 Cressi-Sub Pro Star Bag \u0432\u043a\u043b\u044e\u0447\u0430\u0435\u0442 \u043c\u0430\u0441\u043a\u0443 \u0438 \u043b\u0430\u0441\u0442\u044b \u0434\u043b\u044f \u043f\u043e\u0434\u0432\u043e\u0434\u043d\u043e\u0433\u043e \u043f\u043b\u0430\u0432\u0430\u043d\u0438\u044f. \u0418\u0434\u0435\u0430\u043b\u0435\u043d \u0434\u043b\u044f \u0433\u043b\u0443\u0431\u043e\u043a\u043e\u0439 \u0432\u043e\u0434\u044b. \u041b\u0435\u0433\u043a\u0438\u0439 \u0438 \u043a\u043e\u043c\u0444\u043e\u0440\u0442\u043d\u044b\u0439 \u0432 \u0438\u0441\u043f\u043e\u043b\u044c\u0437\u043e\u0432\u0430\u043d\u0438\u0438!\" \/>\n<meta property=\"og:url\" content=\"https:\/\/xstyle.md\/ro\/produs\/komplekt-cressi-sub-pro-star-bag\/\" \/>\n<meta property=\"og:site_name\" content=\"\u041c\u0430\u0433\u0430\u0437\u0438\u043d Xstyle\" \/>\n<meta property=\"article:publisher\" content=\"https:\/\/www.facebook.com\/xstylemd\" \/>\n<meta property=\"article:modified_time\" content=\"2025-10-24T09:31:29+00:00\" \/>\n<meta property=\"og:image\" content=\"https:\/\/xstyle.md\/wp-content\/uploads\/2023\/06\/cressi-sub-pro-star-bag.jpg\" \/>\n\t<meta property=\"og:image:width\" content=\"958\" \/>\n\t<meta property=\"og:image:height\" content=\"888\" \/>\n\t<meta property=\"og:image:type\" content=\"image\/jpeg\" \/>\n<meta name=\"twitter:card\" content=\"summary_large_image\" \/>\n<meta name=\"twitter:label1\" content=\"Pre\u021b\" \/>\n\t<meta name=\"twitter:data1\" content=\"2.490&nbsp;MDL\" \/>\n\t<meta name=\"twitter:label2\" content=\"Disponibilitate\" \/>\n\t<meta name=\"twitter:data2\" content=\"\u00cen stoc\" \/>\n<script type=\"application\/ld+json\" class=\"yoast-schema-graph\">{\"@context\":\"https:\\\/\\\/schema.org\",\"@graph\":[{\"@type\":\"WebPage\",\"@id\":\"https:\\\/\\\/xstyle.md\\\/product\\\/komplekt-cressi-sub-pro-star-bag\\\/\",\"url\":\"https:\\\/\\\/xstyle.md\\\/product\\\/komplekt-cressi-sub-pro-star-bag\\\/\",\"name\":\"\u041a\u043e\u043c\u043f\u043b\u0435\u043a\u0442 Cressi-Sub Pro Star Bag - \u041c\u0430\u0433\u0430\u0437\u0438\u043d Xstyle\",\"isPartOf\":{\"@id\":\"https:\\\/\\\/xstyle.md\\\/#website\"},\"primaryImageOfPage\":{\"@id\":\"https:\\\/\\\/xstyle.md\\\/product\\\/komplekt-cressi-sub-pro-star-bag\\\/#primaryimage\"},\"image\":{\"@id\":\"https:\\\/\\\/xstyle.md\\\/product\\\/komplekt-cressi-sub-pro-star-bag\\\/#primaryimage\"},\"thumbnailUrl\":\"https:\\\/\\\/xstyle.md\\\/wp-content\\\/uploads\\\/2023\\\/06\\\/cressi-sub-pro-star-bag.jpg\",\"datePublished\":\"2023-06-23T16:56:45+00:00\",\"dateModified\":\"2025-10-24T09:31:29+00:00\",\"description\":\"\u041a\u043e\u043c\u043f\u043b\u0435\u043a\u0442 Cressi-Sub Pro Star Bag \u0432\u043a\u043b\u044e\u0447\u0430\u0435\u0442 \u043c\u0430\u0441\u043a\u0443 \u0438 \u043b\u0430\u0441\u0442\u044b \u0434\u043b\u044f \u043f\u043e\u0434\u0432\u043e\u0434\u043d\u043e\u0433\u043e \u043f\u043b\u0430\u0432\u0430\u043d\u0438\u044f. \u0418\u0434\u0435\u0430\u043b\u0435\u043d \u0434\u043b\u044f \u0433\u043b\u0443\u0431\u043e\u043a\u043e\u0439 \u0432\u043e\u0434\u044b. \u041b\u0435\u0433\u043a\u0438\u0439 \u0438 \u043a\u043e\u043c\u0444\u043e\u0440\u0442\u043d\u044b\u0439 \u0432 \u0438\u0441\u043f\u043e\u043b\u044c\u0437\u043e\u0432\u0430\u043d\u0438\u0438!\",\"breadcrumb\":{\"@id\":\"https:\\\/\\\/xstyle.md\\\/product\\\/komplekt-cressi-sub-pro-star-bag\\\/#breadcrumb\"},\"inLanguage\":\"ro-RO\",\"potentialAction\":[{\"@type\":\"ReadAction\",\"target\":[\"https:\\\/\\\/xstyle.md\\\/product\\\/komplekt-cressi-sub-pro-star-bag\\\/\"]}]},{\"@type\":\"ImageObject\",\"inLanguage\":\"ro-RO\",\"@id\":\"https:\\\/\\\/xstyle.md\\\/product\\\/komplekt-cressi-sub-pro-star-bag\\\/#primaryimage\",\"url\":\"https:\\\/\\\/xstyle.md\\\/wp-content\\\/uploads\\\/2023\\\/06\\\/cressi-sub-pro-star-bag.jpg\",\"contentUrl\":\"https:\\\/\\\/xstyle.md\\\/wp-content\\\/uploads\\\/2023\\\/06\\\/cressi-sub-pro-star-bag.jpg\",\"width\":958,\"height\":888,\"caption\":\"\u0421\u0443\u043c\u043a\u0430 Cressi-Sub Pro Star \u0434\u043b\u044f \u0430\u043a\u0442\u0438\u0432\u043d\u043e\u0433\u043e \u043e\u0442\u0434\u044b\u0445\u0430, \u043f\u0443\u0442\u0435\u0448\u0435\u0441\u0442\u0432\u0438\u0439 \u0438 \u0445\u0430\u0439\u043a\u0438\u043d\u0433\u0430, \u043f\u043e\u0434\u0445\u043e\u0434\u044f\u0449\u0430\u044f \u0434\u043b\u044f \u043e\u0434\u0435\u0436\u0434\u044b, \u043e\u0431\u0443\u0432\u0438 \u0438 \u0441\u043d\u0430\u0440\u044f\u0436\u0435\u043d\u0438\u044f \u0434\u043b\u044f \u0430\u043b\u044c\u043f\u0438\u043d\u0438\u0437\u043c\u0430 \u0438 \u043f\u0443\u0442\u0435\u0448\u0435\u0441\u0442\u0432\u0438\u0439\"},{\"@type\":\"BreadcrumbList\",\"@id\":\"https:\\\/\\\/xstyle.md\\\/product\\\/komplekt-cressi-sub-pro-star-bag\\\/#breadcrumb\",\"itemListElement\":[{\"@type\":\"ListItem\",\"position\":1,\"name\":\"\u0413\u043b\u0430\u0432\u043d\u0430\u044f \u0441\u0442\u0440\u0430\u043d\u0438\u0446\u0430\",\"item\":\"https:\\\/\\\/xstyle.md\\\/\"},{\"@type\":\"ListItem\",\"position\":2,\"name\":\"\u041c\u0430\u0433\u0430\u0437\u0438\u043d\",\"item\":\"https:\\\/\\\/xstyle.md\\\/shop\\\/\"},{\"@type\":\"ListItem\",\"position\":3,\"name\":\"\u041a\u043e\u043c\u043f\u043b\u0435\u043a\u0442 Cressi-Sub Pro Star Bag\"}]},{\"@type\":\"WebSite\",\"@id\":\"https:\\\/\\\/xstyle.md\\\/#website\",\"url\":\"https:\\\/\\\/xstyle.md\\\/\",\"name\":\"\u041c\u0430\u0433\u0430\u0437\u0438\u043d Xstyle\",\"description\":\"C\u043d\u0430\u0440\u044f\u0436\u0435\u043d\u0438\u0435 \u0434\u043b\u044f \u0442\u0443\u0440\u0438\u0437\u043c\u0430 \u0438 \u044d\u043a\u0441\u0442\u0440\u0435\u043c\u0430\u043b\u044c\u043d\u044b\u0445 \u0432\u0438\u0434\u043e\u0432 \u0441\u043f\u043e\u0440\u0442\u0430 \u0432 \u041c\u043e\u043b\u0434\u043e\u0432\u0435.. \u0426\u0435\u043d\u044b, \u0444\u043e\u0442\u043e, \u0445\u0430\u0440\u0430\u043a\u0442\u0435\u0440\u0438\u0441\u0442\u0438\u043a\u0438 \u0432 \u041c\u043e\u043b\u0434\u043e\u0432\u0435.\",\"publisher\":{\"@id\":\"https:\\\/\\\/xstyle.md\\\/#organization\"},\"alternateName\":\"X-Style\",\"potentialAction\":[{\"@type\":\"SearchAction\",\"target\":{\"@type\":\"EntryPoint\",\"urlTemplate\":\"https:\\\/\\\/xstyle.md\\\/?s={search_term_string}\"},\"query-input\":{\"@type\":\"PropertyValueSpecification\",\"valueRequired\":true,\"valueName\":\"search_term_string\"}}],\"inLanguage\":\"ro-RO\"},{\"@type\":\"Organization\",\"@id\":\"https:\\\/\\\/xstyle.md\\\/#organization\",\"name\":\"\u041c\u0430\u0433\u0430\u0437\u0438\u043d Xstyle\",\"alternateName\":\"x-style\",\"url\":\"https:\\\/\\\/xstyle.md\\\/\",\"logo\":{\"@type\":\"ImageObject\",\"inLanguage\":\"ro-RO\",\"@id\":\"https:\\\/\\\/xstyle.md\\\/#\\\/schema\\\/logo\\\/image\\\/\",\"url\":\"https:\\\/\\\/xstyle.md\\\/wp-content\\\/uploads\\\/2020\\\/06\\\/logoicon.svg\",\"contentUrl\":\"https:\\\/\\\/xstyle.md\\\/wp-content\\\/uploads\\\/2020\\\/06\\\/logoicon.svg\",\"caption\":\"\u041c\u0430\u0433\u0430\u0437\u0438\u043d Xstyle\"},\"image\":{\"@id\":\"https:\\\/\\\/xstyle.md\\\/#\\\/schema\\\/logo\\\/image\\\/\"},\"sameAs\":[\"https:\\\/\\\/www.facebook.com\\\/xstylemd\",\"https:\\\/\\\/www.instagram.com\\\/xstyle_md\\\/\",\"https:\\\/\\\/t.me\\\/xstyle_outdoor\"],\"hasMerchantReturnPolicy\":{\"@type\":\"MerchantReturnPolicy\",\"merchantReturnLink\":\"https:\\\/\\\/xstyle.md\\\/ro\\\/conditions\\\/\"}}]}<\/script>\n<meta property=\"product:price:amount\" content=\"2490.00\" \/>\n<meta property=\"product:price:currency\" content=\"MDL\" \/>\n<meta property=\"og:availability\" content=\"instock\" \/>\n<meta property=\"product:availability\" content=\"instock\" \/>\n<meta property=\"product:retailer_item_id\" content=\"8022983067551\" \/>\n<meta property=\"product:condition\" content=\"new\" \/>\n<!-- \/ Yoast SEO plugin. -->","yoast_head_json":{"title":"Set Cressi-Sub Pro Star Bag - Magazin Xstyle","description":"Setul Cressi-Sub Pro Star Bag include o masc\u0103 \u0219i palete pentru scufund\u0103ri. Ideal pentru ap\u0103 ad\u00e2nc\u0103. U\u0219or \u0219i confortabil de utilizat!","robots":{"index":"index","follow":"follow","max-snippet":"max-snippet:-1","max-image-preview":"max-image-preview:large","max-video-preview":"max-video-preview:-1"},"canonical":"https:\/\/xstyle.md\/ro\/produs\/komplekt-cressi-sub-pro-star-bag\/","og_locale":"ro_RO","og_type":"article","og_title":"\u041a\u043e\u043c\u043f\u043b\u0435\u043a\u0442 Cressi-Sub Pro Star Bag - \u041c\u0430\u0433\u0430\u0437\u0438\u043d Xstyle","og_description":"\u041a\u043e\u043c\u043f\u043b\u0435\u043a\u0442 Cressi-Sub Pro Star Bag \u0432\u043a\u043b\u044e\u0447\u0430\u0435\u0442 \u043c\u0430\u0441\u043a\u0443 \u0438 \u043b\u0430\u0441\u0442\u044b \u0434\u043b\u044f \u043f\u043e\u0434\u0432\u043e\u0434\u043d\u043e\u0433\u043e \u043f\u043b\u0430\u0432\u0430\u043d\u0438\u044f. \u0418\u0434\u0435\u0430\u043b\u0435\u043d \u0434\u043b\u044f \u0433\u043b\u0443\u0431\u043e\u043a\u043e\u0439 \u0432\u043e\u0434\u044b. \u041b\u0435\u0433\u043a\u0438\u0439 \u0438 \u043a\u043e\u043c\u0444\u043e\u0440\u0442\u043d\u044b\u0439 \u0432 \u0438\u0441\u043f\u043e\u043b\u044c\u0437\u043e\u0432\u0430\u043d\u0438\u0438!","og_url":"https:\/\/xstyle.md\/ro\/produs\/komplekt-cressi-sub-pro-star-bag\/","og_site_name":"\u041c\u0430\u0433\u0430\u0437\u0438\u043d Xstyle","article_publisher":"https:\/\/www.facebook.com\/xstylemd","article_modified_time":"2025-10-24T09:31:29+00:00","og_image":[{"width":958,"height":888,"url":"https:\/\/xstyle.md\/wp-content\/uploads\/2023\/06\/cressi-sub-pro-star-bag.jpg","type":"image\/jpeg"}],"twitter_card":"summary_large_image","twitter_misc":{"Pre\u021b":"2.490&nbsp;MDL","Disponibilitate":"\u00cen stoc"},"schema":{"@context":"https:\/\/schema.org","@graph":[{"@type":"WebPage","@id":"https:\/\/xstyle.md\/product\/komplekt-cressi-sub-pro-star-bag\/","url":"https:\/\/xstyle.md\/product\/komplekt-cressi-sub-pro-star-bag\/","name":"Set Cressi-Sub Pro Star Bag - Magazin Xstyle","isPartOf":{"@id":"https:\/\/xstyle.md\/#website"},"primaryImageOfPage":{"@id":"https:\/\/xstyle.md\/product\/komplekt-cressi-sub-pro-star-bag\/#primaryimage"},"image":{"@id":"https:\/\/xstyle.md\/product\/komplekt-cressi-sub-pro-star-bag\/#primaryimage"},"thumbnailUrl":"https:\/\/xstyle.md\/wp-content\/uploads\/2023\/06\/cressi-sub-pro-star-bag.jpg","datePublished":"2023-06-23T16:56:45+00:00","dateModified":"2025-10-24T09:31:29+00:00","description":"Setul Cressi-Sub Pro Star Bag include o masc\u0103 \u0219i palete pentru scufund\u0103ri. Ideal pentru ap\u0103 ad\u00e2nc\u0103. U\u0219or \u0219i confortabil de utilizat!","breadcrumb":{"@id":"https:\/\/xstyle.md\/product\/komplekt-cressi-sub-pro-star-bag\/#breadcrumb"},"inLanguage":"ro-RO","potentialAction":[{"@type":"ReadAction","target":["https:\/\/xstyle.md\/product\/komplekt-cressi-sub-pro-star-bag\/"]}]},{"@type":"ImageObject","inLanguage":"ro-RO","@id":"https:\/\/xstyle.md\/product\/komplekt-cressi-sub-pro-star-bag\/#primaryimage","url":"https:\/\/xstyle.md\/wp-content\/uploads\/2023\/06\/cressi-sub-pro-star-bag.jpg","contentUrl":"https:\/\/xstyle.md\/wp-content\/uploads\/2023\/06\/cressi-sub-pro-star-bag.jpg","width":958,"height":888,"caption":"\u0421\u0443\u043c\u043a\u0430 Cressi-Sub Pro Star \u0434\u043b\u044f \u0430\u043a\u0442\u0438\u0432\u043d\u043e\u0433\u043e \u043e\u0442\u0434\u044b\u0445\u0430, \u043f\u0443\u0442\u0435\u0448\u0435\u0441\u0442\u0432\u0438\u0439 \u0438 \u0445\u0430\u0439\u043a\u0438\u043d\u0433\u0430, \u043f\u043e\u0434\u0445\u043e\u0434\u044f\u0449\u0430\u044f \u0434\u043b\u044f \u043e\u0434\u0435\u0436\u0434\u044b, \u043e\u0431\u0443\u0432\u0438 \u0438 \u0441\u043d\u0430\u0440\u044f\u0436\u0435\u043d\u0438\u044f \u0434\u043b\u044f \u0430\u043b\u044c\u043f\u0438\u043d\u0438\u0437\u043c\u0430 \u0438 \u043f\u0443\u0442\u0435\u0448\u0435\u0441\u0442\u0432\u0438\u0439"},{"@type":"BreadcrumbList","@id":"https:\/\/xstyle.md\/product\/komplekt-cressi-sub-pro-star-bag\/#breadcrumb","itemListElement":[{"@type":"ListItem","position":1,"name":"\u0413\u043b\u0430\u0432\u043d\u0430\u044f \u0441\u0442\u0440\u0430\u043d\u0438\u0446\u0430","item":"https:\/\/xstyle.md\/"},{"@type":"ListItem","position":2,"name":"\u041c\u0430\u0433\u0430\u0437\u0438\u043d","item":"https:\/\/xstyle.md\/shop\/"},{"@type":"ListItem","position":3,"name":"\u041a\u043e\u043c\u043f\u043b\u0435\u043a\u0442 Cressi-Sub Pro Star Bag"}]},{"@type":"WebSite","@id":"https:\/\/xstyle.md\/#website","url":"https:\/\/xstyle.md\/","name":"Magazinul X-Style","description":"Echipamente pentru turism \u0219i sporturi extreme \u00een Moldova. Pre\u021buri, fotografii, caracteristici \u00een Moldova.","publisher":{"@id":"https:\/\/xstyle.md\/#organization"},"alternateName":"X-Style","potentialAction":[{"@type":"SearchAction","target":{"@type":"EntryPoint","urlTemplate":"https:\/\/xstyle.md\/?s={search_term_string}"},"query-input":{"@type":"PropertyValueSpecification","valueRequired":true,"valueName":"search_term_string"}}],"inLanguage":"ro-RO"},{"@type":"Organization","@id":"https:\/\/xstyle.md\/#organization","name":"Magazinul X-Style","alternateName":"x-style","url":"https:\/\/xstyle.md\/","logo":{"@type":"ImageObject","inLanguage":"ro-RO","@id":"https:\/\/xstyle.md\/#\/schema\/logo\/image\/","url":"https:\/\/xstyle.md\/wp-content\/uploads\/2020\/06\/logoicon.svg","contentUrl":"https:\/\/xstyle.md\/wp-content\/uploads\/2020\/06\/logoicon.svg","caption":"\u041c\u0430\u0433\u0430\u0437\u0438\u043d Xstyle"},"image":{"@id":"https:\/\/xstyle.md\/#\/schema\/logo\/image\/"},"sameAs":["https:\/\/www.facebook.com\/xstylemd","https:\/\/www.instagram.com\/xstyle_md\/","https:\/\/t.me\/xstyle_outdoor"],"hasMerchantReturnPolicy":{"@type":"MerchantReturnPolicy","merchantReturnLink":"https:\/\/xstyle.md\/ro\/conditions\/"}}]},"product_price_amount":"2490.00","product_price_currency":"MDL","og_availability":"instock","product_availability":"instock","product_retailer_item_id":"8022983067551","product_condition":"new"},"post_mailing_queue_ids":[],"_links":{"self":[{"href":"https:\/\/xstyle.md\/ro\/wp-json\/wp\/v2\/product\/70468","targetHints":{"allow":["GET"]}}],"collection":[{"href":"https:\/\/xstyle.md\/ro\/wp-json\/wp\/v2\/product"}],"about":[{"href":"https:\/\/xstyle.md\/ro\/wp-json\/wp\/v2\/types\/product"}],"replies":[{"embeddable":true,"href":"https:\/\/xstyle.md\/ro\/wp-json\/wp\/v2\/comments?post=70468"}],"wp:featuredmedia":[{"embeddable":true,"href":"https:\/\/xstyle.md\/ro\/wp-json\/wp\/v2\/media\/71990"}],"wp:attachment":[{"href":"https:\/\/xstyle.md\/ro\/wp-json\/wp\/v2\/media?parent=70468"}],"wp:term":[{"taxonomy":"product_brand","embeddable":true,"href":"https:\/\/xstyle.md\/ro\/wp-json\/wp\/v2\/product_brand?post=70468"},{"taxonomy":"product_cat","embeddable":true,"href":"https:\/\/xstyle.md\/ro\/wp-json\/wp\/v2\/product_cat?post=70468"},{"taxonomy":"product_tag","embeddable":true,"href":"https:\/\/xstyle.md\/ro\/wp-json\/wp\/v2\/product_tag?post=70468"}],"curies":[{"name":"wp","href":"https:\/\/api.w.org\/{rel}","templated":true}]}}