{"id":70456,"date":"2023-06-23T19:56:42","date_gmt":"2023-06-23T16:56:42","guid":{"rendered":"https:\/\/xstyle.md\/?post_type=product&#038;p=70456"},"modified":"2025-12-18T16:53:09","modified_gmt":"2025-12-18T13:53:09","slug":"lasty-cressi-sub-reaction-pro-black-silver","status":"publish","type":"product","link":"https:\/\/xstyle.md\/ro\/produs\/lasty-cressi-sub-reaction-pro-black-silver\/","title":{"rendered":"Labe Cressi-Sub Reaction Pro black\/silver"},"content":{"rendered":"<\/p>\n<p><strong>Cressi-Sub Reaction Pro<\/strong> &#8212; un model cu labe \u00eenchise care a fost \u00eent\u00e2mpinat cu o aprobare total\u0103 de c\u0103tre scafandri. Cadrul s\u0103u este format din trei materiale diferite, conform sistemului patentat Cressi, care garanteaz\u0103 o ac\u021biune de v\u00e2slit surprinz\u0103tor de lin\u0103 \u0219i puternic\u0103.<\/p>\n<p>Lama este destul de lung\u0103 \u0219i are o grosime diferen\u021biat\u0103 &#8212; groas\u0103 la v\u00e2rf, devine treptat mai sub\u021bire pe m\u0103sur\u0103 ce v\u0103 \u00eendrepta\u021bi spre cap\u0103tul lamei. Talpa lat\u0103 este foarte confortabil\u0103 \u0219i acoper\u0103 perfect piciorul datorit\u0103 utiliz\u0103rii extensive a elastomerilor.<\/p>\n<p>Acestea sunt cele mai puternice labe nereglabile din gama Cressi, cu excep\u021bia modelelor special concepute pentru scufund\u0103ri la mare ad\u00e2ncime, \u0219i sunt alegerea potrivit\u0103 pentru snorkeling regulat, spearfishing ocazional \u0219i vacan\u021be de scufund\u0103ri.<\/p>\n<h3>Particularit\u0103\u021bi<\/h3>\n<ul>\n<li>Cadrul labelor este format din trei materiale polimerice diferite, un sistem patentat Cressi care garanteaz\u0103 o ac\u021biune de v\u00e2slit surprinz\u0103tor de lin\u0103 \u0219i puternic\u0103.<\/li>\n<li>Lama este destul de lung\u0103 \u0219i are o grosime diferen\u021biat\u0103 &#8212; groas\u0103 la v\u00e2rf, devine treptat mai sub\u021bire pe m\u0103sur\u0103 ce v\u0103 \u00eendrepta\u021bi spre cap\u0103tul lamei.<\/li>\n<li>Materialul moale al labelor \u0219i galo\u0219elor v\u0103 permite s\u0103 le folosi\u021bi \u00een ap\u0103 rece. Exist\u0103 ghidaje pe labe pentru a preveni r\u0103t\u0103cirea piciorului atunci c\u00e2nd face\u021bi ciuperci.<\/li>\n<li>Talpa lat\u0103 este foarte confortabil\u0103 \u0219i acoper\u0103 perfect piciorul datorit\u0103 utiliz\u0103rii extensive a elastomerilor.<\/li>\n<\/ul>\n<h3>Caracteristici<\/h3>\n<ul>\n<li>Material &#8212; plastic, cauciuc<\/li>\n<li>Scop &#8212; freaiving \/ v\u00e2n\u0103toare subacvatic\u0103<\/li>\n<li>Rigiditate &#8212; medie<\/li>\n<li>Tip de lam\u0103 &#8212; neventilat\u0103<\/li>\n<li>Tip toc &#8212; \u00eenchis<\/li>\n<\/ul>\n<h3>Marca<\/h3>\n<p>Cressi-Sub este unul dintre cei mai importan\u021bi produc\u0103tori de echipamente de snorkelling, scufund\u0103ri \u0219i pescuit subacvatic. Fondat\u0103 \u00een 1946 de fra\u021bii Egidio \u0219i Nanni Cressi, compania dezvolt\u0103 \u0219i lanseaz\u0103 \u00een mod constant noi produse. Istoria scufund\u0103rilor este str\u00e2ns legat\u0103 de cea a Cressi-Sub, iar multe dintre produsele lansate \u00een ultimii 70 de ani au revolu\u021bionat aceast\u0103 form\u0103 de recreere activ\u0103. Multe dintre inova\u021biile \u0219i inven\u021biile Cressi-Sub au fost adoptate ulterior de mul\u021bi produc\u0103tori de echipamente similare.<\/p>\n<p>Compania a fost \u00eentotdeauna de\u021binut\u0103 privat de familia Cressi. Prin urmare, instala\u021biile de produc\u021bie nu sunt situate \u00een \u021b\u0103ri asiatice, ci \u00een ora\u0219ul italian Genova. Cu toate acestea, compania men\u021bine pre\u021buri rezonabile pentru \u00eentreaga gam\u0103 de produse, ceea ce este popular printre scafandrii cu orice buget. Filozofia Cressi este inspira\u021bie \u0219i inova\u021bie, dragoste pentru mare \u0219i produse elegante care \u00eendeplinesc cele mai \u00eenalte standarde de calitate.<\/p>\n<p><\/p>","protected":false},"excerpt":{"rendered":"","protected":false},"featured_media":72023,"comment_status":"open","ping_status":"closed","template":"","meta":{"_acf_changed":false,"inline_featured_image":false},"product_brand":[1451],"product_cat":[179],"product_tag":[],"class_list":{"0":"post-70456","1":"product","2":"type-product","3":"status-publish","4":"has-post-thumbnail","6":"product_brand-cressi-sub","7":"product_cat-flippers","9":"first","10":"instock","11":"shipping-taxable","12":"purchasable","13":"product-type-simple"},"acf":[],"yoast_head":"<!-- This site is optimized with the Yoast SEO plugin v27.2 - https:\/\/yoast.com\/product\/yoast-seo-wordpress\/ -->\n<title>\u041b\u0430\u0441\u0442\u044b Cressi-Sub Reaction Pro black\/silver - \u041c\u0430\u0433\u0430\u0437\u0438\u043d Xstyle<\/title>\n<meta name=\"description\" content=\"\u041b\u0430\u0441\u0442\u044b Cressi-Sub Reaction Pro black\/silver \u2013 \u0438\u0434\u0435\u0430\u043b\u044c\u043d\u044b\u0439 \u0432\u044b\u0431\u043e\u0440 \u0434\u043b\u044f \u0432\u043e\u0434\u043e\u043b\u0430\u0437\u043e\u0432. \u041e\u0431\u0435\u0441\u043f\u0435\u0447\u0438\u0432\u0430\u044e\u0442 \u043c\u043e\u0449\u043d\u043e\u0435 \u0438 \u043f\u043b\u0430\u0432\u043d\u043e\u0435 \u0434\u0432\u0438\u0436\u0435\u043d\u0438\u0435 \u043f\u043e\u0434 \u0432\u043e\u0434\u043e\u0439. \u041a\u0443\u043f\u0438\u0442\u0435 \u0441\u0435\u0439\u0447\u0430\u0441!\" \/>\n<meta name=\"robots\" content=\"index, follow, max-snippet:-1, max-image-preview:large, max-video-preview:-1\" \/>\n<link rel=\"canonical\" href=\"https:\/\/xstyle.md\/ro\/produs\/lasty-cressi-sub-reaction-pro-black-silver\/\" \/>\n<meta property=\"og:locale\" content=\"ro_RO\" \/>\n<meta property=\"og:type\" content=\"article\" \/>\n<meta property=\"og:title\" content=\"\u041b\u0430\u0441\u0442\u044b Cressi-Sub Reaction Pro black\/silver - \u041c\u0430\u0433\u0430\u0437\u0438\u043d Xstyle\" \/>\n<meta property=\"og:description\" content=\"\u041b\u0430\u0441\u0442\u044b Cressi-Sub Reaction Pro black\/silver \u2013 \u0438\u0434\u0435\u0430\u043b\u044c\u043d\u044b\u0439 \u0432\u044b\u0431\u043e\u0440 \u0434\u043b\u044f \u0432\u043e\u0434\u043e\u043b\u0430\u0437\u043e\u0432. \u041e\u0431\u0435\u0441\u043f\u0435\u0447\u0438\u0432\u0430\u044e\u0442 \u043c\u043e\u0449\u043d\u043e\u0435 \u0438 \u043f\u043b\u0430\u0432\u043d\u043e\u0435 \u0434\u0432\u0438\u0436\u0435\u043d\u0438\u0435 \u043f\u043e\u0434 \u0432\u043e\u0434\u043e\u0439. \u041a\u0443\u043f\u0438\u0442\u0435 \u0441\u0435\u0439\u0447\u0430\u0441!\" \/>\n<meta property=\"og:url\" content=\"https:\/\/xstyle.md\/ro\/produs\/lasty-cressi-sub-reaction-pro-black-silver\/\" \/>\n<meta property=\"og:site_name\" content=\"\u041c\u0430\u0433\u0430\u0437\u0438\u043d Xstyle\" \/>\n<meta property=\"article:publisher\" content=\"https:\/\/www.facebook.com\/xstylemd\" \/>\n<meta property=\"article:modified_time\" content=\"2025-12-18T13:53:09+00:00\" \/>\n<meta property=\"og:image\" content=\"https:\/\/xstyle.md\/wp-content\/uploads\/2023\/06\/cressi-sub-reaction-pro-black-silver-1.jpg\" \/>\n\t<meta property=\"og:image:width\" content=\"1604\" \/>\n\t<meta property=\"og:image:height\" content=\"1525\" \/>\n\t<meta property=\"og:image:type\" content=\"image\/jpeg\" \/>\n<meta name=\"twitter:card\" content=\"summary_large_image\" \/>\n<meta name=\"twitter:label1\" content=\"Pre\u021b\" \/>\n\t<meta name=\"twitter:data1\" content=\"1.470&nbsp;MDL\" \/>\n\t<meta name=\"twitter:label2\" content=\"Disponibilitate\" \/>\n\t<meta name=\"twitter:data2\" content=\"\u00cen stoc\" \/>\n<script type=\"application\/ld+json\" class=\"yoast-schema-graph\">{\"@context\":\"https:\/\/schema.org\",\"@graph\":[{\"@type\":\"WebPage\",\"@id\":\"https:\/\/xstyle.md\/product\/lasty-cressi-sub-reaction-pro-black-silver\/\",\"url\":\"https:\/\/xstyle.md\/product\/lasty-cressi-sub-reaction-pro-black-silver\/\",\"name\":\"\u041b\u0430\u0441\u0442\u044b Cressi-Sub Reaction Pro black\/silver - \u041c\u0430\u0433\u0430\u0437\u0438\u043d Xstyle\",\"isPartOf\":{\"@id\":\"https:\/\/xstyle.md\/#website\"},\"primaryImageOfPage\":{\"@id\":\"https:\/\/xstyle.md\/product\/lasty-cressi-sub-reaction-pro-black-silver\/#primaryimage\"},\"image\":{\"@id\":\"https:\/\/xstyle.md\/product\/lasty-cressi-sub-reaction-pro-black-silver\/#primaryimage\"},\"thumbnailUrl\":\"https:\/\/xstyle.md\/wp-content\/uploads\/2023\/06\/cressi-sub-reaction-pro-black-silver-1.jpg\",\"datePublished\":\"2023-06-23T16:56:42+00:00\",\"dateModified\":\"2025-12-18T13:53:09+00:00\",\"description\":\"\u041b\u0430\u0441\u0442\u044b Cressi-Sub Reaction Pro black\/silver \u2013 \u0438\u0434\u0435\u0430\u043b\u044c\u043d\u044b\u0439 \u0432\u044b\u0431\u043e\u0440 \u0434\u043b\u044f \u0432\u043e\u0434\u043e\u043b\u0430\u0437\u043e\u0432. \u041e\u0431\u0435\u0441\u043f\u0435\u0447\u0438\u0432\u0430\u044e\u0442 \u043c\u043e\u0449\u043d\u043e\u0435 \u0438 \u043f\u043b\u0430\u0432\u043d\u043e\u0435 \u0434\u0432\u0438\u0436\u0435\u043d\u0438\u0435 \u043f\u043e\u0434 \u0432\u043e\u0434\u043e\u0439. \u041a\u0443\u043f\u0438\u0442\u0435 \u0441\u0435\u0439\u0447\u0430\u0441!\",\"breadcrumb\":{\"@id\":\"https:\/\/xstyle.md\/product\/lasty-cressi-sub-reaction-pro-black-silver\/#breadcrumb\"},\"inLanguage\":\"ro-RO\",\"potentialAction\":[{\"@type\":\"ReadAction\",\"target\":[\"https:\/\/xstyle.md\/product\/lasty-cressi-sub-reaction-pro-black-silver\/\"]}]},{\"@type\":\"ImageObject\",\"inLanguage\":\"ro-RO\",\"@id\":\"https:\/\/xstyle.md\/product\/lasty-cressi-sub-reaction-pro-black-silver\/#primaryimage\",\"url\":\"https:\/\/xstyle.md\/wp-content\/uploads\/2023\/06\/cressi-sub-reaction-pro-black-silver-1.jpg\",\"contentUrl\":\"https:\/\/xstyle.md\/wp-content\/uploads\/2023\/06\/cressi-sub-reaction-pro-black-silver-1.jpg\",\"width\":1604,\"height\":1525,\"caption\":\"\u041b\u0430\u0441\u0442\u044b Cressi-Sub Reaction Pro \u0447\u0435\u0440\u043d\u044b\u0435 \u0441\u0435\u0440\u0435\u0431\u0440\u043e \u0434\u043b\u044f \u0430\u043a\u0442\u0438\u0432\u043d\u043e\u0433\u043e \u043e\u0442\u0434\u044b\u0445\u0430 \u043f\u043e\u0445\u043e\u0434\u043e\u0432 \u0438 \u043f\u0443\u0442\u0435\u0448\u0435\u0441\u0442\u0432\u0438\u0439, \u0441\u043f\u043e\u0440\u0442\u0438\u0432\u043d\u043e\u0439 \u043e\u0431\u0443\u0432\u0438 \u0434\u043b\u044f \u0442\u0443\u0440\u0438\u0437\u043c\u0430 \u0438 \u0430\u043b\u044c\u043f\u0438\u043d\u0438\u0437\u043c\u0430\"},{\"@type\":\"BreadcrumbList\",\"@id\":\"https:\/\/xstyle.md\/product\/lasty-cressi-sub-reaction-pro-black-silver\/#breadcrumb\",\"itemListElement\":[{\"@type\":\"ListItem\",\"position\":1,\"name\":\"\u0413\u043b\u0430\u0432\u043d\u0430\u044f \u0441\u0442\u0440\u0430\u043d\u0438\u0446\u0430\",\"item\":\"https:\/\/xstyle.md\/\"},{\"@type\":\"ListItem\",\"position\":2,\"name\":\"\u041c\u0430\u0433\u0430\u0437\u0438\u043d\",\"item\":\"https:\/\/xstyle.md\/shop\/\"},{\"@type\":\"ListItem\",\"position\":3,\"name\":\"\u041b\u0430\u0441\u0442\u044b Cressi-Sub Reaction Pro black\/silver\"}]},{\"@type\":\"WebSite\",\"@id\":\"https:\/\/xstyle.md\/#website\",\"url\":\"https:\/\/xstyle.md\/\",\"name\":\"\u041c\u0430\u0433\u0430\u0437\u0438\u043d Xstyle\",\"description\":\"C\u043d\u0430\u0440\u044f\u0436\u0435\u043d\u0438\u0435 \u0434\u043b\u044f \u0442\u0443\u0440\u0438\u0437\u043c\u0430 \u0438 \u044d\u043a\u0441\u0442\u0440\u0435\u043c\u0430\u043b\u044c\u043d\u044b\u0445 \u0432\u0438\u0434\u043e\u0432 \u0441\u043f\u043e\u0440\u0442\u0430 \u0432 \u041c\u043e\u043b\u0434\u043e\u0432\u0435.. \u0426\u0435\u043d\u044b, \u0444\u043e\u0442\u043e, \u0445\u0430\u0440\u0430\u043a\u0442\u0435\u0440\u0438\u0441\u0442\u0438\u043a\u0438 \u0432 \u041c\u043e\u043b\u0434\u043e\u0432\u0435.\",\"publisher\":{\"@id\":\"https:\/\/xstyle.md\/#organization\"},\"alternateName\":\"X-Style\",\"potentialAction\":[{\"@type\":\"SearchAction\",\"target\":{\"@type\":\"EntryPoint\",\"urlTemplate\":\"https:\/\/xstyle.md\/?s={search_term_string}\"},\"query-input\":{\"@type\":\"PropertyValueSpecification\",\"valueRequired\":true,\"valueName\":\"search_term_string\"}}],\"inLanguage\":\"ro-RO\"},{\"@type\":\"Organization\",\"@id\":\"https:\/\/xstyle.md\/#organization\",\"name\":\"\u041c\u0430\u0433\u0430\u0437\u0438\u043d Xstyle\",\"alternateName\":\"x-style\",\"url\":\"https:\/\/xstyle.md\/\",\"logo\":{\"@type\":\"ImageObject\",\"inLanguage\":\"ro-RO\",\"@id\":\"https:\/\/xstyle.md\/#\/schema\/logo\/image\/\",\"url\":\"https:\/\/xstyle.md\/wp-content\/uploads\/2020\/06\/logoicon.svg\",\"contentUrl\":\"https:\/\/xstyle.md\/wp-content\/uploads\/2020\/06\/logoicon.svg\",\"caption\":\"\u041c\u0430\u0433\u0430\u0437\u0438\u043d Xstyle\"},\"image\":{\"@id\":\"https:\/\/xstyle.md\/#\/schema\/logo\/image\/\"},\"sameAs\":[\"https:\/\/www.facebook.com\/xstylemd\",\"https:\/\/www.instagram.com\/xstyle_md\/\",\"https:\/\/t.me\/xstyle_outdoor\"],\"hasMerchantReturnPolicy\":{\"@type\":\"MerchantReturnPolicy\",\"merchantReturnLink\":\"https:\/\/xstyle.md\/ro\/conditions\/\"}}]}<\/script>\n<meta property=\"product:price:amount\" content=\"1470.00\" \/>\n<meta property=\"product:price:currency\" content=\"MDL\" \/>\n<meta property=\"og:availability\" content=\"instock\" \/>\n<meta property=\"product:availability\" content=\"instock\" \/>\n<meta property=\"product:retailer_item_id\" content=\"8022983033761\" \/>\n<meta property=\"product:condition\" content=\"new\" \/>\n<!-- \/ Yoast SEO plugin. -->","yoast_head_json":{"title":"Labe Cressi-Sub Reaction Pro black\/silver - Magazin Xstyle","description":"Pale Cressi-Sub Reaction Pro black\/silver \u2013 alegerea ideal\u0103 pentru scufund\u0103tori. Ofer\u0103 o mi\u0219care puternic\u0103 \u0219i fluid\u0103 sub ap\u0103. Cump\u0103r\u0103 acum!","robots":{"index":"index","follow":"follow","max-snippet":"max-snippet:-1","max-image-preview":"max-image-preview:large","max-video-preview":"max-video-preview:-1"},"canonical":"https:\/\/xstyle.md\/ro\/produs\/lasty-cressi-sub-reaction-pro-black-silver\/","og_locale":"ro_RO","og_type":"article","og_title":"\u041b\u0430\u0441\u0442\u044b Cressi-Sub Reaction Pro black\/silver - \u041c\u0430\u0433\u0430\u0437\u0438\u043d Xstyle","og_description":"\u041b\u0430\u0441\u0442\u044b Cressi-Sub Reaction Pro black\/silver \u2013 \u0438\u0434\u0435\u0430\u043b\u044c\u043d\u044b\u0439 \u0432\u044b\u0431\u043e\u0440 \u0434\u043b\u044f \u0432\u043e\u0434\u043e\u043b\u0430\u0437\u043e\u0432. \u041e\u0431\u0435\u0441\u043f\u0435\u0447\u0438\u0432\u0430\u044e\u0442 \u043c\u043e\u0449\u043d\u043e\u0435 \u0438 \u043f\u043b\u0430\u0432\u043d\u043e\u0435 \u0434\u0432\u0438\u0436\u0435\u043d\u0438\u0435 \u043f\u043e\u0434 \u0432\u043e\u0434\u043e\u0439. \u041a\u0443\u043f\u0438\u0442\u0435 \u0441\u0435\u0439\u0447\u0430\u0441!","og_url":"https:\/\/xstyle.md\/ro\/produs\/lasty-cressi-sub-reaction-pro-black-silver\/","og_site_name":"\u041c\u0430\u0433\u0430\u0437\u0438\u043d Xstyle","article_publisher":"https:\/\/www.facebook.com\/xstylemd","article_modified_time":"2025-12-18T13:53:09+00:00","og_image":[{"width":1604,"height":1525,"url":"https:\/\/xstyle.md\/wp-content\/uploads\/2023\/06\/cressi-sub-reaction-pro-black-silver-1.jpg","type":"image\/jpeg"}],"twitter_card":"summary_large_image","twitter_misc":{"Pre\u021b":"1.470&nbsp;MDL","Disponibilitate":"\u00cen stoc"},"schema":{"@context":"https:\/\/schema.org","@graph":[{"@type":"WebPage","@id":"https:\/\/xstyle.md\/product\/lasty-cressi-sub-reaction-pro-black-silver\/","url":"https:\/\/xstyle.md\/product\/lasty-cressi-sub-reaction-pro-black-silver\/","name":"Labe Cressi-Sub Reaction Pro black\/silver - Magazin Xstyle","isPartOf":{"@id":"https:\/\/xstyle.md\/#website"},"primaryImageOfPage":{"@id":"https:\/\/xstyle.md\/product\/lasty-cressi-sub-reaction-pro-black-silver\/#primaryimage"},"image":{"@id":"https:\/\/xstyle.md\/product\/lasty-cressi-sub-reaction-pro-black-silver\/#primaryimage"},"thumbnailUrl":"https:\/\/xstyle.md\/wp-content\/uploads\/2023\/06\/cressi-sub-reaction-pro-black-silver-1.jpg","datePublished":"2023-06-23T16:56:42+00:00","dateModified":"2025-12-18T13:53:09+00:00","description":"Pale Cressi-Sub Reaction Pro black\/silver \u2013 alegerea ideal\u0103 pentru scufund\u0103tori. Ofer\u0103 o mi\u0219care puternic\u0103 \u0219i fluid\u0103 sub ap\u0103. Cump\u0103r\u0103 acum!","breadcrumb":{"@id":"https:\/\/xstyle.md\/product\/lasty-cressi-sub-reaction-pro-black-silver\/#breadcrumb"},"inLanguage":"ro-RO","potentialAction":[{"@type":"ReadAction","target":["https:\/\/xstyle.md\/product\/lasty-cressi-sub-reaction-pro-black-silver\/"]}]},{"@type":"ImageObject","inLanguage":"ro-RO","@id":"https:\/\/xstyle.md\/product\/lasty-cressi-sub-reaction-pro-black-silver\/#primaryimage","url":"https:\/\/xstyle.md\/wp-content\/uploads\/2023\/06\/cressi-sub-reaction-pro-black-silver-1.jpg","contentUrl":"https:\/\/xstyle.md\/wp-content\/uploads\/2023\/06\/cressi-sub-reaction-pro-black-silver-1.jpg","width":1604,"height":1525,"caption":"\u041b\u0430\u0441\u0442\u044b Cressi-Sub Reaction Pro \u0447\u0435\u0440\u043d\u044b\u0435 \u0441\u0435\u0440\u0435\u0431\u0440\u043e \u0434\u043b\u044f \u0430\u043a\u0442\u0438\u0432\u043d\u043e\u0433\u043e \u043e\u0442\u0434\u044b\u0445\u0430 \u043f\u043e\u0445\u043e\u0434\u043e\u0432 \u0438 \u043f\u0443\u0442\u0435\u0448\u0435\u0441\u0442\u0432\u0438\u0439, \u0441\u043f\u043e\u0440\u0442\u0438\u0432\u043d\u043e\u0439 \u043e\u0431\u0443\u0432\u0438 \u0434\u043b\u044f \u0442\u0443\u0440\u0438\u0437\u043c\u0430 \u0438 \u0430\u043b\u044c\u043f\u0438\u043d\u0438\u0437\u043c\u0430"},{"@type":"BreadcrumbList","@id":"https:\/\/xstyle.md\/product\/lasty-cressi-sub-reaction-pro-black-silver\/#breadcrumb","itemListElement":[{"@type":"ListItem","position":1,"name":"\u0413\u043b\u0430\u0432\u043d\u0430\u044f \u0441\u0442\u0440\u0430\u043d\u0438\u0446\u0430","item":"https:\/\/xstyle.md\/"},{"@type":"ListItem","position":2,"name":"\u041c\u0430\u0433\u0430\u0437\u0438\u043d","item":"https:\/\/xstyle.md\/shop\/"},{"@type":"ListItem","position":3,"name":"\u041b\u0430\u0441\u0442\u044b Cressi-Sub Reaction Pro black\/silver"}]},{"@type":"WebSite","@id":"https:\/\/xstyle.md\/#website","url":"https:\/\/xstyle.md\/","name":"Magazinul X-Style","description":"Echipamente pentru turism \u0219i sporturi extreme \u00een Moldova. Pre\u021buri, fotografii, caracteristici \u00een Moldova.","publisher":{"@id":"https:\/\/xstyle.md\/#organization"},"alternateName":"X-Style","potentialAction":[{"@type":"SearchAction","target":{"@type":"EntryPoint","urlTemplate":"https:\/\/xstyle.md\/?s={search_term_string}"},"query-input":{"@type":"PropertyValueSpecification","valueRequired":true,"valueName":"search_term_string"}}],"inLanguage":"ro-RO"},{"@type":"Organization","@id":"https:\/\/xstyle.md\/#organization","name":"Magazinul X-Style","alternateName":"x-style","url":"https:\/\/xstyle.md\/","logo":{"@type":"ImageObject","inLanguage":"ro-RO","@id":"https:\/\/xstyle.md\/#\/schema\/logo\/image\/","url":"https:\/\/xstyle.md\/wp-content\/uploads\/2020\/06\/logoicon.svg","contentUrl":"https:\/\/xstyle.md\/wp-content\/uploads\/2020\/06\/logoicon.svg","caption":"\u041c\u0430\u0433\u0430\u0437\u0438\u043d Xstyle"},"image":{"@id":"https:\/\/xstyle.md\/#\/schema\/logo\/image\/"},"sameAs":["https:\/\/www.facebook.com\/xstylemd","https:\/\/www.instagram.com\/xstyle_md\/","https:\/\/t.me\/xstyle_outdoor"],"hasMerchantReturnPolicy":{"@type":"MerchantReturnPolicy","merchantReturnLink":"https:\/\/xstyle.md\/ro\/conditions\/"}}]},"product_price_amount":"1470.00","product_price_currency":"MDL","og_availability":"instock","product_availability":"instock","product_retailer_item_id":"8022983033761","product_condition":"new"},"post_mailing_queue_ids":[],"_links":{"self":[{"href":"https:\/\/xstyle.md\/ro\/wp-json\/wp\/v2\/product\/70456","targetHints":{"allow":["GET"]}}],"collection":[{"href":"https:\/\/xstyle.md\/ro\/wp-json\/wp\/v2\/product"}],"about":[{"href":"https:\/\/xstyle.md\/ro\/wp-json\/wp\/v2\/types\/product"}],"replies":[{"embeddable":true,"href":"https:\/\/xstyle.md\/ro\/wp-json\/wp\/v2\/comments?post=70456"}],"wp:featuredmedia":[{"embeddable":true,"href":"https:\/\/xstyle.md\/ro\/wp-json\/wp\/v2\/media\/72023"}],"wp:attachment":[{"href":"https:\/\/xstyle.md\/ro\/wp-json\/wp\/v2\/media?parent=70456"}],"wp:term":[{"taxonomy":"product_brand","embeddable":true,"href":"https:\/\/xstyle.md\/ro\/wp-json\/wp\/v2\/product_brand?post=70456"},{"taxonomy":"product_cat","embeddable":true,"href":"https:\/\/xstyle.md\/ro\/wp-json\/wp\/v2\/product_cat?post=70456"},{"taxonomy":"product_tag","embeddable":true,"href":"https:\/\/xstyle.md\/ro\/wp-json\/wp\/v2\/product_tag?post=70456"}],"curies":[{"name":"wp","href":"https:\/\/api.w.org\/{rel}","templated":true}]}}