{"id":70447,"date":"2023-06-23T19:56:41","date_gmt":"2023-06-23T16:56:41","guid":{"rendered":"https:\/\/xstyle.md\/?post_type=product&#038;p=70447"},"modified":"2025-06-03T22:43:16","modified_gmt":"2025-06-03T19:43:16","slug":"katushka-dlya-arbaleta-cressi-sub-fishing-reel","status":"publish","type":"product","link":"https:\/\/xstyle.md\/ro\/produs\/katushka-dlya-arbaleta-cressi-sub-fishing-reel\/","title":{"rendered":"Accesoriu harpon Cressi-Sub Fishing Reel"},"content":{"rendered":"<p>\u041a\u0430\u0442\u0443\u0448\u043a\u0430 \u0434\u043b\u044f \u0430\u0440\u0431\u0430\u043b\u0435\u0442\u0430 <strong>Cressi-Sub Fishing Reel<\/strong> \u043f\u0440\u0435\u0434\u043d\u0430\u0437\u043d\u0430\u0447\u0435\u043d\u0430 \u0434\u043b\u044f \u0443\u0441\u0442\u0430\u043d\u043e\u0432\u043a\u0438 \u043d\u0430 \u0430\u0440\u0431\u0430\u043b\u0435\u0442\u044b \u0444\u0438\u0440\u043c\u044b Cressi. \u041d\u0430 \u0434\u0440\u0443\u0433\u0438\u0435 \u0440\u0443\u0436\u044c\u044f \u0435\u0435 \u0431\u0443\u0434\u0435\u0442 \u0443\u0441\u0442\u0430\u043d\u043e\u0432\u0438\u0442\u044c \u043f\u0440\u043e\u0431\u043b\u0435\u043c\u0430\u0442\u0438\u0447\u043d\u043e \u0438\u0437-\u0437\u0430 \u043d\u0430\u043b\u0438\u0447\u0438\u044f \u0448\u0442\u0430\u0442\u043d\u043e\u0433\u043e \u043a\u0440\u0435\u043f\u043b\u0435\u043d\u0438\u044f.<\/p>\n<p>\u041a\u0430\u0442\u0443\u0448\u043a\u0430 \u0434\u043e\u0441\u0442\u0430\u0442\u043e\u0447\u043d\u043e \u0431\u043e\u043b\u044c\u0448\u0430\u044f \u0438 \u0432\u043c\u0435\u0441\u0442\u0438\u0442\u0435\u043b\u044c\u043d\u0430\u044f. \u0418\u0437\u0433\u043e\u0442\u043e\u0432\u043b\u0435\u043d\u0430 \u0438\u0437 \u0443\u0434\u0430\u0440\u043e\u043f\u0440\u043e\u0447\u043d\u043e\u0433\u043e \u043f\u043b\u0430\u0441\u0442\u0438\u043a\u0430 \u0438 \u043e\u0431\u043b\u0430\u0434\u0430\u0435\u0442 \u043d\u0435\u043e\u0431\u0445\u043e\u0434\u0438\u043c\u043e\u0439 \u043f\u0440\u043e\u0447\u043d\u043e\u0441\u0442\u044c\u044e. \u0422\u0430\u043a\u0430\u044f \u043a\u0430\u0442\u0443\u0448\u043a\u0430 &#8212; \u044d\u0442\u043e \u0445\u043e\u0440\u043e\u0448\u0435\u0435 \u0434\u043e\u043f\u043e\u043b\u043d\u0435\u043d\u0438\u0435 \u043a \u0440\u0443\u0436\u044c\u044e \u0434\u043b\u044f \u043f\u043e\u0434\u0432\u043e\u0434\u043d\u043e\u0439 \u043e\u0445\u043e\u0442\u044b \u043e\u0442 \u0444\u0438\u0440\u043c\u044b Cressi.<\/p>\n<p>\u041f\u043e\u0441\u0442\u0430\u0432\u043b\u044f\u0435\u0442\u0441\u044f \u0441 \u0443\u0441\u0442\u0440\u043e\u0439\u0441\u0442\u0432\u043e\u043c \u0440\u0435\u0432\u0435\u0440\u0441\u0438\u0432\u043d\u043e\u0439 \u043e\u0442\u043c\u043e\u0442\u043a\u0438 \u0438 \u043c\u0443\u0444\u0442\u043e\u0439 \u0438, \u0431\u043b\u0430\u0433\u043e\u0434\u0430\u0440\u044f \u0441\u0432\u043e\u0435\u0439 \u0441\u043e\u0432\u0440\u0435\u043c\u0435\u043d\u043d\u043e\u0441\u0442\u0438 \u0438 \u044d\u0444\u0444\u0435\u043a\u0442\u0438\u0432\u043d\u043e\u0441\u0442\u0438, \u044f\u0432\u043b\u044f\u0435\u0442\u0441\u044f \u043d\u0430 \u043d\u0430\u0441\u0442\u043e\u044f\u0449\u0438\u0439 \u043c\u043e\u043c\u0435\u043d\u0442 \u043d\u0430\u0438\u043b\u0443\u0447\u0448\u0435\u0439 \u043d\u0430 \u0440\u044b\u043d\u043a\u0435.<\/p>\n<p>\u041a\u0440\u0435\u043f\u043b\u0435\u043d\u0438\u0435 \u043a\u0430\u0442\u0443\u0448\u043a\u0438 \u043a \u0440\u0443\u0436\u044c\u044e \u0432 \u0444\u043e\u0440\u043c\u0435 \u043b\u0430\u0441\u0442\u043e\u0447\u043a\u0438\u043d\u043e\u0433\u043e \u0445\u0432\u043e\u0441\u0442\u0430 \u0440\u0430\u0441\u043f\u043e\u043b\u043e\u0436\u0435\u043d\u043e \u0442\u0430\u043a\u0438\u043c \u043e\u0431\u0440\u0430\u0437\u043e\u043c, \u0447\u0442\u043e \u043f\u043e\u0437\u0432\u043e\u043b\u044f\u0435\u0442 \u043e\u0434\u043d\u043e\u0432\u0440\u0435\u043c\u0435\u043d\u043d\u043e \u0438\u0441\u043f\u043e\u043b\u044c\u0437\u043e\u0432\u0430\u0442\u044c \u0432\u0441\u0435 \u0443\u0441\u0442\u0440\u043e\u0439\u0441\u0442\u0432\u0430 \u0440\u0430\u0437\u043c\u043e\u0442\u043a\u0438 \u043b\u0438\u043d\u044f, \u0432 \u0442\u043e\u043c \u0447\u0438\u0441\u043b\u0435 \u0438 \u043c\u0435\u0445\u0430\u043d\u0438\u0447\u0435\u0441\u043a\u043e\u0435, \u043a\u043e\u0442\u043e\u0440\u043e\u0435 \u0441\u0440\u0430\u0431\u0430\u0442\u044b\u0432\u0430\u0435\u0442 \u043f\u0440\u0438 \u043d\u0430\u0436\u0430\u0442\u0438\u0438 \u043d\u0430 \u043a\u0443\u0440\u043e\u043a (\u044d\u043a\u0441\u043a\u043b\u044e\u0437\u0438\u0432\u043d\u0430\u044f \u0440\u0430\u0437\u0440\u0430\u0431\u043e\u0442\u043a\u0430 Cressi).<\/p>\n<h3>Caracteristici<\/h3>\n<ul>\n<li>\u0414\u0438\u0430\u043c\u0435\u0442\u0440 \u0448\u043f\u0443\u043b\u0438 &#8212; 70 \u043c\u043c<\/li>\n<li>\u041c\u0430\u0442\u0435\u0440\u0438\u0430\u043b \u043a\u0430\u0440\u043a\u0430\u0441\u0430 &#8212; \u0432\u044b\u0441\u043e\u043a\u043e\u043f\u0440\u043e\u0447\u043d\u044b\u0439 \u043f\u043e\u043b\u0438\u043c\u0435\u0440<\/li>\n<li>\u041c\u0430\u0442\u0435\u0440\u0438\u0430\u043b \u0448\u043f\u0443\u043b\u0438 &#8212; \u0432\u044b\u0441\u043e\u043a\u043e\u043f\u0440\u043e\u0447\u043d\u044b\u0439 \u043f\u043e\u043b\u0438\u043c\u0435\u0440<\/li>\n<li>\u0412\u043c\u0435\u0441\u0442\u0438\u043c\u043e\u0441\u0442\u044c \u043b\u0438\u043d\u044f 1,8-2,0 \u043c\u043c &#8212; 40-50 \u043c\u0435\u0442\u0440\u043e\u0432, 1,5-1,7 \u043c\u043c &#8212; 50-80 \u043c\u0435\u0442\u0440\u043e\u0432<\/li>\n<\/ul>\n<h3>Marca<\/h3>\n<p>Cressi-Sub - este unul dintre cei mai importan\u021bi produc\u0103tori de echipamente pentru snorkeling, diving \u0219i v\u00e2n\u0103toare subacvatic\u0103. Fondat\u0103 \u00een 1946 de fra\u021bii Egidio \u0219i Nanni Cressi, compania evolueaz\u0103 constant, lans\u00e2nd periodic produse noi pe pia\u021b\u0103. Istoria scufund\u0103rilor este str\u00e2ns legat\u0103 de istoria firmei Cressi-Sub, multe dintre produsele lansate \u00een ultimii 70 de ani revolu\u021bion\u00e2nd acest tip de activitate recreativ\u0103. Multe inova\u021bii \u0219i inven\u021bii marca Cressi-Sub au fost ulterior adoptate de numero\u0219i al\u021bi produc\u0103tori de echipamente de profil.<\/p>\n<p>Compania a r\u0103mas \u00eentotdeauna o afacere privat\u0103, de\u021binut\u0103 de familia Cressi. Din acest motiv, unit\u0103\u021bile de produc\u021bie nu sunt situate \u00een state asiatice, ci \u00een Genova, Italia. Cu toate acestea, compania men\u021bine pre\u021buri accesibile pentru \u00eentreaga gam\u0103 de produse, fiind popular\u0103 printre scafandrii cu orice buget. Filosofia Cressi \u00eenseamn\u0103 inspira\u021bie \u0219i inova\u021bie, dragoste pentru mare \u0219i produse stilate care respect\u0103 cele mai \u00eenalte standarde de calitate.<\/p>","protected":false},"excerpt":{"rendered":"<p>\u041a\u0430\u0442\u0443\u0448\u043a\u0430 \u0434\u043b\u044f \u0430\u0440\u0431\u0430\u043b\u0435\u0442\u0430 Cressi-Sub Fishing Reel \u043f\u0440\u0435\u0434\u043d\u0430\u0437\u043d\u0430\u0447\u0435\u043d\u0430 \u0434\u043b\u044f \u0443\u0441\u0442\u0430\u043d\u043e\u0432\u043a\u0438 \u043d\u0430 \u0430\u0440\u0431\u0430\u043b\u0435\u0442\u044b \u0444\u0438\u0440\u043c\u044b Cressi. \u041d\u0430 \u0434\u0440\u0443\u0433\u0438\u0435 \u0440\u0443\u0436\u044c\u044f \u0435\u0435 \u0431\u0443\u0434\u0435\u0442 \u0443\u0441\u0442\u0430\u043d\u043e\u0432\u0438\u0442\u044c \u043f\u0440\u043e\u0431\u043b\u0435\u043c\u0430\u0442\u0438\u0447\u043d\u043e \u0438\u0437-\u0437\u0430 \u043d\u0430\u043b\u0438\u0447\u0438\u044f \u0448\u0442\u0430\u0442\u043d\u043e\u0433\u043e \u043a\u0440\u0435\u043f\u043b\u0435\u043d\u0438\u044f. \u041a\u0430\u0442\u0443\u0448\u043a\u0430 \u0434\u043e\u0441\u0442\u0430\u0442\u043e\u0447\u043d\u043e \u0431\u043e\u043b\u044c\u0448\u0430\u044f \u0438 \u0432\u043c\u0435\u0441\u0442\u0438\u0442\u0435\u043b\u044c\u043d\u0430\u044f. \u0418\u0437\u0433\u043e\u0442\u043e\u0432\u043b\u0435\u043d\u0430 \u0438\u0437 \u0443\u0434\u0430\u0440\u043e\u043f\u0440\u043e\u0447\u043d\u043e\u0433\u043e \u043f\u043b\u0430\u0441\u0442\u0438\u043a\u0430 \u0438 \u043e\u0431\u043b\u0430\u0434\u0430\u0435\u0442 \u043d\u0435\u043e\u0431\u0445\u043e\u0434\u0438\u043c\u043e\u0439 \u043f\u0440\u043e\u0447\u043d\u043e\u0441\u0442\u044c\u044e. \u0422\u0430\u043a\u0430\u044f \u043a\u0430\u0442\u0443\u0448\u043a\u0430 &#8212; \u044d\u0442\u043e \u0445\u043e\u0440\u043e\u0448\u0435\u0435 \u0434\u043e\u043f\u043e\u043b\u043d\u0435\u043d\u0438\u0435 \u043a \u0440\u0443\u0436\u044c\u044e \u0434\u043b\u044f \u043f\u043e\u0434\u0432\u043e\u0434\u043d\u043e\u0439 \u043e\u0445\u043e\u0442\u044b \u043e\u0442 \u0444\u0438\u0440\u043c\u044b Cressi. \u041f\u043e\u0441\u0442\u0430\u0432\u043b\u044f\u0435\u0442\u0441\u044f \u0441 \u0443\u0441\u0442\u0440\u043e\u0439\u0441\u0442\u0432\u043e\u043c \u0440\u0435\u0432\u0435\u0440\u0441\u0438\u0432\u043d\u043e\u0439 [&hellip;]<\/p>\n","protected":false},"featured_media":71913,"comment_status":"open","ping_status":"closed","template":"","meta":{"_acf_changed":false,"inline_featured_image":false},"product_brand":[1451],"product_cat":[464],"product_tag":[],"class_list":{"0":"post-70447","1":"product","2":"type-product","3":"status-publish","4":"has-post-thumbnail","6":"product_brand-cressi-sub","7":"product_cat-underwater-guns","9":"first","10":"instock","11":"shipping-taxable","12":"purchasable","13":"product-type-simple"},"acf":[],"yoast_head":"<!-- This site is optimized with the Yoast SEO plugin v27.2 - https:\/\/yoast.com\/product\/yoast-seo-wordpress\/ -->\n<title>\u041a\u0430\u0442\u0443\u0448\u043a\u0430 \u0434\u043b\u044f \u0430\u0440\u0431\u0430\u043b\u0435\u0442\u0430 Cressi-Sub Fishing Reel - \u041c\u0430\u0433\u0430\u0437\u0438\u043d Xstyle<\/title>\n<meta name=\"description\" content=\"\u041a\u0443\u043f\u0438\u0442\u044c \u043a\u0430\u0442\u0443\u0448\u043a\u0443 \u0434\u043b\u044f \u0430\u0440\u0431\u0430\u043b\u0435\u0442\u0430 Cressi-Sub Fishing Reel. \u0412\u044b\u0441\u043e\u043a\u043e\u0435 \u043a\u0430\u0447\u0435\u0441\u0442\u0432\u043e \u0438 \u043d\u0430\u0434\u0435\u0436\u043d\u043e\u0441\u0442\u044c \u043e\u0442 Cressi \u0441 1946 \u0433\u043e\u0434\u0430. \u0418\u0434\u0435\u0430\u043b\u044c\u043d\u043e \u0434\u043b\u044f \u043f\u043e\u0434\u0432\u043e\u0434\u043d\u043e\u0439 \u043e\u0445\u043e\u0442\u044b \u0438 \u0440\u044b\u0431\u0430\u043b\u043a\u0438.\" \/>\n<meta name=\"robots\" content=\"index, follow, max-snippet:-1, max-image-preview:large, max-video-preview:-1\" \/>\n<link rel=\"canonical\" href=\"https:\/\/xstyle.md\/ro\/produs\/katushka-dlya-arbaleta-cressi-sub-fishing-reel\/\" \/>\n<meta property=\"og:locale\" content=\"ro_RO\" \/>\n<meta property=\"og:type\" content=\"article\" \/>\n<meta property=\"og:title\" content=\"\u041a\u0430\u0442\u0443\u0448\u043a\u0430 \u0434\u043b\u044f \u0430\u0440\u0431\u0430\u043b\u0435\u0442\u0430 Cressi-Sub Fishing Reel - \u041c\u0430\u0433\u0430\u0437\u0438\u043d Xstyle\" \/>\n<meta property=\"og:description\" content=\"\u041a\u0443\u043f\u0438\u0442\u044c \u043a\u0430\u0442\u0443\u0448\u043a\u0443 \u0434\u043b\u044f \u0430\u0440\u0431\u0430\u043b\u0435\u0442\u0430 Cressi-Sub Fishing Reel. \u0412\u044b\u0441\u043e\u043a\u043e\u0435 \u043a\u0430\u0447\u0435\u0441\u0442\u0432\u043e \u0438 \u043d\u0430\u0434\u0435\u0436\u043d\u043e\u0441\u0442\u044c \u043e\u0442 Cressi \u0441 1946 \u0433\u043e\u0434\u0430. \u0418\u0434\u0435\u0430\u043b\u044c\u043d\u043e \u0434\u043b\u044f \u043f\u043e\u0434\u0432\u043e\u0434\u043d\u043e\u0439 \u043e\u0445\u043e\u0442\u044b \u0438 \u0440\u044b\u0431\u0430\u043b\u043a\u0438.\" \/>\n<meta property=\"og:url\" content=\"https:\/\/xstyle.md\/ro\/produs\/katushka-dlya-arbaleta-cressi-sub-fishing-reel\/\" \/>\n<meta property=\"og:site_name\" content=\"\u041c\u0430\u0433\u0430\u0437\u0438\u043d Xstyle\" \/>\n<meta property=\"article:publisher\" content=\"https:\/\/www.facebook.com\/xstylemd\" \/>\n<meta property=\"article:modified_time\" content=\"2025-06-03T19:43:16+00:00\" \/>\n<meta property=\"og:image\" content=\"https:\/\/xstyle.md\/wp-content\/uploads\/2023\/06\/cressi-sub-fishing-reel-1.jpg\" \/>\n\t<meta property=\"og:image:width\" content=\"992\" \/>\n\t<meta property=\"og:image:height\" content=\"895\" \/>\n\t<meta property=\"og:image:type\" content=\"image\/jpeg\" \/>\n<meta name=\"twitter:card\" content=\"summary_large_image\" \/>\n<meta name=\"twitter:label1\" content=\"Pre\u021b\" \/>\n\t<meta name=\"twitter:data1\" content=\"750&nbsp;MDL\" \/>\n\t<meta name=\"twitter:label2\" content=\"Disponibilitate\" \/>\n\t<meta name=\"twitter:data2\" content=\"\u00cen stoc\" \/>\n<script type=\"application\/ld+json\" class=\"yoast-schema-graph\">{\"@context\":\"https:\/\/schema.org\",\"@graph\":[{\"@type\":\"WebPage\",\"@id\":\"https:\/\/xstyle.md\/product\/katushka-dlya-arbaleta-cressi-sub-fishing-reel\/\",\"url\":\"https:\/\/xstyle.md\/product\/katushka-dlya-arbaleta-cressi-sub-fishing-reel\/\",\"name\":\"\u041a\u0430\u0442\u0443\u0448\u043a\u0430 \u0434\u043b\u044f \u0430\u0440\u0431\u0430\u043b\u0435\u0442\u0430 Cressi-Sub Fishing Reel - \u041c\u0430\u0433\u0430\u0437\u0438\u043d Xstyle\",\"isPartOf\":{\"@id\":\"https:\/\/xstyle.md\/#website\"},\"primaryImageOfPage\":{\"@id\":\"https:\/\/xstyle.md\/product\/katushka-dlya-arbaleta-cressi-sub-fishing-reel\/#primaryimage\"},\"image\":{\"@id\":\"https:\/\/xstyle.md\/product\/katushka-dlya-arbaleta-cressi-sub-fishing-reel\/#primaryimage\"},\"thumbnailUrl\":\"https:\/\/xstyle.md\/wp-content\/uploads\/2023\/06\/cressi-sub-fishing-reel-1.jpg\",\"datePublished\":\"2023-06-23T16:56:41+00:00\",\"dateModified\":\"2025-06-03T19:43:16+00:00\",\"description\":\"\u041a\u0443\u043f\u0438\u0442\u044c \u043a\u0430\u0442\u0443\u0448\u043a\u0443 \u0434\u043b\u044f \u0430\u0440\u0431\u0430\u043b\u0435\u0442\u0430 Cressi-Sub Fishing Reel. \u0412\u044b\u0441\u043e\u043a\u043e\u0435 \u043a\u0430\u0447\u0435\u0441\u0442\u0432\u043e \u0438 \u043d\u0430\u0434\u0435\u0436\u043d\u043e\u0441\u0442\u044c \u043e\u0442 Cressi \u0441 1946 \u0433\u043e\u0434\u0430. \u0418\u0434\u0435\u0430\u043b\u044c\u043d\u043e \u0434\u043b\u044f \u043f\u043e\u0434\u0432\u043e\u0434\u043d\u043e\u0439 \u043e\u0445\u043e\u0442\u044b \u0438 \u0440\u044b\u0431\u0430\u043b\u043a\u0438.\",\"breadcrumb\":{\"@id\":\"https:\/\/xstyle.md\/product\/katushka-dlya-arbaleta-cressi-sub-fishing-reel\/#breadcrumb\"},\"inLanguage\":\"ro-RO\",\"potentialAction\":[{\"@type\":\"ReadAction\",\"target\":[\"https:\/\/xstyle.md\/product\/katushka-dlya-arbaleta-cressi-sub-fishing-reel\/\"]}]},{\"@type\":\"ImageObject\",\"inLanguage\":\"ro-RO\",\"@id\":\"https:\/\/xstyle.md\/product\/katushka-dlya-arbaleta-cressi-sub-fishing-reel\/#primaryimage\",\"url\":\"https:\/\/xstyle.md\/wp-content\/uploads\/2023\/06\/cressi-sub-fishing-reel-1.jpg\",\"contentUrl\":\"https:\/\/xstyle.md\/wp-content\/uploads\/2023\/06\/cressi-sub-fishing-reel-1.jpg\",\"width\":992,\"height\":895,\"caption\":\"x-default\"},{\"@type\":\"BreadcrumbList\",\"@id\":\"https:\/\/xstyle.md\/product\/katushka-dlya-arbaleta-cressi-sub-fishing-reel\/#breadcrumb\",\"itemListElement\":[{\"@type\":\"ListItem\",\"position\":1,\"name\":\"\u0413\u043b\u0430\u0432\u043d\u0430\u044f \u0441\u0442\u0440\u0430\u043d\u0438\u0446\u0430\",\"item\":\"https:\/\/xstyle.md\/\"},{\"@type\":\"ListItem\",\"position\":2,\"name\":\"\u041c\u0430\u0433\u0430\u0437\u0438\u043d\",\"item\":\"https:\/\/xstyle.md\/shop\/\"},{\"@type\":\"ListItem\",\"position\":3,\"name\":\"\u041a\u0430\u0442\u0443\u0448\u043a\u0430 \u0434\u043b\u044f \u0430\u0440\u0431\u0430\u043b\u0435\u0442\u0430 Cressi-Sub Fishing Reel\"}]},{\"@type\":\"WebSite\",\"@id\":\"https:\/\/xstyle.md\/#website\",\"url\":\"https:\/\/xstyle.md\/\",\"name\":\"\u041c\u0430\u0433\u0430\u0437\u0438\u043d Xstyle\",\"description\":\"C\u043d\u0430\u0440\u044f\u0436\u0435\u043d\u0438\u0435 \u0434\u043b\u044f \u0442\u0443\u0440\u0438\u0437\u043c\u0430 \u0438 \u044d\u043a\u0441\u0442\u0440\u0435\u043c\u0430\u043b\u044c\u043d\u044b\u0445 \u0432\u0438\u0434\u043e\u0432 \u0441\u043f\u043e\u0440\u0442\u0430 \u0432 \u041c\u043e\u043b\u0434\u043e\u0432\u0435.. \u0426\u0435\u043d\u044b, \u0444\u043e\u0442\u043e, \u0445\u0430\u0440\u0430\u043a\u0442\u0435\u0440\u0438\u0441\u0442\u0438\u043a\u0438 \u0432 \u041c\u043e\u043b\u0434\u043e\u0432\u0435.\",\"publisher\":{\"@id\":\"https:\/\/xstyle.md\/#organization\"},\"alternateName\":\"X-Style\",\"potentialAction\":[{\"@type\":\"SearchAction\",\"target\":{\"@type\":\"EntryPoint\",\"urlTemplate\":\"https:\/\/xstyle.md\/?s={search_term_string}\"},\"query-input\":{\"@type\":\"PropertyValueSpecification\",\"valueRequired\":true,\"valueName\":\"search_term_string\"}}],\"inLanguage\":\"ro-RO\"},{\"@type\":\"Organization\",\"@id\":\"https:\/\/xstyle.md\/#organization\",\"name\":\"\u041c\u0430\u0433\u0430\u0437\u0438\u043d Xstyle\",\"alternateName\":\"x-style\",\"url\":\"https:\/\/xstyle.md\/\",\"logo\":{\"@type\":\"ImageObject\",\"inLanguage\":\"ro-RO\",\"@id\":\"https:\/\/xstyle.md\/#\/schema\/logo\/image\/\",\"url\":\"https:\/\/xstyle.md\/wp-content\/uploads\/2020\/06\/logoicon.svg\",\"contentUrl\":\"https:\/\/xstyle.md\/wp-content\/uploads\/2020\/06\/logoicon.svg\",\"caption\":\"\u041c\u0430\u0433\u0430\u0437\u0438\u043d Xstyle\"},\"image\":{\"@id\":\"https:\/\/xstyle.md\/#\/schema\/logo\/image\/\"},\"sameAs\":[\"https:\/\/www.facebook.com\/xstylemd\",\"https:\/\/www.instagram.com\/xstyle_md\/\",\"https:\/\/t.me\/xstyle_outdoor\"],\"hasMerchantReturnPolicy\":{\"@type\":\"MerchantReturnPolicy\",\"merchantReturnLink\":\"https:\/\/xstyle.md\/ro\/conditions\/\"}}]}<\/script>\n<meta property=\"product:price:amount\" content=\"750.00\" \/>\n<meta property=\"product:price:currency\" content=\"MDL\" \/>\n<meta property=\"og:availability\" content=\"instock\" \/>\n<meta property=\"product:availability\" content=\"instock\" \/>\n<meta property=\"product:retailer_item_id\" content=\"8022983021997\" \/>\n<meta property=\"product:condition\" content=\"new\" \/>\n<!-- \/ Yoast SEO plugin. -->","yoast_head_json":{"title":"\u041a\u0430\u0442\u0443\u0448\u043a\u0430 pentru arbalet Cressi-Sub Fishing Reel - Magazin Xstyle","description":"Cump\u0103ra\u021bi un tambur pentru arbalet Cressi-Sub Fishing Reel. Calitate \u00eenalt\u0103 \u0219i fiabilitate de la Cressi \u00eenc\u0103 din 1946. Ideal pentru v\u00e2n\u0103toare subacvatic\u0103 \u0219i pescuit.","robots":{"index":"index","follow":"follow","max-snippet":"max-snippet:-1","max-image-preview":"max-image-preview:large","max-video-preview":"max-video-preview:-1"},"canonical":"https:\/\/xstyle.md\/ro\/produs\/katushka-dlya-arbaleta-cressi-sub-fishing-reel\/","og_locale":"ro_RO","og_type":"article","og_title":"\u041a\u0430\u0442\u0443\u0448\u043a\u0430 \u0434\u043b\u044f \u0430\u0440\u0431\u0430\u043b\u0435\u0442\u0430 Cressi-Sub Fishing Reel - \u041c\u0430\u0433\u0430\u0437\u0438\u043d Xstyle","og_description":"\u041a\u0443\u043f\u0438\u0442\u044c \u043a\u0430\u0442\u0443\u0448\u043a\u0443 \u0434\u043b\u044f \u0430\u0440\u0431\u0430\u043b\u0435\u0442\u0430 Cressi-Sub Fishing Reel. \u0412\u044b\u0441\u043e\u043a\u043e\u0435 \u043a\u0430\u0447\u0435\u0441\u0442\u0432\u043e \u0438 \u043d\u0430\u0434\u0435\u0436\u043d\u043e\u0441\u0442\u044c \u043e\u0442 Cressi \u0441 1946 \u0433\u043e\u0434\u0430. \u0418\u0434\u0435\u0430\u043b\u044c\u043d\u043e \u0434\u043b\u044f \u043f\u043e\u0434\u0432\u043e\u0434\u043d\u043e\u0439 \u043e\u0445\u043e\u0442\u044b \u0438 \u0440\u044b\u0431\u0430\u043b\u043a\u0438.","og_url":"https:\/\/xstyle.md\/ro\/produs\/katushka-dlya-arbaleta-cressi-sub-fishing-reel\/","og_site_name":"\u041c\u0430\u0433\u0430\u0437\u0438\u043d Xstyle","article_publisher":"https:\/\/www.facebook.com\/xstylemd","article_modified_time":"2025-06-03T19:43:16+00:00","og_image":[{"width":992,"height":895,"url":"https:\/\/xstyle.md\/wp-content\/uploads\/2023\/06\/cressi-sub-fishing-reel-1.jpg","type":"image\/jpeg"}],"twitter_card":"summary_large_image","twitter_misc":{"Pre\u021b":"750&nbsp;MDL","Disponibilitate":"\u00cen stoc"},"schema":{"@context":"https:\/\/schema.org","@graph":[{"@type":"WebPage","@id":"https:\/\/xstyle.md\/product\/katushka-dlya-arbaleta-cressi-sub-fishing-reel\/","url":"https:\/\/xstyle.md\/product\/katushka-dlya-arbaleta-cressi-sub-fishing-reel\/","name":"\u041a\u0430\u0442\u0443\u0448\u043a\u0430 pentru arbalet Cressi-Sub Fishing Reel - Magazin Xstyle","isPartOf":{"@id":"https:\/\/xstyle.md\/#website"},"primaryImageOfPage":{"@id":"https:\/\/xstyle.md\/product\/katushka-dlya-arbaleta-cressi-sub-fishing-reel\/#primaryimage"},"image":{"@id":"https:\/\/xstyle.md\/product\/katushka-dlya-arbaleta-cressi-sub-fishing-reel\/#primaryimage"},"thumbnailUrl":"https:\/\/xstyle.md\/wp-content\/uploads\/2023\/06\/cressi-sub-fishing-reel-1.jpg","datePublished":"2023-06-23T16:56:41+00:00","dateModified":"2025-06-03T19:43:16+00:00","description":"Cump\u0103ra\u021bi un tambur pentru arbalet Cressi-Sub Fishing Reel. Calitate \u00eenalt\u0103 \u0219i fiabilitate de la Cressi \u00eenc\u0103 din 1946. Ideal pentru v\u00e2n\u0103toare subacvatic\u0103 \u0219i pescuit.","breadcrumb":{"@id":"https:\/\/xstyle.md\/product\/katushka-dlya-arbaleta-cressi-sub-fishing-reel\/#breadcrumb"},"inLanguage":"ro-RO","potentialAction":[{"@type":"ReadAction","target":["https:\/\/xstyle.md\/product\/katushka-dlya-arbaleta-cressi-sub-fishing-reel\/"]}]},{"@type":"ImageObject","inLanguage":"ro-RO","@id":"https:\/\/xstyle.md\/product\/katushka-dlya-arbaleta-cressi-sub-fishing-reel\/#primaryimage","url":"https:\/\/xstyle.md\/wp-content\/uploads\/2023\/06\/cressi-sub-fishing-reel-1.jpg","contentUrl":"https:\/\/xstyle.md\/wp-content\/uploads\/2023\/06\/cressi-sub-fishing-reel-1.jpg","width":992,"height":895,"caption":"x-default"},{"@type":"BreadcrumbList","@id":"https:\/\/xstyle.md\/product\/katushka-dlya-arbaleta-cressi-sub-fishing-reel\/#breadcrumb","itemListElement":[{"@type":"ListItem","position":1,"name":"\u0413\u043b\u0430\u0432\u043d\u0430\u044f \u0441\u0442\u0440\u0430\u043d\u0438\u0446\u0430","item":"https:\/\/xstyle.md\/"},{"@type":"ListItem","position":2,"name":"\u041c\u0430\u0433\u0430\u0437\u0438\u043d","item":"https:\/\/xstyle.md\/shop\/"},{"@type":"ListItem","position":3,"name":"\u041a\u0430\u0442\u0443\u0448\u043a\u0430 \u0434\u043b\u044f \u0430\u0440\u0431\u0430\u043b\u0435\u0442\u0430 Cressi-Sub Fishing Reel"}]},{"@type":"WebSite","@id":"https:\/\/xstyle.md\/#website","url":"https:\/\/xstyle.md\/","name":"Magazinul X-Style","description":"Echipamente pentru turism \u0219i sporturi extreme \u00een Moldova. Pre\u021buri, fotografii, caracteristici \u00een Moldova.","publisher":{"@id":"https:\/\/xstyle.md\/#organization"},"alternateName":"X-Style","potentialAction":[{"@type":"SearchAction","target":{"@type":"EntryPoint","urlTemplate":"https:\/\/xstyle.md\/?s={search_term_string}"},"query-input":{"@type":"PropertyValueSpecification","valueRequired":true,"valueName":"search_term_string"}}],"inLanguage":"ro-RO"},{"@type":"Organization","@id":"https:\/\/xstyle.md\/#organization","name":"Magazinul X-Style","alternateName":"x-style","url":"https:\/\/xstyle.md\/","logo":{"@type":"ImageObject","inLanguage":"ro-RO","@id":"https:\/\/xstyle.md\/#\/schema\/logo\/image\/","url":"https:\/\/xstyle.md\/wp-content\/uploads\/2020\/06\/logoicon.svg","contentUrl":"https:\/\/xstyle.md\/wp-content\/uploads\/2020\/06\/logoicon.svg","caption":"\u041c\u0430\u0433\u0430\u0437\u0438\u043d Xstyle"},"image":{"@id":"https:\/\/xstyle.md\/#\/schema\/logo\/image\/"},"sameAs":["https:\/\/www.facebook.com\/xstylemd","https:\/\/www.instagram.com\/xstyle_md\/","https:\/\/t.me\/xstyle_outdoor"],"hasMerchantReturnPolicy":{"@type":"MerchantReturnPolicy","merchantReturnLink":"https:\/\/xstyle.md\/ro\/conditions\/"}}]},"product_price_amount":"750.00","product_price_currency":"MDL","og_availability":"instock","product_availability":"instock","product_retailer_item_id":"8022983021997","product_condition":"new"},"post_mailing_queue_ids":[],"_links":{"self":[{"href":"https:\/\/xstyle.md\/ro\/wp-json\/wp\/v2\/product\/70447","targetHints":{"allow":["GET"]}}],"collection":[{"href":"https:\/\/xstyle.md\/ro\/wp-json\/wp\/v2\/product"}],"about":[{"href":"https:\/\/xstyle.md\/ro\/wp-json\/wp\/v2\/types\/product"}],"replies":[{"embeddable":true,"href":"https:\/\/xstyle.md\/ro\/wp-json\/wp\/v2\/comments?post=70447"}],"wp:featuredmedia":[{"embeddable":true,"href":"https:\/\/xstyle.md\/ro\/wp-json\/wp\/v2\/media\/71913"}],"wp:attachment":[{"href":"https:\/\/xstyle.md\/ro\/wp-json\/wp\/v2\/media?parent=70447"}],"wp:term":[{"taxonomy":"product_brand","embeddable":true,"href":"https:\/\/xstyle.md\/ro\/wp-json\/wp\/v2\/product_brand?post=70447"},{"taxonomy":"product_cat","embeddable":true,"href":"https:\/\/xstyle.md\/ro\/wp-json\/wp\/v2\/product_cat?post=70447"},{"taxonomy":"product_tag","embeddable":true,"href":"https:\/\/xstyle.md\/ro\/wp-json\/wp\/v2\/product_tag?post=70447"}],"curies":[{"name":"wp","href":"https:\/\/api.w.org\/{rel}","templated":true}]}}