{"id":70238,"date":"2023-06-19T17:25:57","date_gmt":"2023-06-19T14:25:57","guid":{"rendered":"https:\/\/xstyle.md\/?post_type=product&#038;p=70238"},"modified":"2026-03-04T12:31:39","modified_gmt":"2026-03-04T09:31:39","slug":"sandalii-kamik-lobster2-light-navy","status":"publish","type":"product","link":"https:\/\/xstyle.md\/ro\/produs\/sandalii-kamik-lobster2-light-navy\/","title":{"rendered":"Sandale Kamik Lobster2 light navy JR"},"content":{"rendered":"<\/p>\n<p><strong>Kamik Lobster2<\/strong> &#8212; sandale confortabile cu partea superioar\u0103 din piele sintetic\u0103 respirabil\u0103, c\u0103ptu\u0219eal\u0103 cu uscare rapid\u0103, care absoarbe umezeala \u0219i talp\u0103 din eva cu impregnare deodorant\u0103. Modelul confortabil \u0219i u\u0219or, cu \u00eenchidere reglabil\u0103 cu velcro, va fi un accesoriu excelent pentru garderoba ta casual de var\u0103.<\/p>\n<h3>Particularit\u0103\u021bi<\/h3>\n<ul>\n<li>Partea superioar\u0103 din piele sintetic\u0103 impermeabil\u0103<\/li>\n<li>C\u0103ptu\u0219eal\u0103 care elimin\u0103 umezeala \u0219i se usuc\u0103 rapid<\/li>\n<li>Curele reglabile cu velcro \u0219i bucl\u0103 \u00een zonele c\u0103lc\u00e2i, antepicior \u0219i c\u0103lc\u00e2i<\/li>\n<li>Rezisten\u021b\u0103 la ap\u0103 s\u0103rat\u0103<\/li>\n<li>Talp\u0103 EVA mulat\u0103 pentru amortizare \u0219i confort<\/li>\n<li>Tratament natural \u0219i non-toxic Cleansport NXT\u2122 pentru controlul mirosului<\/li>\n<li>Talp\u0103 exterioar\u0103 din cauciuc sintetic BOOST \u00een dou\u0103 culori, care nu las\u0103 urme<\/li>\n<\/ul>\n<h3>Caracteristici<\/h3>\n<ul>\n<li>Partea superioar\u0103 &#8212; piele sintetic\u0103<\/li>\n<li>Talp\u0103 interioar\u0103 &#8212; EVA<\/li>\n<li>Talp\u0103 exterioar\u0103 din cauciuc BOOST<\/li>\n<\/ul>\n<h3>Tehnologie<\/h3>\n<ul>\n<li><strong>Cleansport nxt \u2014\u00a0<\/strong> este procesul de utilizare a tehnologiei probiotice pentru a reduce mirosurile \u00een \u00eembr\u0103c\u0103mintea \u0219i \u00eenc\u0103l\u021b\u0103mintea sport. Microbii utili care se g\u0103sesc \u00een jurul nostru \u00een natur\u0103 sunt selecta\u021bi \u0219i combina\u021bi cu suprafa\u021ba \u021besutului. Acest proces inovator ecologic de aplicare a microorganismelor vii pe fibre are un efect pozitiv pentru proprietarul pantofilor \u0219i nu d\u0103uneaz\u0103 mediului, spre deosebire de tehnologiile chimice.<\/li>\n<\/ul>\n<h3>Marca<\/h3>\n<p>Istoria m\u0103rcii Kamik a \u00eenceput \u00een 1898 cu \u00eenfiin\u021barea unui mic atelier de \u00eenc\u0103l\u021b\u0103minte \u00een provincia canadian\u0103 Quebec. Afacerile companiei mergeau cu succes amestecat p\u00e2n\u0103 c\u00e2nd a fost angajat un manager pe nume William Cook. Acesta a fost cel care, cu talentul s\u0103u comercial remarcabil \u0219i instinctele sale infailibile, a dus afacerea la urm\u0103torul nivel.<\/p>\n<p>Compania s-a extins, s-a mutat la Montreal \u0219i a fost denumit\u0103 oficial The General Footwear Company. Cook avea o calitate foarte valoroas\u0103 pentru manager &#8212; distingea \u0219i eviden\u021bia f\u0103r\u0103 echivoc noile tehnologii promi\u021b\u0103toare \u00een produc\u021bia de \u00eenc\u0103l\u021b\u0103minte \u0219i apoi le aplica cu succes \u00een activit\u0103\u021bile companiei. Ca urmare, compania \u201eGenfoot\u201d a c\u00e2\u0219tigat o popularitate uria\u0219\u0103 mai \u00eent\u00e2i \u00een Canada \u0219i apoi \u00een str\u0103in\u0103tate.<\/p>\n<p>Marca Kamik \u00een sine a fost dezvoltat\u0103 \u00een 1972 \u0219i a atras imediat aten\u021bia cu tehnologia sa \u00eenalt\u0103 la pre\u021buri foarte democratice. Ini\u021bial, acest produs a fost destinat v\u00e2n\u0103torilor, turi\u0219tilor \u0219i altor persoane cu cerin\u021be ridicate privind durabilitatea \u0219i rezisten\u021ba la ap\u0103 a \u00eenc\u0103l\u021b\u0103mintei, dar, \u00een timp, calit\u0103\u021bile sale unice au \u00eenceput s\u0103 fie aplicate modelelor de uz cotidian.<\/p>\n<p><\/p>","protected":false},"excerpt":{"rendered":"","protected":false},"featured_media":70415,"comment_status":"open","ping_status":"closed","template":"","meta":{"_acf_changed":false,"inline_featured_image":false},"product_brand":[1356],"product_cat":[888],"product_tag":[],"class_list":{"0":"post-70238","1":"product","2":"type-product","3":"status-publish","4":"has-post-thumbnail","6":"product_brand-kamik","7":"product_cat-kids-summer-shoes","9":"first","10":"instock","11":"shipping-taxable","12":"purchasable","13":"product-type-simple"},"acf":[],"yoast_head":"<!-- This site is optimized with the Yoast SEO plugin v27.4 - https:\/\/yoast.com\/product\/yoast-seo-wordpress\/ -->\n<title>\u0421\u0430\u043d\u0434\u0430\u043b\u0438\u0438 Kamik Lobster2 light navy - \u041c\u0430\u0433\u0430\u0437\u0438\u043d Xstyle<\/title>\n<meta name=\"description\" content=\"\u0421\u0430\u043d\u0434\u0430\u043b\u0438\u0438 Kamik Lobster2 light navy: \u043a\u043e\u043c\u0444\u043e\u0440\u0442\u043d\u044b\u0435 \u0438 \u043b\u0435\u0433\u043a\u0438\u0435 \u0441 \u0432\u0435\u0440\u0445\u043e\u043c \u0438\u0437 \u0434\u044b\u0448\u0430\u0449\u0435\u0433\u043e \u043c\u0430\u0442\u0435\u0440\u0438\u0430\u043b\u0430, \u0431\u044b\u0441\u0442\u0440\u043e\u0439 \u0441\u0443\u0448\u043a\u043e\u0439 \u0438 \u0440\u0435\u0433\u0443\u043b\u0438\u0440\u0443\u0435\u043c\u043e\u0439 \u0437\u0430\u0441\u0442\u0435\u0436\u043a\u043e\u0439. \u0418\u0434\u0435\u0430\u043b\u044c\u043d\u044b \u0434\u043b\u044f \u0430\u043a\u0442\u0438\u0432\u043d\u043e\u0433\u043e \u043e\u0442\u0434\u044b\u0445\u0430!\" \/>\n<meta name=\"robots\" content=\"index, follow, max-snippet:-1, max-image-preview:large, max-video-preview:-1\" \/>\n<link rel=\"canonical\" href=\"https:\/\/xstyle.md\/ro\/produs\/sandalii-kamik-lobster2-light-navy\/\" \/>\n<meta property=\"og:locale\" content=\"ro_RO\" \/>\n<meta property=\"og:type\" content=\"article\" \/>\n<meta property=\"og:title\" content=\"\u0421\u0430\u043d\u0434\u0430\u043b\u0438\u0438 Kamik Lobster2 light navy - \u041c\u0430\u0433\u0430\u0437\u0438\u043d Xstyle\" \/>\n<meta property=\"og:description\" content=\"\u0421\u0430\u043d\u0434\u0430\u043b\u0438\u0438 Kamik Lobster2 light navy: \u043a\u043e\u043c\u0444\u043e\u0440\u0442\u043d\u044b\u0435 \u0438 \u043b\u0435\u0433\u043a\u0438\u0435 \u0441 \u0432\u0435\u0440\u0445\u043e\u043c \u0438\u0437 \u0434\u044b\u0448\u0430\u0449\u0435\u0433\u043e \u043c\u0430\u0442\u0435\u0440\u0438\u0430\u043b\u0430, \u0431\u044b\u0441\u0442\u0440\u043e\u0439 \u0441\u0443\u0448\u043a\u043e\u0439 \u0438 \u0440\u0435\u0433\u0443\u043b\u0438\u0440\u0443\u0435\u043c\u043e\u0439 \u0437\u0430\u0441\u0442\u0435\u0436\u043a\u043e\u0439. \u0418\u0434\u0435\u0430\u043b\u044c\u043d\u044b \u0434\u043b\u044f \u0430\u043a\u0442\u0438\u0432\u043d\u043e\u0433\u043e \u043e\u0442\u0434\u044b\u0445\u0430!\" \/>\n<meta property=\"og:url\" content=\"https:\/\/xstyle.md\/ro\/produs\/sandalii-kamik-lobster2-light-navy\/\" \/>\n<meta property=\"og:site_name\" content=\"\u041c\u0430\u0433\u0430\u0437\u0438\u043d Xstyle\" \/>\n<meta property=\"article:publisher\" content=\"https:\/\/www.facebook.com\/xstylemd\" \/>\n<meta property=\"article:modified_time\" content=\"2026-03-04T09:31:39+00:00\" \/>\n<meta property=\"og:image\" content=\"https:\/\/xstyle.md\/wp-content\/uploads\/2023\/06\/kamik-lobster2-light-navy.jpg\" \/>\n\t<meta property=\"og:image:width\" content=\"720\" \/>\n\t<meta property=\"og:image:height\" content=\"720\" \/>\n\t<meta property=\"og:image:type\" content=\"image\/jpeg\" \/>\n<meta name=\"twitter:card\" content=\"summary_large_image\" \/>\n<meta name=\"twitter:label1\" content=\"Pre\u021b\" \/>\n\t<meta name=\"twitter:data1\" content=\"1.190&nbsp;MDL\" \/>\n\t<meta name=\"twitter:label2\" content=\"Disponibilitate\" \/>\n\t<meta name=\"twitter:data2\" content=\"\u00cen stoc\" \/>\n<script type=\"application\/ld+json\" class=\"yoast-schema-graph\">{\"@context\":\"https:\\\/\\\/schema.org\",\"@graph\":[{\"@type\":\"WebPage\",\"@id\":\"https:\\\/\\\/xstyle.md\\\/product\\\/sandalii-kamik-lobster2-light-navy\\\/\",\"url\":\"https:\\\/\\\/xstyle.md\\\/product\\\/sandalii-kamik-lobster2-light-navy\\\/\",\"name\":\"\u0421\u0430\u043d\u0434\u0430\u043b\u0438\u0438 Kamik Lobster2 light navy - \u041c\u0430\u0433\u0430\u0437\u0438\u043d Xstyle\",\"isPartOf\":{\"@id\":\"https:\\\/\\\/xstyle.md\\\/#website\"},\"primaryImageOfPage\":{\"@id\":\"https:\\\/\\\/xstyle.md\\\/product\\\/sandalii-kamik-lobster2-light-navy\\\/#primaryimage\"},\"image\":{\"@id\":\"https:\\\/\\\/xstyle.md\\\/product\\\/sandalii-kamik-lobster2-light-navy\\\/#primaryimage\"},\"thumbnailUrl\":\"https:\\\/\\\/xstyle.md\\\/wp-content\\\/uploads\\\/2023\\\/06\\\/kamik-lobster2-light-navy.jpg\",\"datePublished\":\"2023-06-19T14:25:57+00:00\",\"dateModified\":\"2026-03-04T09:31:39+00:00\",\"description\":\"\u0421\u0430\u043d\u0434\u0430\u043b\u0438\u0438 Kamik Lobster2 light navy: \u043a\u043e\u043c\u0444\u043e\u0440\u0442\u043d\u044b\u0435 \u0438 \u043b\u0435\u0433\u043a\u0438\u0435 \u0441 \u0432\u0435\u0440\u0445\u043e\u043c \u0438\u0437 \u0434\u044b\u0448\u0430\u0449\u0435\u0433\u043e \u043c\u0430\u0442\u0435\u0440\u0438\u0430\u043b\u0430, \u0431\u044b\u0441\u0442\u0440\u043e\u0439 \u0441\u0443\u0448\u043a\u043e\u0439 \u0438 \u0440\u0435\u0433\u0443\u043b\u0438\u0440\u0443\u0435\u043c\u043e\u0439 \u0437\u0430\u0441\u0442\u0435\u0436\u043a\u043e\u0439. \u0418\u0434\u0435\u0430\u043b\u044c\u043d\u044b \u0434\u043b\u044f \u0430\u043a\u0442\u0438\u0432\u043d\u043e\u0433\u043e \u043e\u0442\u0434\u044b\u0445\u0430!\",\"breadcrumb\":{\"@id\":\"https:\\\/\\\/xstyle.md\\\/product\\\/sandalii-kamik-lobster2-light-navy\\\/#breadcrumb\"},\"inLanguage\":\"ro-RO\",\"potentialAction\":[{\"@type\":\"ReadAction\",\"target\":[\"https:\\\/\\\/xstyle.md\\\/product\\\/sandalii-kamik-lobster2-light-navy\\\/\"]}]},{\"@type\":\"ImageObject\",\"inLanguage\":\"ro-RO\",\"@id\":\"https:\\\/\\\/xstyle.md\\\/product\\\/sandalii-kamik-lobster2-light-navy\\\/#primaryimage\",\"url\":\"https:\\\/\\\/xstyle.md\\\/wp-content\\\/uploads\\\/2023\\\/06\\\/kamik-lobster2-light-navy.jpg\",\"contentUrl\":\"https:\\\/\\\/xstyle.md\\\/wp-content\\\/uploads\\\/2023\\\/06\\\/kamik-lobster2-light-navy.jpg\",\"width\":720,\"height\":720,\"caption\":\"\u0421\u0430\u043d\u0434\u0430\u043b\u0438\u0438 Kamik Lobster2 light navy \u0434\u043b\u044f \u0430\u043a\u0442\u0438\u0432\u043d\u043e\u0433\u043e \u043e\u0442\u0434\u044b\u0445\u0430 \u043f\u043e\u0445\u043e\u0434\u043e\u0432 \u043f\u0443\u0442\u0435\u0448\u0435\u0441\u0442\u0432\u0438\u0439 \u0438 \u0433\u043e\u0440\u043d\u044b\u0445 \u043f\u043e\u0445\u043e\u0434\u043e\u0432 \u043d\u0430 \u043e\u043d\u043b\u0430\u0439\u043d-\u043c\u0430\u0433\u0430\u0437\u0438\u043d \u0441\u043f\u043e\u0440\u0442\u0438\u0432\u043d\u043e\u0439 \u043e\u0434\u0435\u0436\u0434\u044b \u043e\u0431\u0443\u0432\u0438 \u0434\u043b\u044f \u0430\u043a\u0442\u0438\u0432\u043d\u043e\u0439 \u0436\u0438\u0437\u043d\u0438\"},{\"@type\":\"BreadcrumbList\",\"@id\":\"https:\\\/\\\/xstyle.md\\\/product\\\/sandalii-kamik-lobster2-light-navy\\\/#breadcrumb\",\"itemListElement\":[{\"@type\":\"ListItem\",\"position\":1,\"name\":\"\u0413\u043b\u0430\u0432\u043d\u0430\u044f \u0441\u0442\u0440\u0430\u043d\u0438\u0446\u0430\",\"item\":\"https:\\\/\\\/xstyle.md\\\/\"},{\"@type\":\"ListItem\",\"position\":2,\"name\":\"\u041c\u0430\u0433\u0430\u0437\u0438\u043d\",\"item\":\"https:\\\/\\\/xstyle.md\\\/shop\\\/\"},{\"@type\":\"ListItem\",\"position\":3,\"name\":\"\u0421\u0430\u043d\u0434\u0430\u043b\u0438\u0438 Kamik Lobster2 light navy\"}]},{\"@type\":\"WebSite\",\"@id\":\"https:\\\/\\\/xstyle.md\\\/#website\",\"url\":\"https:\\\/\\\/xstyle.md\\\/\",\"name\":\"\u041c\u0430\u0433\u0430\u0437\u0438\u043d Xstyle\",\"description\":\"C\u043d\u0430\u0440\u044f\u0436\u0435\u043d\u0438\u0435 \u0434\u043b\u044f \u0442\u0443\u0440\u0438\u0437\u043c\u0430 \u0438 \u044d\u043a\u0441\u0442\u0440\u0435\u043c\u0430\u043b\u044c\u043d\u044b\u0445 \u0432\u0438\u0434\u043e\u0432 \u0441\u043f\u043e\u0440\u0442\u0430 \u0432 \u041c\u043e\u043b\u0434\u043e\u0432\u0435.. \u0426\u0435\u043d\u044b, \u0444\u043e\u0442\u043e, \u0445\u0430\u0440\u0430\u043a\u0442\u0435\u0440\u0438\u0441\u0442\u0438\u043a\u0438 \u0432 \u041c\u043e\u043b\u0434\u043e\u0432\u0435.\",\"publisher\":{\"@id\":\"https:\\\/\\\/xstyle.md\\\/#organization\"},\"alternateName\":\"X-Style\",\"potentialAction\":[{\"@type\":\"SearchAction\",\"target\":{\"@type\":\"EntryPoint\",\"urlTemplate\":\"https:\\\/\\\/xstyle.md\\\/?s={search_term_string}\"},\"query-input\":{\"@type\":\"PropertyValueSpecification\",\"valueRequired\":true,\"valueName\":\"search_term_string\"}}],\"inLanguage\":\"ro-RO\"},{\"@type\":\"Organization\",\"@id\":\"https:\\\/\\\/xstyle.md\\\/#organization\",\"name\":\"\u041c\u0430\u0433\u0430\u0437\u0438\u043d Xstyle\",\"alternateName\":\"x-style\",\"url\":\"https:\\\/\\\/xstyle.md\\\/\",\"logo\":{\"@type\":\"ImageObject\",\"inLanguage\":\"ro-RO\",\"@id\":\"https:\\\/\\\/xstyle.md\\\/#\\\/schema\\\/logo\\\/image\\\/\",\"url\":\"https:\\\/\\\/xstyle.md\\\/wp-content\\\/uploads\\\/2020\\\/06\\\/logoicon.svg\",\"contentUrl\":\"https:\\\/\\\/xstyle.md\\\/wp-content\\\/uploads\\\/2020\\\/06\\\/logoicon.svg\",\"caption\":\"\u041c\u0430\u0433\u0430\u0437\u0438\u043d Xstyle\"},\"image\":{\"@id\":\"https:\\\/\\\/xstyle.md\\\/#\\\/schema\\\/logo\\\/image\\\/\"},\"sameAs\":[\"https:\\\/\\\/www.facebook.com\\\/xstylemd\",\"https:\\\/\\\/www.instagram.com\\\/xstyle_md\\\/\",\"https:\\\/\\\/t.me\\\/xstyle_outdoor\"],\"hasMerchantReturnPolicy\":{\"@type\":\"MerchantReturnPolicy\",\"merchantReturnLink\":\"https:\\\/\\\/xstyle.md\\\/ro\\\/conditions\\\/\"}}]}<\/script>\n<meta property=\"product:price:amount\" content=\"1190.00\" \/>\n<meta property=\"product:price:currency\" content=\"MDL\" \/>\n<meta property=\"og:availability\" content=\"instock\" \/>\n<meta property=\"product:availability\" content=\"instock\" \/>\n<meta property=\"product:retailer_item_id\" content=\"627574601541\" \/>\n<meta property=\"product:condition\" content=\"new\" \/>\n<!-- \/ Yoast SEO plugin. -->","yoast_head_json":{"title":"Sandale pentru copii Kamik Lobster2 light navy - Magazin Xstyle","description":"Sandy Kamik Lobster2 light navy: confortabile \u0219i u\u0219oare, cu un exterior din material respirabil, uscare rapid\u0103 \u0219i \u00eenchidere ajustabil\u0103. Ideale pentru activit\u0103\u021bi recreative!","robots":{"index":"index","follow":"follow","max-snippet":"max-snippet:-1","max-image-preview":"max-image-preview:large","max-video-preview":"max-video-preview:-1"},"canonical":"https:\/\/xstyle.md\/ro\/produs\/sandalii-kamik-lobster2-light-navy\/","og_locale":"ro_RO","og_type":"article","og_title":"\u0421\u0430\u043d\u0434\u0430\u043b\u0438\u0438 Kamik Lobster2 light navy - \u041c\u0430\u0433\u0430\u0437\u0438\u043d Xstyle","og_description":"\u0421\u0430\u043d\u0434\u0430\u043b\u0438\u0438 Kamik Lobster2 light navy: \u043a\u043e\u043c\u0444\u043e\u0440\u0442\u043d\u044b\u0435 \u0438 \u043b\u0435\u0433\u043a\u0438\u0435 \u0441 \u0432\u0435\u0440\u0445\u043e\u043c \u0438\u0437 \u0434\u044b\u0448\u0430\u0449\u0435\u0433\u043e \u043c\u0430\u0442\u0435\u0440\u0438\u0430\u043b\u0430, \u0431\u044b\u0441\u0442\u0440\u043e\u0439 \u0441\u0443\u0448\u043a\u043e\u0439 \u0438 \u0440\u0435\u0433\u0443\u043b\u0438\u0440\u0443\u0435\u043c\u043e\u0439 \u0437\u0430\u0441\u0442\u0435\u0436\u043a\u043e\u0439. \u0418\u0434\u0435\u0430\u043b\u044c\u043d\u044b \u0434\u043b\u044f \u0430\u043a\u0442\u0438\u0432\u043d\u043e\u0433\u043e \u043e\u0442\u0434\u044b\u0445\u0430!","og_url":"https:\/\/xstyle.md\/ro\/produs\/sandalii-kamik-lobster2-light-navy\/","og_site_name":"\u041c\u0430\u0433\u0430\u0437\u0438\u043d Xstyle","article_publisher":"https:\/\/www.facebook.com\/xstylemd","article_modified_time":"2026-03-04T09:31:39+00:00","og_image":[{"width":720,"height":720,"url":"https:\/\/xstyle.md\/wp-content\/uploads\/2023\/06\/kamik-lobster2-light-navy.jpg","type":"image\/jpeg"}],"twitter_card":"summary_large_image","twitter_misc":{"Pre\u021b":"1.190&nbsp;MDL","Disponibilitate":"\u00cen stoc"},"schema":{"@context":"https:\/\/schema.org","@graph":[{"@type":"WebPage","@id":"https:\/\/xstyle.md\/product\/sandalii-kamik-lobster2-light-navy\/","url":"https:\/\/xstyle.md\/product\/sandalii-kamik-lobster2-light-navy\/","name":"Sandale pentru copii Kamik Lobster2 light navy - Magazin Xstyle","isPartOf":{"@id":"https:\/\/xstyle.md\/#website"},"primaryImageOfPage":{"@id":"https:\/\/xstyle.md\/product\/sandalii-kamik-lobster2-light-navy\/#primaryimage"},"image":{"@id":"https:\/\/xstyle.md\/product\/sandalii-kamik-lobster2-light-navy\/#primaryimage"},"thumbnailUrl":"https:\/\/xstyle.md\/wp-content\/uploads\/2023\/06\/kamik-lobster2-light-navy.jpg","datePublished":"2023-06-19T14:25:57+00:00","dateModified":"2026-03-04T09:31:39+00:00","description":"Sandy Kamik Lobster2 light navy: confortabile \u0219i u\u0219oare, cu un exterior din material respirabil, uscare rapid\u0103 \u0219i \u00eenchidere ajustabil\u0103. Ideale pentru activit\u0103\u021bi recreative!","breadcrumb":{"@id":"https:\/\/xstyle.md\/product\/sandalii-kamik-lobster2-light-navy\/#breadcrumb"},"inLanguage":"ro-RO","potentialAction":[{"@type":"ReadAction","target":["https:\/\/xstyle.md\/product\/sandalii-kamik-lobster2-light-navy\/"]}]},{"@type":"ImageObject","inLanguage":"ro-RO","@id":"https:\/\/xstyle.md\/product\/sandalii-kamik-lobster2-light-navy\/#primaryimage","url":"https:\/\/xstyle.md\/wp-content\/uploads\/2023\/06\/kamik-lobster2-light-navy.jpg","contentUrl":"https:\/\/xstyle.md\/wp-content\/uploads\/2023\/06\/kamik-lobster2-light-navy.jpg","width":720,"height":720,"caption":"\u0421\u0430\u043d\u0434\u0430\u043b\u0438\u0438 Kamik Lobster2 light navy \u0434\u043b\u044f \u0430\u043a\u0442\u0438\u0432\u043d\u043e\u0433\u043e \u043e\u0442\u0434\u044b\u0445\u0430 \u043f\u043e\u0445\u043e\u0434\u043e\u0432 \u043f\u0443\u0442\u0435\u0448\u0435\u0441\u0442\u0432\u0438\u0439 \u0438 \u0433\u043e\u0440\u043d\u044b\u0445 \u043f\u043e\u0445\u043e\u0434\u043e\u0432 \u043d\u0430 \u043e\u043d\u043b\u0430\u0439\u043d-\u043c\u0430\u0433\u0430\u0437\u0438\u043d \u0441\u043f\u043e\u0440\u0442\u0438\u0432\u043d\u043e\u0439 \u043e\u0434\u0435\u0436\u0434\u044b \u043e\u0431\u0443\u0432\u0438 \u0434\u043b\u044f \u0430\u043a\u0442\u0438\u0432\u043d\u043e\u0439 \u0436\u0438\u0437\u043d\u0438"},{"@type":"BreadcrumbList","@id":"https:\/\/xstyle.md\/product\/sandalii-kamik-lobster2-light-navy\/#breadcrumb","itemListElement":[{"@type":"ListItem","position":1,"name":"\u0413\u043b\u0430\u0432\u043d\u0430\u044f \u0441\u0442\u0440\u0430\u043d\u0438\u0446\u0430","item":"https:\/\/xstyle.md\/"},{"@type":"ListItem","position":2,"name":"\u041c\u0430\u0433\u0430\u0437\u0438\u043d","item":"https:\/\/xstyle.md\/shop\/"},{"@type":"ListItem","position":3,"name":"\u0421\u0430\u043d\u0434\u0430\u043b\u0438\u0438 Kamik Lobster2 light navy"}]},{"@type":"WebSite","@id":"https:\/\/xstyle.md\/#website","url":"https:\/\/xstyle.md\/","name":"Magazinul X-Style","description":"Echipamente pentru turism \u0219i sporturi extreme \u00een Moldova. Pre\u021buri, fotografii, caracteristici \u00een Moldova.","publisher":{"@id":"https:\/\/xstyle.md\/#organization"},"alternateName":"X-Style","potentialAction":[{"@type":"SearchAction","target":{"@type":"EntryPoint","urlTemplate":"https:\/\/xstyle.md\/?s={search_term_string}"},"query-input":{"@type":"PropertyValueSpecification","valueRequired":true,"valueName":"search_term_string"}}],"inLanguage":"ro-RO"},{"@type":"Organization","@id":"https:\/\/xstyle.md\/#organization","name":"Magazinul X-Style","alternateName":"x-style","url":"https:\/\/xstyle.md\/","logo":{"@type":"ImageObject","inLanguage":"ro-RO","@id":"https:\/\/xstyle.md\/#\/schema\/logo\/image\/","url":"https:\/\/xstyle.md\/wp-content\/uploads\/2020\/06\/logoicon.svg","contentUrl":"https:\/\/xstyle.md\/wp-content\/uploads\/2020\/06\/logoicon.svg","caption":"\u041c\u0430\u0433\u0430\u0437\u0438\u043d Xstyle"},"image":{"@id":"https:\/\/xstyle.md\/#\/schema\/logo\/image\/"},"sameAs":["https:\/\/www.facebook.com\/xstylemd","https:\/\/www.instagram.com\/xstyle_md\/","https:\/\/t.me\/xstyle_outdoor"],"hasMerchantReturnPolicy":{"@type":"MerchantReturnPolicy","merchantReturnLink":"https:\/\/xstyle.md\/ro\/conditions\/"}}]},"product_price_amount":"1190.00","product_price_currency":"MDL","og_availability":"instock","product_availability":"instock","product_retailer_item_id":"627574601541","product_condition":"new"},"_links":{"self":[{"href":"https:\/\/xstyle.md\/ro\/wp-json\/wp\/v2\/product\/70238","targetHints":{"allow":["GET"]}}],"collection":[{"href":"https:\/\/xstyle.md\/ro\/wp-json\/wp\/v2\/product"}],"about":[{"href":"https:\/\/xstyle.md\/ro\/wp-json\/wp\/v2\/types\/product"}],"replies":[{"embeddable":true,"href":"https:\/\/xstyle.md\/ro\/wp-json\/wp\/v2\/comments?post=70238"}],"wp:featuredmedia":[{"embeddable":true,"href":"https:\/\/xstyle.md\/ro\/wp-json\/wp\/v2\/media\/70415"}],"wp:attachment":[{"href":"https:\/\/xstyle.md\/ro\/wp-json\/wp\/v2\/media?parent=70238"}],"wp:term":[{"taxonomy":"product_brand","embeddable":true,"href":"https:\/\/xstyle.md\/ro\/wp-json\/wp\/v2\/product_brand?post=70238"},{"taxonomy":"product_cat","embeddable":true,"href":"https:\/\/xstyle.md\/ro\/wp-json\/wp\/v2\/product_cat?post=70238"},{"taxonomy":"product_tag","embeddable":true,"href":"https:\/\/xstyle.md\/ro\/wp-json\/wp\/v2\/product_tag?post=70238"}],"curies":[{"name":"wp","href":"https:\/\/api.w.org\/{rel}","templated":true}]}}