{"id":70233,"date":"2023-06-19T17:25:56","date_gmt":"2023-06-19T14:25:56","guid":{"rendered":"https:\/\/xstyle.md\/?post_type=product&#038;p=70233"},"modified":"2026-03-19T17:14:32","modified_gmt":"2026-03-19T14:14:32","slug":"sandalii-kamik-byron-bay-2-brown","status":"publish","type":"product","link":"https:\/\/xstyle.md\/ro\/produs\/sandalii-kamik-byron-bay-2-brown\/","title":{"rendered":"Sandale Kamik Byron Bay 2 brown"},"content":{"rendered":"<\/p>\n<p><strong>Kamik Byron Bay 2<\/strong> &#8212; sandalele u\u0219oare pentru b\u0103rba\u021bi ofer\u0103 protec\u021bia \u0219i suportul de care ave\u021bi nevoie. Aceste sandale impermeabile din piele artificial\u0103 au o t\u0103lpic\u0103 EVA mulat\u0103 cu protec\u021bie \u00eempotriva mirosurilor pentru a v\u0103 men\u021bine picioarele confortabile.<\/p>\n<h3>Particularit\u0103\u021bi<\/h3>\n<ul>\n<li>Partea superioar\u0103 din piele sintetic\u0103 impermeabil\u0103<\/li>\n<li>C\u0103ptu\u0219eal\u0103 care elimin\u0103 umezeala \u0219i se usuc\u0103 rapid<\/li>\n<li>Sistem de \u0219iret bungee cu o singur\u0103 atingere<\/li>\n<li>Talp\u0103 EVA mulat\u0103<\/li>\n<li>Tratament natural \u0219i non-toxic Cleansport NXT\u2122 de eliminare a mirosurilor<\/li>\n<li>Talp\u0103 exterioar\u0103 din cauciuc sintetic FLO care nu marcheaz\u0103<\/li>\n<\/ul>\n<h3>Caracteristici<\/h3>\n<ul>\n<li>Partea superioar\u0103 &#8212; piele sintetic\u0103<\/li>\n<li>Talp\u0103 interioar\u0103 &#8212; EVA<\/li>\n<li>Talp\u0103 exterioar\u0103 &#8212; cauciuc FLO<\/li>\n<\/ul>\n<h3>Tehnologie<\/h3>\n<ul>\n<li><strong>Cleansport NXT<\/strong> &#8212; tehnologie inovatoare pentru controlul mirosurilor. Mirosul este cauzat de bacterii care se \u00eenmul\u021besc prin produc\u021bia de transpira\u021bie. Pentru a neutraliza mirosul, al\u021bi microbi sunt utiliza\u021bi pentru a se hr\u0103ni cu bacteriile care provoac\u0103 mirosul, transform\u00e2nd transpira\u021bia \u00een ap\u0103 \u0219i CO2. Tehnologia nu este toxic\u0103 \u0219i nu d\u0103uneaz\u0103 mediului. 100.000.000 de microbi activi sunt localiza\u021bi pe fiecare centimetru p\u0103trat al c\u0103ptu\u0219elii, form\u00e2nd un strat protector care este gata s\u0103 reac\u021bioneze imediat ce are loc contactul cu transpira\u021bia. Aceast\u0103 tehnologie v\u0103 men\u021bine pantofii proaspe\u021bi.<\/li>\n<\/ul>\n<h3>Marca<\/h3>\n<p>Istoria m\u0103rcii Kamik a \u00eenceput \u00een 1898 cu \u00eenfiin\u021barea unui mic atelier de \u00eenc\u0103l\u021b\u0103minte \u00een provincia canadian\u0103 Quebec. Afacerile companiei mergeau cu succes amestecat p\u00e2n\u0103 c\u00e2nd a fost angajat un manager pe nume William Cook. Acesta a fost cel care, cu talentul s\u0103u comercial remarcabil \u0219i instinctele sale infailibile, a dus afacerea la urm\u0103torul nivel.<\/p>\n<p>Compania s-a extins, s-a mutat la Montreal \u0219i a fost denumit\u0103 oficial The General Footwear Company. Cook avea o calitate foarte valoroas\u0103 pentru manager &#8212; distingea \u0219i eviden\u021bia f\u0103r\u0103 echivoc noile tehnologii promi\u021b\u0103toare \u00een produc\u021bia de \u00eenc\u0103l\u021b\u0103minte \u0219i apoi le aplica cu succes \u00een activit\u0103\u021bile companiei. Ca urmare, compania &#171;Genfoot&#187; a c\u00e2\u0219tigat o popularitate uria\u0219\u0103 mai \u00eent\u00e2i \u00een Canada \u0219i apoi \u00een str\u0103in\u0103tate.<\/p>\n<p>Marca Kamik \u00een sine a fost dezvoltat\u0103 \u00een 1972 \u0219i a atras imediat aten\u021bia cu tehnologia sa \u00eenalt\u0103 la pre\u021buri foarte democratice. Ini\u021bial, acest produs a fost destinat v\u00e2n\u0103torilor, turi\u0219tilor \u0219i altor persoane cu cerin\u021be ridicate privind durabilitatea \u0219i rezisten\u021ba la ap\u0103 a \u00eenc\u0103l\u021b\u0103mintei, dar, \u00een timp, calit\u0103\u021bile sale unice au \u00eenceput s\u0103 fie aplicate modelelor de uz cotidian.<\/p>\n<p><\/p>","protected":false},"excerpt":{"rendered":"","protected":false},"featured_media":70249,"comment_status":"open","ping_status":"closed","template":"","meta":{"_acf_changed":false,"inline_featured_image":false},"product_brand":[1356],"product_cat":[134],"product_tag":[],"class_list":{"0":"post-70233","1":"product","2":"type-product","3":"status-publish","4":"has-post-thumbnail","6":"product_brand-kamik","7":"product_cat-summer-shoes","9":"first","10":"instock","11":"shipping-taxable","12":"purchasable","13":"product-type-simple"},"acf":[],"yoast_head":"<!-- This site is optimized with the Yoast SEO plugin v27.2 - https:\/\/yoast.com\/product\/yoast-seo-wordpress\/ -->\n<title>\u0421\u0430\u043d\u0434\u0430\u043b\u0438\u0438 Kamik Byron Bay 2 brown - \u041c\u0430\u0433\u0430\u0437\u0438\u043d Xstyle<\/title>\n<meta name=\"description\" content=\"\u0421\u0430\u043d\u0434\u0430\u043b\u0438\u0438 Kamik Byron Bay 2 brown \u2013 \u043b\u0435\u0433\u043a\u0438\u0435, \u0432\u043e\u0434\u043e\u043d\u0435\u043f\u0440\u043e\u043d\u0438\u0446\u0430\u0435\u043c\u044b\u0435 \u0441 EVA-\u0441\u0442\u0435\u043b\u044c\u043a\u043e\u0439, \u0437\u0430\u0449\u0438\u0442\u043e\u0439 \u043e\u0442 \u0437\u0430\u043f\u0430\u0445\u043e\u0432. \u0418\u0434\u0435\u0430\u043b\u044c\u043d\u044b \u0434\u043b\u044f \u043a\u043e\u043c\u0444\u043e\u0440\u0442\u0430 \u0438 \u043f\u043e\u0434\u0434\u0435\u0440\u0436\u043a\u0438 \u043d\u0430 \u043a\u0430\u0436\u0434\u044b\u0439 \u0434\u0435\u043d\u044c.\" \/>\n<meta name=\"robots\" content=\"index, follow, max-snippet:-1, max-image-preview:large, max-video-preview:-1\" \/>\n<link rel=\"canonical\" href=\"https:\/\/xstyle.md\/ro\/produs\/sandalii-kamik-byron-bay-2-brown\/\" \/>\n<meta property=\"og:locale\" content=\"ro_RO\" \/>\n<meta property=\"og:type\" content=\"article\" \/>\n<meta property=\"og:title\" content=\"\u0421\u0430\u043d\u0434\u0430\u043b\u0438\u0438 Kamik Byron Bay 2 brown - \u041c\u0430\u0433\u0430\u0437\u0438\u043d Xstyle\" \/>\n<meta property=\"og:description\" content=\"\u0421\u0430\u043d\u0434\u0430\u043b\u0438\u0438 Kamik Byron Bay 2 brown \u2013 \u043b\u0435\u0433\u043a\u0438\u0435, \u0432\u043e\u0434\u043e\u043d\u0435\u043f\u0440\u043e\u043d\u0438\u0446\u0430\u0435\u043c\u044b\u0435 \u0441 EVA-\u0441\u0442\u0435\u043b\u044c\u043a\u043e\u0439, \u0437\u0430\u0449\u0438\u0442\u043e\u0439 \u043e\u0442 \u0437\u0430\u043f\u0430\u0445\u043e\u0432. \u0418\u0434\u0435\u0430\u043b\u044c\u043d\u044b \u0434\u043b\u044f \u043a\u043e\u043c\u0444\u043e\u0440\u0442\u0430 \u0438 \u043f\u043e\u0434\u0434\u0435\u0440\u0436\u043a\u0438 \u043d\u0430 \u043a\u0430\u0436\u0434\u044b\u0439 \u0434\u0435\u043d\u044c.\" \/>\n<meta property=\"og:url\" content=\"https:\/\/xstyle.md\/ro\/produs\/sandalii-kamik-byron-bay-2-brown\/\" \/>\n<meta property=\"og:site_name\" content=\"\u041c\u0430\u0433\u0430\u0437\u0438\u043d Xstyle\" \/>\n<meta property=\"article:publisher\" content=\"https:\/\/www.facebook.com\/xstylemd\" \/>\n<meta property=\"article:modified_time\" content=\"2026-03-19T14:14:32+00:00\" \/>\n<meta property=\"og:image\" content=\"https:\/\/xstyle.md\/wp-content\/uploads\/2023\/06\/kamik-byron-bay-2-brown.jpg\" \/>\n\t<meta property=\"og:image:width\" content=\"720\" \/>\n\t<meta property=\"og:image:height\" content=\"720\" \/>\n\t<meta property=\"og:image:type\" content=\"image\/jpeg\" \/>\n<meta name=\"twitter:card\" content=\"summary_large_image\" \/>\n<meta name=\"twitter:label1\" content=\"Pre\u021b\" \/>\n\t<meta name=\"twitter:data1\" content=\"1.590&nbsp;MDL\" \/>\n\t<meta name=\"twitter:label2\" content=\"Disponibilitate\" \/>\n\t<meta name=\"twitter:data2\" content=\"\u00cen stoc\" \/>\n<script type=\"application\/ld+json\" class=\"yoast-schema-graph\">{\"@context\":\"https:\/\/schema.org\",\"@graph\":[{\"@type\":\"WebPage\",\"@id\":\"https:\/\/xstyle.md\/product\/sandalii-kamik-byron-bay-2-brown\/\",\"url\":\"https:\/\/xstyle.md\/product\/sandalii-kamik-byron-bay-2-brown\/\",\"name\":\"\u0421\u0430\u043d\u0434\u0430\u043b\u0438\u0438 Kamik Byron Bay 2 brown - \u041c\u0430\u0433\u0430\u0437\u0438\u043d Xstyle\",\"isPartOf\":{\"@id\":\"https:\/\/xstyle.md\/#website\"},\"primaryImageOfPage\":{\"@id\":\"https:\/\/xstyle.md\/product\/sandalii-kamik-byron-bay-2-brown\/#primaryimage\"},\"image\":{\"@id\":\"https:\/\/xstyle.md\/product\/sandalii-kamik-byron-bay-2-brown\/#primaryimage\"},\"thumbnailUrl\":\"https:\/\/xstyle.md\/wp-content\/uploads\/2023\/06\/kamik-byron-bay-2-brown.jpg\",\"datePublished\":\"2023-06-19T14:25:56+00:00\",\"dateModified\":\"2026-03-19T14:14:32+00:00\",\"description\":\"\u0421\u0430\u043d\u0434\u0430\u043b\u0438\u0438 Kamik Byron Bay 2 brown \u2013 \u043b\u0435\u0433\u043a\u0438\u0435, \u0432\u043e\u0434\u043e\u043d\u0435\u043f\u0440\u043e\u043d\u0438\u0446\u0430\u0435\u043c\u044b\u0435 \u0441 EVA-\u0441\u0442\u0435\u043b\u044c\u043a\u043e\u0439, \u0437\u0430\u0449\u0438\u0442\u043e\u0439 \u043e\u0442 \u0437\u0430\u043f\u0430\u0445\u043e\u0432. \u0418\u0434\u0435\u0430\u043b\u044c\u043d\u044b \u0434\u043b\u044f \u043a\u043e\u043c\u0444\u043e\u0440\u0442\u0430 \u0438 \u043f\u043e\u0434\u0434\u0435\u0440\u0436\u043a\u0438 \u043d\u0430 \u043a\u0430\u0436\u0434\u044b\u0439 \u0434\u0435\u043d\u044c.\",\"breadcrumb\":{\"@id\":\"https:\/\/xstyle.md\/product\/sandalii-kamik-byron-bay-2-brown\/#breadcrumb\"},\"inLanguage\":\"ro-RO\",\"potentialAction\":[{\"@type\":\"ReadAction\",\"target\":[\"https:\/\/xstyle.md\/product\/sandalii-kamik-byron-bay-2-brown\/\"]}]},{\"@type\":\"ImageObject\",\"inLanguage\":\"ro-RO\",\"@id\":\"https:\/\/xstyle.md\/product\/sandalii-kamik-byron-bay-2-brown\/#primaryimage\",\"url\":\"https:\/\/xstyle.md\/wp-content\/uploads\/2023\/06\/kamik-byron-bay-2-brown.jpg\",\"contentUrl\":\"https:\/\/xstyle.md\/wp-content\/uploads\/2023\/06\/kamik-byron-bay-2-brown.jpg\",\"width\":720,\"height\":720,\"caption\":\"\u0422\u0443\u0444\u043b\u0438 \u0441\u0430\u043d\u0434\u0430\u043b\u0438\u0438 Kamik Byron Bay 2 \u043a\u043e\u0440\u0438\u0447\u043d\u0435\u0432\u044b\u0435 \u0434\u043b\u044f \u0430\u043a\u0442\u0438\u0432\u043d\u043e\u0433\u043e \u043e\u0442\u0434\u044b\u0445\u0430 \u043e\u0431\u0443\u0432\u044c \u0434\u043b\u044f \u043f\u043e\u0445\u043e\u0434\u043e\u0432 \u0438 \u043f\u0443\u0442\u0435\u0448\u0435\u0441\u0442\u0432\u0438\u0439, \u043e\u0431\u0443\u0432\u044c \u0434\u043b\u044f \u0430\u043b\u044c\u043f\u0438\u043d\u0438\u0437\u043c\u0430 \u0438 \u0442\u0443\u0440\u0438\u0437\u043c\u0430 \u0434\u043b\u044f \u043e\u043d\u043b\u0430\u0439\u043d \u043c\u0430\u0433\u0430\u0437\u0438\u043d\u0430 \u0430\u043a\u0442\u0438\u0432\u043d\u043e\u0439 \u043e\u0434\u0435\u0436\u0434\u044b \u0438 \u043e\u0431\u0443\u0432\u0438\"},{\"@type\":\"BreadcrumbList\",\"@id\":\"https:\/\/xstyle.md\/product\/sandalii-kamik-byron-bay-2-brown\/#breadcrumb\",\"itemListElement\":[{\"@type\":\"ListItem\",\"position\":1,\"name\":\"\u0413\u043b\u0430\u0432\u043d\u0430\u044f \u0441\u0442\u0440\u0430\u043d\u0438\u0446\u0430\",\"item\":\"https:\/\/xstyle.md\/\"},{\"@type\":\"ListItem\",\"position\":2,\"name\":\"\u041c\u0430\u0433\u0430\u0437\u0438\u043d\",\"item\":\"https:\/\/xstyle.md\/shop\/\"},{\"@type\":\"ListItem\",\"position\":3,\"name\":\"\u0421\u0430\u043d\u0434\u0430\u043b\u0438\u0438 Kamik Byron Bay 2 brown\"}]},{\"@type\":\"WebSite\",\"@id\":\"https:\/\/xstyle.md\/#website\",\"url\":\"https:\/\/xstyle.md\/\",\"name\":\"\u041c\u0430\u0433\u0430\u0437\u0438\u043d Xstyle\",\"description\":\"C\u043d\u0430\u0440\u044f\u0436\u0435\u043d\u0438\u0435 \u0434\u043b\u044f \u0442\u0443\u0440\u0438\u0437\u043c\u0430 \u0438 \u044d\u043a\u0441\u0442\u0440\u0435\u043c\u0430\u043b\u044c\u043d\u044b\u0445 \u0432\u0438\u0434\u043e\u0432 \u0441\u043f\u043e\u0440\u0442\u0430 \u0432 \u041c\u043e\u043b\u0434\u043e\u0432\u0435.. \u0426\u0435\u043d\u044b, \u0444\u043e\u0442\u043e, \u0445\u0430\u0440\u0430\u043a\u0442\u0435\u0440\u0438\u0441\u0442\u0438\u043a\u0438 \u0432 \u041c\u043e\u043b\u0434\u043e\u0432\u0435.\",\"publisher\":{\"@id\":\"https:\/\/xstyle.md\/#organization\"},\"alternateName\":\"X-Style\",\"potentialAction\":[{\"@type\":\"SearchAction\",\"target\":{\"@type\":\"EntryPoint\",\"urlTemplate\":\"https:\/\/xstyle.md\/?s={search_term_string}\"},\"query-input\":{\"@type\":\"PropertyValueSpecification\",\"valueRequired\":true,\"valueName\":\"search_term_string\"}}],\"inLanguage\":\"ro-RO\"},{\"@type\":\"Organization\",\"@id\":\"https:\/\/xstyle.md\/#organization\",\"name\":\"\u041c\u0430\u0433\u0430\u0437\u0438\u043d Xstyle\",\"alternateName\":\"x-style\",\"url\":\"https:\/\/xstyle.md\/\",\"logo\":{\"@type\":\"ImageObject\",\"inLanguage\":\"ro-RO\",\"@id\":\"https:\/\/xstyle.md\/#\/schema\/logo\/image\/\",\"url\":\"https:\/\/xstyle.md\/wp-content\/uploads\/2020\/06\/logoicon.svg\",\"contentUrl\":\"https:\/\/xstyle.md\/wp-content\/uploads\/2020\/06\/logoicon.svg\",\"caption\":\"\u041c\u0430\u0433\u0430\u0437\u0438\u043d Xstyle\"},\"image\":{\"@id\":\"https:\/\/xstyle.md\/#\/schema\/logo\/image\/\"},\"sameAs\":[\"https:\/\/www.facebook.com\/xstylemd\",\"https:\/\/www.instagram.com\/xstyle_md\/\",\"https:\/\/t.me\/xstyle_outdoor\"],\"hasMerchantReturnPolicy\":{\"@type\":\"MerchantReturnPolicy\",\"merchantReturnLink\":\"https:\/\/xstyle.md\/ro\/conditions\/\"}}]}<\/script>\n<meta property=\"product:price:amount\" content=\"1590.00\" \/>\n<meta property=\"product:price:currency\" content=\"MDL\" \/>\n<meta property=\"og:availability\" content=\"instock\" \/>\n<meta property=\"product:availability\" content=\"instock\" \/>\n<meta property=\"product:retailer_item_id\" content=\"627574757194\" \/>\n<meta property=\"product:condition\" content=\"new\" \/>\n<!-- \/ Yoast SEO plugin. -->","yoast_head_json":{"title":"Sandale Kamik Byron Bay 2 brown - Magazin Xstyle","description":"Sandalile Kamik Byron Bay 2 brown \u2013 u\u0219oare, waterproof cu bran\u021b din EVA, \u0219i protec\u021bie \u00eempotriva mirosurilor. Ideale pentru confort \u0219i suport zi de zi.","robots":{"index":"index","follow":"follow","max-snippet":"max-snippet:-1","max-image-preview":"max-image-preview:large","max-video-preview":"max-video-preview:-1"},"canonical":"https:\/\/xstyle.md\/ro\/produs\/sandalii-kamik-byron-bay-2-brown\/","og_locale":"ro_RO","og_type":"article","og_title":"\u0421\u0430\u043d\u0434\u0430\u043b\u0438\u0438 Kamik Byron Bay 2 brown - \u041c\u0430\u0433\u0430\u0437\u0438\u043d Xstyle","og_description":"\u0421\u0430\u043d\u0434\u0430\u043b\u0438\u0438 Kamik Byron Bay 2 brown \u2013 \u043b\u0435\u0433\u043a\u0438\u0435, \u0432\u043e\u0434\u043e\u043d\u0435\u043f\u0440\u043e\u043d\u0438\u0446\u0430\u0435\u043c\u044b\u0435 \u0441 EVA-\u0441\u0442\u0435\u043b\u044c\u043a\u043e\u0439, \u0437\u0430\u0449\u0438\u0442\u043e\u0439 \u043e\u0442 \u0437\u0430\u043f\u0430\u0445\u043e\u0432. \u0418\u0434\u0435\u0430\u043b\u044c\u043d\u044b \u0434\u043b\u044f \u043a\u043e\u043c\u0444\u043e\u0440\u0442\u0430 \u0438 \u043f\u043e\u0434\u0434\u0435\u0440\u0436\u043a\u0438 \u043d\u0430 \u043a\u0430\u0436\u0434\u044b\u0439 \u0434\u0435\u043d\u044c.","og_url":"https:\/\/xstyle.md\/ro\/produs\/sandalii-kamik-byron-bay-2-brown\/","og_site_name":"\u041c\u0430\u0433\u0430\u0437\u0438\u043d Xstyle","article_publisher":"https:\/\/www.facebook.com\/xstylemd","article_modified_time":"2026-03-19T14:14:32+00:00","og_image":[{"width":720,"height":720,"url":"https:\/\/xstyle.md\/wp-content\/uploads\/2023\/06\/kamik-byron-bay-2-brown.jpg","type":"image\/jpeg"}],"twitter_card":"summary_large_image","twitter_misc":{"Pre\u021b":"1.590&nbsp;MDL","Disponibilitate":"\u00cen stoc"},"schema":{"@context":"https:\/\/schema.org","@graph":[{"@type":"WebPage","@id":"https:\/\/xstyle.md\/product\/sandalii-kamik-byron-bay-2-brown\/","url":"https:\/\/xstyle.md\/product\/sandalii-kamik-byron-bay-2-brown\/","name":"Sandale Kamik Byron Bay 2 brown - Magazin Xstyle","isPartOf":{"@id":"https:\/\/xstyle.md\/#website"},"primaryImageOfPage":{"@id":"https:\/\/xstyle.md\/product\/sandalii-kamik-byron-bay-2-brown\/#primaryimage"},"image":{"@id":"https:\/\/xstyle.md\/product\/sandalii-kamik-byron-bay-2-brown\/#primaryimage"},"thumbnailUrl":"https:\/\/xstyle.md\/wp-content\/uploads\/2023\/06\/kamik-byron-bay-2-brown.jpg","datePublished":"2023-06-19T14:25:56+00:00","dateModified":"2026-03-19T14:14:32+00:00","description":"Sandalile Kamik Byron Bay 2 brown \u2013 u\u0219oare, waterproof cu bran\u021b din EVA, \u0219i protec\u021bie \u00eempotriva mirosurilor. Ideale pentru confort \u0219i suport zi de zi.","breadcrumb":{"@id":"https:\/\/xstyle.md\/product\/sandalii-kamik-byron-bay-2-brown\/#breadcrumb"},"inLanguage":"ro-RO","potentialAction":[{"@type":"ReadAction","target":["https:\/\/xstyle.md\/product\/sandalii-kamik-byron-bay-2-brown\/"]}]},{"@type":"ImageObject","inLanguage":"ro-RO","@id":"https:\/\/xstyle.md\/product\/sandalii-kamik-byron-bay-2-brown\/#primaryimage","url":"https:\/\/xstyle.md\/wp-content\/uploads\/2023\/06\/kamik-byron-bay-2-brown.jpg","contentUrl":"https:\/\/xstyle.md\/wp-content\/uploads\/2023\/06\/kamik-byron-bay-2-brown.jpg","width":720,"height":720,"caption":"\u0422\u0443\u0444\u043b\u0438 \u0441\u0430\u043d\u0434\u0430\u043b\u0438\u0438 Kamik Byron Bay 2 \u043a\u043e\u0440\u0438\u0447\u043d\u0435\u0432\u044b\u0435 \u0434\u043b\u044f \u0430\u043a\u0442\u0438\u0432\u043d\u043e\u0433\u043e \u043e\u0442\u0434\u044b\u0445\u0430 \u043e\u0431\u0443\u0432\u044c \u0434\u043b\u044f \u043f\u043e\u0445\u043e\u0434\u043e\u0432 \u0438 \u043f\u0443\u0442\u0435\u0448\u0435\u0441\u0442\u0432\u0438\u0439, \u043e\u0431\u0443\u0432\u044c \u0434\u043b\u044f \u0430\u043b\u044c\u043f\u0438\u043d\u0438\u0437\u043c\u0430 \u0438 \u0442\u0443\u0440\u0438\u0437\u043c\u0430 \u0434\u043b\u044f \u043e\u043d\u043b\u0430\u0439\u043d \u043c\u0430\u0433\u0430\u0437\u0438\u043d\u0430 \u0430\u043a\u0442\u0438\u0432\u043d\u043e\u0439 \u043e\u0434\u0435\u0436\u0434\u044b \u0438 \u043e\u0431\u0443\u0432\u0438"},{"@type":"BreadcrumbList","@id":"https:\/\/xstyle.md\/product\/sandalii-kamik-byron-bay-2-brown\/#breadcrumb","itemListElement":[{"@type":"ListItem","position":1,"name":"\u0413\u043b\u0430\u0432\u043d\u0430\u044f \u0441\u0442\u0440\u0430\u043d\u0438\u0446\u0430","item":"https:\/\/xstyle.md\/"},{"@type":"ListItem","position":2,"name":"\u041c\u0430\u0433\u0430\u0437\u0438\u043d","item":"https:\/\/xstyle.md\/shop\/"},{"@type":"ListItem","position":3,"name":"\u0421\u0430\u043d\u0434\u0430\u043b\u0438\u0438 Kamik Byron Bay 2 brown"}]},{"@type":"WebSite","@id":"https:\/\/xstyle.md\/#website","url":"https:\/\/xstyle.md\/","name":"Magazinul X-Style","description":"Echipamente pentru turism \u0219i sporturi extreme \u00een Moldova. Pre\u021buri, fotografii, caracteristici \u00een Moldova.","publisher":{"@id":"https:\/\/xstyle.md\/#organization"},"alternateName":"X-Style","potentialAction":[{"@type":"SearchAction","target":{"@type":"EntryPoint","urlTemplate":"https:\/\/xstyle.md\/?s={search_term_string}"},"query-input":{"@type":"PropertyValueSpecification","valueRequired":true,"valueName":"search_term_string"}}],"inLanguage":"ro-RO"},{"@type":"Organization","@id":"https:\/\/xstyle.md\/#organization","name":"Magazinul X-Style","alternateName":"x-style","url":"https:\/\/xstyle.md\/","logo":{"@type":"ImageObject","inLanguage":"ro-RO","@id":"https:\/\/xstyle.md\/#\/schema\/logo\/image\/","url":"https:\/\/xstyle.md\/wp-content\/uploads\/2020\/06\/logoicon.svg","contentUrl":"https:\/\/xstyle.md\/wp-content\/uploads\/2020\/06\/logoicon.svg","caption":"\u041c\u0430\u0433\u0430\u0437\u0438\u043d Xstyle"},"image":{"@id":"https:\/\/xstyle.md\/#\/schema\/logo\/image\/"},"sameAs":["https:\/\/www.facebook.com\/xstylemd","https:\/\/www.instagram.com\/xstyle_md\/","https:\/\/t.me\/xstyle_outdoor"],"hasMerchantReturnPolicy":{"@type":"MerchantReturnPolicy","merchantReturnLink":"https:\/\/xstyle.md\/ro\/conditions\/"}}]},"product_price_amount":"1590.00","product_price_currency":"MDL","og_availability":"instock","product_availability":"instock","product_retailer_item_id":"627574757194","product_condition":"new"},"post_mailing_queue_ids":[],"_links":{"self":[{"href":"https:\/\/xstyle.md\/ro\/wp-json\/wp\/v2\/product\/70233","targetHints":{"allow":["GET"]}}],"collection":[{"href":"https:\/\/xstyle.md\/ro\/wp-json\/wp\/v2\/product"}],"about":[{"href":"https:\/\/xstyle.md\/ro\/wp-json\/wp\/v2\/types\/product"}],"replies":[{"embeddable":true,"href":"https:\/\/xstyle.md\/ro\/wp-json\/wp\/v2\/comments?post=70233"}],"wp:featuredmedia":[{"embeddable":true,"href":"https:\/\/xstyle.md\/ro\/wp-json\/wp\/v2\/media\/70249"}],"wp:attachment":[{"href":"https:\/\/xstyle.md\/ro\/wp-json\/wp\/v2\/media?parent=70233"}],"wp:term":[{"taxonomy":"product_brand","embeddable":true,"href":"https:\/\/xstyle.md\/ro\/wp-json\/wp\/v2\/product_brand?post=70233"},{"taxonomy":"product_cat","embeddable":true,"href":"https:\/\/xstyle.md\/ro\/wp-json\/wp\/v2\/product_cat?post=70233"},{"taxonomy":"product_tag","embeddable":true,"href":"https:\/\/xstyle.md\/ro\/wp-json\/wp\/v2\/product_tag?post=70233"}],"curies":[{"name":"wp","href":"https:\/\/api.w.org\/{rel}","templated":true}]}}