{"id":70035,"date":"2023-06-16T12:51:40","date_gmt":"2023-06-16T09:51:40","guid":{"rendered":"https:\/\/xstyle.md\/?post_type=product&#038;p=70035"},"modified":"2026-04-07T15:27:03","modified_gmt":"2026-04-07T12:27:03","slug":"silikonovyj-kovrik-helinox-silicone-pad-for-table-large-black-white","status":"publish","type":"product","link":"https:\/\/xstyle.md\/ro\/produs\/silikonovyj-kovrik-helinox-silicone-pad-for-table-large-black-white\/","title":{"rendered":"Covora\u0219 din silicon Helinox Silicone Pad for Table Large Black\/White"},"content":{"rendered":"<\/p>\n<p><strong>Helinox Silicone Pad for Table Large Black\/White<\/strong> &#8212; covora\u0219 de mas\u0103 din silicon care protejeaz\u0103 masa de murd\u0103rie \u0219i deterior\u0103ri.<\/p>\n<p>Materialul impermeabil \u0219i rezistent la c\u0103ldur\u0103 face practic imposibil\u0103 p\u0103trunderea umidit\u0103\u021bii \u0219i deteriorarea termic\u0103 sau mecanic\u0103 a mesei.<\/p>\n<p>Covora\u0219ul nu alunec\u0103 pe mas\u0103, ceea ce reduce riscul de r\u0103sturnare a farfuriilor.<\/p>\n<p>Materialul flexibil \u00eei permite s\u0103 fie rulat compact pentru a fi depozitat sau transportat mai u\u0219or.<\/p>\n<p>Helinox Silicone Pad for Table Large este un accesoriu excelent pentru o mas\u0103 portabil\u0103 atunci c\u00e2nd face\u021bi camping sau c\u0103l\u0103tori\u021bi cu ma\u0219ina \u00een afara ora\u0219ului. V\u0103 va proteja masa de urmele l\u0103sate de vasele fierbin\u021bi sau de m\u00e2ncare, b\u0103uturi etc.<\/p>\n<h3>Particularit\u0103\u021bi<\/h3>\n<ul>\n<li>Covora\u0219 impermeabil \u0219i rezistent la c\u0103ldur\u0103, care asigur\u0103 o protec\u021bie excelent\u0103 a mesei \u00eempotriva murd\u0103riei \u0219i a deterior\u0103rilor mecanice \u0219i termice<\/li>\n<li>Proprietatea antiderapant\u0103 asigur\u0103 o aderen\u021b\u0103 excelent\u0103 a covora\u0219ului la suprafa\u021ba mesei<\/li>\n<li>Material durabil \u0219i rezistent la uzur\u0103 pentru utilizare de lung\u0103 durat\u0103<\/li>\n<li>Design flexibil pentru depozitare \u0219i transport u\u0219or<\/li>\n<li>Disponibil \u00een dou\u0103 dimensiuni pentru diferite mese Helinox.<\/li>\n<\/ul>\n<h3>Caracteristici<\/h3>\n<ul>\n<li>Material &#8212; silicon<\/li>\n<li>Dimensiuni &#8212; 64 x 56 cm<\/li>\n<li>Greutate &#8212; 420 g<\/li>\n<\/ul>\n<p><\/p>","protected":false},"excerpt":{"rendered":"","protected":false},"featured_media":71555,"comment_status":"open","ping_status":"closed","template":"","meta":{"_acf_changed":false,"inline_featured_image":false},"product_brand":[1432],"product_cat":[119],"product_tag":[],"class_list":{"0":"post-70035","1":"product","2":"type-product","3":"status-publish","4":"has-post-thumbnail","6":"product_brand-helinox","7":"product_cat-folding-tables","9":"first","10":"outofstock","11":"shipping-taxable","12":"product-type-simple"},"acf":[],"yoast_head":"<!-- This site is optimized with the Yoast SEO plugin v27.2 - https:\/\/yoast.com\/product\/yoast-seo-wordpress\/ -->\n<title>\u0421\u0438\u043b\u0438\u043a\u043e\u043d\u043e\u0432\u044b\u0439 \u043a\u043e\u0432\u0440\u0438\u043a Helinox Silicone Pad for Table Large Black\/White - \u041c\u0430\u0433\u0430\u0437\u0438\u043d Xstyle<\/title>\n<meta name=\"description\" content=\"\u041a\u043e\u0432\u0440\u0438\u043a Helinox \u0438\u0437 \u0441\u0438\u043b\u0438\u043a\u043e\u043d\u0430 \u0434\u043b\u044f \u0441\u0442\u043e\u043b\u0430 \u0431\u043e\u043b\u044c\u0448\u043e\u0439 \u0447\u0435\u0440\u043d\u043e-\u0431\u0435\u043b\u044b\u0439 \u2014 \u0438\u0434\u0435\u0430\u043b\u044c\u043d\u0430\u044f \u0437\u0430\u0449\u0438\u0442\u0430 \u043e\u0442 \u0437\u0430\u0433\u0440\u044f\u0437\u043d\u0435\u043d\u0438\u0439 \u0438 \u043f\u043e\u0432\u0440\u0435\u0436\u0434\u0435\u043d\u0438\u0439. \u0423\u0441\u0442\u043e\u0439\u0447\u0438\u0432 \u043a \u0432\u043b\u0430\u0433\u0435 \u0438 \u0432\u044b\u0441\u043e\u043a\u043e\u0439 \u0442\u0435\u043c\u043f\u0435\u0440\u0430\u0442\u0443\u0440\u0435!\" \/>\n<meta name=\"robots\" content=\"index, follow, max-snippet:-1, max-image-preview:large, max-video-preview:-1\" \/>\n<link rel=\"canonical\" href=\"https:\/\/xstyle.md\/ro\/produs\/silikonovyj-kovrik-helinox-silicone-pad-for-table-large-black-white\/\" \/>\n<meta property=\"og:locale\" content=\"ro_RO\" \/>\n<meta property=\"og:type\" content=\"article\" \/>\n<meta property=\"og:title\" content=\"\u0421\u0438\u043b\u0438\u043a\u043e\u043d\u043e\u0432\u044b\u0439 \u043a\u043e\u0432\u0440\u0438\u043a Helinox Silicone Pad for Table Large Black\/White - \u041c\u0430\u0433\u0430\u0437\u0438\u043d Xstyle\" \/>\n<meta property=\"og:description\" content=\"\u041a\u043e\u0432\u0440\u0438\u043a Helinox \u0438\u0437 \u0441\u0438\u043b\u0438\u043a\u043e\u043d\u0430 \u0434\u043b\u044f \u0441\u0442\u043e\u043b\u0430 \u0431\u043e\u043b\u044c\u0448\u043e\u0439 \u0447\u0435\u0440\u043d\u043e-\u0431\u0435\u043b\u044b\u0439 \u2014 \u0438\u0434\u0435\u0430\u043b\u044c\u043d\u0430\u044f \u0437\u0430\u0449\u0438\u0442\u0430 \u043e\u0442 \u0437\u0430\u0433\u0440\u044f\u0437\u043d\u0435\u043d\u0438\u0439 \u0438 \u043f\u043e\u0432\u0440\u0435\u0436\u0434\u0435\u043d\u0438\u0439. \u0423\u0441\u0442\u043e\u0439\u0447\u0438\u0432 \u043a \u0432\u043b\u0430\u0433\u0435 \u0438 \u0432\u044b\u0441\u043e\u043a\u043e\u0439 \u0442\u0435\u043c\u043f\u0435\u0440\u0430\u0442\u0443\u0440\u0435!\" \/>\n<meta property=\"og:url\" content=\"https:\/\/xstyle.md\/ro\/produs\/silikonovyj-kovrik-helinox-silicone-pad-for-table-large-black-white\/\" \/>\n<meta property=\"og:site_name\" content=\"\u041c\u0430\u0433\u0430\u0437\u0438\u043d Xstyle\" \/>\n<meta property=\"article:publisher\" content=\"https:\/\/www.facebook.com\/xstylemd\" \/>\n<meta property=\"article:modified_time\" content=\"2026-04-07T12:27:03+00:00\" \/>\n<meta property=\"og:image\" content=\"https:\/\/xstyle.md\/wp-content\/uploads\/2023\/06\/helinox-silicone-pad-for-table-large-black-white.jpg\" \/>\n\t<meta property=\"og:image:width\" content=\"1100\" \/>\n\t<meta property=\"og:image:height\" content=\"1100\" \/>\n\t<meta property=\"og:image:type\" content=\"image\/jpeg\" \/>\n<meta name=\"twitter:card\" content=\"summary_large_image\" \/>\n<meta name=\"twitter:label1\" content=\"Pre\u021b\" \/>\n\t<meta name=\"twitter:data1\" content=\"1.590&nbsp;MDL\" \/>\n\t<meta name=\"twitter:label2\" content=\"Disponibilitate\" \/>\n\t<meta name=\"twitter:data2\" content=\"Stoc epuizat\" \/>\n<script type=\"application\/ld+json\" class=\"yoast-schema-graph\">{\"@context\":\"https:\/\/schema.org\",\"@graph\":[{\"@type\":\"WebPage\",\"@id\":\"https:\/\/xstyle.md\/product\/silikonovyj-kovrik-helinox-silicone-pad-for-table-large-black-white\/\",\"url\":\"https:\/\/xstyle.md\/product\/silikonovyj-kovrik-helinox-silicone-pad-for-table-large-black-white\/\",\"name\":\"\u0421\u0438\u043b\u0438\u043a\u043e\u043d\u043e\u0432\u044b\u0439 \u043a\u043e\u0432\u0440\u0438\u043a Helinox Silicone Pad for Table Large Black\/White - \u041c\u0430\u0433\u0430\u0437\u0438\u043d Xstyle\",\"isPartOf\":{\"@id\":\"https:\/\/xstyle.md\/#website\"},\"primaryImageOfPage\":{\"@id\":\"https:\/\/xstyle.md\/product\/silikonovyj-kovrik-helinox-silicone-pad-for-table-large-black-white\/#primaryimage\"},\"image\":{\"@id\":\"https:\/\/xstyle.md\/product\/silikonovyj-kovrik-helinox-silicone-pad-for-table-large-black-white\/#primaryimage\"},\"thumbnailUrl\":\"https:\/\/xstyle.md\/wp-content\/uploads\/2023\/06\/helinox-silicone-pad-for-table-large-black-white.jpg\",\"datePublished\":\"2023-06-16T09:51:40+00:00\",\"dateModified\":\"2026-04-07T12:27:03+00:00\",\"description\":\"\u041a\u043e\u0432\u0440\u0438\u043a Helinox \u0438\u0437 \u0441\u0438\u043b\u0438\u043a\u043e\u043d\u0430 \u0434\u043b\u044f \u0441\u0442\u043e\u043b\u0430 \u0431\u043e\u043b\u044c\u0448\u043e\u0439 \u0447\u0435\u0440\u043d\u043e-\u0431\u0435\u043b\u044b\u0439 \u2014 \u0438\u0434\u0435\u0430\u043b\u044c\u043d\u0430\u044f \u0437\u0430\u0449\u0438\u0442\u0430 \u043e\u0442 \u0437\u0430\u0433\u0440\u044f\u0437\u043d\u0435\u043d\u0438\u0439 \u0438 \u043f\u043e\u0432\u0440\u0435\u0436\u0434\u0435\u043d\u0438\u0439. \u0423\u0441\u0442\u043e\u0439\u0447\u0438\u0432 \u043a \u0432\u043b\u0430\u0433\u0435 \u0438 \u0432\u044b\u0441\u043e\u043a\u043e\u0439 \u0442\u0435\u043c\u043f\u0435\u0440\u0430\u0442\u0443\u0440\u0435!\",\"breadcrumb\":{\"@id\":\"https:\/\/xstyle.md\/product\/silikonovyj-kovrik-helinox-silicone-pad-for-table-large-black-white\/#breadcrumb\"},\"inLanguage\":\"ro-RO\",\"potentialAction\":[{\"@type\":\"ReadAction\",\"target\":[\"https:\/\/xstyle.md\/product\/silikonovyj-kovrik-helinox-silicone-pad-for-table-large-black-white\/\"]}]},{\"@type\":\"ImageObject\",\"inLanguage\":\"ro-RO\",\"@id\":\"https:\/\/xstyle.md\/product\/silikonovyj-kovrik-helinox-silicone-pad-for-table-large-black-white\/#primaryimage\",\"url\":\"https:\/\/xstyle.md\/wp-content\/uploads\/2023\/06\/helinox-silicone-pad-for-table-large-black-white.jpg\",\"contentUrl\":\"https:\/\/xstyle.md\/wp-content\/uploads\/2023\/06\/helinox-silicone-pad-for-table-large-black-white.jpg\",\"width\":1100,\"height\":1100,\"caption\":\"\u0421\u0438\u043b\u0438\u043a\u043e\u043d\u043e\u0432\u044b\u0439 \u043a\u043e\u0432\u0440\u0438\u043a Helinox \u0434\u043b\u044f \u0442\u0443\u0440\u0438\u0441\u0442\u0438\u0447\u0435\u0441\u043a\u043e\u0433\u043e \u0441\u0442\u043e\u043b\u0430 \u0431\u043e\u043b\u044c\u0448\u0430\u044f \u0447\u0435\u0440\u043d\u043e-\u0431\u0435\u043b\u0430\u044f \u2014 \u0430\u043a\u0442\u0438\u0432\u043d\u0430\u044f \u0436\u0438\u0437\u043d\u044c, \u043e\u0434\u0435\u0436\u0434\u0430, \u043e\u0431\u0443\u0432\u044c, \u043f\u043e\u0445\u043e\u0434\u044b, \u0432\u043e\u0441\u0445\u043e\u0436\u0434\u0435\u043d\u0438\u0435, \u043f\u0443\u0442\u0435\u0448\u0435\u0441\u0442\u0432\u0438\u044f, \u043e\u043d\u043b\u0430\u0439\u043d \u043c\u0430\u0433\u0430\u0437\u0438\u043d\"},{\"@type\":\"BreadcrumbList\",\"@id\":\"https:\/\/xstyle.md\/product\/silikonovyj-kovrik-helinox-silicone-pad-for-table-large-black-white\/#breadcrumb\",\"itemListElement\":[{\"@type\":\"ListItem\",\"position\":1,\"name\":\"\u0413\u043b\u0430\u0432\u043d\u0430\u044f \u0441\u0442\u0440\u0430\u043d\u0438\u0446\u0430\",\"item\":\"https:\/\/xstyle.md\/\"},{\"@type\":\"ListItem\",\"position\":2,\"name\":\"\u041c\u0430\u0433\u0430\u0437\u0438\u043d\",\"item\":\"https:\/\/xstyle.md\/shop\/\"},{\"@type\":\"ListItem\",\"position\":3,\"name\":\"\u0421\u0438\u043b\u0438\u043a\u043e\u043d\u043e\u0432\u044b\u0439 \u043a\u043e\u0432\u0440\u0438\u043a Helinox Silicone Pad for Table Large Black\/White\"}]},{\"@type\":\"WebSite\",\"@id\":\"https:\/\/xstyle.md\/#website\",\"url\":\"https:\/\/xstyle.md\/\",\"name\":\"\u041c\u0430\u0433\u0430\u0437\u0438\u043d Xstyle\",\"description\":\"C\u043d\u0430\u0440\u044f\u0436\u0435\u043d\u0438\u0435 \u0434\u043b\u044f \u0442\u0443\u0440\u0438\u0437\u043c\u0430 \u0438 \u044d\u043a\u0441\u0442\u0440\u0435\u043c\u0430\u043b\u044c\u043d\u044b\u0445 \u0432\u0438\u0434\u043e\u0432 \u0441\u043f\u043e\u0440\u0442\u0430 \u0432 \u041c\u043e\u043b\u0434\u043e\u0432\u0435.. \u0426\u0435\u043d\u044b, \u0444\u043e\u0442\u043e, \u0445\u0430\u0440\u0430\u043a\u0442\u0435\u0440\u0438\u0441\u0442\u0438\u043a\u0438 \u0432 \u041c\u043e\u043b\u0434\u043e\u0432\u0435.\",\"publisher\":{\"@id\":\"https:\/\/xstyle.md\/#organization\"},\"alternateName\":\"X-Style\",\"potentialAction\":[{\"@type\":\"SearchAction\",\"target\":{\"@type\":\"EntryPoint\",\"urlTemplate\":\"https:\/\/xstyle.md\/?s={search_term_string}\"},\"query-input\":{\"@type\":\"PropertyValueSpecification\",\"valueRequired\":true,\"valueName\":\"search_term_string\"}}],\"inLanguage\":\"ro-RO\"},{\"@type\":\"Organization\",\"@id\":\"https:\/\/xstyle.md\/#organization\",\"name\":\"\u041c\u0430\u0433\u0430\u0437\u0438\u043d Xstyle\",\"alternateName\":\"x-style\",\"url\":\"https:\/\/xstyle.md\/\",\"logo\":{\"@type\":\"ImageObject\",\"inLanguage\":\"ro-RO\",\"@id\":\"https:\/\/xstyle.md\/#\/schema\/logo\/image\/\",\"url\":\"https:\/\/xstyle.md\/wp-content\/uploads\/2020\/06\/logoicon.svg\",\"contentUrl\":\"https:\/\/xstyle.md\/wp-content\/uploads\/2020\/06\/logoicon.svg\",\"caption\":\"\u041c\u0430\u0433\u0430\u0437\u0438\u043d Xstyle\"},\"image\":{\"@id\":\"https:\/\/xstyle.md\/#\/schema\/logo\/image\/\"},\"sameAs\":[\"https:\/\/www.facebook.com\/xstylemd\",\"https:\/\/www.instagram.com\/xstyle_md\/\",\"https:\/\/t.me\/xstyle_outdoor\"],\"hasMerchantReturnPolicy\":{\"@type\":\"MerchantReturnPolicy\",\"merchantReturnLink\":\"https:\/\/xstyle.md\/ro\/conditions\/\"}}]}<\/script>\n<meta property=\"product:price:amount\" content=\"1590.00\" \/>\n<meta property=\"product:price:currency\" content=\"MDL\" \/>\n<meta property=\"og:availability\" content=\"out of stock\" \/>\n<meta property=\"product:availability\" content=\"out of stock\" \/>\n<meta property=\"product:retailer_item_id\" content=\"8809759236638\" \/>\n<meta property=\"product:condition\" content=\"new\" \/>\n<!-- \/ Yoast SEO plugin. -->","yoast_head_json":{"title":"Covora\u0219 din silicon Helinox Silicone Pad for Table Large Black\/White - Magazin Xstyle","description":"Covorul Helinox din silicon pentru mas\u0103 mare alb-negru \u2013 protec\u021bia perfect\u0103 \u00eempotriva contamin\u0103rii \u0219i deterior\u0103rilor. Rezistent la umiditate \u0219i temperaturi ridicate!","robots":{"index":"index","follow":"follow","max-snippet":"max-snippet:-1","max-image-preview":"max-image-preview:large","max-video-preview":"max-video-preview:-1"},"canonical":"https:\/\/xstyle.md\/ro\/produs\/silikonovyj-kovrik-helinox-silicone-pad-for-table-large-black-white\/","og_locale":"ro_RO","og_type":"article","og_title":"\u0421\u0438\u043b\u0438\u043a\u043e\u043d\u043e\u0432\u044b\u0439 \u043a\u043e\u0432\u0440\u0438\u043a Helinox Silicone Pad for Table Large Black\/White - \u041c\u0430\u0433\u0430\u0437\u0438\u043d Xstyle","og_description":"\u041a\u043e\u0432\u0440\u0438\u043a Helinox \u0438\u0437 \u0441\u0438\u043b\u0438\u043a\u043e\u043d\u0430 \u0434\u043b\u044f \u0441\u0442\u043e\u043b\u0430 \u0431\u043e\u043b\u044c\u0448\u043e\u0439 \u0447\u0435\u0440\u043d\u043e-\u0431\u0435\u043b\u044b\u0439 \u2014 \u0438\u0434\u0435\u0430\u043b\u044c\u043d\u0430\u044f \u0437\u0430\u0449\u0438\u0442\u0430 \u043e\u0442 \u0437\u0430\u0433\u0440\u044f\u0437\u043d\u0435\u043d\u0438\u0439 \u0438 \u043f\u043e\u0432\u0440\u0435\u0436\u0434\u0435\u043d\u0438\u0439. \u0423\u0441\u0442\u043e\u0439\u0447\u0438\u0432 \u043a \u0432\u043b\u0430\u0433\u0435 \u0438 \u0432\u044b\u0441\u043e\u043a\u043e\u0439 \u0442\u0435\u043c\u043f\u0435\u0440\u0430\u0442\u0443\u0440\u0435!","og_url":"https:\/\/xstyle.md\/ro\/produs\/silikonovyj-kovrik-helinox-silicone-pad-for-table-large-black-white\/","og_site_name":"\u041c\u0430\u0433\u0430\u0437\u0438\u043d Xstyle","article_publisher":"https:\/\/www.facebook.com\/xstylemd","article_modified_time":"2026-04-07T12:27:03+00:00","og_image":[{"width":1100,"height":1100,"url":"https:\/\/xstyle.md\/wp-content\/uploads\/2023\/06\/helinox-silicone-pad-for-table-large-black-white.jpg","type":"image\/jpeg"}],"twitter_card":"summary_large_image","twitter_misc":{"Pre\u021b":"1.590&nbsp;MDL","Disponibilitate":"Stoc epuizat"},"schema":{"@context":"https:\/\/schema.org","@graph":[{"@type":"WebPage","@id":"https:\/\/xstyle.md\/product\/silikonovyj-kovrik-helinox-silicone-pad-for-table-large-black-white\/","url":"https:\/\/xstyle.md\/product\/silikonovyj-kovrik-helinox-silicone-pad-for-table-large-black-white\/","name":"Covora\u0219 din silicon Helinox Silicone Pad for Table Large Black\/White - Magazin Xstyle","isPartOf":{"@id":"https:\/\/xstyle.md\/#website"},"primaryImageOfPage":{"@id":"https:\/\/xstyle.md\/product\/silikonovyj-kovrik-helinox-silicone-pad-for-table-large-black-white\/#primaryimage"},"image":{"@id":"https:\/\/xstyle.md\/product\/silikonovyj-kovrik-helinox-silicone-pad-for-table-large-black-white\/#primaryimage"},"thumbnailUrl":"https:\/\/xstyle.md\/wp-content\/uploads\/2023\/06\/helinox-silicone-pad-for-table-large-black-white.jpg","datePublished":"2023-06-16T09:51:40+00:00","dateModified":"2026-04-07T12:27:03+00:00","description":"Covorul Helinox din silicon pentru mas\u0103 mare alb-negru \u2013 protec\u021bia perfect\u0103 \u00eempotriva contamin\u0103rii \u0219i deterior\u0103rilor. Rezistent la umiditate \u0219i temperaturi ridicate!","breadcrumb":{"@id":"https:\/\/xstyle.md\/product\/silikonovyj-kovrik-helinox-silicone-pad-for-table-large-black-white\/#breadcrumb"},"inLanguage":"ro-RO","potentialAction":[{"@type":"ReadAction","target":["https:\/\/xstyle.md\/product\/silikonovyj-kovrik-helinox-silicone-pad-for-table-large-black-white\/"]}]},{"@type":"ImageObject","inLanguage":"ro-RO","@id":"https:\/\/xstyle.md\/product\/silikonovyj-kovrik-helinox-silicone-pad-for-table-large-black-white\/#primaryimage","url":"https:\/\/xstyle.md\/wp-content\/uploads\/2023\/06\/helinox-silicone-pad-for-table-large-black-white.jpg","contentUrl":"https:\/\/xstyle.md\/wp-content\/uploads\/2023\/06\/helinox-silicone-pad-for-table-large-black-white.jpg","width":1100,"height":1100,"caption":"\u0421\u0438\u043b\u0438\u043a\u043e\u043d\u043e\u0432\u044b\u0439 \u043a\u043e\u0432\u0440\u0438\u043a Helinox \u0434\u043b\u044f \u0442\u0443\u0440\u0438\u0441\u0442\u0438\u0447\u0435\u0441\u043a\u043e\u0433\u043e \u0441\u0442\u043e\u043b\u0430 \u0431\u043e\u043b\u044c\u0448\u0430\u044f \u0447\u0435\u0440\u043d\u043e-\u0431\u0435\u043b\u0430\u044f \u2014 \u0430\u043a\u0442\u0438\u0432\u043d\u0430\u044f \u0436\u0438\u0437\u043d\u044c, \u043e\u0434\u0435\u0436\u0434\u0430, \u043e\u0431\u0443\u0432\u044c, \u043f\u043e\u0445\u043e\u0434\u044b, \u0432\u043e\u0441\u0445\u043e\u0436\u0434\u0435\u043d\u0438\u0435, \u043f\u0443\u0442\u0435\u0448\u0435\u0441\u0442\u0432\u0438\u044f, \u043e\u043d\u043b\u0430\u0439\u043d \u043c\u0430\u0433\u0430\u0437\u0438\u043d"},{"@type":"BreadcrumbList","@id":"https:\/\/xstyle.md\/product\/silikonovyj-kovrik-helinox-silicone-pad-for-table-large-black-white\/#breadcrumb","itemListElement":[{"@type":"ListItem","position":1,"name":"\u0413\u043b\u0430\u0432\u043d\u0430\u044f \u0441\u0442\u0440\u0430\u043d\u0438\u0446\u0430","item":"https:\/\/xstyle.md\/"},{"@type":"ListItem","position":2,"name":"\u041c\u0430\u0433\u0430\u0437\u0438\u043d","item":"https:\/\/xstyle.md\/shop\/"},{"@type":"ListItem","position":3,"name":"\u0421\u0438\u043b\u0438\u043a\u043e\u043d\u043e\u0432\u044b\u0439 \u043a\u043e\u0432\u0440\u0438\u043a Helinox Silicone Pad for Table Large Black\/White"}]},{"@type":"WebSite","@id":"https:\/\/xstyle.md\/#website","url":"https:\/\/xstyle.md\/","name":"Magazinul X-Style","description":"Echipamente pentru turism \u0219i sporturi extreme \u00een Moldova. Pre\u021buri, fotografii, caracteristici \u00een Moldova.","publisher":{"@id":"https:\/\/xstyle.md\/#organization"},"alternateName":"X-Style","potentialAction":[{"@type":"SearchAction","target":{"@type":"EntryPoint","urlTemplate":"https:\/\/xstyle.md\/?s={search_term_string}"},"query-input":{"@type":"PropertyValueSpecification","valueRequired":true,"valueName":"search_term_string"}}],"inLanguage":"ro-RO"},{"@type":"Organization","@id":"https:\/\/xstyle.md\/#organization","name":"Magazinul X-Style","alternateName":"x-style","url":"https:\/\/xstyle.md\/","logo":{"@type":"ImageObject","inLanguage":"ro-RO","@id":"https:\/\/xstyle.md\/#\/schema\/logo\/image\/","url":"https:\/\/xstyle.md\/wp-content\/uploads\/2020\/06\/logoicon.svg","contentUrl":"https:\/\/xstyle.md\/wp-content\/uploads\/2020\/06\/logoicon.svg","caption":"\u041c\u0430\u0433\u0430\u0437\u0438\u043d Xstyle"},"image":{"@id":"https:\/\/xstyle.md\/#\/schema\/logo\/image\/"},"sameAs":["https:\/\/www.facebook.com\/xstylemd","https:\/\/www.instagram.com\/xstyle_md\/","https:\/\/t.me\/xstyle_outdoor"],"hasMerchantReturnPolicy":{"@type":"MerchantReturnPolicy","merchantReturnLink":"https:\/\/xstyle.md\/ro\/conditions\/"}}]},"product_price_amount":"1590.00","product_price_currency":"MDL","og_availability":"out of stock","product_availability":"out of stock","product_retailer_item_id":"8809759236638","product_condition":"new"},"post_mailing_queue_ids":[],"_links":{"self":[{"href":"https:\/\/xstyle.md\/ro\/wp-json\/wp\/v2\/product\/70035","targetHints":{"allow":["GET"]}}],"collection":[{"href":"https:\/\/xstyle.md\/ro\/wp-json\/wp\/v2\/product"}],"about":[{"href":"https:\/\/xstyle.md\/ro\/wp-json\/wp\/v2\/types\/product"}],"replies":[{"embeddable":true,"href":"https:\/\/xstyle.md\/ro\/wp-json\/wp\/v2\/comments?post=70035"}],"wp:featuredmedia":[{"embeddable":true,"href":"https:\/\/xstyle.md\/ro\/wp-json\/wp\/v2\/media\/71555"}],"wp:attachment":[{"href":"https:\/\/xstyle.md\/ro\/wp-json\/wp\/v2\/media?parent=70035"}],"wp:term":[{"taxonomy":"product_brand","embeddable":true,"href":"https:\/\/xstyle.md\/ro\/wp-json\/wp\/v2\/product_brand?post=70035"},{"taxonomy":"product_cat","embeddable":true,"href":"https:\/\/xstyle.md\/ro\/wp-json\/wp\/v2\/product_cat?post=70035"},{"taxonomy":"product_tag","embeddable":true,"href":"https:\/\/xstyle.md\/ro\/wp-json\/wp\/v2\/product_tag?post=70035"}],"curies":[{"name":"wp","href":"https:\/\/api.w.org\/{rel}","templated":true}]}}