{"id":69714,"date":"2023-06-08T12:30:32","date_gmt":"2023-06-08T09:30:32","guid":{"rendered":"https:\/\/xstyle.md\/?post_type=product&#038;p=69714"},"modified":"2024-10-24T22:35:34","modified_gmt":"2024-10-24T19:35:34","slug":"turisticheskaya-karta-muntii-vrancei","status":"publish","type":"product","link":"https:\/\/xstyle.md\/ro\/produs\/turisticheskaya-karta-muntii-vrancei\/","title":{"rendered":"\u0422\u0443\u0440\u0438\u0441\u0442\u0438\u0447\u0435\u0441\u043a\u0430\u044f \u043a\u0430\u0440\u0442\u0430 &#171;Muntii Vrancei&#187;"},"content":{"rendered":"<\/p>\n<p><strong>Harta turistic\u0103 &#171;Muntii Vrancei&#187;<\/strong> num\u0103rul MN29.<\/p>\n<p>Mun\u021bii Vrancei sunt delimita\u021bi la nord-vest de Mun\u021bii Nemira prin partea nordic\u0103 a Bazinului R\u00e2ului Negru, Pasul Oituz \u0219i Valea Oituzului; la est de Subcarpa\u021bii Trotu\u0219ului; la sud \u0219i sud-vest de Mun\u021bii Buz\u0103u prin Valea B\u00e2sca Mic\u0103, Bazinul Comand\u0103u \u0219i P\u00e2r\u00e2ul Chiuru\u0219.<\/p>\n<p>Geologia mun\u021bilor se reflect\u0103 \u00een relief: pe sedimentele flixoide, cretacice \u0219i paleogene, care se \u00eempart \u00een sinclinale \u0219i anticlinale, relieful este domol, cu altitudini mici; cele mai \u00eenalte altitudini sunt Vf. Vf. Goru 1785 m, Vf. L\u0103c\u0103u\u021bi 1776 m, Vf. Ariosoaia 1724 m, Zboina Frumoas\u0103 1656 m, Vf. Coza 1629 m. Trebuie remarcat faptul c\u0103 regiunea montan\u0103 Vrancea are cea mai mare seismicitate din Rom\u00e2nia.<\/p>\n<p>\u00cen Mun\u021bii Vrancea exist\u0103 numeroase rezerva\u021bii naturale: Rezerva\u021bia natural\u0103 Ti\u0219i\u021ba, care include frumuse\u021bea defileului Ti\u0219i\u021ba; Rezerva\u021bia natural\u0103 Lep\u0219a-Zboina, cu o mare varietate de flor\u0103 \u0219i faun\u0103; Cascada Putna, cu cascada activ\u0103 \u0219i teritoriul cascadei abandonate, care \u00een urma proceselor tectonice a r\u0103mas suspendat\u0103 pe malul st\u00e2ng, deasupra Putnei, la aproximativ 250 m \u00een aval de cascada activ\u0103; Rezerva\u021bia Botanic\u0103 Comand\u0103u; Rezerva\u021bia Geologic\u0103 Focul Viu-Lop\u0103tari etc. Foarte popular\u0103 este \u0219i sta\u021biunea Soveja, situat\u0103 \u00eentr-o zon\u0103 cu numeroase p\u0103duri, renumit\u0103 pentru aerul curat \u0219i izvoarele sale minerale.<\/p>\n<h3>Particularit\u0103\u021bi<\/h3>\n<ul>\n<li>Harta a fost editat\u0103 cu ajutorul celor mai noi tehnologii cartografice \u0219i tip\u0103rit\u0103 pe h\u00e2rtie rezistent\u0103 la umiditate.<\/li>\n<li>Este u\u0219or de citit \u0219i u\u0219or de utilizat datorit\u0103 stilurilor de prezentare cartografic\u0103 caracteristice firmei Schubert &amp; Franzke \u0219i a structur\u0103rii practice a informa\u021biilor.<\/li>\n<li>Totul este la \u00eendem\u00e2n\u0103, exact acolo unde ave\u021bi nevoie, fiind util at\u00e2t pentru drume\u021bii, c\u00e2t \u0219i pentru profesioni\u0219ti.<\/li>\n<li>Harta con\u021bine, de asemenea, grila UTM, un sistem de coordonate metrice util pentru m\u0103surarea rapid\u0103 a distan\u021belor pe hart\u0103<\/li>\n<li>Rasterizarea \u0219i contururile eviden\u021biaz\u0103 topografia, facilit\u00e2nd astfel navigarea.<\/li>\n<\/ul>\n<h3>Informa\u021bii suplimentare<\/h3>\n<ul>\n<li>Scar\u0103: 1: 65 000<\/li>\n<li>Anul lans\u0103rii: 2018<\/li>\n<li>Limba: rom\u00e2n\u0103, englez\u0103<\/li>\n<\/ul>\n<p><\/p>","protected":false},"excerpt":{"rendered":"","protected":false},"featured_media":71176,"comment_status":"open","ping_status":"closed","template":"","meta":{"_acf_changed":false,"inline_featured_image":false},"product_brand":[1503],"product_cat":[929],"product_tag":[],"class_list":{"0":"post-69714","1":"product","2":"type-product","3":"status-publish","4":"has-post-thumbnail","6":"product_brand-schubert-franzke","7":"product_cat-maps","9":"first","10":"instock","11":"shipping-taxable","12":"purchasable","13":"product-type-simple"},"acf":[],"yoast_head":"<!-- This site is optimized with the Yoast SEO plugin v27.2 - https:\/\/yoast.com\/product\/yoast-seo-wordpress\/ -->\n<title>\u0422\u0443\u0440\u0438\u0441\u0442\u0438\u0447\u0435\u0441\u043a\u0430\u044f \u043a\u0430\u0440\u0442\u0430 &quot;Muntii Vrancei&quot; - \u041c\u0430\u0433\u0430\u0437\u0438\u043d Xstyle<\/title>\n<meta name=\"description\" content=\"\u041a\u0430\u0440\u0442\u0430 &quot;Muntii Vrancei&quot; MN29 \u043f\u0440\u0435\u0434\u043b\u0430\u0433\u0430\u0435\u0442 \u0434\u0435\u0442\u0430\u043b\u044c\u043d\u0443\u044e \u043d\u0430\u0432\u0438\u0433\u0430\u0446\u0438\u044e \u043f\u043e \u0436\u0438\u0432\u043e\u043f\u0438\u0441\u043d\u044b\u043c \u0440\u0430\u0439\u043e\u043d\u0430\u043c \u0412\u0440\u0430\u043d\u0447\u0438, \u0432\u043a\u043b\u044e\u0447\u0430\u044f \u043f\u043e\u043f\u0443\u043b\u044f\u0440\u043d\u044b\u0435 \u043c\u0430\u0440\u0448\u0440\u0443\u0442\u044b \u0438 \u0432\u0435\u0440\u0448\u0438\u043d\u044b. \u041e\u0442\u043a\u0440\u043e\u0439\u0442\u0435 \u043f\u0440\u0438\u0440\u043e\u0434\u0443!\" \/>\n<meta name=\"robots\" content=\"index, follow, max-snippet:-1, max-image-preview:large, max-video-preview:-1\" \/>\n<link rel=\"canonical\" href=\"https:\/\/xstyle.md\/ro\/produs\/turisticheskaya-karta-muntii-vrancei\/\" \/>\n<meta property=\"og:locale\" content=\"ro_RO\" \/>\n<meta property=\"og:type\" content=\"article\" \/>\n<meta property=\"og:title\" content=\"\u0422\u0443\u0440\u0438\u0441\u0442\u0438\u0447\u0435\u0441\u043a\u0430\u044f \u043a\u0430\u0440\u0442\u0430 &quot;Muntii Vrancei&quot; - \u041c\u0430\u0433\u0430\u0437\u0438\u043d Xstyle\" \/>\n<meta property=\"og:description\" content=\"\u041a\u0430\u0440\u0442\u0430 &quot;Muntii Vrancei&quot; MN29 \u043f\u0440\u0435\u0434\u043b\u0430\u0433\u0430\u0435\u0442 \u0434\u0435\u0442\u0430\u043b\u044c\u043d\u0443\u044e \u043d\u0430\u0432\u0438\u0433\u0430\u0446\u0438\u044e \u043f\u043e \u0436\u0438\u0432\u043e\u043f\u0438\u0441\u043d\u044b\u043c \u0440\u0430\u0439\u043e\u043d\u0430\u043c \u0412\u0440\u0430\u043d\u0447\u0438, \u0432\u043a\u043b\u044e\u0447\u0430\u044f \u043f\u043e\u043f\u0443\u043b\u044f\u0440\u043d\u044b\u0435 \u043c\u0430\u0440\u0448\u0440\u0443\u0442\u044b \u0438 \u0432\u0435\u0440\u0448\u0438\u043d\u044b. \u041e\u0442\u043a\u0440\u043e\u0439\u0442\u0435 \u043f\u0440\u0438\u0440\u043e\u0434\u0443!\" \/>\n<meta property=\"og:url\" content=\"https:\/\/xstyle.md\/ro\/produs\/turisticheskaya-karta-muntii-vrancei\/\" \/>\n<meta property=\"og:site_name\" content=\"\u041c\u0430\u0433\u0430\u0437\u0438\u043d Xstyle\" \/>\n<meta property=\"article:publisher\" content=\"https:\/\/www.facebook.com\/xstylemd\" \/>\n<meta property=\"article:modified_time\" content=\"2024-10-24T19:35:34+00:00\" \/>\n<meta property=\"og:image\" content=\"https:\/\/xstyle.md\/wp-content\/uploads\/2023\/06\/muntii-vrancei.jpg\" \/>\n\t<meta property=\"og:image:width\" content=\"606\" \/>\n\t<meta property=\"og:image:height\" content=\"610\" \/>\n\t<meta property=\"og:image:type\" content=\"image\/jpeg\" \/>\n<meta name=\"twitter:card\" content=\"summary_large_image\" \/>\n<meta name=\"twitter:label1\" content=\"Pre\u021b\" \/>\n\t<meta name=\"twitter:data1\" content=\"95&nbsp;MDL\" \/>\n\t<meta name=\"twitter:label2\" content=\"Disponibilitate\" \/>\n\t<meta name=\"twitter:data2\" content=\"\u00cen stoc\" \/>\n<script type=\"application\/ld+json\" class=\"yoast-schema-graph\">{\"@context\":\"https:\/\/schema.org\",\"@graph\":[{\"@type\":\"WebPage\",\"@id\":\"https:\/\/xstyle.md\/product\/turisticheskaya-karta-muntii-vrancei\/\",\"url\":\"https:\/\/xstyle.md\/product\/turisticheskaya-karta-muntii-vrancei\/\",\"name\":\"\u0422\u0443\u0440\u0438\u0441\u0442\u0438\u0447\u0435\u0441\u043a\u0430\u044f \u043a\u0430\u0440\u0442\u0430 \\\"Muntii Vrancei\\\" - \u041c\u0430\u0433\u0430\u0437\u0438\u043d Xstyle\",\"isPartOf\":{\"@id\":\"https:\/\/xstyle.md\/#website\"},\"primaryImageOfPage\":{\"@id\":\"https:\/\/xstyle.md\/product\/turisticheskaya-karta-muntii-vrancei\/#primaryimage\"},\"image\":{\"@id\":\"https:\/\/xstyle.md\/product\/turisticheskaya-karta-muntii-vrancei\/#primaryimage\"},\"thumbnailUrl\":\"https:\/\/xstyle.md\/wp-content\/uploads\/2023\/06\/muntii-vrancei.jpg\",\"datePublished\":\"2023-06-08T09:30:32+00:00\",\"dateModified\":\"2024-10-24T19:35:34+00:00\",\"description\":\"\u041a\u0430\u0440\u0442\u0430 \\\"Muntii Vrancei\\\" MN29 \u043f\u0440\u0435\u0434\u043b\u0430\u0433\u0430\u0435\u0442 \u0434\u0435\u0442\u0430\u043b\u044c\u043d\u0443\u044e \u043d\u0430\u0432\u0438\u0433\u0430\u0446\u0438\u044e \u043f\u043e \u0436\u0438\u0432\u043e\u043f\u0438\u0441\u043d\u044b\u043c \u0440\u0430\u0439\u043e\u043d\u0430\u043c \u0412\u0440\u0430\u043d\u0447\u0438, \u0432\u043a\u043b\u044e\u0447\u0430\u044f \u043f\u043e\u043f\u0443\u043b\u044f\u0440\u043d\u044b\u0435 \u043c\u0430\u0440\u0448\u0440\u0443\u0442\u044b \u0438 \u0432\u0435\u0440\u0448\u0438\u043d\u044b. \u041e\u0442\u043a\u0440\u043e\u0439\u0442\u0435 \u043f\u0440\u0438\u0440\u043e\u0434\u0443!\",\"breadcrumb\":{\"@id\":\"https:\/\/xstyle.md\/product\/turisticheskaya-karta-muntii-vrancei\/#breadcrumb\"},\"inLanguage\":\"ro-RO\",\"potentialAction\":[{\"@type\":\"ReadAction\",\"target\":[\"https:\/\/xstyle.md\/product\/turisticheskaya-karta-muntii-vrancei\/\"]}]},{\"@type\":\"ImageObject\",\"inLanguage\":\"ro-RO\",\"@id\":\"https:\/\/xstyle.md\/product\/turisticheskaya-karta-muntii-vrancei\/#primaryimage\",\"url\":\"https:\/\/xstyle.md\/wp-content\/uploads\/2023\/06\/muntii-vrancei.jpg\",\"contentUrl\":\"https:\/\/xstyle.md\/wp-content\/uploads\/2023\/06\/muntii-vrancei.jpg\",\"width\":606,\"height\":610,\"caption\":\"\u0422\u0443\u0440\u0438\u0441\u0442\u0438\u0447\u0435\u0441\u043a\u0430\u044f \u043a\u0430\u0440\u0442\u0430 \u041c\u0443\u043d\u0442\u0438\u0438 \u0412\u0440\u0430\u043d\u0435\u0446 \u0434\u043b\u044f \u0430\u043a\u0442\u0438\u0432\u043d\u043e\u0433\u043e \u043e\u0442\u0434\u044b\u0445\u0430, \u043e\u0434\u0435\u0436\u0434\u044b \u0438 \u043e\u0431\u0443\u0432\u0438 \u0434\u043b\u044f \u043f\u043e\u0445\u043e\u0434\u043e\u0432, \u0433\u043e\u0440\u043d\u043e\u0439 \u0438 \u043f\u0443\u0442\u0435\u0448\u0435\u0441\u0442\u0432\u0435\u043d\u043d\u0438\u0447\u0435\u0441\u043a\u043e\u0439 \u044d\u043a\u0438\u043f\u0438\u0440\u043e\u0432\u043a\u0438, \u0438\u0434\u0435\u0430\u043b\u044c\u043d\u043e \u043f\u043e\u0434\u0445\u043e\u0434\u0438\u0442 \u0434\u043b\u044f \u043e\u043d\u043b\u0430\u0439\u043d-\u043c\u0430\u0433\u0430\u0437\u0438\u043d\u0430 \u0430\u043a\u0442\u0438\u0432\u043d\u043e\u0439 \u0436\u0438\u0437\u043d\u0438\"},{\"@type\":\"BreadcrumbList\",\"@id\":\"https:\/\/xstyle.md\/product\/turisticheskaya-karta-muntii-vrancei\/#breadcrumb\",\"itemListElement\":[{\"@type\":\"ListItem\",\"position\":1,\"name\":\"\u0413\u043b\u0430\u0432\u043d\u0430\u044f \u0441\u0442\u0440\u0430\u043d\u0438\u0446\u0430\",\"item\":\"https:\/\/xstyle.md\/\"},{\"@type\":\"ListItem\",\"position\":2,\"name\":\"\u041c\u0430\u0433\u0430\u0437\u0438\u043d\",\"item\":\"https:\/\/xstyle.md\/shop\/\"},{\"@type\":\"ListItem\",\"position\":3,\"name\":\"\u0422\u0443\u0440\u0438\u0441\u0442\u0438\u0447\u0435\u0441\u043a\u0430\u044f \u043a\u0430\u0440\u0442\u0430 &#8220;Muntii Vrancei&#8221;\"}]},{\"@type\":\"WebSite\",\"@id\":\"https:\/\/xstyle.md\/#website\",\"url\":\"https:\/\/xstyle.md\/\",\"name\":\"\u041c\u0430\u0433\u0430\u0437\u0438\u043d Xstyle\",\"description\":\"C\u043d\u0430\u0440\u044f\u0436\u0435\u043d\u0438\u0435 \u0434\u043b\u044f \u0442\u0443\u0440\u0438\u0437\u043c\u0430 \u0438 \u044d\u043a\u0441\u0442\u0440\u0435\u043c\u0430\u043b\u044c\u043d\u044b\u0445 \u0432\u0438\u0434\u043e\u0432 \u0441\u043f\u043e\u0440\u0442\u0430 \u0432 \u041c\u043e\u043b\u0434\u043e\u0432\u0435.. \u0426\u0435\u043d\u044b, \u0444\u043e\u0442\u043e, \u0445\u0430\u0440\u0430\u043a\u0442\u0435\u0440\u0438\u0441\u0442\u0438\u043a\u0438 \u0432 \u041c\u043e\u043b\u0434\u043e\u0432\u0435.\",\"publisher\":{\"@id\":\"https:\/\/xstyle.md\/#organization\"},\"alternateName\":\"X-Style\",\"potentialAction\":[{\"@type\":\"SearchAction\",\"target\":{\"@type\":\"EntryPoint\",\"urlTemplate\":\"https:\/\/xstyle.md\/?s={search_term_string}\"},\"query-input\":{\"@type\":\"PropertyValueSpecification\",\"valueRequired\":true,\"valueName\":\"search_term_string\"}}],\"inLanguage\":\"ro-RO\"},{\"@type\":\"Organization\",\"@id\":\"https:\/\/xstyle.md\/#organization\",\"name\":\"\u041c\u0430\u0433\u0430\u0437\u0438\u043d Xstyle\",\"alternateName\":\"x-style\",\"url\":\"https:\/\/xstyle.md\/\",\"logo\":{\"@type\":\"ImageObject\",\"inLanguage\":\"ro-RO\",\"@id\":\"https:\/\/xstyle.md\/#\/schema\/logo\/image\/\",\"url\":\"https:\/\/xstyle.md\/wp-content\/uploads\/2020\/06\/logoicon.svg\",\"contentUrl\":\"https:\/\/xstyle.md\/wp-content\/uploads\/2020\/06\/logoicon.svg\",\"caption\":\"\u041c\u0430\u0433\u0430\u0437\u0438\u043d Xstyle\"},\"image\":{\"@id\":\"https:\/\/xstyle.md\/#\/schema\/logo\/image\/\"},\"sameAs\":[\"https:\/\/www.facebook.com\/xstylemd\",\"https:\/\/www.instagram.com\/xstyle_md\/\",\"https:\/\/t.me\/xstyle_outdoor\"],\"hasMerchantReturnPolicy\":{\"@type\":\"MerchantReturnPolicy\",\"merchantReturnLink\":\"https:\/\/xstyle.md\/ro\/conditions\/\"}}]}<\/script>\n<meta property=\"product:price:amount\" content=\"95.00\" \/>\n<meta property=\"product:price:currency\" content=\"MDL\" \/>\n<meta property=\"og:availability\" content=\"instock\" \/>\n<meta property=\"product:availability\" content=\"instock\" \/>\n<meta property=\"product:retailer_item_id\" content=\"5948490930580\" \/>\n<meta property=\"product:condition\" content=\"new\" \/>\n<!-- \/ Yoast SEO plugin. -->","yoast_head_json":{"title":"Harta turistic\u0103 \"Muntii Vrancei\" - Magazin Xstyle","description":"null","robots":{"index":"index","follow":"follow","max-snippet":"max-snippet:-1","max-image-preview":"max-image-preview:large","max-video-preview":"max-video-preview:-1"},"canonical":"https:\/\/xstyle.md\/ro\/produs\/turisticheskaya-karta-muntii-vrancei\/","og_locale":"ro_RO","og_type":"article","og_title":"\u0422\u0443\u0440\u0438\u0441\u0442\u0438\u0447\u0435\u0441\u043a\u0430\u044f \u043a\u0430\u0440\u0442\u0430 \"Muntii Vrancei\" - \u041c\u0430\u0433\u0430\u0437\u0438\u043d Xstyle","og_description":"\u041a\u0430\u0440\u0442\u0430 \"Muntii Vrancei\" MN29 \u043f\u0440\u0435\u0434\u043b\u0430\u0433\u0430\u0435\u0442 \u0434\u0435\u0442\u0430\u043b\u044c\u043d\u0443\u044e \u043d\u0430\u0432\u0438\u0433\u0430\u0446\u0438\u044e \u043f\u043e \u0436\u0438\u0432\u043e\u043f\u0438\u0441\u043d\u044b\u043c \u0440\u0430\u0439\u043e\u043d\u0430\u043c \u0412\u0440\u0430\u043d\u0447\u0438, \u0432\u043a\u043b\u044e\u0447\u0430\u044f \u043f\u043e\u043f\u0443\u043b\u044f\u0440\u043d\u044b\u0435 \u043c\u0430\u0440\u0448\u0440\u0443\u0442\u044b \u0438 \u0432\u0435\u0440\u0448\u0438\u043d\u044b. \u041e\u0442\u043a\u0440\u043e\u0439\u0442\u0435 \u043f\u0440\u0438\u0440\u043e\u0434\u0443!","og_url":"https:\/\/xstyle.md\/ro\/produs\/turisticheskaya-karta-muntii-vrancei\/","og_site_name":"\u041c\u0430\u0433\u0430\u0437\u0438\u043d Xstyle","article_publisher":"https:\/\/www.facebook.com\/xstylemd","article_modified_time":"2024-10-24T19:35:34+00:00","og_image":[{"width":606,"height":610,"url":"https:\/\/xstyle.md\/wp-content\/uploads\/2023\/06\/muntii-vrancei.jpg","type":"image\/jpeg"}],"twitter_card":"summary_large_image","twitter_misc":{"Pre\u021b":"95&nbsp;MDL","Disponibilitate":"\u00cen stoc"},"schema":{"@context":"https:\/\/schema.org","@graph":[{"@type":"WebPage","@id":"https:\/\/xstyle.md\/product\/turisticheskaya-karta-muntii-vrancei\/","url":"https:\/\/xstyle.md\/product\/turisticheskaya-karta-muntii-vrancei\/","name":"Harta turistic\u0103 \"Muntii Vrancei\" - Magazin Xstyle","isPartOf":{"@id":"https:\/\/xstyle.md\/#website"},"primaryImageOfPage":{"@id":"https:\/\/xstyle.md\/product\/turisticheskaya-karta-muntii-vrancei\/#primaryimage"},"image":{"@id":"https:\/\/xstyle.md\/product\/turisticheskaya-karta-muntii-vrancei\/#primaryimage"},"thumbnailUrl":"https:\/\/xstyle.md\/wp-content\/uploads\/2023\/06\/muntii-vrancei.jpg","datePublished":"2023-06-08T09:30:32+00:00","dateModified":"2024-10-24T19:35:34+00:00","description":"null","breadcrumb":{"@id":"https:\/\/xstyle.md\/product\/turisticheskaya-karta-muntii-vrancei\/#breadcrumb"},"inLanguage":"ro-RO","potentialAction":[{"@type":"ReadAction","target":["https:\/\/xstyle.md\/product\/turisticheskaya-karta-muntii-vrancei\/"]}]},{"@type":"ImageObject","inLanguage":"ro-RO","@id":"https:\/\/xstyle.md\/product\/turisticheskaya-karta-muntii-vrancei\/#primaryimage","url":"https:\/\/xstyle.md\/wp-content\/uploads\/2023\/06\/muntii-vrancei.jpg","contentUrl":"https:\/\/xstyle.md\/wp-content\/uploads\/2023\/06\/muntii-vrancei.jpg","width":606,"height":610,"caption":"\u0422\u0443\u0440\u0438\u0441\u0442\u0438\u0447\u0435\u0441\u043a\u0430\u044f \u043a\u0430\u0440\u0442\u0430 \u041c\u0443\u043d\u0442\u0438\u0438 \u0412\u0440\u0430\u043d\u0435\u0446 \u0434\u043b\u044f \u0430\u043a\u0442\u0438\u0432\u043d\u043e\u0433\u043e \u043e\u0442\u0434\u044b\u0445\u0430, \u043e\u0434\u0435\u0436\u0434\u044b \u0438 \u043e\u0431\u0443\u0432\u0438 \u0434\u043b\u044f \u043f\u043e\u0445\u043e\u0434\u043e\u0432, \u0433\u043e\u0440\u043d\u043e\u0439 \u0438 \u043f\u0443\u0442\u0435\u0448\u0435\u0441\u0442\u0432\u0435\u043d\u043d\u0438\u0447\u0435\u0441\u043a\u043e\u0439 \u044d\u043a\u0438\u043f\u0438\u0440\u043e\u0432\u043a\u0438, \u0438\u0434\u0435\u0430\u043b\u044c\u043d\u043e \u043f\u043e\u0434\u0445\u043e\u0434\u0438\u0442 \u0434\u043b\u044f \u043e\u043d\u043b\u0430\u0439\u043d-\u043c\u0430\u0433\u0430\u0437\u0438\u043d\u0430 \u0430\u043a\u0442\u0438\u0432\u043d\u043e\u0439 \u0436\u0438\u0437\u043d\u0438"},{"@type":"BreadcrumbList","@id":"https:\/\/xstyle.md\/product\/turisticheskaya-karta-muntii-vrancei\/#breadcrumb","itemListElement":[{"@type":"ListItem","position":1,"name":"\u0413\u043b\u0430\u0432\u043d\u0430\u044f \u0441\u0442\u0440\u0430\u043d\u0438\u0446\u0430","item":"https:\/\/xstyle.md\/"},{"@type":"ListItem","position":2,"name":"\u041c\u0430\u0433\u0430\u0437\u0438\u043d","item":"https:\/\/xstyle.md\/shop\/"},{"@type":"ListItem","position":3,"name":"\u0422\u0443\u0440\u0438\u0441\u0442\u0438\u0447\u0435\u0441\u043a\u0430\u044f \u043a\u0430\u0440\u0442\u0430 &#8220;Muntii Vrancei&#8221;"}]},{"@type":"WebSite","@id":"https:\/\/xstyle.md\/#website","url":"https:\/\/xstyle.md\/","name":"Magazinul X-Style","description":"Echipamente pentru turism \u0219i sporturi extreme \u00een Moldova. Pre\u021buri, fotografii, caracteristici \u00een Moldova.","publisher":{"@id":"https:\/\/xstyle.md\/#organization"},"alternateName":"X-Style","potentialAction":[{"@type":"SearchAction","target":{"@type":"EntryPoint","urlTemplate":"https:\/\/xstyle.md\/?s={search_term_string}"},"query-input":{"@type":"PropertyValueSpecification","valueRequired":true,"valueName":"search_term_string"}}],"inLanguage":"ro-RO"},{"@type":"Organization","@id":"https:\/\/xstyle.md\/#organization","name":"Magazinul X-Style","alternateName":"x-style","url":"https:\/\/xstyle.md\/","logo":{"@type":"ImageObject","inLanguage":"ro-RO","@id":"https:\/\/xstyle.md\/#\/schema\/logo\/image\/","url":"https:\/\/xstyle.md\/wp-content\/uploads\/2020\/06\/logoicon.svg","contentUrl":"https:\/\/xstyle.md\/wp-content\/uploads\/2020\/06\/logoicon.svg","caption":"\u041c\u0430\u0433\u0430\u0437\u0438\u043d Xstyle"},"image":{"@id":"https:\/\/xstyle.md\/#\/schema\/logo\/image\/"},"sameAs":["https:\/\/www.facebook.com\/xstylemd","https:\/\/www.instagram.com\/xstyle_md\/","https:\/\/t.me\/xstyle_outdoor"],"hasMerchantReturnPolicy":{"@type":"MerchantReturnPolicy","merchantReturnLink":"https:\/\/xstyle.md\/ro\/conditions\/"}}]},"product_price_amount":"95.00","product_price_currency":"MDL","og_availability":"instock","product_availability":"instock","product_retailer_item_id":"5948490930580","product_condition":"new"},"post_mailing_queue_ids":[],"_links":{"self":[{"href":"https:\/\/xstyle.md\/ro\/wp-json\/wp\/v2\/product\/69714","targetHints":{"allow":["GET"]}}],"collection":[{"href":"https:\/\/xstyle.md\/ro\/wp-json\/wp\/v2\/product"}],"about":[{"href":"https:\/\/xstyle.md\/ro\/wp-json\/wp\/v2\/types\/product"}],"replies":[{"embeddable":true,"href":"https:\/\/xstyle.md\/ro\/wp-json\/wp\/v2\/comments?post=69714"}],"wp:featuredmedia":[{"embeddable":true,"href":"https:\/\/xstyle.md\/ro\/wp-json\/wp\/v2\/media\/71176"}],"wp:attachment":[{"href":"https:\/\/xstyle.md\/ro\/wp-json\/wp\/v2\/media?parent=69714"}],"wp:term":[{"taxonomy":"product_brand","embeddable":true,"href":"https:\/\/xstyle.md\/ro\/wp-json\/wp\/v2\/product_brand?post=69714"},{"taxonomy":"product_cat","embeddable":true,"href":"https:\/\/xstyle.md\/ro\/wp-json\/wp\/v2\/product_cat?post=69714"},{"taxonomy":"product_tag","embeddable":true,"href":"https:\/\/xstyle.md\/ro\/wp-json\/wp\/v2\/product_tag?post=69714"}],"curies":[{"name":"wp","href":"https:\/\/api.w.org\/{rel}","templated":true}]}}