{"id":697,"date":"2020-07-16T15:47:50","date_gmt":"2020-07-16T12:47:50","guid":{"rendered":"https:\/\/xstyle.md\/product\/spuskovoe-ustrojstvo-petzl-stop"},"modified":"2026-02-25T13:40:33","modified_gmt":"2026-02-25T10:40:33","slug":"spuskovoe-ustrojstvo-petzl-stop","status":"publish","type":"product","link":"https:\/\/xstyle.md\/ro\/produs\/spuskovoe-ustrojstvo-petzl-stop\/","title":{"rendered":"Cobor\u00e2tor Petzl Stop"},"content":{"rendered":"<\/p>\n<p><strong>Cobor\u00e2tor Petzl Stop<\/strong> &#8212;\u00a0cu blocare auxiliar\u0103 este conceput special pentru speologie. Acesta poate fi utilizat cu fr\u00e2nghii statice cu diametrul cuprins \u00eentre 8,5 \u0219i 11 mm. Dispozitivul asigur\u0103 un control sporit \u00een timpul cobor\u00e2rii \u00een rapel \u0219i o manevrare u\u0219oar\u0103 a fr\u00e2nghiei. M\u00e2nerul ergonomic se potrive\u0219te bine \u00een m\u00e2n\u0103 \u0219i este u\u0219or de manevrat. Principalele zone de frecare cu coarda sunt realizate din o\u021bel inoxidabil pentru o durabilitate sporit\u0103.<\/p>\n<h3>Particularit\u0103\u021bi<\/h3>\n<p><strong>Control:<\/strong><\/p>\n<ul>\n<li>blocare auxiliar\u0103 pentru un control sporit \u00een timpul cobor\u00e2rii \u00een rapel<\/li>\n<li>Manipulare simplificat\u0103 a fr\u00e2nghiei \u00een timpul urc\u0103rii prin slackline-uri<\/li>\n<li>proiectat pentru utilizarea cu fr\u00e2nghii statice de la 8,5 la 11 mm<\/li>\n<\/ul>\n<p><strong>Confort:<\/strong><\/p>\n<ul>\n<li>m\u00e2nerul ergonomic faciliteaz\u0103 deblocarea fr\u00e2nghiei \u0219i, dac\u0103 este necesar, cobor\u00e2rea persoanei<\/li>\n<li>u\u0219or de urm\u0103rit coarda datorit\u0103 pozi\u021biei m\u00e2nerului<\/li>\n<li>designul cu came asigur\u0103 o cobor\u00e2re lin\u0103<\/li>\n<li>diagrama de reglare a fr\u00e2nghiei este gravat\u0103 pe dispozitiv<\/li>\n<li>dispozitivul r\u0103m\u00e2ne fixat pe ham atunci c\u00e2nd se regleaz\u0103 fr\u00e2nghia \u0219i se trece prin sl\u0103bire datorit\u0103 z\u0103vorului de pe placa lateral\u0103 mobil\u0103.<\/li>\n<li>orificiul de conectare m\u0103rit permite trecerea prin el a carabinierului FREINO Z.<\/li>\n<\/ul>\n<p>Rolele \u0219i camele sunt realizate din o\u021bel inoxidabil pentru o durabilitate mai mare.<\/p>\n<h3>Caracteristici<\/h3>\n<ul>\n<li>Greutate &#8212; 350 g<\/li>\n<li>Materiale &#8212; pl\u0103ci laterale din aluminiu, role \u0219i came din o\u021bel<\/li>\n<li>Diametrul cablului &#8212; de la 8,5 la 11 mm<\/li>\n<li>Certificare &#8212; CE EN 15151-1<\/li>\n<\/ul>\n<h3>Marca<\/h3>\n<p>PETZL este un brand de renume mondial care produce echipamente specializate pentru alpinism, speologie, escalad\u0103 \u0219i alpinism industrial. Compania a fost fondat\u0103 de Fernand Petzel, un om cu o pasiune de o via\u021b\u0103 pentru speologie. La mijlocul anilor 1970, pasiunea sa \u0219i afacerea de familie s-au transformat \u00een ceva mai mult. Fernand a \u00eenceput s\u0103 modifice dispozitivele existente utilizate \u00een speologie \u0219i apoi s\u0103 inventeze unele complet noi.<\/p>\n<p>Gama de produse a companiei s-a extins c\u0103tre iluminat, deoarece \u00een \u00eentunericul pe\u0219terilor acesta este una dintre cele mai importante piese de echipament necesare. Dup\u0103 speologie, PETZL a \u00eenceput s\u0103 creeze echipamente pentru alpini\u0219ti \u0219i alpini\u0219ti, iar apoi pentru lucrul la \u00een\u0103l\u021bime.<\/p>\n<p>Misiunea PETZL este de a crea instrumente inovatoare care s\u0103 permit\u0103 b\u0103rba\u021bilor \u0219i femeilor s\u0103 ating\u0103 noi \u00een\u0103l\u021bimi pe vertical\u0103 \u0219i s\u0103 lumineze drumul \u00een \u00eentuneric. Compania este \u00eentr-o c\u0103utare continu\u0103 a celei mai bune solu\u021bii \u00een toate domeniile de activitate. Performan\u021ba, ergonomia, confortul \u0219i, cel mai important, siguran\u021ba sunt cele mai importante criterii \u00een aceast\u0103 c\u0103utare. Accesul la inaccesibil, sau &#171;atingerea inaccesibilului&#187; este motto-ul s\u0103u de lung\u0103 durat\u0103.<\/p>\n<p><\/p>","protected":false},"excerpt":{"rendered":"<p>Cobor\u00e2tor Petzl Stop<\/p>","protected":false},"featured_media":696,"comment_status":"open","ping_status":"closed","template":"","meta":{"_acf_changed":false,"inline_featured_image":false},"product_brand":[1270],"product_cat":[98],"product_tag":[],"class_list":{"0":"post-697","1":"product","2":"type-product","3":"status-publish","4":"has-post-thumbnail","6":"product_brand-petzl","7":"product_cat-ra-descenders","9":"first","10":"instock","11":"shipping-taxable","12":"purchasable","13":"product-type-simple"},"acf":[],"yoast_head":"<!-- This site is optimized with the Yoast SEO plugin v27.4 - https:\/\/yoast.com\/product\/yoast-seo-wordpress\/ -->\n<title>\u0421\u043f\u0443\u0441\u043a\u043e\u0432\u043e\u0435 \u0443\u0441\u0442\u0440\u043e\u0439\u0441\u0442\u0432\u043e Petzl Stop - \u041c\u0430\u0433\u0430\u0437\u0438\u043d Xstyle<\/title>\n<meta name=\"description\" content=\"\u0421\u043f\u0443\u0441\u043a\u043e\u0432\u043e\u0435 \u0443\u0441\u0442\u0440\u043e\u0439\u0441\u0442\u0432\u043e Petzl Stop \u043e\u0431\u0435\u0441\u043f\u0435\u0447\u0438\u0432\u0430\u0435\u0442 \u043d\u0430\u0434\u0435\u0436\u043d\u044b\u0439 \u043a\u043e\u043d\u0442\u0440\u043e\u043b\u044c \u043f\u0440\u0438 \u0441\u043f\u0443\u0441\u043a\u0430\u0445, \u0441\u043e\u0432\u043c\u0435\u0441\u0442\u0438\u043c\u043e \u0441 \u0432\u0435\u0440\u0435\u0432\u043a\u0430\u043c\u0438 \u0434\u0438\u0430\u043c\u0435\u0442\u0440\u043e\u043c 8,5-11 \u043c\u043c. \u0418\u0434\u0435\u0430\u043b\u044c\u043d\u043e \u0434\u043b\u044f \u0441\u043f\u0435\u043b\u0435\u043e\u043b\u043e\u0433\u0438\u0438!\" \/>\n<meta name=\"robots\" content=\"index, follow, max-snippet:-1, max-image-preview:large, max-video-preview:-1\" \/>\n<link rel=\"canonical\" href=\"https:\/\/xstyle.md\/ro\/produs\/spuskovoe-ustrojstvo-petzl-stop\/\" \/>\n<meta property=\"og:locale\" content=\"ro_RO\" \/>\n<meta property=\"og:type\" content=\"article\" \/>\n<meta property=\"og:title\" content=\"\u0421\u043f\u0443\u0441\u043a\u043e\u0432\u043e\u0435 \u0443\u0441\u0442\u0440\u043e\u0439\u0441\u0442\u0432\u043e Petzl Stop - \u041c\u0430\u0433\u0430\u0437\u0438\u043d Xstyle\" \/>\n<meta property=\"og:description\" content=\"\u0421\u043f\u0443\u0441\u043a\u043e\u0432\u043e\u0435 \u0443\u0441\u0442\u0440\u043e\u0439\u0441\u0442\u0432\u043e Petzl Stop \u043e\u0431\u0435\u0441\u043f\u0435\u0447\u0438\u0432\u0430\u0435\u0442 \u043d\u0430\u0434\u0435\u0436\u043d\u044b\u0439 \u043a\u043e\u043d\u0442\u0440\u043e\u043b\u044c \u043f\u0440\u0438 \u0441\u043f\u0443\u0441\u043a\u0430\u0445, \u0441\u043e\u0432\u043c\u0435\u0441\u0442\u0438\u043c\u043e \u0441 \u0432\u0435\u0440\u0435\u0432\u043a\u0430\u043c\u0438 \u0434\u0438\u0430\u043c\u0435\u0442\u0440\u043e\u043c 8,5-11 \u043c\u043c. \u0418\u0434\u0435\u0430\u043b\u044c\u043d\u043e \u0434\u043b\u044f \u0441\u043f\u0435\u043b\u0435\u043e\u043b\u043e\u0433\u0438\u0438!\" \/>\n<meta property=\"og:url\" content=\"https:\/\/xstyle.md\/ro\/produs\/spuskovoe-ustrojstvo-petzl-stop\/\" \/>\n<meta property=\"og:site_name\" content=\"\u041c\u0430\u0433\u0430\u0437\u0438\u043d Xstyle\" \/>\n<meta property=\"article:publisher\" content=\"https:\/\/www.facebook.com\/xstylemd\" \/>\n<meta property=\"article:modified_time\" content=\"2026-02-25T10:40:33+00:00\" \/>\n<meta property=\"og:image\" content=\"https:\/\/xstyle.md\/wp-content\/uploads\/2020\/07\/stop.gif\" \/>\n\t<meta property=\"og:image:width\" content=\"600\" \/>\n\t<meta property=\"og:image:height\" content=\"800\" \/>\n\t<meta property=\"og:image:type\" content=\"image\/gif\" \/>\n<meta name=\"twitter:card\" content=\"summary_large_image\" \/>\n<meta name=\"twitter:label1\" content=\"Pre\u021b\" \/>\n\t<meta name=\"twitter:data1\" content=\"2.845&nbsp;MDL\" \/>\n\t<meta name=\"twitter:label2\" content=\"Disponibilitate\" \/>\n\t<meta name=\"twitter:data2\" content=\"\u00cen stoc\" \/>\n<script type=\"application\/ld+json\" class=\"yoast-schema-graph\">{\"@context\":\"https:\\\/\\\/schema.org\",\"@graph\":[{\"@type\":\"WebPage\",\"@id\":\"https:\\\/\\\/xstyle.md\\\/product\\\/spuskovoe-ustrojstvo-petzl-stop\\\/\",\"url\":\"https:\\\/\\\/xstyle.md\\\/product\\\/spuskovoe-ustrojstvo-petzl-stop\\\/\",\"name\":\"\u0421\u043f\u0443\u0441\u043a\u043e\u0432\u043e\u0435 \u0443\u0441\u0442\u0440\u043e\u0439\u0441\u0442\u0432\u043e Petzl Stop - \u041c\u0430\u0433\u0430\u0437\u0438\u043d Xstyle\",\"isPartOf\":{\"@id\":\"https:\\\/\\\/xstyle.md\\\/#website\"},\"primaryImageOfPage\":{\"@id\":\"https:\\\/\\\/xstyle.md\\\/product\\\/spuskovoe-ustrojstvo-petzl-stop\\\/#primaryimage\"},\"image\":{\"@id\":\"https:\\\/\\\/xstyle.md\\\/product\\\/spuskovoe-ustrojstvo-petzl-stop\\\/#primaryimage\"},\"thumbnailUrl\":\"https:\\\/\\\/xstyle.md\\\/wp-content\\\/uploads\\\/2020\\\/07\\\/stop.gif\",\"datePublished\":\"2020-07-16T12:47:50+00:00\",\"dateModified\":\"2026-02-25T10:40:33+00:00\",\"description\":\"\u0421\u043f\u0443\u0441\u043a\u043e\u0432\u043e\u0435 \u0443\u0441\u0442\u0440\u043e\u0439\u0441\u0442\u0432\u043e Petzl Stop \u043e\u0431\u0435\u0441\u043f\u0435\u0447\u0438\u0432\u0430\u0435\u0442 \u043d\u0430\u0434\u0435\u0436\u043d\u044b\u0439 \u043a\u043e\u043d\u0442\u0440\u043e\u043b\u044c \u043f\u0440\u0438 \u0441\u043f\u0443\u0441\u043a\u0430\u0445, \u0441\u043e\u0432\u043c\u0435\u0441\u0442\u0438\u043c\u043e \u0441 \u0432\u0435\u0440\u0435\u0432\u043a\u0430\u043c\u0438 \u0434\u0438\u0430\u043c\u0435\u0442\u0440\u043e\u043c 8,5-11 \u043c\u043c. \u0418\u0434\u0435\u0430\u043b\u044c\u043d\u043e \u0434\u043b\u044f \u0441\u043f\u0435\u043b\u0435\u043e\u043b\u043e\u0433\u0438\u0438!\",\"breadcrumb\":{\"@id\":\"https:\\\/\\\/xstyle.md\\\/product\\\/spuskovoe-ustrojstvo-petzl-stop\\\/#breadcrumb\"},\"inLanguage\":\"ro-RO\",\"potentialAction\":[{\"@type\":\"ReadAction\",\"target\":[\"https:\\\/\\\/xstyle.md\\\/product\\\/spuskovoe-ustrojstvo-petzl-stop\\\/\"]}]},{\"@type\":\"ImageObject\",\"inLanguage\":\"ro-RO\",\"@id\":\"https:\\\/\\\/xstyle.md\\\/product\\\/spuskovoe-ustrojstvo-petzl-stop\\\/#primaryimage\",\"url\":\"https:\\\/\\\/xstyle.md\\\/wp-content\\\/uploads\\\/2020\\\/07\\\/stop.gif\",\"contentUrl\":\"https:\\\/\\\/xstyle.md\\\/wp-content\\\/uploads\\\/2020\\\/07\\\/stop.gif\",\"width\":600,\"height\":800},{\"@type\":\"BreadcrumbList\",\"@id\":\"https:\\\/\\\/xstyle.md\\\/product\\\/spuskovoe-ustrojstvo-petzl-stop\\\/#breadcrumb\",\"itemListElement\":[{\"@type\":\"ListItem\",\"position\":1,\"name\":\"\u0413\u043b\u0430\u0432\u043d\u0430\u044f \u0441\u0442\u0440\u0430\u043d\u0438\u0446\u0430\",\"item\":\"https:\\\/\\\/xstyle.md\\\/\"},{\"@type\":\"ListItem\",\"position\":2,\"name\":\"\u041c\u0430\u0433\u0430\u0437\u0438\u043d\",\"item\":\"https:\\\/\\\/xstyle.md\\\/shop\\\/\"},{\"@type\":\"ListItem\",\"position\":3,\"name\":\"\u0421\u043f\u0443\u0441\u043a\u043e\u0432\u043e\u0435 \u0443\u0441\u0442\u0440\u043e\u0439\u0441\u0442\u0432\u043e Petzl Stop\"}]},{\"@type\":\"WebSite\",\"@id\":\"https:\\\/\\\/xstyle.md\\\/#website\",\"url\":\"https:\\\/\\\/xstyle.md\\\/\",\"name\":\"\u041c\u0430\u0433\u0430\u0437\u0438\u043d Xstyle\",\"description\":\"C\u043d\u0430\u0440\u044f\u0436\u0435\u043d\u0438\u0435 \u0434\u043b\u044f \u0442\u0443\u0440\u0438\u0437\u043c\u0430 \u0438 \u044d\u043a\u0441\u0442\u0440\u0435\u043c\u0430\u043b\u044c\u043d\u044b\u0445 \u0432\u0438\u0434\u043e\u0432 \u0441\u043f\u043e\u0440\u0442\u0430 \u0432 \u041c\u043e\u043b\u0434\u043e\u0432\u0435.. \u0426\u0435\u043d\u044b, \u0444\u043e\u0442\u043e, \u0445\u0430\u0440\u0430\u043a\u0442\u0435\u0440\u0438\u0441\u0442\u0438\u043a\u0438 \u0432 \u041c\u043e\u043b\u0434\u043e\u0432\u0435.\",\"publisher\":{\"@id\":\"https:\\\/\\\/xstyle.md\\\/#organization\"},\"alternateName\":\"X-Style\",\"potentialAction\":[{\"@type\":\"SearchAction\",\"target\":{\"@type\":\"EntryPoint\",\"urlTemplate\":\"https:\\\/\\\/xstyle.md\\\/?s={search_term_string}\"},\"query-input\":{\"@type\":\"PropertyValueSpecification\",\"valueRequired\":true,\"valueName\":\"search_term_string\"}}],\"inLanguage\":\"ro-RO\"},{\"@type\":\"Organization\",\"@id\":\"https:\\\/\\\/xstyle.md\\\/#organization\",\"name\":\"\u041c\u0430\u0433\u0430\u0437\u0438\u043d Xstyle\",\"alternateName\":\"x-style\",\"url\":\"https:\\\/\\\/xstyle.md\\\/\",\"logo\":{\"@type\":\"ImageObject\",\"inLanguage\":\"ro-RO\",\"@id\":\"https:\\\/\\\/xstyle.md\\\/#\\\/schema\\\/logo\\\/image\\\/\",\"url\":\"https:\\\/\\\/xstyle.md\\\/wp-content\\\/uploads\\\/2020\\\/06\\\/logoicon.svg\",\"contentUrl\":\"https:\\\/\\\/xstyle.md\\\/wp-content\\\/uploads\\\/2020\\\/06\\\/logoicon.svg\",\"caption\":\"\u041c\u0430\u0433\u0430\u0437\u0438\u043d Xstyle\"},\"image\":{\"@id\":\"https:\\\/\\\/xstyle.md\\\/#\\\/schema\\\/logo\\\/image\\\/\"},\"sameAs\":[\"https:\\\/\\\/www.facebook.com\\\/xstylemd\",\"https:\\\/\\\/www.instagram.com\\\/xstyle_md\\\/\",\"https:\\\/\\\/t.me\\\/xstyle_outdoor\"],\"hasMerchantReturnPolicy\":{\"@type\":\"MerchantReturnPolicy\",\"merchantReturnLink\":\"https:\\\/\\\/xstyle.md\\\/ro\\\/conditions\\\/\"}}]}<\/script>\n<meta property=\"product:price:amount\" content=\"2845.00\" \/>\n<meta property=\"product:price:currency\" content=\"MDL\" \/>\n<meta property=\"og:availability\" content=\"instock\" \/>\n<meta property=\"product:availability\" content=\"instock\" \/>\n<meta property=\"product:retailer_item_id\" content=\"3342540001909\" \/>\n<meta property=\"product:condition\" content=\"new\" \/>\n<!-- \/ Yoast SEO plugin. -->","yoast_head_json":{"title":"Cobor\u00e2tor Petzl Stop - Magazin Xstyle","description":"\u0421\u043f\u0443\u0441\u043a\u043e\u0432\u043e\u0435 \u0443\u0441\u0442\u0440\u043e\u0439\u0441\u0442\u0432\u043e Petzl Stop \u043e\u0431\u0435\u0441\u043f\u0435\u0447\u0438\u0432\u0430\u0435\u0442 \u043d\u0430\u0434\u0435\u0436\u043d\u044b\u0439 \u043a\u043e\u043d\u0442\u0440\u043e\u043b\u044c \u043f\u0440\u0438 \u0441\u043f\u0443\u0441\u043a\u0430\u0445, \u0441\u043e\u0432\u043c\u0435\u0441\u0442\u0438\u043c\u043e \u0441 \u0432\u0435\u0440\u0435\u0432\u043a\u0430\u043c\u0438 \u0434\u0438\u0430\u043c\u0435\u0442\u0440\u043e\u043c 8,5-11 \u043c\u043c. \u0418\u0434\u0435\u0430\u043b\u044c\u043d\u043e \u0434\u043b\u044f \u0441\u043f\u0435\u043b\u0435\u043e\u043b\u043e\u0433\u0438\u0438!","robots":{"index":"index","follow":"follow","max-snippet":"max-snippet:-1","max-image-preview":"max-image-preview:large","max-video-preview":"max-video-preview:-1"},"canonical":"https:\/\/xstyle.md\/ro\/produs\/spuskovoe-ustrojstvo-petzl-stop\/","og_locale":"ro_RO","og_type":"article","og_title":"\u0421\u043f\u0443\u0441\u043a\u043e\u0432\u043e\u0435 \u0443\u0441\u0442\u0440\u043e\u0439\u0441\u0442\u0432\u043e Petzl Stop - \u041c\u0430\u0433\u0430\u0437\u0438\u043d Xstyle","og_description":"\u0421\u043f\u0443\u0441\u043a\u043e\u0432\u043e\u0435 \u0443\u0441\u0442\u0440\u043e\u0439\u0441\u0442\u0432\u043e Petzl Stop \u043e\u0431\u0435\u0441\u043f\u0435\u0447\u0438\u0432\u0430\u0435\u0442 \u043d\u0430\u0434\u0435\u0436\u043d\u044b\u0439 \u043a\u043e\u043d\u0442\u0440\u043e\u043b\u044c \u043f\u0440\u0438 \u0441\u043f\u0443\u0441\u043a\u0430\u0445, \u0441\u043e\u0432\u043c\u0435\u0441\u0442\u0438\u043c\u043e \u0441 \u0432\u0435\u0440\u0435\u0432\u043a\u0430\u043c\u0438 \u0434\u0438\u0430\u043c\u0435\u0442\u0440\u043e\u043c 8,5-11 \u043c\u043c. \u0418\u0434\u0435\u0430\u043b\u044c\u043d\u043e \u0434\u043b\u044f \u0441\u043f\u0435\u043b\u0435\u043e\u043b\u043e\u0433\u0438\u0438!","og_url":"https:\/\/xstyle.md\/ro\/produs\/spuskovoe-ustrojstvo-petzl-stop\/","og_site_name":"\u041c\u0430\u0433\u0430\u0437\u0438\u043d Xstyle","article_publisher":"https:\/\/www.facebook.com\/xstylemd","article_modified_time":"2026-02-25T10:40:33+00:00","og_image":[{"width":600,"height":800,"url":"https:\/\/xstyle.md\/wp-content\/uploads\/2020\/07\/stop.gif","type":"image\/gif"}],"twitter_card":"summary_large_image","twitter_misc":{"Pre\u021b":"2.845&nbsp;MDL","Disponibilitate":"\u00cen stoc"},"schema":{"@context":"https:\/\/schema.org","@graph":[{"@type":"WebPage","@id":"https:\/\/xstyle.md\/product\/spuskovoe-ustrojstvo-petzl-stop\/","url":"https:\/\/xstyle.md\/product\/spuskovoe-ustrojstvo-petzl-stop\/","name":"Cobor\u00e2tor Petzl Stop - Magazin Xstyle","isPartOf":{"@id":"https:\/\/xstyle.md\/#website"},"primaryImageOfPage":{"@id":"https:\/\/xstyle.md\/product\/spuskovoe-ustrojstvo-petzl-stop\/#primaryimage"},"image":{"@id":"https:\/\/xstyle.md\/product\/spuskovoe-ustrojstvo-petzl-stop\/#primaryimage"},"thumbnailUrl":"https:\/\/xstyle.md\/wp-content\/uploads\/2020\/07\/stop.gif","datePublished":"2020-07-16T12:47:50+00:00","dateModified":"2026-02-25T10:40:33+00:00","description":"\u0421\u043f\u0443\u0441\u043a\u043e\u0432\u043e\u0435 \u0443\u0441\u0442\u0440\u043e\u0439\u0441\u0442\u0432\u043e Petzl Stop \u043e\u0431\u0435\u0441\u043f\u0435\u0447\u0438\u0432\u0430\u0435\u0442 \u043d\u0430\u0434\u0435\u0436\u043d\u044b\u0439 \u043a\u043e\u043d\u0442\u0440\u043e\u043b\u044c \u043f\u0440\u0438 \u0441\u043f\u0443\u0441\u043a\u0430\u0445, \u0441\u043e\u0432\u043c\u0435\u0441\u0442\u0438\u043c\u043e \u0441 \u0432\u0435\u0440\u0435\u0432\u043a\u0430\u043c\u0438 \u0434\u0438\u0430\u043c\u0435\u0442\u0440\u043e\u043c 8,5-11 \u043c\u043c. \u0418\u0434\u0435\u0430\u043b\u044c\u043d\u043e \u0434\u043b\u044f \u0441\u043f\u0435\u043b\u0435\u043e\u043b\u043e\u0433\u0438\u0438!","breadcrumb":{"@id":"https:\/\/xstyle.md\/product\/spuskovoe-ustrojstvo-petzl-stop\/#breadcrumb"},"inLanguage":"ro-RO","potentialAction":[{"@type":"ReadAction","target":["https:\/\/xstyle.md\/product\/spuskovoe-ustrojstvo-petzl-stop\/"]}]},{"@type":"ImageObject","inLanguage":"ro-RO","@id":"https:\/\/xstyle.md\/product\/spuskovoe-ustrojstvo-petzl-stop\/#primaryimage","url":"https:\/\/xstyle.md\/wp-content\/uploads\/2020\/07\/stop.gif","contentUrl":"https:\/\/xstyle.md\/wp-content\/uploads\/2020\/07\/stop.gif","width":600,"height":800},{"@type":"BreadcrumbList","@id":"https:\/\/xstyle.md\/product\/spuskovoe-ustrojstvo-petzl-stop\/#breadcrumb","itemListElement":[{"@type":"ListItem","position":1,"name":"\u0413\u043b\u0430\u0432\u043d\u0430\u044f \u0441\u0442\u0440\u0430\u043d\u0438\u0446\u0430","item":"https:\/\/xstyle.md\/"},{"@type":"ListItem","position":2,"name":"\u041c\u0430\u0433\u0430\u0437\u0438\u043d","item":"https:\/\/xstyle.md\/shop\/"},{"@type":"ListItem","position":3,"name":"\u0421\u043f\u0443\u0441\u043a\u043e\u0432\u043e\u0435 \u0443\u0441\u0442\u0440\u043e\u0439\u0441\u0442\u0432\u043e Petzl Stop"}]},{"@type":"WebSite","@id":"https:\/\/xstyle.md\/#website","url":"https:\/\/xstyle.md\/","name":"Magazinul X-Style","description":"Echipamente pentru turism \u0219i sporturi extreme \u00een Moldova. Pre\u021buri, fotografii, caracteristici \u00een Moldova.","publisher":{"@id":"https:\/\/xstyle.md\/#organization"},"alternateName":"X-Style","potentialAction":[{"@type":"SearchAction","target":{"@type":"EntryPoint","urlTemplate":"https:\/\/xstyle.md\/?s={search_term_string}"},"query-input":{"@type":"PropertyValueSpecification","valueRequired":true,"valueName":"search_term_string"}}],"inLanguage":"ro-RO"},{"@type":"Organization","@id":"https:\/\/xstyle.md\/#organization","name":"Magazinul X-Style","alternateName":"x-style","url":"https:\/\/xstyle.md\/","logo":{"@type":"ImageObject","inLanguage":"ro-RO","@id":"https:\/\/xstyle.md\/#\/schema\/logo\/image\/","url":"https:\/\/xstyle.md\/wp-content\/uploads\/2020\/06\/logoicon.svg","contentUrl":"https:\/\/xstyle.md\/wp-content\/uploads\/2020\/06\/logoicon.svg","caption":"\u041c\u0430\u0433\u0430\u0437\u0438\u043d Xstyle"},"image":{"@id":"https:\/\/xstyle.md\/#\/schema\/logo\/image\/"},"sameAs":["https:\/\/www.facebook.com\/xstylemd","https:\/\/www.instagram.com\/xstyle_md\/","https:\/\/t.me\/xstyle_outdoor"],"hasMerchantReturnPolicy":{"@type":"MerchantReturnPolicy","merchantReturnLink":"https:\/\/xstyle.md\/ro\/conditions\/"}}]},"product_price_amount":"2845.00","product_price_currency":"MDL","og_availability":"instock","product_availability":"instock","product_retailer_item_id":"3342540001909","product_condition":"new"},"_links":{"self":[{"href":"https:\/\/xstyle.md\/ro\/wp-json\/wp\/v2\/product\/697","targetHints":{"allow":["GET"]}}],"collection":[{"href":"https:\/\/xstyle.md\/ro\/wp-json\/wp\/v2\/product"}],"about":[{"href":"https:\/\/xstyle.md\/ro\/wp-json\/wp\/v2\/types\/product"}],"replies":[{"embeddable":true,"href":"https:\/\/xstyle.md\/ro\/wp-json\/wp\/v2\/comments?post=697"}],"wp:featuredmedia":[{"embeddable":true,"href":"https:\/\/xstyle.md\/ro\/wp-json\/wp\/v2\/media\/696"}],"wp:attachment":[{"href":"https:\/\/xstyle.md\/ro\/wp-json\/wp\/v2\/media?parent=697"}],"wp:term":[{"taxonomy":"product_brand","embeddable":true,"href":"https:\/\/xstyle.md\/ro\/wp-json\/wp\/v2\/product_brand?post=697"},{"taxonomy":"product_cat","embeddable":true,"href":"https:\/\/xstyle.md\/ro\/wp-json\/wp\/v2\/product_cat?post=697"},{"taxonomy":"product_tag","embeddable":true,"href":"https:\/\/xstyle.md\/ro\/wp-json\/wp\/v2\/product_tag?post=697"}],"curies":[{"name":"wp","href":"https:\/\/api.w.org\/{rel}","templated":true}]}}