{"id":69673,"date":"2023-06-08T12:30:23","date_gmt":"2023-06-08T09:30:23","guid":{"rendered":"https:\/\/xstyle.md\/?post_type=product&#038;p=69673"},"modified":"2025-04-23T16:23:02","modified_gmt":"2025-04-23T13:23:02","slug":"shtany-ternua-friz-mns-whales-grey-black","status":"publish","type":"product","link":"https:\/\/xstyle.md\/ro\/produs\/shtany-ternua-friz-mns-whales-grey-black\/","title":{"rendered":"Ternua Friz Mns whales pantaloni gri\/negru"},"content":{"rendered":"<p><strong>Ternua Friz<\/strong> - pantaloni versatili pentru aproape orice activitate. Sunt foarte confortabili, flexibili, rezisten\u021bi la uzur\u0103, uscare rapid\u0103 \u0219i chiar protec\u021bie UV. Acest model versatil de var\u0103 se va descurca bine \u00een trekking, drume\u021bii, alpinism \u0219i pur \u0219i simplu la plimb\u0103ri \u00een mediul rural.<\/p>\n<h3>Particularit\u0103\u021bi<\/h3>\n<ul>\n<li>Materialul Shellstretch este bioelastic, \u00ee\u0219i p\u0103streaz\u0103 forma, este confortabil \u0219i rezistent. Conceput pentru a absorbi \u0219i evacua rapid umezeala, Shellstretch este perfect pentru sporturile de munte \u0219i activit\u0103\u021bile care necesit\u0103 mobilitate nelimitat\u0103.<\/li>\n<li>Capacitatea materialului de a evacua eficient umezeala ajut\u0103 la reglarea temperaturii corpului. Pantalonii vor fi confortabili pe vreme cald\u0103, deoarece materialul se usuc\u0103 foarte repede.<\/li>\n<li>30+ protec\u021bie UVA.<\/li>\n<li>Impregnarea textil\u0103 hidrofug\u0103 rezistent\u0103 \u0219i ecologic\u0103 nu con\u021bine fluorocarburi d\u0103un\u0103toare (PFC Free).<\/li>\n<li>Greutatea redus\u0103 a produsului creeaz\u0103 un confort suplimentar \u0219i simplific\u0103 transportul.<\/li>\n<li>Modelul are o croial\u0103 standard. Talia are inser\u021bii elastice \u0219i bucle pentru curea. \u021ainuta poate fi ajustat\u0103 cu o curea textil\u0103 cu cataram\u0103.<\/li>\n<li>Exist\u0103 dou\u0103 buzunare laterale cu fermoar \u0219i un buzunar spate cu fermoar.<\/li>\n<li>Marginea inferioar\u0103 a pantalonilor este reglabil\u0103 cu un cordon de str\u00e2ngere cu blocare.<\/li>\n<li>Produsul a primit certificatul bluesign\u00ae. Certificarea independent\u0103 bluesign\u00ae garanteaz\u0103 c\u0103 \u00eentregul lan\u021b de produc\u021bie con\u021bine componente \u0219i utilizeaz\u0103 procese care nu sunt d\u0103un\u0103toare pentru oameni sau pentru mediu.<\/li>\n<li>\u00cen conformitate cu angajamentul Ternua fa\u021b\u0103 de mediu, materialul din acest produs \u00eendepline\u0219te standardele de certificare Oeko-Tex\u00ae. Standardul Oeko-Tex\u00ae este una dintre cele mai recunoscute etichete din lume pentru textilele testate pentru substan\u021be nocive.<\/li>\n<\/ul>\n<h3>Caracteristici<\/h3>\n<ul>\n<li>Material - poliamid\u0103 85%, elastan 15%<\/li>\n<li>Sezon - prim\u0103var\u0103 \/ toamn\u0103 \/ var\u0103<\/li>\n<li>Scop - drume\u021bie\/ drume\u021bie\/ alpinism<\/li>\n<li>Model - pentru b\u0103rba\u021bi.<\/li>\n<\/ul>\n<h3>Tehnologie<\/h3>\n<ul>\n<li><strong>Shellstretch<\/strong>\u00a0- material bielastic pentru o mai bun\u0103 adaptare a corpului, \u00ee\u0219i p\u0103streaz\u0103 \u00eentotdeauna forma \u0219i, de asemenea, nu se uzeaz\u0103 \u0219i este confortabil. Conceput\u0103 s\u0103 absoarb\u0103 rapid transpira\u021bia \u0219i s\u0103 elimine umezeala de pe corp \u0219i are, de asemenea, un efect hidrofug. Materialul Shellstretch este ideal pentru activit\u0103\u021bi care necesit\u0103 libertate deplin\u0103 de mi\u0219care. Acest lucru o face ideal\u0103 pentru sporturile de munte care necesit\u0103 libertate de mi\u0219care complet\u0103.<\/li>\n<\/ul>\n<h3>Marca<\/h3>\n<p>Ternua \u2014 un brand spaniol specializat \u00een produc\u021bia de \u00eembr\u0103c\u0103minte tehnice, func\u021bionale \u0219i inovatoare capabile s\u0103 se adapteze la cele mai nefavorabile condi\u021bii meteorologice. Spiritul antreprenorial \u0219i aventuros al v\u00e2n\u0103torilor de balene basci din secolul al XV-lea a inspirat crearea m\u0103rcii outdoor Ternua \u00een 1995. \u00cen limba basc\u0103, \u201eTernua\u201d \u00eenseamn\u0103 balen\u0103, motiv pentru care compania poart\u0103 un astfel de nume, iar logo-ul acesteia \u00eempodobe\u0219te coada balenei. Principiile esen\u021biale ale Ternua sunt pasiunea pentru munte, respectul pentru mediul \u00eenconjur\u0103tor \u0219i respectul pentru r\u0103d\u0103cinile \u0219i originile cuiva. Produc\u0103torul acord\u0103 o aten\u021bie deosebit\u0103 alegerii materialelor, prefer\u0103 culorile bogate, hainele sunt versatile \u0219i se potrivesc bine. \u0218i, de asemenea, brandul trateaz\u0103 natura cu o grij\u0103 deosebit\u0103, sus\u021bin\u00e2nd sustenabilitatea \u0219i produc\u00e2nd haine din materiale reciclate.<\/p>","protected":false},"excerpt":{"rendered":"<p>Ternua Friz &#8212; \u0443\u043d\u0438\u0432\u0435\u0440\u0441\u0430\u043b\u044c\u043d\u044b\u0435 \u0448\u0442\u0430\u043d\u044b \u0434\u043b\u044f \u0437\u0430\u043d\u044f\u0442\u0438\u044f \u043f\u0440\u0430\u043a\u0442\u0438\u0447\u0435\u0441\u043a\u0438 \u043b\u044e\u0431\u044b\u043c \u0432\u0438\u0434\u043e\u043c \u0434\u0435\u044f\u0442\u0435\u043b\u044c\u043d\u043e\u0441\u0442\u0438. \u041e\u043d\u0438 \u043e\u0447\u0435\u043d\u044c \u0443\u0434\u043e\u0431\u043d\u044b, \u044d\u043b\u0430\u0441\u0442\u0438\u0447\u043d\u044b, \u043e\u0442\u043b\u0438\u0447\u0430\u044e\u0442\u0441\u044f \u0441\u0442\u043e\u0439\u043a\u043e\u0441\u0442\u044c\u044e \u043a \u0438\u0437\u043d\u043e\u0441\u0443, \u0431\u044b\u0441\u0442\u0440\u043e \u0441\u043e\u0445\u043d\u0443\u0442 \u0438 \u0434\u0430\u0436\u0435 \u0437\u0430\u0449\u0438\u0449\u0430\u044e\u0442 \u043e\u0442 \u0443\u043b\u044c\u0442\u0440\u0430\u0444\u0438\u043e\u043b\u0435\u0442\u0430. \u0423\u043d\u0438\u0432\u0435\u0440\u0441\u0430\u043b\u044c\u043d\u0430\u044f \u043b\u0435\u0442\u043d\u044f\u044f \u043c\u043e\u0434\u0435\u043b\u044c \u0445\u043e\u0440\u043e\u0448\u043e \u043f\u0440\u043e\u044f\u0432\u0438\u0442 \u0441\u0435\u0431\u044f \u0432 \u0442\u0440\u0435\u043a\u043a\u0438\u043d\u0433\u0435, \u0445\u0430\u0439\u043a\u0438\u043d\u0433\u0435, \u0430\u043b\u044c\u043f\u0438\u043d\u0438\u0437\u043c\u0435 \u0438 \u043f\u0440\u043e\u0441\u0442\u043e \u043d\u0430 \u043f\u0440\u043e\u0433\u0443\u043b\u043a\u0430\u0445 \u0437\u0430 \u0433\u043e\u0440\u043e\u0434\u043e\u043c. \u041e\u0441\u043e\u0431\u0435\u043d\u043d\u043e\u0441\u0442\u0438 \u041c\u0430\u0442\u0435\u0440\u0438\u0430\u043b Shellstretch\u00a0\u0431\u0438\u044d\u043b\u0430\u0441\u0442\u0438\u0447\u0435\u043d, \u0432\u0441\u0435\u0433\u0434\u0430 \u0441\u043e\u0445\u0440\u0430\u043d\u044f\u0435\u0442 \u0441\u0432\u043e\u044e \u0444\u043e\u0440\u043c\u0443, \u043e\u0442\u043b\u0438\u0447\u0430\u0435\u0442\u0441\u044f \u0443\u0434\u043e\u0431\u0441\u0442\u0432\u043e\u043c \u0438 \u0438\u0437\u043d\u043e\u0441\u043e\u0441\u0442\u043e\u0439\u043a\u043e\u0441\u0442\u044c\u044e. \u0420\u0430\u0437\u0440\u0430\u0431\u043e\u0442\u0430\u043d\u043d\u044b\u0439 \u0434\u043b\u044f [&hellip;]<\/p>\n","protected":false},"featured_media":70229,"comment_status":"open","ping_status":"closed","template":"","meta":{"_acf_changed":false,"inline_featured_image":false},"product_brand":[1426],"product_cat":[404],"product_tag":[],"class_list":{"0":"post-69673","1":"product","2":"type-product","3":"status-publish","4":"has-post-thumbnail","6":"product_brand-ternua","7":"product_cat-pantaloni-de-trekking-barbati","9":"first","10":"outofstock","11":"shipping-taxable","12":"product-type-simple"},"acf":[],"yoast_head":"<!-- This site is optimized with the Yoast SEO plugin v27.4 - https:\/\/yoast.com\/product\/yoast-seo-wordpress\/ -->\n<title>\u0428\u0442\u0430\u043d\u044b Ternua Friz Mns whales grey\/black - \u041c\u0430\u0433\u0430\u0437\u0438\u043d Xstyle<\/title>\n<meta name=\"description\" content=\"\u0428\u0442\u0430\u043d\u044b Ternua Friz Mns \u0432 \u0441\u0435\u0440\u043e-\u0447\u0435\u0440\u043d\u043e\u043c \u0446\u0432\u0435\u0442\u0435: \u043f\u0440\u043e\u0447\u043d\u044b\u0435, \u043b\u0435\u0433\u043a\u0438\u0435, \u0437\u0430\u0449\u0438\u0449\u0430\u044e\u0442 \u043e\u0442 UV, \u0431\u0435\u0437 PFC. \u0418\u0434\u0435\u0430\u043b\u044c\u043d\u044b\u0439 \u0432\u044b\u0431\u043e\u0440 \u0434\u043b\u044f \u0430\u043a\u0442\u0438\u0432\u043d\u043e\u0433\u043e \u043e\u0442\u0434\u044b\u0445\u0430 \u0438 \u043f\u0443\u0442\u0435\u0448\u0435\u0441\u0442\u0432\u0438\u0439.\" \/>\n<meta name=\"robots\" content=\"index, follow, max-snippet:-1, max-image-preview:large, max-video-preview:-1\" \/>\n<link rel=\"canonical\" href=\"https:\/\/xstyle.md\/ro\/produs\/shtany-ternua-friz-mns-whales-grey-black\/\" \/>\n<meta property=\"og:locale\" content=\"ro_RO\" \/>\n<meta property=\"og:type\" content=\"article\" \/>\n<meta property=\"og:title\" content=\"\u0428\u0442\u0430\u043d\u044b Ternua Friz Mns whales grey\/black - \u041c\u0430\u0433\u0430\u0437\u0438\u043d Xstyle\" \/>\n<meta property=\"og:description\" content=\"\u0428\u0442\u0430\u043d\u044b Ternua Friz Mns \u0432 \u0441\u0435\u0440\u043e-\u0447\u0435\u0440\u043d\u043e\u043c \u0446\u0432\u0435\u0442\u0435: \u043f\u0440\u043e\u0447\u043d\u044b\u0435, \u043b\u0435\u0433\u043a\u0438\u0435, \u0437\u0430\u0449\u0438\u0449\u0430\u044e\u0442 \u043e\u0442 UV, \u0431\u0435\u0437 PFC. \u0418\u0434\u0435\u0430\u043b\u044c\u043d\u044b\u0439 \u0432\u044b\u0431\u043e\u0440 \u0434\u043b\u044f \u0430\u043a\u0442\u0438\u0432\u043d\u043e\u0433\u043e \u043e\u0442\u0434\u044b\u0445\u0430 \u0438 \u043f\u0443\u0442\u0435\u0448\u0435\u0441\u0442\u0432\u0438\u0439.\" \/>\n<meta property=\"og:url\" content=\"https:\/\/xstyle.md\/ro\/produs\/shtany-ternua-friz-mns-whales-grey-black\/\" \/>\n<meta property=\"og:site_name\" content=\"\u041c\u0430\u0433\u0430\u0437\u0438\u043d Xstyle\" \/>\n<meta property=\"article:publisher\" content=\"https:\/\/www.facebook.com\/xstylemd\" \/>\n<meta property=\"article:modified_time\" content=\"2025-04-23T13:23:02+00:00\" \/>\n<meta property=\"og:image\" content=\"https:\/\/xstyle.md\/wp-content\/uploads\/2023\/06\/ternua-friz-mns-whales-grey-black.jpg\" \/>\n\t<meta property=\"og:image:width\" content=\"1992\" \/>\n\t<meta property=\"og:image:height\" content=\"1958\" \/>\n\t<meta property=\"og:image:type\" content=\"image\/jpeg\" \/>\n<meta name=\"twitter:card\" content=\"summary_large_image\" \/>\n<meta name=\"twitter:label1\" content=\"Pre\u021b\" \/>\n\t<meta name=\"twitter:data1\" content=\"1.890&nbsp;MDL\" \/>\n\t<meta name=\"twitter:label2\" content=\"Disponibilitate\" \/>\n\t<meta name=\"twitter:data2\" content=\"Stoc epuizat\" \/>\n<script type=\"application\/ld+json\" class=\"yoast-schema-graph\">{\"@context\":\"https:\\\/\\\/schema.org\",\"@graph\":[{\"@type\":\"WebPage\",\"@id\":\"https:\\\/\\\/xstyle.md\\\/product\\\/shtany-ternua-friz-mns-whales-grey-black\\\/\",\"url\":\"https:\\\/\\\/xstyle.md\\\/product\\\/shtany-ternua-friz-mns-whales-grey-black\\\/\",\"name\":\"\u0428\u0442\u0430\u043d\u044b Ternua Friz Mns whales grey\\\/black - \u041c\u0430\u0433\u0430\u0437\u0438\u043d Xstyle\",\"isPartOf\":{\"@id\":\"https:\\\/\\\/xstyle.md\\\/#website\"},\"primaryImageOfPage\":{\"@id\":\"https:\\\/\\\/xstyle.md\\\/product\\\/shtany-ternua-friz-mns-whales-grey-black\\\/#primaryimage\"},\"image\":{\"@id\":\"https:\\\/\\\/xstyle.md\\\/product\\\/shtany-ternua-friz-mns-whales-grey-black\\\/#primaryimage\"},\"thumbnailUrl\":\"https:\\\/\\\/xstyle.md\\\/wp-content\\\/uploads\\\/2023\\\/06\\\/ternua-friz-mns-whales-grey-black.jpg\",\"datePublished\":\"2023-06-08T09:30:23+00:00\",\"dateModified\":\"2025-04-23T13:23:02+00:00\",\"description\":\"\u0428\u0442\u0430\u043d\u044b Ternua Friz Mns \u0432 \u0441\u0435\u0440\u043e-\u0447\u0435\u0440\u043d\u043e\u043c \u0446\u0432\u0435\u0442\u0435: \u043f\u0440\u043e\u0447\u043d\u044b\u0435, \u043b\u0435\u0433\u043a\u0438\u0435, \u0437\u0430\u0449\u0438\u0449\u0430\u044e\u0442 \u043e\u0442 UV, \u0431\u0435\u0437 PFC. \u0418\u0434\u0435\u0430\u043b\u044c\u043d\u044b\u0439 \u0432\u044b\u0431\u043e\u0440 \u0434\u043b\u044f \u0430\u043a\u0442\u0438\u0432\u043d\u043e\u0433\u043e \u043e\u0442\u0434\u044b\u0445\u0430 \u0438 \u043f\u0443\u0442\u0435\u0448\u0435\u0441\u0442\u0432\u0438\u0439.\",\"breadcrumb\":{\"@id\":\"https:\\\/\\\/xstyle.md\\\/product\\\/shtany-ternua-friz-mns-whales-grey-black\\\/#breadcrumb\"},\"inLanguage\":\"ro-RO\",\"potentialAction\":[{\"@type\":\"ReadAction\",\"target\":[\"https:\\\/\\\/xstyle.md\\\/product\\\/shtany-ternua-friz-mns-whales-grey-black\\\/\"]}]},{\"@type\":\"ImageObject\",\"inLanguage\":\"ro-RO\",\"@id\":\"https:\\\/\\\/xstyle.md\\\/product\\\/shtany-ternua-friz-mns-whales-grey-black\\\/#primaryimage\",\"url\":\"https:\\\/\\\/xstyle.md\\\/wp-content\\\/uploads\\\/2023\\\/06\\\/ternua-friz-mns-whales-grey-black.jpg\",\"contentUrl\":\"https:\\\/\\\/xstyle.md\\\/wp-content\\\/uploads\\\/2023\\\/06\\\/ternua-friz-mns-whales-grey-black.jpg\",\"width\":1920,\"height\":1887,\"caption\":\"\u0428\u0442\u0430\u043d\u044b Ternua Friz Mns whales \u0441\u0435\u0440\u043e-\u0447\u0435\u0440\u043d\u044b\u0435 \u0434\u043b\u044f \u0430\u043a\u0442\u0438\u0432\u043d\u043e\u0433\u043e \u043e\u0442\u0434\u044b\u0445\u0430, \u043f\u043e\u0445\u043e\u0434\u043e\u0432, \u0430\u043b\u044c\u043f\u0438\u043d\u0438\u0437\u043c\u0430 \u0438 \u043f\u0443\u0442\u0435\u0448\u0435\u0441\u0442\u0432\u0438\u0439 \u0432 \u0438\u043d\u0442\u0435\u0440\u043d\u0435\u0442-\u043c\u0430\u0433\u0430\u0437\u0438\u043d\u0435 \u0441\u043f\u043e\u0440\u0442\u0438\u0432\u043d\u043e\u0439 \u044d\u043a\u0438\u043f\u0438\u0440\u043e\u0432\u043a\u0438\"},{\"@type\":\"BreadcrumbList\",\"@id\":\"https:\\\/\\\/xstyle.md\\\/product\\\/shtany-ternua-friz-mns-whales-grey-black\\\/#breadcrumb\",\"itemListElement\":[{\"@type\":\"ListItem\",\"position\":1,\"name\":\"\u0413\u043b\u0430\u0432\u043d\u0430\u044f \u0441\u0442\u0440\u0430\u043d\u0438\u0446\u0430\",\"item\":\"https:\\\/\\\/xstyle.md\\\/\"},{\"@type\":\"ListItem\",\"position\":2,\"name\":\"\u041c\u0430\u0433\u0430\u0437\u0438\u043d\",\"item\":\"https:\\\/\\\/xstyle.md\\\/shop\\\/\"},{\"@type\":\"ListItem\",\"position\":3,\"name\":\"\u0428\u0442\u0430\u043d\u044b Ternua Friz Mns whales grey\\\/black\"}]},{\"@type\":\"WebSite\",\"@id\":\"https:\\\/\\\/xstyle.md\\\/#website\",\"url\":\"https:\\\/\\\/xstyle.md\\\/\",\"name\":\"\u041c\u0430\u0433\u0430\u0437\u0438\u043d Xstyle\",\"description\":\"C\u043d\u0430\u0440\u044f\u0436\u0435\u043d\u0438\u0435 \u0434\u043b\u044f \u0442\u0443\u0440\u0438\u0437\u043c\u0430 \u0438 \u044d\u043a\u0441\u0442\u0440\u0435\u043c\u0430\u043b\u044c\u043d\u044b\u0445 \u0432\u0438\u0434\u043e\u0432 \u0441\u043f\u043e\u0440\u0442\u0430 \u0432 \u041c\u043e\u043b\u0434\u043e\u0432\u0435.. \u0426\u0435\u043d\u044b, \u0444\u043e\u0442\u043e, \u0445\u0430\u0440\u0430\u043a\u0442\u0435\u0440\u0438\u0441\u0442\u0438\u043a\u0438 \u0432 \u041c\u043e\u043b\u0434\u043e\u0432\u0435.\",\"publisher\":{\"@id\":\"https:\\\/\\\/xstyle.md\\\/#organization\"},\"alternateName\":\"X-Style\",\"potentialAction\":[{\"@type\":\"SearchAction\",\"target\":{\"@type\":\"EntryPoint\",\"urlTemplate\":\"https:\\\/\\\/xstyle.md\\\/?s={search_term_string}\"},\"query-input\":{\"@type\":\"PropertyValueSpecification\",\"valueRequired\":true,\"valueName\":\"search_term_string\"}}],\"inLanguage\":\"ro-RO\"},{\"@type\":\"Organization\",\"@id\":\"https:\\\/\\\/xstyle.md\\\/#organization\",\"name\":\"\u041c\u0430\u0433\u0430\u0437\u0438\u043d Xstyle\",\"alternateName\":\"x-style\",\"url\":\"https:\\\/\\\/xstyle.md\\\/\",\"logo\":{\"@type\":\"ImageObject\",\"inLanguage\":\"ro-RO\",\"@id\":\"https:\\\/\\\/xstyle.md\\\/#\\\/schema\\\/logo\\\/image\\\/\",\"url\":\"https:\\\/\\\/xstyle.md\\\/wp-content\\\/uploads\\\/2020\\\/06\\\/logoicon.svg\",\"contentUrl\":\"https:\\\/\\\/xstyle.md\\\/wp-content\\\/uploads\\\/2020\\\/06\\\/logoicon.svg\",\"caption\":\"\u041c\u0430\u0433\u0430\u0437\u0438\u043d Xstyle\"},\"image\":{\"@id\":\"https:\\\/\\\/xstyle.md\\\/#\\\/schema\\\/logo\\\/image\\\/\"},\"sameAs\":[\"https:\\\/\\\/www.facebook.com\\\/xstylemd\",\"https:\\\/\\\/www.instagram.com\\\/xstyle_md\\\/\",\"https:\\\/\\\/t.me\\\/xstyle_outdoor\"],\"hasMerchantReturnPolicy\":{\"@type\":\"MerchantReturnPolicy\",\"merchantReturnLink\":\"https:\\\/\\\/xstyle.md\\\/ro\\\/conditions\\\/\"}}]}<\/script>\n<meta property=\"product:price:amount\" content=\"1890.00\" \/>\n<meta property=\"product:price:currency\" content=\"MDL\" \/>\n<meta property=\"og:availability\" content=\"out of stock\" \/>\n<meta property=\"product:availability\" content=\"out of stock\" \/>\n<meta property=\"product:retailer_item_id\" content=\"8445042026007\" \/>\n<meta property=\"product:condition\" content=\"new\" \/>\n<!-- \/ Yoast SEO plugin. -->","yoast_head_json":{"title":"Pantaloni Ternua Friz Mns whales gri\/negru - Magazin Xstyle.","description":"Pantalonii Ternua Friz Mns \u00een culoare gri-negru: rezisten\u021bi, u\u0219ori, protejeaz\u0103 de UV, f\u0103r\u0103 PFC. O alegere ideal\u0103 pentru activit\u0103\u021bi \u00een aer liber \u0219i c\u0103l\u0103torii.","robots":{"index":"index","follow":"follow","max-snippet":"max-snippet:-1","max-image-preview":"max-image-preview:large","max-video-preview":"max-video-preview:-1"},"canonical":"https:\/\/xstyle.md\/ro\/produs\/shtany-ternua-friz-mns-whales-grey-black\/","og_locale":"ro_RO","og_type":"article","og_title":"\u0428\u0442\u0430\u043d\u044b Ternua Friz Mns whales grey\/black - \u041c\u0430\u0433\u0430\u0437\u0438\u043d Xstyle","og_description":"\u0428\u0442\u0430\u043d\u044b Ternua Friz Mns \u0432 \u0441\u0435\u0440\u043e-\u0447\u0435\u0440\u043d\u043e\u043c \u0446\u0432\u0435\u0442\u0435: \u043f\u0440\u043e\u0447\u043d\u044b\u0435, \u043b\u0435\u0433\u043a\u0438\u0435, \u0437\u0430\u0449\u0438\u0449\u0430\u044e\u0442 \u043e\u0442 UV, \u0431\u0435\u0437 PFC. \u0418\u0434\u0435\u0430\u043b\u044c\u043d\u044b\u0439 \u0432\u044b\u0431\u043e\u0440 \u0434\u043b\u044f \u0430\u043a\u0442\u0438\u0432\u043d\u043e\u0433\u043e \u043e\u0442\u0434\u044b\u0445\u0430 \u0438 \u043f\u0443\u0442\u0435\u0448\u0435\u0441\u0442\u0432\u0438\u0439.","og_url":"https:\/\/xstyle.md\/ro\/produs\/shtany-ternua-friz-mns-whales-grey-black\/","og_site_name":"\u041c\u0430\u0433\u0430\u0437\u0438\u043d Xstyle","article_publisher":"https:\/\/www.facebook.com\/xstylemd","article_modified_time":"2025-04-23T13:23:02+00:00","og_image":[{"width":1992,"height":1958,"url":"https:\/\/xstyle.md\/wp-content\/uploads\/2023\/06\/ternua-friz-mns-whales-grey-black.jpg","type":"image\/jpeg"}],"twitter_card":"summary_large_image","twitter_misc":{"Pre\u021b":"1.890&nbsp;MDL","Disponibilitate":"Stoc epuizat"},"schema":{"@context":"https:\/\/schema.org","@graph":[{"@type":"WebPage","@id":"https:\/\/xstyle.md\/product\/shtany-ternua-friz-mns-whales-grey-black\/","url":"https:\/\/xstyle.md\/product\/shtany-ternua-friz-mns-whales-grey-black\/","name":"Pantaloni Ternua Friz Mns whales gri\/negru - Magazin Xstyle.","isPartOf":{"@id":"https:\/\/xstyle.md\/#website"},"primaryImageOfPage":{"@id":"https:\/\/xstyle.md\/product\/shtany-ternua-friz-mns-whales-grey-black\/#primaryimage"},"image":{"@id":"https:\/\/xstyle.md\/product\/shtany-ternua-friz-mns-whales-grey-black\/#primaryimage"},"thumbnailUrl":"https:\/\/xstyle.md\/wp-content\/uploads\/2023\/06\/ternua-friz-mns-whales-grey-black.jpg","datePublished":"2023-06-08T09:30:23+00:00","dateModified":"2025-04-23T13:23:02+00:00","description":"Pantalonii Ternua Friz Mns \u00een culoare gri-negru: rezisten\u021bi, u\u0219ori, protejeaz\u0103 de UV, f\u0103r\u0103 PFC. O alegere ideal\u0103 pentru activit\u0103\u021bi \u00een aer liber \u0219i c\u0103l\u0103torii.","breadcrumb":{"@id":"https:\/\/xstyle.md\/product\/shtany-ternua-friz-mns-whales-grey-black\/#breadcrumb"},"inLanguage":"ro-RO","potentialAction":[{"@type":"ReadAction","target":["https:\/\/xstyle.md\/product\/shtany-ternua-friz-mns-whales-grey-black\/"]}]},{"@type":"ImageObject","inLanguage":"ro-RO","@id":"https:\/\/xstyle.md\/product\/shtany-ternua-friz-mns-whales-grey-black\/#primaryimage","url":"https:\/\/xstyle.md\/wp-content\/uploads\/2023\/06\/ternua-friz-mns-whales-grey-black.jpg","contentUrl":"https:\/\/xstyle.md\/wp-content\/uploads\/2023\/06\/ternua-friz-mns-whales-grey-black.jpg","width":1920,"height":1887,"caption":"\u0428\u0442\u0430\u043d\u044b Ternua Friz Mns whales \u0441\u0435\u0440\u043e-\u0447\u0435\u0440\u043d\u044b\u0435 \u0434\u043b\u044f \u0430\u043a\u0442\u0438\u0432\u043d\u043e\u0433\u043e \u043e\u0442\u0434\u044b\u0445\u0430, \u043f\u043e\u0445\u043e\u0434\u043e\u0432, \u0430\u043b\u044c\u043f\u0438\u043d\u0438\u0437\u043c\u0430 \u0438 \u043f\u0443\u0442\u0435\u0448\u0435\u0441\u0442\u0432\u0438\u0439 \u0432 \u0438\u043d\u0442\u0435\u0440\u043d\u0435\u0442-\u043c\u0430\u0433\u0430\u0437\u0438\u043d\u0435 \u0441\u043f\u043e\u0440\u0442\u0438\u0432\u043d\u043e\u0439 \u044d\u043a\u0438\u043f\u0438\u0440\u043e\u0432\u043a\u0438"},{"@type":"BreadcrumbList","@id":"https:\/\/xstyle.md\/product\/shtany-ternua-friz-mns-whales-grey-black\/#breadcrumb","itemListElement":[{"@type":"ListItem","position":1,"name":"\u0413\u043b\u0430\u0432\u043d\u0430\u044f \u0441\u0442\u0440\u0430\u043d\u0438\u0446\u0430","item":"https:\/\/xstyle.md\/"},{"@type":"ListItem","position":2,"name":"\u041c\u0430\u0433\u0430\u0437\u0438\u043d","item":"https:\/\/xstyle.md\/shop\/"},{"@type":"ListItem","position":3,"name":"\u0428\u0442\u0430\u043d\u044b Ternua Friz Mns whales grey\/black"}]},{"@type":"WebSite","@id":"https:\/\/xstyle.md\/#website","url":"https:\/\/xstyle.md\/","name":"Magazinul X-Style","description":"Echipamente pentru turism \u0219i sporturi extreme \u00een Moldova. Pre\u021buri, fotografii, caracteristici \u00een Moldova.","publisher":{"@id":"https:\/\/xstyle.md\/#organization"},"alternateName":"X-Style","potentialAction":[{"@type":"SearchAction","target":{"@type":"EntryPoint","urlTemplate":"https:\/\/xstyle.md\/?s={search_term_string}"},"query-input":{"@type":"PropertyValueSpecification","valueRequired":true,"valueName":"search_term_string"}}],"inLanguage":"ro-RO"},{"@type":"Organization","@id":"https:\/\/xstyle.md\/#organization","name":"Magazinul X-Style","alternateName":"x-style","url":"https:\/\/xstyle.md\/","logo":{"@type":"ImageObject","inLanguage":"ro-RO","@id":"https:\/\/xstyle.md\/#\/schema\/logo\/image\/","url":"https:\/\/xstyle.md\/wp-content\/uploads\/2020\/06\/logoicon.svg","contentUrl":"https:\/\/xstyle.md\/wp-content\/uploads\/2020\/06\/logoicon.svg","caption":"\u041c\u0430\u0433\u0430\u0437\u0438\u043d Xstyle"},"image":{"@id":"https:\/\/xstyle.md\/#\/schema\/logo\/image\/"},"sameAs":["https:\/\/www.facebook.com\/xstylemd","https:\/\/www.instagram.com\/xstyle_md\/","https:\/\/t.me\/xstyle_outdoor"],"hasMerchantReturnPolicy":{"@type":"MerchantReturnPolicy","merchantReturnLink":"https:\/\/xstyle.md\/ro\/conditions\/"}}]},"product_price_amount":"1890.00","product_price_currency":"MDL","og_availability":"out of stock","product_availability":"out of stock","product_retailer_item_id":"8445042026007","product_condition":"new"},"_links":{"self":[{"href":"https:\/\/xstyle.md\/ro\/wp-json\/wp\/v2\/product\/69673","targetHints":{"allow":["GET"]}}],"collection":[{"href":"https:\/\/xstyle.md\/ro\/wp-json\/wp\/v2\/product"}],"about":[{"href":"https:\/\/xstyle.md\/ro\/wp-json\/wp\/v2\/types\/product"}],"replies":[{"embeddable":true,"href":"https:\/\/xstyle.md\/ro\/wp-json\/wp\/v2\/comments?post=69673"}],"wp:featuredmedia":[{"embeddable":true,"href":"https:\/\/xstyle.md\/ro\/wp-json\/wp\/v2\/media\/70229"}],"wp:attachment":[{"href":"https:\/\/xstyle.md\/ro\/wp-json\/wp\/v2\/media?parent=69673"}],"wp:term":[{"taxonomy":"product_brand","embeddable":true,"href":"https:\/\/xstyle.md\/ro\/wp-json\/wp\/v2\/product_brand?post=69673"},{"taxonomy":"product_cat","embeddable":true,"href":"https:\/\/xstyle.md\/ro\/wp-json\/wp\/v2\/product_cat?post=69673"},{"taxonomy":"product_tag","embeddable":true,"href":"https:\/\/xstyle.md\/ro\/wp-json\/wp\/v2\/product_tag?post=69673"}],"curies":[{"name":"wp","href":"https:\/\/api.w.org\/{rel}","templated":true}]}}