{"id":69635,"date":"2023-06-08T12:30:14","date_gmt":"2023-06-08T09:30:14","guid":{"rendered":"https:\/\/xstyle.md\/?post_type=product&#038;p=69635"},"modified":"2025-10-02T19:02:57","modified_gmt":"2025-10-02T16:02:57","slug":"aptechka-lifesystems-pocket-first-aid-kit","status":"publish","type":"product","link":"https:\/\/xstyle.md\/ro\/produs\/aptechka-lifesystems-pocket-first-aid-kit\/","title":{"rendered":"Trus\u0103 medical\u0103 Lifesystems Pocket First Aid Kit"},"content":{"rendered":"<\/p>\n<p><strong>Lifesystems Pocket First Aid Kit<\/strong> &#8212; trus\u0103 de prim ajutor compact\u0103. Ideal\u0103 pentru drume\u021bii de weekend \u0219i excursii \u00een familie. Trusa de prim ajutor este bine echipat\u0103 pentru cele mai mici leziuni.<\/p>\n<h3>Particularit\u0103\u021bi<\/h3>\n<ul>\n<li>Acces u\u0219or la con\u021binut<\/li>\n<li>Fermoar impermeabil<\/li>\n<li>Bucla de pe partea din spate a trusei de prim ajutor v\u0103 permite s\u0103 o purta\u021bi la centur\u0103 sau \u00een afara rucsacului dvs.<\/li>\n<li>Con\u021bine 23 de articole<\/li>\n<\/ul>\n<h3>Setul include<\/h3>\n<ul>\n<li>Material de pansament<\/li>\n<li>Bandaj elastic<\/li>\n<li>Tencuieli<\/li>\n<li>Foarfeci \u0219i ace<\/li>\n<li>Crem\u0103 antiseptic\u0103<\/li>\n<li>\u0218erve\u021bele antiseptice<\/li>\n<li>Forceps<\/li>\n<\/ul>\n<h3>Caracteristici<\/h3>\n<ul>\n<li>Dimensiuni &#8212; 125 x 80 x 45 mm<\/li>\n<li>Greutate &#8212; 180 g<\/li>\n<\/ul>\n<p><\/p>","protected":false},"excerpt":{"rendered":"","protected":false},"featured_media":71269,"comment_status":"open","ping_status":"closed","template":"","meta":{"_acf_changed":false,"inline_featured_image":false},"product_brand":[1417],"product_cat":[333],"product_tag":[],"class_list":{"0":"post-69635","1":"product","2":"type-product","3":"status-publish","4":"has-post-thumbnail","6":"product_brand-lifesystems","7":"product_cat-first-aid","9":"first","10":"instock","11":"shipping-taxable","12":"purchasable","13":"product-type-simple"},"acf":[],"yoast_head":"<!-- This site is optimized with the Yoast SEO plugin v27.2 - https:\/\/yoast.com\/product\/yoast-seo-wordpress\/ -->\n<title>\u0410\u043f\u0442\u0435\u0447\u043a\u0430 Lifesystems Pocket First Aid Kit - \u041c\u0430\u0433\u0430\u0437\u0438\u043d Xstyle<\/title>\n<meta name=\"description\" content=\"\u041a\u043e\u043c\u043f\u0430\u043a\u0442\u043d\u0430\u044f \u0430\u043f\u0442\u0435\u0447\u043a\u0430 Lifesystems Pocket First Aid Kit \u043e\u0442\u043b\u0438\u0447\u043d\u043e \u043f\u043e\u0434\u0445\u043e\u0434\u0438\u0442 \u0434\u043b\u044f \u043f\u043e\u0445\u043e\u0434\u043e\u0432 \u0438 \u0441\u0435\u043c\u0435\u0439\u043d\u044b\u0445 \u0432\u044b\u0435\u0437\u0434\u043e\u0432. \u0417\u0430\u0449\u0438\u0442\u0430 \u0438 \u0443\u0434\u043e\u0431\u0441\u0442\u0432\u043e \u0432 \u043e\u0434\u043d\u043e\u0439 \u043d\u0430\u0434\u0435\u0436\u043d\u043e\u0439 \u0443\u043f\u0430\u043a\u043e\u0432\u043a\u0435!\" \/>\n<meta name=\"robots\" content=\"index, follow, max-snippet:-1, max-image-preview:large, max-video-preview:-1\" \/>\n<link rel=\"canonical\" href=\"https:\/\/xstyle.md\/ro\/produs\/aptechka-lifesystems-pocket-first-aid-kit\/\" \/>\n<meta property=\"og:locale\" content=\"ro_RO\" \/>\n<meta property=\"og:type\" content=\"article\" \/>\n<meta property=\"og:title\" content=\"\u0410\u043f\u0442\u0435\u0447\u043a\u0430 Lifesystems Pocket First Aid Kit - \u041c\u0430\u0433\u0430\u0437\u0438\u043d Xstyle\" \/>\n<meta property=\"og:description\" content=\"\u041a\u043e\u043c\u043f\u0430\u043a\u0442\u043d\u0430\u044f \u0430\u043f\u0442\u0435\u0447\u043a\u0430 Lifesystems Pocket First Aid Kit \u043e\u0442\u043b\u0438\u0447\u043d\u043e \u043f\u043e\u0434\u0445\u043e\u0434\u0438\u0442 \u0434\u043b\u044f \u043f\u043e\u0445\u043e\u0434\u043e\u0432 \u0438 \u0441\u0435\u043c\u0435\u0439\u043d\u044b\u0445 \u0432\u044b\u0435\u0437\u0434\u043e\u0432. \u0417\u0430\u0449\u0438\u0442\u0430 \u0438 \u0443\u0434\u043e\u0431\u0441\u0442\u0432\u043e \u0432 \u043e\u0434\u043d\u043e\u0439 \u043d\u0430\u0434\u0435\u0436\u043d\u043e\u0439 \u0443\u043f\u0430\u043a\u043e\u0432\u043a\u0435!\" \/>\n<meta property=\"og:url\" content=\"https:\/\/xstyle.md\/ro\/produs\/aptechka-lifesystems-pocket-first-aid-kit\/\" \/>\n<meta property=\"og:site_name\" content=\"\u041c\u0430\u0433\u0430\u0437\u0438\u043d Xstyle\" \/>\n<meta property=\"article:publisher\" content=\"https:\/\/www.facebook.com\/xstylemd\" \/>\n<meta property=\"article:modified_time\" content=\"2025-10-02T16:02:57+00:00\" \/>\n<meta property=\"og:image\" content=\"https:\/\/xstyle.md\/wp-content\/uploads\/2023\/06\/lifesystems-pocket-first-aid-kit.jpg\" \/>\n\t<meta property=\"og:image:width\" content=\"1029\" \/>\n\t<meta property=\"og:image:height\" content=\"981\" \/>\n\t<meta property=\"og:image:type\" content=\"image\/jpeg\" \/>\n<meta name=\"twitter:card\" content=\"summary_large_image\" \/>\n<meta name=\"twitter:label1\" content=\"Pre\u021b\" \/>\n\t<meta name=\"twitter:data1\" content=\"420&nbsp;MDL\" \/>\n\t<meta name=\"twitter:label2\" content=\"Disponibilitate\" \/>\n\t<meta name=\"twitter:data2\" content=\"\u00cen stoc\" \/>\n<script type=\"application\/ld+json\" class=\"yoast-schema-graph\">{\"@context\":\"https:\/\/schema.org\",\"@graph\":[{\"@type\":\"WebPage\",\"@id\":\"https:\/\/xstyle.md\/product\/aptechka-lifesystems-pocket-first-aid-kit\/\",\"url\":\"https:\/\/xstyle.md\/product\/aptechka-lifesystems-pocket-first-aid-kit\/\",\"name\":\"\u0410\u043f\u0442\u0435\u0447\u043a\u0430 Lifesystems Pocket First Aid Kit - \u041c\u0430\u0433\u0430\u0437\u0438\u043d Xstyle\",\"isPartOf\":{\"@id\":\"https:\/\/xstyle.md\/#website\"},\"primaryImageOfPage\":{\"@id\":\"https:\/\/xstyle.md\/product\/aptechka-lifesystems-pocket-first-aid-kit\/#primaryimage\"},\"image\":{\"@id\":\"https:\/\/xstyle.md\/product\/aptechka-lifesystems-pocket-first-aid-kit\/#primaryimage\"},\"thumbnailUrl\":\"https:\/\/xstyle.md\/wp-content\/uploads\/2023\/06\/lifesystems-pocket-first-aid-kit.jpg\",\"datePublished\":\"2023-06-08T09:30:14+00:00\",\"dateModified\":\"2025-10-02T16:02:57+00:00\",\"description\":\"\u041a\u043e\u043c\u043f\u0430\u043a\u0442\u043d\u0430\u044f \u0430\u043f\u0442\u0435\u0447\u043a\u0430 Lifesystems Pocket First Aid Kit \u043e\u0442\u043b\u0438\u0447\u043d\u043e \u043f\u043e\u0434\u0445\u043e\u0434\u0438\u0442 \u0434\u043b\u044f \u043f\u043e\u0445\u043e\u0434\u043e\u0432 \u0438 \u0441\u0435\u043c\u0435\u0439\u043d\u044b\u0445 \u0432\u044b\u0435\u0437\u0434\u043e\u0432. \u0417\u0430\u0449\u0438\u0442\u0430 \u0438 \u0443\u0434\u043e\u0431\u0441\u0442\u0432\u043e \u0432 \u043e\u0434\u043d\u043e\u0439 \u043d\u0430\u0434\u0435\u0436\u043d\u043e\u0439 \u0443\u043f\u0430\u043a\u043e\u0432\u043a\u0435!\",\"breadcrumb\":{\"@id\":\"https:\/\/xstyle.md\/product\/aptechka-lifesystems-pocket-first-aid-kit\/#breadcrumb\"},\"inLanguage\":\"ro-RO\",\"potentialAction\":[{\"@type\":\"ReadAction\",\"target\":[\"https:\/\/xstyle.md\/product\/aptechka-lifesystems-pocket-first-aid-kit\/\"]}]},{\"@type\":\"ImageObject\",\"inLanguage\":\"ro-RO\",\"@id\":\"https:\/\/xstyle.md\/product\/aptechka-lifesystems-pocket-first-aid-kit\/#primaryimage\",\"url\":\"https:\/\/xstyle.md\/wp-content\/uploads\/2023\/06\/lifesystems-pocket-first-aid-kit.jpg\",\"contentUrl\":\"https:\/\/xstyle.md\/wp-content\/uploads\/2023\/06\/lifesystems-pocket-first-aid-kit.jpg\",\"width\":1029,\"height\":981,\"caption\":\"\u041a\u043e\u043c\u043f\u043b\u0435\u043a\u0442 \u043f\u0435\u0440\u0432\u043e\u0439 \u043f\u043e\u043c\u043e\u0449\u0438 Lifesystems \u0434\u043b\u044f \u0430\u043a\u0442\u0438\u0432\u043d\u043e\u0433\u043e \u043e\u0442\u0434\u044b\u0445\u0430 \u0438 \u043f\u0443\u0442\u0435\u0448\u0435\u0441\u0442\u0432\u0438\u0439 \u0441 \u043c\u0435\u0434\u0438\u0446\u0438\u043d\u0441\u043a\u0438\u043c\u0438 \u0440\u0430\u0441\u0445\u043e\u0434\u043d\u044b\u043c\u0438 \u043c\u0430\u0442\u0435\u0440\u0438\u0430\u043b\u0430\u043c\u0438 \u2014 \u0438\u0434\u0435\u0430\u043b\u044c\u043d\u044b\u0439 \u0434\u043b\u044f \u043f\u043e\u0445\u043e\u0434\u043e\u0432, \u0430\u043b\u044c\u043f\u0438\u043d\u0438\u0437\u043c\u0430, \u0442\u0443\u0440\u0438\u0441\u0442\u0438\u0447\u0435\u0441\u043a\u0438\u0445 \u043f\u0440\u0438\u043a\u043b\u044e\u0447\u0435\u043d\u0438\u0439 \u0438 \u0441\u043f\u043e\u0440\u0442\u0430 \u043d\u0430 \u0441\u0432\u0435\u0436\u0435\u043c \u0432\u043e\u0437\u0434\u0443\u0445\u0435\"},{\"@type\":\"BreadcrumbList\",\"@id\":\"https:\/\/xstyle.md\/product\/aptechka-lifesystems-pocket-first-aid-kit\/#breadcrumb\",\"itemListElement\":[{\"@type\":\"ListItem\",\"position\":1,\"name\":\"\u0413\u043b\u0430\u0432\u043d\u0430\u044f \u0441\u0442\u0440\u0430\u043d\u0438\u0446\u0430\",\"item\":\"https:\/\/xstyle.md\/\"},{\"@type\":\"ListItem\",\"position\":2,\"name\":\"\u041c\u0430\u0433\u0430\u0437\u0438\u043d\",\"item\":\"https:\/\/xstyle.md\/shop\/\"},{\"@type\":\"ListItem\",\"position\":3,\"name\":\"\u0410\u043f\u0442\u0435\u0447\u043a\u0430 Lifesystems Pocket First Aid Kit\"}]},{\"@type\":\"WebSite\",\"@id\":\"https:\/\/xstyle.md\/#website\",\"url\":\"https:\/\/xstyle.md\/\",\"name\":\"\u041c\u0430\u0433\u0430\u0437\u0438\u043d Xstyle\",\"description\":\"C\u043d\u0430\u0440\u044f\u0436\u0435\u043d\u0438\u0435 \u0434\u043b\u044f \u0442\u0443\u0440\u0438\u0437\u043c\u0430 \u0438 \u044d\u043a\u0441\u0442\u0440\u0435\u043c\u0430\u043b\u044c\u043d\u044b\u0445 \u0432\u0438\u0434\u043e\u0432 \u0441\u043f\u043e\u0440\u0442\u0430 \u0432 \u041c\u043e\u043b\u0434\u043e\u0432\u0435.. \u0426\u0435\u043d\u044b, \u0444\u043e\u0442\u043e, \u0445\u0430\u0440\u0430\u043a\u0442\u0435\u0440\u0438\u0441\u0442\u0438\u043a\u0438 \u0432 \u041c\u043e\u043b\u0434\u043e\u0432\u0435.\",\"publisher\":{\"@id\":\"https:\/\/xstyle.md\/#organization\"},\"alternateName\":\"X-Style\",\"potentialAction\":[{\"@type\":\"SearchAction\",\"target\":{\"@type\":\"EntryPoint\",\"urlTemplate\":\"https:\/\/xstyle.md\/?s={search_term_string}\"},\"query-input\":{\"@type\":\"PropertyValueSpecification\",\"valueRequired\":true,\"valueName\":\"search_term_string\"}}],\"inLanguage\":\"ro-RO\"},{\"@type\":\"Organization\",\"@id\":\"https:\/\/xstyle.md\/#organization\",\"name\":\"\u041c\u0430\u0433\u0430\u0437\u0438\u043d Xstyle\",\"alternateName\":\"x-style\",\"url\":\"https:\/\/xstyle.md\/\",\"logo\":{\"@type\":\"ImageObject\",\"inLanguage\":\"ro-RO\",\"@id\":\"https:\/\/xstyle.md\/#\/schema\/logo\/image\/\",\"url\":\"https:\/\/xstyle.md\/wp-content\/uploads\/2020\/06\/logoicon.svg\",\"contentUrl\":\"https:\/\/xstyle.md\/wp-content\/uploads\/2020\/06\/logoicon.svg\",\"caption\":\"\u041c\u0430\u0433\u0430\u0437\u0438\u043d Xstyle\"},\"image\":{\"@id\":\"https:\/\/xstyle.md\/#\/schema\/logo\/image\/\"},\"sameAs\":[\"https:\/\/www.facebook.com\/xstylemd\",\"https:\/\/www.instagram.com\/xstyle_md\/\",\"https:\/\/t.me\/xstyle_outdoor\"],\"hasMerchantReturnPolicy\":{\"@type\":\"MerchantReturnPolicy\",\"merchantReturnLink\":\"https:\/\/xstyle.md\/ro\/conditions\/\"}}]}<\/script>\n<meta property=\"product:price:amount\" content=\"420.00\" \/>\n<meta property=\"product:price:currency\" content=\"MDL\" \/>\n<meta property=\"og:availability\" content=\"instock\" \/>\n<meta property=\"product:availability\" content=\"instock\" \/>\n<meta property=\"product:retailer_item_id\" content=\"5031863001045\" \/>\n<meta property=\"product:condition\" content=\"new\" \/>\n<!-- \/ Yoast SEO plugin. -->","yoast_head_json":{"title":"Trus\u0103 prim ajutor Lifesystems Pocket First Aid Kit - Magazin Xstyle","description":"Aplica\u021bia compact\u0103 Lifesystems Pocket First Aid Kit este perfect\u0103 pentru drume\u021bii \u0219i ie\u0219iri \u00een familie. Protec\u021bie \u0219i confort \u00eentr-un ambalaj de \u00eencredere!","robots":{"index":"index","follow":"follow","max-snippet":"max-snippet:-1","max-image-preview":"max-image-preview:large","max-video-preview":"max-video-preview:-1"},"canonical":"https:\/\/xstyle.md\/ro\/produs\/aptechka-lifesystems-pocket-first-aid-kit\/","og_locale":"ro_RO","og_type":"article","og_title":"\u0410\u043f\u0442\u0435\u0447\u043a\u0430 Lifesystems Pocket First Aid Kit - \u041c\u0430\u0433\u0430\u0437\u0438\u043d Xstyle","og_description":"\u041a\u043e\u043c\u043f\u0430\u043a\u0442\u043d\u0430\u044f \u0430\u043f\u0442\u0435\u0447\u043a\u0430 Lifesystems Pocket First Aid Kit \u043e\u0442\u043b\u0438\u0447\u043d\u043e \u043f\u043e\u0434\u0445\u043e\u0434\u0438\u0442 \u0434\u043b\u044f \u043f\u043e\u0445\u043e\u0434\u043e\u0432 \u0438 \u0441\u0435\u043c\u0435\u0439\u043d\u044b\u0445 \u0432\u044b\u0435\u0437\u0434\u043e\u0432. \u0417\u0430\u0449\u0438\u0442\u0430 \u0438 \u0443\u0434\u043e\u0431\u0441\u0442\u0432\u043e \u0432 \u043e\u0434\u043d\u043e\u0439 \u043d\u0430\u0434\u0435\u0436\u043d\u043e\u0439 \u0443\u043f\u0430\u043a\u043e\u0432\u043a\u0435!","og_url":"https:\/\/xstyle.md\/ro\/produs\/aptechka-lifesystems-pocket-first-aid-kit\/","og_site_name":"\u041c\u0430\u0433\u0430\u0437\u0438\u043d Xstyle","article_publisher":"https:\/\/www.facebook.com\/xstylemd","article_modified_time":"2025-10-02T16:02:57+00:00","og_image":[{"width":1029,"height":981,"url":"https:\/\/xstyle.md\/wp-content\/uploads\/2023\/06\/lifesystems-pocket-first-aid-kit.jpg","type":"image\/jpeg"}],"twitter_card":"summary_large_image","twitter_misc":{"Pre\u021b":"420&nbsp;MDL","Disponibilitate":"\u00cen stoc"},"schema":{"@context":"https:\/\/schema.org","@graph":[{"@type":"WebPage","@id":"https:\/\/xstyle.md\/product\/aptechka-lifesystems-pocket-first-aid-kit\/","url":"https:\/\/xstyle.md\/product\/aptechka-lifesystems-pocket-first-aid-kit\/","name":"Trus\u0103 prim ajutor Lifesystems Pocket First Aid Kit - Magazin Xstyle","isPartOf":{"@id":"https:\/\/xstyle.md\/#website"},"primaryImageOfPage":{"@id":"https:\/\/xstyle.md\/product\/aptechka-lifesystems-pocket-first-aid-kit\/#primaryimage"},"image":{"@id":"https:\/\/xstyle.md\/product\/aptechka-lifesystems-pocket-first-aid-kit\/#primaryimage"},"thumbnailUrl":"https:\/\/xstyle.md\/wp-content\/uploads\/2023\/06\/lifesystems-pocket-first-aid-kit.jpg","datePublished":"2023-06-08T09:30:14+00:00","dateModified":"2025-10-02T16:02:57+00:00","description":"Aplica\u021bia compact\u0103 Lifesystems Pocket First Aid Kit este perfect\u0103 pentru drume\u021bii \u0219i ie\u0219iri \u00een familie. Protec\u021bie \u0219i confort \u00eentr-un ambalaj de \u00eencredere!","breadcrumb":{"@id":"https:\/\/xstyle.md\/product\/aptechka-lifesystems-pocket-first-aid-kit\/#breadcrumb"},"inLanguage":"ro-RO","potentialAction":[{"@type":"ReadAction","target":["https:\/\/xstyle.md\/product\/aptechka-lifesystems-pocket-first-aid-kit\/"]}]},{"@type":"ImageObject","inLanguage":"ro-RO","@id":"https:\/\/xstyle.md\/product\/aptechka-lifesystems-pocket-first-aid-kit\/#primaryimage","url":"https:\/\/xstyle.md\/wp-content\/uploads\/2023\/06\/lifesystems-pocket-first-aid-kit.jpg","contentUrl":"https:\/\/xstyle.md\/wp-content\/uploads\/2023\/06\/lifesystems-pocket-first-aid-kit.jpg","width":1029,"height":981,"caption":"\u041a\u043e\u043c\u043f\u043b\u0435\u043a\u0442 \u043f\u0435\u0440\u0432\u043e\u0439 \u043f\u043e\u043c\u043e\u0449\u0438 Lifesystems \u0434\u043b\u044f \u0430\u043a\u0442\u0438\u0432\u043d\u043e\u0433\u043e \u043e\u0442\u0434\u044b\u0445\u0430 \u0438 \u043f\u0443\u0442\u0435\u0448\u0435\u0441\u0442\u0432\u0438\u0439 \u0441 \u043c\u0435\u0434\u0438\u0446\u0438\u043d\u0441\u043a\u0438\u043c\u0438 \u0440\u0430\u0441\u0445\u043e\u0434\u043d\u044b\u043c\u0438 \u043c\u0430\u0442\u0435\u0440\u0438\u0430\u043b\u0430\u043c\u0438 \u2014 \u0438\u0434\u0435\u0430\u043b\u044c\u043d\u044b\u0439 \u0434\u043b\u044f \u043f\u043e\u0445\u043e\u0434\u043e\u0432, \u0430\u043b\u044c\u043f\u0438\u043d\u0438\u0437\u043c\u0430, \u0442\u0443\u0440\u0438\u0441\u0442\u0438\u0447\u0435\u0441\u043a\u0438\u0445 \u043f\u0440\u0438\u043a\u043b\u044e\u0447\u0435\u043d\u0438\u0439 \u0438 \u0441\u043f\u043e\u0440\u0442\u0430 \u043d\u0430 \u0441\u0432\u0435\u0436\u0435\u043c \u0432\u043e\u0437\u0434\u0443\u0445\u0435"},{"@type":"BreadcrumbList","@id":"https:\/\/xstyle.md\/product\/aptechka-lifesystems-pocket-first-aid-kit\/#breadcrumb","itemListElement":[{"@type":"ListItem","position":1,"name":"\u0413\u043b\u0430\u0432\u043d\u0430\u044f \u0441\u0442\u0440\u0430\u043d\u0438\u0446\u0430","item":"https:\/\/xstyle.md\/"},{"@type":"ListItem","position":2,"name":"\u041c\u0430\u0433\u0430\u0437\u0438\u043d","item":"https:\/\/xstyle.md\/shop\/"},{"@type":"ListItem","position":3,"name":"\u0410\u043f\u0442\u0435\u0447\u043a\u0430 Lifesystems Pocket First Aid Kit"}]},{"@type":"WebSite","@id":"https:\/\/xstyle.md\/#website","url":"https:\/\/xstyle.md\/","name":"Magazinul X-Style","description":"Echipamente pentru turism \u0219i sporturi extreme \u00een Moldova. Pre\u021buri, fotografii, caracteristici \u00een Moldova.","publisher":{"@id":"https:\/\/xstyle.md\/#organization"},"alternateName":"X-Style","potentialAction":[{"@type":"SearchAction","target":{"@type":"EntryPoint","urlTemplate":"https:\/\/xstyle.md\/?s={search_term_string}"},"query-input":{"@type":"PropertyValueSpecification","valueRequired":true,"valueName":"search_term_string"}}],"inLanguage":"ro-RO"},{"@type":"Organization","@id":"https:\/\/xstyle.md\/#organization","name":"Magazinul X-Style","alternateName":"x-style","url":"https:\/\/xstyle.md\/","logo":{"@type":"ImageObject","inLanguage":"ro-RO","@id":"https:\/\/xstyle.md\/#\/schema\/logo\/image\/","url":"https:\/\/xstyle.md\/wp-content\/uploads\/2020\/06\/logoicon.svg","contentUrl":"https:\/\/xstyle.md\/wp-content\/uploads\/2020\/06\/logoicon.svg","caption":"\u041c\u0430\u0433\u0430\u0437\u0438\u043d Xstyle"},"image":{"@id":"https:\/\/xstyle.md\/#\/schema\/logo\/image\/"},"sameAs":["https:\/\/www.facebook.com\/xstylemd","https:\/\/www.instagram.com\/xstyle_md\/","https:\/\/t.me\/xstyle_outdoor"],"hasMerchantReturnPolicy":{"@type":"MerchantReturnPolicy","merchantReturnLink":"https:\/\/xstyle.md\/ro\/conditions\/"}}]},"product_price_amount":"420.00","product_price_currency":"MDL","og_availability":"instock","product_availability":"instock","product_retailer_item_id":"5031863001045","product_condition":"new"},"post_mailing_queue_ids":[],"_links":{"self":[{"href":"https:\/\/xstyle.md\/ro\/wp-json\/wp\/v2\/product\/69635","targetHints":{"allow":["GET"]}}],"collection":[{"href":"https:\/\/xstyle.md\/ro\/wp-json\/wp\/v2\/product"}],"about":[{"href":"https:\/\/xstyle.md\/ro\/wp-json\/wp\/v2\/types\/product"}],"replies":[{"embeddable":true,"href":"https:\/\/xstyle.md\/ro\/wp-json\/wp\/v2\/comments?post=69635"}],"wp:featuredmedia":[{"embeddable":true,"href":"https:\/\/xstyle.md\/ro\/wp-json\/wp\/v2\/media\/71269"}],"wp:attachment":[{"href":"https:\/\/xstyle.md\/ro\/wp-json\/wp\/v2\/media?parent=69635"}],"wp:term":[{"taxonomy":"product_brand","embeddable":true,"href":"https:\/\/xstyle.md\/ro\/wp-json\/wp\/v2\/product_brand?post=69635"},{"taxonomy":"product_cat","embeddable":true,"href":"https:\/\/xstyle.md\/ro\/wp-json\/wp\/v2\/product_cat?post=69635"},{"taxonomy":"product_tag","embeddable":true,"href":"https:\/\/xstyle.md\/ro\/wp-json\/wp\/v2\/product_tag?post=69635"}],"curies":[{"name":"wp","href":"https:\/\/api.w.org\/{rel}","templated":true}]}}