{"id":69616,"date":"2023-06-08T12:30:11","date_gmt":"2023-06-08T09:30:11","guid":{"rendered":"https:\/\/xstyle.md\/?post_type=product&#038;p=69616"},"modified":"2026-03-19T17:13:45","modified_gmt":"2026-03-19T14:13:45","slug":"botinki-asolo-falcon-evo-lth-gv-dark-brown","status":"publish","type":"product","link":"https:\/\/xstyle.md\/ro\/produs\/botinki-asolo-falcon-evo-lth-gv-dark-brown\/","title":{"rendered":"Bocanci Asolo Falcon Evo Lth GV dark brown"},"content":{"rendered":"<\/p>\n<p><strong>Asolo Falcon Evo Lth GV<\/strong> &#8212; bocanci sunt concepute pentru drume\u021bii \u0219i plimb\u0103ri pe trasee bine preg\u0103tite \u0219i b\u0103t\u0103torite. Sunt cele mai potrivite pentru drume\u021bii de o zi \u00een mun\u021bi sau drume\u021bii necomplicate de 2-3 zile pe teren u\u0219or. Partea superioar\u0103 din piele de c\u0103prioar\u0103 natural\u0103 combin\u0103 \u00een mod optim greutatea redus\u0103 \u0219i rezisten\u021ba bun\u0103 la uzur\u0103. Talpa flexibil\u0103 Asolo\/Vibram\u00ae Redster v\u0103 va men\u021bine confortul \u00een timpul plimb\u0103rilor lungi.<\/p>\n<h3>Particularit\u0103\u021bi<\/h3>\n<ul>\n<li>Partea superioar\u0103 din piele de c\u0103prioar\u0103 natural\u0103 groas\u0103 de 1,6-1,8 mm cu impregnare care elimin\u0103 umezeala<\/li>\n<li>Membrana GORE-TEX\u00ae Extented Comfort protejeaz\u0103 eficient \u00eempotriva umezelii \u0219i este bine ventilat\u0103 \u00een vreme moderat\u0103 p\u00e2n\u0103 la cald\u0103.<\/li>\n<li>Talpa Redster este o colaborare \u00eentre Asolo \u0219i Vibram &#8212; o talp\u0103 intermediar\u0103 EVA turnat\u0103 cu densitate dubl\u0103 ofer\u0103 stabilitate, confort \u0219i amortizare, \u00een timp ce stratul exterior Vibram\u00ae<\/li>\n<li>Megagrip ofer\u0103 trac\u021biune excelent\u0103 pe o varietate de suprafe\u021be.<\/li>\n<li>Canalele de autocur\u0103\u021bare ale benzii de rulare \u00eempiedic\u0103 murd\u0103ria s\u0103 r\u0103m\u00e2n\u0103 pe talpa exterioar\u0103<\/li>\n<li>Talp\u0103 anatomic\u0103 Lite 2 Plus<\/li>\n<\/ul>\n<h3>Caracteristici<\/h3>\n<ul>\n<li>Material superior &#8212; piele de c\u0103prioar\u0103 impermeabil\u0103 cu impregnare rezistent\u0103 la ap\u0103 + Cordura<\/li>\n<li>Membrane - GORE-TEX\u00ae Extended Comfort<\/li>\n<li>Talp\u0103 &#8212; Vibram\u00ae Megagrip, talp\u0103 Redster<\/li>\n<li>Talp\u0103 interioar\u0103 anatomic\u0103 &#8212; Lite 2 Plus<\/li>\n<li>Scop &#8212; drume\u021bie, trekking<\/li>\n<li>Anotimp &#8212; demi-sezon<\/li>\n<li>Greutate - 480 g<\/li>\n<\/ul>\n<h3>Tehnologie<\/h3>\n<ul>\n<li><strong>Megagrip<\/strong> &#8212; tehnologie \u00een care designul urmeaz\u0103 forma anatomic\u0103 a c\u0103lc\u00e2iului. Datorit\u0103 structurii sale \u00een form\u0103 de T, ofer\u0103 fixare \u0219i sus\u021binere excelent\u0103 pentru c\u0103lc\u00e2i. Fabricat din inser\u021bii de poliuretan pentru a preveni abraziunea.<\/li>\n<li><strong>Gore-Tex\u00ae Extended Comfort<\/strong> &#8212; membran\u0103 care ofer\u0103 protec\u021bie impermeabil\u0103 \u0219i respirabilitate excelent\u0103 pe vreme moderat\u0103 p\u00e2n\u0103 la cald\u0103 \u0219i la niveluri ridicate de activitate. Ideal\u0103 atunci c\u00e2nd dori\u021bi s\u0103 minimiza\u021bi reten\u021bia c\u0103ldurii \u00een interiorul cizmei.<\/li>\n<li><strong>Vibram\u00ae<\/strong> &#8212; talp\u0103 cu design nou. Un strat de EVA turnat ofer\u0103 suport optim \u0219i confort. Inser\u021bia din poliuretan \u00een zona c\u0103lc\u00e2iului \u00eembun\u0103t\u0103\u021be\u0219te amortizarea. Strat exterior &#8212; Vibram Megagrip &#8212; noul cauciuc, mai v\u00e2scos, are trac\u021biune optim\u0103 chiar \u0219i pe suprafe\u021be umede \u0219i este extrem de rezistent la uzur\u0103.<\/li>\n<\/ul>\n<h3>Marca<\/h3>\n<p>ASOLO este una dintre cele mai mari companii produc\u0103toare de pantofi de trekking, de mare altitudine, de ora\u0219 \u0219i multisport. Compania italian\u0103 ASOLO exist\u0103 din 1975 \u0219i de la na\u0219terea sa nu a \u00eencetat niciodat\u0103 s\u0103 uimeasc\u0103 lumea industriei sportive cu dezvolt\u0103rile sale inovatoare.<\/p>\n<p>ASOLO \u00eentruchipeaz\u0103 \u00een \u00eenc\u0103l\u021b\u0103minte cele mai recente realiz\u0103ri ale tehnologiei moderne \u0219i cele mai moderne materiale, \u00een fiecare an f\u0103c\u00e2nd-o din ce \u00een ce mai perfect\u0103. C\u0103lduroase, u\u0219oare, confortabile \u0219i fiabile, \u00eenc\u0103l\u021b\u0103mintea ASOLO folose\u0219te t\u0103lpi VIBRAM. Acestea au o stabilitate uimitoare pe teren \u0219i previn alunecarea pe cele mai abrupte cobor\u00e2ri.<\/p>\n<p>Croiala bun\u0103 \u0219i performan\u021ba sunt punctele forte ale ASOLO.<\/p>\n<p><\/p>","protected":false},"excerpt":{"rendered":"","protected":false},"featured_media":69835,"comment_status":"open","ping_status":"closed","template":"","meta":{"_acf_changed":false,"inline_featured_image":false},"product_brand":[1277],"product_cat":[143],"product_tag":[],"class_list":{"0":"post-69616","1":"product","2":"type-product","3":"status-publish","4":"has-post-thumbnail","6":"product_brand-asolo","7":"product_cat-trekking","9":"first","10":"instock","11":"shipping-taxable","12":"purchasable","13":"product-type-simple"},"acf":[],"yoast_head":"<!-- This site is optimized with the Yoast SEO plugin v27.4 - https:\/\/yoast.com\/product\/yoast-seo-wordpress\/ -->\n<title>\u0411\u043e\u0442\u0438\u043d\u043a\u0438 Asolo Falcon Evo Lth GV dark brown - \u041c\u0430\u0433\u0430\u0437\u0438\u043d Xstyle<\/title>\n<meta name=\"description\" content=\"\u041a\u0443\u043f\u0438\u0442\u0435 \u0431\u043e\u0442\u0438\u043d\u043a\u0438 Asolo Falcon Evo Lth GV \u0442\u0435\u043c\u043d\u043e-\u043a\u043e\u0440\u0438\u0447\u043d\u0435\u0432\u043e\u0433\u043e \u0446\u0432\u0435\u0442\u0430. \u0418\u0434\u0435\u0430\u043b\u044c\u043d\u044b \u0434\u043b\u044f \u0442\u0443\u0440\u0438\u0441\u0442\u0438\u0447\u0435\u0441\u043a\u0438\u0445 \u043f\u043e\u0445\u043e\u0434\u043e\u0432, \u0431\u043b\u0430\u0433\u043e\u0434\u0430\u0440\u044f GORETEX \u0438 Vibram Megagrip \u0434\u043b\u044f \u043a\u043e\u043c\u0444\u043e\u0440\u0442\u0430.\" \/>\n<meta name=\"robots\" content=\"index, follow, max-snippet:-1, max-image-preview:large, max-video-preview:-1\" \/>\n<link rel=\"canonical\" href=\"https:\/\/xstyle.md\/ro\/produs\/botinki-asolo-falcon-evo-lth-gv-dark-brown\/\" \/>\n<meta property=\"og:locale\" content=\"ro_RO\" \/>\n<meta property=\"og:type\" content=\"article\" \/>\n<meta property=\"og:title\" content=\"\u0411\u043e\u0442\u0438\u043d\u043a\u0438 Asolo Falcon Evo Lth GV dark brown - \u041c\u0430\u0433\u0430\u0437\u0438\u043d Xstyle\" \/>\n<meta property=\"og:description\" content=\"\u041a\u0443\u043f\u0438\u0442\u0435 \u0431\u043e\u0442\u0438\u043d\u043a\u0438 Asolo Falcon Evo Lth GV \u0442\u0435\u043c\u043d\u043e-\u043a\u043e\u0440\u0438\u0447\u043d\u0435\u0432\u043e\u0433\u043e \u0446\u0432\u0435\u0442\u0430. \u0418\u0434\u0435\u0430\u043b\u044c\u043d\u044b \u0434\u043b\u044f \u0442\u0443\u0440\u0438\u0441\u0442\u0438\u0447\u0435\u0441\u043a\u0438\u0445 \u043f\u043e\u0445\u043e\u0434\u043e\u0432, \u0431\u043b\u0430\u0433\u043e\u0434\u0430\u0440\u044f GORETEX \u0438 Vibram Megagrip \u0434\u043b\u044f \u043a\u043e\u043c\u0444\u043e\u0440\u0442\u0430.\" \/>\n<meta property=\"og:url\" content=\"https:\/\/xstyle.md\/ro\/produs\/botinki-asolo-falcon-evo-lth-gv-dark-brown\/\" \/>\n<meta property=\"og:site_name\" content=\"\u041c\u0430\u0433\u0430\u0437\u0438\u043d Xstyle\" \/>\n<meta property=\"article:publisher\" content=\"https:\/\/www.facebook.com\/xstylemd\" \/>\n<meta property=\"article:modified_time\" content=\"2026-03-19T14:13:45+00:00\" \/>\n<meta property=\"og:image\" content=\"https:\/\/xstyle.md\/wp-content\/uploads\/2023\/06\/asolo-falcon-evo-lth-gv-dark-brown.jpg\" \/>\n\t<meta property=\"og:image:width\" content=\"2028\" \/>\n\t<meta property=\"og:image:height\" content=\"1794\" \/>\n\t<meta property=\"og:image:type\" content=\"image\/jpeg\" \/>\n<meta name=\"twitter:card\" content=\"summary_large_image\" \/>\n<meta name=\"twitter:label1\" content=\"Pre\u021b\" \/>\n\t<meta name=\"twitter:data1\" content=\"4.990&nbsp;MDL\" \/>\n\t<meta name=\"twitter:label2\" content=\"Disponibilitate\" \/>\n\t<meta name=\"twitter:data2\" content=\"\u00cen stoc\" \/>\n<script type=\"application\/ld+json\" class=\"yoast-schema-graph\">{\"@context\":\"https:\\\/\\\/schema.org\",\"@graph\":[{\"@type\":\"WebPage\",\"@id\":\"https:\\\/\\\/xstyle.md\\\/product\\\/botinki-asolo-falcon-evo-lth-gv-dark-brown\\\/\",\"url\":\"https:\\\/\\\/xstyle.md\\\/product\\\/botinki-asolo-falcon-evo-lth-gv-dark-brown\\\/\",\"name\":\"\u0411\u043e\u0442\u0438\u043d\u043a\u0438 Asolo Falcon Evo Lth GV dark brown - \u041c\u0430\u0433\u0430\u0437\u0438\u043d Xstyle\",\"isPartOf\":{\"@id\":\"https:\\\/\\\/xstyle.md\\\/#website\"},\"primaryImageOfPage\":{\"@id\":\"https:\\\/\\\/xstyle.md\\\/product\\\/botinki-asolo-falcon-evo-lth-gv-dark-brown\\\/#primaryimage\"},\"image\":{\"@id\":\"https:\\\/\\\/xstyle.md\\\/product\\\/botinki-asolo-falcon-evo-lth-gv-dark-brown\\\/#primaryimage\"},\"thumbnailUrl\":\"https:\\\/\\\/xstyle.md\\\/wp-content\\\/uploads\\\/2023\\\/06\\\/asolo-falcon-evo-lth-gv-dark-brown.jpg\",\"datePublished\":\"2023-06-08T09:30:11+00:00\",\"dateModified\":\"2026-03-19T14:13:45+00:00\",\"description\":\"\u041a\u0443\u043f\u0438\u0442\u0435 \u0431\u043e\u0442\u0438\u043d\u043a\u0438 Asolo Falcon Evo Lth GV \u0442\u0435\u043c\u043d\u043e-\u043a\u043e\u0440\u0438\u0447\u043d\u0435\u0432\u043e\u0433\u043e \u0446\u0432\u0435\u0442\u0430. \u0418\u0434\u0435\u0430\u043b\u044c\u043d\u044b \u0434\u043b\u044f \u0442\u0443\u0440\u0438\u0441\u0442\u0438\u0447\u0435\u0441\u043a\u0438\u0445 \u043f\u043e\u0445\u043e\u0434\u043e\u0432, \u0431\u043b\u0430\u0433\u043e\u0434\u0430\u0440\u044f GORETEX \u0438 Vibram Megagrip \u0434\u043b\u044f \u043a\u043e\u043c\u0444\u043e\u0440\u0442\u0430.\",\"breadcrumb\":{\"@id\":\"https:\\\/\\\/xstyle.md\\\/product\\\/botinki-asolo-falcon-evo-lth-gv-dark-brown\\\/#breadcrumb\"},\"inLanguage\":\"ro-RO\",\"potentialAction\":[{\"@type\":\"ReadAction\",\"target\":[\"https:\\\/\\\/xstyle.md\\\/product\\\/botinki-asolo-falcon-evo-lth-gv-dark-brown\\\/\"]}]},{\"@type\":\"ImageObject\",\"inLanguage\":\"ro-RO\",\"@id\":\"https:\\\/\\\/xstyle.md\\\/product\\\/botinki-asolo-falcon-evo-lth-gv-dark-brown\\\/#primaryimage\",\"url\":\"https:\\\/\\\/xstyle.md\\\/wp-content\\\/uploads\\\/2023\\\/06\\\/asolo-falcon-evo-lth-gv-dark-brown.jpg\",\"contentUrl\":\"https:\\\/\\\/xstyle.md\\\/wp-content\\\/uploads\\\/2023\\\/06\\\/asolo-falcon-evo-lth-gv-dark-brown.jpg\",\"width\":1920,\"height\":1698,\"caption\":\"\u0411\u043e\u0442\u0438\u043d\u043a\u0438 Asolo Falcon Evo Lth GV \u0442\u0435\u043c\u043d\u043e-\u043a\u043e\u0440\u0438\u0447\u043d\u0435\u0432\u044b\u0435 \u0434\u043b\u044f \u0430\u043a\u0442\u0438\u0432\u043d\u043e\u0433\u043e \u043e\u0442\u0434\u044b\u0445\u0430, \u0442\u0443\u0440\u0438\u0437\u043c\u0430, \u0445\u0430\u0439\u043a\u0438\u043d\u0433\u0430 \u0438 \u0430\u043b\u044c\u043f\u0438\u043d\u0438\u0437\u043c\u0430 \u0432 \u0438\u043d\u0442\u0435\u0440\u043d\u0435\u0442 \u043c\u0430\u0433\u0430\u0437\u0438\u043d\u0435 \u0434\u043b\u044f \u0430\u043a\u0442\u0438\u0432\u043d\u043e\u0439 \u0436\u0438\u0437\u043d\u0438\"},{\"@type\":\"BreadcrumbList\",\"@id\":\"https:\\\/\\\/xstyle.md\\\/product\\\/botinki-asolo-falcon-evo-lth-gv-dark-brown\\\/#breadcrumb\",\"itemListElement\":[{\"@type\":\"ListItem\",\"position\":1,\"name\":\"\u0413\u043b\u0430\u0432\u043d\u0430\u044f \u0441\u0442\u0440\u0430\u043d\u0438\u0446\u0430\",\"item\":\"https:\\\/\\\/xstyle.md\\\/\"},{\"@type\":\"ListItem\",\"position\":2,\"name\":\"\u041c\u0430\u0433\u0430\u0437\u0438\u043d\",\"item\":\"https:\\\/\\\/xstyle.md\\\/shop\\\/\"},{\"@type\":\"ListItem\",\"position\":3,\"name\":\"\u0411\u043e\u0442\u0438\u043d\u043a\u0438 Asolo Falcon Evo Lth GV dark brown\"}]},{\"@type\":\"WebSite\",\"@id\":\"https:\\\/\\\/xstyle.md\\\/#website\",\"url\":\"https:\\\/\\\/xstyle.md\\\/\",\"name\":\"\u041c\u0430\u0433\u0430\u0437\u0438\u043d Xstyle\",\"description\":\"C\u043d\u0430\u0440\u044f\u0436\u0435\u043d\u0438\u0435 \u0434\u043b\u044f \u0442\u0443\u0440\u0438\u0437\u043c\u0430 \u0438 \u044d\u043a\u0441\u0442\u0440\u0435\u043c\u0430\u043b\u044c\u043d\u044b\u0445 \u0432\u0438\u0434\u043e\u0432 \u0441\u043f\u043e\u0440\u0442\u0430 \u0432 \u041c\u043e\u043b\u0434\u043e\u0432\u0435.. \u0426\u0435\u043d\u044b, \u0444\u043e\u0442\u043e, \u0445\u0430\u0440\u0430\u043a\u0442\u0435\u0440\u0438\u0441\u0442\u0438\u043a\u0438 \u0432 \u041c\u043e\u043b\u0434\u043e\u0432\u0435.\",\"publisher\":{\"@id\":\"https:\\\/\\\/xstyle.md\\\/#organization\"},\"alternateName\":\"X-Style\",\"potentialAction\":[{\"@type\":\"SearchAction\",\"target\":{\"@type\":\"EntryPoint\",\"urlTemplate\":\"https:\\\/\\\/xstyle.md\\\/?s={search_term_string}\"},\"query-input\":{\"@type\":\"PropertyValueSpecification\",\"valueRequired\":true,\"valueName\":\"search_term_string\"}}],\"inLanguage\":\"ro-RO\"},{\"@type\":\"Organization\",\"@id\":\"https:\\\/\\\/xstyle.md\\\/#organization\",\"name\":\"\u041c\u0430\u0433\u0430\u0437\u0438\u043d Xstyle\",\"alternateName\":\"x-style\",\"url\":\"https:\\\/\\\/xstyle.md\\\/\",\"logo\":{\"@type\":\"ImageObject\",\"inLanguage\":\"ro-RO\",\"@id\":\"https:\\\/\\\/xstyle.md\\\/#\\\/schema\\\/logo\\\/image\\\/\",\"url\":\"https:\\\/\\\/xstyle.md\\\/wp-content\\\/uploads\\\/2020\\\/06\\\/logoicon.svg\",\"contentUrl\":\"https:\\\/\\\/xstyle.md\\\/wp-content\\\/uploads\\\/2020\\\/06\\\/logoicon.svg\",\"caption\":\"\u041c\u0430\u0433\u0430\u0437\u0438\u043d Xstyle\"},\"image\":{\"@id\":\"https:\\\/\\\/xstyle.md\\\/#\\\/schema\\\/logo\\\/image\\\/\"},\"sameAs\":[\"https:\\\/\\\/www.facebook.com\\\/xstylemd\",\"https:\\\/\\\/www.instagram.com\\\/xstyle_md\\\/\",\"https:\\\/\\\/t.me\\\/xstyle_outdoor\"],\"hasMerchantReturnPolicy\":{\"@type\":\"MerchantReturnPolicy\",\"merchantReturnLink\":\"https:\\\/\\\/xstyle.md\\\/ro\\\/conditions\\\/\"}}]}<\/script>\n<meta property=\"product:price:amount\" content=\"4990.00\" \/>\n<meta property=\"product:price:currency\" content=\"MDL\" \/>\n<meta property=\"og:availability\" content=\"instock\" \/>\n<meta property=\"product:availability\" content=\"instock\" \/>\n<meta property=\"product:retailer_item_id\" content=\"8055139002021\" \/>\n<meta property=\"product:condition\" content=\"new\" \/>\n<!-- \/ Yoast SEO plugin. -->","yoast_head_json":{"title":"Bocanci Asolo Falcon Evo Lth GV dark brown - Magazin Xstyle","description":"Cump\u0103ra\u021bi bocanci Asolo Falcon Evo Lth GV de culoare maro \u00eenchis. Ideali pentru drume\u021bii, datorit\u0103 GORETEX \u0219i Vibram Megagrip pentru confort.","robots":{"index":"index","follow":"follow","max-snippet":"max-snippet:-1","max-image-preview":"max-image-preview:large","max-video-preview":"max-video-preview:-1"},"canonical":"https:\/\/xstyle.md\/ro\/produs\/botinki-asolo-falcon-evo-lth-gv-dark-brown\/","og_locale":"ro_RO","og_type":"article","og_title":"\u0411\u043e\u0442\u0438\u043d\u043a\u0438 Asolo Falcon Evo Lth GV dark brown - \u041c\u0430\u0433\u0430\u0437\u0438\u043d Xstyle","og_description":"\u041a\u0443\u043f\u0438\u0442\u0435 \u0431\u043e\u0442\u0438\u043d\u043a\u0438 Asolo Falcon Evo Lth GV \u0442\u0435\u043c\u043d\u043e-\u043a\u043e\u0440\u0438\u0447\u043d\u0435\u0432\u043e\u0433\u043e \u0446\u0432\u0435\u0442\u0430. \u0418\u0434\u0435\u0430\u043b\u044c\u043d\u044b \u0434\u043b\u044f \u0442\u0443\u0440\u0438\u0441\u0442\u0438\u0447\u0435\u0441\u043a\u0438\u0445 \u043f\u043e\u0445\u043e\u0434\u043e\u0432, \u0431\u043b\u0430\u0433\u043e\u0434\u0430\u0440\u044f GORETEX \u0438 Vibram Megagrip \u0434\u043b\u044f \u043a\u043e\u043c\u0444\u043e\u0440\u0442\u0430.","og_url":"https:\/\/xstyle.md\/ro\/produs\/botinki-asolo-falcon-evo-lth-gv-dark-brown\/","og_site_name":"\u041c\u0430\u0433\u0430\u0437\u0438\u043d Xstyle","article_publisher":"https:\/\/www.facebook.com\/xstylemd","article_modified_time":"2026-03-19T14:13:45+00:00","og_image":[{"width":2028,"height":1794,"url":"https:\/\/xstyle.md\/wp-content\/uploads\/2023\/06\/asolo-falcon-evo-lth-gv-dark-brown.jpg","type":"image\/jpeg"}],"twitter_card":"summary_large_image","twitter_misc":{"Pre\u021b":"4.990&nbsp;MDL","Disponibilitate":"\u00cen stoc"},"schema":{"@context":"https:\/\/schema.org","@graph":[{"@type":"WebPage","@id":"https:\/\/xstyle.md\/product\/botinki-asolo-falcon-evo-lth-gv-dark-brown\/","url":"https:\/\/xstyle.md\/product\/botinki-asolo-falcon-evo-lth-gv-dark-brown\/","name":"Bocanci Asolo Falcon Evo Lth GV dark brown - Magazin Xstyle","isPartOf":{"@id":"https:\/\/xstyle.md\/#website"},"primaryImageOfPage":{"@id":"https:\/\/xstyle.md\/product\/botinki-asolo-falcon-evo-lth-gv-dark-brown\/#primaryimage"},"image":{"@id":"https:\/\/xstyle.md\/product\/botinki-asolo-falcon-evo-lth-gv-dark-brown\/#primaryimage"},"thumbnailUrl":"https:\/\/xstyle.md\/wp-content\/uploads\/2023\/06\/asolo-falcon-evo-lth-gv-dark-brown.jpg","datePublished":"2023-06-08T09:30:11+00:00","dateModified":"2026-03-19T14:13:45+00:00","description":"Cump\u0103ra\u021bi bocanci Asolo Falcon Evo Lth GV de culoare maro \u00eenchis. Ideali pentru drume\u021bii, datorit\u0103 GORETEX \u0219i Vibram Megagrip pentru confort.","breadcrumb":{"@id":"https:\/\/xstyle.md\/product\/botinki-asolo-falcon-evo-lth-gv-dark-brown\/#breadcrumb"},"inLanguage":"ro-RO","potentialAction":[{"@type":"ReadAction","target":["https:\/\/xstyle.md\/product\/botinki-asolo-falcon-evo-lth-gv-dark-brown\/"]}]},{"@type":"ImageObject","inLanguage":"ro-RO","@id":"https:\/\/xstyle.md\/product\/botinki-asolo-falcon-evo-lth-gv-dark-brown\/#primaryimage","url":"https:\/\/xstyle.md\/wp-content\/uploads\/2023\/06\/asolo-falcon-evo-lth-gv-dark-brown.jpg","contentUrl":"https:\/\/xstyle.md\/wp-content\/uploads\/2023\/06\/asolo-falcon-evo-lth-gv-dark-brown.jpg","width":1920,"height":1698,"caption":"\u0411\u043e\u0442\u0438\u043d\u043a\u0438 Asolo Falcon Evo Lth GV \u0442\u0435\u043c\u043d\u043e-\u043a\u043e\u0440\u0438\u0447\u043d\u0435\u0432\u044b\u0435 \u0434\u043b\u044f \u0430\u043a\u0442\u0438\u0432\u043d\u043e\u0433\u043e \u043e\u0442\u0434\u044b\u0445\u0430, \u0442\u0443\u0440\u0438\u0437\u043c\u0430, \u0445\u0430\u0439\u043a\u0438\u043d\u0433\u0430 \u0438 \u0430\u043b\u044c\u043f\u0438\u043d\u0438\u0437\u043c\u0430 \u0432 \u0438\u043d\u0442\u0435\u0440\u043d\u0435\u0442 \u043c\u0430\u0433\u0430\u0437\u0438\u043d\u0435 \u0434\u043b\u044f \u0430\u043a\u0442\u0438\u0432\u043d\u043e\u0439 \u0436\u0438\u0437\u043d\u0438"},{"@type":"BreadcrumbList","@id":"https:\/\/xstyle.md\/product\/botinki-asolo-falcon-evo-lth-gv-dark-brown\/#breadcrumb","itemListElement":[{"@type":"ListItem","position":1,"name":"\u0413\u043b\u0430\u0432\u043d\u0430\u044f \u0441\u0442\u0440\u0430\u043d\u0438\u0446\u0430","item":"https:\/\/xstyle.md\/"},{"@type":"ListItem","position":2,"name":"\u041c\u0430\u0433\u0430\u0437\u0438\u043d","item":"https:\/\/xstyle.md\/shop\/"},{"@type":"ListItem","position":3,"name":"\u0411\u043e\u0442\u0438\u043d\u043a\u0438 Asolo Falcon Evo Lth GV dark brown"}]},{"@type":"WebSite","@id":"https:\/\/xstyle.md\/#website","url":"https:\/\/xstyle.md\/","name":"Magazinul X-Style","description":"Echipamente pentru turism \u0219i sporturi extreme \u00een Moldova. Pre\u021buri, fotografii, caracteristici \u00een Moldova.","publisher":{"@id":"https:\/\/xstyle.md\/#organization"},"alternateName":"X-Style","potentialAction":[{"@type":"SearchAction","target":{"@type":"EntryPoint","urlTemplate":"https:\/\/xstyle.md\/?s={search_term_string}"},"query-input":{"@type":"PropertyValueSpecification","valueRequired":true,"valueName":"search_term_string"}}],"inLanguage":"ro-RO"},{"@type":"Organization","@id":"https:\/\/xstyle.md\/#organization","name":"Magazinul X-Style","alternateName":"x-style","url":"https:\/\/xstyle.md\/","logo":{"@type":"ImageObject","inLanguage":"ro-RO","@id":"https:\/\/xstyle.md\/#\/schema\/logo\/image\/","url":"https:\/\/xstyle.md\/wp-content\/uploads\/2020\/06\/logoicon.svg","contentUrl":"https:\/\/xstyle.md\/wp-content\/uploads\/2020\/06\/logoicon.svg","caption":"\u041c\u0430\u0433\u0430\u0437\u0438\u043d Xstyle"},"image":{"@id":"https:\/\/xstyle.md\/#\/schema\/logo\/image\/"},"sameAs":["https:\/\/www.facebook.com\/xstylemd","https:\/\/www.instagram.com\/xstyle_md\/","https:\/\/t.me\/xstyle_outdoor"],"hasMerchantReturnPolicy":{"@type":"MerchantReturnPolicy","merchantReturnLink":"https:\/\/xstyle.md\/ro\/conditions\/"}}]},"product_price_amount":"4990.00","product_price_currency":"MDL","og_availability":"instock","product_availability":"instock","product_retailer_item_id":"8055139002021","product_condition":"new"},"_links":{"self":[{"href":"https:\/\/xstyle.md\/ro\/wp-json\/wp\/v2\/product\/69616","targetHints":{"allow":["GET"]}}],"collection":[{"href":"https:\/\/xstyle.md\/ro\/wp-json\/wp\/v2\/product"}],"about":[{"href":"https:\/\/xstyle.md\/ro\/wp-json\/wp\/v2\/types\/product"}],"replies":[{"embeddable":true,"href":"https:\/\/xstyle.md\/ro\/wp-json\/wp\/v2\/comments?post=69616"}],"wp:featuredmedia":[{"embeddable":true,"href":"https:\/\/xstyle.md\/ro\/wp-json\/wp\/v2\/media\/69835"}],"wp:attachment":[{"href":"https:\/\/xstyle.md\/ro\/wp-json\/wp\/v2\/media?parent=69616"}],"wp:term":[{"taxonomy":"product_brand","embeddable":true,"href":"https:\/\/xstyle.md\/ro\/wp-json\/wp\/v2\/product_brand?post=69616"},{"taxonomy":"product_cat","embeddable":true,"href":"https:\/\/xstyle.md\/ro\/wp-json\/wp\/v2\/product_cat?post=69616"},{"taxonomy":"product_tag","embeddable":true,"href":"https:\/\/xstyle.md\/ro\/wp-json\/wp\/v2\/product_tag?post=69616"}],"curies":[{"name":"wp","href":"https:\/\/api.w.org\/{rel}","templated":true}]}}