{"id":69615,"date":"2023-06-08T12:30:11","date_gmt":"2023-06-08T09:30:11","guid":{"rendered":"https:\/\/xstyle.md\/?post_type=product&#038;p=69615"},"modified":"2026-03-14T21:51:13","modified_gmt":"2026-03-14T18:51:13","slug":"krossovki-asolo-space-gv-gerbera","status":"publish","type":"product","link":"https:\/\/xstyle.md\/ro\/produs\/krossovki-asolo-space-gv-gerbera\/","title":{"rendered":"Adida\u0219i Asolo Space GV gerbera"},"content":{"rendered":"<\/p>\n<p><strong>Asolo Space GV ML Blue<\/strong> \u2014 adida\u0219i u\u0219ori din piele impermeabil\u0103, potrivi\u021bi pentru drume\u021bii sau pentru utilizarea de zi cu zi la temperaturi moderate \u0219i ridicate. C\u0103ptu\u0219eala GORE-TEX\u00ae Extended Comfort \u2014 face ca \u00eenc\u0103l\u021b\u0103mintea s\u0103 fie impermeabil\u0103, respirabil\u0103 \u0219i confortabil\u0103, f\u0103r\u0103 transpira\u021bie \u0219i disconfort.<\/p>\n<p>Textura de protec\u021bie de pe partea din fa\u021b\u0103 a piciorului protejeaz\u0103 \u00eempotriva deterior\u0103rilor. Sistemul clasic de \u0219ireturi porne\u0219te aproape de la v\u00e2rful botului, ceea ce v\u0103 permite s\u0103 fixa\u021bi \u00een siguran\u021b\u0103 \u0219i cu exactitate piciorul. Talp\u0103 anatomic\u0103 Asolo \/ Vibram\u00ae A-Sport (rubber-eva) are o aderen\u021b\u0103 ferm\u0103 pe orice tip de teren \u0219i garanteaz\u0103 suport \u0219i durabilitate.<\/p>\n<h3>Particularit\u0103\u021bi<\/h3>\n<ul>\n<li>Rezisten\u021b\u0103 crescut\u0103 la uzur\u0103;<\/li>\n<li>V\u00e2rful cauciucat;<\/li>\n<li>Amortizare bun\u0103;<\/li>\n<li>Buna fixare a piciorului;<\/li>\n<li>Construc\u021bia t\u0103lpii asigur\u0103 auto-cur\u0103\u021bare;<\/li>\n<li>Membrana Gore-Tex impermeabil\u0103 \u0219i respirabil\u0103.<\/li>\n<\/ul>\n<h3>Caracteristici<\/h3>\n<ul>\n<li>Partea superioar\u0103 &#8212; piele rezistent\u0103 la umiditate 1,6-1,8 mm;<\/li>\n<li>C\u0103ptu\u0219eal\u0103 Gore-Tex\u00ae, impermeabil\u0103 \u0219i respirabil\u0103;<\/li>\n<li>Talp\u0103 anatomic\u0103 &#8212; ASOFLEX Casual;<\/li>\n<li>Talp\u0103 VIBRAM\u00ae pentru u\u0219urin\u021b\u0103 \u0219i fiabilitate maxim\u0103;<\/li>\n<li>Sistem clasic de lacing;<\/li>\n<li>Destina\u021bie &#8212; ora\u0219;<\/li>\n<li>Greutate &#8212; 300 gr.<\/li>\n<\/ul>\n<h3>Tehnologii<\/h3>\n<ul>\n<li><strong>GORE-TEX\u00ae Extended Comfort Footwear<\/strong> este o membran\u0103 GORE-TEX\u00ae care ofer\u0103 protec\u021bie impermeabil\u0103 \u0219 i respirabilitate excelent\u0103 la temperaturi extreme moderate, cum ar fi frigul sau activitatea nes\u0103n\u0103toas\u0103. Excelent\u0103 \u00eentr-un mediu de cazuri \u00een care este necesar s\u0103 se reduc\u0103 la minimum re\u021binerea cazanului \u00een interiorul camerei.<\/li>\n<li><strong>Vibram<\/strong> \u2013 nou model de construc\u021bie a t\u0103lpii. Un strat de EVA modelat ofer\u0103 suport \u0219i confort optim. O inser\u021bie de poliuretan \u00een zona c\u0103lc\u00e2iului \u00eembun\u0103t\u0103\u021be\u0219te amor\u021birea.<\/li>\n<li>Stratul exterior \u2014 <strong>Vibram MEGAGRIP<\/strong> \u2014 este un cauciuc nou, mai v\u00e2scos, care are o aderen\u021b\u0103 optim\u0103 chiar \u0219i pe suprafe\u021be umede \u0219i este extrem de rezistent.<\/li>\n<\/ul>\n<h3>Marca<\/h3>\n<p>ASOLO este una dintre cele mai mari companii produc\u0103toare de pantofi de trekking, de mare altitudine, de ora\u0219 \u0219i multisport. Compania italian\u0103 ASOLO exist\u0103 din 1975 \u0219i de la na\u0219terea sa nu a \u00eencetat niciodat\u0103 s\u0103 uimeasc\u0103 lumea industriei sportive cu dezvolt\u0103rile sale inovatoare.<\/p>\n<p>ASOLO \u00eentruchipeaz\u0103 \u00een \u00eenc\u0103l\u021b\u0103minte cele mai recente realiz\u0103ri ale tehnologiei moderne \u0219i cele mai moderne materiale, \u00een fiecare an f\u0103c\u00e2nd-o din ce \u00een ce mai perfect\u0103. C\u0103lduroase, u\u0219oare, confortabile \u0219i fiabile, \u00eenc\u0103l\u021b\u0103mintea ASOLO folose\u0219te t\u0103lpi VIBRAM. Acestea au o stabilitate uimitoare pe teren \u0219i previn alunecarea pe cele mai abrupte cobor\u00e2ri.<\/p>\n<p>Croiala bun\u0103 \u0219i performan\u021ba sunt punctele forte ale ASOLO.<\/p>\n<p><\/p>","protected":false},"excerpt":{"rendered":"","protected":false},"featured_media":69819,"comment_status":"open","ping_status":"closed","template":"","meta":{"_acf_changed":false,"inline_featured_image":false},"product_brand":[1277],"product_cat":[142],"product_tag":[],"class_list":{"0":"post-69615","1":"product","2":"type-product","3":"status-publish","4":"has-post-thumbnail","6":"product_brand-asolo","7":"product_cat-sport-shoes","8":"pa_razmer-shoes-664","9":"pa_razmer-shoes-38-2-3","10":"pa_razmer-shoes-39-1-3","11":"pa_razmer-shoes-984","12":"pa_razmer-shoes-40-2-3","13":"pa_razmer-shoes-41-1-3","15":"first","16":"instock","17":"shipping-taxable","18":"purchasable","19":"product-type-variable"},"acf":[],"yoast_head":"<!-- This site is optimized with the Yoast SEO plugin v27.4 - https:\/\/yoast.com\/product\/yoast-seo-wordpress\/ -->\n<title>\u041a\u0440\u043e\u0441\u0441\u043e\u0432\u043a\u0438 Asolo Space GV gerbera - \u041c\u0430\u0433\u0430\u0437\u0438\u043d Xstyle<\/title>\n<meta name=\"description\" content=\"\u041a\u0440\u043e\u0441\u0441\u043e\u0432\u043a\u0438 Asolo Space GV Gerbera \u2014 \u043b\u0435\u0433\u043a\u0438\u0435 \u0438 \u0432\u043e\u0434\u043e\u043d\u0435\u043f\u0440\u043e\u043d\u0438\u0446\u0430\u0435\u043c\u044b\u0435, \u0438\u0434\u0435\u0430\u043b\u044c\u043d\u044b \u0434\u043b\u044f \u043f\u043e\u0445\u043e\u0434\u043e\u0432 \u0438 \u043f\u043e\u0432\u0441\u0435\u0434\u043d\u0435\u0432\u043d\u043e\u0439 \u043d\u043e\u0441\u043a\u0438. \u0422\u0435\u0445\u043d\u043e\u043b\u043e\u0433\u0438\u044f GORETEX Extended Comfort \u0438 Vibram EVA.\" \/>\n<meta name=\"robots\" content=\"index, follow, max-snippet:-1, max-image-preview:large, max-video-preview:-1\" \/>\n<link rel=\"canonical\" href=\"https:\/\/xstyle.md\/ro\/produs\/krossovki-asolo-space-gv-gerbera\/\" \/>\n<meta property=\"og:locale\" content=\"ro_RO\" \/>\n<meta property=\"og:type\" content=\"article\" \/>\n<meta property=\"og:title\" content=\"\u041a\u0440\u043e\u0441\u0441\u043e\u0432\u043a\u0438 Asolo Space GV gerbera - \u041c\u0430\u0433\u0430\u0437\u0438\u043d Xstyle\" \/>\n<meta property=\"og:description\" content=\"\u041a\u0440\u043e\u0441\u0441\u043e\u0432\u043a\u0438 Asolo Space GV Gerbera \u2014 \u043b\u0435\u0433\u043a\u0438\u0435 \u0438 \u0432\u043e\u0434\u043e\u043d\u0435\u043f\u0440\u043e\u043d\u0438\u0446\u0430\u0435\u043c\u044b\u0435, \u0438\u0434\u0435\u0430\u043b\u044c\u043d\u044b \u0434\u043b\u044f \u043f\u043e\u0445\u043e\u0434\u043e\u0432 \u0438 \u043f\u043e\u0432\u0441\u0435\u0434\u043d\u0435\u0432\u043d\u043e\u0439 \u043d\u043e\u0441\u043a\u0438. \u0422\u0435\u0445\u043d\u043e\u043b\u043e\u0433\u0438\u044f GORETEX Extended Comfort \u0438 Vibram EVA.\" \/>\n<meta property=\"og:url\" content=\"https:\/\/xstyle.md\/ro\/produs\/krossovki-asolo-space-gv-gerbera\/\" \/>\n<meta property=\"og:site_name\" content=\"\u041c\u0430\u0433\u0430\u0437\u0438\u043d Xstyle\" \/>\n<meta property=\"article:publisher\" content=\"https:\/\/www.facebook.com\/xstylemd\" \/>\n<meta property=\"article:modified_time\" content=\"2026-03-14T18:51:13+00:00\" \/>\n<meta property=\"og:image\" content=\"https:\/\/xstyle.md\/wp-content\/uploads\/2023\/06\/asolo-space-gv-gerbera.jpg\" \/>\n\t<meta property=\"og:image:width\" content=\"2154\" \/>\n\t<meta property=\"og:image:height\" content=\"2028\" \/>\n\t<meta property=\"og:image:type\" content=\"image\/jpeg\" \/>\n<meta name=\"twitter:card\" content=\"summary_large_image\" \/>\n<meta name=\"twitter:label1\" content=\"Disponibilitate\" \/>\n\t<meta name=\"twitter:data1\" content=\"\u00cen stoc\" \/>\n<script type=\"application\/ld+json\" class=\"yoast-schema-graph\">{\"@context\":\"https:\\\/\\\/schema.org\",\"@graph\":[{\"@type\":\"WebPage\",\"@id\":\"https:\\\/\\\/xstyle.md\\\/product\\\/krossovki-asolo-space-gv-gerbera\\\/\",\"url\":\"https:\\\/\\\/xstyle.md\\\/product\\\/krossovki-asolo-space-gv-gerbera\\\/\",\"name\":\"\u041a\u0440\u043e\u0441\u0441\u043e\u0432\u043a\u0438 Asolo Space GV gerbera - \u041c\u0430\u0433\u0430\u0437\u0438\u043d Xstyle\",\"isPartOf\":{\"@id\":\"https:\\\/\\\/xstyle.md\\\/#website\"},\"primaryImageOfPage\":{\"@id\":\"https:\\\/\\\/xstyle.md\\\/product\\\/krossovki-asolo-space-gv-gerbera\\\/#primaryimage\"},\"image\":{\"@id\":\"https:\\\/\\\/xstyle.md\\\/product\\\/krossovki-asolo-space-gv-gerbera\\\/#primaryimage\"},\"thumbnailUrl\":\"https:\\\/\\\/xstyle.md\\\/wp-content\\\/uploads\\\/2023\\\/06\\\/asolo-space-gv-gerbera.jpg\",\"datePublished\":\"2023-06-08T09:30:11+00:00\",\"dateModified\":\"2026-03-14T18:51:13+00:00\",\"description\":\"\u041a\u0440\u043e\u0441\u0441\u043e\u0432\u043a\u0438 Asolo Space GV Gerbera \u2014 \u043b\u0435\u0433\u043a\u0438\u0435 \u0438 \u0432\u043e\u0434\u043e\u043d\u0435\u043f\u0440\u043e\u043d\u0438\u0446\u0430\u0435\u043c\u044b\u0435, \u0438\u0434\u0435\u0430\u043b\u044c\u043d\u044b \u0434\u043b\u044f \u043f\u043e\u0445\u043e\u0434\u043e\u0432 \u0438 \u043f\u043e\u0432\u0441\u0435\u0434\u043d\u0435\u0432\u043d\u043e\u0439 \u043d\u043e\u0441\u043a\u0438. \u0422\u0435\u0445\u043d\u043e\u043b\u043e\u0433\u0438\u044f GORETEX Extended Comfort \u0438 Vibram EVA.\",\"breadcrumb\":{\"@id\":\"https:\\\/\\\/xstyle.md\\\/product\\\/krossovki-asolo-space-gv-gerbera\\\/#breadcrumb\"},\"inLanguage\":\"ro-RO\",\"potentialAction\":[{\"@type\":\"ReadAction\",\"target\":[\"https:\\\/\\\/xstyle.md\\\/product\\\/krossovki-asolo-space-gv-gerbera\\\/\"]}]},{\"@type\":\"ImageObject\",\"inLanguage\":\"ro-RO\",\"@id\":\"https:\\\/\\\/xstyle.md\\\/product\\\/krossovki-asolo-space-gv-gerbera\\\/#primaryimage\",\"url\":\"https:\\\/\\\/xstyle.md\\\/wp-content\\\/uploads\\\/2023\\\/06\\\/asolo-space-gv-gerbera.jpg\",\"contentUrl\":\"https:\\\/\\\/xstyle.md\\\/wp-content\\\/uploads\\\/2023\\\/06\\\/asolo-space-gv-gerbera.jpg\",\"width\":1920,\"height\":1808,\"caption\":\"\u041a\u0440\u043e\u0441\u0441\u043e\u0432\u043a\u0438 Asolo Space GV Gerbera \u0434\u043b\u044f \u0430\u043a\u0442\u0438\u0432\u043d\u043e\u0433\u043e \u043e\u0442\u0434\u044b\u0445\u0430, \u0442\u0443\u0440\u0438\u0441\u0442\u0438\u0447\u0435\u0441\u043a\u043e\u0439 \u0438 \u0430\u043b\u044c\u043f\u0438\u043d\u0438\u0441\u0442\u0441\u043a\u043e\u0439 \u044d\u043a\u0438\u043f\u0438\u0440\u043e\u0432\u043a\u0438, \u043f\u043e\u0434\u0445\u043e\u0434\u044f\u0449\u0438\u0435 \u0434\u043b\u044f \u043f\u0443\u0442\u0435\u0448\u0435\u0441\u0442\u0432\u0438\u0439, \u043f\u043e\u0445\u043e\u0434\u043e\u0432 \u0438 \u043f\u0440\u043e\u0433\u0443\u043b\u043e\u043a \u043d\u0430 \u043f\u0440\u0438\u0440\u043e\u0434\u0435\"},{\"@type\":\"BreadcrumbList\",\"@id\":\"https:\\\/\\\/xstyle.md\\\/product\\\/krossovki-asolo-space-gv-gerbera\\\/#breadcrumb\",\"itemListElement\":[{\"@type\":\"ListItem\",\"position\":1,\"name\":\"\u0413\u043b\u0430\u0432\u043d\u0430\u044f \u0441\u0442\u0440\u0430\u043d\u0438\u0446\u0430\",\"item\":\"https:\\\/\\\/xstyle.md\\\/\"},{\"@type\":\"ListItem\",\"position\":2,\"name\":\"\u041c\u0430\u0433\u0430\u0437\u0438\u043d\",\"item\":\"https:\\\/\\\/xstyle.md\\\/shop\\\/\"},{\"@type\":\"ListItem\",\"position\":3,\"name\":\"\u041a\u0440\u043e\u0441\u0441\u043e\u0432\u043a\u0438 Asolo Space GV gerbera\"}]},{\"@type\":\"WebSite\",\"@id\":\"https:\\\/\\\/xstyle.md\\\/#website\",\"url\":\"https:\\\/\\\/xstyle.md\\\/\",\"name\":\"\u041c\u0430\u0433\u0430\u0437\u0438\u043d Xstyle\",\"description\":\"C\u043d\u0430\u0440\u044f\u0436\u0435\u043d\u0438\u0435 \u0434\u043b\u044f \u0442\u0443\u0440\u0438\u0437\u043c\u0430 \u0438 \u044d\u043a\u0441\u0442\u0440\u0435\u043c\u0430\u043b\u044c\u043d\u044b\u0445 \u0432\u0438\u0434\u043e\u0432 \u0441\u043f\u043e\u0440\u0442\u0430 \u0432 \u041c\u043e\u043b\u0434\u043e\u0432\u0435.. \u0426\u0435\u043d\u044b, \u0444\u043e\u0442\u043e, \u0445\u0430\u0440\u0430\u043a\u0442\u0435\u0440\u0438\u0441\u0442\u0438\u043a\u0438 \u0432 \u041c\u043e\u043b\u0434\u043e\u0432\u0435.\",\"publisher\":{\"@id\":\"https:\\\/\\\/xstyle.md\\\/#organization\"},\"alternateName\":\"X-Style\",\"potentialAction\":[{\"@type\":\"SearchAction\",\"target\":{\"@type\":\"EntryPoint\",\"urlTemplate\":\"https:\\\/\\\/xstyle.md\\\/?s={search_term_string}\"},\"query-input\":{\"@type\":\"PropertyValueSpecification\",\"valueRequired\":true,\"valueName\":\"search_term_string\"}}],\"inLanguage\":\"ro-RO\"},{\"@type\":\"Organization\",\"@id\":\"https:\\\/\\\/xstyle.md\\\/#organization\",\"name\":\"\u041c\u0430\u0433\u0430\u0437\u0438\u043d Xstyle\",\"alternateName\":\"x-style\",\"url\":\"https:\\\/\\\/xstyle.md\\\/\",\"logo\":{\"@type\":\"ImageObject\",\"inLanguage\":\"ro-RO\",\"@id\":\"https:\\\/\\\/xstyle.md\\\/#\\\/schema\\\/logo\\\/image\\\/\",\"url\":\"https:\\\/\\\/xstyle.md\\\/wp-content\\\/uploads\\\/2020\\\/06\\\/logoicon.svg\",\"contentUrl\":\"https:\\\/\\\/xstyle.md\\\/wp-content\\\/uploads\\\/2020\\\/06\\\/logoicon.svg\",\"caption\":\"\u041c\u0430\u0433\u0430\u0437\u0438\u043d Xstyle\"},\"image\":{\"@id\":\"https:\\\/\\\/xstyle.md\\\/#\\\/schema\\\/logo\\\/image\\\/\"},\"sameAs\":[\"https:\\\/\\\/www.facebook.com\\\/xstylemd\",\"https:\\\/\\\/www.instagram.com\\\/xstyle_md\\\/\",\"https:\\\/\\\/t.me\\\/xstyle_outdoor\"],\"hasMerchantReturnPolicy\":{\"@type\":\"MerchantReturnPolicy\",\"merchantReturnLink\":\"https:\\\/\\\/xstyle.md\\\/ro\\\/conditions\\\/\"}}]}<\/script>\n<meta property=\"og:availability\" content=\"instock\" \/>\n<meta property=\"product:availability\" content=\"instock\" \/>\n<meta property=\"product:retailer_item_id\" content=\"X8026948937668\" \/>\n<meta property=\"product:condition\" content=\"new\" \/>\n<!-- \/ Yoast SEO plugin. -->","yoast_head_json":{"title":"Adida\u0219i Asolo Space GV gerbera - Magazin Xstyle","description":"Adida\u0219ii Asolo Space GV Gerbera \u2014 u\u0219ori \u0219i impermeabili, ideali pentru drume\u021bii \u0219i utilizare zilnic\u0103. Tehnologia GORETEX Extended Comfort \u0219i Vibram EVA.","robots":{"index":"index","follow":"follow","max-snippet":"max-snippet:-1","max-image-preview":"max-image-preview:large","max-video-preview":"max-video-preview:-1"},"canonical":"https:\/\/xstyle.md\/ro\/produs\/krossovki-asolo-space-gv-gerbera\/","og_locale":"ro_RO","og_type":"article","og_title":"\u041a\u0440\u043e\u0441\u0441\u043e\u0432\u043a\u0438 Asolo Space GV gerbera - \u041c\u0430\u0433\u0430\u0437\u0438\u043d Xstyle","og_description":"\u041a\u0440\u043e\u0441\u0441\u043e\u0432\u043a\u0438 Asolo Space GV Gerbera \u2014 \u043b\u0435\u0433\u043a\u0438\u0435 \u0438 \u0432\u043e\u0434\u043e\u043d\u0435\u043f\u0440\u043e\u043d\u0438\u0446\u0430\u0435\u043c\u044b\u0435, \u0438\u0434\u0435\u0430\u043b\u044c\u043d\u044b \u0434\u043b\u044f \u043f\u043e\u0445\u043e\u0434\u043e\u0432 \u0438 \u043f\u043e\u0432\u0441\u0435\u0434\u043d\u0435\u0432\u043d\u043e\u0439 \u043d\u043e\u0441\u043a\u0438. \u0422\u0435\u0445\u043d\u043e\u043b\u043e\u0433\u0438\u044f GORETEX Extended Comfort \u0438 Vibram EVA.","og_url":"https:\/\/xstyle.md\/ro\/produs\/krossovki-asolo-space-gv-gerbera\/","og_site_name":"\u041c\u0430\u0433\u0430\u0437\u0438\u043d Xstyle","article_publisher":"https:\/\/www.facebook.com\/xstylemd","article_modified_time":"2026-03-14T18:51:13+00:00","og_image":[{"width":2154,"height":2028,"url":"https:\/\/xstyle.md\/wp-content\/uploads\/2023\/06\/asolo-space-gv-gerbera.jpg","type":"image\/jpeg"}],"twitter_card":"summary_large_image","twitter_misc":{"Disponibilitate":"\u00cen stoc"},"schema":{"@context":"https:\/\/schema.org","@graph":[{"@type":"WebPage","@id":"https:\/\/xstyle.md\/product\/krossovki-asolo-space-gv-gerbera\/","url":"https:\/\/xstyle.md\/product\/krossovki-asolo-space-gv-gerbera\/","name":"Adida\u0219i Asolo Space GV gerbera - Magazin Xstyle","isPartOf":{"@id":"https:\/\/xstyle.md\/#website"},"primaryImageOfPage":{"@id":"https:\/\/xstyle.md\/product\/krossovki-asolo-space-gv-gerbera\/#primaryimage"},"image":{"@id":"https:\/\/xstyle.md\/product\/krossovki-asolo-space-gv-gerbera\/#primaryimage"},"thumbnailUrl":"https:\/\/xstyle.md\/wp-content\/uploads\/2023\/06\/asolo-space-gv-gerbera.jpg","datePublished":"2023-06-08T09:30:11+00:00","dateModified":"2026-03-14T18:51:13+00:00","description":"Adida\u0219ii Asolo Space GV Gerbera \u2014 u\u0219ori \u0219i impermeabili, ideali pentru drume\u021bii \u0219i utilizare zilnic\u0103. Tehnologia GORETEX Extended Comfort \u0219i Vibram EVA.","breadcrumb":{"@id":"https:\/\/xstyle.md\/product\/krossovki-asolo-space-gv-gerbera\/#breadcrumb"},"inLanguage":"ro-RO","potentialAction":[{"@type":"ReadAction","target":["https:\/\/xstyle.md\/product\/krossovki-asolo-space-gv-gerbera\/"]}]},{"@type":"ImageObject","inLanguage":"ro-RO","@id":"https:\/\/xstyle.md\/product\/krossovki-asolo-space-gv-gerbera\/#primaryimage","url":"https:\/\/xstyle.md\/wp-content\/uploads\/2023\/06\/asolo-space-gv-gerbera.jpg","contentUrl":"https:\/\/xstyle.md\/wp-content\/uploads\/2023\/06\/asolo-space-gv-gerbera.jpg","width":1920,"height":1808,"caption":"\u041a\u0440\u043e\u0441\u0441\u043e\u0432\u043a\u0438 Asolo Space GV Gerbera \u0434\u043b\u044f \u0430\u043a\u0442\u0438\u0432\u043d\u043e\u0433\u043e \u043e\u0442\u0434\u044b\u0445\u0430, \u0442\u0443\u0440\u0438\u0441\u0442\u0438\u0447\u0435\u0441\u043a\u043e\u0439 \u0438 \u0430\u043b\u044c\u043f\u0438\u043d\u0438\u0441\u0442\u0441\u043a\u043e\u0439 \u044d\u043a\u0438\u043f\u0438\u0440\u043e\u0432\u043a\u0438, \u043f\u043e\u0434\u0445\u043e\u0434\u044f\u0449\u0438\u0435 \u0434\u043b\u044f \u043f\u0443\u0442\u0435\u0448\u0435\u0441\u0442\u0432\u0438\u0439, \u043f\u043e\u0445\u043e\u0434\u043e\u0432 \u0438 \u043f\u0440\u043e\u0433\u0443\u043b\u043e\u043a \u043d\u0430 \u043f\u0440\u0438\u0440\u043e\u0434\u0435"},{"@type":"BreadcrumbList","@id":"https:\/\/xstyle.md\/product\/krossovki-asolo-space-gv-gerbera\/#breadcrumb","itemListElement":[{"@type":"ListItem","position":1,"name":"\u0413\u043b\u0430\u0432\u043d\u0430\u044f \u0441\u0442\u0440\u0430\u043d\u0438\u0446\u0430","item":"https:\/\/xstyle.md\/"},{"@type":"ListItem","position":2,"name":"\u041c\u0430\u0433\u0430\u0437\u0438\u043d","item":"https:\/\/xstyle.md\/shop\/"},{"@type":"ListItem","position":3,"name":"\u041a\u0440\u043e\u0441\u0441\u043e\u0432\u043a\u0438 Asolo Space GV gerbera"}]},{"@type":"WebSite","@id":"https:\/\/xstyle.md\/#website","url":"https:\/\/xstyle.md\/","name":"Magazinul X-Style","description":"Echipamente pentru turism \u0219i sporturi extreme \u00een Moldova. Pre\u021buri, fotografii, caracteristici \u00een Moldova.","publisher":{"@id":"https:\/\/xstyle.md\/#organization"},"alternateName":"X-Style","potentialAction":[{"@type":"SearchAction","target":{"@type":"EntryPoint","urlTemplate":"https:\/\/xstyle.md\/?s={search_term_string}"},"query-input":{"@type":"PropertyValueSpecification","valueRequired":true,"valueName":"search_term_string"}}],"inLanguage":"ro-RO"},{"@type":"Organization","@id":"https:\/\/xstyle.md\/#organization","name":"Magazinul X-Style","alternateName":"x-style","url":"https:\/\/xstyle.md\/","logo":{"@type":"ImageObject","inLanguage":"ro-RO","@id":"https:\/\/xstyle.md\/#\/schema\/logo\/image\/","url":"https:\/\/xstyle.md\/wp-content\/uploads\/2020\/06\/logoicon.svg","contentUrl":"https:\/\/xstyle.md\/wp-content\/uploads\/2020\/06\/logoicon.svg","caption":"\u041c\u0430\u0433\u0430\u0437\u0438\u043d Xstyle"},"image":{"@id":"https:\/\/xstyle.md\/#\/schema\/logo\/image\/"},"sameAs":["https:\/\/www.facebook.com\/xstylemd","https:\/\/www.instagram.com\/xstyle_md\/","https:\/\/t.me\/xstyle_outdoor"],"hasMerchantReturnPolicy":{"@type":"MerchantReturnPolicy","merchantReturnLink":"https:\/\/xstyle.md\/ro\/conditions\/"}}]},"og_availability":"instock","product_availability":"instock","product_retailer_item_id":"X8026948937668","product_condition":"new"},"_links":{"self":[{"href":"https:\/\/xstyle.md\/ro\/wp-json\/wp\/v2\/product\/69615","targetHints":{"allow":["GET"]}}],"collection":[{"href":"https:\/\/xstyle.md\/ro\/wp-json\/wp\/v2\/product"}],"about":[{"href":"https:\/\/xstyle.md\/ro\/wp-json\/wp\/v2\/types\/product"}],"replies":[{"embeddable":true,"href":"https:\/\/xstyle.md\/ro\/wp-json\/wp\/v2\/comments?post=69615"}],"wp:featuredmedia":[{"embeddable":true,"href":"https:\/\/xstyle.md\/ro\/wp-json\/wp\/v2\/media\/69819"}],"wp:attachment":[{"href":"https:\/\/xstyle.md\/ro\/wp-json\/wp\/v2\/media?parent=69615"}],"wp:term":[{"taxonomy":"product_brand","embeddable":true,"href":"https:\/\/xstyle.md\/ro\/wp-json\/wp\/v2\/product_brand?post=69615"},{"taxonomy":"product_cat","embeddable":true,"href":"https:\/\/xstyle.md\/ro\/wp-json\/wp\/v2\/product_cat?post=69615"},{"taxonomy":"product_tag","embeddable":true,"href":"https:\/\/xstyle.md\/ro\/wp-json\/wp\/v2\/product_tag?post=69615"}],"curies":[{"name":"wp","href":"https:\/\/api.w.org\/{rel}","templated":true}]}}