{"id":6926,"date":"2020-07-16T22:10:40","date_gmt":"2020-07-16T19:10:40","guid":{"rendered":"https:\/\/xstyle.md\/product\/binokl-nikon-sportstar-ex-10-x-25-dcf"},"modified":"2026-01-09T12:50:44","modified_gmt":"2026-01-09T09:50:44","slug":"binokl-nikon-sportstar-ex-10-x-25-dcf","status":"publish","type":"product","link":"https:\/\/xstyle.md\/ro\/produs\/binokl-nikon-sportstar-ex-10-x-25-dcf\/","title":{"rendered":"Binoclu Nikon Sportstar EX 10 x 25 DCF"},"content":{"rendered":"<\/p>\n<p><strong>Binoclu Nikon Sportstar EX 10 x 25 DCF<\/strong> &#8212; lua\u021bi acest binoclu u\u0219or \u0219i compact cu dvs. atunci c\u00e2nd pleca\u021bi la o plimbare sau \u00eentr-o c\u0103l\u0103torie lung\u0103. M\u0103rirea versatil\u0103 de 10x, c\u00e2mpul larg de vizualizare, impermeabilizarea bun\u0103 \u0219i designul ergonomic v\u0103 vor asigura c\u0103 pute\u021bi observa confortabil at\u00e2t animalele s\u0103lbatice, c\u00e2t \u0219i echipa sportiv\u0103 preferat\u0103.<\/p>\n<p>Prin utilizarea unor materiale de etan\u0219are de calitate se ob\u021bine un grad ridicat de impermeabilizare, ceea ce face posibil\u0103 efectuarea de observa\u021bii chiar \u0219i \u00een condi\u021bii meteorologice dificile (v\u00e2nt puternic sau cea\u021b\u0103) sau efectuarea de observa\u021bii pe ap\u0103. Canalele optice ale binoclului sunt umplute cu azot pentru a proteja \u00eempotriva coroziunii \u0219i a condensului de pe suprafa\u021ba interioar\u0103 a lentilelor.<\/p>\n<p>Acoperirea multistrat aplicat\u0103 pe suprafe\u021bele lentilelor cre\u0219te transmisia global\u0103 a luminii dispozitivului \u00een ansamblu \u0219i \u00eembun\u0103t\u0103\u021be\u0219te calitatea imaginii vizibile. Imaginea este luminoas\u0103, cu un contrast bun \u0219i o reproducere natural\u0103 a culorilor.<\/p>\n<p>Binoclul are un sistem de focalizare central\u0103 pentru o observare u\u0219oar\u0103 \u0219i o focalizare rapid\u0103, \u00een timp ce reglarea distan\u021bei interpupilare v\u0103 permite s\u0103 ajusta\u021bi instrumentul la baza ochiului observatorului. Acest model va fi un companion de c\u0103l\u0103torie excelent \u0219i este ideal pentru utilizarea \u00eentr-o varietate de medii, inclusiv drume\u021bii, observarea naturii \u0219i evenimente sportive.<\/p>\n<p>Binoclul este echipat cu sistemul Roof. \u00cen acesta, obiectivul, precum \u0219i prismele \u0219i ocularul sunt aliniate. \u00cen acest sistem, fasciculul de lumin\u0103 este mai \u00eent\u00e2i \u00eemp\u0103r\u021bit \u00een dou\u0103 \u0219i apoi pliat \u00eenapoi \u00eentr-unul singur. Datorit\u0103 acestui fapt, structura binoclului este mai \u00eengust\u0103. Acest avantaj poate fi important, de exemplu, pentru pasiona\u021bii de sporturi extreme, alpini\u0219ti, v\u00e2n\u0103tori sau observatori de p\u0103s\u0103ri care se deplaseaz\u0103 mult cu binoclul \u00een p\u0103dure sau \u00een mun\u021bi \u0219i apreciaz\u0103 dimensiunile reduse ale acestuia. Pentru a face acest lucru \u0219i pentru a evita deplasarea de faz\u0103, care reduce contrastul \u0219i rezolu\u021bia imaginilor rezultate, \u00een sistemul Roof sunt utilizate elemente optice de cea mai bun\u0103 calitate.<\/p>\n<h3>Particularit\u0103\u021bi<\/h3>\n<ul>\n<li>Corp u\u0219or \u0219i compact (design pliabil), cupe oculare din cauciuc, cauciucate, pivotante \u0219i deta\u0219abile<\/li>\n<li>Prisme de acoperi\u0219 cu acoperire cu corec\u021bie de faz\u0103 pentru rezolu\u021bie ridicat\u0103<\/li>\n<li>Lentile cu acoperire multipl\u0103 cu lentile cu acoperire multipl\u0103<\/li>\n<li>Umplut cu azot \u0219i sigilat cu inel O pentru a fi rezistent la ap\u0103<\/li>\n<li>Focalizare central\u0103, reglarea distan\u021bei interpupilare<\/li>\n<li>Lentile \u0219i prisme din sticl\u0103 ecologic\u0103 f\u0103r\u0103 plumb \u0219i arsenic<\/li>\n<\/ul>\n<h3>Caracteristici<\/h3>\n<ul>\n<li>M\u0103rire &#8212; 10x<\/li>\n<li>Diametrul obiectivului (deschidere) &#8212; 25 mm<\/li>\n<li>Unghiul real de vizualizare &#8212; 6,5\u00b0.<\/li>\n<li>Unghiul de vizualizare vizibil &#8212; 56,2\u00b0.<\/li>\n<li>C\u00e2mpul vizual la o distan\u021b\u0103 de 1000 m &#8212; 114 m<\/li>\n<li>Diametrul pupilei de ie\u0219ire &#8212; 2,5 mm<\/li>\n<li>Luminozitate relativ\u0103 &#8212; 6,3<\/li>\n<li>\u00centinderea pupilei de ie\u0219ire &#8212; 10 mm<\/li>\n<li>Distan\u021ba minim\u0103 de focalizare &#8212; 3,5 m<\/li>\n<li>Dimensiuni &#8212; 103 x 114 (67) x 43 (54) mm<\/li>\n<li>Greutate &#8212; 0,3 kg<\/li>\n<li>Tip prisma: acoperi\u0219<\/li>\n<li>Material optic &#8212; sticl\u0103 ecologic\u0103<\/li>\n<li>Acoperire lentile &#8212; multistrat<\/li>\n<li>Distan\u021ba interpupilar\u0103 &#8212; 56-72 mm<\/li>\n<li>Metoda de focalizare &#8212; central\u0103<\/li>\n<li>Ochelarii oculari &#8212; rotativi \u0219i retractabili<\/li>\n<li>Umplerea carcasei &#8212; azot<\/li>\n<li>Rezisten\u021b\u0103 la ap\u0103<\/li>\n<\/ul>\n<p><\/p>\n<p><iframe loading=\"lazy\" title=\"Nikon Sport Optics Outdoor Adventures\" width=\"640\" height=\"360\" src=\"https:\/\/www.youtube.com\/embed\/SqBRP6AVo9I?feature=oembed\" frameborder=\"0\" allow=\"accelerometer; autoplay; clipboard-write; encrypted-media; gyroscope; picture-in-picture; web-share\" referrerpolicy=\"strict-origin-when-cross-origin\" allowfullscreen><\/iframe><\/p>\n<\/div>\n<p>&nbsp;<\/p>","protected":false},"excerpt":{"rendered":"<p>Binoclu Nikon Sportstar EX 10 x 25 DCF<\/p>","protected":false},"featured_media":6923,"comment_status":"open","ping_status":"closed","template":"","meta":{"_acf_changed":false,"inline_featured_image":false},"product_brand":[1355],"product_cat":[513],"product_tag":[],"class_list":{"0":"post-6926","1":"product","2":"type-product","3":"status-publish","4":"has-post-thumbnail","6":"product_brand-nikon","7":"product_cat-binoculars","9":"first","10":"instock","11":"shipping-taxable","12":"purchasable","13":"product-type-simple"},"acf":[],"yoast_head":"<!-- This site is optimized with the Yoast SEO plugin v27.2 - https:\/\/yoast.com\/product\/yoast-seo-wordpress\/ -->\n<title>\u0411\u0438\u043d\u043e\u043a\u043b\u044c Nikon Sportstar EX 10 x 25 - \u041c\u0430\u0433\u0430\u0437\u0438\u043d Xstyle<\/title>\n<meta name=\"description\" content=\"\u0411\u0438\u043d\u043e\u043a\u043b\u044c Nikon Sportstar EX 10 x 25: \u043b\u0435\u0433\u043a\u0438\u0439, \u043a\u043e\u043c\u043f\u0430\u043a\u0442\u043d\u044b\u0439 \u0438 \u0443\u043d\u0438\u0432\u0435\u0440\u0441\u0430\u043b\u044c\u043d\u044b\u0439. \u0418\u0434\u0435\u0430\u043b\u0435\u043d \u0434\u043b\u044f \u043f\u0440\u043e\u0433\u0443\u043b\u043e\u043a \u0438 \u043f\u0443\u0442\u0435\u0448\u0435\u0441\u0442\u0432\u0438\u0439. \u0412\u044b\u0441\u043e\u043a\u043e\u0435 \u043a\u0430\u0447\u0435\u0441\u0442\u0432\u043e, \u044d\u0440\u0433\u043e\u043d\u043e\u043c\u0438\u0447\u043d\u044b\u0439 \u0434\u0438\u0437\u0430\u0439\u043d.\" \/>\n<meta name=\"robots\" content=\"index, follow, max-snippet:-1, max-image-preview:large, max-video-preview:-1\" \/>\n<link rel=\"canonical\" href=\"https:\/\/xstyle.md\/ro\/produs\/binokl-nikon-sportstar-ex-10-x-25-dcf\/\" \/>\n<meta property=\"og:locale\" content=\"ro_RO\" \/>\n<meta property=\"og:type\" content=\"article\" \/>\n<meta property=\"og:title\" content=\"\u0411\u0438\u043d\u043e\u043a\u043b\u044c Nikon Sportstar EX 10 x 25 - \u041c\u0430\u0433\u0430\u0437\u0438\u043d Xstyle\" \/>\n<meta property=\"og:description\" content=\"\u0411\u0438\u043d\u043e\u043a\u043b\u044c Nikon Sportstar EX 10 x 25: \u043b\u0435\u0433\u043a\u0438\u0439, \u043a\u043e\u043c\u043f\u0430\u043a\u0442\u043d\u044b\u0439 \u0438 \u0443\u043d\u0438\u0432\u0435\u0440\u0441\u0430\u043b\u044c\u043d\u044b\u0439. \u0418\u0434\u0435\u0430\u043b\u0435\u043d \u0434\u043b\u044f \u043f\u0440\u043e\u0433\u0443\u043b\u043e\u043a \u0438 \u043f\u0443\u0442\u0435\u0448\u0435\u0441\u0442\u0432\u0438\u0439. \u0412\u044b\u0441\u043e\u043a\u043e\u0435 \u043a\u0430\u0447\u0435\u0441\u0442\u0432\u043e, \u044d\u0440\u0433\u043e\u043d\u043e\u043c\u0438\u0447\u043d\u044b\u0439 \u0434\u0438\u0437\u0430\u0439\u043d.\" \/>\n<meta property=\"og:url\" content=\"https:\/\/xstyle.md\/ro\/produs\/binokl-nikon-sportstar-ex-10-x-25-dcf\/\" \/>\n<meta property=\"og:site_name\" content=\"\u041c\u0430\u0433\u0430\u0437\u0438\u043d Xstyle\" \/>\n<meta property=\"article:publisher\" content=\"https:\/\/www.facebook.com\/xstylemd\" \/>\n<meta property=\"article:modified_time\" content=\"2026-01-09T09:50:44+00:00\" \/>\n<meta property=\"og:image\" content=\"https:\/\/xstyle.md\/wp-content\/uploads\/2020\/07\/389752425.jpg\" \/>\n\t<meta property=\"og:image:width\" content=\"700\" \/>\n\t<meta property=\"og:image:height\" content=\"525\" \/>\n\t<meta property=\"og:image:type\" content=\"image\/jpeg\" \/>\n<meta name=\"twitter:card\" content=\"summary_large_image\" \/>\n<meta name=\"twitter:label1\" content=\"Pre\u021b\" \/>\n\t<meta name=\"twitter:data1\" content=\"2.890&nbsp;MDL\" \/>\n\t<meta name=\"twitter:label2\" content=\"Disponibilitate\" \/>\n\t<meta name=\"twitter:data2\" content=\"\u00cen stoc\" \/>\n<script type=\"application\/ld+json\" class=\"yoast-schema-graph\">{\"@context\":\"https:\/\/schema.org\",\"@graph\":[{\"@type\":\"WebPage\",\"@id\":\"https:\/\/xstyle.md\/product\/binokl-nikon-sportstar-ex-10-x-25-dcf\/\",\"url\":\"https:\/\/xstyle.md\/product\/binokl-nikon-sportstar-ex-10-x-25-dcf\/\",\"name\":\"\u0411\u0438\u043d\u043e\u043a\u043b\u044c Nikon Sportstar EX 10 x 25 - \u041c\u0430\u0433\u0430\u0437\u0438\u043d Xstyle\",\"isPartOf\":{\"@id\":\"https:\/\/xstyle.md\/#website\"},\"primaryImageOfPage\":{\"@id\":\"https:\/\/xstyle.md\/product\/binokl-nikon-sportstar-ex-10-x-25-dcf\/#primaryimage\"},\"image\":{\"@id\":\"https:\/\/xstyle.md\/product\/binokl-nikon-sportstar-ex-10-x-25-dcf\/#primaryimage\"},\"thumbnailUrl\":\"https:\/\/xstyle.md\/wp-content\/uploads\/2020\/07\/389752425.jpg\",\"datePublished\":\"2020-07-16T19:10:40+00:00\",\"dateModified\":\"2026-01-09T09:50:44+00:00\",\"description\":\"\u0411\u0438\u043d\u043e\u043a\u043b\u044c Nikon Sportstar EX 10 x 25: \u043b\u0435\u0433\u043a\u0438\u0439, \u043a\u043e\u043c\u043f\u0430\u043a\u0442\u043d\u044b\u0439 \u0438 \u0443\u043d\u0438\u0432\u0435\u0440\u0441\u0430\u043b\u044c\u043d\u044b\u0439. \u0418\u0434\u0435\u0430\u043b\u0435\u043d \u0434\u043b\u044f \u043f\u0440\u043e\u0433\u0443\u043b\u043e\u043a \u0438 \u043f\u0443\u0442\u0435\u0448\u0435\u0441\u0442\u0432\u0438\u0439. \u0412\u044b\u0441\u043e\u043a\u043e\u0435 \u043a\u0430\u0447\u0435\u0441\u0442\u0432\u043e, \u044d\u0440\u0433\u043e\u043d\u043e\u043c\u0438\u0447\u043d\u044b\u0439 \u0434\u0438\u0437\u0430\u0439\u043d.\",\"breadcrumb\":{\"@id\":\"https:\/\/xstyle.md\/product\/binokl-nikon-sportstar-ex-10-x-25-dcf\/#breadcrumb\"},\"inLanguage\":\"ro-RO\",\"potentialAction\":[{\"@type\":\"ReadAction\",\"target\":[\"https:\/\/xstyle.md\/product\/binokl-nikon-sportstar-ex-10-x-25-dcf\/\"]}]},{\"@type\":\"ImageObject\",\"inLanguage\":\"ro-RO\",\"@id\":\"https:\/\/xstyle.md\/product\/binokl-nikon-sportstar-ex-10-x-25-dcf\/#primaryimage\",\"url\":\"https:\/\/xstyle.md\/wp-content\/uploads\/2020\/07\/389752425.jpg\",\"contentUrl\":\"https:\/\/xstyle.md\/wp-content\/uploads\/2020\/07\/389752425.jpg\",\"width\":700,\"height\":525},{\"@type\":\"BreadcrumbList\",\"@id\":\"https:\/\/xstyle.md\/product\/binokl-nikon-sportstar-ex-10-x-25-dcf\/#breadcrumb\",\"itemListElement\":[{\"@type\":\"ListItem\",\"position\":1,\"name\":\"\u0413\u043b\u0430\u0432\u043d\u0430\u044f \u0441\u0442\u0440\u0430\u043d\u0438\u0446\u0430\",\"item\":\"https:\/\/xstyle.md\/\"},{\"@type\":\"ListItem\",\"position\":2,\"name\":\"\u041c\u0430\u0433\u0430\u0437\u0438\u043d\",\"item\":\"https:\/\/xstyle.md\/shop\/\"},{\"@type\":\"ListItem\",\"position\":3,\"name\":\"\u0411\u0438\u043d\u043e\u043a\u043b\u044c Nikon Sportstar EX 10 x 25\"}]},{\"@type\":\"WebSite\",\"@id\":\"https:\/\/xstyle.md\/#website\",\"url\":\"https:\/\/xstyle.md\/\",\"name\":\"\u041c\u0430\u0433\u0430\u0437\u0438\u043d Xstyle\",\"description\":\"C\u043d\u0430\u0440\u044f\u0436\u0435\u043d\u0438\u0435 \u0434\u043b\u044f \u0442\u0443\u0440\u0438\u0437\u043c\u0430 \u0438 \u044d\u043a\u0441\u0442\u0440\u0435\u043c\u0430\u043b\u044c\u043d\u044b\u0445 \u0432\u0438\u0434\u043e\u0432 \u0441\u043f\u043e\u0440\u0442\u0430 \u0432 \u041c\u043e\u043b\u0434\u043e\u0432\u0435.. \u0426\u0435\u043d\u044b, \u0444\u043e\u0442\u043e, \u0445\u0430\u0440\u0430\u043a\u0442\u0435\u0440\u0438\u0441\u0442\u0438\u043a\u0438 \u0432 \u041c\u043e\u043b\u0434\u043e\u0432\u0435.\",\"publisher\":{\"@id\":\"https:\/\/xstyle.md\/#organization\"},\"alternateName\":\"X-Style\",\"potentialAction\":[{\"@type\":\"SearchAction\",\"target\":{\"@type\":\"EntryPoint\",\"urlTemplate\":\"https:\/\/xstyle.md\/?s={search_term_string}\"},\"query-input\":{\"@type\":\"PropertyValueSpecification\",\"valueRequired\":true,\"valueName\":\"search_term_string\"}}],\"inLanguage\":\"ro-RO\"},{\"@type\":\"Organization\",\"@id\":\"https:\/\/xstyle.md\/#organization\",\"name\":\"\u041c\u0430\u0433\u0430\u0437\u0438\u043d Xstyle\",\"alternateName\":\"x-style\",\"url\":\"https:\/\/xstyle.md\/\",\"logo\":{\"@type\":\"ImageObject\",\"inLanguage\":\"ro-RO\",\"@id\":\"https:\/\/xstyle.md\/#\/schema\/logo\/image\/\",\"url\":\"https:\/\/xstyle.md\/wp-content\/uploads\/2020\/06\/logoicon.svg\",\"contentUrl\":\"https:\/\/xstyle.md\/wp-content\/uploads\/2020\/06\/logoicon.svg\",\"caption\":\"\u041c\u0430\u0433\u0430\u0437\u0438\u043d Xstyle\"},\"image\":{\"@id\":\"https:\/\/xstyle.md\/#\/schema\/logo\/image\/\"},\"sameAs\":[\"https:\/\/www.facebook.com\/xstylemd\",\"https:\/\/www.instagram.com\/xstyle_md\/\",\"https:\/\/t.me\/xstyle_outdoor\"],\"hasMerchantReturnPolicy\":{\"@type\":\"MerchantReturnPolicy\",\"merchantReturnLink\":\"https:\/\/xstyle.md\/ro\/conditions\/\"}}]}<\/script>\n<meta property=\"product:price:amount\" content=\"2890.00\" \/>\n<meta property=\"product:price:currency\" content=\"MDL\" \/>\n<meta property=\"og:availability\" content=\"instock\" \/>\n<meta property=\"product:availability\" content=\"instock\" \/>\n<meta property=\"product:retailer_item_id\" content=\"4571137582296\" \/>\n<meta property=\"product:condition\" content=\"new\" \/>\n<!-- \/ Yoast SEO plugin. -->","yoast_head_json":{"title":"Binoclu Nikon Sportstar EX 10 x 25 DCF - Magazin Xstyle","description":"Binoclu Nikon Sportstar EX 10 x 25: u\u0219or, compact \u0219i versatil. Ideal pentru plimb\u0103ri \u0219i c\u0103l\u0103torii. Calitate \u00eenalt\u0103, design ergonomic.","robots":{"index":"index","follow":"follow","max-snippet":"max-snippet:-1","max-image-preview":"max-image-preview:large","max-video-preview":"max-video-preview:-1"},"canonical":"https:\/\/xstyle.md\/ro\/produs\/binokl-nikon-sportstar-ex-10-x-25-dcf\/","og_locale":"ro_RO","og_type":"article","og_title":"\u0411\u0438\u043d\u043e\u043a\u043b\u044c Nikon Sportstar EX 10 x 25 - \u041c\u0430\u0433\u0430\u0437\u0438\u043d Xstyle","og_description":"\u0411\u0438\u043d\u043e\u043a\u043b\u044c Nikon Sportstar EX 10 x 25: \u043b\u0435\u0433\u043a\u0438\u0439, \u043a\u043e\u043c\u043f\u0430\u043a\u0442\u043d\u044b\u0439 \u0438 \u0443\u043d\u0438\u0432\u0435\u0440\u0441\u0430\u043b\u044c\u043d\u044b\u0439. \u0418\u0434\u0435\u0430\u043b\u0435\u043d \u0434\u043b\u044f \u043f\u0440\u043e\u0433\u0443\u043b\u043e\u043a \u0438 \u043f\u0443\u0442\u0435\u0448\u0435\u0441\u0442\u0432\u0438\u0439. \u0412\u044b\u0441\u043e\u043a\u043e\u0435 \u043a\u0430\u0447\u0435\u0441\u0442\u0432\u043e, \u044d\u0440\u0433\u043e\u043d\u043e\u043c\u0438\u0447\u043d\u044b\u0439 \u0434\u0438\u0437\u0430\u0439\u043d.","og_url":"https:\/\/xstyle.md\/ro\/produs\/binokl-nikon-sportstar-ex-10-x-25-dcf\/","og_site_name":"\u041c\u0430\u0433\u0430\u0437\u0438\u043d Xstyle","article_publisher":"https:\/\/www.facebook.com\/xstylemd","article_modified_time":"2026-01-09T09:50:44+00:00","og_image":[{"width":700,"height":525,"url":"https:\/\/xstyle.md\/wp-content\/uploads\/2020\/07\/389752425.jpg","type":"image\/jpeg"}],"twitter_card":"summary_large_image","twitter_misc":{"Pre\u021b":"2.890&nbsp;MDL","Disponibilitate":"\u00cen stoc"},"schema":{"@context":"https:\/\/schema.org","@graph":[{"@type":"WebPage","@id":"https:\/\/xstyle.md\/product\/binokl-nikon-sportstar-ex-10-x-25-dcf\/","url":"https:\/\/xstyle.md\/product\/binokl-nikon-sportstar-ex-10-x-25-dcf\/","name":"Binoclu Nikon Sportstar EX 10 x 25 DCF - Magazin Xstyle","isPartOf":{"@id":"https:\/\/xstyle.md\/#website"},"primaryImageOfPage":{"@id":"https:\/\/xstyle.md\/product\/binokl-nikon-sportstar-ex-10-x-25-dcf\/#primaryimage"},"image":{"@id":"https:\/\/xstyle.md\/product\/binokl-nikon-sportstar-ex-10-x-25-dcf\/#primaryimage"},"thumbnailUrl":"https:\/\/xstyle.md\/wp-content\/uploads\/2020\/07\/389752425.jpg","datePublished":"2020-07-16T19:10:40+00:00","dateModified":"2026-01-09T09:50:44+00:00","description":"Binoclu Nikon Sportstar EX 10 x 25: u\u0219or, compact \u0219i versatil. Ideal pentru plimb\u0103ri \u0219i c\u0103l\u0103torii. Calitate \u00eenalt\u0103, design ergonomic.","breadcrumb":{"@id":"https:\/\/xstyle.md\/product\/binokl-nikon-sportstar-ex-10-x-25-dcf\/#breadcrumb"},"inLanguage":"ro-RO","potentialAction":[{"@type":"ReadAction","target":["https:\/\/xstyle.md\/product\/binokl-nikon-sportstar-ex-10-x-25-dcf\/"]}]},{"@type":"ImageObject","inLanguage":"ro-RO","@id":"https:\/\/xstyle.md\/product\/binokl-nikon-sportstar-ex-10-x-25-dcf\/#primaryimage","url":"https:\/\/xstyle.md\/wp-content\/uploads\/2020\/07\/389752425.jpg","contentUrl":"https:\/\/xstyle.md\/wp-content\/uploads\/2020\/07\/389752425.jpg","width":700,"height":525},{"@type":"BreadcrumbList","@id":"https:\/\/xstyle.md\/product\/binokl-nikon-sportstar-ex-10-x-25-dcf\/#breadcrumb","itemListElement":[{"@type":"ListItem","position":1,"name":"\u0413\u043b\u0430\u0432\u043d\u0430\u044f \u0441\u0442\u0440\u0430\u043d\u0438\u0446\u0430","item":"https:\/\/xstyle.md\/"},{"@type":"ListItem","position":2,"name":"\u041c\u0430\u0433\u0430\u0437\u0438\u043d","item":"https:\/\/xstyle.md\/shop\/"},{"@type":"ListItem","position":3,"name":"\u0411\u0438\u043d\u043e\u043a\u043b\u044c Nikon Sportstar EX 10 x 25"}]},{"@type":"WebSite","@id":"https:\/\/xstyle.md\/#website","url":"https:\/\/xstyle.md\/","name":"Magazinul X-Style","description":"Echipamente pentru turism \u0219i sporturi extreme \u00een Moldova. Pre\u021buri, fotografii, caracteristici \u00een Moldova.","publisher":{"@id":"https:\/\/xstyle.md\/#organization"},"alternateName":"X-Style","potentialAction":[{"@type":"SearchAction","target":{"@type":"EntryPoint","urlTemplate":"https:\/\/xstyle.md\/?s={search_term_string}"},"query-input":{"@type":"PropertyValueSpecification","valueRequired":true,"valueName":"search_term_string"}}],"inLanguage":"ro-RO"},{"@type":"Organization","@id":"https:\/\/xstyle.md\/#organization","name":"Magazinul X-Style","alternateName":"x-style","url":"https:\/\/xstyle.md\/","logo":{"@type":"ImageObject","inLanguage":"ro-RO","@id":"https:\/\/xstyle.md\/#\/schema\/logo\/image\/","url":"https:\/\/xstyle.md\/wp-content\/uploads\/2020\/06\/logoicon.svg","contentUrl":"https:\/\/xstyle.md\/wp-content\/uploads\/2020\/06\/logoicon.svg","caption":"\u041c\u0430\u0433\u0430\u0437\u0438\u043d Xstyle"},"image":{"@id":"https:\/\/xstyle.md\/#\/schema\/logo\/image\/"},"sameAs":["https:\/\/www.facebook.com\/xstylemd","https:\/\/www.instagram.com\/xstyle_md\/","https:\/\/t.me\/xstyle_outdoor"],"hasMerchantReturnPolicy":{"@type":"MerchantReturnPolicy","merchantReturnLink":"https:\/\/xstyle.md\/ro\/conditions\/"}}]},"product_price_amount":"2890.00","product_price_currency":"MDL","og_availability":"instock","product_availability":"instock","product_retailer_item_id":"4571137582296","product_condition":"new"},"post_mailing_queue_ids":[],"_links":{"self":[{"href":"https:\/\/xstyle.md\/ro\/wp-json\/wp\/v2\/product\/6926","targetHints":{"allow":["GET"]}}],"collection":[{"href":"https:\/\/xstyle.md\/ro\/wp-json\/wp\/v2\/product"}],"about":[{"href":"https:\/\/xstyle.md\/ro\/wp-json\/wp\/v2\/types\/product"}],"replies":[{"embeddable":true,"href":"https:\/\/xstyle.md\/ro\/wp-json\/wp\/v2\/comments?post=6926"}],"wp:featuredmedia":[{"embeddable":true,"href":"https:\/\/xstyle.md\/ro\/wp-json\/wp\/v2\/media\/6923"}],"wp:attachment":[{"href":"https:\/\/xstyle.md\/ro\/wp-json\/wp\/v2\/media?parent=6926"}],"wp:term":[{"taxonomy":"product_brand","embeddable":true,"href":"https:\/\/xstyle.md\/ro\/wp-json\/wp\/v2\/product_brand?post=6926"},{"taxonomy":"product_cat","embeddable":true,"href":"https:\/\/xstyle.md\/ro\/wp-json\/wp\/v2\/product_cat?post=6926"},{"taxonomy":"product_tag","embeddable":true,"href":"https:\/\/xstyle.md\/ro\/wp-json\/wp\/v2\/product_tag?post=6926"}],"curies":[{"name":"wp","href":"https:\/\/api.w.org\/{rel}","templated":true}]}}