{"id":68790,"date":"2023-05-23T18:06:31","date_gmt":"2023-05-23T15:06:31","guid":{"rendered":"https:\/\/xstyle.md\/?post_type=product&#038;p=68790"},"modified":"2025-05-08T10:24:30","modified_gmt":"2025-05-08T07:24:30","slug":"poncho-tent-turbat-molfar-yellow","status":"publish","type":"product","link":"https:\/\/xstyle.md\/ro\/produs\/poncho-tent-turbat-molfar-yellow\/","title":{"rendered":"Poncho Turbat Molfar yellow"},"content":{"rendered":"<p><strong>Turbat Molfar<\/strong> &#8212; \u043c\u043d\u043e\u0433\u043e\u0444\u0443\u043d\u043a\u0446\u0438\u043e\u043d\u0430\u043b\u044c\u043d\u043e\u0435 \u043f\u043e\u043d\u0447\u043e \u0440\u0430\u0437\u0440\u0430\u0431\u043e\u0442\u0430\u043d\u043e, \u0447\u0442\u043e\u0431\u044b \u0437\u0430\u0449\u0438\u0449\u0430\u0442\u044c \u043f\u0443\u0442\u0435\u0448\u0435\u0441\u0442\u0432\u0435\u043d\u043d\u0438\u043a\u043e\u0432 \u0432 \u043f\u0443\u0442\u0435\u0448\u0435\u0441\u0442\u0432\u0438\u044f\u0445 \u0432\u043e \u0432\u0440\u0435\u043c\u044f \u043d\u0435\u043f\u043e\u0433\u043e\u0434\u044b. \u0415\u0433\u043e \u043c\u043e\u0436\u043d\u043e \u0438\u0441\u043f\u043e\u043b\u044c\u0437\u043e\u0432\u0430\u0442\u044c \u043a\u0430\u043a \u043f\u043b\u0430\u0449, \u043e\u0434\u0435\u0432\u0430\u044f \u043f\u043e\u0432\u0435\u0440\u0445 \u0440\u044e\u043a\u0437\u0430\u043a\u0430, \u0430 \u043c\u043e\u0436\u043d\u043e &#8212; \u043a\u0430\u043a \u0442\u0435\u043d\u0442. \u041b\u0435\u0433\u0447\u0435 \u0432\u0441\u0435\u0433\u043e \u0442\u0440\u0430\u043d\u0441\u0444\u043e\u0440\u043c\u0438\u0440\u043e\u0432\u0430\u0442\u044c \u043f\u043e\u043d\u0447\u043e \u0432 \u0443\u0431\u0435\u0436\u0438\u0449\u0435 \u0434\u043b\u044f \u043d\u043e\u0447\u043b\u0435\u0433\u0430 \u0438\u043b\u0438 \u0432\u0440\u0435\u043c\u0435\u043d\u043d\u043e\u0433\u043e \u043d\u0430\u043a\u0440\u044b\u0442\u0438\u044f, \u0435\u0441\u043b\u0438 \u0443 \u0432\u0430\u0441 \u0435\u0441\u0442\u044c \u0442\u0440\u0435\u043a\u043a\u0438\u043d\u0433\u043e\u0432\u044b\u0435 \u043f\u0430\u043b\u043a\u0438.<\/p>\n<p>\u041f\u043e\u043d\u0447\u043e \u0438\u043c\u0435\u0435\u0442 \u0443\u0434\u043e\u0431\u043d\u044b\u0435 \u0440\u0430\u0437\u043c\u0435\u0440\u044b \u0438 \u043f\u043e\u043a\u0440\u044b\u0432\u0430\u0435\u0442 130 \u0441\u043c \u0432\u044b\u0441\u043e\u0442\u044b \u0447\u0435\u043b\u043e\u0432\u0435\u043a\u0430. \u0421\u043b\u0435\u0434\u043e\u0432\u0430\u0442\u0435\u043b\u044c\u043d\u043e, \u043e\u043d \u043d\u0430\u0434\u0435\u0436\u043d\u043e \u0437\u0430\u0449\u0438\u0449\u0430\u0435\u0442 \u0440\u044e\u043a\u0437\u0430\u043a \u0438 \u0431\u043e\u043b\u044c\u0448\u0443\u044e \u043f\u043e\u043b\u043e\u0432\u0438\u043d\u0443 \u0442\u0435\u043b\u0430 \u0438, \u0432 \u0442\u043e \u0436\u0435 \u0432\u0440\u0435\u043c\u044f, \u043d\u0435 \u043c\u0435\u0448\u0430\u0435\u0442 \u043f\u0440\u0438 \u0445\u043e\u0434\u044c\u0431\u0435. \u0415\u0433\u043e \u043c\u043e\u0436\u043d\u043e \u0438\u0441\u043f\u043e\u043b\u044c\u0437\u043e\u0432\u0430\u0442\u044c \u043a\u0430\u043a \u0432 \u0434\u043b\u0438\u0442\u0435\u043b\u044c\u043d\u044b\u0445 \u0442\u0440\u0435\u043a\u0438\u043d\u0433\u0430\u0445, \u0442\u0430\u043a \u0438 \u0432 \u043a\u043e\u0440\u043e\u0442\u043a\u0438\u0445 \u043f\u0443\u0442\u0435\u0448\u0435\u0441\u0442\u0432\u0438\u044f\u0445 \u043f\u043e \u0433\u043e\u0440\u0430\u043c.<\/p>\n<h3>Particularit\u0103\u021bi<\/h3>\n<ul>\n<li>\u041c\u043e\u0436\u043d\u043e \u0438\u0441\u043f\u043e\u043b\u044c\u0437\u043e\u0432\u0430\u0442\u044c \u0438 \u043a\u0430\u043a \u043f\u043b\u0430\u0449, \u0438 \u043a\u0430\u043a \u0442\u0435\u043d\u0442, \u0438 \u043a\u0430\u043a \u043f\u043e\u043d\u0447\u043e<\/li>\n<li>\u0415\u0441\u0442\u044c \u043f\u0435\u0442\u0435\u043b\u044c\u043a\u0438 \u0434\u043b\u044f \u043b\u0435\u0433\u043a\u043e\u0439 \u0442\u0440\u0430\u043d\u0441\u0444\u043e\u0440\u043c\u0430\u0446\u0438\u0438 \u043f\u043e\u043d\u0447\u043e \u0432 \u0442\u0435\u043d\u0442<\/li>\n<li>\u0418\u0437\u0433\u043e\u0442\u043e\u0432\u043b\u0435\u043d \u0438\u0437 \u043f\u0440\u043e\u0447\u043d\u044b\u0445 \u043c\u0430\u0442\u0435\u0440\u0438\u0430\u043b\u043e\u0432<\/li>\n<li>\u0423\u0434\u043e\u0431\u043d\u044b\u0435 \u0440\u0430\u0437\u043c\u0435\u0440\u044b<\/li>\n<li>Greutate u\u0219oar\u0103.<\/li>\n<\/ul>\n<h3>Caracteristici<\/h3>\n<ul>\n<li>\u041c\u0430\u0442\u0435\u0440\u0438\u0430\u043b &#8212; 68D \u043f\u043e\u043b\u0438\u044d\u0441\u0442\u0435\u0440 WR, 3 000 \u043c\u043c<\/li>\n<li>\u0420\u0430\u0437\u043c\u0435\u0440 L\/XL &#8212; 250 \u0445 140 \u0441\u043c<\/li>\n<li>\u0420\u0430\u0437\u043c\u0435\u0440 \u0432 \u0443\u043f\u0430\u043a\u043e\u0432\u043a\u0435 &#8212; 17 \u0445 11 \u0441\u043c<\/li>\n<li>\u0412\u0435\u0441 &#8212; 345 \u0433<\/li>\n<li>\u0420\u0430\u0437\u043c\u0435\u0440\u00a0S\/M &#8212; 210 \u0445 120 \u0441\u043c<\/li>\n<li>\u0420\u0430\u0437\u043c\u0435\u0440 \u0432 \u0443\u043f\u0430\u043a\u043e\u0432\u043a\u0435 &#8212; 8 \u0445 17 \u0441\u043c<\/li>\n<li>\u0412\u0435\u0441 &#8212; 325 \u0433<\/li>\n<\/ul>\n<h3>Marca<\/h3>\n<p>Turbat este un brand ucrainean care d\u0103r\u00e2m\u0103 toate stereotipurile \u0219i miturile legate de produsele autohtone \u0219i atitudinea p\u0103rtinitoare fa\u021b\u0103 de acestea. Brandul a demonstrat c\u0103 produc\u0103torul local nu cedeaz\u0103 cu nimic \u00een fa\u021ba calit\u0103\u021bii \u0219i durabilit\u0103\u021bii produselor de import. Echipamentele Turbat sunt adaptate realit\u0103\u021bilor din latitudinile noastre \u0219i vegeta\u021biei s\u0103lbatice a Carpa\u021bilor, cu arbori dobor\u00e2\u021bi \u0219i c\u0103r\u0103ri neumblate, care pot fi dep\u0103\u0219ite doar purt\u00e2nd haine \u0219i folosind un echipament de o rezisten\u021b\u0103 deosebit\u0103. Nu degeaba creatorii au \u00eemprumutat numele companiei de la r\u00e2ul Turbat \u2013 o ap\u0103 de o frumuse\u021be \u0219i puritate incredibile, dar, \u00een acela\u0219i timp, extrem de periculoas\u0103 \u0219i greu accesibil\u0103.<\/p>\n<p>Turbat ofer\u0103 clien\u021bilor s\u0103i \u00eembr\u0103c\u0103minte \u0219i echipament at\u00e2t pentru recreerea de var\u0103, c\u00e2t \u0219i pentru cea de iarn\u0103. Hainele, \u00eenc\u0103l\u021b\u0103mintea, corturile, sacii de dormit \u0219i rucsacurile de calitate, la pre\u021buri accesibile \u0219i cu un design unic, sunt doar o parte din portofoliul companiei. \u00cen plus, produc\u0103torul \u021bine cont de interesele diferitelor categorii de consumatori, oferind game dedicate pentru copii, b\u0103rba\u021bi \u0219i femei.<\/p>\n<p>Turbat are grij\u0103 de confortul \u0219i siguran\u021ba clien\u021bilor s\u0103i, inspir\u00e2ndu-i spre sporturi active, relaxare \u00een natur\u0103, c\u0103l\u0103torii romantice \u0219i aventuri memorabile.<\/p>","protected":false},"excerpt":{"rendered":"<p>Turbat Molfar &#8212; \u043c\u043d\u043e\u0433\u043e\u0444\u0443\u043d\u043a\u0446\u0438\u043e\u043d\u0430\u043b\u044c\u043d\u043e\u0435 \u043f\u043e\u043d\u0447\u043e \u0440\u0430\u0437\u0440\u0430\u0431\u043e\u0442\u0430\u043d\u043e, \u0447\u0442\u043e\u0431\u044b \u0437\u0430\u0449\u0438\u0449\u0430\u0442\u044c \u043f\u0443\u0442\u0435\u0448\u0435\u0441\u0442\u0432\u0435\u043d\u043d\u0438\u043a\u043e\u0432 \u0432 \u043f\u0443\u0442\u0435\u0448\u0435\u0441\u0442\u0432\u0438\u044f\u0445 \u0432\u043e \u0432\u0440\u0435\u043c\u044f \u043d\u0435\u043f\u043e\u0433\u043e\u0434\u044b. \u0415\u0433\u043e \u043c\u043e\u0436\u043d\u043e \u0438\u0441\u043f\u043e\u043b\u044c\u0437\u043e\u0432\u0430\u0442\u044c \u043a\u0430\u043a \u043f\u043b\u0430\u0449, \u043e\u0434\u0435\u0432\u0430\u044f \u043f\u043e\u0432\u0435\u0440\u0445 \u0440\u044e\u043a\u0437\u0430\u043a\u0430, \u0430 \u043c\u043e\u0436\u043d\u043e &#8212; \u043a\u0430\u043a \u0442\u0435\u043d\u0442. \u041b\u0435\u0433\u0447\u0435 \u0432\u0441\u0435\u0433\u043e \u0442\u0440\u0430\u043d\u0441\u0444\u043e\u0440\u043c\u0438\u0440\u043e\u0432\u0430\u0442\u044c \u043f\u043e\u043d\u0447\u043e \u0432 \u0443\u0431\u0435\u0436\u0438\u0449\u0435 \u0434\u043b\u044f \u043d\u043e\u0447\u043b\u0435\u0433\u0430 \u0438\u043b\u0438 \u0432\u0440\u0435\u043c\u0435\u043d\u043d\u043e\u0433\u043e \u043d\u0430\u043a\u0440\u044b\u0442\u0438\u044f, \u0435\u0441\u043b\u0438 \u0443 \u0432\u0430\u0441 \u0435\u0441\u0442\u044c \u0442\u0440\u0435\u043a\u043a\u0438\u043d\u0433\u043e\u0432\u044b\u0435 \u043f\u0430\u043b\u043a\u0438. \u041f\u043e\u043d\u0447\u043e \u0438\u043c\u0435\u0435\u0442 \u0443\u0434\u043e\u0431\u043d\u044b\u0435 \u0440\u0430\u0437\u043c\u0435\u0440\u044b \u0438 \u043f\u043e\u043a\u0440\u044b\u0432\u0430\u0435\u0442 130 \u0441\u043c \u0432\u044b\u0441\u043e\u0442\u044b \u0447\u0435\u043b\u043e\u0432\u0435\u043a\u0430. \u0421\u043b\u0435\u0434\u043e\u0432\u0430\u0442\u0435\u043b\u044c\u043d\u043e, [&hellip;]<\/p>\n","protected":false},"featured_media":69223,"comment_status":"open","ping_status":"closed","template":"","meta":{"_acf_changed":false,"inline_featured_image":false},"product_brand":[1469],"product_cat":[339],"product_tag":[],"class_list":{"0":"post-68790","1":"product","2":"type-product","3":"status-publish","4":"has-post-thumbnail","6":"product_brand-turbat","7":"product_cat-rain-coats","9":"first","10":"instock","11":"shipping-taxable","12":"purchasable","13":"product-type-simple"},"acf":[],"yoast_head":"<!-- This site is optimized with the Yoast SEO plugin v27.4 - https:\/\/yoast.com\/product\/yoast-seo-wordpress\/ -->\n<title>\u041f\u043e\u043d\u0447\u043e-\u0442\u0435\u043d\u0442 Turbat Molfar yellow - \u041c\u0430\u0433\u0430\u0437\u0438\u043d Xstyle<\/title>\n<meta name=\"description\" content=\"\u041f\u043e\u043d\u0447\u043e-\u0442\u0435\u043d\u0442 Turbat Molfar \u0436\u0435\u043b\u0442\u043e\u0433\u043e \u0446\u0432\u0435\u0442\u0430 \u2014 \u0438\u0434\u0435\u0430\u043b\u044c\u043d\u044b\u0439 \u0432\u044b\u0431\u043e\u0440 \u0434\u043b\u044f \u043e\u0442\u0434\u044b\u0445\u0430 \u043d\u0430 \u043f\u0440\u0438\u0440\u043e\u0434\u0435. \u041b\u0435\u0433\u043a\u0438\u0439, \u0432\u043e\u0434\u043e\u043e\u0442\u0442\u0430\u043b\u043a\u0438\u0432\u0430\u044e\u0449\u0438\u0439 \u0438 \u043a\u043e\u043c\u043f\u0430\u043a\u0442\u043d\u044b\u0439. \u0417\u0430\u0449\u0438\u0442\u0438\u0442\u0435 \u0441\u0435\u0431\u044f \u043e\u0442 \u0434\u043e\u0436\u0434\u044f!\" \/>\n<meta name=\"robots\" content=\"index, follow, max-snippet:-1, max-image-preview:large, max-video-preview:-1\" \/>\n<link rel=\"canonical\" href=\"https:\/\/xstyle.md\/ro\/produs\/poncho-tent-turbat-molfar-yellow\/\" \/>\n<meta property=\"og:locale\" content=\"ro_RO\" \/>\n<meta property=\"og:type\" content=\"article\" \/>\n<meta property=\"og:title\" content=\"\u041f\u043e\u043d\u0447\u043e-\u0442\u0435\u043d\u0442 Turbat Molfar yellow - \u041c\u0430\u0433\u0430\u0437\u0438\u043d Xstyle\" \/>\n<meta property=\"og:description\" content=\"\u041f\u043e\u043d\u0447\u043e-\u0442\u0435\u043d\u0442 Turbat Molfar \u0436\u0435\u043b\u0442\u043e\u0433\u043e \u0446\u0432\u0435\u0442\u0430 \u2014 \u0438\u0434\u0435\u0430\u043b\u044c\u043d\u044b\u0439 \u0432\u044b\u0431\u043e\u0440 \u0434\u043b\u044f \u043e\u0442\u0434\u044b\u0445\u0430 \u043d\u0430 \u043f\u0440\u0438\u0440\u043e\u0434\u0435. \u041b\u0435\u0433\u043a\u0438\u0439, \u0432\u043e\u0434\u043e\u043e\u0442\u0442\u0430\u043b\u043a\u0438\u0432\u0430\u044e\u0449\u0438\u0439 \u0438 \u043a\u043e\u043c\u043f\u0430\u043a\u0442\u043d\u044b\u0439. \u0417\u0430\u0449\u0438\u0442\u0438\u0442\u0435 \u0441\u0435\u0431\u044f \u043e\u0442 \u0434\u043e\u0436\u0434\u044f!\" \/>\n<meta property=\"og:url\" content=\"https:\/\/xstyle.md\/ro\/produs\/poncho-tent-turbat-molfar-yellow\/\" \/>\n<meta property=\"og:site_name\" content=\"\u041c\u0430\u0433\u0430\u0437\u0438\u043d Xstyle\" \/>\n<meta property=\"article:publisher\" content=\"https:\/\/www.facebook.com\/xstylemd\" \/>\n<meta property=\"article:modified_time\" content=\"2025-05-08T07:24:30+00:00\" \/>\n<meta property=\"og:image\" content=\"https:\/\/xstyle.md\/wp-content\/uploads\/2023\/05\/turbat-molfar-yellow.jpg\" \/>\n\t<meta property=\"og:image:width\" content=\"842\" \/>\n\t<meta property=\"og:image:height\" content=\"832\" \/>\n\t<meta property=\"og:image:type\" content=\"image\/jpeg\" \/>\n<meta name=\"twitter:card\" content=\"summary_large_image\" \/>\n<meta name=\"twitter:label1\" content=\"Pre\u021b\" \/>\n\t<meta name=\"twitter:data1\" content=\"750&nbsp;MDL\" \/>\n\t<meta name=\"twitter:label2\" content=\"Disponibilitate\" \/>\n\t<meta name=\"twitter:data2\" content=\"\u00cen stoc\" \/>\n<script type=\"application\/ld+json\" class=\"yoast-schema-graph\">{\"@context\":\"https:\\\/\\\/schema.org\",\"@graph\":[{\"@type\":\"WebPage\",\"@id\":\"https:\\\/\\\/xstyle.md\\\/product\\\/poncho-tent-turbat-molfar-yellow\\\/\",\"url\":\"https:\\\/\\\/xstyle.md\\\/product\\\/poncho-tent-turbat-molfar-yellow\\\/\",\"name\":\"\u041f\u043e\u043d\u0447\u043e-\u0442\u0435\u043d\u0442 Turbat Molfar yellow - \u041c\u0430\u0433\u0430\u0437\u0438\u043d Xstyle\",\"isPartOf\":{\"@id\":\"https:\\\/\\\/xstyle.md\\\/#website\"},\"primaryImageOfPage\":{\"@id\":\"https:\\\/\\\/xstyle.md\\\/product\\\/poncho-tent-turbat-molfar-yellow\\\/#primaryimage\"},\"image\":{\"@id\":\"https:\\\/\\\/xstyle.md\\\/product\\\/poncho-tent-turbat-molfar-yellow\\\/#primaryimage\"},\"thumbnailUrl\":\"https:\\\/\\\/xstyle.md\\\/wp-content\\\/uploads\\\/2023\\\/05\\\/turbat-molfar-yellow.jpg\",\"datePublished\":\"2023-05-23T15:06:31+00:00\",\"dateModified\":\"2025-05-08T07:24:30+00:00\",\"description\":\"\u041f\u043e\u043d\u0447\u043e-\u0442\u0435\u043d\u0442 Turbat Molfar \u0436\u0435\u043b\u0442\u043e\u0433\u043e \u0446\u0432\u0435\u0442\u0430 \u2014 \u0438\u0434\u0435\u0430\u043b\u044c\u043d\u044b\u0439 \u0432\u044b\u0431\u043e\u0440 \u0434\u043b\u044f \u043e\u0442\u0434\u044b\u0445\u0430 \u043d\u0430 \u043f\u0440\u0438\u0440\u043e\u0434\u0435. \u041b\u0435\u0433\u043a\u0438\u0439, \u0432\u043e\u0434\u043e\u043e\u0442\u0442\u0430\u043b\u043a\u0438\u0432\u0430\u044e\u0449\u0438\u0439 \u0438 \u043a\u043e\u043c\u043f\u0430\u043a\u0442\u043d\u044b\u0439. \u0417\u0430\u0449\u0438\u0442\u0438\u0442\u0435 \u0441\u0435\u0431\u044f \u043e\u0442 \u0434\u043e\u0436\u0434\u044f!\",\"breadcrumb\":{\"@id\":\"https:\\\/\\\/xstyle.md\\\/product\\\/poncho-tent-turbat-molfar-yellow\\\/#breadcrumb\"},\"inLanguage\":\"ro-RO\",\"potentialAction\":[{\"@type\":\"ReadAction\",\"target\":[\"https:\\\/\\\/xstyle.md\\\/product\\\/poncho-tent-turbat-molfar-yellow\\\/\"]}]},{\"@type\":\"ImageObject\",\"inLanguage\":\"ro-RO\",\"@id\":\"https:\\\/\\\/xstyle.md\\\/product\\\/poncho-tent-turbat-molfar-yellow\\\/#primaryimage\",\"url\":\"https:\\\/\\\/xstyle.md\\\/wp-content\\\/uploads\\\/2023\\\/05\\\/turbat-molfar-yellow.jpg\",\"contentUrl\":\"https:\\\/\\\/xstyle.md\\\/wp-content\\\/uploads\\\/2023\\\/05\\\/turbat-molfar-yellow.jpg\",\"width\":842,\"height\":832,\"caption\":\"\u041f\u043e\u043d\u0447\u043e-\u0442\u0435\u043d\u0442 Turbat Molfar \u0436\u0435\u043b\u0442\u043e\u0433\u043e \u0446\u0432\u0435\u0442\u0430 \u0434\u043b\u044f \u0430\u043a\u0442\u0438\u0432\u043d\u043e\u0433\u043e \u043e\u0442\u0434\u044b\u0445\u0430, \u043f\u0443\u0442\u0435\u0448\u0435\u0441\u0442\u0432\u0438\u0439, \u0445\u0430\u0439\u043a\u0438\u043d\u0433\u0430 \u0438 \u0430\u043b\u044c\u043f\u0438\u043d\u0438\u0437\u043c\u0430 \u043d\u0430 \u0441\u0430\u0439\u0442\u0435 \u0438\u043d\u0442\u0435\u0440\u043d\u0435\u0442-\u043c\u0430\u0433\u0430\u0437\u0438\u043d\u0430 \u0441\u043f\u043e\u0440\u0442\u0438\u0432\u043d\u043e\u0439 \u043e\u0434\u0435\u0436\u0434\u044b \u0438 \u043e\u0431\u0443\u0432\u0438\"},{\"@type\":\"BreadcrumbList\",\"@id\":\"https:\\\/\\\/xstyle.md\\\/product\\\/poncho-tent-turbat-molfar-yellow\\\/#breadcrumb\",\"itemListElement\":[{\"@type\":\"ListItem\",\"position\":1,\"name\":\"\u0413\u043b\u0430\u0432\u043d\u0430\u044f \u0441\u0442\u0440\u0430\u043d\u0438\u0446\u0430\",\"item\":\"https:\\\/\\\/xstyle.md\\\/\"},{\"@type\":\"ListItem\",\"position\":2,\"name\":\"\u041c\u0430\u0433\u0430\u0437\u0438\u043d\",\"item\":\"https:\\\/\\\/xstyle.md\\\/shop\\\/\"},{\"@type\":\"ListItem\",\"position\":3,\"name\":\"\u041f\u043e\u043d\u0447\u043e-\u0442\u0435\u043d\u0442 Turbat Molfar yellow\"}]},{\"@type\":\"WebSite\",\"@id\":\"https:\\\/\\\/xstyle.md\\\/#website\",\"url\":\"https:\\\/\\\/xstyle.md\\\/\",\"name\":\"\u041c\u0430\u0433\u0430\u0437\u0438\u043d Xstyle\",\"description\":\"C\u043d\u0430\u0440\u044f\u0436\u0435\u043d\u0438\u0435 \u0434\u043b\u044f \u0442\u0443\u0440\u0438\u0437\u043c\u0430 \u0438 \u044d\u043a\u0441\u0442\u0440\u0435\u043c\u0430\u043b\u044c\u043d\u044b\u0445 \u0432\u0438\u0434\u043e\u0432 \u0441\u043f\u043e\u0440\u0442\u0430 \u0432 \u041c\u043e\u043b\u0434\u043e\u0432\u0435.. \u0426\u0435\u043d\u044b, \u0444\u043e\u0442\u043e, \u0445\u0430\u0440\u0430\u043a\u0442\u0435\u0440\u0438\u0441\u0442\u0438\u043a\u0438 \u0432 \u041c\u043e\u043b\u0434\u043e\u0432\u0435.\",\"publisher\":{\"@id\":\"https:\\\/\\\/xstyle.md\\\/#organization\"},\"alternateName\":\"X-Style\",\"potentialAction\":[{\"@type\":\"SearchAction\",\"target\":{\"@type\":\"EntryPoint\",\"urlTemplate\":\"https:\\\/\\\/xstyle.md\\\/?s={search_term_string}\"},\"query-input\":{\"@type\":\"PropertyValueSpecification\",\"valueRequired\":true,\"valueName\":\"search_term_string\"}}],\"inLanguage\":\"ro-RO\"},{\"@type\":\"Organization\",\"@id\":\"https:\\\/\\\/xstyle.md\\\/#organization\",\"name\":\"\u041c\u0430\u0433\u0430\u0437\u0438\u043d Xstyle\",\"alternateName\":\"x-style\",\"url\":\"https:\\\/\\\/xstyle.md\\\/\",\"logo\":{\"@type\":\"ImageObject\",\"inLanguage\":\"ro-RO\",\"@id\":\"https:\\\/\\\/xstyle.md\\\/#\\\/schema\\\/logo\\\/image\\\/\",\"url\":\"https:\\\/\\\/xstyle.md\\\/wp-content\\\/uploads\\\/2020\\\/06\\\/logoicon.svg\",\"contentUrl\":\"https:\\\/\\\/xstyle.md\\\/wp-content\\\/uploads\\\/2020\\\/06\\\/logoicon.svg\",\"caption\":\"\u041c\u0430\u0433\u0430\u0437\u0438\u043d Xstyle\"},\"image\":{\"@id\":\"https:\\\/\\\/xstyle.md\\\/#\\\/schema\\\/logo\\\/image\\\/\"},\"sameAs\":[\"https:\\\/\\\/www.facebook.com\\\/xstylemd\",\"https:\\\/\\\/www.instagram.com\\\/xstyle_md\\\/\",\"https:\\\/\\\/t.me\\\/xstyle_outdoor\"],\"hasMerchantReturnPolicy\":{\"@type\":\"MerchantReturnPolicy\",\"merchantReturnLink\":\"https:\\\/\\\/xstyle.md\\\/ro\\\/conditions\\\/\"}}]}<\/script>\n<meta property=\"product:price:amount\" content=\"750.00\" \/>\n<meta property=\"product:price:currency\" content=\"MDL\" \/>\n<meta property=\"og:availability\" content=\"instock\" \/>\n<meta property=\"product:availability\" content=\"instock\" \/>\n<meta property=\"product:retailer_item_id\" content=\"4823100507196\" \/>\n<meta property=\"product:condition\" content=\"new\" \/>\n<!-- \/ Yoast SEO plugin. -->","yoast_head_json":{"title":"Poncho-tent Turbat Molfar galben - Magazin Xstyle","description":"PONCHO-TENT Turbat Molfar de culoare galben\u0103 - alegerea ideal\u0103 pentru petrecerea timpului \u00een natur\u0103. U\u0219or, rezistent la ap\u0103 \u0219i compact. Proteja\u021bi-v\u0103 de ploaie!","robots":{"index":"index","follow":"follow","max-snippet":"max-snippet:-1","max-image-preview":"max-image-preview:large","max-video-preview":"max-video-preview:-1"},"canonical":"https:\/\/xstyle.md\/ro\/produs\/poncho-tent-turbat-molfar-yellow\/","og_locale":"ro_RO","og_type":"article","og_title":"\u041f\u043e\u043d\u0447\u043e-\u0442\u0435\u043d\u0442 Turbat Molfar yellow - \u041c\u0430\u0433\u0430\u0437\u0438\u043d Xstyle","og_description":"\u041f\u043e\u043d\u0447\u043e-\u0442\u0435\u043d\u0442 Turbat Molfar \u0436\u0435\u043b\u0442\u043e\u0433\u043e \u0446\u0432\u0435\u0442\u0430 \u2014 \u0438\u0434\u0435\u0430\u043b\u044c\u043d\u044b\u0439 \u0432\u044b\u0431\u043e\u0440 \u0434\u043b\u044f \u043e\u0442\u0434\u044b\u0445\u0430 \u043d\u0430 \u043f\u0440\u0438\u0440\u043e\u0434\u0435. \u041b\u0435\u0433\u043a\u0438\u0439, \u0432\u043e\u0434\u043e\u043e\u0442\u0442\u0430\u043b\u043a\u0438\u0432\u0430\u044e\u0449\u0438\u0439 \u0438 \u043a\u043e\u043c\u043f\u0430\u043a\u0442\u043d\u044b\u0439. \u0417\u0430\u0449\u0438\u0442\u0438\u0442\u0435 \u0441\u0435\u0431\u044f \u043e\u0442 \u0434\u043e\u0436\u0434\u044f!","og_url":"https:\/\/xstyle.md\/ro\/produs\/poncho-tent-turbat-molfar-yellow\/","og_site_name":"\u041c\u0430\u0433\u0430\u0437\u0438\u043d Xstyle","article_publisher":"https:\/\/www.facebook.com\/xstylemd","article_modified_time":"2025-05-08T07:24:30+00:00","og_image":[{"width":842,"height":832,"url":"https:\/\/xstyle.md\/wp-content\/uploads\/2023\/05\/turbat-molfar-yellow.jpg","type":"image\/jpeg"}],"twitter_card":"summary_large_image","twitter_misc":{"Pre\u021b":"750&nbsp;MDL","Disponibilitate":"\u00cen stoc"},"schema":{"@context":"https:\/\/schema.org","@graph":[{"@type":"WebPage","@id":"https:\/\/xstyle.md\/product\/poncho-tent-turbat-molfar-yellow\/","url":"https:\/\/xstyle.md\/product\/poncho-tent-turbat-molfar-yellow\/","name":"Poncho-tent Turbat Molfar galben - Magazin Xstyle","isPartOf":{"@id":"https:\/\/xstyle.md\/#website"},"primaryImageOfPage":{"@id":"https:\/\/xstyle.md\/product\/poncho-tent-turbat-molfar-yellow\/#primaryimage"},"image":{"@id":"https:\/\/xstyle.md\/product\/poncho-tent-turbat-molfar-yellow\/#primaryimage"},"thumbnailUrl":"https:\/\/xstyle.md\/wp-content\/uploads\/2023\/05\/turbat-molfar-yellow.jpg","datePublished":"2023-05-23T15:06:31+00:00","dateModified":"2025-05-08T07:24:30+00:00","description":"PONCHO-TENT Turbat Molfar de culoare galben\u0103 - alegerea ideal\u0103 pentru petrecerea timpului \u00een natur\u0103. U\u0219or, rezistent la ap\u0103 \u0219i compact. Proteja\u021bi-v\u0103 de ploaie!","breadcrumb":{"@id":"https:\/\/xstyle.md\/product\/poncho-tent-turbat-molfar-yellow\/#breadcrumb"},"inLanguage":"ro-RO","potentialAction":[{"@type":"ReadAction","target":["https:\/\/xstyle.md\/product\/poncho-tent-turbat-molfar-yellow\/"]}]},{"@type":"ImageObject","inLanguage":"ro-RO","@id":"https:\/\/xstyle.md\/product\/poncho-tent-turbat-molfar-yellow\/#primaryimage","url":"https:\/\/xstyle.md\/wp-content\/uploads\/2023\/05\/turbat-molfar-yellow.jpg","contentUrl":"https:\/\/xstyle.md\/wp-content\/uploads\/2023\/05\/turbat-molfar-yellow.jpg","width":842,"height":832,"caption":"\u041f\u043e\u043d\u0447\u043e-\u0442\u0435\u043d\u0442 Turbat Molfar \u0436\u0435\u043b\u0442\u043e\u0433\u043e \u0446\u0432\u0435\u0442\u0430 \u0434\u043b\u044f \u0430\u043a\u0442\u0438\u0432\u043d\u043e\u0433\u043e \u043e\u0442\u0434\u044b\u0445\u0430, \u043f\u0443\u0442\u0435\u0448\u0435\u0441\u0442\u0432\u0438\u0439, \u0445\u0430\u0439\u043a\u0438\u043d\u0433\u0430 \u0438 \u0430\u043b\u044c\u043f\u0438\u043d\u0438\u0437\u043c\u0430 \u043d\u0430 \u0441\u0430\u0439\u0442\u0435 \u0438\u043d\u0442\u0435\u0440\u043d\u0435\u0442-\u043c\u0430\u0433\u0430\u0437\u0438\u043d\u0430 \u0441\u043f\u043e\u0440\u0442\u0438\u0432\u043d\u043e\u0439 \u043e\u0434\u0435\u0436\u0434\u044b \u0438 \u043e\u0431\u0443\u0432\u0438"},{"@type":"BreadcrumbList","@id":"https:\/\/xstyle.md\/product\/poncho-tent-turbat-molfar-yellow\/#breadcrumb","itemListElement":[{"@type":"ListItem","position":1,"name":"\u0413\u043b\u0430\u0432\u043d\u0430\u044f \u0441\u0442\u0440\u0430\u043d\u0438\u0446\u0430","item":"https:\/\/xstyle.md\/"},{"@type":"ListItem","position":2,"name":"\u041c\u0430\u0433\u0430\u0437\u0438\u043d","item":"https:\/\/xstyle.md\/shop\/"},{"@type":"ListItem","position":3,"name":"\u041f\u043e\u043d\u0447\u043e-\u0442\u0435\u043d\u0442 Turbat Molfar yellow"}]},{"@type":"WebSite","@id":"https:\/\/xstyle.md\/#website","url":"https:\/\/xstyle.md\/","name":"Magazinul X-Style","description":"Echipamente pentru turism \u0219i sporturi extreme \u00een Moldova. Pre\u021buri, fotografii, caracteristici \u00een Moldova.","publisher":{"@id":"https:\/\/xstyle.md\/#organization"},"alternateName":"X-Style","potentialAction":[{"@type":"SearchAction","target":{"@type":"EntryPoint","urlTemplate":"https:\/\/xstyle.md\/?s={search_term_string}"},"query-input":{"@type":"PropertyValueSpecification","valueRequired":true,"valueName":"search_term_string"}}],"inLanguage":"ro-RO"},{"@type":"Organization","@id":"https:\/\/xstyle.md\/#organization","name":"Magazinul X-Style","alternateName":"x-style","url":"https:\/\/xstyle.md\/","logo":{"@type":"ImageObject","inLanguage":"ro-RO","@id":"https:\/\/xstyle.md\/#\/schema\/logo\/image\/","url":"https:\/\/xstyle.md\/wp-content\/uploads\/2020\/06\/logoicon.svg","contentUrl":"https:\/\/xstyle.md\/wp-content\/uploads\/2020\/06\/logoicon.svg","caption":"\u041c\u0430\u0433\u0430\u0437\u0438\u043d Xstyle"},"image":{"@id":"https:\/\/xstyle.md\/#\/schema\/logo\/image\/"},"sameAs":["https:\/\/www.facebook.com\/xstylemd","https:\/\/www.instagram.com\/xstyle_md\/","https:\/\/t.me\/xstyle_outdoor"],"hasMerchantReturnPolicy":{"@type":"MerchantReturnPolicy","merchantReturnLink":"https:\/\/xstyle.md\/ro\/conditions\/"}}]},"product_price_amount":"750.00","product_price_currency":"MDL","og_availability":"instock","product_availability":"instock","product_retailer_item_id":"4823100507196","product_condition":"new"},"post_mailing_queue_ids":[],"_links":{"self":[{"href":"https:\/\/xstyle.md\/ro\/wp-json\/wp\/v2\/product\/68790","targetHints":{"allow":["GET"]}}],"collection":[{"href":"https:\/\/xstyle.md\/ro\/wp-json\/wp\/v2\/product"}],"about":[{"href":"https:\/\/xstyle.md\/ro\/wp-json\/wp\/v2\/types\/product"}],"replies":[{"embeddable":true,"href":"https:\/\/xstyle.md\/ro\/wp-json\/wp\/v2\/comments?post=68790"}],"wp:featuredmedia":[{"embeddable":true,"href":"https:\/\/xstyle.md\/ro\/wp-json\/wp\/v2\/media\/69223"}],"wp:attachment":[{"href":"https:\/\/xstyle.md\/ro\/wp-json\/wp\/v2\/media?parent=68790"}],"wp:term":[{"taxonomy":"product_brand","embeddable":true,"href":"https:\/\/xstyle.md\/ro\/wp-json\/wp\/v2\/product_brand?post=68790"},{"taxonomy":"product_cat","embeddable":true,"href":"https:\/\/xstyle.md\/ro\/wp-json\/wp\/v2\/product_cat?post=68790"},{"taxonomy":"product_tag","embeddable":true,"href":"https:\/\/xstyle.md\/ro\/wp-json\/wp\/v2\/product_tag?post=68790"}],"curies":[{"name":"wp","href":"https:\/\/api.w.org\/{rel}","templated":true}]}}