{"id":68778,"date":"2023-05-23T18:06:30","date_gmt":"2023-05-23T15:06:30","guid":{"rendered":"https:\/\/xstyle.md\/?post_type=product&#038;p=68778"},"modified":"2025-07-28T12:11:56","modified_gmt":"2025-07-28T09:11:56","slug":"chehol-dlya-palatki-turbat-buritos-2-red","status":"publish","type":"product","link":"https:\/\/xstyle.md\/ro\/produs\/chehol-dlya-palatki-turbat-buritos-2-red\/","title":{"rendered":"Hus\u0103 pentru cort Turbat Buritos 2 red"},"content":{"rendered":"<\/p>\n<p><strong>Turbat Buritos 2 red<\/strong> &#8212; husa de cort burrito. Datorit\u0103 ambalajului orizontal, cortul poate fi a\u0219ezat cu u\u0219urin\u021b\u0103 \u00een copert\u0103, iar curelele de compresie vor reduce dimensiunea cortului. De asemenea, poate fi fixat pe un rucsac sau pe o biciclet\u0103 de munte (ghidon) \u0219i nu trebuie s\u0103 v\u0103 face\u021bi griji c\u0103 v\u0103 pierde\u021bi cortul pe drum. Este conceput pentru majoritatea corturilor de dou\u0103 persoane, dar poate fi folosit \u0219i pentru echipament \u0219i \u00eembr\u0103c\u0103minte. De exemplu, pentru a separa hainele ude de cele uscate.<\/p>\n<h3>Particularit\u0103\u021bi<\/h3>\n<ul>\n<li>Ambalare orizontal\u0103<\/li>\n<li>Curelele de compresie vor reduce dimensiunea cortului<\/li>\n<li>Poate fi fixat pe un rucsac sau pe o biciclet\u0103 de munte (ghidon).<\/li>\n<\/ul>\n<h3>Caracteristici<\/h3>\n<ul>\n<li>Material &#8212; poliester 68D PU 3000 mm W\/R<\/li>\n<li>Dimensiuni &#8212; 16 x 23 x 47 cm<\/li>\n<li>Greutate &#8212; 65 g.<\/li>\n<\/ul>\n<p><\/p>","protected":false},"excerpt":{"rendered":"","protected":false},"featured_media":69184,"comment_status":"open","ping_status":"closed","template":"","meta":{"_acf_changed":false,"inline_featured_image":false},"product_brand":[1469],"product_cat":[312],"product_tag":[],"class_list":{"0":"post-68778","1":"product","2":"type-product","3":"status-publish","4":"has-post-thumbnail","6":"product_brand-turbat","7":"product_cat-accessories-for-tents","9":"first","10":"instock","11":"shipping-taxable","12":"purchasable","13":"product-type-simple"},"acf":[],"yoast_head":"<!-- This site is optimized with the Yoast SEO plugin v27.4 - https:\/\/yoast.com\/product\/yoast-seo-wordpress\/ -->\n<title>\u0427\u0435\u0445\u043e\u043b \u0434\u043b\u044f \u043f\u0430\u043b\u0430\u0442\u043a\u0438 Turbat Buritos 2 red - \u041c\u0430\u0433\u0430\u0437\u0438\u043d Xstyle<\/title>\n<meta name=\"description\" content=\"\u0427\u0435\u0445\u043e\u043b \u0434\u043b\u044f \u043f\u0430\u043b\u0430\u0442\u043a\u0438 Turbat Buritos 2 red \u2013 \u0438\u0434\u0435\u0430\u043b\u044c\u043d\u044b\u0439 \u0437\u0430\u0449\u0438\u0442\u043d\u0438\u043a \u0434\u043b\u044f \u0432\u0430\u0448\u0435\u0433\u043e \u043f\u0430\u043b\u0430\u0442\u043a\u0438. \u041b\u0435\u0433\u043a\u043e \u043a\u0440\u0435\u043f\u0438\u0442\u0441\u044f \u043a \u0440\u044e\u043a\u0437\u0430\u043a\u0430\u043c, \u0443\u043c\u0435\u043d\u044c\u0448\u0430\u0435\u0442 \u043e\u0431\u044a\u0435\u043c \u0438 \u043d\u0430\u0434\u0435\u0436\u043d\u043e \u0444\u0438\u043a\u0441\u0438\u0440\u0443\u0435\u0442.\" \/>\n<meta name=\"robots\" content=\"index, follow, max-snippet:-1, max-image-preview:large, max-video-preview:-1\" \/>\n<link rel=\"canonical\" href=\"https:\/\/xstyle.md\/ro\/produs\/chehol-dlya-palatki-turbat-buritos-2-red\/\" \/>\n<meta property=\"og:locale\" content=\"ro_RO\" \/>\n<meta property=\"og:type\" content=\"article\" \/>\n<meta property=\"og:title\" content=\"\u0427\u0435\u0445\u043e\u043b \u0434\u043b\u044f \u043f\u0430\u043b\u0430\u0442\u043a\u0438 Turbat Buritos 2 red - \u041c\u0430\u0433\u0430\u0437\u0438\u043d Xstyle\" \/>\n<meta property=\"og:description\" content=\"\u0427\u0435\u0445\u043e\u043b \u0434\u043b\u044f \u043f\u0430\u043b\u0430\u0442\u043a\u0438 Turbat Buritos 2 red \u2013 \u0438\u0434\u0435\u0430\u043b\u044c\u043d\u044b\u0439 \u0437\u0430\u0449\u0438\u0442\u043d\u0438\u043a \u0434\u043b\u044f \u0432\u0430\u0448\u0435\u0433\u043e \u043f\u0430\u043b\u0430\u0442\u043a\u0438. \u041b\u0435\u0433\u043a\u043e \u043a\u0440\u0435\u043f\u0438\u0442\u0441\u044f \u043a \u0440\u044e\u043a\u0437\u0430\u043a\u0430\u043c, \u0443\u043c\u0435\u043d\u044c\u0448\u0430\u0435\u0442 \u043e\u0431\u044a\u0435\u043c \u0438 \u043d\u0430\u0434\u0435\u0436\u043d\u043e \u0444\u0438\u043a\u0441\u0438\u0440\u0443\u0435\u0442.\" \/>\n<meta property=\"og:url\" content=\"https:\/\/xstyle.md\/ro\/produs\/chehol-dlya-palatki-turbat-buritos-2-red\/\" \/>\n<meta property=\"og:site_name\" content=\"\u041c\u0430\u0433\u0430\u0437\u0438\u043d Xstyle\" \/>\n<meta property=\"article:publisher\" content=\"https:\/\/www.facebook.com\/xstylemd\" \/>\n<meta property=\"article:modified_time\" content=\"2025-07-28T09:11:56+00:00\" \/>\n<meta property=\"og:image\" content=\"https:\/\/xstyle.md\/wp-content\/uploads\/2023\/05\/turbat-buritos-2-red.jpg\" \/>\n\t<meta property=\"og:image:width\" content=\"880\" \/>\n\t<meta property=\"og:image:height\" content=\"784\" \/>\n\t<meta property=\"og:image:type\" content=\"image\/jpeg\" \/>\n<meta name=\"twitter:card\" content=\"summary_large_image\" \/>\n<meta name=\"twitter:label1\" content=\"Pre\u021b\" \/>\n\t<meta name=\"twitter:data1\" content=\"270&nbsp;MDL\" \/>\n\t<meta name=\"twitter:label2\" content=\"Disponibilitate\" \/>\n\t<meta name=\"twitter:data2\" content=\"\u00cen stoc\" \/>\n<script type=\"application\/ld+json\" class=\"yoast-schema-graph\">{\"@context\":\"https:\\\/\\\/schema.org\",\"@graph\":[{\"@type\":\"WebPage\",\"@id\":\"https:\\\/\\\/xstyle.md\\\/product\\\/chehol-dlya-palatki-turbat-buritos-2-red\\\/\",\"url\":\"https:\\\/\\\/xstyle.md\\\/product\\\/chehol-dlya-palatki-turbat-buritos-2-red\\\/\",\"name\":\"\u0427\u0435\u0445\u043e\u043b \u0434\u043b\u044f \u043f\u0430\u043b\u0430\u0442\u043a\u0438 Turbat Buritos 2 red - \u041c\u0430\u0433\u0430\u0437\u0438\u043d Xstyle\",\"isPartOf\":{\"@id\":\"https:\\\/\\\/xstyle.md\\\/#website\"},\"primaryImageOfPage\":{\"@id\":\"https:\\\/\\\/xstyle.md\\\/product\\\/chehol-dlya-palatki-turbat-buritos-2-red\\\/#primaryimage\"},\"image\":{\"@id\":\"https:\\\/\\\/xstyle.md\\\/product\\\/chehol-dlya-palatki-turbat-buritos-2-red\\\/#primaryimage\"},\"thumbnailUrl\":\"https:\\\/\\\/xstyle.md\\\/wp-content\\\/uploads\\\/2023\\\/05\\\/turbat-buritos-2-red.jpg\",\"datePublished\":\"2023-05-23T15:06:30+00:00\",\"dateModified\":\"2025-07-28T09:11:56+00:00\",\"description\":\"\u0427\u0435\u0445\u043e\u043b \u0434\u043b\u044f \u043f\u0430\u043b\u0430\u0442\u043a\u0438 Turbat Buritos 2 red \u2013 \u0438\u0434\u0435\u0430\u043b\u044c\u043d\u044b\u0439 \u0437\u0430\u0449\u0438\u0442\u043d\u0438\u043a \u0434\u043b\u044f \u0432\u0430\u0448\u0435\u0433\u043e \u043f\u0430\u043b\u0430\u0442\u043a\u0438. \u041b\u0435\u0433\u043a\u043e \u043a\u0440\u0435\u043f\u0438\u0442\u0441\u044f \u043a \u0440\u044e\u043a\u0437\u0430\u043a\u0430\u043c, \u0443\u043c\u0435\u043d\u044c\u0448\u0430\u0435\u0442 \u043e\u0431\u044a\u0435\u043c \u0438 \u043d\u0430\u0434\u0435\u0436\u043d\u043e \u0444\u0438\u043a\u0441\u0438\u0440\u0443\u0435\u0442.\",\"breadcrumb\":{\"@id\":\"https:\\\/\\\/xstyle.md\\\/product\\\/chehol-dlya-palatki-turbat-buritos-2-red\\\/#breadcrumb\"},\"inLanguage\":\"ro-RO\",\"potentialAction\":[{\"@type\":\"ReadAction\",\"target\":[\"https:\\\/\\\/xstyle.md\\\/product\\\/chehol-dlya-palatki-turbat-buritos-2-red\\\/\"]}]},{\"@type\":\"ImageObject\",\"inLanguage\":\"ro-RO\",\"@id\":\"https:\\\/\\\/xstyle.md\\\/product\\\/chehol-dlya-palatki-turbat-buritos-2-red\\\/#primaryimage\",\"url\":\"https:\\\/\\\/xstyle.md\\\/wp-content\\\/uploads\\\/2023\\\/05\\\/turbat-buritos-2-red.jpg\",\"contentUrl\":\"https:\\\/\\\/xstyle.md\\\/wp-content\\\/uploads\\\/2023\\\/05\\\/turbat-buritos-2-red.jpg\",\"width\":880,\"height\":784,\"caption\":\"\u0427\u0435\u0445\u043e\u043b \u0434\u043b\u044f \u043f\u0430\u043b\u0430\u0442\u043a\u0438 Turbat Buritos 2 \u043a\u0440\u0430\u0441\u043d\u044b\u0439 \u2014 \u044d\u043a\u0438\u043f\u0438\u0440\u043e\u0432\u043a\u0430 \u0434\u043b\u044f \u0430\u043a\u0442\u0438\u0432\u043d\u043e\u0439 \u0436\u0438\u0437\u043d\u0438, \u043f\u043e\u0445\u043e\u0434\u043e\u0432 \u0438 \u0442\u0443\u0440\u0438\u0437\u043c\u0430, \u043e\u0434\u0435\u0436\u0434\u0430 \u0438 \u043e\u0431\u0443\u0432\u044c \u0434\u043b\u044f \u043f\u0443\u0442\u0435\u0448\u0435\u0441\u0442\u0432\u0438\u0439 \u0438 \u0430\u043b\u044c\u043f\u0438\u043d\u0438\u0437\u043c\u0430\"},{\"@type\":\"BreadcrumbList\",\"@id\":\"https:\\\/\\\/xstyle.md\\\/product\\\/chehol-dlya-palatki-turbat-buritos-2-red\\\/#breadcrumb\",\"itemListElement\":[{\"@type\":\"ListItem\",\"position\":1,\"name\":\"\u0413\u043b\u0430\u0432\u043d\u0430\u044f \u0441\u0442\u0440\u0430\u043d\u0438\u0446\u0430\",\"item\":\"https:\\\/\\\/xstyle.md\\\/\"},{\"@type\":\"ListItem\",\"position\":2,\"name\":\"\u041c\u0430\u0433\u0430\u0437\u0438\u043d\",\"item\":\"https:\\\/\\\/xstyle.md\\\/shop\\\/\"},{\"@type\":\"ListItem\",\"position\":3,\"name\":\"\u0427\u0435\u0445\u043e\u043b \u0434\u043b\u044f \u043f\u0430\u043b\u0430\u0442\u043a\u0438 Turbat Buritos 2 red\"}]},{\"@type\":\"WebSite\",\"@id\":\"https:\\\/\\\/xstyle.md\\\/#website\",\"url\":\"https:\\\/\\\/xstyle.md\\\/\",\"name\":\"\u041c\u0430\u0433\u0430\u0437\u0438\u043d Xstyle\",\"description\":\"C\u043d\u0430\u0440\u044f\u0436\u0435\u043d\u0438\u0435 \u0434\u043b\u044f \u0442\u0443\u0440\u0438\u0437\u043c\u0430 \u0438 \u044d\u043a\u0441\u0442\u0440\u0435\u043c\u0430\u043b\u044c\u043d\u044b\u0445 \u0432\u0438\u0434\u043e\u0432 \u0441\u043f\u043e\u0440\u0442\u0430 \u0432 \u041c\u043e\u043b\u0434\u043e\u0432\u0435.. \u0426\u0435\u043d\u044b, \u0444\u043e\u0442\u043e, \u0445\u0430\u0440\u0430\u043a\u0442\u0435\u0440\u0438\u0441\u0442\u0438\u043a\u0438 \u0432 \u041c\u043e\u043b\u0434\u043e\u0432\u0435.\",\"publisher\":{\"@id\":\"https:\\\/\\\/xstyle.md\\\/#organization\"},\"alternateName\":\"X-Style\",\"potentialAction\":[{\"@type\":\"SearchAction\",\"target\":{\"@type\":\"EntryPoint\",\"urlTemplate\":\"https:\\\/\\\/xstyle.md\\\/?s={search_term_string}\"},\"query-input\":{\"@type\":\"PropertyValueSpecification\",\"valueRequired\":true,\"valueName\":\"search_term_string\"}}],\"inLanguage\":\"ro-RO\"},{\"@type\":\"Organization\",\"@id\":\"https:\\\/\\\/xstyle.md\\\/#organization\",\"name\":\"\u041c\u0430\u0433\u0430\u0437\u0438\u043d Xstyle\",\"alternateName\":\"x-style\",\"url\":\"https:\\\/\\\/xstyle.md\\\/\",\"logo\":{\"@type\":\"ImageObject\",\"inLanguage\":\"ro-RO\",\"@id\":\"https:\\\/\\\/xstyle.md\\\/#\\\/schema\\\/logo\\\/image\\\/\",\"url\":\"https:\\\/\\\/xstyle.md\\\/wp-content\\\/uploads\\\/2020\\\/06\\\/logoicon.svg\",\"contentUrl\":\"https:\\\/\\\/xstyle.md\\\/wp-content\\\/uploads\\\/2020\\\/06\\\/logoicon.svg\",\"caption\":\"\u041c\u0430\u0433\u0430\u0437\u0438\u043d Xstyle\"},\"image\":{\"@id\":\"https:\\\/\\\/xstyle.md\\\/#\\\/schema\\\/logo\\\/image\\\/\"},\"sameAs\":[\"https:\\\/\\\/www.facebook.com\\\/xstylemd\",\"https:\\\/\\\/www.instagram.com\\\/xstyle_md\\\/\",\"https:\\\/\\\/t.me\\\/xstyle_outdoor\"],\"hasMerchantReturnPolicy\":{\"@type\":\"MerchantReturnPolicy\",\"merchantReturnLink\":\"https:\\\/\\\/xstyle.md\\\/ro\\\/conditions\\\/\"}}]}<\/script>\n<meta property=\"product:price:amount\" content=\"270.00\" \/>\n<meta property=\"product:price:currency\" content=\"MDL\" \/>\n<meta property=\"og:availability\" content=\"instock\" \/>\n<meta property=\"product:availability\" content=\"instock\" \/>\n<meta property=\"product:retailer_item_id\" content=\"4823100513609\" \/>\n<meta property=\"product:condition\" content=\"new\" \/>\n<!-- \/ Yoast SEO plugin. -->","yoast_head_json":{"title":"Hus\u0103 pentru cort Turbat Buritos 2 red - Magazin Xstyle","description":"Husa pentru cort Turbat Buritos 2 ro\u0219u \u2013 protectorul ideal pentru cortul dumneavoastr\u0103. Se prinde u\u0219or de rucsaci, reduce volumul \u0219i fixeaz\u0103 \u00een siguran\u021b\u0103.","robots":{"index":"index","follow":"follow","max-snippet":"max-snippet:-1","max-image-preview":"max-image-preview:large","max-video-preview":"max-video-preview:-1"},"canonical":"https:\/\/xstyle.md\/ro\/produs\/chehol-dlya-palatki-turbat-buritos-2-red\/","og_locale":"ro_RO","og_type":"article","og_title":"\u0427\u0435\u0445\u043e\u043b \u0434\u043b\u044f \u043f\u0430\u043b\u0430\u0442\u043a\u0438 Turbat Buritos 2 red - \u041c\u0430\u0433\u0430\u0437\u0438\u043d Xstyle","og_description":"\u0427\u0435\u0445\u043e\u043b \u0434\u043b\u044f \u043f\u0430\u043b\u0430\u0442\u043a\u0438 Turbat Buritos 2 red \u2013 \u0438\u0434\u0435\u0430\u043b\u044c\u043d\u044b\u0439 \u0437\u0430\u0449\u0438\u0442\u043d\u0438\u043a \u0434\u043b\u044f \u0432\u0430\u0448\u0435\u0433\u043e \u043f\u0430\u043b\u0430\u0442\u043a\u0438. \u041b\u0435\u0433\u043a\u043e \u043a\u0440\u0435\u043f\u0438\u0442\u0441\u044f \u043a \u0440\u044e\u043a\u0437\u0430\u043a\u0430\u043c, \u0443\u043c\u0435\u043d\u044c\u0448\u0430\u0435\u0442 \u043e\u0431\u044a\u0435\u043c \u0438 \u043d\u0430\u0434\u0435\u0436\u043d\u043e \u0444\u0438\u043a\u0441\u0438\u0440\u0443\u0435\u0442.","og_url":"https:\/\/xstyle.md\/ro\/produs\/chehol-dlya-palatki-turbat-buritos-2-red\/","og_site_name":"\u041c\u0430\u0433\u0430\u0437\u0438\u043d Xstyle","article_publisher":"https:\/\/www.facebook.com\/xstylemd","article_modified_time":"2025-07-28T09:11:56+00:00","og_image":[{"width":880,"height":784,"url":"https:\/\/xstyle.md\/wp-content\/uploads\/2023\/05\/turbat-buritos-2-red.jpg","type":"image\/jpeg"}],"twitter_card":"summary_large_image","twitter_misc":{"Pre\u021b":"270&nbsp;MDL","Disponibilitate":"\u00cen stoc"},"schema":{"@context":"https:\/\/schema.org","@graph":[{"@type":"WebPage","@id":"https:\/\/xstyle.md\/product\/chehol-dlya-palatki-turbat-buritos-2-red\/","url":"https:\/\/xstyle.md\/product\/chehol-dlya-palatki-turbat-buritos-2-red\/","name":"Hus\u0103 pentru cort Turbat Buritos 2 red - Magazin Xstyle","isPartOf":{"@id":"https:\/\/xstyle.md\/#website"},"primaryImageOfPage":{"@id":"https:\/\/xstyle.md\/product\/chehol-dlya-palatki-turbat-buritos-2-red\/#primaryimage"},"image":{"@id":"https:\/\/xstyle.md\/product\/chehol-dlya-palatki-turbat-buritos-2-red\/#primaryimage"},"thumbnailUrl":"https:\/\/xstyle.md\/wp-content\/uploads\/2023\/05\/turbat-buritos-2-red.jpg","datePublished":"2023-05-23T15:06:30+00:00","dateModified":"2025-07-28T09:11:56+00:00","description":"Husa pentru cort Turbat Buritos 2 ro\u0219u \u2013 protectorul ideal pentru cortul dumneavoastr\u0103. Se prinde u\u0219or de rucsaci, reduce volumul \u0219i fixeaz\u0103 \u00een siguran\u021b\u0103.","breadcrumb":{"@id":"https:\/\/xstyle.md\/product\/chehol-dlya-palatki-turbat-buritos-2-red\/#breadcrumb"},"inLanguage":"ro-RO","potentialAction":[{"@type":"ReadAction","target":["https:\/\/xstyle.md\/product\/chehol-dlya-palatki-turbat-buritos-2-red\/"]}]},{"@type":"ImageObject","inLanguage":"ro-RO","@id":"https:\/\/xstyle.md\/product\/chehol-dlya-palatki-turbat-buritos-2-red\/#primaryimage","url":"https:\/\/xstyle.md\/wp-content\/uploads\/2023\/05\/turbat-buritos-2-red.jpg","contentUrl":"https:\/\/xstyle.md\/wp-content\/uploads\/2023\/05\/turbat-buritos-2-red.jpg","width":880,"height":784,"caption":"\u0427\u0435\u0445\u043e\u043b \u0434\u043b\u044f \u043f\u0430\u043b\u0430\u0442\u043a\u0438 Turbat Buritos 2 \u043a\u0440\u0430\u0441\u043d\u044b\u0439 \u2014 \u044d\u043a\u0438\u043f\u0438\u0440\u043e\u0432\u043a\u0430 \u0434\u043b\u044f \u0430\u043a\u0442\u0438\u0432\u043d\u043e\u0439 \u0436\u0438\u0437\u043d\u0438, \u043f\u043e\u0445\u043e\u0434\u043e\u0432 \u0438 \u0442\u0443\u0440\u0438\u0437\u043c\u0430, \u043e\u0434\u0435\u0436\u0434\u0430 \u0438 \u043e\u0431\u0443\u0432\u044c \u0434\u043b\u044f \u043f\u0443\u0442\u0435\u0448\u0435\u0441\u0442\u0432\u0438\u0439 \u0438 \u0430\u043b\u044c\u043f\u0438\u043d\u0438\u0437\u043c\u0430"},{"@type":"BreadcrumbList","@id":"https:\/\/xstyle.md\/product\/chehol-dlya-palatki-turbat-buritos-2-red\/#breadcrumb","itemListElement":[{"@type":"ListItem","position":1,"name":"\u0413\u043b\u0430\u0432\u043d\u0430\u044f \u0441\u0442\u0440\u0430\u043d\u0438\u0446\u0430","item":"https:\/\/xstyle.md\/"},{"@type":"ListItem","position":2,"name":"\u041c\u0430\u0433\u0430\u0437\u0438\u043d","item":"https:\/\/xstyle.md\/shop\/"},{"@type":"ListItem","position":3,"name":"\u0427\u0435\u0445\u043e\u043b \u0434\u043b\u044f \u043f\u0430\u043b\u0430\u0442\u043a\u0438 Turbat Buritos 2 red"}]},{"@type":"WebSite","@id":"https:\/\/xstyle.md\/#website","url":"https:\/\/xstyle.md\/","name":"Magazinul X-Style","description":"Echipamente pentru turism \u0219i sporturi extreme \u00een Moldova. Pre\u021buri, fotografii, caracteristici \u00een Moldova.","publisher":{"@id":"https:\/\/xstyle.md\/#organization"},"alternateName":"X-Style","potentialAction":[{"@type":"SearchAction","target":{"@type":"EntryPoint","urlTemplate":"https:\/\/xstyle.md\/?s={search_term_string}"},"query-input":{"@type":"PropertyValueSpecification","valueRequired":true,"valueName":"search_term_string"}}],"inLanguage":"ro-RO"},{"@type":"Organization","@id":"https:\/\/xstyle.md\/#organization","name":"Magazinul X-Style","alternateName":"x-style","url":"https:\/\/xstyle.md\/","logo":{"@type":"ImageObject","inLanguage":"ro-RO","@id":"https:\/\/xstyle.md\/#\/schema\/logo\/image\/","url":"https:\/\/xstyle.md\/wp-content\/uploads\/2020\/06\/logoicon.svg","contentUrl":"https:\/\/xstyle.md\/wp-content\/uploads\/2020\/06\/logoicon.svg","caption":"\u041c\u0430\u0433\u0430\u0437\u0438\u043d Xstyle"},"image":{"@id":"https:\/\/xstyle.md\/#\/schema\/logo\/image\/"},"sameAs":["https:\/\/www.facebook.com\/xstylemd","https:\/\/www.instagram.com\/xstyle_md\/","https:\/\/t.me\/xstyle_outdoor"],"hasMerchantReturnPolicy":{"@type":"MerchantReturnPolicy","merchantReturnLink":"https:\/\/xstyle.md\/ro\/conditions\/"}}]},"product_price_amount":"270.00","product_price_currency":"MDL","og_availability":"instock","product_availability":"instock","product_retailer_item_id":"4823100513609","product_condition":"new"},"_links":{"self":[{"href":"https:\/\/xstyle.md\/ro\/wp-json\/wp\/v2\/product\/68778","targetHints":{"allow":["GET"]}}],"collection":[{"href":"https:\/\/xstyle.md\/ro\/wp-json\/wp\/v2\/product"}],"about":[{"href":"https:\/\/xstyle.md\/ro\/wp-json\/wp\/v2\/types\/product"}],"replies":[{"embeddable":true,"href":"https:\/\/xstyle.md\/ro\/wp-json\/wp\/v2\/comments?post=68778"}],"wp:featuredmedia":[{"embeddable":true,"href":"https:\/\/xstyle.md\/ro\/wp-json\/wp\/v2\/media\/69184"}],"wp:attachment":[{"href":"https:\/\/xstyle.md\/ro\/wp-json\/wp\/v2\/media?parent=68778"}],"wp:term":[{"taxonomy":"product_brand","embeddable":true,"href":"https:\/\/xstyle.md\/ro\/wp-json\/wp\/v2\/product_brand?post=68778"},{"taxonomy":"product_cat","embeddable":true,"href":"https:\/\/xstyle.md\/ro\/wp-json\/wp\/v2\/product_cat?post=68778"},{"taxonomy":"product_tag","embeddable":true,"href":"https:\/\/xstyle.md\/ro\/wp-json\/wp\/v2\/product_tag?post=68778"}],"curies":[{"name":"wp","href":"https:\/\/api.w.org\/{rel}","templated":true}]}}