{"id":68730,"date":"2023-05-23T12:06:57","date_gmt":"2023-05-23T09:06:57","guid":{"rendered":"https:\/\/xstyle.md\/?post_type=product&#038;p=68730"},"modified":"2026-02-06T15:03:15","modified_gmt":"2026-02-06T12:03:15","slug":"butylka-dlya-vody-contigo-cortland-720ml-smoke","status":"publish","type":"product","link":"https:\/\/xstyle.md\/ro\/produs\/butylka-dlya-vody-contigo-cortland-720ml-smoke\/","title":{"rendered":"Sticl\u0103 Contigo Cortland 720ml Smoke"},"content":{"rendered":"<p><\/p>\n<p><strong>Contigo Cortland 720ml<\/strong> \u2013 aceast\u0103 sticl\u0103 sport pentru ap\u0103 este renumit\u0103 pentru practicalitatea sa. Poate \u00eenc\u0103pea cu u\u0219urin\u021b\u0103 chiar \u0219i \u00eentr-o geant\u0103 mic\u0103 \u0219i este compatibil\u0103 cu suportul de pahare din ma\u0219in\u0103. Prezen\u021ba carabinei reprezint\u0103 un alt avantaj al sticlei \u2013 cu ajutorul acesteia, o pute\u021bi ata\u0219a u\u0219or de curea, rucsac sau biciclet\u0103. De asemenea, un beneficiu major al modelului Contigo Cortland este capacul anti-v\u0103rsare cu tehnologia patentat\u0103 AUTOSEAL\u00ae, care ofer\u0103 protec\u021bie 100% \u00eempotriva scurgerilor.<\/p>\n<p>Sticla pentru ap\u0103 Cortland este fabricat\u0103 dintr-un plastic inovator de \u00eenalt\u0103 calitate, care are o durabilitate sporit\u0103 \u0219i nu absoarbe mirosurile. Datorit\u0103 acestui fapt, chiar \u0219i dup\u0103 cele mai serioase c\u0103z\u0103turi, aceasta va r\u0103m\u00e2ne intact\u0103.<\/p>\n<h3>Particularit\u0103\u021bi<\/h3>\n<ul>\n<li>Poate fi pus\u0103 \u00een rucsac sau geant\u0103<\/li>\n<li>Se potrive\u0219te perfect \u00een suportul de pahare auto<\/li>\n<li>G\u00e2tul sticlei AUTOSPOUT\u00ae se \u00eenchide sigur \u0219i ermetic<\/li>\n<li>Dac\u0103 este necesar, se poate bea ap\u0103 prin pai<\/li>\n<li>Poate fi purtat\u0103 la curea sau ata\u0219at\u0103 de rucsac cu ajutorul carabinei<\/li>\n<li>Are o durabilitate sporit\u0103 \u0219i nu se teme de lovituri puternice<\/li>\n<li>Poate fi sp\u0103lat\u0103 \u00een ma\u0219ina de sp\u0103lat vase<\/li>\n<li>BPA-free (f\u0103r\u0103 bisfenol A)<\/li>\n<\/ul>\n<h3>Caracteristici<\/h3>\n<ul>\n<li>Volum \u2013 720 ml<\/li>\n<li>Dimensiuni \u2013 27 \u0445 7,5 cm<\/li>\n<li>Material \u2013 plastic ecologic Tritan\u2122<\/li>\n<\/ul>\n<h3>Tehnologii<\/h3>\n<p>BPA (bisfenol A) este un compus chimic organic utilizat \u00een fabricarea maselor plastice, a policarbonatului \u0219i a r\u0103\u0219inilor epoxidice. Aceast\u0103 substan\u021b\u0103 este ad\u0103ugat\u0103, de asemenea, \u00een produsele din plastic \u0219i \u00een conserve. Principalele propriet\u0103\u021bi ale bisfenolului A sunt cele de \u00eent\u0103rire \u0219i antioxidare.<\/p>\n<p>BPA poate p\u0103trunde \u00een organismul uman nu doar prin alimente \u0219i ap\u0103, ci \u0219i prin piele sau pl\u0103m\u00e2ni. Contactul prelungit al lichidelor \u0219i al alimentelor umede cu plasticul care con\u021bine bisfenol A favorizeaz\u0103 eliberarea acestei substan\u021be \u00een produsele alimentare. \u00cenc\u0103lzirea acestor recipiente accelereaz\u0103 semnificativ procesul de eliberare a bisfenolului A.<\/p>\n<p>Aceast\u0103 sticl\u0103 de ap\u0103 are marcajul BPA free, ceea ce demonstreaz\u0103 faptul c\u0103 bisfenolul A nu a fost utilizat \u00een fabricarea acestui recipient.<br \/>\n<\/p>\n<h3>Marca<\/h3>\n<p>Contigo este un brand american de top, renumit pentru solu\u021biile sale inovatoare \u0219i extrem de practice dedicate persoanelor cu un stil de via\u021b\u0103 activ. Compania a revolu\u021bionat pia\u021ba prin tehnologii patentate precum Autoseal\u00ae \u0219i Autospout\u00ae, care garanteaz\u0103 etan\u0219eitate 100% \u0219i permit utilizarea recipientelor cu o singur\u0103 m\u00e2n\u0103. Produsele lor, de la c\u0103ni termice la sticle sport, sunt apreciate pentru designul ergonomic, durabilitatea materialelor (precum Tritan\u2122) \u0219i siguran\u021ba deplin\u0103 a utilizatorului.<\/p>","protected":false},"excerpt":{"rendered":"<p>\u0411\u0440\u0435\u043d\u0434 Contigo \u2014 \u0432\u0435\u0434\u0443\u0449\u0438\u0439 \u0430\u043c\u0435\u0440\u0438\u043a\u0430\u043d\u0441\u043a\u0438\u0439 \u0431\u0440\u0435\u043d\u0434, \u0438\u0437\u0432\u0435\u0441\u0442\u043d\u044b\u0439 \u0441\u0432\u043e\u0438\u043c\u0438 \u0438\u043d\u043d\u043e\u0432\u0430\u0446\u0438\u043e\u043d\u043d\u044b\u043c\u0438 \u0438 \u043f\u0440\u0430\u043a\u0442\u0438\u0447\u043d\u044b\u043c\u0438 \u0440\u0435\u0448\u0435\u043d\u0438\u044f\u043c\u0438 \u0434\u043b\u044f \u043b\u044e\u0434\u0435\u0439, \u0432\u0435\u0434\u0443\u0449\u0438\u0445 \u0430\u043a\u0442\u0438\u0432\u043d\u044b\u0439 \u043e\u0431\u0440\u0430\u0437 \u0436\u0438\u0437\u043d\u0438. \u041a\u043e\u043c\u043f\u0430\u043d\u0438\u044f \u043f\u0440\u043e\u0438\u0437\u0432\u0435\u043b\u0430 \u0440\u0435\u0432\u043e\u043b\u044e\u0446\u0438\u044e \u043d\u0430 \u0440\u044b\u043d\u043a\u0435 \u0431\u043b\u0430\u0433\u043e\u0434\u0430\u0440\u044f \u0437\u0430\u043f\u0430\u0442\u0435\u043d\u0442\u043e\u0432\u0430\u043d\u043d\u044b\u043c \u0442\u0435\u0445\u043d\u043e\u043b\u043e\u0433\u0438\u044f\u043c, \u0442\u0430\u043a\u0438\u043c \u043a\u0430\u043a Autoseal\u00ae \u0438 Autospout\u00ae, \u043a\u043e\u0442\u043e\u0440\u044b\u0435 \u0433\u0430\u0440\u0430\u043d\u0442\u0438\u0440\u0443\u044e\u0442 100% \u0433\u0435\u0440\u043c\u0435\u0442\u0438\u0447\u043d\u043e\u0441\u0442\u044c \u0438 \u043f\u043e\u0437\u0432\u043e\u043b\u044f\u044e\u0442 \u043f\u043e\u043b\u044c\u0437\u043e\u0432\u0430\u0442\u044c\u0441\u044f \u0435\u043c\u043a\u043e\u0441\u0442\u044c\u044e \u043e\u0434\u043d\u043e\u0439 \u0440\u0443\u043a\u043e\u0439. \u0418\u0445 \u043f\u0440\u043e\u0434\u0443\u043a\u0446\u0438\u044f, \u043e\u0442 \u0442\u0435\u0440\u043c\u043e\u043a\u0440\u0443\u0436\u0435\u043a \u0434\u043e \u0441\u043f\u043e\u0440\u0442\u0438\u0432\u043d\u044b\u0445 \u0431\u0443\u0442\u044b\u043b\u043e\u043a, \u0446\u0435\u043d\u0438\u0442\u0441\u044f \u0437\u0430 \u044d\u0440\u0433\u043e\u043d\u043e\u043c\u0438\u0447\u043d\u044b\u0439 \u0434\u0438\u0437\u0430\u0439\u043d, \u0434\u043e\u043b\u0433\u043e\u0432\u0435\u0447\u043d\u043e\u0441\u0442\u044c \u043c\u0430\u0442\u0435\u0440\u0438\u0430\u043b\u043e\u0432 (\u0442\u0430\u043a\u0438\u0445 [&hellip;]<\/p>\n","protected":false},"featured_media":68973,"comment_status":"open","ping_status":"closed","template":"","meta":{"_acf_changed":false,"inline_featured_image":false},"product_brand":[1374],"product_cat":[1171,885],"product_tag":[],"class_list":{"0":"post-68730","1":"product","2":"type-product","3":"status-publish","4":"has-post-thumbnail","6":"product_brand-contigo","7":"product_cat-sticle-si-cani-termice","8":"product_cat-bottle","10":"first","11":"instock","12":"shipping-taxable","13":"purchasable","14":"product-type-simple"},"acf":[],"yoast_head":"<!-- This site is optimized with the Yoast SEO plugin v27.2 - https:\/\/yoast.com\/product\/yoast-seo-wordpress\/ -->\n<title>\u0411\u0443\u0442\u044b\u043b\u043a\u0430 \u0434\u043b\u044f \u0432\u043e\u0434\u044b Contigo Cortland 720ml Smoke - \u041c\u0430\u0433\u0430\u0437\u0438\u043d Xstyle<\/title>\n<meta name=\"description\" content=\"\u041a\u0443\u043f\u0438\u0442\u0435 \u0431\u0443\u0442\u044b\u043b\u043a\u0443 \u0434\u043b\u044f \u0432\u043e\u0434\u044b Contigo Cortland 720ml Smoke! \u0423\u0434\u043e\u0431\u043d\u0430\u044f, \u0431\u0435\u0437\u043e\u043f\u0430\u0441\u043d\u0430\u044f, \u0431\u0435\u0437 BPA \u0438 \u0441 \u0444\u0443\u043d\u043a\u0446\u0438\u0435\u0439 AUTOSEAL \u0434\u043b\u044f \u0433\u0430\u0440\u0430\u043d\u0442\u0438\u0440\u043e\u0432\u0430\u043d\u043d\u043e\u0439 \u0437\u0430\u0449\u0438\u0442\u044b \u043e\u0442 \u043f\u0440\u043e\u043b\u0438\u0432\u043e\u0432.\" \/>\n<meta name=\"robots\" content=\"index, follow, max-snippet:-1, max-image-preview:large, max-video-preview:-1\" \/>\n<link rel=\"canonical\" href=\"https:\/\/xstyle.md\/ro\/produs\/butylka-dlya-vody-contigo-cortland-720ml-smoke\/\" \/>\n<meta property=\"og:locale\" content=\"ro_RO\" \/>\n<meta property=\"og:type\" content=\"article\" \/>\n<meta property=\"og:title\" content=\"\u0411\u0443\u0442\u044b\u043b\u043a\u0430 \u0434\u043b\u044f \u0432\u043e\u0434\u044b Contigo Cortland 720ml Smoke - \u041c\u0430\u0433\u0430\u0437\u0438\u043d Xstyle\" \/>\n<meta property=\"og:description\" content=\"\u041a\u0443\u043f\u0438\u0442\u0435 \u0431\u0443\u0442\u044b\u043b\u043a\u0443 \u0434\u043b\u044f \u0432\u043e\u0434\u044b Contigo Cortland 720ml Smoke! \u0423\u0434\u043e\u0431\u043d\u0430\u044f, \u0431\u0435\u0437\u043e\u043f\u0430\u0441\u043d\u0430\u044f, \u0431\u0435\u0437 BPA \u0438 \u0441 \u0444\u0443\u043d\u043a\u0446\u0438\u0435\u0439 AUTOSEAL \u0434\u043b\u044f \u0433\u0430\u0440\u0430\u043d\u0442\u0438\u0440\u043e\u0432\u0430\u043d\u043d\u043e\u0439 \u0437\u0430\u0449\u0438\u0442\u044b \u043e\u0442 \u043f\u0440\u043e\u043b\u0438\u0432\u043e\u0432.\" \/>\n<meta property=\"og:url\" content=\"https:\/\/xstyle.md\/ro\/produs\/butylka-dlya-vody-contigo-cortland-720ml-smoke\/\" \/>\n<meta property=\"og:site_name\" content=\"\u041c\u0430\u0433\u0430\u0437\u0438\u043d Xstyle\" \/>\n<meta property=\"article:publisher\" content=\"https:\/\/www.facebook.com\/xstylemd\" \/>\n<meta property=\"article:modified_time\" content=\"2026-02-06T12:03:15+00:00\" \/>\n<meta property=\"og:image\" content=\"https:\/\/xstyle.md\/wp-content\/uploads\/2023\/05\/contigo-cortland-720ml-smoke.jpg\" \/>\n\t<meta property=\"og:image:width\" content=\"800\" \/>\n\t<meta property=\"og:image:height\" content=\"800\" \/>\n\t<meta property=\"og:image:type\" content=\"image\/jpeg\" \/>\n<meta name=\"twitter:card\" content=\"summary_large_image\" \/>\n<meta name=\"twitter:label1\" content=\"Pre\u021b\" \/>\n\t<meta name=\"twitter:data1\" content=\"390&nbsp;MDL\" \/>\n\t<meta name=\"twitter:label2\" content=\"Disponibilitate\" \/>\n\t<meta name=\"twitter:data2\" content=\"\u00cen stoc\" \/>\n<script type=\"application\/ld+json\" class=\"yoast-schema-graph\">{\"@context\":\"https:\/\/schema.org\",\"@graph\":[{\"@type\":\"WebPage\",\"@id\":\"https:\/\/xstyle.md\/product\/butylka-dlya-vody-contigo-cortland-720ml-smoke\/\",\"url\":\"https:\/\/xstyle.md\/product\/butylka-dlya-vody-contigo-cortland-720ml-smoke\/\",\"name\":\"\u0411\u0443\u0442\u044b\u043b\u043a\u0430 \u0434\u043b\u044f \u0432\u043e\u0434\u044b Contigo Cortland 720ml Smoke - \u041c\u0430\u0433\u0430\u0437\u0438\u043d Xstyle\",\"isPartOf\":{\"@id\":\"https:\/\/xstyle.md\/#website\"},\"primaryImageOfPage\":{\"@id\":\"https:\/\/xstyle.md\/product\/butylka-dlya-vody-contigo-cortland-720ml-smoke\/#primaryimage\"},\"image\":{\"@id\":\"https:\/\/xstyle.md\/product\/butylka-dlya-vody-contigo-cortland-720ml-smoke\/#primaryimage\"},\"thumbnailUrl\":\"https:\/\/xstyle.md\/wp-content\/uploads\/2023\/05\/contigo-cortland-720ml-smoke.jpg\",\"datePublished\":\"2023-05-23T09:06:57+00:00\",\"dateModified\":\"2026-02-06T12:03:15+00:00\",\"description\":\"\u041a\u0443\u043f\u0438\u0442\u0435 \u0431\u0443\u0442\u044b\u043b\u043a\u0443 \u0434\u043b\u044f \u0432\u043e\u0434\u044b Contigo Cortland 720ml Smoke! \u0423\u0434\u043e\u0431\u043d\u0430\u044f, \u0431\u0435\u0437\u043e\u043f\u0430\u0441\u043d\u0430\u044f, \u0431\u0435\u0437 BPA \u0438 \u0441 \u0444\u0443\u043d\u043a\u0446\u0438\u0435\u0439 AUTOSEAL \u0434\u043b\u044f \u0433\u0430\u0440\u0430\u043d\u0442\u0438\u0440\u043e\u0432\u0430\u043d\u043d\u043e\u0439 \u0437\u0430\u0449\u0438\u0442\u044b \u043e\u0442 \u043f\u0440\u043e\u043b\u0438\u0432\u043e\u0432.\",\"breadcrumb\":{\"@id\":\"https:\/\/xstyle.md\/product\/butylka-dlya-vody-contigo-cortland-720ml-smoke\/#breadcrumb\"},\"inLanguage\":\"ro-RO\",\"potentialAction\":[{\"@type\":\"ReadAction\",\"target\":[\"https:\/\/xstyle.md\/product\/butylka-dlya-vody-contigo-cortland-720ml-smoke\/\"]}]},{\"@type\":\"ImageObject\",\"inLanguage\":\"ro-RO\",\"@id\":\"https:\/\/xstyle.md\/product\/butylka-dlya-vody-contigo-cortland-720ml-smoke\/#primaryimage\",\"url\":\"https:\/\/xstyle.md\/wp-content\/uploads\/2023\/05\/contigo-cortland-720ml-smoke.jpg\",\"contentUrl\":\"https:\/\/xstyle.md\/wp-content\/uploads\/2023\/05\/contigo-cortland-720ml-smoke.jpg\",\"width\":800,\"height\":800,\"caption\":\"\u0411\u0443\u0442\u044b\u043b\u043a\u0430 \u0434\u043b\u044f \u0432\u043e\u0434\u044b Contigo Cortland 720\u043c\u043b \u0434\u043b\u044f \u0430\u043a\u0442\u0438\u0432\u043d\u043e\u0433\u043e \u043e\u0442\u0434\u044b\u0445\u0430 \u043f\u043e\u0445\u043e\u0434\u043e\u0432 \u0442\u0443\u0440\u0438\u0437\u043c\u0430 \u0438 \u043f\u043e\u0445\u043e\u0434\u043d\u043e\u0439 \u044d\u043a\u0438\u043f\u0438\u0440\u043e\u0432\u043a\u0438 \u0432 \u043e\u043d\u043b\u0430\u0439\u043d \u043c\u0430\u0433\u0430\u0437\u0438\u043d\u0435 \u0442\u043e\u0432\u0430\u0440\u043e\u0432 \u0434\u043b\u044f \u0430\u043a\u0442\u0438\u0432\u043d\u043e\u0439 \u0436\u0438\u0437\u043d\u0438\"},{\"@type\":\"BreadcrumbList\",\"@id\":\"https:\/\/xstyle.md\/product\/butylka-dlya-vody-contigo-cortland-720ml-smoke\/#breadcrumb\",\"itemListElement\":[{\"@type\":\"ListItem\",\"position\":1,\"name\":\"\u0413\u043b\u0430\u0432\u043d\u0430\u044f \u0441\u0442\u0440\u0430\u043d\u0438\u0446\u0430\",\"item\":\"https:\/\/xstyle.md\/\"},{\"@type\":\"ListItem\",\"position\":2,\"name\":\"\u041c\u0430\u0433\u0430\u0437\u0438\u043d\",\"item\":\"https:\/\/xstyle.md\/shop\/\"},{\"@type\":\"ListItem\",\"position\":3,\"name\":\"\u0411\u0443\u0442\u044b\u043b\u043a\u0430 \u0434\u043b\u044f \u0432\u043e\u0434\u044b Contigo Cortland 720ml Smoke\"}]},{\"@type\":\"WebSite\",\"@id\":\"https:\/\/xstyle.md\/#website\",\"url\":\"https:\/\/xstyle.md\/\",\"name\":\"\u041c\u0430\u0433\u0430\u0437\u0438\u043d Xstyle\",\"description\":\"C\u043d\u0430\u0440\u044f\u0436\u0435\u043d\u0438\u0435 \u0434\u043b\u044f \u0442\u0443\u0440\u0438\u0437\u043c\u0430 \u0438 \u044d\u043a\u0441\u0442\u0440\u0435\u043c\u0430\u043b\u044c\u043d\u044b\u0445 \u0432\u0438\u0434\u043e\u0432 \u0441\u043f\u043e\u0440\u0442\u0430 \u0432 \u041c\u043e\u043b\u0434\u043e\u0432\u0435.. \u0426\u0435\u043d\u044b, \u0444\u043e\u0442\u043e, \u0445\u0430\u0440\u0430\u043a\u0442\u0435\u0440\u0438\u0441\u0442\u0438\u043a\u0438 \u0432 \u041c\u043e\u043b\u0434\u043e\u0432\u0435.\",\"publisher\":{\"@id\":\"https:\/\/xstyle.md\/#organization\"},\"alternateName\":\"X-Style\",\"potentialAction\":[{\"@type\":\"SearchAction\",\"target\":{\"@type\":\"EntryPoint\",\"urlTemplate\":\"https:\/\/xstyle.md\/?s={search_term_string}\"},\"query-input\":{\"@type\":\"PropertyValueSpecification\",\"valueRequired\":true,\"valueName\":\"search_term_string\"}}],\"inLanguage\":\"ro-RO\"},{\"@type\":\"Organization\",\"@id\":\"https:\/\/xstyle.md\/#organization\",\"name\":\"\u041c\u0430\u0433\u0430\u0437\u0438\u043d Xstyle\",\"alternateName\":\"x-style\",\"url\":\"https:\/\/xstyle.md\/\",\"logo\":{\"@type\":\"ImageObject\",\"inLanguage\":\"ro-RO\",\"@id\":\"https:\/\/xstyle.md\/#\/schema\/logo\/image\/\",\"url\":\"https:\/\/xstyle.md\/wp-content\/uploads\/2020\/06\/logoicon.svg\",\"contentUrl\":\"https:\/\/xstyle.md\/wp-content\/uploads\/2020\/06\/logoicon.svg\",\"caption\":\"\u041c\u0430\u0433\u0430\u0437\u0438\u043d Xstyle\"},\"image\":{\"@id\":\"https:\/\/xstyle.md\/#\/schema\/logo\/image\/\"},\"sameAs\":[\"https:\/\/www.facebook.com\/xstylemd\",\"https:\/\/www.instagram.com\/xstyle_md\/\",\"https:\/\/t.me\/xstyle_outdoor\"],\"hasMerchantReturnPolicy\":{\"@type\":\"MerchantReturnPolicy\",\"merchantReturnLink\":\"https:\/\/xstyle.md\/ro\/conditions\/\"}}]}<\/script>\n<meta property=\"product:price:amount\" content=\"390.00\" \/>\n<meta property=\"product:price:currency\" content=\"MDL\" \/>\n<meta property=\"og:availability\" content=\"instock\" \/>\n<meta property=\"product:availability\" content=\"instock\" \/>\n<meta property=\"product:retailer_item_id\" content=\"2000999769061\" \/>\n<meta property=\"product:condition\" content=\"new\" \/>\n<!-- \/ Yoast SEO plugin. -->","yoast_head_json":{"title":"Sticl\u0103 pentru ap\u0103 Contigo Cortland 720ml Smoke - Magazin Xstyle","description":"Cump\u0103ra\u021bi o sticl\u0103 de ap\u0103 Contigo Cortland 720ml Smoke! Confortabil\u0103, sigur\u0103, f\u0103r\u0103 BPA \u0219i cu func\u021bia AUTOSEAL pentru protec\u021bie garantat\u0103 \u00eempotriva scurgerilor.","robots":{"index":"index","follow":"follow","max-snippet":"max-snippet:-1","max-image-preview":"max-image-preview:large","max-video-preview":"max-video-preview:-1"},"canonical":"https:\/\/xstyle.md\/ro\/produs\/butylka-dlya-vody-contigo-cortland-720ml-smoke\/","og_locale":"ro_RO","og_type":"article","og_title":"\u0411\u0443\u0442\u044b\u043b\u043a\u0430 \u0434\u043b\u044f \u0432\u043e\u0434\u044b Contigo Cortland 720ml Smoke - \u041c\u0430\u0433\u0430\u0437\u0438\u043d Xstyle","og_description":"\u041a\u0443\u043f\u0438\u0442\u0435 \u0431\u0443\u0442\u044b\u043b\u043a\u0443 \u0434\u043b\u044f \u0432\u043e\u0434\u044b Contigo Cortland 720ml Smoke! \u0423\u0434\u043e\u0431\u043d\u0430\u044f, \u0431\u0435\u0437\u043e\u043f\u0430\u0441\u043d\u0430\u044f, \u0431\u0435\u0437 BPA \u0438 \u0441 \u0444\u0443\u043d\u043a\u0446\u0438\u0435\u0439 AUTOSEAL \u0434\u043b\u044f \u0433\u0430\u0440\u0430\u043d\u0442\u0438\u0440\u043e\u0432\u0430\u043d\u043d\u043e\u0439 \u0437\u0430\u0449\u0438\u0442\u044b \u043e\u0442 \u043f\u0440\u043e\u043b\u0438\u0432\u043e\u0432.","og_url":"https:\/\/xstyle.md\/ro\/produs\/butylka-dlya-vody-contigo-cortland-720ml-smoke\/","og_site_name":"\u041c\u0430\u0433\u0430\u0437\u0438\u043d Xstyle","article_publisher":"https:\/\/www.facebook.com\/xstylemd","article_modified_time":"2026-02-06T12:03:15+00:00","og_image":[{"width":800,"height":800,"url":"https:\/\/xstyle.md\/wp-content\/uploads\/2023\/05\/contigo-cortland-720ml-smoke.jpg","type":"image\/jpeg"}],"twitter_card":"summary_large_image","twitter_misc":{"Pre\u021b":"390&nbsp;MDL","Disponibilitate":"\u00cen stoc"},"schema":{"@context":"https:\/\/schema.org","@graph":[{"@type":"WebPage","@id":"https:\/\/xstyle.md\/product\/butylka-dlya-vody-contigo-cortland-720ml-smoke\/","url":"https:\/\/xstyle.md\/product\/butylka-dlya-vody-contigo-cortland-720ml-smoke\/","name":"Sticl\u0103 pentru ap\u0103 Contigo Cortland 720ml Smoke - Magazin Xstyle","isPartOf":{"@id":"https:\/\/xstyle.md\/#website"},"primaryImageOfPage":{"@id":"https:\/\/xstyle.md\/product\/butylka-dlya-vody-contigo-cortland-720ml-smoke\/#primaryimage"},"image":{"@id":"https:\/\/xstyle.md\/product\/butylka-dlya-vody-contigo-cortland-720ml-smoke\/#primaryimage"},"thumbnailUrl":"https:\/\/xstyle.md\/wp-content\/uploads\/2023\/05\/contigo-cortland-720ml-smoke.jpg","datePublished":"2023-05-23T09:06:57+00:00","dateModified":"2026-02-06T12:03:15+00:00","description":"Cump\u0103ra\u021bi o sticl\u0103 de ap\u0103 Contigo Cortland 720ml Smoke! Confortabil\u0103, sigur\u0103, f\u0103r\u0103 BPA \u0219i cu func\u021bia AUTOSEAL pentru protec\u021bie garantat\u0103 \u00eempotriva scurgerilor.","breadcrumb":{"@id":"https:\/\/xstyle.md\/product\/butylka-dlya-vody-contigo-cortland-720ml-smoke\/#breadcrumb"},"inLanguage":"ro-RO","potentialAction":[{"@type":"ReadAction","target":["https:\/\/xstyle.md\/product\/butylka-dlya-vody-contigo-cortland-720ml-smoke\/"]}]},{"@type":"ImageObject","inLanguage":"ro-RO","@id":"https:\/\/xstyle.md\/product\/butylka-dlya-vody-contigo-cortland-720ml-smoke\/#primaryimage","url":"https:\/\/xstyle.md\/wp-content\/uploads\/2023\/05\/contigo-cortland-720ml-smoke.jpg","contentUrl":"https:\/\/xstyle.md\/wp-content\/uploads\/2023\/05\/contigo-cortland-720ml-smoke.jpg","width":800,"height":800,"caption":"\u0411\u0443\u0442\u044b\u043b\u043a\u0430 \u0434\u043b\u044f \u0432\u043e\u0434\u044b Contigo Cortland 720\u043c\u043b \u0434\u043b\u044f \u0430\u043a\u0442\u0438\u0432\u043d\u043e\u0433\u043e \u043e\u0442\u0434\u044b\u0445\u0430 \u043f\u043e\u0445\u043e\u0434\u043e\u0432 \u0442\u0443\u0440\u0438\u0437\u043c\u0430 \u0438 \u043f\u043e\u0445\u043e\u0434\u043d\u043e\u0439 \u044d\u043a\u0438\u043f\u0438\u0440\u043e\u0432\u043a\u0438 \u0432 \u043e\u043d\u043b\u0430\u0439\u043d \u043c\u0430\u0433\u0430\u0437\u0438\u043d\u0435 \u0442\u043e\u0432\u0430\u0440\u043e\u0432 \u0434\u043b\u044f \u0430\u043a\u0442\u0438\u0432\u043d\u043e\u0439 \u0436\u0438\u0437\u043d\u0438"},{"@type":"BreadcrumbList","@id":"https:\/\/xstyle.md\/product\/butylka-dlya-vody-contigo-cortland-720ml-smoke\/#breadcrumb","itemListElement":[{"@type":"ListItem","position":1,"name":"\u0413\u043b\u0430\u0432\u043d\u0430\u044f \u0441\u0442\u0440\u0430\u043d\u0438\u0446\u0430","item":"https:\/\/xstyle.md\/"},{"@type":"ListItem","position":2,"name":"\u041c\u0430\u0433\u0430\u0437\u0438\u043d","item":"https:\/\/xstyle.md\/shop\/"},{"@type":"ListItem","position":3,"name":"\u0411\u0443\u0442\u044b\u043b\u043a\u0430 \u0434\u043b\u044f \u0432\u043e\u0434\u044b Contigo Cortland 720ml Smoke"}]},{"@type":"WebSite","@id":"https:\/\/xstyle.md\/#website","url":"https:\/\/xstyle.md\/","name":"Magazinul X-Style","description":"Echipamente pentru turism \u0219i sporturi extreme \u00een Moldova. Pre\u021buri, fotografii, caracteristici \u00een Moldova.","publisher":{"@id":"https:\/\/xstyle.md\/#organization"},"alternateName":"X-Style","potentialAction":[{"@type":"SearchAction","target":{"@type":"EntryPoint","urlTemplate":"https:\/\/xstyle.md\/?s={search_term_string}"},"query-input":{"@type":"PropertyValueSpecification","valueRequired":true,"valueName":"search_term_string"}}],"inLanguage":"ro-RO"},{"@type":"Organization","@id":"https:\/\/xstyle.md\/#organization","name":"Magazinul X-Style","alternateName":"x-style","url":"https:\/\/xstyle.md\/","logo":{"@type":"ImageObject","inLanguage":"ro-RO","@id":"https:\/\/xstyle.md\/#\/schema\/logo\/image\/","url":"https:\/\/xstyle.md\/wp-content\/uploads\/2020\/06\/logoicon.svg","contentUrl":"https:\/\/xstyle.md\/wp-content\/uploads\/2020\/06\/logoicon.svg","caption":"\u041c\u0430\u0433\u0430\u0437\u0438\u043d Xstyle"},"image":{"@id":"https:\/\/xstyle.md\/#\/schema\/logo\/image\/"},"sameAs":["https:\/\/www.facebook.com\/xstylemd","https:\/\/www.instagram.com\/xstyle_md\/","https:\/\/t.me\/xstyle_outdoor"],"hasMerchantReturnPolicy":{"@type":"MerchantReturnPolicy","merchantReturnLink":"https:\/\/xstyle.md\/ro\/conditions\/"}}]},"product_price_amount":"390.00","product_price_currency":"MDL","og_availability":"instock","product_availability":"instock","product_retailer_item_id":"2000999769061","product_condition":"new"},"post_mailing_queue_ids":[],"_links":{"self":[{"href":"https:\/\/xstyle.md\/ro\/wp-json\/wp\/v2\/product\/68730","targetHints":{"allow":["GET"]}}],"collection":[{"href":"https:\/\/xstyle.md\/ro\/wp-json\/wp\/v2\/product"}],"about":[{"href":"https:\/\/xstyle.md\/ro\/wp-json\/wp\/v2\/types\/product"}],"replies":[{"embeddable":true,"href":"https:\/\/xstyle.md\/ro\/wp-json\/wp\/v2\/comments?post=68730"}],"wp:featuredmedia":[{"embeddable":true,"href":"https:\/\/xstyle.md\/ro\/wp-json\/wp\/v2\/media\/68973"}],"wp:attachment":[{"href":"https:\/\/xstyle.md\/ro\/wp-json\/wp\/v2\/media?parent=68730"}],"wp:term":[{"taxonomy":"product_brand","embeddable":true,"href":"https:\/\/xstyle.md\/ro\/wp-json\/wp\/v2\/product_brand?post=68730"},{"taxonomy":"product_cat","embeddable":true,"href":"https:\/\/xstyle.md\/ro\/wp-json\/wp\/v2\/product_cat?post=68730"},{"taxonomy":"product_tag","embeddable":true,"href":"https:\/\/xstyle.md\/ro\/wp-json\/wp\/v2\/product_tag?post=68730"}],"curies":[{"name":"wp","href":"https:\/\/api.w.org\/{rel}","templated":true}]}}