{"id":68724,"date":"2023-05-23T12:06:56","date_gmt":"2023-05-23T09:06:56","guid":{"rendered":"https:\/\/xstyle.md\/?post_type=product&#038;p=68724"},"modified":"2026-02-12T19:59:26","modified_gmt":"2026-02-12T16:59:26","slug":"tochilka-karmannaya-boker-solingen-tachen-scharfer","status":"publish","type":"product","link":"https:\/\/xstyle.md\/ro\/produs\/tochilka-karmannaya-boker-solingen-tachen-scharfer\/","title":{"rendered":"Ascu\u021bitoare Boker Solingen Tachen Scharfer"},"content":{"rendered":"<\/p>\n<p><strong>Boker Solingen Tachen Scharfer<\/strong> &#8212; ascu\u021bitoarea clasic\u0103 de buzunar \u00een form\u0103 de X cu dou\u0103 trepte este probabil cea mai v\u00e2ndut\u0103 \u0219i cea mai utilizat\u0103 unealt\u0103 de ascu\u021bit din lume. Corpul din plastic are o ascu\u021bitoare \u00een V format\u0103 din dou\u0103 segmente de carbur\u0103, iar pe cealalt\u0103 parte o ascu\u021bitoare fin\u0103 \u00een V format\u0103 din tije ceramice.<\/p>\n<p>Ascu\u021bitoarea este potrivit\u0103 pentru o\u021bel carbon sau lame mai moi. Cu unele o\u021beluri u\u0219oare ieftine este chiar mai u\u0219or s\u0103 ob\u021bine\u021bi o muchie ascu\u021bit\u0103 dec\u00e2t cu o piatr\u0103 de ascu\u021bit sau o tij\u0103, care cu aceast\u0103 calitate de material va forma rapid bavuri sau va rupe muchia. Prin urmare, instrumentul este justificat atunci c\u00e2nd o ascu\u021bime util\u0103, dar nu perfect\u0103, trebuie s\u0103 fie restabilit\u0103 rapid \u0219i u\u0219or.<\/p>\n<p>Pre\u021bul sc\u0103zut, dimensiunile mici \u0219i u\u0219urin\u021ba de utilizare sunt principalele motive pentru utilizarea acestei ascu\u021bitoare. Suprafa\u021ba de prindere cauciucat\u0103 \u0219i picioarele de sprijin cauciucate de pe ambele p\u0103r\u021bi asigur\u0103 o utilizare sigur\u0103.<\/p>\n<h3>Caracteristici<\/h3>\n<ul>\n<li>Greutate &#8212; 40 g<\/li>\n<\/ul>\n<h3>Marca<\/h3>\n<p>B\u00f6ker este una dintre cele mai vechi companii germane, cu o istorie care dateaz\u0103 din Evul Mediu t\u00e2rziu. Produc\u021bia familial\u0103 de s\u0103bii s-a dezvoltat \u00eentr-o gam\u0103 larg\u0103 de cu\u021bite, de la cu\u021bite de buc\u0103t\u0103rie la cu\u021bite de colec\u021bie. Iar emblema companiei, care este folosit\u0103 de peste 150 de ani, este puternicul castan care a crescut l\u00e2ng\u0103 fabric\u0103.<\/p>\n<p>La fabricarea cu\u021bitelor se utilizeaz\u0103 o\u021bel german de \u00eenalt\u0103 calitate din Solingen, precum \u0219i o\u021bel Damasc &#8212; materiale care s-au dovedit a fi durabile \u0219i ascu\u021bite pentru o lung\u0103 perioad\u0103 de timp. M\u00e2nerele sunt \u00eencrustate cu lemne valoroase, ceramic\u0103, plastic. Produsele sunt reprezentate de o gam\u0103 larg\u0103 de forme de lame, toate modelele sunt surprinz\u0103tor de ergonomice, perfect echilibrate.<\/p>\n<p>Respectul pentru tradi\u021bie merge m\u00e2n\u0103 \u00een m\u00e2n\u0103 cu modele inovatoare. Toate acestea inspir\u0103 milioane de entuzia\u0219ti \u0219i utilizatori de cu\u021bite care au apreciat deja fiabilitatea, originalitatea, func\u021bionalitatea \u0219i calitatea \u00eenalt\u0103 de neegalat a produselor B\u00f6ker.<\/p>\n<p><\/p>","protected":false},"excerpt":{"rendered":"","protected":false},"featured_media":69456,"comment_status":"open","ping_status":"closed","template":"","meta":{"_acf_changed":false,"inline_featured_image":false},"product_brand":[1392],"product_cat":[428],"product_tag":[],"class_list":{"0":"post-68724","1":"product","2":"type-product","3":"status-publish","4":"has-post-thumbnail","6":"product_brand-boker","7":"product_cat-aksesuari-i-cehli","9":"first","10":"instock","11":"shipping-taxable","12":"purchasable","13":"product-type-simple"},"acf":[],"yoast_head":"<!-- This site is optimized with the Yoast SEO plugin v27.2 - https:\/\/yoast.com\/product\/yoast-seo-wordpress\/ -->\n<title>\u0422\u043e\u0447\u0438\u043b\u043a\u0430 \u043a\u0430\u0440\u043c\u0430\u043d\u043d\u0430\u044f Boker Solingen Tachen Scharfer - \u041c\u0430\u0433\u0430\u0437\u0438\u043d Xstyle<\/title>\n<meta name=\"description\" content=\"\u0422\u043e\u0447\u0438\u043b\u043a\u0430 \u043a\u0430\u0440\u043c\u0430\u043d\u043d\u0430\u044f Boker Solingen Tachen Scharfer: \u0438\u0434\u0435\u0430\u043b\u044c\u043d\u044b\u0439 \u0438\u043d\u0441\u0442\u0440\u0443\u043c\u0435\u043d\u0442 \u0434\u043b\u044f \u0437\u0430\u0442\u043e\u0447\u043a\u0438 \u043d\u043e\u0436\u0435\u0439 \u0441 \u0434\u0432\u0443\u043c\u044f \u0441\u0442\u0443\u043f\u0435\u043d\u044f\u043c\u0438 \u0438 \u043a\u043e\u043c\u043f\u0430\u043a\u0442\u043d\u044b\u043c \u0434\u0438\u0437\u0430\u0439\u043d\u043e\u043c. \u041a\u0430\u0447\u0435\u0441\u0442\u0432\u043e \u043e\u0442 B\u00f6ker!\" \/>\n<meta name=\"robots\" content=\"index, follow, max-snippet:-1, max-image-preview:large, max-video-preview:-1\" \/>\n<link rel=\"canonical\" href=\"https:\/\/xstyle.md\/ro\/produs\/tochilka-karmannaya-boker-solingen-tachen-scharfer\/\" \/>\n<meta property=\"og:locale\" content=\"ro_RO\" \/>\n<meta property=\"og:type\" content=\"article\" \/>\n<meta property=\"og:title\" content=\"\u0422\u043e\u0447\u0438\u043b\u043a\u0430 \u043a\u0430\u0440\u043c\u0430\u043d\u043d\u0430\u044f Boker Solingen Tachen Scharfer - \u041c\u0430\u0433\u0430\u0437\u0438\u043d Xstyle\" \/>\n<meta property=\"og:description\" content=\"\u0422\u043e\u0447\u0438\u043b\u043a\u0430 \u043a\u0430\u0440\u043c\u0430\u043d\u043d\u0430\u044f Boker Solingen Tachen Scharfer: \u0438\u0434\u0435\u0430\u043b\u044c\u043d\u044b\u0439 \u0438\u043d\u0441\u0442\u0440\u0443\u043c\u0435\u043d\u0442 \u0434\u043b\u044f \u0437\u0430\u0442\u043e\u0447\u043a\u0438 \u043d\u043e\u0436\u0435\u0439 \u0441 \u0434\u0432\u0443\u043c\u044f \u0441\u0442\u0443\u043f\u0435\u043d\u044f\u043c\u0438 \u0438 \u043a\u043e\u043c\u043f\u0430\u043a\u0442\u043d\u044b\u043c \u0434\u0438\u0437\u0430\u0439\u043d\u043e\u043c. \u041a\u0430\u0447\u0435\u0441\u0442\u0432\u043e \u043e\u0442 B\u00f6ker!\" \/>\n<meta property=\"og:url\" content=\"https:\/\/xstyle.md\/ro\/produs\/tochilka-karmannaya-boker-solingen-tachen-scharfer\/\" \/>\n<meta property=\"og:site_name\" content=\"\u041c\u0430\u0433\u0430\u0437\u0438\u043d Xstyle\" \/>\n<meta property=\"article:publisher\" content=\"https:\/\/www.facebook.com\/xstylemd\" \/>\n<meta property=\"article:modified_time\" content=\"2026-02-12T16:59:26+00:00\" \/>\n<meta property=\"og:image\" content=\"https:\/\/xstyle.md\/wp-content\/uploads\/2023\/05\/boker-solingen-tachen-scharfer.jpg\" \/>\n\t<meta property=\"og:image:width\" content=\"1170\" \/>\n\t<meta property=\"og:image:height\" content=\"1073\" \/>\n\t<meta property=\"og:image:type\" content=\"image\/jpeg\" \/>\n<meta name=\"twitter:card\" content=\"summary_large_image\" \/>\n<meta name=\"twitter:label1\" content=\"Pre\u021b\" \/>\n\t<meta name=\"twitter:data1\" content=\"180&nbsp;MDL\" \/>\n\t<meta name=\"twitter:label2\" content=\"Disponibilitate\" \/>\n\t<meta name=\"twitter:data2\" content=\"\u00cen stoc\" \/>\n<script type=\"application\/ld+json\" class=\"yoast-schema-graph\">{\"@context\":\"https:\/\/schema.org\",\"@graph\":[{\"@type\":\"WebPage\",\"@id\":\"https:\/\/xstyle.md\/product\/tochilka-karmannaya-boker-solingen-tachen-scharfer\/\",\"url\":\"https:\/\/xstyle.md\/product\/tochilka-karmannaya-boker-solingen-tachen-scharfer\/\",\"name\":\"\u0422\u043e\u0447\u0438\u043b\u043a\u0430 \u043a\u0430\u0440\u043c\u0430\u043d\u043d\u0430\u044f Boker Solingen Tachen Scharfer - \u041c\u0430\u0433\u0430\u0437\u0438\u043d Xstyle\",\"isPartOf\":{\"@id\":\"https:\/\/xstyle.md\/#website\"},\"primaryImageOfPage\":{\"@id\":\"https:\/\/xstyle.md\/product\/tochilka-karmannaya-boker-solingen-tachen-scharfer\/#primaryimage\"},\"image\":{\"@id\":\"https:\/\/xstyle.md\/product\/tochilka-karmannaya-boker-solingen-tachen-scharfer\/#primaryimage\"},\"thumbnailUrl\":\"https:\/\/xstyle.md\/wp-content\/uploads\/2023\/05\/boker-solingen-tachen-scharfer.jpg\",\"datePublished\":\"2023-05-23T09:06:56+00:00\",\"dateModified\":\"2026-02-12T16:59:26+00:00\",\"description\":\"\u0422\u043e\u0447\u0438\u043b\u043a\u0430 \u043a\u0430\u0440\u043c\u0430\u043d\u043d\u0430\u044f Boker Solingen Tachen Scharfer: \u0438\u0434\u0435\u0430\u043b\u044c\u043d\u044b\u0439 \u0438\u043d\u0441\u0442\u0440\u0443\u043c\u0435\u043d\u0442 \u0434\u043b\u044f \u0437\u0430\u0442\u043e\u0447\u043a\u0438 \u043d\u043e\u0436\u0435\u0439 \u0441 \u0434\u0432\u0443\u043c\u044f \u0441\u0442\u0443\u043f\u0435\u043d\u044f\u043c\u0438 \u0438 \u043a\u043e\u043c\u043f\u0430\u043a\u0442\u043d\u044b\u043c \u0434\u0438\u0437\u0430\u0439\u043d\u043e\u043c. \u041a\u0430\u0447\u0435\u0441\u0442\u0432\u043e \u043e\u0442 B\u00f6ker!\",\"breadcrumb\":{\"@id\":\"https:\/\/xstyle.md\/product\/tochilka-karmannaya-boker-solingen-tachen-scharfer\/#breadcrumb\"},\"inLanguage\":\"ro-RO\",\"potentialAction\":[{\"@type\":\"ReadAction\",\"target\":[\"https:\/\/xstyle.md\/product\/tochilka-karmannaya-boker-solingen-tachen-scharfer\/\"]}]},{\"@type\":\"ImageObject\",\"inLanguage\":\"ro-RO\",\"@id\":\"https:\/\/xstyle.md\/product\/tochilka-karmannaya-boker-solingen-tachen-scharfer\/#primaryimage\",\"url\":\"https:\/\/xstyle.md\/wp-content\/uploads\/2023\/05\/boker-solingen-tachen-scharfer.jpg\",\"contentUrl\":\"https:\/\/xstyle.md\/wp-content\/uploads\/2023\/05\/boker-solingen-tachen-scharfer.jpg\",\"width\":1170,\"height\":1073,\"caption\":\"\u041a\u0430\u0440\u043c\u0430\u043d\u043d\u0430\u044f \u0442\u043e\u0447\u0438\u043b\u043a\u0430 Boker Solingen \u0434\u043b\u044f \u0430\u043a\u0442\u0438\u0432\u043d\u043e\u0433\u043e \u043e\u0442\u0434\u044b\u0445\u0430 \u0438 \u043f\u0443\u0442\u0435\u0448\u0435\u0441\u0442\u0432\u0438\u0439, \u043a\u0430\u0447\u0435\u0441\u0442\u0432\u0435\u043d\u043d\u044b\u0435 \u0438\u043d\u0441\u0442\u0440\u0443\u043c\u0435\u043d\u0442\u044b \u0434\u043b\u044f \u0442\u0443\u0440\u0438\u0441\u0442\u043e\u0432 \u0438 \u043f\u043e\u0445\u043e\u0434\u043d\u0438\u043a\u043e\u0432\"},{\"@type\":\"BreadcrumbList\",\"@id\":\"https:\/\/xstyle.md\/product\/tochilka-karmannaya-boker-solingen-tachen-scharfer\/#breadcrumb\",\"itemListElement\":[{\"@type\":\"ListItem\",\"position\":1,\"name\":\"\u0413\u043b\u0430\u0432\u043d\u0430\u044f \u0441\u0442\u0440\u0430\u043d\u0438\u0446\u0430\",\"item\":\"https:\/\/xstyle.md\/\"},{\"@type\":\"ListItem\",\"position\":2,\"name\":\"\u041c\u0430\u0433\u0430\u0437\u0438\u043d\",\"item\":\"https:\/\/xstyle.md\/shop\/\"},{\"@type\":\"ListItem\",\"position\":3,\"name\":\"\u0422\u043e\u0447\u0438\u043b\u043a\u0430 \u043a\u0430\u0440\u043c\u0430\u043d\u043d\u0430\u044f Boker Solingen Tachen Scharfer\"}]},{\"@type\":\"WebSite\",\"@id\":\"https:\/\/xstyle.md\/#website\",\"url\":\"https:\/\/xstyle.md\/\",\"name\":\"\u041c\u0430\u0433\u0430\u0437\u0438\u043d Xstyle\",\"description\":\"C\u043d\u0430\u0440\u044f\u0436\u0435\u043d\u0438\u0435 \u0434\u043b\u044f \u0442\u0443\u0440\u0438\u0437\u043c\u0430 \u0438 \u044d\u043a\u0441\u0442\u0440\u0435\u043c\u0430\u043b\u044c\u043d\u044b\u0445 \u0432\u0438\u0434\u043e\u0432 \u0441\u043f\u043e\u0440\u0442\u0430 \u0432 \u041c\u043e\u043b\u0434\u043e\u0432\u0435.. \u0426\u0435\u043d\u044b, \u0444\u043e\u0442\u043e, \u0445\u0430\u0440\u0430\u043a\u0442\u0435\u0440\u0438\u0441\u0442\u0438\u043a\u0438 \u0432 \u041c\u043e\u043b\u0434\u043e\u0432\u0435.\",\"publisher\":{\"@id\":\"https:\/\/xstyle.md\/#organization\"},\"alternateName\":\"X-Style\",\"potentialAction\":[{\"@type\":\"SearchAction\",\"target\":{\"@type\":\"EntryPoint\",\"urlTemplate\":\"https:\/\/xstyle.md\/?s={search_term_string}\"},\"query-input\":{\"@type\":\"PropertyValueSpecification\",\"valueRequired\":true,\"valueName\":\"search_term_string\"}}],\"inLanguage\":\"ro-RO\"},{\"@type\":\"Organization\",\"@id\":\"https:\/\/xstyle.md\/#organization\",\"name\":\"\u041c\u0430\u0433\u0430\u0437\u0438\u043d Xstyle\",\"alternateName\":\"x-style\",\"url\":\"https:\/\/xstyle.md\/\",\"logo\":{\"@type\":\"ImageObject\",\"inLanguage\":\"ro-RO\",\"@id\":\"https:\/\/xstyle.md\/#\/schema\/logo\/image\/\",\"url\":\"https:\/\/xstyle.md\/wp-content\/uploads\/2020\/06\/logoicon.svg\",\"contentUrl\":\"https:\/\/xstyle.md\/wp-content\/uploads\/2020\/06\/logoicon.svg\",\"caption\":\"\u041c\u0430\u0433\u0430\u0437\u0438\u043d Xstyle\"},\"image\":{\"@id\":\"https:\/\/xstyle.md\/#\/schema\/logo\/image\/\"},\"sameAs\":[\"https:\/\/www.facebook.com\/xstylemd\",\"https:\/\/www.instagram.com\/xstyle_md\/\",\"https:\/\/t.me\/xstyle_outdoor\"],\"hasMerchantReturnPolicy\":{\"@type\":\"MerchantReturnPolicy\",\"merchantReturnLink\":\"https:\/\/xstyle.md\/ro\/conditions\/\"}}]}<\/script>\n<meta property=\"product:price:amount\" content=\"180.00\" \/>\n<meta property=\"product:price:currency\" content=\"MDL\" \/>\n<meta property=\"og:availability\" content=\"instock\" \/>\n<meta property=\"product:availability\" content=\"instock\" \/>\n<meta property=\"product:retailer_item_id\" content=\"4045011254116\" \/>\n<meta property=\"product:condition\" content=\"new\" \/>\n<!-- \/ Yoast SEO plugin. -->","yoast_head_json":{"title":"Toc\u0103tor compact Boker Solingen Tachen Scharfer - Magazin Xstyle","description":"Pencil sharpener Boker Solingen Tachen Scharfer: instrumentul perfect pentru ascu\u021birea cu\u021bitelor cu dou\u0103 etape \u0219i un design compact. Calitate de la B\u00f6ker!","robots":{"index":"index","follow":"follow","max-snippet":"max-snippet:-1","max-image-preview":"max-image-preview:large","max-video-preview":"max-video-preview:-1"},"canonical":"https:\/\/xstyle.md\/ro\/produs\/tochilka-karmannaya-boker-solingen-tachen-scharfer\/","og_locale":"ro_RO","og_type":"article","og_title":"\u0422\u043e\u0447\u0438\u043b\u043a\u0430 \u043a\u0430\u0440\u043c\u0430\u043d\u043d\u0430\u044f Boker Solingen Tachen Scharfer - \u041c\u0430\u0433\u0430\u0437\u0438\u043d Xstyle","og_description":"\u0422\u043e\u0447\u0438\u043b\u043a\u0430 \u043a\u0430\u0440\u043c\u0430\u043d\u043d\u0430\u044f Boker Solingen Tachen Scharfer: \u0438\u0434\u0435\u0430\u043b\u044c\u043d\u044b\u0439 \u0438\u043d\u0441\u0442\u0440\u0443\u043c\u0435\u043d\u0442 \u0434\u043b\u044f \u0437\u0430\u0442\u043e\u0447\u043a\u0438 \u043d\u043e\u0436\u0435\u0439 \u0441 \u0434\u0432\u0443\u043c\u044f \u0441\u0442\u0443\u043f\u0435\u043d\u044f\u043c\u0438 \u0438 \u043a\u043e\u043c\u043f\u0430\u043a\u0442\u043d\u044b\u043c \u0434\u0438\u0437\u0430\u0439\u043d\u043e\u043c. \u041a\u0430\u0447\u0435\u0441\u0442\u0432\u043e \u043e\u0442 B\u00f6ker!","og_url":"https:\/\/xstyle.md\/ro\/produs\/tochilka-karmannaya-boker-solingen-tachen-scharfer\/","og_site_name":"\u041c\u0430\u0433\u0430\u0437\u0438\u043d Xstyle","article_publisher":"https:\/\/www.facebook.com\/xstylemd","article_modified_time":"2026-02-12T16:59:26+00:00","og_image":[{"width":1170,"height":1073,"url":"https:\/\/xstyle.md\/wp-content\/uploads\/2023\/05\/boker-solingen-tachen-scharfer.jpg","type":"image\/jpeg"}],"twitter_card":"summary_large_image","twitter_misc":{"Pre\u021b":"180&nbsp;MDL","Disponibilitate":"\u00cen stoc"},"schema":{"@context":"https:\/\/schema.org","@graph":[{"@type":"WebPage","@id":"https:\/\/xstyle.md\/product\/tochilka-karmannaya-boker-solingen-tachen-scharfer\/","url":"https:\/\/xstyle.md\/product\/tochilka-karmannaya-boker-solingen-tachen-scharfer\/","name":"Toc\u0103tor compact Boker Solingen Tachen Scharfer - Magazin Xstyle","isPartOf":{"@id":"https:\/\/xstyle.md\/#website"},"primaryImageOfPage":{"@id":"https:\/\/xstyle.md\/product\/tochilka-karmannaya-boker-solingen-tachen-scharfer\/#primaryimage"},"image":{"@id":"https:\/\/xstyle.md\/product\/tochilka-karmannaya-boker-solingen-tachen-scharfer\/#primaryimage"},"thumbnailUrl":"https:\/\/xstyle.md\/wp-content\/uploads\/2023\/05\/boker-solingen-tachen-scharfer.jpg","datePublished":"2023-05-23T09:06:56+00:00","dateModified":"2026-02-12T16:59:26+00:00","description":"Pencil sharpener Boker Solingen Tachen Scharfer: instrumentul perfect pentru ascu\u021birea cu\u021bitelor cu dou\u0103 etape \u0219i un design compact. Calitate de la B\u00f6ker!","breadcrumb":{"@id":"https:\/\/xstyle.md\/product\/tochilka-karmannaya-boker-solingen-tachen-scharfer\/#breadcrumb"},"inLanguage":"ro-RO","potentialAction":[{"@type":"ReadAction","target":["https:\/\/xstyle.md\/product\/tochilka-karmannaya-boker-solingen-tachen-scharfer\/"]}]},{"@type":"ImageObject","inLanguage":"ro-RO","@id":"https:\/\/xstyle.md\/product\/tochilka-karmannaya-boker-solingen-tachen-scharfer\/#primaryimage","url":"https:\/\/xstyle.md\/wp-content\/uploads\/2023\/05\/boker-solingen-tachen-scharfer.jpg","contentUrl":"https:\/\/xstyle.md\/wp-content\/uploads\/2023\/05\/boker-solingen-tachen-scharfer.jpg","width":1170,"height":1073,"caption":"\u041a\u0430\u0440\u043c\u0430\u043d\u043d\u0430\u044f \u0442\u043e\u0447\u0438\u043b\u043a\u0430 Boker Solingen \u0434\u043b\u044f \u0430\u043a\u0442\u0438\u0432\u043d\u043e\u0433\u043e \u043e\u0442\u0434\u044b\u0445\u0430 \u0438 \u043f\u0443\u0442\u0435\u0448\u0435\u0441\u0442\u0432\u0438\u0439, \u043a\u0430\u0447\u0435\u0441\u0442\u0432\u0435\u043d\u043d\u044b\u0435 \u0438\u043d\u0441\u0442\u0440\u0443\u043c\u0435\u043d\u0442\u044b \u0434\u043b\u044f \u0442\u0443\u0440\u0438\u0441\u0442\u043e\u0432 \u0438 \u043f\u043e\u0445\u043e\u0434\u043d\u0438\u043a\u043e\u0432"},{"@type":"BreadcrumbList","@id":"https:\/\/xstyle.md\/product\/tochilka-karmannaya-boker-solingen-tachen-scharfer\/#breadcrumb","itemListElement":[{"@type":"ListItem","position":1,"name":"\u0413\u043b\u0430\u0432\u043d\u0430\u044f \u0441\u0442\u0440\u0430\u043d\u0438\u0446\u0430","item":"https:\/\/xstyle.md\/"},{"@type":"ListItem","position":2,"name":"\u041c\u0430\u0433\u0430\u0437\u0438\u043d","item":"https:\/\/xstyle.md\/shop\/"},{"@type":"ListItem","position":3,"name":"\u0422\u043e\u0447\u0438\u043b\u043a\u0430 \u043a\u0430\u0440\u043c\u0430\u043d\u043d\u0430\u044f Boker Solingen Tachen Scharfer"}]},{"@type":"WebSite","@id":"https:\/\/xstyle.md\/#website","url":"https:\/\/xstyle.md\/","name":"Magazinul X-Style","description":"Echipamente pentru turism \u0219i sporturi extreme \u00een Moldova. Pre\u021buri, fotografii, caracteristici \u00een Moldova.","publisher":{"@id":"https:\/\/xstyle.md\/#organization"},"alternateName":"X-Style","potentialAction":[{"@type":"SearchAction","target":{"@type":"EntryPoint","urlTemplate":"https:\/\/xstyle.md\/?s={search_term_string}"},"query-input":{"@type":"PropertyValueSpecification","valueRequired":true,"valueName":"search_term_string"}}],"inLanguage":"ro-RO"},{"@type":"Organization","@id":"https:\/\/xstyle.md\/#organization","name":"Magazinul X-Style","alternateName":"x-style","url":"https:\/\/xstyle.md\/","logo":{"@type":"ImageObject","inLanguage":"ro-RO","@id":"https:\/\/xstyle.md\/#\/schema\/logo\/image\/","url":"https:\/\/xstyle.md\/wp-content\/uploads\/2020\/06\/logoicon.svg","contentUrl":"https:\/\/xstyle.md\/wp-content\/uploads\/2020\/06\/logoicon.svg","caption":"\u041c\u0430\u0433\u0430\u0437\u0438\u043d Xstyle"},"image":{"@id":"https:\/\/xstyle.md\/#\/schema\/logo\/image\/"},"sameAs":["https:\/\/www.facebook.com\/xstylemd","https:\/\/www.instagram.com\/xstyle_md\/","https:\/\/t.me\/xstyle_outdoor"],"hasMerchantReturnPolicy":{"@type":"MerchantReturnPolicy","merchantReturnLink":"https:\/\/xstyle.md\/ro\/conditions\/"}}]},"product_price_amount":"180.00","product_price_currency":"MDL","og_availability":"instock","product_availability":"instock","product_retailer_item_id":"4045011254116","product_condition":"new"},"post_mailing_queue_ids":[],"_links":{"self":[{"href":"https:\/\/xstyle.md\/ro\/wp-json\/wp\/v2\/product\/68724","targetHints":{"allow":["GET"]}}],"collection":[{"href":"https:\/\/xstyle.md\/ro\/wp-json\/wp\/v2\/product"}],"about":[{"href":"https:\/\/xstyle.md\/ro\/wp-json\/wp\/v2\/types\/product"}],"replies":[{"embeddable":true,"href":"https:\/\/xstyle.md\/ro\/wp-json\/wp\/v2\/comments?post=68724"}],"wp:featuredmedia":[{"embeddable":true,"href":"https:\/\/xstyle.md\/ro\/wp-json\/wp\/v2\/media\/69456"}],"wp:attachment":[{"href":"https:\/\/xstyle.md\/ro\/wp-json\/wp\/v2\/media?parent=68724"}],"wp:term":[{"taxonomy":"product_brand","embeddable":true,"href":"https:\/\/xstyle.md\/ro\/wp-json\/wp\/v2\/product_brand?post=68724"},{"taxonomy":"product_cat","embeddable":true,"href":"https:\/\/xstyle.md\/ro\/wp-json\/wp\/v2\/product_cat?post=68724"},{"taxonomy":"product_tag","embeddable":true,"href":"https:\/\/xstyle.md\/ro\/wp-json\/wp\/v2\/product_tag?post=68724"}],"curies":[{"name":"wp","href":"https:\/\/api.w.org\/{rel}","templated":true}]}}