{"id":68713,"date":"2023-05-23T12:06:54","date_gmt":"2023-05-23T09:06:54","guid":{"rendered":"https:\/\/xstyle.md\/?post_type=product&#038;p=68713"},"modified":"2026-03-14T21:51:12","modified_gmt":"2026-03-14T18:51:12","slug":"bryuki-black-diamond-credo-wmn-sergeant","status":"publish","type":"product","link":"https:\/\/xstyle.md\/ro\/produs\/bryuki-black-diamond-credo-wmn-sergeant\/","title":{"rendered":"Pantaloni Black Diamond Credo Wmn sergeant"},"content":{"rendered":"<\/p>\n<p><strong>Black Diamond Credo<\/strong> &#8212; pantaloni versatili, potrivi\u021bi pentru drume\u021bii, c\u0103\u021b\u0103rare, escalad\u0103, bouldering, drume\u021bii \u0219i purtare \u00een fiecare zi \u00een condi\u021bii urbane.<\/p>\n<h3>Particularit\u0103\u021bi<\/h3>\n<ul>\n<li>Fabricat din material folosind bumbac organic de \u00eenalt\u0103 calitate, care este foarte elastic \u0219i are valori ridicate de durabilitate<\/li>\n<li>\u0218nur \u00eencorporat \u00een cordon \u00een talie pentru a ajusta \u021binuta<\/li>\n<li>2 buzunare \u00een fa\u021b\u0103, 2 buzunare la spate \u0219i 1 buzunar la \u0219old<\/li>\n<li>Genunchi \u00eent\u0103ri\u021bi pentru un confort maxim<\/li>\n<li>Croial\u0103 anatomic\u0103 pentru o mi\u0219care f\u0103r\u0103 restric\u021bii.<\/li>\n<\/ul>\n<h3>Caracteristici<\/h3>\n<ul>\n<li>Material &#8212; bumbac biologic stretch (195 g\/m2, 98% bumbac, 2% elastan)<\/li>\n<li>Sezonul - primavar\u0103\/var\u0103\/toamn\u0103<\/li>\n<li>Utilizare &#8212; drume\u021bie\/c\u0103l\u0103torie<\/li>\n<li>Model - pentru femei.<\/li>\n<\/ul>\n<h3>Marca<\/h3>\n<p>Black Diamond este un produc\u0103tor american de echipament sportiv \u0219i turistic de \u00eenalt\u0103 tehnologie, un dezvoltator \u0219i &#171;revolu\u021bionar&#187; legendar, unul dintre cele mai renumite \u0219i reputate branduri existente ast\u0103zi pe pia\u021ba global\u0103 de outdoor. Produsele companiei sunt reprezentate pe scar\u0103 larg\u0103 \u00een domenii precum alpinismul \u0219i schiul. &#171;Fier&#187; \u0219i carabiniere, echipamente pentru ghea\u021b\u0103, sisteme de siguran\u021b\u0103, c\u0103\u0219ti, rucsacuri, corturi, lanterne, be\u021be telescopice, schiuri, bocanci, \u00eembr\u0103c\u0103minte &#8212; toate acestea, timp de multe decenii, au fost produse sub sigla Black Diamond, care reprezint\u0103 o tehnologie avansat\u0103 \u0219i este o garan\u021bie a celei mai \u00eenalte calit\u0103\u021bi, a fiabilit\u0103\u021bii maxime \u0219i a confortului \u00een utilizare.<\/p>\n<p><\/p>","protected":false},"excerpt":{"rendered":"","protected":false},"featured_media":69516,"comment_status":"open","ping_status":"closed","template":"","meta":{"_acf_changed":false,"inline_featured_image":false},"product_brand":[1306],"product_cat":[442],"product_tag":[],"class_list":{"0":"post-68713","1":"product","2":"type-product","3":"status-publish","4":"has-post-thumbnail","6":"product_brand-black-diamond","7":"product_cat-pantaloni-de-trekking-femei","9":"first","10":"outofstock","11":"shipping-taxable","12":"product-type-simple"},"acf":[],"yoast_head":"<!-- This site is optimized with the Yoast SEO plugin v27.4 - https:\/\/yoast.com\/product\/yoast-seo-wordpress\/ -->\n<title>\u0411\u0440\u044e\u043a\u0438 Black Diamond Credo Wmn sergeant - \u041c\u0430\u0433\u0430\u0437\u0438\u043d Xstyle<\/title>\n<meta name=\"description\" content=\"\u0411\u0440\u044e\u043a\u0438 Black Diamond Credo Wmn \u2014 \u0443\u043d\u0438\u0432\u0435\u0440\u0441\u0430\u043b\u044c\u043d\u044b\u0435, \u044d\u043b\u0430\u0441\u0442\u0438\u0447\u043d\u044b\u0435 \u0438 \u043f\u0440\u043e\u0447\u043d\u044b\u0435, \u0438\u0434\u0435\u0430\u043b\u044c\u043d\u044b \u0434\u043b\u044f \u0430\u043a\u0442\u0438\u0432\u043d\u043e\u0433\u043e \u043e\u0442\u0434\u044b\u0445\u0430 \u0438 \u043f\u043e\u0432\u0441\u0435\u0434\u043d\u0435\u0432\u043d\u043e\u0439 \u043d\u043e\u0441\u043a\u0438. \u0412\u044b\u0441\u043e\u043a\u043e\u0435 \u043a\u0430\u0447\u0435\u0441\u0442\u0432\u043e \u043e\u0440\u0433\u0430\u043d\u0438\u0447\u0435\u0441\u043a\u043e\u0433\u043e \u0445\u043b\u043e\u043f\u043a\u0430.\" \/>\n<meta name=\"robots\" content=\"index, follow, max-snippet:-1, max-image-preview:large, max-video-preview:-1\" \/>\n<link rel=\"canonical\" href=\"https:\/\/xstyle.md\/ro\/produs\/bryuki-black-diamond-credo-wmn-sergeant\/\" \/>\n<meta property=\"og:locale\" content=\"ro_RO\" \/>\n<meta property=\"og:type\" content=\"article\" \/>\n<meta property=\"og:title\" content=\"\u0411\u0440\u044e\u043a\u0438 Black Diamond Credo Wmn sergeant - \u041c\u0430\u0433\u0430\u0437\u0438\u043d Xstyle\" \/>\n<meta property=\"og:description\" content=\"\u0411\u0440\u044e\u043a\u0438 Black Diamond Credo Wmn \u2014 \u0443\u043d\u0438\u0432\u0435\u0440\u0441\u0430\u043b\u044c\u043d\u044b\u0435, \u044d\u043b\u0430\u0441\u0442\u0438\u0447\u043d\u044b\u0435 \u0438 \u043f\u0440\u043e\u0447\u043d\u044b\u0435, \u0438\u0434\u0435\u0430\u043b\u044c\u043d\u044b \u0434\u043b\u044f \u0430\u043a\u0442\u0438\u0432\u043d\u043e\u0433\u043e \u043e\u0442\u0434\u044b\u0445\u0430 \u0438 \u043f\u043e\u0432\u0441\u0435\u0434\u043d\u0435\u0432\u043d\u043e\u0439 \u043d\u043e\u0441\u043a\u0438. \u0412\u044b\u0441\u043e\u043a\u043e\u0435 \u043a\u0430\u0447\u0435\u0441\u0442\u0432\u043e \u043e\u0440\u0433\u0430\u043d\u0438\u0447\u0435\u0441\u043a\u043e\u0433\u043e \u0445\u043b\u043e\u043f\u043a\u0430.\" \/>\n<meta property=\"og:url\" content=\"https:\/\/xstyle.md\/ro\/produs\/bryuki-black-diamond-credo-wmn-sergeant\/\" \/>\n<meta property=\"og:site_name\" content=\"\u041c\u0430\u0433\u0430\u0437\u0438\u043d Xstyle\" \/>\n<meta property=\"article:publisher\" content=\"https:\/\/www.facebook.com\/xstylemd\" \/>\n<meta property=\"article:modified_time\" content=\"2026-03-14T18:51:12+00:00\" \/>\n<meta property=\"og:image\" content=\"https:\/\/xstyle.md\/wp-content\/uploads\/2023\/05\/black-diamond-credo-wmn-sergeant.jpg\" \/>\n\t<meta property=\"og:image:width\" content=\"1000\" \/>\n\t<meta property=\"og:image:height\" content=\"1000\" \/>\n\t<meta property=\"og:image:type\" content=\"image\/jpeg\" \/>\n<meta name=\"twitter:card\" content=\"summary_large_image\" \/>\n<meta name=\"twitter:label1\" content=\"Pre\u021b\" \/>\n\t<meta name=\"twitter:data1\" content=\"1.890&nbsp;MDL\" \/>\n\t<meta name=\"twitter:label2\" content=\"Disponibilitate\" \/>\n\t<meta name=\"twitter:data2\" content=\"Stoc epuizat\" \/>\n<script type=\"application\/ld+json\" class=\"yoast-schema-graph\">{\"@context\":\"https:\\\/\\\/schema.org\",\"@graph\":[{\"@type\":\"WebPage\",\"@id\":\"https:\\\/\\\/xstyle.md\\\/product\\\/bryuki-black-diamond-credo-wmn-sergeant\\\/\",\"url\":\"https:\\\/\\\/xstyle.md\\\/product\\\/bryuki-black-diamond-credo-wmn-sergeant\\\/\",\"name\":\"\u0411\u0440\u044e\u043a\u0438 Black Diamond Credo Wmn sergeant - \u041c\u0430\u0433\u0430\u0437\u0438\u043d Xstyle\",\"isPartOf\":{\"@id\":\"https:\\\/\\\/xstyle.md\\\/#website\"},\"primaryImageOfPage\":{\"@id\":\"https:\\\/\\\/xstyle.md\\\/product\\\/bryuki-black-diamond-credo-wmn-sergeant\\\/#primaryimage\"},\"image\":{\"@id\":\"https:\\\/\\\/xstyle.md\\\/product\\\/bryuki-black-diamond-credo-wmn-sergeant\\\/#primaryimage\"},\"thumbnailUrl\":\"https:\\\/\\\/xstyle.md\\\/wp-content\\\/uploads\\\/2023\\\/05\\\/black-diamond-credo-wmn-sergeant.jpg\",\"datePublished\":\"2023-05-23T09:06:54+00:00\",\"dateModified\":\"2026-03-14T18:51:12+00:00\",\"description\":\"\u0411\u0440\u044e\u043a\u0438 Black Diamond Credo Wmn \u2014 \u0443\u043d\u0438\u0432\u0435\u0440\u0441\u0430\u043b\u044c\u043d\u044b\u0435, \u044d\u043b\u0430\u0441\u0442\u0438\u0447\u043d\u044b\u0435 \u0438 \u043f\u0440\u043e\u0447\u043d\u044b\u0435, \u0438\u0434\u0435\u0430\u043b\u044c\u043d\u044b \u0434\u043b\u044f \u0430\u043a\u0442\u0438\u0432\u043d\u043e\u0433\u043e \u043e\u0442\u0434\u044b\u0445\u0430 \u0438 \u043f\u043e\u0432\u0441\u0435\u0434\u043d\u0435\u0432\u043d\u043e\u0439 \u043d\u043e\u0441\u043a\u0438. \u0412\u044b\u0441\u043e\u043a\u043e\u0435 \u043a\u0430\u0447\u0435\u0441\u0442\u0432\u043e \u043e\u0440\u0433\u0430\u043d\u0438\u0447\u0435\u0441\u043a\u043e\u0433\u043e \u0445\u043b\u043e\u043f\u043a\u0430.\",\"breadcrumb\":{\"@id\":\"https:\\\/\\\/xstyle.md\\\/product\\\/bryuki-black-diamond-credo-wmn-sergeant\\\/#breadcrumb\"},\"inLanguage\":\"ro-RO\",\"potentialAction\":[{\"@type\":\"ReadAction\",\"target\":[\"https:\\\/\\\/xstyle.md\\\/product\\\/bryuki-black-diamond-credo-wmn-sergeant\\\/\"]}]},{\"@type\":\"ImageObject\",\"inLanguage\":\"ro-RO\",\"@id\":\"https:\\\/\\\/xstyle.md\\\/product\\\/bryuki-black-diamond-credo-wmn-sergeant\\\/#primaryimage\",\"url\":\"https:\\\/\\\/xstyle.md\\\/wp-content\\\/uploads\\\/2023\\\/05\\\/black-diamond-credo-wmn-sergeant.jpg\",\"contentUrl\":\"https:\\\/\\\/xstyle.md\\\/wp-content\\\/uploads\\\/2023\\\/05\\\/black-diamond-credo-wmn-sergeant.jpg\",\"width\":1000,\"height\":1000,\"caption\":\"\u0422\u0430\u043c\u043d\u044b\u0435 \u0431\u0440\u044e\u043a\u0438 Black Diamond Credo Wmn Sergeant \u0434\u043b\u044f \u0430\u043a\u0442\u0438\u0432\u043d\u043e\u0433\u043e \u043e\u0442\u0434\u044b\u0445\u0430, \u043f\u043e\u0445\u043e\u0434\u043e\u0432 \u0438 \u043f\u0443\u0442\u0435\u0448\u0435\u0441\u0442\u0432\u0438\u0439, \u043e\u0434\u0435\u0436\u0434\u0430 \u0438 \u043e\u0431\u0443\u0432\u044c \u0434\u043b\u044f \u0442\u0443\u0440\u0438\u0437\u043c\u0430 \u0438 \u0441\u043a\u0430\u043b\u043e\u043b\u0430\u0437\u0430\u043d\u0438\u044f\"},{\"@type\":\"BreadcrumbList\",\"@id\":\"https:\\\/\\\/xstyle.md\\\/product\\\/bryuki-black-diamond-credo-wmn-sergeant\\\/#breadcrumb\",\"itemListElement\":[{\"@type\":\"ListItem\",\"position\":1,\"name\":\"\u0413\u043b\u0430\u0432\u043d\u0430\u044f \u0441\u0442\u0440\u0430\u043d\u0438\u0446\u0430\",\"item\":\"https:\\\/\\\/xstyle.md\\\/\"},{\"@type\":\"ListItem\",\"position\":2,\"name\":\"\u041c\u0430\u0433\u0430\u0437\u0438\u043d\",\"item\":\"https:\\\/\\\/xstyle.md\\\/shop\\\/\"},{\"@type\":\"ListItem\",\"position\":3,\"name\":\"\u0411\u0440\u044e\u043a\u0438 Black Diamond Credo Wmn sergeant\"}]},{\"@type\":\"WebSite\",\"@id\":\"https:\\\/\\\/xstyle.md\\\/#website\",\"url\":\"https:\\\/\\\/xstyle.md\\\/\",\"name\":\"\u041c\u0430\u0433\u0430\u0437\u0438\u043d Xstyle\",\"description\":\"C\u043d\u0430\u0440\u044f\u0436\u0435\u043d\u0438\u0435 \u0434\u043b\u044f \u0442\u0443\u0440\u0438\u0437\u043c\u0430 \u0438 \u044d\u043a\u0441\u0442\u0440\u0435\u043c\u0430\u043b\u044c\u043d\u044b\u0445 \u0432\u0438\u0434\u043e\u0432 \u0441\u043f\u043e\u0440\u0442\u0430 \u0432 \u041c\u043e\u043b\u0434\u043e\u0432\u0435.. \u0426\u0435\u043d\u044b, \u0444\u043e\u0442\u043e, \u0445\u0430\u0440\u0430\u043a\u0442\u0435\u0440\u0438\u0441\u0442\u0438\u043a\u0438 \u0432 \u041c\u043e\u043b\u0434\u043e\u0432\u0435.\",\"publisher\":{\"@id\":\"https:\\\/\\\/xstyle.md\\\/#organization\"},\"alternateName\":\"X-Style\",\"potentialAction\":[{\"@type\":\"SearchAction\",\"target\":{\"@type\":\"EntryPoint\",\"urlTemplate\":\"https:\\\/\\\/xstyle.md\\\/?s={search_term_string}\"},\"query-input\":{\"@type\":\"PropertyValueSpecification\",\"valueRequired\":true,\"valueName\":\"search_term_string\"}}],\"inLanguage\":\"ro-RO\"},{\"@type\":\"Organization\",\"@id\":\"https:\\\/\\\/xstyle.md\\\/#organization\",\"name\":\"\u041c\u0430\u0433\u0430\u0437\u0438\u043d Xstyle\",\"alternateName\":\"x-style\",\"url\":\"https:\\\/\\\/xstyle.md\\\/\",\"logo\":{\"@type\":\"ImageObject\",\"inLanguage\":\"ro-RO\",\"@id\":\"https:\\\/\\\/xstyle.md\\\/#\\\/schema\\\/logo\\\/image\\\/\",\"url\":\"https:\\\/\\\/xstyle.md\\\/wp-content\\\/uploads\\\/2020\\\/06\\\/logoicon.svg\",\"contentUrl\":\"https:\\\/\\\/xstyle.md\\\/wp-content\\\/uploads\\\/2020\\\/06\\\/logoicon.svg\",\"caption\":\"\u041c\u0430\u0433\u0430\u0437\u0438\u043d Xstyle\"},\"image\":{\"@id\":\"https:\\\/\\\/xstyle.md\\\/#\\\/schema\\\/logo\\\/image\\\/\"},\"sameAs\":[\"https:\\\/\\\/www.facebook.com\\\/xstylemd\",\"https:\\\/\\\/www.instagram.com\\\/xstyle_md\\\/\",\"https:\\\/\\\/t.me\\\/xstyle_outdoor\"],\"hasMerchantReturnPolicy\":{\"@type\":\"MerchantReturnPolicy\",\"merchantReturnLink\":\"https:\\\/\\\/xstyle.md\\\/ro\\\/conditions\\\/\"}}]}<\/script>\n<meta property=\"product:price:amount\" content=\"1890.00\" \/>\n<meta property=\"product:price:currency\" content=\"MDL\" \/>\n<meta property=\"og:availability\" content=\"out of stock\" \/>\n<meta property=\"product:availability\" content=\"out of stock\" \/>\n<meta property=\"product:retailer_item_id\" content=\"793661329558\" \/>\n<meta property=\"product:condition\" content=\"new\" \/>\n<!-- \/ Yoast SEO plugin. -->","yoast_head_json":{"title":"Pantaloni Black Diamond Credo Wmn sergeant - Magazin Xstyle","description":"Pantalonii Black Diamond Credo Wmn sunt universali, elastici \u0219i rezisten\u021bi, ideali pentru activit\u0103\u021bi \u00een aer liber \u0219i purtare zilnic\u0103. Calitate \u00eenalt\u0103 a bumbacului organic.","robots":{"index":"index","follow":"follow","max-snippet":"max-snippet:-1","max-image-preview":"max-image-preview:large","max-video-preview":"max-video-preview:-1"},"canonical":"https:\/\/xstyle.md\/ro\/produs\/bryuki-black-diamond-credo-wmn-sergeant\/","og_locale":"ro_RO","og_type":"article","og_title":"\u0411\u0440\u044e\u043a\u0438 Black Diamond Credo Wmn sergeant - \u041c\u0430\u0433\u0430\u0437\u0438\u043d Xstyle","og_description":"\u0411\u0440\u044e\u043a\u0438 Black Diamond Credo Wmn \u2014 \u0443\u043d\u0438\u0432\u0435\u0440\u0441\u0430\u043b\u044c\u043d\u044b\u0435, \u044d\u043b\u0430\u0441\u0442\u0438\u0447\u043d\u044b\u0435 \u0438 \u043f\u0440\u043e\u0447\u043d\u044b\u0435, \u0438\u0434\u0435\u0430\u043b\u044c\u043d\u044b \u0434\u043b\u044f \u0430\u043a\u0442\u0438\u0432\u043d\u043e\u0433\u043e \u043e\u0442\u0434\u044b\u0445\u0430 \u0438 \u043f\u043e\u0432\u0441\u0435\u0434\u043d\u0435\u0432\u043d\u043e\u0439 \u043d\u043e\u0441\u043a\u0438. \u0412\u044b\u0441\u043e\u043a\u043e\u0435 \u043a\u0430\u0447\u0435\u0441\u0442\u0432\u043e \u043e\u0440\u0433\u0430\u043d\u0438\u0447\u0435\u0441\u043a\u043e\u0433\u043e \u0445\u043b\u043e\u043f\u043a\u0430.","og_url":"https:\/\/xstyle.md\/ro\/produs\/bryuki-black-diamond-credo-wmn-sergeant\/","og_site_name":"\u041c\u0430\u0433\u0430\u0437\u0438\u043d Xstyle","article_publisher":"https:\/\/www.facebook.com\/xstylemd","article_modified_time":"2026-03-14T18:51:12+00:00","og_image":[{"width":1000,"height":1000,"url":"https:\/\/xstyle.md\/wp-content\/uploads\/2023\/05\/black-diamond-credo-wmn-sergeant.jpg","type":"image\/jpeg"}],"twitter_card":"summary_large_image","twitter_misc":{"Pre\u021b":"1.890&nbsp;MDL","Disponibilitate":"Stoc epuizat"},"schema":{"@context":"https:\/\/schema.org","@graph":[{"@type":"WebPage","@id":"https:\/\/xstyle.md\/product\/bryuki-black-diamond-credo-wmn-sergeant\/","url":"https:\/\/xstyle.md\/product\/bryuki-black-diamond-credo-wmn-sergeant\/","name":"Pantaloni Black Diamond Credo Wmn sergeant - Magazin Xstyle","isPartOf":{"@id":"https:\/\/xstyle.md\/#website"},"primaryImageOfPage":{"@id":"https:\/\/xstyle.md\/product\/bryuki-black-diamond-credo-wmn-sergeant\/#primaryimage"},"image":{"@id":"https:\/\/xstyle.md\/product\/bryuki-black-diamond-credo-wmn-sergeant\/#primaryimage"},"thumbnailUrl":"https:\/\/xstyle.md\/wp-content\/uploads\/2023\/05\/black-diamond-credo-wmn-sergeant.jpg","datePublished":"2023-05-23T09:06:54+00:00","dateModified":"2026-03-14T18:51:12+00:00","description":"Pantalonii Black Diamond Credo Wmn sunt universali, elastici \u0219i rezisten\u021bi, ideali pentru activit\u0103\u021bi \u00een aer liber \u0219i purtare zilnic\u0103. Calitate \u00eenalt\u0103 a bumbacului organic.","breadcrumb":{"@id":"https:\/\/xstyle.md\/product\/bryuki-black-diamond-credo-wmn-sergeant\/#breadcrumb"},"inLanguage":"ro-RO","potentialAction":[{"@type":"ReadAction","target":["https:\/\/xstyle.md\/product\/bryuki-black-diamond-credo-wmn-sergeant\/"]}]},{"@type":"ImageObject","inLanguage":"ro-RO","@id":"https:\/\/xstyle.md\/product\/bryuki-black-diamond-credo-wmn-sergeant\/#primaryimage","url":"https:\/\/xstyle.md\/wp-content\/uploads\/2023\/05\/black-diamond-credo-wmn-sergeant.jpg","contentUrl":"https:\/\/xstyle.md\/wp-content\/uploads\/2023\/05\/black-diamond-credo-wmn-sergeant.jpg","width":1000,"height":1000,"caption":"\u0422\u0430\u043c\u043d\u044b\u0435 \u0431\u0440\u044e\u043a\u0438 Black Diamond Credo Wmn Sergeant \u0434\u043b\u044f \u0430\u043a\u0442\u0438\u0432\u043d\u043e\u0433\u043e \u043e\u0442\u0434\u044b\u0445\u0430, \u043f\u043e\u0445\u043e\u0434\u043e\u0432 \u0438 \u043f\u0443\u0442\u0435\u0448\u0435\u0441\u0442\u0432\u0438\u0439, \u043e\u0434\u0435\u0436\u0434\u0430 \u0438 \u043e\u0431\u0443\u0432\u044c \u0434\u043b\u044f \u0442\u0443\u0440\u0438\u0437\u043c\u0430 \u0438 \u0441\u043a\u0430\u043b\u043e\u043b\u0430\u0437\u0430\u043d\u0438\u044f"},{"@type":"BreadcrumbList","@id":"https:\/\/xstyle.md\/product\/bryuki-black-diamond-credo-wmn-sergeant\/#breadcrumb","itemListElement":[{"@type":"ListItem","position":1,"name":"\u0413\u043b\u0430\u0432\u043d\u0430\u044f \u0441\u0442\u0440\u0430\u043d\u0438\u0446\u0430","item":"https:\/\/xstyle.md\/"},{"@type":"ListItem","position":2,"name":"\u041c\u0430\u0433\u0430\u0437\u0438\u043d","item":"https:\/\/xstyle.md\/shop\/"},{"@type":"ListItem","position":3,"name":"\u0411\u0440\u044e\u043a\u0438 Black Diamond Credo Wmn sergeant"}]},{"@type":"WebSite","@id":"https:\/\/xstyle.md\/#website","url":"https:\/\/xstyle.md\/","name":"Magazinul X-Style","description":"Echipamente pentru turism \u0219i sporturi extreme \u00een Moldova. Pre\u021buri, fotografii, caracteristici \u00een Moldova.","publisher":{"@id":"https:\/\/xstyle.md\/#organization"},"alternateName":"X-Style","potentialAction":[{"@type":"SearchAction","target":{"@type":"EntryPoint","urlTemplate":"https:\/\/xstyle.md\/?s={search_term_string}"},"query-input":{"@type":"PropertyValueSpecification","valueRequired":true,"valueName":"search_term_string"}}],"inLanguage":"ro-RO"},{"@type":"Organization","@id":"https:\/\/xstyle.md\/#organization","name":"Magazinul X-Style","alternateName":"x-style","url":"https:\/\/xstyle.md\/","logo":{"@type":"ImageObject","inLanguage":"ro-RO","@id":"https:\/\/xstyle.md\/#\/schema\/logo\/image\/","url":"https:\/\/xstyle.md\/wp-content\/uploads\/2020\/06\/logoicon.svg","contentUrl":"https:\/\/xstyle.md\/wp-content\/uploads\/2020\/06\/logoicon.svg","caption":"\u041c\u0430\u0433\u0430\u0437\u0438\u043d Xstyle"},"image":{"@id":"https:\/\/xstyle.md\/#\/schema\/logo\/image\/"},"sameAs":["https:\/\/www.facebook.com\/xstylemd","https:\/\/www.instagram.com\/xstyle_md\/","https:\/\/t.me\/xstyle_outdoor"],"hasMerchantReturnPolicy":{"@type":"MerchantReturnPolicy","merchantReturnLink":"https:\/\/xstyle.md\/ro\/conditions\/"}}]},"product_price_amount":"1890.00","product_price_currency":"MDL","og_availability":"out of stock","product_availability":"out of stock","product_retailer_item_id":"793661329558","product_condition":"new"},"post_mailing_queue_ids":[],"_links":{"self":[{"href":"https:\/\/xstyle.md\/ro\/wp-json\/wp\/v2\/product\/68713","targetHints":{"allow":["GET"]}}],"collection":[{"href":"https:\/\/xstyle.md\/ro\/wp-json\/wp\/v2\/product"}],"about":[{"href":"https:\/\/xstyle.md\/ro\/wp-json\/wp\/v2\/types\/product"}],"replies":[{"embeddable":true,"href":"https:\/\/xstyle.md\/ro\/wp-json\/wp\/v2\/comments?post=68713"}],"wp:featuredmedia":[{"embeddable":true,"href":"https:\/\/xstyle.md\/ro\/wp-json\/wp\/v2\/media\/69516"}],"wp:attachment":[{"href":"https:\/\/xstyle.md\/ro\/wp-json\/wp\/v2\/media?parent=68713"}],"wp:term":[{"taxonomy":"product_brand","embeddable":true,"href":"https:\/\/xstyle.md\/ro\/wp-json\/wp\/v2\/product_brand?post=68713"},{"taxonomy":"product_cat","embeddable":true,"href":"https:\/\/xstyle.md\/ro\/wp-json\/wp\/v2\/product_cat?post=68713"},{"taxonomy":"product_tag","embeddable":true,"href":"https:\/\/xstyle.md\/ro\/wp-json\/wp\/v2\/product_tag?post=68713"}],"curies":[{"name":"wp","href":"https:\/\/api.w.org\/{rel}","templated":true}]}}