{"id":68302,"date":"2023-05-11T14:18:05","date_gmt":"2023-05-11T11:18:05","guid":{"rendered":"https:\/\/xstyle.md\/?post_type=product&#038;p=68302"},"modified":"2026-03-19T17:13:39","modified_gmt":"2026-03-19T14:13:39","slug":"futbolka-hannah-pelton-mns-dark-forest-mel","status":"publish","type":"product","link":"https:\/\/xstyle.md\/ro\/produs\/futbolka-hannah-pelton-mns-dark-forest-mel\/","title":{"rendered":"Tricou termic Hannah Pelton Mns dark forest mel"},"content":{"rendered":"<\/p>\n<p><strong>Hannah Pelton<\/strong> &#8212; un tricou u\u0219or cu m\u00e2nec\u0103 scurt\u0103 pentru b\u0103rba\u021bi, perfect pentru a r\u0103m\u00e2ne r\u0103coros \u00een timpul celor mai c\u0103lduroase luni ale anului. Este confec\u021bionat dintr-un material respirabil care permite trecerea aerului, oferind confort \u0219i un aspect deosebit. \u00cen plus, acest tricou are o siluet\u0103 elegant\u0103 slim-fit, perfect\u0103 pentru toate tipurile de corp. Construc\u021bia u\u0219oar\u0103 asigur\u0103 confortul, indiferent de ceea ce faci. Fie c\u0103 ie\u0219i\u021bi la o alergare \u00een parc sau pur \u0219i simplu purta\u021bi tricoul pentru un eveniment \u00een aer liber, v\u0103 pute\u021bi baza pe stilul sofisticat \u0219i pe croiala confortabil\u0103.<\/p>\n<p>\u00cen afar\u0103 de estetica la mod\u0103, tricoul cu m\u00e2nec\u0103 scurt\u0103 pentru b\u0103rba\u021bi are multe caracteristici care \u00eel fac o alegere excelent\u0103 pentru a fi purtat pe vreme cald\u0103. Acesta dispune de tehnologie de \u021bes\u0103tur\u0103 respirabil\u0103 pentru a v\u0103 men\u021bine r\u0103coros \u0219i uscat, precum \u0219i de protec\u021bie \u00eempotriva mirosului, astfel \u00eenc\u00e2t s\u0103 nu v\u0103 face\u021bi griji cu privire la mirosul de transpira\u021bie. \u00cen plus, acest tricou este rezistent la riduri \u0219i la decolorare, pentru ca tu s\u0103 ar\u0103\u021bi c\u00e2t mai bine.<\/p>\n<p>Tricoul cu m\u00e2nec\u0103 scurt\u0103 pentru b\u0103rba\u021bi Pelton este modul perfect de a r\u0103m\u00e2ne r\u0103coros \u0219i elegant \u00een orice moment al zilei sau al nop\u021bii. Cu o croial\u0103 relaxat\u0103, o construc\u021bie u\u0219oar\u0103 \u0219i o culoare rece, acest tricou este o op\u021biune excelent\u0103 pentru garderoba ta pe timp cald. Ob\u021bine\u021bi aspectul pe care \u00eel dori\u021bi f\u0103r\u0103 a sacrifica confortul cu tricoul cu m\u00e2nec\u0103 scurt\u0103 pentru b\u0103rba\u021bi Pelton.<\/p>\n<h3>Particularit\u0103\u021bi<\/h3>\n<ul>\n<li>Materialul de \u00eenalt\u0103 calitate este durabil \u0219i u\u0219or de \u00eentre\u021binut<\/li>\n<li>\u021aes\u0103tura respirabil\u0103 v\u0103 men\u021bine r\u0103coros \u0219i uscat<\/li>\n<li>Rezistent la \u00eencre\u021bire \u0219i decolorare<\/li>\n<li>Se usuc\u0103 rapid \u0219i protejeaz\u0103 \u00eempotriva mirosului de transpira\u021bie.<\/li>\n<\/ul>\n<h3>Caracteristici<\/h3>\n<ul>\n<li>Material &#8212; 90% poliester, 10% elastan<\/li>\n<li>Sezonul &#8212; prim\u0103var\u0103\/var\u0103<\/li>\n<li>Destina\u021bie &#8212; sport activ \/ uzur\u0103 zilnic\u0103<\/li>\n<li>Model - b\u0103rba\u021bi.<\/li>\n<\/ul>\n<h3>Tehnologie<\/h3>\n<ul>\n<li><strong>AFT Quick dry<\/strong> &#8212; un material din fibre sintetice moale \u0219i confortabil, rezistent din punct de vedere mecanic \u0219i, \u00een acela\u0219i timp, respirabil \u0219i cu uscare rapid\u0103. Combin\u00e2nd aceste propriet\u0103\u021bi, acesta asigur\u0103 un confort maxim pentru utilizator \u00een timpul oric\u0103rei activit\u0103\u021bi \u00een aer liber.<\/li>\n<\/ul>\n<h3>Marca<\/h3>\n<p>Hannah\u00a0&#8212; este un brand interna\u021bional specializat \u00een \u00eembr\u0103c\u0103minte de c\u0103l\u0103torii \u0219i sport pentru toate anotimpurile. Brandul Hannah a fost fondat \u00een Republica Ceh\u0103 \u00een anul 1991. Compania a ob\u021binut un succes remarcabil pe pia\u021ba intern\u0103, datorit\u0103 calit\u0103\u021bii \u00eenalte \u0219i pre\u021burilor accesibile.<\/p>\n<p>La \u00eenceput, compania fabrica produse conform standardelor interna\u021bionale, deoarece au \u00een\u021beles pe deplin importan\u021ba unei reputa\u021bii excelente. \u00cen acest sens, s-a alocat mult timp selec\u021biei materialelor de \u00eenalt\u0103 calitate, care sunt rezistente la uzur\u0103 \u0219i rezistente la ap\u0103. Ast\u0103zi, brandul nu st\u0103 pe loc, catalogul lor este \u00een permanen\u021b\u0103 actualizat \u0219i extins, iar produsele pot fi g\u0103site \u00een toat\u0103 lumea.<\/p>\n<p><\/p>","protected":false},"excerpt":{"rendered":"","protected":false},"featured_media":68915,"comment_status":"open","ping_status":"closed","template":"","meta":{"_acf_changed":false,"inline_featured_image":false},"product_brand":[1271],"product_cat":[891],"product_tag":[],"class_list":{"0":"post-68302","1":"product","2":"type-product","3":"status-publish","4":"has-post-thumbnail","6":"product_brand-hannah","7":"product_cat-short-sleeve-barbati","9":"first","10":"instock","11":"shipping-taxable","12":"purchasable","13":"product-type-simple"},"acf":[],"yoast_head":"<!-- This site is optimized with the Yoast SEO plugin v27.4 - https:\/\/yoast.com\/product\/yoast-seo-wordpress\/ -->\n<title>\u0424\u0443\u0442\u0431\u043e\u043b\u043a\u0430 Hannah Pelton Mns dark forest mel - \u041c\u0430\u0433\u0430\u0437\u0438\u043d Xstyle<\/title>\n<meta name=\"description\" content=\"\u0424\u0443\u0442\u0431\u043e\u043b\u043a\u0430 Hannah Pelton Mns \u0432 \u0446\u0432\u0435\u0442\u0435 \u0442\u0435\u043c\u043d\u044b\u0439 \u043b\u0435\u0441 \u2014 \u043b\u0435\u0433\u043a\u0430\u044f \u0438 \u0434\u044b\u0448\u0430\u0449\u0430\u044f, \u0438\u0434\u0435\u0430\u043b\u044c\u043d\u0430 \u0434\u043b\u044f \u043b\u0435\u0442\u0430. \u0411\u044b\u0441\u0442\u0440\u043e\u0441\u043e\u0445\u043d\u0443\u0449\u0438\u0439 \u043c\u0430\u0442\u0435\u0440\u0438\u0430\u043b \u0438 \u0441\u0442\u0438\u043b\u044c\u043d\u044b\u0439 \u0441\u0438\u043b\u0443\u044d\u0442 slim fit \u0434\u043b\u044f \u043a\u043e\u043c\u0444\u043e\u0440\u0442\u0430.\" \/>\n<meta name=\"robots\" content=\"index, follow, max-snippet:-1, max-image-preview:large, max-video-preview:-1\" \/>\n<link rel=\"canonical\" href=\"https:\/\/xstyle.md\/ro\/produs\/futbolka-hannah-pelton-mns-dark-forest-mel\/\" \/>\n<meta property=\"og:locale\" content=\"ro_RO\" \/>\n<meta property=\"og:type\" content=\"article\" \/>\n<meta property=\"og:title\" content=\"\u0424\u0443\u0442\u0431\u043e\u043b\u043a\u0430 Hannah Pelton Mns dark forest mel - \u041c\u0430\u0433\u0430\u0437\u0438\u043d Xstyle\" \/>\n<meta property=\"og:description\" content=\"\u0424\u0443\u0442\u0431\u043e\u043b\u043a\u0430 Hannah Pelton Mns \u0432 \u0446\u0432\u0435\u0442\u0435 \u0442\u0435\u043c\u043d\u044b\u0439 \u043b\u0435\u0441 \u2014 \u043b\u0435\u0433\u043a\u0430\u044f \u0438 \u0434\u044b\u0448\u0430\u0449\u0430\u044f, \u0438\u0434\u0435\u0430\u043b\u044c\u043d\u0430 \u0434\u043b\u044f \u043b\u0435\u0442\u0430. \u0411\u044b\u0441\u0442\u0440\u043e\u0441\u043e\u0445\u043d\u0443\u0449\u0438\u0439 \u043c\u0430\u0442\u0435\u0440\u0438\u0430\u043b \u0438 \u0441\u0442\u0438\u043b\u044c\u043d\u044b\u0439 \u0441\u0438\u043b\u0443\u044d\u0442 slim fit \u0434\u043b\u044f \u043a\u043e\u043c\u0444\u043e\u0440\u0442\u0430.\" \/>\n<meta property=\"og:url\" content=\"https:\/\/xstyle.md\/ro\/produs\/futbolka-hannah-pelton-mns-dark-forest-mel\/\" \/>\n<meta property=\"og:site_name\" content=\"\u041c\u0430\u0433\u0430\u0437\u0438\u043d Xstyle\" \/>\n<meta property=\"article:publisher\" content=\"https:\/\/www.facebook.com\/xstylemd\" \/>\n<meta property=\"article:modified_time\" content=\"2026-03-19T14:13:39+00:00\" \/>\n<meta property=\"og:image\" content=\"https:\/\/xstyle.md\/wp-content\/uploads\/2023\/05\/hannah-pelton-mns-dark-forest-mel.jpg\" \/>\n\t<meta property=\"og:image:width\" content=\"1508\" \/>\n\t<meta property=\"og:image:height\" content=\"1392\" \/>\n\t<meta property=\"og:image:type\" content=\"image\/jpeg\" \/>\n<meta name=\"twitter:card\" content=\"summary_large_image\" \/>\n<meta name=\"twitter:label1\" content=\"Pre\u021b\" \/>\n\t<meta name=\"twitter:data1\" content=\"670&nbsp;MDL\" \/>\n\t<meta name=\"twitter:label2\" content=\"Disponibilitate\" \/>\n\t<meta name=\"twitter:data2\" content=\"\u00cen stoc\" \/>\n<script type=\"application\/ld+json\" class=\"yoast-schema-graph\">{\"@context\":\"https:\\\/\\\/schema.org\",\"@graph\":[{\"@type\":\"WebPage\",\"@id\":\"https:\\\/\\\/xstyle.md\\\/product\\\/futbolka-hannah-pelton-mns-dark-forest-mel\\\/\",\"url\":\"https:\\\/\\\/xstyle.md\\\/product\\\/futbolka-hannah-pelton-mns-dark-forest-mel\\\/\",\"name\":\"\u0424\u0443\u0442\u0431\u043e\u043b\u043a\u0430 Hannah Pelton Mns dark forest mel - \u041c\u0430\u0433\u0430\u0437\u0438\u043d Xstyle\",\"isPartOf\":{\"@id\":\"https:\\\/\\\/xstyle.md\\\/#website\"},\"primaryImageOfPage\":{\"@id\":\"https:\\\/\\\/xstyle.md\\\/product\\\/futbolka-hannah-pelton-mns-dark-forest-mel\\\/#primaryimage\"},\"image\":{\"@id\":\"https:\\\/\\\/xstyle.md\\\/product\\\/futbolka-hannah-pelton-mns-dark-forest-mel\\\/#primaryimage\"},\"thumbnailUrl\":\"https:\\\/\\\/xstyle.md\\\/wp-content\\\/uploads\\\/2023\\\/05\\\/hannah-pelton-mns-dark-forest-mel.jpg\",\"datePublished\":\"2023-05-11T11:18:05+00:00\",\"dateModified\":\"2026-03-19T14:13:39+00:00\",\"description\":\"\u0424\u0443\u0442\u0431\u043e\u043b\u043a\u0430 Hannah Pelton Mns \u0432 \u0446\u0432\u0435\u0442\u0435 \u0442\u0435\u043c\u043d\u044b\u0439 \u043b\u0435\u0441 \u2014 \u043b\u0435\u0433\u043a\u0430\u044f \u0438 \u0434\u044b\u0448\u0430\u0449\u0430\u044f, \u0438\u0434\u0435\u0430\u043b\u044c\u043d\u0430 \u0434\u043b\u044f \u043b\u0435\u0442\u0430. \u0411\u044b\u0441\u0442\u0440\u043e\u0441\u043e\u0445\u043d\u0443\u0449\u0438\u0439 \u043c\u0430\u0442\u0435\u0440\u0438\u0430\u043b \u0438 \u0441\u0442\u0438\u043b\u044c\u043d\u044b\u0439 \u0441\u0438\u043b\u0443\u044d\u0442 slim fit \u0434\u043b\u044f \u043a\u043e\u043c\u0444\u043e\u0440\u0442\u0430.\",\"breadcrumb\":{\"@id\":\"https:\\\/\\\/xstyle.md\\\/product\\\/futbolka-hannah-pelton-mns-dark-forest-mel\\\/#breadcrumb\"},\"inLanguage\":\"ro-RO\",\"potentialAction\":[{\"@type\":\"ReadAction\",\"target\":[\"https:\\\/\\\/xstyle.md\\\/product\\\/futbolka-hannah-pelton-mns-dark-forest-mel\\\/\"]}]},{\"@type\":\"ImageObject\",\"inLanguage\":\"ro-RO\",\"@id\":\"https:\\\/\\\/xstyle.md\\\/product\\\/futbolka-hannah-pelton-mns-dark-forest-mel\\\/#primaryimage\",\"url\":\"https:\\\/\\\/xstyle.md\\\/wp-content\\\/uploads\\\/2023\\\/05\\\/hannah-pelton-mns-dark-forest-mel.jpg\",\"contentUrl\":\"https:\\\/\\\/xstyle.md\\\/wp-content\\\/uploads\\\/2023\\\/05\\\/hannah-pelton-mns-dark-forest-mel.jpg\",\"width\":1508,\"height\":1392,\"caption\":\"\u0422\u0440\u0435\u043d\u0434\u043e\u0432\u0430\u044f \u0444\u0443\u0442\u0431\u043e\u043b\u043a\u0430 Hannah Pelton Mns \u0442\u0435\u043c\u043d\u044b\u0439 \u043b\u0435\u0441 \u0434\u043b\u044f \u0430\u043a\u0442\u0438\u0432\u043d\u043e\u0433\u043e \u043e\u0442\u0434\u044b\u0445\u0430 \u043f\u043e\u0445\u043e\u0434\u043e\u0432 \u0438 \u043f\u0443\u0442\u0435\u0448\u0435\u0441\u0442\u0432\u0438\u0439 \u0432 \u043e\u043d\u043b\u0430\u0439\u043d \u043c\u0430\u0433\u0430\u0437\u0438\u043d\u0435 \u0441\u043f\u043e\u0440\u0442\u0438\u0432\u043d\u043e\u0439 \u043e\u0434\u0435\u0436\u0434\u044b \u0438 \u043e\u0431\u0443\u0432\u0438\"},{\"@type\":\"BreadcrumbList\",\"@id\":\"https:\\\/\\\/xstyle.md\\\/product\\\/futbolka-hannah-pelton-mns-dark-forest-mel\\\/#breadcrumb\",\"itemListElement\":[{\"@type\":\"ListItem\",\"position\":1,\"name\":\"\u0413\u043b\u0430\u0432\u043d\u0430\u044f \u0441\u0442\u0440\u0430\u043d\u0438\u0446\u0430\",\"item\":\"https:\\\/\\\/xstyle.md\\\/\"},{\"@type\":\"ListItem\",\"position\":2,\"name\":\"\u041c\u0430\u0433\u0430\u0437\u0438\u043d\",\"item\":\"https:\\\/\\\/xstyle.md\\\/shop\\\/\"},{\"@type\":\"ListItem\",\"position\":3,\"name\":\"\u0424\u0443\u0442\u0431\u043e\u043b\u043a\u0430 Hannah Pelton Mns dark forest mel\"}]},{\"@type\":\"WebSite\",\"@id\":\"https:\\\/\\\/xstyle.md\\\/#website\",\"url\":\"https:\\\/\\\/xstyle.md\\\/\",\"name\":\"\u041c\u0430\u0433\u0430\u0437\u0438\u043d Xstyle\",\"description\":\"C\u043d\u0430\u0440\u044f\u0436\u0435\u043d\u0438\u0435 \u0434\u043b\u044f \u0442\u0443\u0440\u0438\u0437\u043c\u0430 \u0438 \u044d\u043a\u0441\u0442\u0440\u0435\u043c\u0430\u043b\u044c\u043d\u044b\u0445 \u0432\u0438\u0434\u043e\u0432 \u0441\u043f\u043e\u0440\u0442\u0430 \u0432 \u041c\u043e\u043b\u0434\u043e\u0432\u0435.. \u0426\u0435\u043d\u044b, \u0444\u043e\u0442\u043e, \u0445\u0430\u0440\u0430\u043a\u0442\u0435\u0440\u0438\u0441\u0442\u0438\u043a\u0438 \u0432 \u041c\u043e\u043b\u0434\u043e\u0432\u0435.\",\"publisher\":{\"@id\":\"https:\\\/\\\/xstyle.md\\\/#organization\"},\"alternateName\":\"X-Style\",\"potentialAction\":[{\"@type\":\"SearchAction\",\"target\":{\"@type\":\"EntryPoint\",\"urlTemplate\":\"https:\\\/\\\/xstyle.md\\\/?s={search_term_string}\"},\"query-input\":{\"@type\":\"PropertyValueSpecification\",\"valueRequired\":true,\"valueName\":\"search_term_string\"}}],\"inLanguage\":\"ro-RO\"},{\"@type\":\"Organization\",\"@id\":\"https:\\\/\\\/xstyle.md\\\/#organization\",\"name\":\"\u041c\u0430\u0433\u0430\u0437\u0438\u043d Xstyle\",\"alternateName\":\"x-style\",\"url\":\"https:\\\/\\\/xstyle.md\\\/\",\"logo\":{\"@type\":\"ImageObject\",\"inLanguage\":\"ro-RO\",\"@id\":\"https:\\\/\\\/xstyle.md\\\/#\\\/schema\\\/logo\\\/image\\\/\",\"url\":\"https:\\\/\\\/xstyle.md\\\/wp-content\\\/uploads\\\/2020\\\/06\\\/logoicon.svg\",\"contentUrl\":\"https:\\\/\\\/xstyle.md\\\/wp-content\\\/uploads\\\/2020\\\/06\\\/logoicon.svg\",\"caption\":\"\u041c\u0430\u0433\u0430\u0437\u0438\u043d Xstyle\"},\"image\":{\"@id\":\"https:\\\/\\\/xstyle.md\\\/#\\\/schema\\\/logo\\\/image\\\/\"},\"sameAs\":[\"https:\\\/\\\/www.facebook.com\\\/xstylemd\",\"https:\\\/\\\/www.instagram.com\\\/xstyle_md\\\/\",\"https:\\\/\\\/t.me\\\/xstyle_outdoor\"],\"hasMerchantReturnPolicy\":{\"@type\":\"MerchantReturnPolicy\",\"merchantReturnLink\":\"https:\\\/\\\/xstyle.md\\\/ro\\\/conditions\\\/\"}}]}<\/script>\n<meta property=\"product:price:amount\" content=\"670.00\" \/>\n<meta property=\"product:price:currency\" content=\"MDL\" \/>\n<meta property=\"og:availability\" content=\"instock\" \/>\n<meta property=\"product:availability\" content=\"instock\" \/>\n<meta property=\"product:retailer_item_id\" content=\"8591203444163\" \/>\n<meta property=\"product:condition\" content=\"new\" \/>\n<!-- \/ Yoast SEO plugin. -->","yoast_head_json":{"title":"Tricou termic Hannah Pelton Mns dark forest mel - Magazin Xstyle","description":"Tricoul Hannah Pelton Mns \u00een culoare verde \u00eenchis \u2014 u\u0219or \u0219i respirabil, perfect pentru var\u0103. Materialul care se usuc\u0103 rapid \u0219i silueta elegant\u0103 slim fit pentru confort.","robots":{"index":"index","follow":"follow","max-snippet":"max-snippet:-1","max-image-preview":"max-image-preview:large","max-video-preview":"max-video-preview:-1"},"canonical":"https:\/\/xstyle.md\/ro\/produs\/futbolka-hannah-pelton-mns-dark-forest-mel\/","og_locale":"ro_RO","og_type":"article","og_title":"\u0424\u0443\u0442\u0431\u043e\u043b\u043a\u0430 Hannah Pelton Mns dark forest mel - \u041c\u0430\u0433\u0430\u0437\u0438\u043d Xstyle","og_description":"\u0424\u0443\u0442\u0431\u043e\u043b\u043a\u0430 Hannah Pelton Mns \u0432 \u0446\u0432\u0435\u0442\u0435 \u0442\u0435\u043c\u043d\u044b\u0439 \u043b\u0435\u0441 \u2014 \u043b\u0435\u0433\u043a\u0430\u044f \u0438 \u0434\u044b\u0448\u0430\u0449\u0430\u044f, \u0438\u0434\u0435\u0430\u043b\u044c\u043d\u0430 \u0434\u043b\u044f \u043b\u0435\u0442\u0430. \u0411\u044b\u0441\u0442\u0440\u043e\u0441\u043e\u0445\u043d\u0443\u0449\u0438\u0439 \u043c\u0430\u0442\u0435\u0440\u0438\u0430\u043b \u0438 \u0441\u0442\u0438\u043b\u044c\u043d\u044b\u0439 \u0441\u0438\u043b\u0443\u044d\u0442 slim fit \u0434\u043b\u044f \u043a\u043e\u043c\u0444\u043e\u0440\u0442\u0430.","og_url":"https:\/\/xstyle.md\/ro\/produs\/futbolka-hannah-pelton-mns-dark-forest-mel\/","og_site_name":"\u041c\u0430\u0433\u0430\u0437\u0438\u043d Xstyle","article_publisher":"https:\/\/www.facebook.com\/xstylemd","article_modified_time":"2026-03-19T14:13:39+00:00","og_image":[{"width":1508,"height":1392,"url":"https:\/\/xstyle.md\/wp-content\/uploads\/2023\/05\/hannah-pelton-mns-dark-forest-mel.jpg","type":"image\/jpeg"}],"twitter_card":"summary_large_image","twitter_misc":{"Pre\u021b":"670&nbsp;MDL","Disponibilitate":"\u00cen stoc"},"schema":{"@context":"https:\/\/schema.org","@graph":[{"@type":"WebPage","@id":"https:\/\/xstyle.md\/product\/futbolka-hannah-pelton-mns-dark-forest-mel\/","url":"https:\/\/xstyle.md\/product\/futbolka-hannah-pelton-mns-dark-forest-mel\/","name":"Tricou termic Hannah Pelton Mns dark forest mel - Magazin Xstyle","isPartOf":{"@id":"https:\/\/xstyle.md\/#website"},"primaryImageOfPage":{"@id":"https:\/\/xstyle.md\/product\/futbolka-hannah-pelton-mns-dark-forest-mel\/#primaryimage"},"image":{"@id":"https:\/\/xstyle.md\/product\/futbolka-hannah-pelton-mns-dark-forest-mel\/#primaryimage"},"thumbnailUrl":"https:\/\/xstyle.md\/wp-content\/uploads\/2023\/05\/hannah-pelton-mns-dark-forest-mel.jpg","datePublished":"2023-05-11T11:18:05+00:00","dateModified":"2026-03-19T14:13:39+00:00","description":"Tricoul Hannah Pelton Mns \u00een culoare verde \u00eenchis \u2014 u\u0219or \u0219i respirabil, perfect pentru var\u0103. Materialul care se usuc\u0103 rapid \u0219i silueta elegant\u0103 slim fit pentru confort.","breadcrumb":{"@id":"https:\/\/xstyle.md\/product\/futbolka-hannah-pelton-mns-dark-forest-mel\/#breadcrumb"},"inLanguage":"ro-RO","potentialAction":[{"@type":"ReadAction","target":["https:\/\/xstyle.md\/product\/futbolka-hannah-pelton-mns-dark-forest-mel\/"]}]},{"@type":"ImageObject","inLanguage":"ro-RO","@id":"https:\/\/xstyle.md\/product\/futbolka-hannah-pelton-mns-dark-forest-mel\/#primaryimage","url":"https:\/\/xstyle.md\/wp-content\/uploads\/2023\/05\/hannah-pelton-mns-dark-forest-mel.jpg","contentUrl":"https:\/\/xstyle.md\/wp-content\/uploads\/2023\/05\/hannah-pelton-mns-dark-forest-mel.jpg","width":1508,"height":1392,"caption":"\u0422\u0440\u0435\u043d\u0434\u043e\u0432\u0430\u044f \u0444\u0443\u0442\u0431\u043e\u043b\u043a\u0430 Hannah Pelton Mns \u0442\u0435\u043c\u043d\u044b\u0439 \u043b\u0435\u0441 \u0434\u043b\u044f \u0430\u043a\u0442\u0438\u0432\u043d\u043e\u0433\u043e \u043e\u0442\u0434\u044b\u0445\u0430 \u043f\u043e\u0445\u043e\u0434\u043e\u0432 \u0438 \u043f\u0443\u0442\u0435\u0448\u0435\u0441\u0442\u0432\u0438\u0439 \u0432 \u043e\u043d\u043b\u0430\u0439\u043d \u043c\u0430\u0433\u0430\u0437\u0438\u043d\u0435 \u0441\u043f\u043e\u0440\u0442\u0438\u0432\u043d\u043e\u0439 \u043e\u0434\u0435\u0436\u0434\u044b \u0438 \u043e\u0431\u0443\u0432\u0438"},{"@type":"BreadcrumbList","@id":"https:\/\/xstyle.md\/product\/futbolka-hannah-pelton-mns-dark-forest-mel\/#breadcrumb","itemListElement":[{"@type":"ListItem","position":1,"name":"\u0413\u043b\u0430\u0432\u043d\u0430\u044f \u0441\u0442\u0440\u0430\u043d\u0438\u0446\u0430","item":"https:\/\/xstyle.md\/"},{"@type":"ListItem","position":2,"name":"\u041c\u0430\u0433\u0430\u0437\u0438\u043d","item":"https:\/\/xstyle.md\/shop\/"},{"@type":"ListItem","position":3,"name":"\u0424\u0443\u0442\u0431\u043e\u043b\u043a\u0430 Hannah Pelton Mns dark forest mel"}]},{"@type":"WebSite","@id":"https:\/\/xstyle.md\/#website","url":"https:\/\/xstyle.md\/","name":"Magazinul X-Style","description":"Echipamente pentru turism \u0219i sporturi extreme \u00een Moldova. Pre\u021buri, fotografii, caracteristici \u00een Moldova.","publisher":{"@id":"https:\/\/xstyle.md\/#organization"},"alternateName":"X-Style","potentialAction":[{"@type":"SearchAction","target":{"@type":"EntryPoint","urlTemplate":"https:\/\/xstyle.md\/?s={search_term_string}"},"query-input":{"@type":"PropertyValueSpecification","valueRequired":true,"valueName":"search_term_string"}}],"inLanguage":"ro-RO"},{"@type":"Organization","@id":"https:\/\/xstyle.md\/#organization","name":"Magazinul X-Style","alternateName":"x-style","url":"https:\/\/xstyle.md\/","logo":{"@type":"ImageObject","inLanguage":"ro-RO","@id":"https:\/\/xstyle.md\/#\/schema\/logo\/image\/","url":"https:\/\/xstyle.md\/wp-content\/uploads\/2020\/06\/logoicon.svg","contentUrl":"https:\/\/xstyle.md\/wp-content\/uploads\/2020\/06\/logoicon.svg","caption":"\u041c\u0430\u0433\u0430\u0437\u0438\u043d Xstyle"},"image":{"@id":"https:\/\/xstyle.md\/#\/schema\/logo\/image\/"},"sameAs":["https:\/\/www.facebook.com\/xstylemd","https:\/\/www.instagram.com\/xstyle_md\/","https:\/\/t.me\/xstyle_outdoor"],"hasMerchantReturnPolicy":{"@type":"MerchantReturnPolicy","merchantReturnLink":"https:\/\/xstyle.md\/ro\/conditions\/"}}]},"product_price_amount":"670.00","product_price_currency":"MDL","og_availability":"instock","product_availability":"instock","product_retailer_item_id":"8591203444163","product_condition":"new"},"post_mailing_queue_ids":[],"_links":{"self":[{"href":"https:\/\/xstyle.md\/ro\/wp-json\/wp\/v2\/product\/68302","targetHints":{"allow":["GET"]}}],"collection":[{"href":"https:\/\/xstyle.md\/ro\/wp-json\/wp\/v2\/product"}],"about":[{"href":"https:\/\/xstyle.md\/ro\/wp-json\/wp\/v2\/types\/product"}],"replies":[{"embeddable":true,"href":"https:\/\/xstyle.md\/ro\/wp-json\/wp\/v2\/comments?post=68302"}],"wp:featuredmedia":[{"embeddable":true,"href":"https:\/\/xstyle.md\/ro\/wp-json\/wp\/v2\/media\/68915"}],"wp:attachment":[{"href":"https:\/\/xstyle.md\/ro\/wp-json\/wp\/v2\/media?parent=68302"}],"wp:term":[{"taxonomy":"product_brand","embeddable":true,"href":"https:\/\/xstyle.md\/ro\/wp-json\/wp\/v2\/product_brand?post=68302"},{"taxonomy":"product_cat","embeddable":true,"href":"https:\/\/xstyle.md\/ro\/wp-json\/wp\/v2\/product_cat?post=68302"},{"taxonomy":"product_tag","embeddable":true,"href":"https:\/\/xstyle.md\/ro\/wp-json\/wp\/v2\/product_tag?post=68302"}],"curies":[{"name":"wp","href":"https:\/\/api.w.org\/{rel}","templated":true}]}}