{"id":68112,"date":"2023-05-08T12:16:00","date_gmt":"2023-05-08T09:16:00","guid":{"rendered":"https:\/\/xstyle.md\/?post_type=product&#038;p=68112"},"modified":"2025-04-04T21:56:41","modified_gmt":"2025-04-04T18:56:41","slug":"ochki-invu-k2011a","status":"publish","type":"product","link":"https:\/\/xstyle.md\/ro\/produs\/ochki-invu-k2011a\/","title":{"rendered":"Ochelari INVU K2011A"},"content":{"rendered":"<\/p>\n<p><strong>INVU K2011A<\/strong> &#8212; ochelari de soare pentru copii \u00een stil sportiv, concepu\u021bi pentru un stil de via\u021b\u0103 activ. Noua genera\u021bie de lentile din polimer Ultra Polarizat protejeaz\u0103 \u00een mod fiabil ochii de UV 400 \u0219i str\u0103lucire, \u00eembun\u0103t\u0103\u021bind satura\u021bia culorilor \u0219i contrastul pentru o percep\u021bie clar\u0103 a detaliilor imaginii. Un strat special pe ambele p\u0103r\u021bi ale lentilei previne zg\u00e2rieturile \u0219i men\u021bine propriet\u0103\u021bile optice ridicate.<\/p>\n<h3>Particularit\u0103\u021bi<\/h3>\n<ul>\n<li>Ramele de ochelari corespund celor mai recente tendin\u021be ale modei, se potrivesc confortabil \u0219i corect<\/li>\n<li>Lentile polarizante cu 9 straturi realizate cu o nou\u0103 tehnologie unic\u0103<\/li>\n<li>Noua genera\u021bie de lentile Ultra Polarizate blocheaz\u0103 100% din str\u0103lucire datorit\u0103 unei noi tehnologii unice Ultra Polarized\u2122, care a \u00eembun\u0103t\u0103\u021bit semnificativ performan\u021ba de blocare a str\u0103lucirii \u0219i a maximizat rezolu\u021bia lentilelor pentru protec\u021bie absolut\u0103 \u0219i vizibilitate perfect\u0103.<\/li>\n<li>Proteja\u021bi-v\u0103 ochii 100% de razele UV, permi\u021b\u00e2nd \u00een acela\u0219i timp luminii utile s\u0103 ajung\u0103 la ochi.<\/li>\n<li>Practic imposibil de spart &#8212; excelente pentru sport \u0219i alte activit\u0103\u021bi \u00een aer liber.<\/li>\n<li>Au un strat special durabil care previne zg\u00e2rieturile.<\/li>\n<li>Ofer\u0103 claritate vizual\u0103 ridicat\u0103 \u0219i confort<\/li>\n<li>Respect\u0103 toate standardele interna\u021bionale de calitate pentru lentilele ochelarilor de soare<\/li>\n<li>Logo-ul m\u0103rcii INVU la \u00eenceputul t\u00e2mplelor<\/li>\n<\/ul>\n<h3>Setul include<\/h3>\n<ul>\n<li>Hus\u0103 &#8212; hus\u0103 rigid\u0103 INVU, cu fermoar, albastr\u0103, cu test de polarizare<\/li>\n<li>\u0218erve\u021bel &#8212; microfibr\u0103, albastru, cu logo-ul INVU.<\/li>\n<li>Bro\u0219ur\u0103 de informa\u021bii<\/li>\n<\/ul>\n<h3>Caracteristici<\/h3>\n<ul>\n<li>Lentile &#8212; Ultra polarizate<\/li>\n<li>Categoria de protec\u021bie UV: 3 (8-18% transmisie a luminii)<\/li>\n<li>L\u0103\u021bimea lentilelor &#8212; 52 mm<\/li>\n<li>Lungimea lan\u021bului &#8212; 146 mm<\/li>\n<li>Suport &#8212; 16 mm<\/li>\n<li>Scop &#8212; ora\u0219 \/ activit\u0103\u021bi \u00een aer liber<\/li>\n<li>Model &#8212; pentru copii<\/li>\n<\/ul>\n<h3>Marca<\/h3>\n<p>INVU este o marc\u0103 elve\u021bian\u0103 de ochelari de soare \u0219i rame originar\u0103 din Zurich \u0219i creat\u0103 de speciali\u0219tii de la Swiss Eyewear Group AG. Fondatorii SEG sunt un grup de fo\u0219ti manageri de top ai Polaroid Eyewear care au decis s\u0103 \u00ee\u0219i \u00eenceap\u0103 propria afacere. INVU pronun\u021bat &#171;in-view&#187;, numele m\u0103rcii combin\u0103 ideea de &#171;viziune&#187; (VU) \u0219i conceptele de design de ultim\u0103 or\u0103 (IN).<\/p>\n<p><\/p>","protected":false},"excerpt":{"rendered":"","protected":false},"featured_media":68244,"comment_status":"open","ping_status":"closed","template":"","meta":{"_acf_changed":false,"inline_featured_image":false},"product_brand":[1398],"product_cat":[608],"product_tag":[],"class_list":{"0":"post-68112","1":"product","2":"type-product","3":"status-publish","4":"has-post-thumbnail","6":"product_brand-invu","7":"product_cat-sunglasses-invu","9":"first","10":"outofstock","11":"shipping-taxable","12":"product-type-simple"},"acf":[],"yoast_head":"<!-- This site is optimized with the Yoast SEO plugin v27.2 - https:\/\/yoast.com\/product\/yoast-seo-wordpress\/ -->\n<title>\u041e\u0447\u043a\u0438 INVU K2011A - \u041c\u0430\u0433\u0430\u0437\u0438\u043d Xstyle<\/title>\n<meta name=\"description\" content=\"\u041e\u0447\u043a\u0438 INVU K2011A - \u0443\u043b\u044c\u0442\u0440\u0430\u043f\u043e\u043b\u044f\u0440\u0438\u0437\u043e\u0432\u0430\u043d\u043d\u044b\u0435 \u0438 UV 400. \u0418\u0434\u0435\u0430\u043b\u044c\u043d\u044b \u0434\u043b\u044f \u0430\u043a\u0442\u0438\u0432\u043d\u044b\u0445 \u0434\u0435\u0442\u0435\u0439, \u043e\u0431\u0435\u0441\u043f\u0435\u0447\u0438\u0432\u0430\u044f \u043d\u0430\u0434\u0435\u0436\u043d\u0443\u044e \u0437\u0430\u0449\u0438\u0442\u0443 \u043e\u0442 \u0443\u043b\u044c\u0442\u0440\u0430\u0444\u0438\u043e\u043b\u0435\u0442\u0430 \u0438 \u0443\u043b\u0443\u0447\u0448\u0430\u044f \u0432\u0438\u0434\u0438\u043c\u043e\u0441\u0442\u044c.\" \/>\n<meta name=\"robots\" content=\"index, follow, max-snippet:-1, max-image-preview:large, max-video-preview:-1\" \/>\n<link rel=\"canonical\" href=\"https:\/\/xstyle.md\/ro\/produs\/ochki-invu-k2011a\/\" \/>\n<meta property=\"og:locale\" content=\"ro_RO\" \/>\n<meta property=\"og:type\" content=\"article\" \/>\n<meta property=\"og:title\" content=\"\u041e\u0447\u043a\u0438 INVU K2011A - \u041c\u0430\u0433\u0430\u0437\u0438\u043d Xstyle\" \/>\n<meta property=\"og:description\" content=\"\u041e\u0447\u043a\u0438 INVU K2011A - \u0443\u043b\u044c\u0442\u0440\u0430\u043f\u043e\u043b\u044f\u0440\u0438\u0437\u043e\u0432\u0430\u043d\u043d\u044b\u0435 \u0438 UV 400. \u0418\u0434\u0435\u0430\u043b\u044c\u043d\u044b \u0434\u043b\u044f \u0430\u043a\u0442\u0438\u0432\u043d\u044b\u0445 \u0434\u0435\u0442\u0435\u0439, \u043e\u0431\u0435\u0441\u043f\u0435\u0447\u0438\u0432\u0430\u044f \u043d\u0430\u0434\u0435\u0436\u043d\u0443\u044e \u0437\u0430\u0449\u0438\u0442\u0443 \u043e\u0442 \u0443\u043b\u044c\u0442\u0440\u0430\u0444\u0438\u043e\u043b\u0435\u0442\u0430 \u0438 \u0443\u043b\u0443\u0447\u0448\u0430\u044f \u0432\u0438\u0434\u0438\u043c\u043e\u0441\u0442\u044c.\" \/>\n<meta property=\"og:url\" content=\"https:\/\/xstyle.md\/ro\/produs\/ochki-invu-k2011a\/\" \/>\n<meta property=\"og:site_name\" content=\"\u041c\u0430\u0433\u0430\u0437\u0438\u043d Xstyle\" \/>\n<meta property=\"article:publisher\" content=\"https:\/\/www.facebook.com\/xstylemd\" \/>\n<meta property=\"article:modified_time\" content=\"2025-04-04T18:56:41+00:00\" \/>\n<meta property=\"og:image\" content=\"https:\/\/xstyle.md\/wp-content\/uploads\/2023\/05\/invu-k2011a.jpg\" \/>\n\t<meta property=\"og:image:width\" content=\"1024\" \/>\n\t<meta property=\"og:image:height\" content=\"828\" \/>\n\t<meta property=\"og:image:type\" content=\"image\/jpeg\" \/>\n<meta name=\"twitter:card\" content=\"summary_large_image\" \/>\n<meta name=\"twitter:label1\" content=\"Pre\u021b\" \/>\n\t<meta name=\"twitter:data1\" content=\"500&nbsp;MDL\" \/>\n\t<meta name=\"twitter:label2\" content=\"Disponibilitate\" \/>\n\t<meta name=\"twitter:data2\" content=\"Stoc epuizat\" \/>\n<script type=\"application\/ld+json\" class=\"yoast-schema-graph\">{\"@context\":\"https:\/\/schema.org\",\"@graph\":[{\"@type\":\"WebPage\",\"@id\":\"https:\/\/xstyle.md\/product\/ochki-invu-k2011a\/\",\"url\":\"https:\/\/xstyle.md\/product\/ochki-invu-k2011a\/\",\"name\":\"\u041e\u0447\u043a\u0438 INVU K2011A - \u041c\u0430\u0433\u0430\u0437\u0438\u043d Xstyle\",\"isPartOf\":{\"@id\":\"https:\/\/xstyle.md\/#website\"},\"primaryImageOfPage\":{\"@id\":\"https:\/\/xstyle.md\/product\/ochki-invu-k2011a\/#primaryimage\"},\"image\":{\"@id\":\"https:\/\/xstyle.md\/product\/ochki-invu-k2011a\/#primaryimage\"},\"thumbnailUrl\":\"https:\/\/xstyle.md\/wp-content\/uploads\/2023\/05\/invu-k2011a.jpg\",\"datePublished\":\"2023-05-08T09:16:00+00:00\",\"dateModified\":\"2025-04-04T18:56:41+00:00\",\"description\":\"\u041e\u0447\u043a\u0438 INVU K2011A - \u0443\u043b\u044c\u0442\u0440\u0430\u043f\u043e\u043b\u044f\u0440\u0438\u0437\u043e\u0432\u0430\u043d\u043d\u044b\u0435 \u0438 UV 400. \u0418\u0434\u0435\u0430\u043b\u044c\u043d\u044b \u0434\u043b\u044f \u0430\u043a\u0442\u0438\u0432\u043d\u044b\u0445 \u0434\u0435\u0442\u0435\u0439, \u043e\u0431\u0435\u0441\u043f\u0435\u0447\u0438\u0432\u0430\u044f \u043d\u0430\u0434\u0435\u0436\u043d\u0443\u044e \u0437\u0430\u0449\u0438\u0442\u0443 \u043e\u0442 \u0443\u043b\u044c\u0442\u0440\u0430\u0444\u0438\u043e\u043b\u0435\u0442\u0430 \u0438 \u0443\u043b\u0443\u0447\u0448\u0430\u044f \u0432\u0438\u0434\u0438\u043c\u043e\u0441\u0442\u044c.\",\"breadcrumb\":{\"@id\":\"https:\/\/xstyle.md\/product\/ochki-invu-k2011a\/#breadcrumb\"},\"inLanguage\":\"ro-RO\",\"potentialAction\":[{\"@type\":\"ReadAction\",\"target\":[\"https:\/\/xstyle.md\/product\/ochki-invu-k2011a\/\"]}]},{\"@type\":\"ImageObject\",\"inLanguage\":\"ro-RO\",\"@id\":\"https:\/\/xstyle.md\/product\/ochki-invu-k2011a\/#primaryimage\",\"url\":\"https:\/\/xstyle.md\/wp-content\/uploads\/2023\/05\/invu-k2011a.jpg\",\"contentUrl\":\"https:\/\/xstyle.md\/wp-content\/uploads\/2023\/05\/invu-k2011a.jpg\",\"width\":1024,\"height\":828,\"caption\":\"\u0420\u043e\u043b\u0438\u043a\u0438 \u043e\u0447\u043a\u0438 INVU K2011A \u0434\u043b\u044f \u0430\u043a\u0442\u0438\u0432\u043d\u043e\u0439 \u0436\u0438\u0437\u043d\u0438, \u0441\u043f\u043e\u0440\u0442, \u043f\u0443\u0442\u0435\u0448\u0435\u0441\u0442\u0432\u0438\u044f, \u043f\u043e\u0445\u043e\u0434\u044b, \u0430\u043b\u044c\u043f\u0438\u043d\u0438\u0437\u043c, \u0430\u043a\u0442\u0438\u0432\u043d\u0430\u044f \u043e\u0434\u0435\u0436\u0434\u0430 \u0438 \u043e\u0431\u0443\u0432\u044c \u0434\u043b\u044f \u0430\u043a\u0442\u0438\u0432\u043d\u043e\u0433\u043e \u043e\u0442\u0434\u044b\u0445\u0430\"},{\"@type\":\"BreadcrumbList\",\"@id\":\"https:\/\/xstyle.md\/product\/ochki-invu-k2011a\/#breadcrumb\",\"itemListElement\":[{\"@type\":\"ListItem\",\"position\":1,\"name\":\"\u0413\u043b\u0430\u0432\u043d\u0430\u044f \u0441\u0442\u0440\u0430\u043d\u0438\u0446\u0430\",\"item\":\"https:\/\/xstyle.md\/\"},{\"@type\":\"ListItem\",\"position\":2,\"name\":\"\u041c\u0430\u0433\u0430\u0437\u0438\u043d\",\"item\":\"https:\/\/xstyle.md\/shop\/\"},{\"@type\":\"ListItem\",\"position\":3,\"name\":\"\u041e\u0447\u043a\u0438 INVU K2011A\"}]},{\"@type\":\"WebSite\",\"@id\":\"https:\/\/xstyle.md\/#website\",\"url\":\"https:\/\/xstyle.md\/\",\"name\":\"\u041c\u0430\u0433\u0430\u0437\u0438\u043d Xstyle\",\"description\":\"C\u043d\u0430\u0440\u044f\u0436\u0435\u043d\u0438\u0435 \u0434\u043b\u044f \u0442\u0443\u0440\u0438\u0437\u043c\u0430 \u0438 \u044d\u043a\u0441\u0442\u0440\u0435\u043c\u0430\u043b\u044c\u043d\u044b\u0445 \u0432\u0438\u0434\u043e\u0432 \u0441\u043f\u043e\u0440\u0442\u0430 \u0432 \u041c\u043e\u043b\u0434\u043e\u0432\u0435.. \u0426\u0435\u043d\u044b, \u0444\u043e\u0442\u043e, \u0445\u0430\u0440\u0430\u043a\u0442\u0435\u0440\u0438\u0441\u0442\u0438\u043a\u0438 \u0432 \u041c\u043e\u043b\u0434\u043e\u0432\u0435.\",\"publisher\":{\"@id\":\"https:\/\/xstyle.md\/#organization\"},\"alternateName\":\"X-Style\",\"potentialAction\":[{\"@type\":\"SearchAction\",\"target\":{\"@type\":\"EntryPoint\",\"urlTemplate\":\"https:\/\/xstyle.md\/?s={search_term_string}\"},\"query-input\":{\"@type\":\"PropertyValueSpecification\",\"valueRequired\":true,\"valueName\":\"search_term_string\"}}],\"inLanguage\":\"ro-RO\"},{\"@type\":\"Organization\",\"@id\":\"https:\/\/xstyle.md\/#organization\",\"name\":\"\u041c\u0430\u0433\u0430\u0437\u0438\u043d Xstyle\",\"alternateName\":\"x-style\",\"url\":\"https:\/\/xstyle.md\/\",\"logo\":{\"@type\":\"ImageObject\",\"inLanguage\":\"ro-RO\",\"@id\":\"https:\/\/xstyle.md\/#\/schema\/logo\/image\/\",\"url\":\"https:\/\/xstyle.md\/wp-content\/uploads\/2020\/06\/logoicon.svg\",\"contentUrl\":\"https:\/\/xstyle.md\/wp-content\/uploads\/2020\/06\/logoicon.svg\",\"caption\":\"\u041c\u0430\u0433\u0430\u0437\u0438\u043d Xstyle\"},\"image\":{\"@id\":\"https:\/\/xstyle.md\/#\/schema\/logo\/image\/\"},\"sameAs\":[\"https:\/\/www.facebook.com\/xstylemd\",\"https:\/\/www.instagram.com\/xstyle_md\/\",\"https:\/\/t.me\/xstyle_outdoor\"],\"hasMerchantReturnPolicy\":{\"@type\":\"MerchantReturnPolicy\",\"merchantReturnLink\":\"https:\/\/xstyle.md\/ro\/conditions\/\"}}]}<\/script>\n<meta property=\"product:price:amount\" content=\"500.00\" \/>\n<meta property=\"product:price:currency\" content=\"MDL\" \/>\n<meta property=\"og:availability\" content=\"out of stock\" \/>\n<meta property=\"product:availability\" content=\"out of stock\" \/>\n<meta property=\"product:retailer_item_id\" content=\"7640162219303\" \/>\n<meta property=\"product:condition\" content=\"new\" \/>\n<!-- \/ Yoast SEO plugin. -->","yoast_head_json":{"title":"Ochelari INVU K2011A - Magazin Xstyle","description":"Ochelarii INVU K2011A - ultrapolariza\u021bi \u0219i UV 400. Sunt ideali pentru copiii activi, oferind o protec\u021bie fiabil\u0103 \u00eempotriva ultravioletelor \u0219i \u00eembun\u0103t\u0103\u021bind vizibilitatea.","robots":{"index":"index","follow":"follow","max-snippet":"max-snippet:-1","max-image-preview":"max-image-preview:large","max-video-preview":"max-video-preview:-1"},"canonical":"https:\/\/xstyle.md\/ro\/produs\/ochki-invu-k2011a\/","og_locale":"ro_RO","og_type":"article","og_title":"\u041e\u0447\u043a\u0438 INVU K2011A - \u041c\u0430\u0433\u0430\u0437\u0438\u043d Xstyle","og_description":"\u041e\u0447\u043a\u0438 INVU K2011A - \u0443\u043b\u044c\u0442\u0440\u0430\u043f\u043e\u043b\u044f\u0440\u0438\u0437\u043e\u0432\u0430\u043d\u043d\u044b\u0435 \u0438 UV 400. \u0418\u0434\u0435\u0430\u043b\u044c\u043d\u044b \u0434\u043b\u044f \u0430\u043a\u0442\u0438\u0432\u043d\u044b\u0445 \u0434\u0435\u0442\u0435\u0439, \u043e\u0431\u0435\u0441\u043f\u0435\u0447\u0438\u0432\u0430\u044f \u043d\u0430\u0434\u0435\u0436\u043d\u0443\u044e \u0437\u0430\u0449\u0438\u0442\u0443 \u043e\u0442 \u0443\u043b\u044c\u0442\u0440\u0430\u0444\u0438\u043e\u043b\u0435\u0442\u0430 \u0438 \u0443\u043b\u0443\u0447\u0448\u0430\u044f \u0432\u0438\u0434\u0438\u043c\u043e\u0441\u0442\u044c.","og_url":"https:\/\/xstyle.md\/ro\/produs\/ochki-invu-k2011a\/","og_site_name":"\u041c\u0430\u0433\u0430\u0437\u0438\u043d Xstyle","article_publisher":"https:\/\/www.facebook.com\/xstylemd","article_modified_time":"2025-04-04T18:56:41+00:00","og_image":[{"width":1024,"height":828,"url":"https:\/\/xstyle.md\/wp-content\/uploads\/2023\/05\/invu-k2011a.jpg","type":"image\/jpeg"}],"twitter_card":"summary_large_image","twitter_misc":{"Pre\u021b":"500&nbsp;MDL","Disponibilitate":"Stoc epuizat"},"schema":{"@context":"https:\/\/schema.org","@graph":[{"@type":"WebPage","@id":"https:\/\/xstyle.md\/product\/ochki-invu-k2011a\/","url":"https:\/\/xstyle.md\/product\/ochki-invu-k2011a\/","name":"Ochelari INVU K2011A - Magazin Xstyle","isPartOf":{"@id":"https:\/\/xstyle.md\/#website"},"primaryImageOfPage":{"@id":"https:\/\/xstyle.md\/product\/ochki-invu-k2011a\/#primaryimage"},"image":{"@id":"https:\/\/xstyle.md\/product\/ochki-invu-k2011a\/#primaryimage"},"thumbnailUrl":"https:\/\/xstyle.md\/wp-content\/uploads\/2023\/05\/invu-k2011a.jpg","datePublished":"2023-05-08T09:16:00+00:00","dateModified":"2025-04-04T18:56:41+00:00","description":"Ochelarii INVU K2011A - ultrapolariza\u021bi \u0219i UV 400. Sunt ideali pentru copiii activi, oferind o protec\u021bie fiabil\u0103 \u00eempotriva ultravioletelor \u0219i \u00eembun\u0103t\u0103\u021bind vizibilitatea.","breadcrumb":{"@id":"https:\/\/xstyle.md\/product\/ochki-invu-k2011a\/#breadcrumb"},"inLanguage":"ro-RO","potentialAction":[{"@type":"ReadAction","target":["https:\/\/xstyle.md\/product\/ochki-invu-k2011a\/"]}]},{"@type":"ImageObject","inLanguage":"ro-RO","@id":"https:\/\/xstyle.md\/product\/ochki-invu-k2011a\/#primaryimage","url":"https:\/\/xstyle.md\/wp-content\/uploads\/2023\/05\/invu-k2011a.jpg","contentUrl":"https:\/\/xstyle.md\/wp-content\/uploads\/2023\/05\/invu-k2011a.jpg","width":1024,"height":828,"caption":"\u0420\u043e\u043b\u0438\u043a\u0438 \u043e\u0447\u043a\u0438 INVU K2011A \u0434\u043b\u044f \u0430\u043a\u0442\u0438\u0432\u043d\u043e\u0439 \u0436\u0438\u0437\u043d\u0438, \u0441\u043f\u043e\u0440\u0442, \u043f\u0443\u0442\u0435\u0448\u0435\u0441\u0442\u0432\u0438\u044f, \u043f\u043e\u0445\u043e\u0434\u044b, \u0430\u043b\u044c\u043f\u0438\u043d\u0438\u0437\u043c, \u0430\u043a\u0442\u0438\u0432\u043d\u0430\u044f \u043e\u0434\u0435\u0436\u0434\u0430 \u0438 \u043e\u0431\u0443\u0432\u044c \u0434\u043b\u044f \u0430\u043a\u0442\u0438\u0432\u043d\u043e\u0433\u043e \u043e\u0442\u0434\u044b\u0445\u0430"},{"@type":"BreadcrumbList","@id":"https:\/\/xstyle.md\/product\/ochki-invu-k2011a\/#breadcrumb","itemListElement":[{"@type":"ListItem","position":1,"name":"\u0413\u043b\u0430\u0432\u043d\u0430\u044f \u0441\u0442\u0440\u0430\u043d\u0438\u0446\u0430","item":"https:\/\/xstyle.md\/"},{"@type":"ListItem","position":2,"name":"\u041c\u0430\u0433\u0430\u0437\u0438\u043d","item":"https:\/\/xstyle.md\/shop\/"},{"@type":"ListItem","position":3,"name":"\u041e\u0447\u043a\u0438 INVU K2011A"}]},{"@type":"WebSite","@id":"https:\/\/xstyle.md\/#website","url":"https:\/\/xstyle.md\/","name":"Magazinul X-Style","description":"Echipamente pentru turism \u0219i sporturi extreme \u00een Moldova. Pre\u021buri, fotografii, caracteristici \u00een Moldova.","publisher":{"@id":"https:\/\/xstyle.md\/#organization"},"alternateName":"X-Style","potentialAction":[{"@type":"SearchAction","target":{"@type":"EntryPoint","urlTemplate":"https:\/\/xstyle.md\/?s={search_term_string}"},"query-input":{"@type":"PropertyValueSpecification","valueRequired":true,"valueName":"search_term_string"}}],"inLanguage":"ro-RO"},{"@type":"Organization","@id":"https:\/\/xstyle.md\/#organization","name":"Magazinul X-Style","alternateName":"x-style","url":"https:\/\/xstyle.md\/","logo":{"@type":"ImageObject","inLanguage":"ro-RO","@id":"https:\/\/xstyle.md\/#\/schema\/logo\/image\/","url":"https:\/\/xstyle.md\/wp-content\/uploads\/2020\/06\/logoicon.svg","contentUrl":"https:\/\/xstyle.md\/wp-content\/uploads\/2020\/06\/logoicon.svg","caption":"\u041c\u0430\u0433\u0430\u0437\u0438\u043d Xstyle"},"image":{"@id":"https:\/\/xstyle.md\/#\/schema\/logo\/image\/"},"sameAs":["https:\/\/www.facebook.com\/xstylemd","https:\/\/www.instagram.com\/xstyle_md\/","https:\/\/t.me\/xstyle_outdoor"],"hasMerchantReturnPolicy":{"@type":"MerchantReturnPolicy","merchantReturnLink":"https:\/\/xstyle.md\/ro\/conditions\/"}}]},"product_price_amount":"500.00","product_price_currency":"MDL","og_availability":"out of stock","product_availability":"out of stock","product_retailer_item_id":"7640162219303","product_condition":"new"},"post_mailing_queue_ids":[],"_links":{"self":[{"href":"https:\/\/xstyle.md\/ro\/wp-json\/wp\/v2\/product\/68112","targetHints":{"allow":["GET"]}}],"collection":[{"href":"https:\/\/xstyle.md\/ro\/wp-json\/wp\/v2\/product"}],"about":[{"href":"https:\/\/xstyle.md\/ro\/wp-json\/wp\/v2\/types\/product"}],"replies":[{"embeddable":true,"href":"https:\/\/xstyle.md\/ro\/wp-json\/wp\/v2\/comments?post=68112"}],"wp:featuredmedia":[{"embeddable":true,"href":"https:\/\/xstyle.md\/ro\/wp-json\/wp\/v2\/media\/68244"}],"wp:attachment":[{"href":"https:\/\/xstyle.md\/ro\/wp-json\/wp\/v2\/media?parent=68112"}],"wp:term":[{"taxonomy":"product_brand","embeddable":true,"href":"https:\/\/xstyle.md\/ro\/wp-json\/wp\/v2\/product_brand?post=68112"},{"taxonomy":"product_cat","embeddable":true,"href":"https:\/\/xstyle.md\/ro\/wp-json\/wp\/v2\/product_cat?post=68112"},{"taxonomy":"product_tag","embeddable":true,"href":"https:\/\/xstyle.md\/ro\/wp-json\/wp\/v2\/product_tag?post=68112"}],"curies":[{"name":"wp","href":"https:\/\/api.w.org\/{rel}","templated":true}]}}