{"id":68108,"date":"2023-05-08T12:16:00","date_gmt":"2023-05-08T09:16:00","guid":{"rendered":"https:\/\/xstyle.md\/?post_type=product&#038;p=68108"},"modified":"2026-03-19T17:13:16","modified_gmt":"2026-03-19T14:13:16","slug":"disk-dlya-gotovki-feuerhand-pyron-plate","status":"publish","type":"product","link":"https:\/\/xstyle.md\/ro\/produs\/disk-dlya-gotovki-feuerhand-pyron-plate\/","title":{"rendered":"Disc pentru g\u0103tit Feuerhand Pyron Plate"},"content":{"rendered":"<\/p>\n<p><strong>Feuerhand Pyron Plate<\/strong> &#8212; platoul de gr\u0103tar, cunoscut sub numele de &#171;plancia&#187;, este o ustensil\u0103 de g\u0103tit \u00een care se g\u0103tesc mai ales fructe de mare, pe\u0219te \u0219i legume proaspete. Diferen\u021ba dintre g\u0103titul pe gr\u0103tar standard \u0219i cel pe plancia este c\u0103 pe plancia se pot g\u0103ti alimente mici \u0219i lichide, cum ar fi ou\u0103, paste, ceap\u0103, \u0219unc\u0103 \u0219i creve\u021bi. Se \u00eenc\u0103lze\u0219te p\u00e2n\u0103 la 300-320 de grade, iar aceast\u0103 temperatur\u0103 ridicat\u0103 este cea care d\u0103 o arom\u0103 special\u0103 alimentelor g\u0103tite. Nu se folose\u0219te ulei sau se folose\u0219te foarte pu\u021bin ulei pentru g\u0103tit, deoarece sucurile extrase din alimente nu scap\u0103 prin gr\u0103tar \u0219i nu se ard, g\u0103titul se face \u00een propriul suc, p\u0103str\u00e2nd aroma, suculen\u021ba \u0219i beneficiile pentru s\u0103n\u0103tate ale alimentelor!<\/p>\n<h3>Particularit\u0103\u021bi<\/h3>\n<ul>\n<li>O\u021bel cu grosimea de 6 mm<\/li>\n<li>Rezultate optime de g\u0103tire datorit\u0103 diferitelor zone de temperatur\u0103 \u0219i distribu\u021biei uniforme a c\u0103ldurii<\/li>\n<li>Accesoriu deta\u0219abil pentru toc\u0103ni\u021be, garnituri sau b\u0103uturi calde<\/li>\n<li>Umplere u\u0219oar\u0103 \u0219i sigur\u0103 a lemnului de foc prin ad\u00e2ncirea din centru.<\/li>\n<\/ul>\n<h3>Caracteristici<\/h3>\n<ul>\n<li>Diametru &#8212; 57 cm<\/li>\n<li>Diametrul deschiderii pentru combustibil &#8212; 13,2 cm<\/li>\n<li>Diametrul aparent al plitei &#8212; 14 cm<\/li>\n<li>Grosimea aragazului &#8212; 0,6 cm<\/li>\n<li>\u00cen\u0103l\u021bimea total\u0103 dup\u0103 asamblare &#8212; 13 cm<\/li>\n<li>Greutate &#8212; 13,5 kg.<\/li>\n<\/ul>\n<p><\/p>","protected":false},"excerpt":{"rendered":"","protected":false},"featured_media":69340,"comment_status":"open","ping_status":"closed","template":"","meta":{"_acf_changed":false,"inline_featured_image":false},"product_brand":[1420],"product_cat":[896],"product_tag":[],"class_list":{"0":"post-68108","1":"product","2":"type-product","3":"status-publish","4":"has-post-thumbnail","6":"product_brand-petromax","7":"product_cat-mangal","9":"first","10":"instock","11":"shipping-taxable","12":"purchasable","13":"product-type-simple"},"acf":[],"yoast_head":"<!-- This site is optimized with the Yoast SEO plugin v27.4 - https:\/\/yoast.com\/product\/yoast-seo-wordpress\/ -->\n<title>\u0414\u0438\u0441\u043a \u0434\u043b\u044f \u0433\u043e\u0442\u043e\u0432\u043a\u0438 Feuerhand Pyron Plate - \u041c\u0430\u0433\u0430\u0437\u0438\u043d Xstyle<\/title>\n<meta name=\"description\" content=\"\u0414\u0438\u0441\u043a \u0434\u043b\u044f \u0433\u043e\u0442\u043e\u0432\u043a\u0438 Feuerhand Pyron Plate \u2014 \u0438\u0434\u0435\u0430\u043b\u044c\u043d\u0430\u044f \u0441\u043a\u043e\u0432\u043e\u0440\u043e\u0434\u0430 \u0434\u043b\u044f \u0433\u0440\u0438\u043b\u044f. \u041f\u0440\u0438\u0433\u043e\u0442\u043e\u0432\u044c\u0442\u0435 \u043c\u043e\u0440\u0435\u043f\u0440\u043e\u0434\u0443\u043a\u0442\u044b, \u043e\u0432\u043e\u0449\u0438 \u0438 \u0431\u043b\u044e\u0434\u0430 \u0438\u0437 \u0436\u0438\u0434\u043a\u043e\u0441\u0442\u0435\u0439 \u0441 \u043b\u0435\u0433\u043a\u043e\u0441\u0442\u044c\u044e!\" \/>\n<meta name=\"robots\" content=\"index, follow, max-snippet:-1, max-image-preview:large, max-video-preview:-1\" \/>\n<link rel=\"canonical\" href=\"https:\/\/xstyle.md\/ro\/produs\/disk-dlya-gotovki-feuerhand-pyron-plate\/\" \/>\n<meta property=\"og:locale\" content=\"ro_RO\" \/>\n<meta property=\"og:type\" content=\"article\" \/>\n<meta property=\"og:title\" content=\"\u0414\u0438\u0441\u043a \u0434\u043b\u044f \u0433\u043e\u0442\u043e\u0432\u043a\u0438 Feuerhand Pyron Plate - \u041c\u0430\u0433\u0430\u0437\u0438\u043d Xstyle\" \/>\n<meta property=\"og:description\" content=\"\u0414\u0438\u0441\u043a \u0434\u043b\u044f \u0433\u043e\u0442\u043e\u0432\u043a\u0438 Feuerhand Pyron Plate \u2014 \u0438\u0434\u0435\u0430\u043b\u044c\u043d\u0430\u044f \u0441\u043a\u043e\u0432\u043e\u0440\u043e\u0434\u0430 \u0434\u043b\u044f \u0433\u0440\u0438\u043b\u044f. \u041f\u0440\u0438\u0433\u043e\u0442\u043e\u0432\u044c\u0442\u0435 \u043c\u043e\u0440\u0435\u043f\u0440\u043e\u0434\u0443\u043a\u0442\u044b, \u043e\u0432\u043e\u0449\u0438 \u0438 \u0431\u043b\u044e\u0434\u0430 \u0438\u0437 \u0436\u0438\u0434\u043a\u043e\u0441\u0442\u0435\u0439 \u0441 \u043b\u0435\u0433\u043a\u043e\u0441\u0442\u044c\u044e!\" \/>\n<meta property=\"og:url\" content=\"https:\/\/xstyle.md\/ro\/produs\/disk-dlya-gotovki-feuerhand-pyron-plate\/\" \/>\n<meta property=\"og:site_name\" content=\"\u041c\u0430\u0433\u0430\u0437\u0438\u043d Xstyle\" \/>\n<meta property=\"article:publisher\" content=\"https:\/\/www.facebook.com\/xstylemd\" \/>\n<meta property=\"article:modified_time\" content=\"2026-03-19T14:13:16+00:00\" \/>\n<meta property=\"og:image\" content=\"https:\/\/xstyle.md\/wp-content\/uploads\/2023\/05\/disk-dlya-gotovki-feuerhand-pyron-plate.jpeg\" \/>\n\t<meta property=\"og:image:width\" content=\"1093\" \/>\n\t<meta property=\"og:image:height\" content=\"1075\" \/>\n\t<meta property=\"og:image:type\" content=\"image\/jpeg\" \/>\n<meta name=\"twitter:card\" content=\"summary_large_image\" \/>\n<meta name=\"twitter:label1\" content=\"Pre\u021b\" \/>\n\t<meta name=\"twitter:data1\" content=\"5.190&nbsp;MDL\" \/>\n\t<meta name=\"twitter:label2\" content=\"Disponibilitate\" \/>\n\t<meta name=\"twitter:data2\" content=\"\u00cen stoc\" \/>\n<script type=\"application\/ld+json\" class=\"yoast-schema-graph\">{\"@context\":\"https:\\\/\\\/schema.org\",\"@graph\":[{\"@type\":\"WebPage\",\"@id\":\"https:\\\/\\\/xstyle.md\\\/product\\\/disk-dlya-gotovki-feuerhand-pyron-plate\\\/\",\"url\":\"https:\\\/\\\/xstyle.md\\\/product\\\/disk-dlya-gotovki-feuerhand-pyron-plate\\\/\",\"name\":\"\u0414\u0438\u0441\u043a \u0434\u043b\u044f \u0433\u043e\u0442\u043e\u0432\u043a\u0438 Feuerhand Pyron Plate - \u041c\u0430\u0433\u0430\u0437\u0438\u043d Xstyle\",\"isPartOf\":{\"@id\":\"https:\\\/\\\/xstyle.md\\\/#website\"},\"primaryImageOfPage\":{\"@id\":\"https:\\\/\\\/xstyle.md\\\/product\\\/disk-dlya-gotovki-feuerhand-pyron-plate\\\/#primaryimage\"},\"image\":{\"@id\":\"https:\\\/\\\/xstyle.md\\\/product\\\/disk-dlya-gotovki-feuerhand-pyron-plate\\\/#primaryimage\"},\"thumbnailUrl\":\"https:\\\/\\\/xstyle.md\\\/wp-content\\\/uploads\\\/2023\\\/05\\\/disk-dlya-gotovki-feuerhand-pyron-plate.jpeg\",\"datePublished\":\"2023-05-08T09:16:00+00:00\",\"dateModified\":\"2026-03-19T14:13:16+00:00\",\"description\":\"\u0414\u0438\u0441\u043a \u0434\u043b\u044f \u0433\u043e\u0442\u043e\u0432\u043a\u0438 Feuerhand Pyron Plate \u2014 \u0438\u0434\u0435\u0430\u043b\u044c\u043d\u0430\u044f \u0441\u043a\u043e\u0432\u043e\u0440\u043e\u0434\u0430 \u0434\u043b\u044f \u0433\u0440\u0438\u043b\u044f. \u041f\u0440\u0438\u0433\u043e\u0442\u043e\u0432\u044c\u0442\u0435 \u043c\u043e\u0440\u0435\u043f\u0440\u043e\u0434\u0443\u043a\u0442\u044b, \u043e\u0432\u043e\u0449\u0438 \u0438 \u0431\u043b\u044e\u0434\u0430 \u0438\u0437 \u0436\u0438\u0434\u043a\u043e\u0441\u0442\u0435\u0439 \u0441 \u043b\u0435\u0433\u043a\u043e\u0441\u0442\u044c\u044e!\",\"breadcrumb\":{\"@id\":\"https:\\\/\\\/xstyle.md\\\/product\\\/disk-dlya-gotovki-feuerhand-pyron-plate\\\/#breadcrumb\"},\"inLanguage\":\"ro-RO\",\"potentialAction\":[{\"@type\":\"ReadAction\",\"target\":[\"https:\\\/\\\/xstyle.md\\\/product\\\/disk-dlya-gotovki-feuerhand-pyron-plate\\\/\"]}]},{\"@type\":\"ImageObject\",\"inLanguage\":\"ro-RO\",\"@id\":\"https:\\\/\\\/xstyle.md\\\/product\\\/disk-dlya-gotovki-feuerhand-pyron-plate\\\/#primaryimage\",\"url\":\"https:\\\/\\\/xstyle.md\\\/wp-content\\\/uploads\\\/2023\\\/05\\\/disk-dlya-gotovki-feuerhand-pyron-plate.jpeg\",\"contentUrl\":\"https:\\\/\\\/xstyle.md\\\/wp-content\\\/uploads\\\/2023\\\/05\\\/disk-dlya-gotovki-feuerhand-pyron-plate.jpeg\",\"width\":1093,\"height\":1075,\"caption\":\"\u0414\u0438\u0441\u043a \u0434\u043b\u044f \u0433\u043e\u0442\u043e\u0432\u043a\u0438 Feuerhand Pyron Plate \u0434\u043b\u044f \u0430\u043a\u0442\u0438\u0432\u043d\u043e\u0433\u043e \u043e\u0442\u0434\u044b\u0445\u0430, \u043e\u0434\u0435\u0436\u0434\u044b, \u043e\u0431\u0443\u0432\u0438, \u043f\u043e\u0445\u043e\u0434\u043e\u0432, \u0430\u043b\u044c\u043f\u0438\u043d\u0438\u0437\u043c\u0430 \u0438 \u043f\u0443\u0442\u0435\u0448\u0435\u0441\u0442\u0432\u0438\u0439 \u0432 \u043e\u043d\u043b\u0430\u0439\u043d \u043c\u0430\u0433\u0430\u0437\u0438\u043d\u0435\"},{\"@type\":\"BreadcrumbList\",\"@id\":\"https:\\\/\\\/xstyle.md\\\/product\\\/disk-dlya-gotovki-feuerhand-pyron-plate\\\/#breadcrumb\",\"itemListElement\":[{\"@type\":\"ListItem\",\"position\":1,\"name\":\"\u0413\u043b\u0430\u0432\u043d\u0430\u044f \u0441\u0442\u0440\u0430\u043d\u0438\u0446\u0430\",\"item\":\"https:\\\/\\\/xstyle.md\\\/\"},{\"@type\":\"ListItem\",\"position\":2,\"name\":\"\u041c\u0430\u0433\u0430\u0437\u0438\u043d\",\"item\":\"https:\\\/\\\/xstyle.md\\\/shop\\\/\"},{\"@type\":\"ListItem\",\"position\":3,\"name\":\"\u0414\u0438\u0441\u043a \u0434\u043b\u044f \u0433\u043e\u0442\u043e\u0432\u043a\u0438 Feuerhand Pyron Plate\"}]},{\"@type\":\"WebSite\",\"@id\":\"https:\\\/\\\/xstyle.md\\\/#website\",\"url\":\"https:\\\/\\\/xstyle.md\\\/\",\"name\":\"\u041c\u0430\u0433\u0430\u0437\u0438\u043d Xstyle\",\"description\":\"C\u043d\u0430\u0440\u044f\u0436\u0435\u043d\u0438\u0435 \u0434\u043b\u044f \u0442\u0443\u0440\u0438\u0437\u043c\u0430 \u0438 \u044d\u043a\u0441\u0442\u0440\u0435\u043c\u0430\u043b\u044c\u043d\u044b\u0445 \u0432\u0438\u0434\u043e\u0432 \u0441\u043f\u043e\u0440\u0442\u0430 \u0432 \u041c\u043e\u043b\u0434\u043e\u0432\u0435.. \u0426\u0435\u043d\u044b, \u0444\u043e\u0442\u043e, \u0445\u0430\u0440\u0430\u043a\u0442\u0435\u0440\u0438\u0441\u0442\u0438\u043a\u0438 \u0432 \u041c\u043e\u043b\u0434\u043e\u0432\u0435.\",\"publisher\":{\"@id\":\"https:\\\/\\\/xstyle.md\\\/#organization\"},\"alternateName\":\"X-Style\",\"potentialAction\":[{\"@type\":\"SearchAction\",\"target\":{\"@type\":\"EntryPoint\",\"urlTemplate\":\"https:\\\/\\\/xstyle.md\\\/?s={search_term_string}\"},\"query-input\":{\"@type\":\"PropertyValueSpecification\",\"valueRequired\":true,\"valueName\":\"search_term_string\"}}],\"inLanguage\":\"ro-RO\"},{\"@type\":\"Organization\",\"@id\":\"https:\\\/\\\/xstyle.md\\\/#organization\",\"name\":\"\u041c\u0430\u0433\u0430\u0437\u0438\u043d Xstyle\",\"alternateName\":\"x-style\",\"url\":\"https:\\\/\\\/xstyle.md\\\/\",\"logo\":{\"@type\":\"ImageObject\",\"inLanguage\":\"ro-RO\",\"@id\":\"https:\\\/\\\/xstyle.md\\\/#\\\/schema\\\/logo\\\/image\\\/\",\"url\":\"https:\\\/\\\/xstyle.md\\\/wp-content\\\/uploads\\\/2020\\\/06\\\/logoicon.svg\",\"contentUrl\":\"https:\\\/\\\/xstyle.md\\\/wp-content\\\/uploads\\\/2020\\\/06\\\/logoicon.svg\",\"caption\":\"\u041c\u0430\u0433\u0430\u0437\u0438\u043d Xstyle\"},\"image\":{\"@id\":\"https:\\\/\\\/xstyle.md\\\/#\\\/schema\\\/logo\\\/image\\\/\"},\"sameAs\":[\"https:\\\/\\\/www.facebook.com\\\/xstylemd\",\"https:\\\/\\\/www.instagram.com\\\/xstyle_md\\\/\",\"https:\\\/\\\/t.me\\\/xstyle_outdoor\"],\"hasMerchantReturnPolicy\":{\"@type\":\"MerchantReturnPolicy\",\"merchantReturnLink\":\"https:\\\/\\\/xstyle.md\\\/ro\\\/conditions\\\/\"}}]}<\/script>\n<meta property=\"product:price:amount\" content=\"5190.00\" \/>\n<meta property=\"product:price:currency\" content=\"MDL\" \/>\n<meta property=\"og:availability\" content=\"instock\" \/>\n<meta property=\"product:availability\" content=\"instock\" \/>\n<meta property=\"product:retailer_item_id\" content=\"4250435730720\" \/>\n<meta property=\"product:condition\" content=\"new\" \/>\n<!-- \/ Yoast SEO plugin. -->","yoast_head_json":{"title":"Disc pentru g\u0103tit Feuerhand Pyron Plate - Magazin Xstyle","description":"Disc pentru g\u0103tit Feuerhand Pyron Plate \u2014 tigaia ideal\u0103 pentru gr\u0103tar. G\u0103ti\u021bi fructe de mare, legume \u0219i preparate cu lichide cu u\u0219urin\u021b\u0103!","robots":{"index":"index","follow":"follow","max-snippet":"max-snippet:-1","max-image-preview":"max-image-preview:large","max-video-preview":"max-video-preview:-1"},"canonical":"https:\/\/xstyle.md\/ro\/produs\/disk-dlya-gotovki-feuerhand-pyron-plate\/","og_locale":"ro_RO","og_type":"article","og_title":"\u0414\u0438\u0441\u043a \u0434\u043b\u044f \u0433\u043e\u0442\u043e\u0432\u043a\u0438 Feuerhand Pyron Plate - \u041c\u0430\u0433\u0430\u0437\u0438\u043d Xstyle","og_description":"\u0414\u0438\u0441\u043a \u0434\u043b\u044f \u0433\u043e\u0442\u043e\u0432\u043a\u0438 Feuerhand Pyron Plate \u2014 \u0438\u0434\u0435\u0430\u043b\u044c\u043d\u0430\u044f \u0441\u043a\u043e\u0432\u043e\u0440\u043e\u0434\u0430 \u0434\u043b\u044f \u0433\u0440\u0438\u043b\u044f. \u041f\u0440\u0438\u0433\u043e\u0442\u043e\u0432\u044c\u0442\u0435 \u043c\u043e\u0440\u0435\u043f\u0440\u043e\u0434\u0443\u043a\u0442\u044b, \u043e\u0432\u043e\u0449\u0438 \u0438 \u0431\u043b\u044e\u0434\u0430 \u0438\u0437 \u0436\u0438\u0434\u043a\u043e\u0441\u0442\u0435\u0439 \u0441 \u043b\u0435\u0433\u043a\u043e\u0441\u0442\u044c\u044e!","og_url":"https:\/\/xstyle.md\/ro\/produs\/disk-dlya-gotovki-feuerhand-pyron-plate\/","og_site_name":"\u041c\u0430\u0433\u0430\u0437\u0438\u043d Xstyle","article_publisher":"https:\/\/www.facebook.com\/xstylemd","article_modified_time":"2026-03-19T14:13:16+00:00","og_image":[{"width":1093,"height":1075,"url":"https:\/\/xstyle.md\/wp-content\/uploads\/2023\/05\/disk-dlya-gotovki-feuerhand-pyron-plate.jpeg","type":"image\/jpeg"}],"twitter_card":"summary_large_image","twitter_misc":{"Pre\u021b":"5.190&nbsp;MDL","Disponibilitate":"\u00cen stoc"},"schema":{"@context":"https:\/\/schema.org","@graph":[{"@type":"WebPage","@id":"https:\/\/xstyle.md\/product\/disk-dlya-gotovki-feuerhand-pyron-plate\/","url":"https:\/\/xstyle.md\/product\/disk-dlya-gotovki-feuerhand-pyron-plate\/","name":"Disc pentru g\u0103tit Feuerhand Pyron Plate - Magazin Xstyle","isPartOf":{"@id":"https:\/\/xstyle.md\/#website"},"primaryImageOfPage":{"@id":"https:\/\/xstyle.md\/product\/disk-dlya-gotovki-feuerhand-pyron-plate\/#primaryimage"},"image":{"@id":"https:\/\/xstyle.md\/product\/disk-dlya-gotovki-feuerhand-pyron-plate\/#primaryimage"},"thumbnailUrl":"https:\/\/xstyle.md\/wp-content\/uploads\/2023\/05\/disk-dlya-gotovki-feuerhand-pyron-plate.jpeg","datePublished":"2023-05-08T09:16:00+00:00","dateModified":"2026-03-19T14:13:16+00:00","description":"Disc pentru g\u0103tit Feuerhand Pyron Plate \u2014 tigaia ideal\u0103 pentru gr\u0103tar. G\u0103ti\u021bi fructe de mare, legume \u0219i preparate cu lichide cu u\u0219urin\u021b\u0103!","breadcrumb":{"@id":"https:\/\/xstyle.md\/product\/disk-dlya-gotovki-feuerhand-pyron-plate\/#breadcrumb"},"inLanguage":"ro-RO","potentialAction":[{"@type":"ReadAction","target":["https:\/\/xstyle.md\/product\/disk-dlya-gotovki-feuerhand-pyron-plate\/"]}]},{"@type":"ImageObject","inLanguage":"ro-RO","@id":"https:\/\/xstyle.md\/product\/disk-dlya-gotovki-feuerhand-pyron-plate\/#primaryimage","url":"https:\/\/xstyle.md\/wp-content\/uploads\/2023\/05\/disk-dlya-gotovki-feuerhand-pyron-plate.jpeg","contentUrl":"https:\/\/xstyle.md\/wp-content\/uploads\/2023\/05\/disk-dlya-gotovki-feuerhand-pyron-plate.jpeg","width":1093,"height":1075,"caption":"\u0414\u0438\u0441\u043a \u0434\u043b\u044f \u0433\u043e\u0442\u043e\u0432\u043a\u0438 Feuerhand Pyron Plate \u0434\u043b\u044f \u0430\u043a\u0442\u0438\u0432\u043d\u043e\u0433\u043e \u043e\u0442\u0434\u044b\u0445\u0430, \u043e\u0434\u0435\u0436\u0434\u044b, \u043e\u0431\u0443\u0432\u0438, \u043f\u043e\u0445\u043e\u0434\u043e\u0432, \u0430\u043b\u044c\u043f\u0438\u043d\u0438\u0437\u043c\u0430 \u0438 \u043f\u0443\u0442\u0435\u0448\u0435\u0441\u0442\u0432\u0438\u0439 \u0432 \u043e\u043d\u043b\u0430\u0439\u043d \u043c\u0430\u0433\u0430\u0437\u0438\u043d\u0435"},{"@type":"BreadcrumbList","@id":"https:\/\/xstyle.md\/product\/disk-dlya-gotovki-feuerhand-pyron-plate\/#breadcrumb","itemListElement":[{"@type":"ListItem","position":1,"name":"\u0413\u043b\u0430\u0432\u043d\u0430\u044f \u0441\u0442\u0440\u0430\u043d\u0438\u0446\u0430","item":"https:\/\/xstyle.md\/"},{"@type":"ListItem","position":2,"name":"\u041c\u0430\u0433\u0430\u0437\u0438\u043d","item":"https:\/\/xstyle.md\/shop\/"},{"@type":"ListItem","position":3,"name":"\u0414\u0438\u0441\u043a \u0434\u043b\u044f \u0433\u043e\u0442\u043e\u0432\u043a\u0438 Feuerhand Pyron Plate"}]},{"@type":"WebSite","@id":"https:\/\/xstyle.md\/#website","url":"https:\/\/xstyle.md\/","name":"Magazinul X-Style","description":"Echipamente pentru turism \u0219i sporturi extreme \u00een Moldova. Pre\u021buri, fotografii, caracteristici \u00een Moldova.","publisher":{"@id":"https:\/\/xstyle.md\/#organization"},"alternateName":"X-Style","potentialAction":[{"@type":"SearchAction","target":{"@type":"EntryPoint","urlTemplate":"https:\/\/xstyle.md\/?s={search_term_string}"},"query-input":{"@type":"PropertyValueSpecification","valueRequired":true,"valueName":"search_term_string"}}],"inLanguage":"ro-RO"},{"@type":"Organization","@id":"https:\/\/xstyle.md\/#organization","name":"Magazinul X-Style","alternateName":"x-style","url":"https:\/\/xstyle.md\/","logo":{"@type":"ImageObject","inLanguage":"ro-RO","@id":"https:\/\/xstyle.md\/#\/schema\/logo\/image\/","url":"https:\/\/xstyle.md\/wp-content\/uploads\/2020\/06\/logoicon.svg","contentUrl":"https:\/\/xstyle.md\/wp-content\/uploads\/2020\/06\/logoicon.svg","caption":"\u041c\u0430\u0433\u0430\u0437\u0438\u043d Xstyle"},"image":{"@id":"https:\/\/xstyle.md\/#\/schema\/logo\/image\/"},"sameAs":["https:\/\/www.facebook.com\/xstylemd","https:\/\/www.instagram.com\/xstyle_md\/","https:\/\/t.me\/xstyle_outdoor"],"hasMerchantReturnPolicy":{"@type":"MerchantReturnPolicy","merchantReturnLink":"https:\/\/xstyle.md\/ro\/conditions\/"}}]},"product_price_amount":"5190.00","product_price_currency":"MDL","og_availability":"instock","product_availability":"instock","product_retailer_item_id":"4250435730720","product_condition":"new"},"post_mailing_queue_ids":[],"_links":{"self":[{"href":"https:\/\/xstyle.md\/ro\/wp-json\/wp\/v2\/product\/68108","targetHints":{"allow":["GET"]}}],"collection":[{"href":"https:\/\/xstyle.md\/ro\/wp-json\/wp\/v2\/product"}],"about":[{"href":"https:\/\/xstyle.md\/ro\/wp-json\/wp\/v2\/types\/product"}],"replies":[{"embeddable":true,"href":"https:\/\/xstyle.md\/ro\/wp-json\/wp\/v2\/comments?post=68108"}],"wp:featuredmedia":[{"embeddable":true,"href":"https:\/\/xstyle.md\/ro\/wp-json\/wp\/v2\/media\/69340"}],"wp:attachment":[{"href":"https:\/\/xstyle.md\/ro\/wp-json\/wp\/v2\/media?parent=68108"}],"wp:term":[{"taxonomy":"product_brand","embeddable":true,"href":"https:\/\/xstyle.md\/ro\/wp-json\/wp\/v2\/product_brand?post=68108"},{"taxonomy":"product_cat","embeddable":true,"href":"https:\/\/xstyle.md\/ro\/wp-json\/wp\/v2\/product_cat?post=68108"},{"taxonomy":"product_tag","embeddable":true,"href":"https:\/\/xstyle.md\/ro\/wp-json\/wp\/v2\/product_tag?post=68108"}],"curies":[{"name":"wp","href":"https:\/\/api.w.org\/{rel}","templated":true}]}}