{"id":68104,"date":"2023-05-08T12:15:59","date_gmt":"2023-05-08T09:15:59","guid":{"rendered":"https:\/\/xstyle.md\/?post_type=product&#038;p=68104"},"modified":"2026-03-19T17:13:15","modified_gmt":"2026-03-19T14:13:15","slug":"kovrik-therm-a-rest-neoair-xtherm-nxt-rw","status":"publish","type":"product","link":"https:\/\/xstyle.md\/ro\/produs\/kovrik-therm-a-rest-neoair-xtherm-nxt-rw\/","title":{"rendered":"Saltea Therm-a-Rest NeoAir Xtherm NXT RW"},"content":{"rendered":"<\/p>\n<p><strong>Therm-a-Rest NeoAir Xtherm NXT RW<\/strong> &#8212; este cea mai cald\u0103 saltea gonflabil\u0103 din colec\u021bia NeoAir. Ideal pentru cei care au nevoie de mai mult spa\u021biu de dormit.<\/p>\n<p>Conceput pentru drume\u021bii de iarn\u0103, alpinism \u0219i destina\u021biile populare Fast &amp; Light. Cu divizoarele sale interne de ultim\u0103 genera\u021bie Triangular Core Matrix\u2122 \u0219i tehnologia de reten\u021bie a c\u0103ldurii ThermaCapture\u2122, ofer\u0103 o R-value de 7,3 \u0219i c\u00e2nt\u0103re\u0219te doar 540 g. Este cel mai u\u0219or covor de dormit pentru toate anotimpurile realizat vreodat\u0103 \u0219i \u0219i-a c\u00e2\u0219tigat deja reputa\u021bia de echipament ideal pentru expedi\u021bii \u00een condi\u021bii extrem de reci.<\/p>\n<p>Deflectoarele orizontale triunghiulare, dispuse \u00een dou\u0103 straturi, ofer\u0103 confort \u0219i sus\u021binere pe tot parcursul nop\u021bii. \u00cen plus, aerul dintre deflectoare este practic neamestecat, men\u021bin\u00e2nd un nivel constant de c\u0103ldur\u0103. Partea de jos a saltelei este realizat\u0103 din nailon durabil 70D, care va rezista la o utilizare prelungit\u0103 \u00een expedi\u021bii. Supapa WingLock\u2122 asigur\u0103 o umflare \u0219i dezumflare rapid\u0103, precum \u0219i o reglare u\u0219oar\u0103, chiar \u0219i \u00een condi\u021bii de frig extrem \u0219i cu m\u0103nu\u0219i. De asemenea, salteaua se \u00eempacheteaz\u0103 compact \u0219i nu ocup\u0103 mai mult de 1 litru \u00eentr-un rucsac.<\/p>\n<h3>Particularit\u0103\u021bi<\/h3>\n<ul>\n<li>Cel mai bun raport c\u0103ldur\u0103-greutate de p\u00e2n\u0103 acum: designul avansat Triangular Core Matrix\u2122 \u0219i tehnologia ThermaCapture\u2122 ofer\u0103 R-Value de p\u00e2n\u0103 la 7,3 \u00een timp ce c\u00e2nt\u0103re\u0219te doar 540 g.<\/li>\n<li>Confort premium: grosimea de 7,6 cm \u0219i construc\u021bia divizorului orizontal ofer\u0103 un covora\u0219 confortabil \u0219i u\u0219or<\/li>\n<li>Ultra-u\u0219oar\u0103: suprafa\u021ba inferioar\u0103 din nailon 70D rezist\u0103 la uzura utiliz\u0103rii \u00een expedi\u021bii lungi, \u00een timp ce partea superioar\u0103 din nailon ripstop 30D asigur\u0103 o ambalare u\u0219oar\u0103 \u0219i comoditate<\/li>\n<li>Supapa WingLock\u2122 v\u0103 permite s\u0103 umfla\u021bi \u0219i s\u0103 dezumfla\u021bi rapid covora\u0219ul \u0219i s\u0103 regla\u021bi fluxul de aer chiar \u0219i atunci c\u00e2nd v\u0103 \u00eentinde\u021bi pe covora\u0219 cu m\u0103nu\u0219i pe cap.<\/li>\n<li>Include geant\u0103 pentru pomp\u0103, geant\u0103 de depozitare \u0219i un set de repara\u021bii.<\/li>\n<\/ul>\n<h3>Caracteristici<\/h3>\n<ul>\n<li>Material &#8212; 30D rip HT Nylon, 70D Nylon<\/li>\n<li>Dimensiuni \u00een pachet &#8212; 28 x 13 cm<\/li>\n<li>Dimensiune &#8212; 183 x 64 cm<\/li>\n<li>Grosime &#8212; 7,6 cm<\/li>\n<li>Valoare R &#8212; 7,3<\/li>\n<li>Greutate &#8212; 540g.<\/li>\n<\/ul>\n<h3>Tehnologie<\/h3>\n<ul>\n<li><strong>R-value<\/strong>\u00a0\u2014 este o caracteristic\u0103 a izola\u021biei termice a covorului atunci c\u00e2nd este complet umflat. Cu c\u00e2t cifra este mai mare, cu at\u00e2t covora\u0219ul dvs. va fi mai cald \u0219i mai confortabil. Pute\u021bi cre\u0219te R-value prin umflarea suplimentar\u0103 a saltelei.<\/li>\n<\/ul>\n<h3>Marca<\/h3>\n<p>Therm-a-rest este un pionier \u00een domeniul covora\u0219elor auto-gonflabile, astfel \u00eenc\u00e2t Therm-a-rest este foarte confortabil pe pia\u021ba de exterior. Dar nu ofer\u0103 doar saltele pentru dormit, ci \u0219i perne pentru drume\u021bii, spume elegante, scaune gonflabile, \u0219ezlonguri compacte, scaune pliabile.<\/p>\n<p>Culorile vii, designul futurist \u0219i ingineria \u00eendr\u0103znea\u021b\u0103 fac ca produsele Therm-a-rest s\u0103 fie recunoscute \u00een \u00eentreaga lume, at\u00e2t de c\u0103tre cei care c\u0103l\u0103toresc pe distan\u021be lungi, c\u00e2t \u0219i de cei care doresc s\u0103 petreac\u0103 o zi relaxant\u0103 \u00een aer liber.<\/p>\n<p><\/p>","protected":false},"excerpt":{"rendered":"","protected":false},"featured_media":68873,"comment_status":"open","ping_status":"closed","template":"","meta":{"_acf_changed":false,"inline_featured_image":false},"product_brand":[1286],"product_cat":[201],"product_tag":[],"class_list":{"0":"post-68104","1":"product","2":"type-product","3":"status-publish","4":"has-post-thumbnail","6":"product_brand-therm-a-rest","7":"product_cat-inflatable-mats","9":"first","10":"instock","11":"shipping-taxable","12":"purchasable","13":"product-type-simple"},"acf":[],"yoast_head":"<!-- This site is optimized with the Yoast SEO plugin v27.2 - https:\/\/yoast.com\/product\/yoast-seo-wordpress\/ -->\n<title>\u041a\u043e\u0432\u0440\u0438\u043a Therm-a-Rest NeoAir Xtherm NXT RW - \u041c\u0430\u0433\u0430\u0437\u0438\u043d Xstyle<\/title>\n<meta name=\"description\" content=\"\u041a\u043e\u0432\u0440\u0438\u043a Therm-a-Rest NeoAir Xtherm NXT RW \u2014 \u043b\u0435\u0433\u043a\u0438\u0439 \u0438 \u0442\u0435\u043f\u043b\u044b\u0439, \u0441 R-\u0437\u043d\u0430\u0447\u0435\u043d\u0438\u0435\u043c 7.3. \u0418\u0434\u0435\u0430\u043b\u0435\u043d \u0434\u043b\u044f \u043f\u0443\u0442\u0435\u0448\u0435\u0441\u0442\u0432\u0438\u0439. \u041d\u0435\u043f\u0440\u0435\u0432\u0437\u043e\u0439\u0434\u0435\u043d\u043d\u044b\u0439 \u043a\u043e\u043c\u0444\u043e\u0440\u0442 \u0438 \u043d\u0430\u0434\u0435\u0436\u043d\u043e\u0441\u0442\u044c.\" \/>\n<meta name=\"robots\" content=\"index, follow, max-snippet:-1, max-image-preview:large, max-video-preview:-1\" \/>\n<link rel=\"canonical\" href=\"https:\/\/xstyle.md\/ro\/produs\/kovrik-therm-a-rest-neoair-xtherm-nxt-rw\/\" \/>\n<meta property=\"og:locale\" content=\"ro_RO\" \/>\n<meta property=\"og:type\" content=\"article\" \/>\n<meta property=\"og:title\" content=\"\u041a\u043e\u0432\u0440\u0438\u043a Therm-a-Rest NeoAir Xtherm NXT RW - \u041c\u0430\u0433\u0430\u0437\u0438\u043d Xstyle\" \/>\n<meta property=\"og:description\" content=\"\u041a\u043e\u0432\u0440\u0438\u043a Therm-a-Rest NeoAir Xtherm NXT RW \u2014 \u043b\u0435\u0433\u043a\u0438\u0439 \u0438 \u0442\u0435\u043f\u043b\u044b\u0439, \u0441 R-\u0437\u043d\u0430\u0447\u0435\u043d\u0438\u0435\u043c 7.3. \u0418\u0434\u0435\u0430\u043b\u0435\u043d \u0434\u043b\u044f \u043f\u0443\u0442\u0435\u0448\u0435\u0441\u0442\u0432\u0438\u0439. \u041d\u0435\u043f\u0440\u0435\u0432\u0437\u043e\u0439\u0434\u0435\u043d\u043d\u044b\u0439 \u043a\u043e\u043c\u0444\u043e\u0440\u0442 \u0438 \u043d\u0430\u0434\u0435\u0436\u043d\u043e\u0441\u0442\u044c.\" \/>\n<meta property=\"og:url\" content=\"https:\/\/xstyle.md\/ro\/produs\/kovrik-therm-a-rest-neoair-xtherm-nxt-rw\/\" \/>\n<meta property=\"og:site_name\" content=\"\u041c\u0430\u0433\u0430\u0437\u0438\u043d Xstyle\" \/>\n<meta property=\"article:publisher\" content=\"https:\/\/www.facebook.com\/xstylemd\" \/>\n<meta property=\"article:modified_time\" content=\"2026-03-19T14:13:15+00:00\" \/>\n<meta property=\"og:image\" content=\"https:\/\/xstyle.md\/wp-content\/uploads\/2023\/05\/therm-a-rest-neoair-xtherm-nxt-rw.jpg\" \/>\n\t<meta property=\"og:image:width\" content=\"1233\" \/>\n\t<meta property=\"og:image:height\" content=\"1153\" \/>\n\t<meta property=\"og:image:type\" content=\"image\/jpeg\" \/>\n<meta name=\"twitter:card\" content=\"summary_large_image\" \/>\n<meta name=\"twitter:label1\" content=\"Pre\u021b\" \/>\n\t<meta name=\"twitter:data1\" content=\"6.390&nbsp;MDL\" \/>\n\t<meta name=\"twitter:label2\" content=\"Disponibilitate\" \/>\n\t<meta name=\"twitter:data2\" content=\"\u00cen stoc\" \/>\n<script type=\"application\/ld+json\" class=\"yoast-schema-graph\">{\"@context\":\"https:\/\/schema.org\",\"@graph\":[{\"@type\":\"WebPage\",\"@id\":\"https:\/\/xstyle.md\/product\/kovrik-therm-a-rest-neoair-xtherm-nxt-rw\/\",\"url\":\"https:\/\/xstyle.md\/product\/kovrik-therm-a-rest-neoair-xtherm-nxt-rw\/\",\"name\":\"\u041a\u043e\u0432\u0440\u0438\u043a Therm-a-Rest NeoAir Xtherm NXT RW - \u041c\u0430\u0433\u0430\u0437\u0438\u043d Xstyle\",\"isPartOf\":{\"@id\":\"https:\/\/xstyle.md\/#website\"},\"primaryImageOfPage\":{\"@id\":\"https:\/\/xstyle.md\/product\/kovrik-therm-a-rest-neoair-xtherm-nxt-rw\/#primaryimage\"},\"image\":{\"@id\":\"https:\/\/xstyle.md\/product\/kovrik-therm-a-rest-neoair-xtherm-nxt-rw\/#primaryimage\"},\"thumbnailUrl\":\"https:\/\/xstyle.md\/wp-content\/uploads\/2023\/05\/therm-a-rest-neoair-xtherm-nxt-rw.jpg\",\"datePublished\":\"2023-05-08T09:15:59+00:00\",\"dateModified\":\"2026-03-19T14:13:15+00:00\",\"description\":\"\u041a\u043e\u0432\u0440\u0438\u043a Therm-a-Rest NeoAir Xtherm NXT RW \u2014 \u043b\u0435\u0433\u043a\u0438\u0439 \u0438 \u0442\u0435\u043f\u043b\u044b\u0439, \u0441 R-\u0437\u043d\u0430\u0447\u0435\u043d\u0438\u0435\u043c 7.3. \u0418\u0434\u0435\u0430\u043b\u0435\u043d \u0434\u043b\u044f \u043f\u0443\u0442\u0435\u0448\u0435\u0441\u0442\u0432\u0438\u0439. \u041d\u0435\u043f\u0440\u0435\u0432\u0437\u043e\u0439\u0434\u0435\u043d\u043d\u044b\u0439 \u043a\u043e\u043c\u0444\u043e\u0440\u0442 \u0438 \u043d\u0430\u0434\u0435\u0436\u043d\u043e\u0441\u0442\u044c.\",\"breadcrumb\":{\"@id\":\"https:\/\/xstyle.md\/product\/kovrik-therm-a-rest-neoair-xtherm-nxt-rw\/#breadcrumb\"},\"inLanguage\":\"ro-RO\",\"potentialAction\":[{\"@type\":\"ReadAction\",\"target\":[\"https:\/\/xstyle.md\/product\/kovrik-therm-a-rest-neoair-xtherm-nxt-rw\/\"]}]},{\"@type\":\"ImageObject\",\"inLanguage\":\"ro-RO\",\"@id\":\"https:\/\/xstyle.md\/product\/kovrik-therm-a-rest-neoair-xtherm-nxt-rw\/#primaryimage\",\"url\":\"https:\/\/xstyle.md\/wp-content\/uploads\/2023\/05\/therm-a-rest-neoair-xtherm-nxt-rw.jpg\",\"contentUrl\":\"https:\/\/xstyle.md\/wp-content\/uploads\/2023\/05\/therm-a-rest-neoair-xtherm-nxt-rw.jpg\",\"width\":1233,\"height\":1153,\"caption\":\"\u0422\u0435\u0440\u043c\u043e\u0438\u0437\u043e\u043b\u044f\u0446\u0438\u043e\u043d\u043d\u044b\u0439 \u043a\u043e\u0432\u0440\u0438\u043a Therm-a-Rest NeoAir Xtherm NXT RW \u0434\u043b\u044f \u0430\u043a\u0442\u0438\u0432\u043d\u043e\u0433\u043e \u043e\u0442\u0434\u044b\u0445\u0430, \u043f\u043e\u0445\u043e\u0434\u043e\u0432, \u0442\u0440\u0435\u043a\u0438\u043d\u0433\u0430 \u0438 \u043f\u0443\u0442\u0435\u0448\u0435\u0441\u0442\u0432\u0438\u0439 \u0432 \u0438\u043d\u0442\u0435\u0440\u043d\u0435\u0442-\u043c\u0430\u0433\u0430\u0437\u0438\u043d\u0435 \u0442\u043e\u0432\u0430\u0440\u043e\u0432 \u0434\u043b\u044f \u0430\u043a\u0442\u0438\u0432\u043d\u043e\u0433\u043e \u043e\u0431\u0440\u0430\u0437\u0430 \u0436\u0438\u0437\u043d\u0438\"},{\"@type\":\"BreadcrumbList\",\"@id\":\"https:\/\/xstyle.md\/product\/kovrik-therm-a-rest-neoair-xtherm-nxt-rw\/#breadcrumb\",\"itemListElement\":[{\"@type\":\"ListItem\",\"position\":1,\"name\":\"\u0413\u043b\u0430\u0432\u043d\u0430\u044f \u0441\u0442\u0440\u0430\u043d\u0438\u0446\u0430\",\"item\":\"https:\/\/xstyle.md\/\"},{\"@type\":\"ListItem\",\"position\":2,\"name\":\"\u041c\u0430\u0433\u0430\u0437\u0438\u043d\",\"item\":\"https:\/\/xstyle.md\/shop\/\"},{\"@type\":\"ListItem\",\"position\":3,\"name\":\"\u041a\u043e\u0432\u0440\u0438\u043a Therm-a-Rest NeoAir Xtherm NXT RW\"}]},{\"@type\":\"WebSite\",\"@id\":\"https:\/\/xstyle.md\/#website\",\"url\":\"https:\/\/xstyle.md\/\",\"name\":\"\u041c\u0430\u0433\u0430\u0437\u0438\u043d Xstyle\",\"description\":\"C\u043d\u0430\u0440\u044f\u0436\u0435\u043d\u0438\u0435 \u0434\u043b\u044f \u0442\u0443\u0440\u0438\u0437\u043c\u0430 \u0438 \u044d\u043a\u0441\u0442\u0440\u0435\u043c\u0430\u043b\u044c\u043d\u044b\u0445 \u0432\u0438\u0434\u043e\u0432 \u0441\u043f\u043e\u0440\u0442\u0430 \u0432 \u041c\u043e\u043b\u0434\u043e\u0432\u0435.. \u0426\u0435\u043d\u044b, \u0444\u043e\u0442\u043e, \u0445\u0430\u0440\u0430\u043a\u0442\u0435\u0440\u0438\u0441\u0442\u0438\u043a\u0438 \u0432 \u041c\u043e\u043b\u0434\u043e\u0432\u0435.\",\"publisher\":{\"@id\":\"https:\/\/xstyle.md\/#organization\"},\"alternateName\":\"X-Style\",\"potentialAction\":[{\"@type\":\"SearchAction\",\"target\":{\"@type\":\"EntryPoint\",\"urlTemplate\":\"https:\/\/xstyle.md\/?s={search_term_string}\"},\"query-input\":{\"@type\":\"PropertyValueSpecification\",\"valueRequired\":true,\"valueName\":\"search_term_string\"}}],\"inLanguage\":\"ro-RO\"},{\"@type\":\"Organization\",\"@id\":\"https:\/\/xstyle.md\/#organization\",\"name\":\"\u041c\u0430\u0433\u0430\u0437\u0438\u043d Xstyle\",\"alternateName\":\"x-style\",\"url\":\"https:\/\/xstyle.md\/\",\"logo\":{\"@type\":\"ImageObject\",\"inLanguage\":\"ro-RO\",\"@id\":\"https:\/\/xstyle.md\/#\/schema\/logo\/image\/\",\"url\":\"https:\/\/xstyle.md\/wp-content\/uploads\/2020\/06\/logoicon.svg\",\"contentUrl\":\"https:\/\/xstyle.md\/wp-content\/uploads\/2020\/06\/logoicon.svg\",\"caption\":\"\u041c\u0430\u0433\u0430\u0437\u0438\u043d Xstyle\"},\"image\":{\"@id\":\"https:\/\/xstyle.md\/#\/schema\/logo\/image\/\"},\"sameAs\":[\"https:\/\/www.facebook.com\/xstylemd\",\"https:\/\/www.instagram.com\/xstyle_md\/\",\"https:\/\/t.me\/xstyle_outdoor\"],\"hasMerchantReturnPolicy\":{\"@type\":\"MerchantReturnPolicy\",\"merchantReturnLink\":\"https:\/\/xstyle.md\/ro\/conditions\/\"}}]}<\/script>\n<meta property=\"product:price:amount\" content=\"6390.00\" \/>\n<meta property=\"product:price:currency\" content=\"MDL\" \/>\n<meta property=\"og:availability\" content=\"instock\" \/>\n<meta property=\"product:availability\" content=\"instock\" \/>\n<meta property=\"product:retailer_item_id\" content=\"40818116340\" \/>\n<meta property=\"product:condition\" content=\"new\" \/>\n<!-- \/ Yoast SEO plugin. -->","yoast_head_json":{"title":"Covoras Therm-a-Rest NeoAir Xtherm NXT RW - Magazin Xstyle","description":"Covorul Therm-a-Rest NeoAir Xtherm NXT RW \u2014 u\u0219or \u0219i c\u0103lduros, cu un coeficient R de 7.3. Ideal pentru c\u0103l\u0103torii. Confort \u0219i fiabilitate f\u0103r\u0103 egal.","robots":{"index":"index","follow":"follow","max-snippet":"max-snippet:-1","max-image-preview":"max-image-preview:large","max-video-preview":"max-video-preview:-1"},"canonical":"https:\/\/xstyle.md\/ro\/produs\/kovrik-therm-a-rest-neoair-xtherm-nxt-rw\/","og_locale":"ro_RO","og_type":"article","og_title":"\u041a\u043e\u0432\u0440\u0438\u043a Therm-a-Rest NeoAir Xtherm NXT RW - \u041c\u0430\u0433\u0430\u0437\u0438\u043d Xstyle","og_description":"\u041a\u043e\u0432\u0440\u0438\u043a Therm-a-Rest NeoAir Xtherm NXT RW \u2014 \u043b\u0435\u0433\u043a\u0438\u0439 \u0438 \u0442\u0435\u043f\u043b\u044b\u0439, \u0441 R-\u0437\u043d\u0430\u0447\u0435\u043d\u0438\u0435\u043c 7.3. \u0418\u0434\u0435\u0430\u043b\u0435\u043d \u0434\u043b\u044f \u043f\u0443\u0442\u0435\u0448\u0435\u0441\u0442\u0432\u0438\u0439. \u041d\u0435\u043f\u0440\u0435\u0432\u0437\u043e\u0439\u0434\u0435\u043d\u043d\u044b\u0439 \u043a\u043e\u043c\u0444\u043e\u0440\u0442 \u0438 \u043d\u0430\u0434\u0435\u0436\u043d\u043e\u0441\u0442\u044c.","og_url":"https:\/\/xstyle.md\/ro\/produs\/kovrik-therm-a-rest-neoair-xtherm-nxt-rw\/","og_site_name":"\u041c\u0430\u0433\u0430\u0437\u0438\u043d Xstyle","article_publisher":"https:\/\/www.facebook.com\/xstylemd","article_modified_time":"2026-03-19T14:13:15+00:00","og_image":[{"width":1233,"height":1153,"url":"https:\/\/xstyle.md\/wp-content\/uploads\/2023\/05\/therm-a-rest-neoair-xtherm-nxt-rw.jpg","type":"image\/jpeg"}],"twitter_card":"summary_large_image","twitter_misc":{"Pre\u021b":"6.390&nbsp;MDL","Disponibilitate":"\u00cen stoc"},"schema":{"@context":"https:\/\/schema.org","@graph":[{"@type":"WebPage","@id":"https:\/\/xstyle.md\/product\/kovrik-therm-a-rest-neoair-xtherm-nxt-rw\/","url":"https:\/\/xstyle.md\/product\/kovrik-therm-a-rest-neoair-xtherm-nxt-rw\/","name":"Covoras Therm-a-Rest NeoAir Xtherm NXT RW - Magazin Xstyle","isPartOf":{"@id":"https:\/\/xstyle.md\/#website"},"primaryImageOfPage":{"@id":"https:\/\/xstyle.md\/product\/kovrik-therm-a-rest-neoair-xtherm-nxt-rw\/#primaryimage"},"image":{"@id":"https:\/\/xstyle.md\/product\/kovrik-therm-a-rest-neoair-xtherm-nxt-rw\/#primaryimage"},"thumbnailUrl":"https:\/\/xstyle.md\/wp-content\/uploads\/2023\/05\/therm-a-rest-neoair-xtherm-nxt-rw.jpg","datePublished":"2023-05-08T09:15:59+00:00","dateModified":"2026-03-19T14:13:15+00:00","description":"Covorul Therm-a-Rest NeoAir Xtherm NXT RW \u2014 u\u0219or \u0219i c\u0103lduros, cu un coeficient R de 7.3. Ideal pentru c\u0103l\u0103torii. Confort \u0219i fiabilitate f\u0103r\u0103 egal.","breadcrumb":{"@id":"https:\/\/xstyle.md\/product\/kovrik-therm-a-rest-neoair-xtherm-nxt-rw\/#breadcrumb"},"inLanguage":"ro-RO","potentialAction":[{"@type":"ReadAction","target":["https:\/\/xstyle.md\/product\/kovrik-therm-a-rest-neoair-xtherm-nxt-rw\/"]}]},{"@type":"ImageObject","inLanguage":"ro-RO","@id":"https:\/\/xstyle.md\/product\/kovrik-therm-a-rest-neoair-xtherm-nxt-rw\/#primaryimage","url":"https:\/\/xstyle.md\/wp-content\/uploads\/2023\/05\/therm-a-rest-neoair-xtherm-nxt-rw.jpg","contentUrl":"https:\/\/xstyle.md\/wp-content\/uploads\/2023\/05\/therm-a-rest-neoair-xtherm-nxt-rw.jpg","width":1233,"height":1153,"caption":"\u0422\u0435\u0440\u043c\u043e\u0438\u0437\u043e\u043b\u044f\u0446\u0438\u043e\u043d\u043d\u044b\u0439 \u043a\u043e\u0432\u0440\u0438\u043a Therm-a-Rest NeoAir Xtherm NXT RW \u0434\u043b\u044f \u0430\u043a\u0442\u0438\u0432\u043d\u043e\u0433\u043e \u043e\u0442\u0434\u044b\u0445\u0430, \u043f\u043e\u0445\u043e\u0434\u043e\u0432, \u0442\u0440\u0435\u043a\u0438\u043d\u0433\u0430 \u0438 \u043f\u0443\u0442\u0435\u0448\u0435\u0441\u0442\u0432\u0438\u0439 \u0432 \u0438\u043d\u0442\u0435\u0440\u043d\u0435\u0442-\u043c\u0430\u0433\u0430\u0437\u0438\u043d\u0435 \u0442\u043e\u0432\u0430\u0440\u043e\u0432 \u0434\u043b\u044f \u0430\u043a\u0442\u0438\u0432\u043d\u043e\u0433\u043e \u043e\u0431\u0440\u0430\u0437\u0430 \u0436\u0438\u0437\u043d\u0438"},{"@type":"BreadcrumbList","@id":"https:\/\/xstyle.md\/product\/kovrik-therm-a-rest-neoair-xtherm-nxt-rw\/#breadcrumb","itemListElement":[{"@type":"ListItem","position":1,"name":"\u0413\u043b\u0430\u0432\u043d\u0430\u044f \u0441\u0442\u0440\u0430\u043d\u0438\u0446\u0430","item":"https:\/\/xstyle.md\/"},{"@type":"ListItem","position":2,"name":"\u041c\u0430\u0433\u0430\u0437\u0438\u043d","item":"https:\/\/xstyle.md\/shop\/"},{"@type":"ListItem","position":3,"name":"\u041a\u043e\u0432\u0440\u0438\u043a Therm-a-Rest NeoAir Xtherm NXT RW"}]},{"@type":"WebSite","@id":"https:\/\/xstyle.md\/#website","url":"https:\/\/xstyle.md\/","name":"Magazinul X-Style","description":"Echipamente pentru turism \u0219i sporturi extreme \u00een Moldova. Pre\u021buri, fotografii, caracteristici \u00een Moldova.","publisher":{"@id":"https:\/\/xstyle.md\/#organization"},"alternateName":"X-Style","potentialAction":[{"@type":"SearchAction","target":{"@type":"EntryPoint","urlTemplate":"https:\/\/xstyle.md\/?s={search_term_string}"},"query-input":{"@type":"PropertyValueSpecification","valueRequired":true,"valueName":"search_term_string"}}],"inLanguage":"ro-RO"},{"@type":"Organization","@id":"https:\/\/xstyle.md\/#organization","name":"Magazinul X-Style","alternateName":"x-style","url":"https:\/\/xstyle.md\/","logo":{"@type":"ImageObject","inLanguage":"ro-RO","@id":"https:\/\/xstyle.md\/#\/schema\/logo\/image\/","url":"https:\/\/xstyle.md\/wp-content\/uploads\/2020\/06\/logoicon.svg","contentUrl":"https:\/\/xstyle.md\/wp-content\/uploads\/2020\/06\/logoicon.svg","caption":"\u041c\u0430\u0433\u0430\u0437\u0438\u043d Xstyle"},"image":{"@id":"https:\/\/xstyle.md\/#\/schema\/logo\/image\/"},"sameAs":["https:\/\/www.facebook.com\/xstylemd","https:\/\/www.instagram.com\/xstyle_md\/","https:\/\/t.me\/xstyle_outdoor"],"hasMerchantReturnPolicy":{"@type":"MerchantReturnPolicy","merchantReturnLink":"https:\/\/xstyle.md\/ro\/conditions\/"}}]},"product_price_amount":"6390.00","product_price_currency":"MDL","og_availability":"instock","product_availability":"instock","product_retailer_item_id":"40818116340","product_condition":"new"},"post_mailing_queue_ids":[],"_links":{"self":[{"href":"https:\/\/xstyle.md\/ro\/wp-json\/wp\/v2\/product\/68104","targetHints":{"allow":["GET"]}}],"collection":[{"href":"https:\/\/xstyle.md\/ro\/wp-json\/wp\/v2\/product"}],"about":[{"href":"https:\/\/xstyle.md\/ro\/wp-json\/wp\/v2\/types\/product"}],"replies":[{"embeddable":true,"href":"https:\/\/xstyle.md\/ro\/wp-json\/wp\/v2\/comments?post=68104"}],"wp:featuredmedia":[{"embeddable":true,"href":"https:\/\/xstyle.md\/ro\/wp-json\/wp\/v2\/media\/68873"}],"wp:attachment":[{"href":"https:\/\/xstyle.md\/ro\/wp-json\/wp\/v2\/media?parent=68104"}],"wp:term":[{"taxonomy":"product_brand","embeddable":true,"href":"https:\/\/xstyle.md\/ro\/wp-json\/wp\/v2\/product_brand?post=68104"},{"taxonomy":"product_cat","embeddable":true,"href":"https:\/\/xstyle.md\/ro\/wp-json\/wp\/v2\/product_cat?post=68104"},{"taxonomy":"product_tag","embeddable":true,"href":"https:\/\/xstyle.md\/ro\/wp-json\/wp\/v2\/product_tag?post=68104"}],"curies":[{"name":"wp","href":"https:\/\/api.w.org\/{rel}","templated":true}]}}