{"id":6785,"date":"2020-07-16T22:02:20","date_gmt":"2020-07-16T19:02:20","guid":{"rendered":"https:\/\/xstyle.md\/product\/rolik-petzl-jag-traxion"},"modified":"2026-01-09T12:50:39","modified_gmt":"2026-01-09T09:50:39","slug":"rolik-petzl-jag-traxion","status":"publish","type":"product","link":"https:\/\/xstyle.md\/ro\/produs\/rolik-petzl-jag-traxion\/","title":{"rendered":"Scripete Petzl JAG TRAXION"},"content":{"rendered":"<\/p>\n<p><strong>Petzl JAG TRAXION<\/strong> de \u00eenalt\u0103 performan\u021b\u0103, dublu, cu clem\u0103. Proiectat pentru a fi utilizat cu scripete JAG. Gura inferioar\u0103 de conectare pentru crearea sistemelor complexe. Rulmen\u021bi sigila\u021bi pentru o eficien\u021b\u0103 maxim\u0103.<\/p>\n<h3>Particularit\u0103\u021bi<\/h3>\n<ul>\n<li>Proiectat pentru a fi utilizat cu rola JAG pentru a crea sisteme de leg\u0103turi \u00een lan\u021b 4:1<\/li>\n<li>Cam\u0103 din o\u021bel cromat cu din\u021bi \u00eenclina\u021bi \u0219i o fant\u0103 pentru \u00eendep\u0103rtarea apei \u0219i a murd\u0103riei: asigur\u0103 o prindere sigur\u0103 pe fr\u00e2nghia umed\u0103, \u00eenghe\u021bat\u0103 sau noroioas\u0103<\/li>\n<li>Role pe rulmen\u021bi cu bile sigila\u021bi pentru eficien\u021b\u0103 maxim\u0103<\/li>\n<\/ul>\n<h3>Caracteristici<\/h3>\n<ul>\n<li>Greutate &#8212; 145 g<\/li>\n<li>EFICIEN\u021a\u0102 &#8212; 91%<\/li>\n<li>Sarcina de lucru &#8212; 2 x 1,5 kN x 2 = 6 kN<\/li>\n<li>Sarcina de rupere &#8212; 2 x 4 x kN 2 = 16 kN<\/li>\n<li>Diametrul cablului &#8212; 8 p\u00e2n\u0103 la 11 mm<\/li>\n<li>Diametrul rolei &#8212; 25 mm<\/li>\n<li>Certificare &#8212; CE EN 567, NFPA 1983 Utilizare tehnic\u0103<\/li>\n<\/ul>\n<h3>Marca<\/h3>\n<p>PETZL este o marc\u0103 de renume mondial care produce echipamente specializate pentru alpinism, speologie, escalad\u0103 \u0219i alpinism industrial. Compania a fost fondat\u0103 de Fernand Petzel, un om pasionat de speologie de o via\u021b\u0103 \u00eentreag\u0103. La mijlocul anilor 1970, pasiunea sa \u0219i afacerea de familie au crescut \u00een ceva mai mult. Fernand a \u00eenceput s\u0103 modifice dispozitivele existente utilizate \u00een speologie \u0219i apoi s\u0103 inventeze unele complet noi.<\/p>\n<p>Gama de produse a companiei s-a extins c\u0103tre iluminat, deoarece \u00een \u00eentunericul pe\u0219terilor acesta este unul dintre cele mai importante echipamente necesare. Dup\u0103 speologie, PETZL a dezvoltat echipamente pentru alpini\u0219ti \u0219i alpini\u0219ti, iar mai t\u00e2rziu pentru lucrul la \u00een\u0103l\u021bime.<\/p>\n<p>Misiunea PETZL este de a crea instrumente inovatoare care s\u0103 le permit\u0103 b\u0103rba\u021bilor \u0219i femeilor s\u0103 ating\u0103 noi \u00een\u0103l\u021bimi pe vertical\u0103 \u0219i s\u0103 lumineze calea \u00een \u00eentuneric. Compania se afl\u0103 \u00eentr-o c\u0103utare nesf\u00e2r\u0219it\u0103 a celei mai bune solu\u021bii \u00een toate domeniile de activitate. Performan\u021ba, ergonomia, confortul \u0219i, cel mai important, siguran\u021ba sunt cele mai importante criterii \u00een aceast\u0103 c\u0103utare. Accesul la ceea ce este inaccesibil sau &#171;atingerea a ceea ce este de neatins&#187; este motto-ul s\u0103u de lung\u0103 durat\u0103.<\/p>\n<p><\/p>","protected":false},"excerpt":{"rendered":"<p>Scripete Petzl JAG TRAXION<\/p>","protected":false},"featured_media":6784,"comment_status":"open","ping_status":"closed","template":"","meta":{"_acf_changed":false,"inline_featured_image":false},"product_brand":[1270],"product_cat":[94,96],"product_tag":[],"class_list":{"0":"post-6785","1":"product","2":"type-product","3":"status-publish","4":"has-post-thumbnail","6":"product_brand-petzl","7":"product_cat-block-rollers","8":"product_cat-pulleys","10":"first","11":"instock","12":"shipping-taxable","13":"purchasable","14":"product-type-simple"},"acf":[],"yoast_head":"<!-- This site is optimized with the Yoast SEO plugin v27.4 - https:\/\/yoast.com\/product\/yoast-seo-wordpress\/ -->\n<title>\u0420\u043e\u043b\u0438\u043a Petzl Jag Traxion - \u041c\u0430\u0433\u0430\u0437\u0438\u043d Xstyle<\/title>\n<meta name=\"description\" content=\"\u0420\u043e\u043b\u0438\u043a Petzl Jag Traxion - \u0432\u044b\u0441\u043e\u043a\u043e\u043f\u0440\u043e\u0438\u0437\u0432\u043e\u0434\u0438\u0442\u0435\u043b\u044c\u043d\u043e\u0435 \u043e\u0431\u043e\u0440\u0443\u0434\u043e\u0432\u0430\u043d\u0438\u0435 \u0441 \u043f\u0440\u043e\u0447\u043d\u044b\u043c\u0438 \u043f\u043e\u0434\u0448\u0438\u043f\u043d\u0438\u043a\u0430\u043c\u0438 \u0438 \u0432\u043e\u0437\u043c\u043e\u0436\u043d\u043e\u0441\u0442\u044c\u044e \u0441\u043e\u0437\u0434\u0430\u043d\u0438\u044f \u0441\u043b\u043e\u0436\u043d\u044b\u0445 \u0441\u0438\u0441\u0442\u0435\u043c. \u0418\u0434\u0435\u0430\u043b\u0435\u043d \u0434\u043b\u044f \u0434\u043e\u0441\u0442\u0443\u043f\u0430 \u043a \u043d\u0435\u0434\u043e\u0441\u0442\u0443\u043f\u043d\u044b\u043c \u043c\u0435\u0441\u0442\u0430\u043c.\" \/>\n<meta name=\"robots\" content=\"index, follow, max-snippet:-1, max-image-preview:large, max-video-preview:-1\" \/>\n<link rel=\"canonical\" href=\"https:\/\/xstyle.md\/ro\/produs\/rolik-petzl-jag-traxion\/\" \/>\n<meta property=\"og:locale\" content=\"ro_RO\" \/>\n<meta property=\"og:type\" content=\"article\" \/>\n<meta property=\"og:title\" content=\"\u0420\u043e\u043b\u0438\u043a Petzl Jag Traxion - \u041c\u0430\u0433\u0430\u0437\u0438\u043d Xstyle\" \/>\n<meta property=\"og:description\" content=\"\u0420\u043e\u043b\u0438\u043a Petzl Jag Traxion - \u0432\u044b\u0441\u043e\u043a\u043e\u043f\u0440\u043e\u0438\u0437\u0432\u043e\u0434\u0438\u0442\u0435\u043b\u044c\u043d\u043e\u0435 \u043e\u0431\u043e\u0440\u0443\u0434\u043e\u0432\u0430\u043d\u0438\u0435 \u0441 \u043f\u0440\u043e\u0447\u043d\u044b\u043c\u0438 \u043f\u043e\u0434\u0448\u0438\u043f\u043d\u0438\u043a\u0430\u043c\u0438 \u0438 \u0432\u043e\u0437\u043c\u043e\u0436\u043d\u043e\u0441\u0442\u044c\u044e \u0441\u043e\u0437\u0434\u0430\u043d\u0438\u044f \u0441\u043b\u043e\u0436\u043d\u044b\u0445 \u0441\u0438\u0441\u0442\u0435\u043c. \u0418\u0434\u0435\u0430\u043b\u0435\u043d \u0434\u043b\u044f \u0434\u043e\u0441\u0442\u0443\u043f\u0430 \u043a \u043d\u0435\u0434\u043e\u0441\u0442\u0443\u043f\u043d\u044b\u043c \u043c\u0435\u0441\u0442\u0430\u043c.\" \/>\n<meta property=\"og:url\" content=\"https:\/\/xstyle.md\/ro\/produs\/rolik-petzl-jag-traxion\/\" \/>\n<meta property=\"og:site_name\" content=\"\u041c\u0430\u0433\u0430\u0437\u0438\u043d Xstyle\" \/>\n<meta property=\"article:publisher\" content=\"https:\/\/www.facebook.com\/xstylemd\" \/>\n<meta property=\"article:modified_time\" content=\"2026-01-09T09:50:39+00:00\" \/>\n<meta property=\"og:image\" content=\"https:\/\/xstyle.md\/wp-content\/uploads\/2020\/07\/p54-jig-traxion_lowres.jpeg\" \/>\n\t<meta property=\"og:image:width\" content=\"827\" \/>\n\t<meta property=\"og:image:height\" content=\"1200\" \/>\n\t<meta property=\"og:image:type\" content=\"image\/jpeg\" \/>\n<meta name=\"twitter:card\" content=\"summary_large_image\" \/>\n<meta name=\"twitter:label1\" content=\"Pre\u021b\" \/>\n\t<meta name=\"twitter:data1\" content=\"2.415&nbsp;MDL\" \/>\n\t<meta name=\"twitter:label2\" content=\"Disponibilitate\" \/>\n\t<meta name=\"twitter:data2\" content=\"\u00cen stoc\" \/>\n<script type=\"application\/ld+json\" class=\"yoast-schema-graph\">{\"@context\":\"https:\\\/\\\/schema.org\",\"@graph\":[{\"@type\":\"WebPage\",\"@id\":\"https:\\\/\\\/xstyle.md\\\/product\\\/rolik-petzl-jag-traxion\\\/\",\"url\":\"https:\\\/\\\/xstyle.md\\\/product\\\/rolik-petzl-jag-traxion\\\/\",\"name\":\"\u0420\u043e\u043b\u0438\u043a Petzl Jag Traxion - \u041c\u0430\u0433\u0430\u0437\u0438\u043d Xstyle\",\"isPartOf\":{\"@id\":\"https:\\\/\\\/xstyle.md\\\/#website\"},\"primaryImageOfPage\":{\"@id\":\"https:\\\/\\\/xstyle.md\\\/product\\\/rolik-petzl-jag-traxion\\\/#primaryimage\"},\"image\":{\"@id\":\"https:\\\/\\\/xstyle.md\\\/product\\\/rolik-petzl-jag-traxion\\\/#primaryimage\"},\"thumbnailUrl\":\"https:\\\/\\\/xstyle.md\\\/wp-content\\\/uploads\\\/2020\\\/07\\\/p54-jig-traxion_lowres.jpeg\",\"datePublished\":\"2020-07-16T19:02:20+00:00\",\"dateModified\":\"2026-01-09T09:50:39+00:00\",\"description\":\"\u0420\u043e\u043b\u0438\u043a Petzl Jag Traxion - \u0432\u044b\u0441\u043e\u043a\u043e\u043f\u0440\u043e\u0438\u0437\u0432\u043e\u0434\u0438\u0442\u0435\u043b\u044c\u043d\u043e\u0435 \u043e\u0431\u043e\u0440\u0443\u0434\u043e\u0432\u0430\u043d\u0438\u0435 \u0441 \u043f\u0440\u043e\u0447\u043d\u044b\u043c\u0438 \u043f\u043e\u0434\u0448\u0438\u043f\u043d\u0438\u043a\u0430\u043c\u0438 \u0438 \u0432\u043e\u0437\u043c\u043e\u0436\u043d\u043e\u0441\u0442\u044c\u044e \u0441\u043e\u0437\u0434\u0430\u043d\u0438\u044f \u0441\u043b\u043e\u0436\u043d\u044b\u0445 \u0441\u0438\u0441\u0442\u0435\u043c. \u0418\u0434\u0435\u0430\u043b\u0435\u043d \u0434\u043b\u044f \u0434\u043e\u0441\u0442\u0443\u043f\u0430 \u043a \u043d\u0435\u0434\u043e\u0441\u0442\u0443\u043f\u043d\u044b\u043c \u043c\u0435\u0441\u0442\u0430\u043c.\",\"breadcrumb\":{\"@id\":\"https:\\\/\\\/xstyle.md\\\/product\\\/rolik-petzl-jag-traxion\\\/#breadcrumb\"},\"inLanguage\":\"ro-RO\",\"potentialAction\":[{\"@type\":\"ReadAction\",\"target\":[\"https:\\\/\\\/xstyle.md\\\/product\\\/rolik-petzl-jag-traxion\\\/\"]}]},{\"@type\":\"ImageObject\",\"inLanguage\":\"ro-RO\",\"@id\":\"https:\\\/\\\/xstyle.md\\\/product\\\/rolik-petzl-jag-traxion\\\/#primaryimage\",\"url\":\"https:\\\/\\\/xstyle.md\\\/wp-content\\\/uploads\\\/2020\\\/07\\\/p54-jig-traxion_lowres.jpeg\",\"contentUrl\":\"https:\\\/\\\/xstyle.md\\\/wp-content\\\/uploads\\\/2020\\\/07\\\/p54-jig-traxion_lowres.jpeg\",\"width\":827,\"height\":1200},{\"@type\":\"BreadcrumbList\",\"@id\":\"https:\\\/\\\/xstyle.md\\\/product\\\/rolik-petzl-jag-traxion\\\/#breadcrumb\",\"itemListElement\":[{\"@type\":\"ListItem\",\"position\":1,\"name\":\"\u0413\u043b\u0430\u0432\u043d\u0430\u044f \u0441\u0442\u0440\u0430\u043d\u0438\u0446\u0430\",\"item\":\"https:\\\/\\\/xstyle.md\\\/\"},{\"@type\":\"ListItem\",\"position\":2,\"name\":\"\u041c\u0430\u0433\u0430\u0437\u0438\u043d\",\"item\":\"https:\\\/\\\/xstyle.md\\\/shop\\\/\"},{\"@type\":\"ListItem\",\"position\":3,\"name\":\"\u0420\u043e\u043b\u0438\u043a Petzl Jag Traxion\"}]},{\"@type\":\"WebSite\",\"@id\":\"https:\\\/\\\/xstyle.md\\\/#website\",\"url\":\"https:\\\/\\\/xstyle.md\\\/\",\"name\":\"\u041c\u0430\u0433\u0430\u0437\u0438\u043d Xstyle\",\"description\":\"C\u043d\u0430\u0440\u044f\u0436\u0435\u043d\u0438\u0435 \u0434\u043b\u044f \u0442\u0443\u0440\u0438\u0437\u043c\u0430 \u0438 \u044d\u043a\u0441\u0442\u0440\u0435\u043c\u0430\u043b\u044c\u043d\u044b\u0445 \u0432\u0438\u0434\u043e\u0432 \u0441\u043f\u043e\u0440\u0442\u0430 \u0432 \u041c\u043e\u043b\u0434\u043e\u0432\u0435.. \u0426\u0435\u043d\u044b, \u0444\u043e\u0442\u043e, \u0445\u0430\u0440\u0430\u043a\u0442\u0435\u0440\u0438\u0441\u0442\u0438\u043a\u0438 \u0432 \u041c\u043e\u043b\u0434\u043e\u0432\u0435.\",\"publisher\":{\"@id\":\"https:\\\/\\\/xstyle.md\\\/#organization\"},\"alternateName\":\"X-Style\",\"potentialAction\":[{\"@type\":\"SearchAction\",\"target\":{\"@type\":\"EntryPoint\",\"urlTemplate\":\"https:\\\/\\\/xstyle.md\\\/?s={search_term_string}\"},\"query-input\":{\"@type\":\"PropertyValueSpecification\",\"valueRequired\":true,\"valueName\":\"search_term_string\"}}],\"inLanguage\":\"ro-RO\"},{\"@type\":\"Organization\",\"@id\":\"https:\\\/\\\/xstyle.md\\\/#organization\",\"name\":\"\u041c\u0430\u0433\u0430\u0437\u0438\u043d Xstyle\",\"alternateName\":\"x-style\",\"url\":\"https:\\\/\\\/xstyle.md\\\/\",\"logo\":{\"@type\":\"ImageObject\",\"inLanguage\":\"ro-RO\",\"@id\":\"https:\\\/\\\/xstyle.md\\\/#\\\/schema\\\/logo\\\/image\\\/\",\"url\":\"https:\\\/\\\/xstyle.md\\\/wp-content\\\/uploads\\\/2020\\\/06\\\/logoicon.svg\",\"contentUrl\":\"https:\\\/\\\/xstyle.md\\\/wp-content\\\/uploads\\\/2020\\\/06\\\/logoicon.svg\",\"caption\":\"\u041c\u0430\u0433\u0430\u0437\u0438\u043d Xstyle\"},\"image\":{\"@id\":\"https:\\\/\\\/xstyle.md\\\/#\\\/schema\\\/logo\\\/image\\\/\"},\"sameAs\":[\"https:\\\/\\\/www.facebook.com\\\/xstylemd\",\"https:\\\/\\\/www.instagram.com\\\/xstyle_md\\\/\",\"https:\\\/\\\/t.me\\\/xstyle_outdoor\"],\"hasMerchantReturnPolicy\":{\"@type\":\"MerchantReturnPolicy\",\"merchantReturnLink\":\"https:\\\/\\\/xstyle.md\\\/ro\\\/conditions\\\/\"}}]}<\/script>\n<meta property=\"product:price:amount\" content=\"2415.00\" \/>\n<meta property=\"product:price:currency\" content=\"MDL\" \/>\n<meta property=\"og:availability\" content=\"instock\" \/>\n<meta property=\"product:availability\" content=\"instock\" \/>\n<meta property=\"product:retailer_item_id\" content=\"3342540100343\" \/>\n<meta property=\"product:condition\" content=\"new\" \/>\n<!-- \/ Yoast SEO plugin. -->","yoast_head_json":{"title":"Scripete Petzl JAG TRAXION - Magazin Xstyle","description":"Ruloul Petzl Jag Traxion - echipament de \u00eenalt\u0103 performan\u021b\u0103 cu rulmen\u021bi durabili \u0219i posibilitatea de a crea sisteme complexe. Ideal pentru acces \u00een locuri inaccesibile.","robots":{"index":"index","follow":"follow","max-snippet":"max-snippet:-1","max-image-preview":"max-image-preview:large","max-video-preview":"max-video-preview:-1"},"canonical":"https:\/\/xstyle.md\/ro\/produs\/rolik-petzl-jag-traxion\/","og_locale":"ro_RO","og_type":"article","og_title":"\u0420\u043e\u043b\u0438\u043a Petzl Jag Traxion - \u041c\u0430\u0433\u0430\u0437\u0438\u043d Xstyle","og_description":"\u0420\u043e\u043b\u0438\u043a Petzl Jag Traxion - \u0432\u044b\u0441\u043e\u043a\u043e\u043f\u0440\u043e\u0438\u0437\u0432\u043e\u0434\u0438\u0442\u0435\u043b\u044c\u043d\u043e\u0435 \u043e\u0431\u043e\u0440\u0443\u0434\u043e\u0432\u0430\u043d\u0438\u0435 \u0441 \u043f\u0440\u043e\u0447\u043d\u044b\u043c\u0438 \u043f\u043e\u0434\u0448\u0438\u043f\u043d\u0438\u043a\u0430\u043c\u0438 \u0438 \u0432\u043e\u0437\u043c\u043e\u0436\u043d\u043e\u0441\u0442\u044c\u044e \u0441\u043e\u0437\u0434\u0430\u043d\u0438\u044f \u0441\u043b\u043e\u0436\u043d\u044b\u0445 \u0441\u0438\u0441\u0442\u0435\u043c. \u0418\u0434\u0435\u0430\u043b\u0435\u043d \u0434\u043b\u044f \u0434\u043e\u0441\u0442\u0443\u043f\u0430 \u043a \u043d\u0435\u0434\u043e\u0441\u0442\u0443\u043f\u043d\u044b\u043c \u043c\u0435\u0441\u0442\u0430\u043c.","og_url":"https:\/\/xstyle.md\/ro\/produs\/rolik-petzl-jag-traxion\/","og_site_name":"\u041c\u0430\u0433\u0430\u0437\u0438\u043d Xstyle","article_publisher":"https:\/\/www.facebook.com\/xstylemd","article_modified_time":"2026-01-09T09:50:39+00:00","og_image":[{"width":827,"height":1200,"url":"https:\/\/xstyle.md\/wp-content\/uploads\/2020\/07\/p54-jig-traxion_lowres.jpeg","type":"image\/jpeg"}],"twitter_card":"summary_large_image","twitter_misc":{"Pre\u021b":"2.415&nbsp;MDL","Disponibilitate":"\u00cen stoc"},"schema":{"@context":"https:\/\/schema.org","@graph":[{"@type":"WebPage","@id":"https:\/\/xstyle.md\/product\/rolik-petzl-jag-traxion\/","url":"https:\/\/xstyle.md\/product\/rolik-petzl-jag-traxion\/","name":"Scripete Petzl JAG TRAXION - Magazin Xstyle","isPartOf":{"@id":"https:\/\/xstyle.md\/#website"},"primaryImageOfPage":{"@id":"https:\/\/xstyle.md\/product\/rolik-petzl-jag-traxion\/#primaryimage"},"image":{"@id":"https:\/\/xstyle.md\/product\/rolik-petzl-jag-traxion\/#primaryimage"},"thumbnailUrl":"https:\/\/xstyle.md\/wp-content\/uploads\/2020\/07\/p54-jig-traxion_lowres.jpeg","datePublished":"2020-07-16T19:02:20+00:00","dateModified":"2026-01-09T09:50:39+00:00","description":"Ruloul Petzl Jag Traxion - echipament de \u00eenalt\u0103 performan\u021b\u0103 cu rulmen\u021bi durabili \u0219i posibilitatea de a crea sisteme complexe. Ideal pentru acces \u00een locuri inaccesibile.","breadcrumb":{"@id":"https:\/\/xstyle.md\/product\/rolik-petzl-jag-traxion\/#breadcrumb"},"inLanguage":"ro-RO","potentialAction":[{"@type":"ReadAction","target":["https:\/\/xstyle.md\/product\/rolik-petzl-jag-traxion\/"]}]},{"@type":"ImageObject","inLanguage":"ro-RO","@id":"https:\/\/xstyle.md\/product\/rolik-petzl-jag-traxion\/#primaryimage","url":"https:\/\/xstyle.md\/wp-content\/uploads\/2020\/07\/p54-jig-traxion_lowres.jpeg","contentUrl":"https:\/\/xstyle.md\/wp-content\/uploads\/2020\/07\/p54-jig-traxion_lowres.jpeg","width":827,"height":1200},{"@type":"BreadcrumbList","@id":"https:\/\/xstyle.md\/product\/rolik-petzl-jag-traxion\/#breadcrumb","itemListElement":[{"@type":"ListItem","position":1,"name":"\u0413\u043b\u0430\u0432\u043d\u0430\u044f \u0441\u0442\u0440\u0430\u043d\u0438\u0446\u0430","item":"https:\/\/xstyle.md\/"},{"@type":"ListItem","position":2,"name":"\u041c\u0430\u0433\u0430\u0437\u0438\u043d","item":"https:\/\/xstyle.md\/shop\/"},{"@type":"ListItem","position":3,"name":"\u0420\u043e\u043b\u0438\u043a Petzl Jag Traxion"}]},{"@type":"WebSite","@id":"https:\/\/xstyle.md\/#website","url":"https:\/\/xstyle.md\/","name":"Magazinul X-Style","description":"Echipamente pentru turism \u0219i sporturi extreme \u00een Moldova. Pre\u021buri, fotografii, caracteristici \u00een Moldova.","publisher":{"@id":"https:\/\/xstyle.md\/#organization"},"alternateName":"X-Style","potentialAction":[{"@type":"SearchAction","target":{"@type":"EntryPoint","urlTemplate":"https:\/\/xstyle.md\/?s={search_term_string}"},"query-input":{"@type":"PropertyValueSpecification","valueRequired":true,"valueName":"search_term_string"}}],"inLanguage":"ro-RO"},{"@type":"Organization","@id":"https:\/\/xstyle.md\/#organization","name":"Magazinul X-Style","alternateName":"x-style","url":"https:\/\/xstyle.md\/","logo":{"@type":"ImageObject","inLanguage":"ro-RO","@id":"https:\/\/xstyle.md\/#\/schema\/logo\/image\/","url":"https:\/\/xstyle.md\/wp-content\/uploads\/2020\/06\/logoicon.svg","contentUrl":"https:\/\/xstyle.md\/wp-content\/uploads\/2020\/06\/logoicon.svg","caption":"\u041c\u0430\u0433\u0430\u0437\u0438\u043d Xstyle"},"image":{"@id":"https:\/\/xstyle.md\/#\/schema\/logo\/image\/"},"sameAs":["https:\/\/www.facebook.com\/xstylemd","https:\/\/www.instagram.com\/xstyle_md\/","https:\/\/t.me\/xstyle_outdoor"],"hasMerchantReturnPolicy":{"@type":"MerchantReturnPolicy","merchantReturnLink":"https:\/\/xstyle.md\/ro\/conditions\/"}}]},"product_price_amount":"2415.00","product_price_currency":"MDL","og_availability":"instock","product_availability":"instock","product_retailer_item_id":"3342540100343","product_condition":"new"},"_links":{"self":[{"href":"https:\/\/xstyle.md\/ro\/wp-json\/wp\/v2\/product\/6785","targetHints":{"allow":["GET"]}}],"collection":[{"href":"https:\/\/xstyle.md\/ro\/wp-json\/wp\/v2\/product"}],"about":[{"href":"https:\/\/xstyle.md\/ro\/wp-json\/wp\/v2\/types\/product"}],"replies":[{"embeddable":true,"href":"https:\/\/xstyle.md\/ro\/wp-json\/wp\/v2\/comments?post=6785"}],"wp:featuredmedia":[{"embeddable":true,"href":"https:\/\/xstyle.md\/ro\/wp-json\/wp\/v2\/media\/6784"}],"wp:attachment":[{"href":"https:\/\/xstyle.md\/ro\/wp-json\/wp\/v2\/media?parent=6785"}],"wp:term":[{"taxonomy":"product_brand","embeddable":true,"href":"https:\/\/xstyle.md\/ro\/wp-json\/wp\/v2\/product_brand?post=6785"},{"taxonomy":"product_cat","embeddable":true,"href":"https:\/\/xstyle.md\/ro\/wp-json\/wp\/v2\/product_cat?post=6785"},{"taxonomy":"product_tag","embeddable":true,"href":"https:\/\/xstyle.md\/ro\/wp-json\/wp\/v2\/product_tag?post=6785"}],"curies":[{"name":"wp","href":"https:\/\/api.w.org\/{rel}","templated":true}]}}