{"id":6778,"date":"2020-07-16T22:01:54","date_gmt":"2020-07-16T19:01:54","guid":{"rendered":"https:\/\/xstyle.md\/product\/strahovochnaja-sistema-petzl-aqlila"},"modified":"2026-03-19T16:33:42","modified_gmt":"2026-03-19T13:33:42","slug":"strahovochnaja-sistema-petzl-aqlila","status":"publish","type":"product","link":"https:\/\/xstyle.md\/ro\/produs\/strahovochnaja-sistema-petzl-aqlila\/","title":{"rendered":"Ham Petzl AQUILA"},"content":{"rendered":"<\/p>\n<p><strong>Ham Petzl AQUILA<\/strong> &#8212; foi\u0219or ultrau\u0219or cu centuri de picioare reglabile pentru sportivii de nivel \u00eenalt.<\/p>\n<p>Un ham foarte confortabil pentru c\u0103\u021b\u0103rare avansat\u0103 \u00een sala de gimnastic\u0103 \u0219i pe st\u00e2nc\u0103, precum \u0219i pentru traseele cu mai multe pasuri. Chingile reglabile pentru picioare v\u0103 permit s\u0103 schimba\u021bi rapid \u0219i u\u0219or dimensiunea hamului \u0219i s\u0103 \u00eel folosi\u021bi \u00een orice anotimp. Construc\u021bie FUSEFRAME: centur\u0103 sub\u021bire \u0219i elastic\u0103 la talie pentru o libertate total\u0103 de mi\u0219care cu o greutate minim\u0103. Patru bucle de ag\u0103\u021bat pentru a g\u0103zdui tot echipamentul de care ave\u021bi nevoie. Punctele de legare sunt realizate din polietilen\u0103 de modul \u00eenalt, cu rezisten\u021b\u0103 sporit\u0103 la frecare \u0219i care m\u0103resc durata de via\u021b\u0103 a hamului.<\/p>\n<p>Un foi\u0219or pentru sportivii care caut\u0103 cea mai bun\u0103 solu\u021bie \u00een ceea ce prive\u0219te reducerea greut\u0103\u021bii, distribu\u021bia \u00eenc\u0103rc\u0103turii \u0219i confortul.<\/p>\n<h3>Particularit\u0103\u021bi<\/h3>\n<p><strong>Confort maxim pentru ag\u0103\u021barea \u00eendelungat\u0103 \u0219i pentru persoanele de constitu\u021bie solid\u0103:<\/strong><\/p>\n<ul>\n<li>centur\u0103 larg\u0103 adaptat\u0103 pentru a se potrivi persoanelor de constitu\u021bie complet\u0103 \u0219i pentru o distribu\u021bie optim\u0103 a greut\u0103\u021bii<\/li>\n<li>design FUSEFRAME: centur\u0103 de talie sub\u021bire \u0219i elastic\u0103 pentru libertate total\u0103 de mi\u0219care, reduc\u00e2nd \u00een acela\u0219i timp la minimum greutatea hamului.<\/li>\n<li>catarame DoubleBack HD pe centurile picioarelor pentru o ajustare rapid\u0103 la orice form\u0103 a corpului \u0219i la hainele de sezon.<\/li>\n<li>pra\u0219tie elastic\u0103 \u00eentre m\u00e2nerele de picior pentru un confort maxim la c\u0103\u021b\u0103rare<\/li>\n<\/ul>\n<p><strong>Sistem optimizat pentru a v\u0103 transporta echipamentul:\u00a0<\/strong><\/p>\n<ul>\n<li>dou\u0103 bucle de desc\u0103rcare rigide supradimensionate \u00een partea din fa\u021b\u0103, pentru a transporta cantit\u0103\u021bi mari de echipament \u0219i pentru a facilita introducerea\/ie\u0219irea cu u\u0219urin\u021b\u0103 a carabinierelor<\/li>\n<li>dou\u0103 bucle de desc\u0103rcare \u00een spate pentru transportul de echipament suplimentar sunt realizate din material moale \u0219i nu \u00eencurc\u0103 sub rucsac.<\/li>\n<li>o bucl\u0103 \u00een spate pentru tragerea fr\u00e2nghiei<\/li>\n<li>dou\u0103 puncte de fixare pentru carabinierele CARITOOL<\/li>\n<\/ul>\n<p><strong>Rezisten\u021b\u0103 sporit\u0103 la uzur\u0103:\u00a0<\/strong><\/p>\n<ul>\n<li>Punctele de legare \u00eent\u0103rite sunt realizate din polietilen\u0103 de modul \u00eenalt (HMPE) pentru o rezisten\u021b\u0103 sporit\u0103 la abraziune atunci c\u00e2nd se freac\u0103 de fr\u00e2nghie.<\/li>\n<li>Cataramele DoubleBack HD de pe centura \u0219i de pe centurile picioarelor sunt realizate din aluminiu \u0219tan\u021bat \u0219i asigur\u0103 o fixare sigur\u0103 \u0219i o ajustare moale.<br \/>\nmaterial exterior durabil \u0219i rezistent la abraziune<\/li>\n<\/ul>\n<h3>Caracteristici<\/h3>\n<ul>\n<li>Materiale &#8212; nailon, poliester, spum\u0103 EVA, poliuretan, aluminiu, polietilen\u0103 cu modul \u00eenalt de elasticitate<\/li>\n<li>Dimensiunea L &#8212; 84-92 cm (circumferin\u021ba taliei), 55-65 cm (circumferin\u021ba \u0219oldului), 400 g (greutate)<\/li>\n<li>M\u0103rimea M &#8212; 77-84 cm (circumferin\u021ba taliei), 52-62 cm (circumferin\u021ba \u0219oldului), 365 g (greutate)<\/li>\n<li>M\u0103rimea XL &#8212; 92-100cm (circumferin\u021ba taliei), 57-67cm (circumferin\u021ba \u0219oldului), 425g (greutate)<\/li>\n<li>Certificare &#8212; CE EN 12277 tip C, UIAA<\/li>\n<\/ul>\n<h3>Marca<\/h3>\n<p>PETZL este un brand de renume mondial care produce echipamente specializate pentru alpinism, speologie, escalad\u0103 \u0219i alpinism industrial. Compania a fost fondat\u0103 de Fernand Petzel, un om pasionat de speologie de o via\u021b\u0103 \u00eentreag\u0103. La mijlocul anilor 1970, pasiunea sa \u0219i afacerea de familie au crescut \u00een ceva mai mult. Fernand a \u00eenceput s\u0103 modifice dispozitivele existente utilizate \u00een speologie \u0219i apoi s\u0103 inventeze unele complet noi.<\/p>\n<p>Gama de produse a companiei s-a extins c\u0103tre iluminat, deoarece \u00een \u00eentunericul pe\u0219terilor acesta este unul dintre cele mai importante echipamente necesare. Dup\u0103 speologie, PETZL creeaz\u0103 echipamente pentru alpini\u0219ti \u0219i alpini\u0219ti, iar apoi pentru lucrul la \u00een\u0103l\u021bime.<\/p>\n<p>Misiunea PETZL este de a crea instrumente inovatoare care s\u0103 le permit\u0103 b\u0103rba\u021bilor \u0219i femeilor s\u0103 ating\u0103 noi \u00een\u0103l\u021bimi pe vertical\u0103 \u0219i s\u0103 lumineze drumul \u00een \u00eentuneric. Compania se afl\u0103 \u00eentr-o c\u0103utare continu\u0103 a celei mai bune solu\u021bii \u00een toate domeniile de activitate. Performan\u021ba, ergonomia, confortul \u0219i, cel mai important, siguran\u021ba sunt cele mai importante criterii \u00een aceast\u0103 c\u0103utare. Accesul la ceea ce este inaccesibil sau &#171;atingerea a ceea ce este de neatins&#187; este motto-ul s\u0103u de lung\u0103 durat\u0103.<\/p>\n<p><\/p>","protected":false},"excerpt":{"rendered":"<p>Ham Petzl AQUILA<\/p>","protected":false},"featured_media":6777,"comment_status":"open","ping_status":"closed","template":"","meta":{"_acf_changed":false,"inline_featured_image":false},"product_brand":[1270],"product_cat":[93],"product_tag":[],"class_list":{"0":"post-6778","1":"product","2":"type-product","3":"status-publish","4":"has-post-thumbnail","6":"product_brand-petzl","7":"product_cat-binding","9":"first","10":"instock","11":"shipping-taxable","12":"purchasable","13":"product-type-simple"},"acf":[],"yoast_head":"<!-- This site is optimized with the Yoast SEO plugin v27.2 - https:\/\/yoast.com\/product\/yoast-seo-wordpress\/ -->\n<title>\u0421\u0442\u0440\u0430\u0445\u043e\u0432\u043e\u0447\u043d\u0430\u044f \u0441\u0438\u0441\u0442\u0435\u043c\u0430 Petzl Aquila - \u041c\u0430\u0433\u0430\u0437\u0438\u043d Xstyle<\/title>\n<meta name=\"description\" content=\"\u041e\u0442\u043a\u0440\u043e\u0439\u0442\u0435 \u043d\u043e\u0432\u044b\u0435 \u0433\u043e\u0440\u0438\u0437\u043e\u043d\u0442\u044b \u0441 \u0441\u0438\u0441\u0442\u0435\u043c\u043e\u0439 Petzl Aquila. \u041b\u0451\u0433\u043a\u0438\u0439 \u0438 \u0443\u0434\u043e\u0431\u043d\u044b\u0439 \u043f\u043e\u044f\u0441 \u0434\u043b\u044f \u043f\u0440\u043e\u0444\u0435\u0441\u0441\u0438\u043e\u043d\u0430\u043b\u044c\u043d\u044b\u0445 \u0430\u043b\u044c\u043f\u0438\u043d\u0438\u0441\u0442\u043e\u0432. \u0418\u0434\u0435\u0430\u043b\u0435\u043d \u0434\u043b\u044f \u0441\u043a\u0430\u043b\u043e\u043b\u0430\u0437\u0430\u043d\u0438\u044f \u0438 \u0442\u0440\u0435\u043d\u0430\u0436\u0435\u0440\u043d\u044b\u0445 \u0437\u0430\u043b\u043e\u0432.\" \/>\n<meta name=\"robots\" content=\"index, follow, max-snippet:-1, max-image-preview:large, max-video-preview:-1\" \/>\n<link rel=\"canonical\" href=\"https:\/\/xstyle.md\/ro\/produs\/strahovochnaja-sistema-petzl-aqlila\/\" \/>\n<meta property=\"og:locale\" content=\"ro_RO\" \/>\n<meta property=\"og:type\" content=\"article\" \/>\n<meta property=\"og:title\" content=\"\u0421\u0442\u0440\u0430\u0445\u043e\u0432\u043e\u0447\u043d\u0430\u044f \u0441\u0438\u0441\u0442\u0435\u043c\u0430 Petzl Aquila - \u041c\u0430\u0433\u0430\u0437\u0438\u043d Xstyle\" \/>\n<meta property=\"og:description\" content=\"\u041e\u0442\u043a\u0440\u043e\u0439\u0442\u0435 \u043d\u043e\u0432\u044b\u0435 \u0433\u043e\u0440\u0438\u0437\u043e\u043d\u0442\u044b \u0441 \u0441\u0438\u0441\u0442\u0435\u043c\u043e\u0439 Petzl Aquila. \u041b\u0451\u0433\u043a\u0438\u0439 \u0438 \u0443\u0434\u043e\u0431\u043d\u044b\u0439 \u043f\u043e\u044f\u0441 \u0434\u043b\u044f \u043f\u0440\u043e\u0444\u0435\u0441\u0441\u0438\u043e\u043d\u0430\u043b\u044c\u043d\u044b\u0445 \u0430\u043b\u044c\u043f\u0438\u043d\u0438\u0441\u0442\u043e\u0432. \u0418\u0434\u0435\u0430\u043b\u0435\u043d \u0434\u043b\u044f \u0441\u043a\u0430\u043b\u043e\u043b\u0430\u0437\u0430\u043d\u0438\u044f \u0438 \u0442\u0440\u0435\u043d\u0430\u0436\u0435\u0440\u043d\u044b\u0445 \u0437\u0430\u043b\u043e\u0432.\" \/>\n<meta property=\"og:url\" content=\"https:\/\/xstyle.md\/ro\/produs\/strahovochnaja-sistema-petzl-aqlila\/\" \/>\n<meta property=\"og:site_name\" content=\"\u041c\u0430\u0433\u0430\u0437\u0438\u043d Xstyle\" \/>\n<meta property=\"article:publisher\" content=\"https:\/\/www.facebook.com\/xstylemd\" \/>\n<meta property=\"article:modified_time\" content=\"2026-03-19T13:33:42+00:00\" \/>\n<meta property=\"og:image\" content=\"https:\/\/xstyle.md\/wp-content\/uploads\/2020\/07\/gy.jpg\" \/>\n\t<meta property=\"og:image:width\" content=\"900\" \/>\n\t<meta property=\"og:image:height\" content=\"900\" \/>\n\t<meta property=\"og:image:type\" content=\"image\/jpeg\" \/>\n<meta name=\"twitter:card\" content=\"summary_large_image\" \/>\n<meta name=\"twitter:label1\" content=\"Pre\u021b\" \/>\n\t<meta name=\"twitter:data1\" content=\"2.290&nbsp;MDL\" \/>\n\t<meta name=\"twitter:label2\" content=\"Disponibilitate\" \/>\n\t<meta name=\"twitter:data2\" content=\"\u00cen stoc\" \/>\n<script type=\"application\/ld+json\" class=\"yoast-schema-graph\">{\"@context\":\"https:\/\/schema.org\",\"@graph\":[{\"@type\":\"WebPage\",\"@id\":\"https:\/\/xstyle.md\/product\/strahovochnaja-sistema-petzl-aqlila\/\",\"url\":\"https:\/\/xstyle.md\/product\/strahovochnaja-sistema-petzl-aqlila\/\",\"name\":\"\u0421\u0442\u0440\u0430\u0445\u043e\u0432\u043e\u0447\u043d\u0430\u044f \u0441\u0438\u0441\u0442\u0435\u043c\u0430 Petzl Aquila - \u041c\u0430\u0433\u0430\u0437\u0438\u043d Xstyle\",\"isPartOf\":{\"@id\":\"https:\/\/xstyle.md\/#website\"},\"primaryImageOfPage\":{\"@id\":\"https:\/\/xstyle.md\/product\/strahovochnaja-sistema-petzl-aqlila\/#primaryimage\"},\"image\":{\"@id\":\"https:\/\/xstyle.md\/product\/strahovochnaja-sistema-petzl-aqlila\/#primaryimage\"},\"thumbnailUrl\":\"https:\/\/xstyle.md\/wp-content\/uploads\/2020\/07\/gy.jpg\",\"datePublished\":\"2020-07-16T19:01:54+00:00\",\"dateModified\":\"2026-03-19T13:33:42+00:00\",\"description\":\"\u041e\u0442\u043a\u0440\u043e\u0439\u0442\u0435 \u043d\u043e\u0432\u044b\u0435 \u0433\u043e\u0440\u0438\u0437\u043e\u043d\u0442\u044b \u0441 \u0441\u0438\u0441\u0442\u0435\u043c\u043e\u0439 Petzl Aquila. \u041b\u0451\u0433\u043a\u0438\u0439 \u0438 \u0443\u0434\u043e\u0431\u043d\u044b\u0439 \u043f\u043e\u044f\u0441 \u0434\u043b\u044f \u043f\u0440\u043e\u0444\u0435\u0441\u0441\u0438\u043e\u043d\u0430\u043b\u044c\u043d\u044b\u0445 \u0430\u043b\u044c\u043f\u0438\u043d\u0438\u0441\u0442\u043e\u0432. \u0418\u0434\u0435\u0430\u043b\u0435\u043d \u0434\u043b\u044f \u0441\u043a\u0430\u043b\u043e\u043b\u0430\u0437\u0430\u043d\u0438\u044f \u0438 \u0442\u0440\u0435\u043d\u0430\u0436\u0435\u0440\u043d\u044b\u0445 \u0437\u0430\u043b\u043e\u0432.\",\"breadcrumb\":{\"@id\":\"https:\/\/xstyle.md\/product\/strahovochnaja-sistema-petzl-aqlila\/#breadcrumb\"},\"inLanguage\":\"ro-RO\",\"potentialAction\":[{\"@type\":\"ReadAction\",\"target\":[\"https:\/\/xstyle.md\/product\/strahovochnaja-sistema-petzl-aqlila\/\"]}]},{\"@type\":\"ImageObject\",\"inLanguage\":\"ro-RO\",\"@id\":\"https:\/\/xstyle.md\/product\/strahovochnaja-sistema-petzl-aqlila\/#primaryimage\",\"url\":\"https:\/\/xstyle.md\/wp-content\/uploads\/2020\/07\/gy.jpg\",\"contentUrl\":\"https:\/\/xstyle.md\/wp-content\/uploads\/2020\/07\/gy.jpg\",\"width\":900,\"height\":900},{\"@type\":\"BreadcrumbList\",\"@id\":\"https:\/\/xstyle.md\/product\/strahovochnaja-sistema-petzl-aqlila\/#breadcrumb\",\"itemListElement\":[{\"@type\":\"ListItem\",\"position\":1,\"name\":\"\u0413\u043b\u0430\u0432\u043d\u0430\u044f \u0441\u0442\u0440\u0430\u043d\u0438\u0446\u0430\",\"item\":\"https:\/\/xstyle.md\/\"},{\"@type\":\"ListItem\",\"position\":2,\"name\":\"\u041c\u0430\u0433\u0430\u0437\u0438\u043d\",\"item\":\"https:\/\/xstyle.md\/shop\/\"},{\"@type\":\"ListItem\",\"position\":3,\"name\":\"\u0421\u0442\u0440\u0430\u0445\u043e\u0432\u043e\u0447\u043d\u0430\u044f \u0441\u0438\u0441\u0442\u0435\u043c\u0430 Petzl Aquila\"}]},{\"@type\":\"WebSite\",\"@id\":\"https:\/\/xstyle.md\/#website\",\"url\":\"https:\/\/xstyle.md\/\",\"name\":\"\u041c\u0430\u0433\u0430\u0437\u0438\u043d Xstyle\",\"description\":\"C\u043d\u0430\u0440\u044f\u0436\u0435\u043d\u0438\u0435 \u0434\u043b\u044f \u0442\u0443\u0440\u0438\u0437\u043c\u0430 \u0438 \u044d\u043a\u0441\u0442\u0440\u0435\u043c\u0430\u043b\u044c\u043d\u044b\u0445 \u0432\u0438\u0434\u043e\u0432 \u0441\u043f\u043e\u0440\u0442\u0430 \u0432 \u041c\u043e\u043b\u0434\u043e\u0432\u0435.. \u0426\u0435\u043d\u044b, \u0444\u043e\u0442\u043e, \u0445\u0430\u0440\u0430\u043a\u0442\u0435\u0440\u0438\u0441\u0442\u0438\u043a\u0438 \u0432 \u041c\u043e\u043b\u0434\u043e\u0432\u0435.\",\"publisher\":{\"@id\":\"https:\/\/xstyle.md\/#organization\"},\"alternateName\":\"X-Style\",\"potentialAction\":[{\"@type\":\"SearchAction\",\"target\":{\"@type\":\"EntryPoint\",\"urlTemplate\":\"https:\/\/xstyle.md\/?s={search_term_string}\"},\"query-input\":{\"@type\":\"PropertyValueSpecification\",\"valueRequired\":true,\"valueName\":\"search_term_string\"}}],\"inLanguage\":\"ro-RO\"},{\"@type\":\"Organization\",\"@id\":\"https:\/\/xstyle.md\/#organization\",\"name\":\"\u041c\u0430\u0433\u0430\u0437\u0438\u043d Xstyle\",\"alternateName\":\"x-style\",\"url\":\"https:\/\/xstyle.md\/\",\"logo\":{\"@type\":\"ImageObject\",\"inLanguage\":\"ro-RO\",\"@id\":\"https:\/\/xstyle.md\/#\/schema\/logo\/image\/\",\"url\":\"https:\/\/xstyle.md\/wp-content\/uploads\/2020\/06\/logoicon.svg\",\"contentUrl\":\"https:\/\/xstyle.md\/wp-content\/uploads\/2020\/06\/logoicon.svg\",\"caption\":\"\u041c\u0430\u0433\u0430\u0437\u0438\u043d Xstyle\"},\"image\":{\"@id\":\"https:\/\/xstyle.md\/#\/schema\/logo\/image\/\"},\"sameAs\":[\"https:\/\/www.facebook.com\/xstylemd\",\"https:\/\/www.instagram.com\/xstyle_md\/\",\"https:\/\/t.me\/xstyle_outdoor\"],\"hasMerchantReturnPolicy\":{\"@type\":\"MerchantReturnPolicy\",\"merchantReturnLink\":\"https:\/\/xstyle.md\/ro\/conditions\/\"}}]}<\/script>\n<meta property=\"product:price:amount\" content=\"2290.00\" \/>\n<meta property=\"product:price:currency\" content=\"MDL\" \/>\n<meta property=\"og:availability\" content=\"instock\" \/>\n<meta property=\"product:availability\" content=\"instock\" \/>\n<meta property=\"product:retailer_item_id\" content=\"3342540100572\" \/>\n<meta property=\"product:condition\" content=\"new\" \/>\n<!-- \/ Yoast SEO plugin. -->","yoast_head_json":{"title":"Ham Petzl AQUILA - Magazin Xstyle","description":"Deschide\u021bi noi orizonturi cu sistemul Petzl Aquila. Centura u\u0219oar\u0103 \u0219i confortabil\u0103 pentru alpinisti profesioni\u0219ti. Ideal\u0103 pentru escalad\u0103 \u0219i s\u0103li de antrenament.","robots":{"index":"index","follow":"follow","max-snippet":"max-snippet:-1","max-image-preview":"max-image-preview:large","max-video-preview":"max-video-preview:-1"},"canonical":"https:\/\/xstyle.md\/ro\/produs\/strahovochnaja-sistema-petzl-aqlila\/","og_locale":"ro_RO","og_type":"article","og_title":"\u0421\u0442\u0440\u0430\u0445\u043e\u0432\u043e\u0447\u043d\u0430\u044f \u0441\u0438\u0441\u0442\u0435\u043c\u0430 Petzl Aquila - \u041c\u0430\u0433\u0430\u0437\u0438\u043d Xstyle","og_description":"\u041e\u0442\u043a\u0440\u043e\u0439\u0442\u0435 \u043d\u043e\u0432\u044b\u0435 \u0433\u043e\u0440\u0438\u0437\u043e\u043d\u0442\u044b \u0441 \u0441\u0438\u0441\u0442\u0435\u043c\u043e\u0439 Petzl Aquila. \u041b\u0451\u0433\u043a\u0438\u0439 \u0438 \u0443\u0434\u043e\u0431\u043d\u044b\u0439 \u043f\u043e\u044f\u0441 \u0434\u043b\u044f \u043f\u0440\u043e\u0444\u0435\u0441\u0441\u0438\u043e\u043d\u0430\u043b\u044c\u043d\u044b\u0445 \u0430\u043b\u044c\u043f\u0438\u043d\u0438\u0441\u0442\u043e\u0432. \u0418\u0434\u0435\u0430\u043b\u0435\u043d \u0434\u043b\u044f \u0441\u043a\u0430\u043b\u043e\u043b\u0430\u0437\u0430\u043d\u0438\u044f \u0438 \u0442\u0440\u0435\u043d\u0430\u0436\u0435\u0440\u043d\u044b\u0445 \u0437\u0430\u043b\u043e\u0432.","og_url":"https:\/\/xstyle.md\/ro\/produs\/strahovochnaja-sistema-petzl-aqlila\/","og_site_name":"\u041c\u0430\u0433\u0430\u0437\u0438\u043d Xstyle","article_publisher":"https:\/\/www.facebook.com\/xstylemd","article_modified_time":"2026-03-19T13:33:42+00:00","og_image":[{"width":900,"height":900,"url":"https:\/\/xstyle.md\/wp-content\/uploads\/2020\/07\/gy.jpg","type":"image\/jpeg"}],"twitter_card":"summary_large_image","twitter_misc":{"Pre\u021b":"2.290&nbsp;MDL","Disponibilitate":"\u00cen stoc"},"schema":{"@context":"https:\/\/schema.org","@graph":[{"@type":"WebPage","@id":"https:\/\/xstyle.md\/product\/strahovochnaja-sistema-petzl-aqlila\/","url":"https:\/\/xstyle.md\/product\/strahovochnaja-sistema-petzl-aqlila\/","name":"Ham Petzl AQUILA - Magazin Xstyle","isPartOf":{"@id":"https:\/\/xstyle.md\/#website"},"primaryImageOfPage":{"@id":"https:\/\/xstyle.md\/product\/strahovochnaja-sistema-petzl-aqlila\/#primaryimage"},"image":{"@id":"https:\/\/xstyle.md\/product\/strahovochnaja-sistema-petzl-aqlila\/#primaryimage"},"thumbnailUrl":"https:\/\/xstyle.md\/wp-content\/uploads\/2020\/07\/gy.jpg","datePublished":"2020-07-16T19:01:54+00:00","dateModified":"2026-03-19T13:33:42+00:00","description":"Deschide\u021bi noi orizonturi cu sistemul Petzl Aquila. Centura u\u0219oar\u0103 \u0219i confortabil\u0103 pentru alpinisti profesioni\u0219ti. Ideal\u0103 pentru escalad\u0103 \u0219i s\u0103li de antrenament.","breadcrumb":{"@id":"https:\/\/xstyle.md\/product\/strahovochnaja-sistema-petzl-aqlila\/#breadcrumb"},"inLanguage":"ro-RO","potentialAction":[{"@type":"ReadAction","target":["https:\/\/xstyle.md\/product\/strahovochnaja-sistema-petzl-aqlila\/"]}]},{"@type":"ImageObject","inLanguage":"ro-RO","@id":"https:\/\/xstyle.md\/product\/strahovochnaja-sistema-petzl-aqlila\/#primaryimage","url":"https:\/\/xstyle.md\/wp-content\/uploads\/2020\/07\/gy.jpg","contentUrl":"https:\/\/xstyle.md\/wp-content\/uploads\/2020\/07\/gy.jpg","width":900,"height":900},{"@type":"BreadcrumbList","@id":"https:\/\/xstyle.md\/product\/strahovochnaja-sistema-petzl-aqlila\/#breadcrumb","itemListElement":[{"@type":"ListItem","position":1,"name":"\u0413\u043b\u0430\u0432\u043d\u0430\u044f \u0441\u0442\u0440\u0430\u043d\u0438\u0446\u0430","item":"https:\/\/xstyle.md\/"},{"@type":"ListItem","position":2,"name":"\u041c\u0430\u0433\u0430\u0437\u0438\u043d","item":"https:\/\/xstyle.md\/shop\/"},{"@type":"ListItem","position":3,"name":"\u0421\u0442\u0440\u0430\u0445\u043e\u0432\u043e\u0447\u043d\u0430\u044f \u0441\u0438\u0441\u0442\u0435\u043c\u0430 Petzl Aquila"}]},{"@type":"WebSite","@id":"https:\/\/xstyle.md\/#website","url":"https:\/\/xstyle.md\/","name":"Magazinul X-Style","description":"Echipamente pentru turism \u0219i sporturi extreme \u00een Moldova. Pre\u021buri, fotografii, caracteristici \u00een Moldova.","publisher":{"@id":"https:\/\/xstyle.md\/#organization"},"alternateName":"X-Style","potentialAction":[{"@type":"SearchAction","target":{"@type":"EntryPoint","urlTemplate":"https:\/\/xstyle.md\/?s={search_term_string}"},"query-input":{"@type":"PropertyValueSpecification","valueRequired":true,"valueName":"search_term_string"}}],"inLanguage":"ro-RO"},{"@type":"Organization","@id":"https:\/\/xstyle.md\/#organization","name":"Magazinul X-Style","alternateName":"x-style","url":"https:\/\/xstyle.md\/","logo":{"@type":"ImageObject","inLanguage":"ro-RO","@id":"https:\/\/xstyle.md\/#\/schema\/logo\/image\/","url":"https:\/\/xstyle.md\/wp-content\/uploads\/2020\/06\/logoicon.svg","contentUrl":"https:\/\/xstyle.md\/wp-content\/uploads\/2020\/06\/logoicon.svg","caption":"\u041c\u0430\u0433\u0430\u0437\u0438\u043d Xstyle"},"image":{"@id":"https:\/\/xstyle.md\/#\/schema\/logo\/image\/"},"sameAs":["https:\/\/www.facebook.com\/xstylemd","https:\/\/www.instagram.com\/xstyle_md\/","https:\/\/t.me\/xstyle_outdoor"],"hasMerchantReturnPolicy":{"@type":"MerchantReturnPolicy","merchantReturnLink":"https:\/\/xstyle.md\/ro\/conditions\/"}}]},"product_price_amount":"2290.00","product_price_currency":"MDL","og_availability":"instock","product_availability":"instock","product_retailer_item_id":"3342540100572","product_condition":"new"},"post_mailing_queue_ids":[],"_links":{"self":[{"href":"https:\/\/xstyle.md\/ro\/wp-json\/wp\/v2\/product\/6778","targetHints":{"allow":["GET"]}}],"collection":[{"href":"https:\/\/xstyle.md\/ro\/wp-json\/wp\/v2\/product"}],"about":[{"href":"https:\/\/xstyle.md\/ro\/wp-json\/wp\/v2\/types\/product"}],"replies":[{"embeddable":true,"href":"https:\/\/xstyle.md\/ro\/wp-json\/wp\/v2\/comments?post=6778"}],"wp:featuredmedia":[{"embeddable":true,"href":"https:\/\/xstyle.md\/ro\/wp-json\/wp\/v2\/media\/6777"}],"wp:attachment":[{"href":"https:\/\/xstyle.md\/ro\/wp-json\/wp\/v2\/media?parent=6778"}],"wp:term":[{"taxonomy":"product_brand","embeddable":true,"href":"https:\/\/xstyle.md\/ro\/wp-json\/wp\/v2\/product_brand?post=6778"},{"taxonomy":"product_cat","embeddable":true,"href":"https:\/\/xstyle.md\/ro\/wp-json\/wp\/v2\/product_cat?post=6778"},{"taxonomy":"product_tag","embeddable":true,"href":"https:\/\/xstyle.md\/ro\/wp-json\/wp\/v2\/product_tag?post=6778"}],"curies":[{"name":"wp","href":"https:\/\/api.w.org\/{rel}","templated":true}]}}