{"id":6775,"date":"2020-07-16T22:01:42","date_gmt":"2020-07-16T19:01:42","guid":{"rendered":"https:\/\/xstyle.md\/product\/karabin-petzl-vulcan-screw-lock"},"modified":"2026-03-14T21:47:28","modified_gmt":"2026-03-14T18:47:28","slug":"karabin-petzl-vulcan-screw-lock","status":"publish","type":"product","link":"https:\/\/xstyle.md\/ro\/produs\/karabin-petzl-vulcan-screw-lock\/","title":{"rendered":"Carabinier\u0103 Petzl Vulcan Screw-Lock"},"content":{"rendered":"<\/p>\n<p><strong>Petzl Vulcan Screw-Lock<\/strong> &#8212; un carabinier din o\u021bel de \u00eenalt\u0103 rezisten\u021b\u0103 conceput pentru utilizarea \u00een medii solicitante. Forma asimetric\u0103 \u0219i capacitatea mare sunt ideale pentru montarea mai multor dispozitive. Carabinierul Petzl Vulcan Screw-Lock este versiunea cu sistem de blocare cu ambreiaj manual. Carabinierul poate fi utilizat cu jumperul CAPTIV pentru a asigura pozi\u021bionarea de-a lungul axei principale.<\/p>\n<h3>Particularit\u0103\u021bi<\/h3>\n<p><strong>U\u0219or de manevrat:<\/strong><\/p>\n<ul>\n<li>forma aerodinamic\u0103 a carabinierului limiteaz\u0103 riscul unui punct de ag\u0103\u021bare \u0219i faciliteaz\u0103 rotirea acestuia.<\/li>\n<li>sistemul Keylock (z\u0103vor\u00e2re f\u0103r\u0103 c\u00e2rlig) \u00eempiedic\u0103 prinderea accidental\u0103 a carabinierului de alte echipamente.<\/li>\n<li>poate fi utilizat cu jumperul CAPTIV. Jumperul ajut\u0103 la distribuirea sarcinii pe carabinier de-a lungul axei principale, asigur\u0103 integrarea cu dispozitivul ata\u0219at \u0219i limiteaz\u0103 riscul de torsiune.<\/li>\n<\/ul>\n<p><strong>Profil H:\u00a0<\/strong><\/p>\n<ul>\n<li>raport optim \u00eentre greutate \u0219i rezisten\u021b\u0103<\/li>\n<li>protejeaz\u0103 marcajele \u00eempotriva abraziunii<\/li>\n<\/ul>\n<p>Versiunea SCREW-LOCK: cuplaj manual cu indicator ro\u0219u care avertizeaz\u0103 atunci c\u00e2nd cuplajul nu este \u00eenchis.<\/p>\n<h3>Caracteristici<\/h3>\n<ul>\n<li>Greutate &#8212; 235 g<\/li>\n<li>Material &#8212; o\u021bel<\/li>\n<li>Rezisten\u021ba axei principale &#8212; 48 kN<\/li>\n<li>Rezisten\u021ba axei transversale &#8212; 16 kN<\/li>\n<li>Rezisten\u021ba cu z\u0103vorul deschis &#8212; 18 kN<\/li>\n<li>L\u0103\u021bimea deschiderii &#8212; 29 mm<\/li>\n<li>Certificare &#8212; CE EN 362, NFPA 1983 General Use<\/li>\n<\/ul>\n<h3>Marca<\/h3>\n<p>PETZL este un brand de renume mondial care produce echipamente specializate pentru alpinism, speologie, escalad\u0103 \u0219i alpinism industrial. Compania a fost fondat\u0103 de Fernand Petzel, un om pasionat de speologie de o via\u021b\u0103 \u00eentreag\u0103. La mijlocul anilor 1970, pasiunea sa \u0219i afacerea de familie au crescut \u00een ceva mai mult. Fernand a \u00eenceput s\u0103 modifice dispozitivele existente utilizate \u00een speologie \u0219i apoi s\u0103 inventeze unele complet noi.<\/p>\n<p>Gama de produse a companiei s-a extins c\u0103tre iluminat, deoarece \u00een \u00eentunericul pe\u0219terilor acesta este unul dintre cele mai importante echipamente necesare. Dup\u0103 speologie, PETZL a \u00eenceput s\u0103 creeze echipamente pentru alpini\u0219ti \u0219i alpini\u0219ti, iar apoi pentru lucrul la \u00een\u0103l\u021bime.<\/p>\n<p>Misiunea PETZL este de a crea instrumente inovatoare care s\u0103 le permit\u0103 b\u0103rba\u021bilor \u0219i femeilor s\u0103 ating\u0103 noi \u00een\u0103l\u021bimi pe vertical\u0103 \u0219i s\u0103 lumineze drumul \u00een \u00eentuneric. Compania se afl\u0103 \u00eentr-o c\u0103utare continu\u0103 a celei mai bune solu\u021bii \u00een toate domeniile de activitate. Performan\u021ba, ergonomia, confortul \u0219i, cel mai important, siguran\u021ba sunt cele mai importante criterii \u00een aceast\u0103 c\u0103utare. Accesul la ceea ce este inaccesibil sau &#171;atingerea a ceea ce este de neatins&#187; este motto-ul s\u0103u de lung\u0103 durat\u0103.<\/p>\n<p><\/p>","protected":false},"excerpt":{"rendered":"<p>Carabinier\u0103 Petzl Vulcan Screw-Lock<\/p>","protected":false},"featured_media":6774,"comment_status":"open","ping_status":"closed","template":"","meta":{"_acf_changed":false,"inline_featured_image":false},"product_brand":[1270],"product_cat":[158],"product_tag":[],"class_list":{"0":"post-6775","1":"product","2":"type-product","3":"status-publish","4":"has-post-thumbnail","6":"product_brand-petzl","7":"product_cat-connectors","9":"first","10":"instock","11":"shipping-taxable","12":"purchasable","13":"product-type-simple"},"acf":[],"yoast_head":"<!-- This site is optimized with the Yoast SEO plugin v27.4 - https:\/\/yoast.com\/product\/yoast-seo-wordpress\/ -->\n<title>\u041a\u0430\u0440\u0430\u0431\u0438\u043d Petzl Vulcan Screw-Lock - \u041c\u0430\u0433\u0430\u0437\u0438\u043d Xstyle<\/title>\n<meta name=\"description\" content=\"\u041a\u0430\u0440\u0430\u0431\u0438\u043d Petzl Vulcan Screw-Lock: \u043d\u0430\u0434\u0435\u0436\u043d\u044b\u0439 \u0438\u043d\u0441\u0442\u0440\u0443\u043c\u0435\u043d\u0442 \u0434\u043b\u044f \u044d\u043a\u0441\u0442\u0440\u0438\u043c\u0430. \u0421\u0438\u043b\u0430 48 \u043a\u041d, \u043f\u043e\u0434\u0445\u043e\u0434\u0438\u0442 \u0434\u043b\u044f \u043b\u044e\u0431\u044b\u0445 \u0437\u0430\u0434\u0430\u0447. \u0418\u0434\u0435\u0430\u043b\u0435\u043d \u0434\u043b\u044f \u0441\u043b\u043e\u0436\u043d\u044b\u0445 \u0443\u0441\u043b\u043e\u0432\u0438\u0439 \u0438\u0441\u043f\u043e\u043b\u044c\u0437\u043e\u0432\u0430\u043d\u0438\u044f.\" \/>\n<meta name=\"robots\" content=\"index, follow, max-snippet:-1, max-image-preview:large, max-video-preview:-1\" \/>\n<link rel=\"canonical\" href=\"https:\/\/xstyle.md\/ro\/produs\/karabin-petzl-vulcan-screw-lock\/\" \/>\n<meta property=\"og:locale\" content=\"ro_RO\" \/>\n<meta property=\"og:type\" content=\"article\" \/>\n<meta property=\"og:title\" content=\"\u041a\u0430\u0440\u0430\u0431\u0438\u043d Petzl Vulcan Screw-Lock - \u041c\u0430\u0433\u0430\u0437\u0438\u043d Xstyle\" \/>\n<meta property=\"og:description\" content=\"\u041a\u0430\u0440\u0430\u0431\u0438\u043d Petzl Vulcan Screw-Lock: \u043d\u0430\u0434\u0435\u0436\u043d\u044b\u0439 \u0438\u043d\u0441\u0442\u0440\u0443\u043c\u0435\u043d\u0442 \u0434\u043b\u044f \u044d\u043a\u0441\u0442\u0440\u0438\u043c\u0430. \u0421\u0438\u043b\u0430 48 \u043a\u041d, \u043f\u043e\u0434\u0445\u043e\u0434\u0438\u0442 \u0434\u043b\u044f \u043b\u044e\u0431\u044b\u0445 \u0437\u0430\u0434\u0430\u0447. \u0418\u0434\u0435\u0430\u043b\u0435\u043d \u0434\u043b\u044f \u0441\u043b\u043e\u0436\u043d\u044b\u0445 \u0443\u0441\u043b\u043e\u0432\u0438\u0439 \u0438\u0441\u043f\u043e\u043b\u044c\u0437\u043e\u0432\u0430\u043d\u0438\u044f.\" \/>\n<meta property=\"og:url\" content=\"https:\/\/xstyle.md\/ro\/produs\/karabin-petzl-vulcan-screw-lock\/\" \/>\n<meta property=\"og:site_name\" content=\"\u041c\u0430\u0433\u0430\u0437\u0438\u043d Xstyle\" \/>\n<meta property=\"article:publisher\" content=\"https:\/\/www.facebook.com\/xstylemd\" \/>\n<meta property=\"article:modified_time\" content=\"2026-03-14T18:47:28+00:00\" \/>\n<meta property=\"og:image\" content=\"https:\/\/xstyle.md\/wp-content\/uploads\/2020\/07\/petzl-vulcan-screw-lock-carabiner.jpg\" \/>\n\t<meta property=\"og:image:width\" content=\"1100\" \/>\n\t<meta property=\"og:image:height\" content=\"1100\" \/>\n\t<meta property=\"og:image:type\" content=\"image\/jpeg\" \/>\n<meta name=\"twitter:card\" content=\"summary_large_image\" \/>\n<meta name=\"twitter:label1\" content=\"Pre\u021b\" \/>\n\t<meta name=\"twitter:data1\" content=\"595&nbsp;MDL\" \/>\n\t<meta name=\"twitter:label2\" content=\"Disponibilitate\" \/>\n\t<meta name=\"twitter:data2\" content=\"\u00cen stoc\" \/>\n<script type=\"application\/ld+json\" class=\"yoast-schema-graph\">{\"@context\":\"https:\\\/\\\/schema.org\",\"@graph\":[{\"@type\":\"WebPage\",\"@id\":\"https:\\\/\\\/xstyle.md\\\/product\\\/karabin-petzl-vulcan-screw-lock\\\/\",\"url\":\"https:\\\/\\\/xstyle.md\\\/product\\\/karabin-petzl-vulcan-screw-lock\\\/\",\"name\":\"\u041a\u0430\u0440\u0430\u0431\u0438\u043d Petzl Vulcan Screw-Lock - \u041c\u0430\u0433\u0430\u0437\u0438\u043d Xstyle\",\"isPartOf\":{\"@id\":\"https:\\\/\\\/xstyle.md\\\/#website\"},\"primaryImageOfPage\":{\"@id\":\"https:\\\/\\\/xstyle.md\\\/product\\\/karabin-petzl-vulcan-screw-lock\\\/#primaryimage\"},\"image\":{\"@id\":\"https:\\\/\\\/xstyle.md\\\/product\\\/karabin-petzl-vulcan-screw-lock\\\/#primaryimage\"},\"thumbnailUrl\":\"https:\\\/\\\/xstyle.md\\\/wp-content\\\/uploads\\\/2020\\\/07\\\/petzl-vulcan-screw-lock-carabiner.jpg\",\"datePublished\":\"2020-07-16T19:01:42+00:00\",\"dateModified\":\"2026-03-14T18:47:28+00:00\",\"description\":\"\u041a\u0430\u0440\u0430\u0431\u0438\u043d Petzl Vulcan Screw-Lock: \u043d\u0430\u0434\u0435\u0436\u043d\u044b\u0439 \u0438\u043d\u0441\u0442\u0440\u0443\u043c\u0435\u043d\u0442 \u0434\u043b\u044f \u044d\u043a\u0441\u0442\u0440\u0438\u043c\u0430. \u0421\u0438\u043b\u0430 48 \u043a\u041d, \u043f\u043e\u0434\u0445\u043e\u0434\u0438\u0442 \u0434\u043b\u044f \u043b\u044e\u0431\u044b\u0445 \u0437\u0430\u0434\u0430\u0447. \u0418\u0434\u0435\u0430\u043b\u0435\u043d \u0434\u043b\u044f \u0441\u043b\u043e\u0436\u043d\u044b\u0445 \u0443\u0441\u043b\u043e\u0432\u0438\u0439 \u0438\u0441\u043f\u043e\u043b\u044c\u0437\u043e\u0432\u0430\u043d\u0438\u044f.\",\"breadcrumb\":{\"@id\":\"https:\\\/\\\/xstyle.md\\\/product\\\/karabin-petzl-vulcan-screw-lock\\\/#breadcrumb\"},\"inLanguage\":\"ro-RO\",\"potentialAction\":[{\"@type\":\"ReadAction\",\"target\":[\"https:\\\/\\\/xstyle.md\\\/product\\\/karabin-petzl-vulcan-screw-lock\\\/\"]}]},{\"@type\":\"ImageObject\",\"inLanguage\":\"ro-RO\",\"@id\":\"https:\\\/\\\/xstyle.md\\\/product\\\/karabin-petzl-vulcan-screw-lock\\\/#primaryimage\",\"url\":\"https:\\\/\\\/xstyle.md\\\/wp-content\\\/uploads\\\/2020\\\/07\\\/petzl-vulcan-screw-lock-carabiner.jpg\",\"contentUrl\":\"https:\\\/\\\/xstyle.md\\\/wp-content\\\/uploads\\\/2020\\\/07\\\/petzl-vulcan-screw-lock-carabiner.jpg\",\"width\":1100,\"height\":1100},{\"@type\":\"BreadcrumbList\",\"@id\":\"https:\\\/\\\/xstyle.md\\\/product\\\/karabin-petzl-vulcan-screw-lock\\\/#breadcrumb\",\"itemListElement\":[{\"@type\":\"ListItem\",\"position\":1,\"name\":\"\u0413\u043b\u0430\u0432\u043d\u0430\u044f \u0441\u0442\u0440\u0430\u043d\u0438\u0446\u0430\",\"item\":\"https:\\\/\\\/xstyle.md\\\/\"},{\"@type\":\"ListItem\",\"position\":2,\"name\":\"\u041c\u0430\u0433\u0430\u0437\u0438\u043d\",\"item\":\"https:\\\/\\\/xstyle.md\\\/shop\\\/\"},{\"@type\":\"ListItem\",\"position\":3,\"name\":\"\u041a\u0430\u0440\u0430\u0431\u0438\u043d Petzl Vulcan Screw-Lock\"}]},{\"@type\":\"WebSite\",\"@id\":\"https:\\\/\\\/xstyle.md\\\/#website\",\"url\":\"https:\\\/\\\/xstyle.md\\\/\",\"name\":\"\u041c\u0430\u0433\u0430\u0437\u0438\u043d Xstyle\",\"description\":\"C\u043d\u0430\u0440\u044f\u0436\u0435\u043d\u0438\u0435 \u0434\u043b\u044f \u0442\u0443\u0440\u0438\u0437\u043c\u0430 \u0438 \u044d\u043a\u0441\u0442\u0440\u0435\u043c\u0430\u043b\u044c\u043d\u044b\u0445 \u0432\u0438\u0434\u043e\u0432 \u0441\u043f\u043e\u0440\u0442\u0430 \u0432 \u041c\u043e\u043b\u0434\u043e\u0432\u0435.. \u0426\u0435\u043d\u044b, \u0444\u043e\u0442\u043e, \u0445\u0430\u0440\u0430\u043a\u0442\u0435\u0440\u0438\u0441\u0442\u0438\u043a\u0438 \u0432 \u041c\u043e\u043b\u0434\u043e\u0432\u0435.\",\"publisher\":{\"@id\":\"https:\\\/\\\/xstyle.md\\\/#organization\"},\"alternateName\":\"X-Style\",\"potentialAction\":[{\"@type\":\"SearchAction\",\"target\":{\"@type\":\"EntryPoint\",\"urlTemplate\":\"https:\\\/\\\/xstyle.md\\\/?s={search_term_string}\"},\"query-input\":{\"@type\":\"PropertyValueSpecification\",\"valueRequired\":true,\"valueName\":\"search_term_string\"}}],\"inLanguage\":\"ro-RO\"},{\"@type\":\"Organization\",\"@id\":\"https:\\\/\\\/xstyle.md\\\/#organization\",\"name\":\"\u041c\u0430\u0433\u0430\u0437\u0438\u043d Xstyle\",\"alternateName\":\"x-style\",\"url\":\"https:\\\/\\\/xstyle.md\\\/\",\"logo\":{\"@type\":\"ImageObject\",\"inLanguage\":\"ro-RO\",\"@id\":\"https:\\\/\\\/xstyle.md\\\/#\\\/schema\\\/logo\\\/image\\\/\",\"url\":\"https:\\\/\\\/xstyle.md\\\/wp-content\\\/uploads\\\/2020\\\/06\\\/logoicon.svg\",\"contentUrl\":\"https:\\\/\\\/xstyle.md\\\/wp-content\\\/uploads\\\/2020\\\/06\\\/logoicon.svg\",\"caption\":\"\u041c\u0430\u0433\u0430\u0437\u0438\u043d Xstyle\"},\"image\":{\"@id\":\"https:\\\/\\\/xstyle.md\\\/#\\\/schema\\\/logo\\\/image\\\/\"},\"sameAs\":[\"https:\\\/\\\/www.facebook.com\\\/xstylemd\",\"https:\\\/\\\/www.instagram.com\\\/xstyle_md\\\/\",\"https:\\\/\\\/t.me\\\/xstyle_outdoor\"],\"hasMerchantReturnPolicy\":{\"@type\":\"MerchantReturnPolicy\",\"merchantReturnLink\":\"https:\\\/\\\/xstyle.md\\\/ro\\\/conditions\\\/\"}}]}<\/script>\n<meta property=\"product:price:amount\" content=\"595.00\" \/>\n<meta property=\"product:price:currency\" content=\"MDL\" \/>\n<meta property=\"og:availability\" content=\"instock\" \/>\n<meta property=\"product:availability\" content=\"instock\" \/>\n<meta property=\"product:retailer_item_id\" content=\"3342540085336\" \/>\n<meta property=\"product:condition\" content=\"new\" \/>\n<!-- \/ Yoast SEO plugin. -->","yoast_head_json":{"title":"Carabinier\u0103 Petzl VULCAN SCREW-LOCK - Magazin Xstyle","description":"Carabinier Petzl Vulcan Screw-Lock: un instrument de \u00eencredere pentru extreme. For\u021ba de 48 kN, se potrive\u0219te pentru orice sarcin\u0103. Ideal pentru condi\u021bii de utilizare dificile.","robots":{"index":"index","follow":"follow","max-snippet":"max-snippet:-1","max-image-preview":"max-image-preview:large","max-video-preview":"max-video-preview:-1"},"canonical":"https:\/\/xstyle.md\/ro\/produs\/karabin-petzl-vulcan-screw-lock\/","og_locale":"ro_RO","og_type":"article","og_title":"\u041a\u0430\u0440\u0430\u0431\u0438\u043d Petzl Vulcan Screw-Lock - \u041c\u0430\u0433\u0430\u0437\u0438\u043d Xstyle","og_description":"\u041a\u0430\u0440\u0430\u0431\u0438\u043d Petzl Vulcan Screw-Lock: \u043d\u0430\u0434\u0435\u0436\u043d\u044b\u0439 \u0438\u043d\u0441\u0442\u0440\u0443\u043c\u0435\u043d\u0442 \u0434\u043b\u044f \u044d\u043a\u0441\u0442\u0440\u0438\u043c\u0430. \u0421\u0438\u043b\u0430 48 \u043a\u041d, \u043f\u043e\u0434\u0445\u043e\u0434\u0438\u0442 \u0434\u043b\u044f \u043b\u044e\u0431\u044b\u0445 \u0437\u0430\u0434\u0430\u0447. \u0418\u0434\u0435\u0430\u043b\u0435\u043d \u0434\u043b\u044f \u0441\u043b\u043e\u0436\u043d\u044b\u0445 \u0443\u0441\u043b\u043e\u0432\u0438\u0439 \u0438\u0441\u043f\u043e\u043b\u044c\u0437\u043e\u0432\u0430\u043d\u0438\u044f.","og_url":"https:\/\/xstyle.md\/ro\/produs\/karabin-petzl-vulcan-screw-lock\/","og_site_name":"\u041c\u0430\u0433\u0430\u0437\u0438\u043d Xstyle","article_publisher":"https:\/\/www.facebook.com\/xstylemd","article_modified_time":"2026-03-14T18:47:28+00:00","og_image":[{"width":1100,"height":1100,"url":"https:\/\/xstyle.md\/wp-content\/uploads\/2020\/07\/petzl-vulcan-screw-lock-carabiner.jpg","type":"image\/jpeg"}],"twitter_card":"summary_large_image","twitter_misc":{"Pre\u021b":"595&nbsp;MDL","Disponibilitate":"\u00cen stoc"},"schema":{"@context":"https:\/\/schema.org","@graph":[{"@type":"WebPage","@id":"https:\/\/xstyle.md\/product\/karabin-petzl-vulcan-screw-lock\/","url":"https:\/\/xstyle.md\/product\/karabin-petzl-vulcan-screw-lock\/","name":"Carabinier\u0103 Petzl VULCAN SCREW-LOCK - Magazin Xstyle","isPartOf":{"@id":"https:\/\/xstyle.md\/#website"},"primaryImageOfPage":{"@id":"https:\/\/xstyle.md\/product\/karabin-petzl-vulcan-screw-lock\/#primaryimage"},"image":{"@id":"https:\/\/xstyle.md\/product\/karabin-petzl-vulcan-screw-lock\/#primaryimage"},"thumbnailUrl":"https:\/\/xstyle.md\/wp-content\/uploads\/2020\/07\/petzl-vulcan-screw-lock-carabiner.jpg","datePublished":"2020-07-16T19:01:42+00:00","dateModified":"2026-03-14T18:47:28+00:00","description":"Carabinier Petzl Vulcan Screw-Lock: un instrument de \u00eencredere pentru extreme. For\u021ba de 48 kN, se potrive\u0219te pentru orice sarcin\u0103. Ideal pentru condi\u021bii de utilizare dificile.","breadcrumb":{"@id":"https:\/\/xstyle.md\/product\/karabin-petzl-vulcan-screw-lock\/#breadcrumb"},"inLanguage":"ro-RO","potentialAction":[{"@type":"ReadAction","target":["https:\/\/xstyle.md\/product\/karabin-petzl-vulcan-screw-lock\/"]}]},{"@type":"ImageObject","inLanguage":"ro-RO","@id":"https:\/\/xstyle.md\/product\/karabin-petzl-vulcan-screw-lock\/#primaryimage","url":"https:\/\/xstyle.md\/wp-content\/uploads\/2020\/07\/petzl-vulcan-screw-lock-carabiner.jpg","contentUrl":"https:\/\/xstyle.md\/wp-content\/uploads\/2020\/07\/petzl-vulcan-screw-lock-carabiner.jpg","width":1100,"height":1100},{"@type":"BreadcrumbList","@id":"https:\/\/xstyle.md\/product\/karabin-petzl-vulcan-screw-lock\/#breadcrumb","itemListElement":[{"@type":"ListItem","position":1,"name":"\u0413\u043b\u0430\u0432\u043d\u0430\u044f \u0441\u0442\u0440\u0430\u043d\u0438\u0446\u0430","item":"https:\/\/xstyle.md\/"},{"@type":"ListItem","position":2,"name":"\u041c\u0430\u0433\u0430\u0437\u0438\u043d","item":"https:\/\/xstyle.md\/shop\/"},{"@type":"ListItem","position":3,"name":"\u041a\u0430\u0440\u0430\u0431\u0438\u043d Petzl Vulcan Screw-Lock"}]},{"@type":"WebSite","@id":"https:\/\/xstyle.md\/#website","url":"https:\/\/xstyle.md\/","name":"Magazinul X-Style","description":"Echipamente pentru turism \u0219i sporturi extreme \u00een Moldova. Pre\u021buri, fotografii, caracteristici \u00een Moldova.","publisher":{"@id":"https:\/\/xstyle.md\/#organization"},"alternateName":"X-Style","potentialAction":[{"@type":"SearchAction","target":{"@type":"EntryPoint","urlTemplate":"https:\/\/xstyle.md\/?s={search_term_string}"},"query-input":{"@type":"PropertyValueSpecification","valueRequired":true,"valueName":"search_term_string"}}],"inLanguage":"ro-RO"},{"@type":"Organization","@id":"https:\/\/xstyle.md\/#organization","name":"Magazinul X-Style","alternateName":"x-style","url":"https:\/\/xstyle.md\/","logo":{"@type":"ImageObject","inLanguage":"ro-RO","@id":"https:\/\/xstyle.md\/#\/schema\/logo\/image\/","url":"https:\/\/xstyle.md\/wp-content\/uploads\/2020\/06\/logoicon.svg","contentUrl":"https:\/\/xstyle.md\/wp-content\/uploads\/2020\/06\/logoicon.svg","caption":"\u041c\u0430\u0433\u0430\u0437\u0438\u043d Xstyle"},"image":{"@id":"https:\/\/xstyle.md\/#\/schema\/logo\/image\/"},"sameAs":["https:\/\/www.facebook.com\/xstylemd","https:\/\/www.instagram.com\/xstyle_md\/","https:\/\/t.me\/xstyle_outdoor"],"hasMerchantReturnPolicy":{"@type":"MerchantReturnPolicy","merchantReturnLink":"https:\/\/xstyle.md\/ro\/conditions\/"}}]},"product_price_amount":"595.00","product_price_currency":"MDL","og_availability":"instock","product_availability":"instock","product_retailer_item_id":"3342540085336","product_condition":"new"},"_links":{"self":[{"href":"https:\/\/xstyle.md\/ro\/wp-json\/wp\/v2\/product\/6775","targetHints":{"allow":["GET"]}}],"collection":[{"href":"https:\/\/xstyle.md\/ro\/wp-json\/wp\/v2\/product"}],"about":[{"href":"https:\/\/xstyle.md\/ro\/wp-json\/wp\/v2\/types\/product"}],"replies":[{"embeddable":true,"href":"https:\/\/xstyle.md\/ro\/wp-json\/wp\/v2\/comments?post=6775"}],"wp:featuredmedia":[{"embeddable":true,"href":"https:\/\/xstyle.md\/ro\/wp-json\/wp\/v2\/media\/6774"}],"wp:attachment":[{"href":"https:\/\/xstyle.md\/ro\/wp-json\/wp\/v2\/media?parent=6775"}],"wp:term":[{"taxonomy":"product_brand","embeddable":true,"href":"https:\/\/xstyle.md\/ro\/wp-json\/wp\/v2\/product_brand?post=6775"},{"taxonomy":"product_cat","embeddable":true,"href":"https:\/\/xstyle.md\/ro\/wp-json\/wp\/v2\/product_cat?post=6775"},{"taxonomy":"product_tag","embeddable":true,"href":"https:\/\/xstyle.md\/ro\/wp-json\/wp\/v2\/product_tag?post=6775"}],"curies":[{"name":"wp","href":"https:\/\/api.w.org\/{rel}","templated":true}]}}