{"id":6760,"date":"2020-07-16T22:00:54","date_gmt":"2020-07-16T19:00:54","guid":{"rendered":"https:\/\/xstyle.md\/?post_type=product&#038;p=6760"},"modified":"2025-08-25T00:05:14","modified_gmt":"2025-08-24T21:05:14","slug":"pila-fiskars-garden-saw-sw75","status":"publish","type":"product","link":"https:\/\/xstyle.md\/ro\/produs\/pila-fiskars-garden-saw-sw75\/","title":{"rendered":"Fier\u0103str\u0103u Fiskars Garden Saw SW75"},"content":{"rendered":"<\/p>\n<p><strong>Fier\u0103str\u0103u Fiskars Garden Saw SW75 &#8212;\u00a0<\/strong>lucreaz\u0103 \u00een mod eficient cu lemnul proasp\u0103t. Fiskars Xtract\u2122 retractable saws are a great addition to the Fiskars Xseries\u2122 axes. Fiskars Xtract\u2122 saws are designed for cutting and trimming fresh wood. The retractable blade and belt clip make the saw as safe and comfortable as possible when moving around the garden with the tool in your hand as well as when working.<\/p>\n<h3>Particularit\u0103\u021bi<\/h3>\n<ul>\n<li>Eficient pentru t\u0103ierea lemnului proasp\u0103t<\/li>\n<li>Design nou cu clem\u0103 de centur\u0103 care se retrage \u00een timpul func\u021bion\u0103rii<\/li>\n<li>M\u00e2nerul SoftGriptm asigur\u0103 o prindere sigur\u0103<\/li>\n<li>Degetele sunt protejate \u00eempotriva alunec\u0103rii pe lam\u0103<\/li>\n<li>T\u0103iere invers\u0103<\/li>\n<\/ul>\n<h3>Caracteristici<\/h3>\n<ul>\n<li>Capacitate de t\u0103iere &#8212; 220 mm<\/li>\n<li>Lungime total\u0103 &#8212; 330 mm<\/li>\n<li>L\u0103\u021bime &#8212; 65 mm<\/li>\n<li>Greutate &#8212; 230 g<\/li>\n<\/ul>\n<h3>Marca<\/h3>\n<p>Timp de trei secole \u0219i jum\u0103tate, Fiskars a fost unul dintre cei mai importan\u021bi produc\u0103tori de diverse unelte din fier forjat, font\u0103 \u0219i metal. Pornind de la o produc\u021bie artizanal\u0103 \u00eentr-un mic sat din Finlanda, compania a crescut \u0219i a devenit o imens\u0103 corpora\u021bie multina\u021bional\u0103 cu birouri pe patru continente. Ast\u0103zi, produc\u0103torul r\u0103m\u00e2ne lider \u00een produc\u021bia de unelte de gr\u0103din\u0103 \u0219i o varietate de produse pentru activit\u0103\u021bi agricole.<\/p>\n<p><\/p>","protected":false},"excerpt":{"rendered":"<p>Fier\u0103str\u0103u Fiskars Garden Saw SW75<\/p>","protected":false},"featured_media":6759,"comment_status":"open","ping_status":"closed","template":"","meta":{"_acf_changed":false,"inline_featured_image":false},"product_brand":[1264],"product_cat":[357],"product_tag":[],"class_list":{"0":"post-6760","1":"product","2":"type-product","3":"status-publish","4":"has-post-thumbnail","6":"product_brand-fiskars","7":"product_cat-instrumenti","9":"first","10":"instock","11":"shipping-taxable","12":"purchasable","13":"product-type-simple"},"acf":[],"yoast_head":"<!-- This site is optimized with the Yoast SEO plugin v27.2 - https:\/\/yoast.com\/product\/yoast-seo-wordpress\/ -->\n<title>\u041f\u0438\u043b\u0430 Fiskars Garden Saw SW75 - \u041c\u0430\u0433\u0430\u0437\u0438\u043d Xstyle<\/title>\n<meta name=\"description\" content=\"\u041f\u0438\u043b\u0430 Fiskars Garden Saw SW75 \u0438\u0434\u0435\u0430\u043b\u044c\u043d\u043e \u043f\u043e\u0434\u0445\u043e\u0434\u0438\u0442 \u0434\u043b\u044f \u043d\u0430\u0440\u0435\u0437\u043a\u0438 \u0441\u0432\u0435\u0436\u0435\u0433\u043e \u0434\u0435\u0440\u0435\u0432\u0430. \u041a\u043e\u043c\u043f\u0430\u043a\u0442\u043d\u044b\u0439 \u0434\u0438\u0437\u0430\u0439\u043d, \u0441\u043c\u0435\u043d\u043d\u043e\u0435 \u043b\u0435\u0437\u0432\u0438\u0435 \u0438 \u043c\u044f\u0433\u043a\u0430\u044f \u0440\u0443\u0447\u043a\u0430 \u0434\u043b\u044f \u043a\u043e\u043c\u0444\u043e\u0440\u0442\u043d\u043e\u0439 \u0440\u0430\u0431\u043e\u0442\u044b!\" \/>\n<meta name=\"robots\" content=\"index, follow, max-snippet:-1, max-image-preview:large, max-video-preview:-1\" \/>\n<link rel=\"canonical\" href=\"https:\/\/xstyle.md\/ro\/produs\/pila-fiskars-garden-saw-sw75\/\" \/>\n<meta property=\"og:locale\" content=\"ro_RO\" \/>\n<meta property=\"og:type\" content=\"article\" \/>\n<meta property=\"og:title\" content=\"\u041f\u0438\u043b\u0430 Fiskars Garden Saw SW75 - \u041c\u0430\u0433\u0430\u0437\u0438\u043d Xstyle\" \/>\n<meta property=\"og:description\" content=\"\u041f\u0438\u043b\u0430 Fiskars Garden Saw SW75 \u0438\u0434\u0435\u0430\u043b\u044c\u043d\u043e \u043f\u043e\u0434\u0445\u043e\u0434\u0438\u0442 \u0434\u043b\u044f \u043d\u0430\u0440\u0435\u0437\u043a\u0438 \u0441\u0432\u0435\u0436\u0435\u0433\u043e \u0434\u0435\u0440\u0435\u0432\u0430. \u041a\u043e\u043c\u043f\u0430\u043a\u0442\u043d\u044b\u0439 \u0434\u0438\u0437\u0430\u0439\u043d, \u0441\u043c\u0435\u043d\u043d\u043e\u0435 \u043b\u0435\u0437\u0432\u0438\u0435 \u0438 \u043c\u044f\u0433\u043a\u0430\u044f \u0440\u0443\u0447\u043a\u0430 \u0434\u043b\u044f \u043a\u043e\u043c\u0444\u043e\u0440\u0442\u043d\u043e\u0439 \u0440\u0430\u0431\u043e\u0442\u044b!\" \/>\n<meta property=\"og:url\" content=\"https:\/\/xstyle.md\/ro\/produs\/pila-fiskars-garden-saw-sw75\/\" \/>\n<meta property=\"og:site_name\" content=\"\u041c\u0430\u0433\u0430\u0437\u0438\u043d Xstyle\" \/>\n<meta property=\"article:publisher\" content=\"https:\/\/www.facebook.com\/xstylemd\" \/>\n<meta property=\"article:modified_time\" content=\"2025-08-24T21:05:14+00:00\" \/>\n<meta property=\"og:image\" content=\"https:\/\/xstyle.md\/wp-content\/uploads\/2020\/07\/fiskars-xtract-garden-saw-l-sw75-1000614.jpg\" \/>\n\t<meta property=\"og:image:width\" content=\"1110\" \/>\n\t<meta property=\"og:image:height\" content=\"1110\" \/>\n\t<meta property=\"og:image:type\" content=\"image\/jpeg\" \/>\n<meta name=\"twitter:card\" content=\"summary_large_image\" \/>\n<meta name=\"twitter:label1\" content=\"Pre\u021b\" \/>\n\t<meta name=\"twitter:data1\" content=\"1.195&nbsp;MDL\" \/>\n\t<meta name=\"twitter:label2\" content=\"Disponibilitate\" \/>\n\t<meta name=\"twitter:data2\" content=\"\u00cen stoc\" \/>\n<script type=\"application\/ld+json\" class=\"yoast-schema-graph\">{\"@context\":\"https:\/\/schema.org\",\"@graph\":[{\"@type\":\"WebPage\",\"@id\":\"https:\/\/xstyle.md\/product\/pila-fiskars-garden-saw-sw75\/\",\"url\":\"https:\/\/xstyle.md\/product\/pila-fiskars-garden-saw-sw75\/\",\"name\":\"\u041f\u0438\u043b\u0430 Fiskars Garden Saw SW75 - \u041c\u0430\u0433\u0430\u0437\u0438\u043d Xstyle\",\"isPartOf\":{\"@id\":\"https:\/\/xstyle.md\/#website\"},\"primaryImageOfPage\":{\"@id\":\"https:\/\/xstyle.md\/product\/pila-fiskars-garden-saw-sw75\/#primaryimage\"},\"image\":{\"@id\":\"https:\/\/xstyle.md\/product\/pila-fiskars-garden-saw-sw75\/#primaryimage\"},\"thumbnailUrl\":\"https:\/\/xstyle.md\/wp-content\/uploads\/2020\/07\/fiskars-xtract-garden-saw-l-sw75-1000614.jpg\",\"datePublished\":\"2020-07-16T19:00:54+00:00\",\"dateModified\":\"2025-08-24T21:05:14+00:00\",\"description\":\"\u041f\u0438\u043b\u0430 Fiskars Garden Saw SW75 \u0438\u0434\u0435\u0430\u043b\u044c\u043d\u043e \u043f\u043e\u0434\u0445\u043e\u0434\u0438\u0442 \u0434\u043b\u044f \u043d\u0430\u0440\u0435\u0437\u043a\u0438 \u0441\u0432\u0435\u0436\u0435\u0433\u043e \u0434\u0435\u0440\u0435\u0432\u0430. \u041a\u043e\u043c\u043f\u0430\u043a\u0442\u043d\u044b\u0439 \u0434\u0438\u0437\u0430\u0439\u043d, \u0441\u043c\u0435\u043d\u043d\u043e\u0435 \u043b\u0435\u0437\u0432\u0438\u0435 \u0438 \u043c\u044f\u0433\u043a\u0430\u044f \u0440\u0443\u0447\u043a\u0430 \u0434\u043b\u044f \u043a\u043e\u043c\u0444\u043e\u0440\u0442\u043d\u043e\u0439 \u0440\u0430\u0431\u043e\u0442\u044b!\",\"breadcrumb\":{\"@id\":\"https:\/\/xstyle.md\/product\/pila-fiskars-garden-saw-sw75\/#breadcrumb\"},\"inLanguage\":\"ro-RO\",\"potentialAction\":[{\"@type\":\"ReadAction\",\"target\":[\"https:\/\/xstyle.md\/product\/pila-fiskars-garden-saw-sw75\/\"]}]},{\"@type\":\"ImageObject\",\"inLanguage\":\"ro-RO\",\"@id\":\"https:\/\/xstyle.md\/product\/pila-fiskars-garden-saw-sw75\/#primaryimage\",\"url\":\"https:\/\/xstyle.md\/wp-content\/uploads\/2020\/07\/fiskars-xtract-garden-saw-l-sw75-1000614.jpg\",\"contentUrl\":\"https:\/\/xstyle.md\/wp-content\/uploads\/2020\/07\/fiskars-xtract-garden-saw-l-sw75-1000614.jpg\",\"width\":1110,\"height\":1110},{\"@type\":\"BreadcrumbList\",\"@id\":\"https:\/\/xstyle.md\/product\/pila-fiskars-garden-saw-sw75\/#breadcrumb\",\"itemListElement\":[{\"@type\":\"ListItem\",\"position\":1,\"name\":\"\u0413\u043b\u0430\u0432\u043d\u0430\u044f \u0441\u0442\u0440\u0430\u043d\u0438\u0446\u0430\",\"item\":\"https:\/\/xstyle.md\/\"},{\"@type\":\"ListItem\",\"position\":2,\"name\":\"\u041c\u0430\u0433\u0430\u0437\u0438\u043d\",\"item\":\"https:\/\/xstyle.md\/shop\/\"},{\"@type\":\"ListItem\",\"position\":3,\"name\":\"\u041f\u0438\u043b\u0430 Fiskars Garden Saw SW75\"}]},{\"@type\":\"WebSite\",\"@id\":\"https:\/\/xstyle.md\/#website\",\"url\":\"https:\/\/xstyle.md\/\",\"name\":\"\u041c\u0430\u0433\u0430\u0437\u0438\u043d Xstyle\",\"description\":\"C\u043d\u0430\u0440\u044f\u0436\u0435\u043d\u0438\u0435 \u0434\u043b\u044f \u0442\u0443\u0440\u0438\u0437\u043c\u0430 \u0438 \u044d\u043a\u0441\u0442\u0440\u0435\u043c\u0430\u043b\u044c\u043d\u044b\u0445 \u0432\u0438\u0434\u043e\u0432 \u0441\u043f\u043e\u0440\u0442\u0430 \u0432 \u041c\u043e\u043b\u0434\u043e\u0432\u0435.. \u0426\u0435\u043d\u044b, \u0444\u043e\u0442\u043e, \u0445\u0430\u0440\u0430\u043a\u0442\u0435\u0440\u0438\u0441\u0442\u0438\u043a\u0438 \u0432 \u041c\u043e\u043b\u0434\u043e\u0432\u0435.\",\"publisher\":{\"@id\":\"https:\/\/xstyle.md\/#organization\"},\"alternateName\":\"X-Style\",\"potentialAction\":[{\"@type\":\"SearchAction\",\"target\":{\"@type\":\"EntryPoint\",\"urlTemplate\":\"https:\/\/xstyle.md\/?s={search_term_string}\"},\"query-input\":{\"@type\":\"PropertyValueSpecification\",\"valueRequired\":true,\"valueName\":\"search_term_string\"}}],\"inLanguage\":\"ro-RO\"},{\"@type\":\"Organization\",\"@id\":\"https:\/\/xstyle.md\/#organization\",\"name\":\"\u041c\u0430\u0433\u0430\u0437\u0438\u043d Xstyle\",\"alternateName\":\"x-style\",\"url\":\"https:\/\/xstyle.md\/\",\"logo\":{\"@type\":\"ImageObject\",\"inLanguage\":\"ro-RO\",\"@id\":\"https:\/\/xstyle.md\/#\/schema\/logo\/image\/\",\"url\":\"https:\/\/xstyle.md\/wp-content\/uploads\/2020\/06\/logoicon.svg\",\"contentUrl\":\"https:\/\/xstyle.md\/wp-content\/uploads\/2020\/06\/logoicon.svg\",\"caption\":\"\u041c\u0430\u0433\u0430\u0437\u0438\u043d Xstyle\"},\"image\":{\"@id\":\"https:\/\/xstyle.md\/#\/schema\/logo\/image\/\"},\"sameAs\":[\"https:\/\/www.facebook.com\/xstylemd\",\"https:\/\/www.instagram.com\/xstyle_md\/\",\"https:\/\/t.me\/xstyle_outdoor\"],\"hasMerchantReturnPolicy\":{\"@type\":\"MerchantReturnPolicy\",\"merchantReturnLink\":\"https:\/\/xstyle.md\/ro\/conditions\/\"}}]}<\/script>\n<meta property=\"product:price:amount\" content=\"1195.00\" \/>\n<meta property=\"product:price:currency\" content=\"MDL\" \/>\n<meta property=\"og:availability\" content=\"instock\" \/>\n<meta property=\"product:availability\" content=\"instock\" \/>\n<meta property=\"product:retailer_item_id\" content=\"6411501238801\" \/>\n<meta property=\"product:condition\" content=\"new\" \/>\n<!-- \/ Yoast SEO plugin. -->","yoast_head_json":{"title":"Fier\u0103str\u0103u Fiskars Garden Saw SW75 - Magazin Xstyle","description":"Pila Fiskars Garden Saw SW75 este perfect\u0103 pentru t\u0103ierea lemnului proasp\u0103t. Design compact, lam\u0103 interschimbabil\u0103 \u0219i m\u00e2ner moale pentru o utilizare confortabil\u0103!","robots":{"index":"index","follow":"follow","max-snippet":"max-snippet:-1","max-image-preview":"max-image-preview:large","max-video-preview":"max-video-preview:-1"},"canonical":"https:\/\/xstyle.md\/ro\/produs\/pila-fiskars-garden-saw-sw75\/","og_locale":"ro_RO","og_type":"article","og_title":"\u041f\u0438\u043b\u0430 Fiskars Garden Saw SW75 - \u041c\u0430\u0433\u0430\u0437\u0438\u043d Xstyle","og_description":"\u041f\u0438\u043b\u0430 Fiskars Garden Saw SW75 \u0438\u0434\u0435\u0430\u043b\u044c\u043d\u043e \u043f\u043e\u0434\u0445\u043e\u0434\u0438\u0442 \u0434\u043b\u044f \u043d\u0430\u0440\u0435\u0437\u043a\u0438 \u0441\u0432\u0435\u0436\u0435\u0433\u043e \u0434\u0435\u0440\u0435\u0432\u0430. \u041a\u043e\u043c\u043f\u0430\u043a\u0442\u043d\u044b\u0439 \u0434\u0438\u0437\u0430\u0439\u043d, \u0441\u043c\u0435\u043d\u043d\u043e\u0435 \u043b\u0435\u0437\u0432\u0438\u0435 \u0438 \u043c\u044f\u0433\u043a\u0430\u044f \u0440\u0443\u0447\u043a\u0430 \u0434\u043b\u044f \u043a\u043e\u043c\u0444\u043e\u0440\u0442\u043d\u043e\u0439 \u0440\u0430\u0431\u043e\u0442\u044b!","og_url":"https:\/\/xstyle.md\/ro\/produs\/pila-fiskars-garden-saw-sw75\/","og_site_name":"\u041c\u0430\u0433\u0430\u0437\u0438\u043d Xstyle","article_publisher":"https:\/\/www.facebook.com\/xstylemd","article_modified_time":"2025-08-24T21:05:14+00:00","og_image":[{"width":1110,"height":1110,"url":"https:\/\/xstyle.md\/wp-content\/uploads\/2020\/07\/fiskars-xtract-garden-saw-l-sw75-1000614.jpg","type":"image\/jpeg"}],"twitter_card":"summary_large_image","twitter_misc":{"Pre\u021b":"1.195&nbsp;MDL","Disponibilitate":"\u00cen stoc"},"schema":{"@context":"https:\/\/schema.org","@graph":[{"@type":"WebPage","@id":"https:\/\/xstyle.md\/product\/pila-fiskars-garden-saw-sw75\/","url":"https:\/\/xstyle.md\/product\/pila-fiskars-garden-saw-sw75\/","name":"Fier\u0103str\u0103u Fiskars Garden Saw SW75 - Magazin Xstyle","isPartOf":{"@id":"https:\/\/xstyle.md\/#website"},"primaryImageOfPage":{"@id":"https:\/\/xstyle.md\/product\/pila-fiskars-garden-saw-sw75\/#primaryimage"},"image":{"@id":"https:\/\/xstyle.md\/product\/pila-fiskars-garden-saw-sw75\/#primaryimage"},"thumbnailUrl":"https:\/\/xstyle.md\/wp-content\/uploads\/2020\/07\/fiskars-xtract-garden-saw-l-sw75-1000614.jpg","datePublished":"2020-07-16T19:00:54+00:00","dateModified":"2025-08-24T21:05:14+00:00","description":"Pila Fiskars Garden Saw SW75 este perfect\u0103 pentru t\u0103ierea lemnului proasp\u0103t. Design compact, lam\u0103 interschimbabil\u0103 \u0219i m\u00e2ner moale pentru o utilizare confortabil\u0103!","breadcrumb":{"@id":"https:\/\/xstyle.md\/product\/pila-fiskars-garden-saw-sw75\/#breadcrumb"},"inLanguage":"ro-RO","potentialAction":[{"@type":"ReadAction","target":["https:\/\/xstyle.md\/product\/pila-fiskars-garden-saw-sw75\/"]}]},{"@type":"ImageObject","inLanguage":"ro-RO","@id":"https:\/\/xstyle.md\/product\/pila-fiskars-garden-saw-sw75\/#primaryimage","url":"https:\/\/xstyle.md\/wp-content\/uploads\/2020\/07\/fiskars-xtract-garden-saw-l-sw75-1000614.jpg","contentUrl":"https:\/\/xstyle.md\/wp-content\/uploads\/2020\/07\/fiskars-xtract-garden-saw-l-sw75-1000614.jpg","width":1110,"height":1110},{"@type":"BreadcrumbList","@id":"https:\/\/xstyle.md\/product\/pila-fiskars-garden-saw-sw75\/#breadcrumb","itemListElement":[{"@type":"ListItem","position":1,"name":"\u0413\u043b\u0430\u0432\u043d\u0430\u044f \u0441\u0442\u0440\u0430\u043d\u0438\u0446\u0430","item":"https:\/\/xstyle.md\/"},{"@type":"ListItem","position":2,"name":"\u041c\u0430\u0433\u0430\u0437\u0438\u043d","item":"https:\/\/xstyle.md\/shop\/"},{"@type":"ListItem","position":3,"name":"\u041f\u0438\u043b\u0430 Fiskars Garden Saw SW75"}]},{"@type":"WebSite","@id":"https:\/\/xstyle.md\/#website","url":"https:\/\/xstyle.md\/","name":"Magazinul X-Style","description":"Echipamente pentru turism \u0219i sporturi extreme \u00een Moldova. Pre\u021buri, fotografii, caracteristici \u00een Moldova.","publisher":{"@id":"https:\/\/xstyle.md\/#organization"},"alternateName":"X-Style","potentialAction":[{"@type":"SearchAction","target":{"@type":"EntryPoint","urlTemplate":"https:\/\/xstyle.md\/?s={search_term_string}"},"query-input":{"@type":"PropertyValueSpecification","valueRequired":true,"valueName":"search_term_string"}}],"inLanguage":"ro-RO"},{"@type":"Organization","@id":"https:\/\/xstyle.md\/#organization","name":"Magazinul X-Style","alternateName":"x-style","url":"https:\/\/xstyle.md\/","logo":{"@type":"ImageObject","inLanguage":"ro-RO","@id":"https:\/\/xstyle.md\/#\/schema\/logo\/image\/","url":"https:\/\/xstyle.md\/wp-content\/uploads\/2020\/06\/logoicon.svg","contentUrl":"https:\/\/xstyle.md\/wp-content\/uploads\/2020\/06\/logoicon.svg","caption":"\u041c\u0430\u0433\u0430\u0437\u0438\u043d Xstyle"},"image":{"@id":"https:\/\/xstyle.md\/#\/schema\/logo\/image\/"},"sameAs":["https:\/\/www.facebook.com\/xstylemd","https:\/\/www.instagram.com\/xstyle_md\/","https:\/\/t.me\/xstyle_outdoor"],"hasMerchantReturnPolicy":{"@type":"MerchantReturnPolicy","merchantReturnLink":"https:\/\/xstyle.md\/ro\/conditions\/"}}]},"product_price_amount":"1195.00","product_price_currency":"MDL","og_availability":"instock","product_availability":"instock","product_retailer_item_id":"6411501238801","product_condition":"new"},"post_mailing_queue_ids":[],"_links":{"self":[{"href":"https:\/\/xstyle.md\/ro\/wp-json\/wp\/v2\/product\/6760","targetHints":{"allow":["GET"]}}],"collection":[{"href":"https:\/\/xstyle.md\/ro\/wp-json\/wp\/v2\/product"}],"about":[{"href":"https:\/\/xstyle.md\/ro\/wp-json\/wp\/v2\/types\/product"}],"replies":[{"embeddable":true,"href":"https:\/\/xstyle.md\/ro\/wp-json\/wp\/v2\/comments?post=6760"}],"wp:featuredmedia":[{"embeddable":true,"href":"https:\/\/xstyle.md\/ro\/wp-json\/wp\/v2\/media\/6759"}],"wp:attachment":[{"href":"https:\/\/xstyle.md\/ro\/wp-json\/wp\/v2\/media?parent=6760"}],"wp:term":[{"taxonomy":"product_brand","embeddable":true,"href":"https:\/\/xstyle.md\/ro\/wp-json\/wp\/v2\/product_brand?post=6760"},{"taxonomy":"product_cat","embeddable":true,"href":"https:\/\/xstyle.md\/ro\/wp-json\/wp\/v2\/product_cat?post=6760"},{"taxonomy":"product_tag","embeddable":true,"href":"https:\/\/xstyle.md\/ro\/wp-json\/wp\/v2\/product_tag?post=6760"}],"curies":[{"name":"wp","href":"https:\/\/api.w.org\/{rel}","templated":true}]}}