{"id":67561,"date":"2023-04-27T11:59:03","date_gmt":"2023-04-27T08:59:03","guid":{"rendered":"https:\/\/xstyle.md\/?post_type=product&#038;p=67561"},"modified":"2024-10-03T01:09:14","modified_gmt":"2024-10-02T22:09:14","slug":"komplekt-zashhity-spokey-rollerblade-evo-gear-3-pack-black","status":"publish","type":"product","link":"https:\/\/xstyle.md\/ro\/produs\/komplekt-zashhity-spokey-rollerblade-evo-gear-3-pack-black\/","title":{"rendered":"Set de protec\u021bie Spokey Rollerblade Evo Gear 3 Pack Black"},"content":{"rendered":"<\/p>\n<p><strong>Spokey Rollerblade Evo Gear 3 Pack Black<\/strong> &#8212; echipamentul de protec\u021bie Rollerblade, renumit la nivel mondial, este o alegere excelent\u0103 pentru \u00eencep\u0103tori \u0219i avansa\u021bi. De asemenea, poate fi folosit \u0219i la skateboarding.<\/p>\n<p>Echipamentul Rollerblade Evo Gear are o form\u0103 anatomic\u0103, este foarte confortabil \u0219i rezistent la mirosuri. Datorit\u0103 designului universal \u0219i gamei de dimensiuni, protec\u021bia este potrivit\u0103 at\u00e2t pentru b\u0103rba\u021bi, c\u00e2t \u0219i pentru femei. Acest set fiabil de protec\u021bie va preveni r\u0103nile grave \u0219i va ad\u0103uga \u00eencredere \u00een timpul mersului pe biciclet\u0103. Pl\u0103cile de impact \u0219i inser\u021biile de absorb\u021bie a \u0219ocurilor din genunchiere \u0219i cotiere absorb energia impactului \u00een timpul unei c\u0103z\u0103turi.<\/p>\n<p>V\u0103 rug\u0103m s\u0103 re\u021bine\u021bi c\u0103 protec\u021bia este mai m\u0103surat\u0103, a\u0219a c\u0103 v\u0103 recomand\u0103m s\u0103 consulta\u021bi managerii no\u0219tri cu privire la m\u0103rime.<\/p>\n<h3>Particularit\u0103\u021bi<\/h3>\n<ul>\n<li>Setul include: protec\u021bii pentru \u00eencheietura m\u00e2inii, cot \u0219i genunchi &#8212; un set esen\u021bial pentru rollerblader.<\/li>\n<li>Baza protec\u021biei este realizat\u0103 din material Coolmax \u0219i plas\u0103 respirabil\u0103, are o respirabilitate excelent\u0103 \u0219i elimin\u0103 eficient umezeala de pe corp.<\/li>\n<li>Design anatomic, potrivire sigur\u0103, separarea elementelor de protec\u021bie \u00een partea dreapt\u0103 \u0219i partea st\u00e2ng\u0103<\/li>\n<li>Sistem de fixare u\u0219oar\u0103 cu curele<\/li>\n<li>Protejeaz\u0103 \u00eempotriva abraziunilor, entorselor, luxa\u021biilor \u0219i entorselor provocate de c\u0103z\u0103turi.<\/li>\n<li>V\u00e2ndut \u00eentr-o hus\u0103 de marc\u0103 pentru depozitarea u\u0219oar\u0103 a protec\u021biei<\/li>\n<\/ul>\n<h3>Caracteristici<\/h3>\n<ul>\n<li>Material &#8212; plastic, EVA<\/li>\n<li>Destina\u021bie &#8212; patine cu rotile\/skateboard<\/li>\n<\/ul>\n<p><\/p>","protected":false},"excerpt":{"rendered":"","protected":false},"featured_media":68252,"comment_status":"open","ping_status":"closed","template":"","meta":{"_acf_changed":false,"inline_featured_image":false},"product_brand":[1425],"product_cat":[408],"product_tag":[],"class_list":{"0":"post-67561","1":"product","2":"type-product","3":"status-publish","4":"has-post-thumbnail","6":"product_brand-spokey","7":"product_cat-cycling-protection","9":"first","10":"outofstock","11":"shipping-taxable","12":"product-type-simple"},"acf":[],"yoast_head":"<!-- This site is optimized with the Yoast SEO plugin v27.2 - https:\/\/yoast.com\/product\/yoast-seo-wordpress\/ -->\n<title>\u041a\u043e\u043c\u043f\u043b\u0435\u043a\u0442 \u0437\u0430\u0449\u0438\u0442\u044b Spokey Rollerblade Evo Gear 3 Pack Black - \u041c\u0430\u0433\u0430\u0437\u0438\u043d Xstyle<\/title>\n<meta name=\"description\" content=\"\u041a\u043e\u043c\u043f\u043b\u0435\u043a\u0442 \u0437\u0430\u0449\u0438\u0442\u044b Spokey Rollerblade Evo Gear 3 Pack Black - \u0438\u0434\u0435\u0430\u043b\u044c\u043d\u044b\u0439 \u0432\u044b\u0431\u043e\u0440 \u0434\u043b\u044f \u0440\u043e\u043b\u043b\u0435\u0440\u043e\u0432 \u0438 \u0441\u043a\u0435\u0439\u0442\u0435\u0440\u043e\u0432. \u0423\u0434\u043e\u0431\u043d\u044b\u0439, \u0430\u043d\u0430\u0442\u043e\u043c\u0438\u0447\u043d\u044b\u0439 \u0438 \u0441\u0442\u043e\u0439\u043a\u0438\u0439 \u043a \u0437\u0430\u043f\u0430\u0445\u0430\u043c.\" \/>\n<meta name=\"robots\" content=\"index, follow, max-snippet:-1, max-image-preview:large, max-video-preview:-1\" \/>\n<link rel=\"canonical\" href=\"https:\/\/xstyle.md\/ro\/produs\/komplekt-zashhity-spokey-rollerblade-evo-gear-3-pack-black\/\" \/>\n<meta property=\"og:locale\" content=\"ro_RO\" \/>\n<meta property=\"og:type\" content=\"article\" \/>\n<meta property=\"og:title\" content=\"\u041a\u043e\u043c\u043f\u043b\u0435\u043a\u0442 \u0437\u0430\u0449\u0438\u0442\u044b Spokey Rollerblade Evo Gear 3 Pack Black - \u041c\u0430\u0433\u0430\u0437\u0438\u043d Xstyle\" \/>\n<meta property=\"og:description\" content=\"\u041a\u043e\u043c\u043f\u043b\u0435\u043a\u0442 \u0437\u0430\u0449\u0438\u0442\u044b Spokey Rollerblade Evo Gear 3 Pack Black - \u0438\u0434\u0435\u0430\u043b\u044c\u043d\u044b\u0439 \u0432\u044b\u0431\u043e\u0440 \u0434\u043b\u044f \u0440\u043e\u043b\u043b\u0435\u0440\u043e\u0432 \u0438 \u0441\u043a\u0435\u0439\u0442\u0435\u0440\u043e\u0432. \u0423\u0434\u043e\u0431\u043d\u044b\u0439, \u0430\u043d\u0430\u0442\u043e\u043c\u0438\u0447\u043d\u044b\u0439 \u0438 \u0441\u0442\u043e\u0439\u043a\u0438\u0439 \u043a \u0437\u0430\u043f\u0430\u0445\u0430\u043c.\" \/>\n<meta property=\"og:url\" content=\"https:\/\/xstyle.md\/ro\/produs\/komplekt-zashhity-spokey-rollerblade-evo-gear-3-pack-black\/\" \/>\n<meta property=\"og:site_name\" content=\"\u041c\u0430\u0433\u0430\u0437\u0438\u043d Xstyle\" \/>\n<meta property=\"article:publisher\" content=\"https:\/\/www.facebook.com\/xstylemd\" \/>\n<meta property=\"article:modified_time\" content=\"2024-10-02T22:09:14+00:00\" \/>\n<meta property=\"og:image\" content=\"https:\/\/xstyle.md\/wp-content\/uploads\/2023\/04\/spokey-rollerblade-evo-gear-3-pack-black.jpg\" \/>\n\t<meta property=\"og:image:width\" content=\"612\" \/>\n\t<meta property=\"og:image:height\" content=\"598\" \/>\n\t<meta property=\"og:image:type\" content=\"image\/jpeg\" \/>\n<meta name=\"twitter:card\" content=\"summary_large_image\" \/>\n<meta name=\"twitter:label1\" content=\"Pre\u021b\" \/>\n\t<meta name=\"twitter:data1\" content=\"565&nbsp;MDL\" \/>\n\t<meta name=\"twitter:label2\" content=\"Disponibilitate\" \/>\n\t<meta name=\"twitter:data2\" content=\"Stoc epuizat\" \/>\n<script type=\"application\/ld+json\" class=\"yoast-schema-graph\">{\"@context\":\"https:\/\/schema.org\",\"@graph\":[{\"@type\":\"WebPage\",\"@id\":\"https:\/\/xstyle.md\/product\/komplekt-zashhity-spokey-rollerblade-evo-gear-3-pack-black\/\",\"url\":\"https:\/\/xstyle.md\/product\/komplekt-zashhity-spokey-rollerblade-evo-gear-3-pack-black\/\",\"name\":\"\u041a\u043e\u043c\u043f\u043b\u0435\u043a\u0442 \u0437\u0430\u0449\u0438\u0442\u044b Spokey Rollerblade Evo Gear 3 Pack Black - \u041c\u0430\u0433\u0430\u0437\u0438\u043d Xstyle\",\"isPartOf\":{\"@id\":\"https:\/\/xstyle.md\/#website\"},\"primaryImageOfPage\":{\"@id\":\"https:\/\/xstyle.md\/product\/komplekt-zashhity-spokey-rollerblade-evo-gear-3-pack-black\/#primaryimage\"},\"image\":{\"@id\":\"https:\/\/xstyle.md\/product\/komplekt-zashhity-spokey-rollerblade-evo-gear-3-pack-black\/#primaryimage\"},\"thumbnailUrl\":\"https:\/\/xstyle.md\/wp-content\/uploads\/2023\/04\/spokey-rollerblade-evo-gear-3-pack-black.jpg\",\"datePublished\":\"2023-04-27T08:59:03+00:00\",\"dateModified\":\"2024-10-02T22:09:14+00:00\",\"description\":\"\u041a\u043e\u043c\u043f\u043b\u0435\u043a\u0442 \u0437\u0430\u0449\u0438\u0442\u044b Spokey Rollerblade Evo Gear 3 Pack Black - \u0438\u0434\u0435\u0430\u043b\u044c\u043d\u044b\u0439 \u0432\u044b\u0431\u043e\u0440 \u0434\u043b\u044f \u0440\u043e\u043b\u043b\u0435\u0440\u043e\u0432 \u0438 \u0441\u043a\u0435\u0439\u0442\u0435\u0440\u043e\u0432. \u0423\u0434\u043e\u0431\u043d\u044b\u0439, \u0430\u043d\u0430\u0442\u043e\u043c\u0438\u0447\u043d\u044b\u0439 \u0438 \u0441\u0442\u043e\u0439\u043a\u0438\u0439 \u043a \u0437\u0430\u043f\u0430\u0445\u0430\u043c.\",\"breadcrumb\":{\"@id\":\"https:\/\/xstyle.md\/product\/komplekt-zashhity-spokey-rollerblade-evo-gear-3-pack-black\/#breadcrumb\"},\"inLanguage\":\"ro-RO\",\"potentialAction\":[{\"@type\":\"ReadAction\",\"target\":[\"https:\/\/xstyle.md\/product\/komplekt-zashhity-spokey-rollerblade-evo-gear-3-pack-black\/\"]}]},{\"@type\":\"ImageObject\",\"inLanguage\":\"ro-RO\",\"@id\":\"https:\/\/xstyle.md\/product\/komplekt-zashhity-spokey-rollerblade-evo-gear-3-pack-black\/#primaryimage\",\"url\":\"https:\/\/xstyle.md\/wp-content\/uploads\/2023\/04\/spokey-rollerblade-evo-gear-3-pack-black.jpg\",\"contentUrl\":\"https:\/\/xstyle.md\/wp-content\/uploads\/2023\/04\/spokey-rollerblade-evo-gear-3-pack-black.jpg\",\"width\":612,\"height\":598,\"caption\":\"\u041a\u043e\u043c\u043f\u043b\u0435\u043a\u0442 \u0437\u0430\u0449\u0438\u0442\u044b Spokey Rollerblade Evo Gear 3 Pack Black \u0434\u043b\u044f \u0430\u043a\u0442\u0438\u0432\u043d\u043e\u0433\u043e \u043e\u0442\u0434\u044b\u0445\u0430, \u0440\u043e\u043b\u0438\u043a\u043e\u0432\u044b\u0445 \u043f\u0440\u043e\u0433\u0443\u043b\u043e\u043a, \u0441\u043a\u0435\u0439\u0442\u0431\u043e\u0440\u0434\u0438\u043d\u0433\u0430 \u0438 \u044d\u043a\u0441\u0442\u0440\u0435\u043c\u0430\u043b\u044c\u043d\u044b\u0445 \u0432\u0438\u0434\u043e\u0432 \u0441\u043f\u043e\u0440\u0442\u0430 \u0432 \u043e\u043d\u043b\u0430\u0439\u043d \u043c\u0430\u0433\u0430\u0437\u0438\u043d\u0435 \u043e\u0434\u0435\u0436\u0434\u044b \u0438 \u043e\u0431\u0443\u0432\u0438 \u0434\u043b\u044f \u043f\u0443\u0442\u0435\u0448\u0435\u0441\u0442\u0432\u0438\u0439 \u0438 \u0430\u043b\u044c\u043f\u0438\u043d\u0438\u0437\u043c\u0430\"},{\"@type\":\"BreadcrumbList\",\"@id\":\"https:\/\/xstyle.md\/product\/komplekt-zashhity-spokey-rollerblade-evo-gear-3-pack-black\/#breadcrumb\",\"itemListElement\":[{\"@type\":\"ListItem\",\"position\":1,\"name\":\"\u0413\u043b\u0430\u0432\u043d\u0430\u044f \u0441\u0442\u0440\u0430\u043d\u0438\u0446\u0430\",\"item\":\"https:\/\/xstyle.md\/\"},{\"@type\":\"ListItem\",\"position\":2,\"name\":\"\u041c\u0430\u0433\u0430\u0437\u0438\u043d\",\"item\":\"https:\/\/xstyle.md\/shop\/\"},{\"@type\":\"ListItem\",\"position\":3,\"name\":\"\u041a\u043e\u043c\u043f\u043b\u0435\u043a\u0442 \u0437\u0430\u0449\u0438\u0442\u044b Spokey Rollerblade Evo Gear 3 Pack Black\"}]},{\"@type\":\"WebSite\",\"@id\":\"https:\/\/xstyle.md\/#website\",\"url\":\"https:\/\/xstyle.md\/\",\"name\":\"\u041c\u0430\u0433\u0430\u0437\u0438\u043d Xstyle\",\"description\":\"C\u043d\u0430\u0440\u044f\u0436\u0435\u043d\u0438\u0435 \u0434\u043b\u044f \u0442\u0443\u0440\u0438\u0437\u043c\u0430 \u0438 \u044d\u043a\u0441\u0442\u0440\u0435\u043c\u0430\u043b\u044c\u043d\u044b\u0445 \u0432\u0438\u0434\u043e\u0432 \u0441\u043f\u043e\u0440\u0442\u0430 \u0432 \u041c\u043e\u043b\u0434\u043e\u0432\u0435.. \u0426\u0435\u043d\u044b, \u0444\u043e\u0442\u043e, \u0445\u0430\u0440\u0430\u043a\u0442\u0435\u0440\u0438\u0441\u0442\u0438\u043a\u0438 \u0432 \u041c\u043e\u043b\u0434\u043e\u0432\u0435.\",\"publisher\":{\"@id\":\"https:\/\/xstyle.md\/#organization\"},\"alternateName\":\"X-Style\",\"potentialAction\":[{\"@type\":\"SearchAction\",\"target\":{\"@type\":\"EntryPoint\",\"urlTemplate\":\"https:\/\/xstyle.md\/?s={search_term_string}\"},\"query-input\":{\"@type\":\"PropertyValueSpecification\",\"valueRequired\":true,\"valueName\":\"search_term_string\"}}],\"inLanguage\":\"ro-RO\"},{\"@type\":\"Organization\",\"@id\":\"https:\/\/xstyle.md\/#organization\",\"name\":\"\u041c\u0430\u0433\u0430\u0437\u0438\u043d Xstyle\",\"alternateName\":\"x-style\",\"url\":\"https:\/\/xstyle.md\/\",\"logo\":{\"@type\":\"ImageObject\",\"inLanguage\":\"ro-RO\",\"@id\":\"https:\/\/xstyle.md\/#\/schema\/logo\/image\/\",\"url\":\"https:\/\/xstyle.md\/wp-content\/uploads\/2020\/06\/logoicon.svg\",\"contentUrl\":\"https:\/\/xstyle.md\/wp-content\/uploads\/2020\/06\/logoicon.svg\",\"caption\":\"\u041c\u0430\u0433\u0430\u0437\u0438\u043d Xstyle\"},\"image\":{\"@id\":\"https:\/\/xstyle.md\/#\/schema\/logo\/image\/\"},\"sameAs\":[\"https:\/\/www.facebook.com\/xstylemd\",\"https:\/\/www.instagram.com\/xstyle_md\/\",\"https:\/\/t.me\/xstyle_outdoor\"],\"hasMerchantReturnPolicy\":{\"@type\":\"MerchantReturnPolicy\",\"merchantReturnLink\":\"https:\/\/xstyle.md\/ro\/conditions\/\"}}]}<\/script>\n<meta property=\"product:price:amount\" content=\"565.00\" \/>\n<meta property=\"product:price:currency\" content=\"MDL\" \/>\n<meta property=\"og:availability\" content=\"out of stock\" \/>\n<meta property=\"product:availability\" content=\"out of stock\" \/>\n<meta property=\"product:retailer_item_id\" content=\"8050459531473\" \/>\n<meta property=\"product:condition\" content=\"new\" \/>\n<!-- \/ Yoast SEO plugin. -->","yoast_head_json":{"title":"Set de protec\u021bie Spokey Rollerblade Evo Gear 3 Pack Black - Magazin Xstyle","description":"Set de protec\u021bie Spokey Rollerblade Evo Gear 3 Pack Black - alegerea ideal\u0103 pentru patinatori \u0219i skateri. Confortabil, anatomo\u00admic \u0219i rezistent la mirosuri.","robots":{"index":"index","follow":"follow","max-snippet":"max-snippet:-1","max-image-preview":"max-image-preview:large","max-video-preview":"max-video-preview:-1"},"canonical":"https:\/\/xstyle.md\/ro\/produs\/komplekt-zashhity-spokey-rollerblade-evo-gear-3-pack-black\/","og_locale":"ro_RO","og_type":"article","og_title":"\u041a\u043e\u043c\u043f\u043b\u0435\u043a\u0442 \u0437\u0430\u0449\u0438\u0442\u044b Spokey Rollerblade Evo Gear 3 Pack Black - \u041c\u0430\u0433\u0430\u0437\u0438\u043d Xstyle","og_description":"\u041a\u043e\u043c\u043f\u043b\u0435\u043a\u0442 \u0437\u0430\u0449\u0438\u0442\u044b Spokey Rollerblade Evo Gear 3 Pack Black - \u0438\u0434\u0435\u0430\u043b\u044c\u043d\u044b\u0439 \u0432\u044b\u0431\u043e\u0440 \u0434\u043b\u044f \u0440\u043e\u043b\u043b\u0435\u0440\u043e\u0432 \u0438 \u0441\u043a\u0435\u0439\u0442\u0435\u0440\u043e\u0432. \u0423\u0434\u043e\u0431\u043d\u044b\u0439, \u0430\u043d\u0430\u0442\u043e\u043c\u0438\u0447\u043d\u044b\u0439 \u0438 \u0441\u0442\u043e\u0439\u043a\u0438\u0439 \u043a \u0437\u0430\u043f\u0430\u0445\u0430\u043c.","og_url":"https:\/\/xstyle.md\/ro\/produs\/komplekt-zashhity-spokey-rollerblade-evo-gear-3-pack-black\/","og_site_name":"\u041c\u0430\u0433\u0430\u0437\u0438\u043d Xstyle","article_publisher":"https:\/\/www.facebook.com\/xstylemd","article_modified_time":"2024-10-02T22:09:14+00:00","og_image":[{"width":612,"height":598,"url":"https:\/\/xstyle.md\/wp-content\/uploads\/2023\/04\/spokey-rollerblade-evo-gear-3-pack-black.jpg","type":"image\/jpeg"}],"twitter_card":"summary_large_image","twitter_misc":{"Pre\u021b":"565&nbsp;MDL","Disponibilitate":"Stoc epuizat"},"schema":{"@context":"https:\/\/schema.org","@graph":[{"@type":"WebPage","@id":"https:\/\/xstyle.md\/product\/komplekt-zashhity-spokey-rollerblade-evo-gear-3-pack-black\/","url":"https:\/\/xstyle.md\/product\/komplekt-zashhity-spokey-rollerblade-evo-gear-3-pack-black\/","name":"Set de protec\u021bie Spokey Rollerblade Evo Gear 3 Pack Black - Magazin Xstyle","isPartOf":{"@id":"https:\/\/xstyle.md\/#website"},"primaryImageOfPage":{"@id":"https:\/\/xstyle.md\/product\/komplekt-zashhity-spokey-rollerblade-evo-gear-3-pack-black\/#primaryimage"},"image":{"@id":"https:\/\/xstyle.md\/product\/komplekt-zashhity-spokey-rollerblade-evo-gear-3-pack-black\/#primaryimage"},"thumbnailUrl":"https:\/\/xstyle.md\/wp-content\/uploads\/2023\/04\/spokey-rollerblade-evo-gear-3-pack-black.jpg","datePublished":"2023-04-27T08:59:03+00:00","dateModified":"2024-10-02T22:09:14+00:00","description":"Set de protec\u021bie Spokey Rollerblade Evo Gear 3 Pack Black - alegerea ideal\u0103 pentru patinatori \u0219i skateri. Confortabil, anatomo\u00admic \u0219i rezistent la mirosuri.","breadcrumb":{"@id":"https:\/\/xstyle.md\/product\/komplekt-zashhity-spokey-rollerblade-evo-gear-3-pack-black\/#breadcrumb"},"inLanguage":"ro-RO","potentialAction":[{"@type":"ReadAction","target":["https:\/\/xstyle.md\/product\/komplekt-zashhity-spokey-rollerblade-evo-gear-3-pack-black\/"]}]},{"@type":"ImageObject","inLanguage":"ro-RO","@id":"https:\/\/xstyle.md\/product\/komplekt-zashhity-spokey-rollerblade-evo-gear-3-pack-black\/#primaryimage","url":"https:\/\/xstyle.md\/wp-content\/uploads\/2023\/04\/spokey-rollerblade-evo-gear-3-pack-black.jpg","contentUrl":"https:\/\/xstyle.md\/wp-content\/uploads\/2023\/04\/spokey-rollerblade-evo-gear-3-pack-black.jpg","width":612,"height":598,"caption":"\u041a\u043e\u043c\u043f\u043b\u0435\u043a\u0442 \u0437\u0430\u0449\u0438\u0442\u044b Spokey Rollerblade Evo Gear 3 Pack Black \u0434\u043b\u044f \u0430\u043a\u0442\u0438\u0432\u043d\u043e\u0433\u043e \u043e\u0442\u0434\u044b\u0445\u0430, \u0440\u043e\u043b\u0438\u043a\u043e\u0432\u044b\u0445 \u043f\u0440\u043e\u0433\u0443\u043b\u043e\u043a, \u0441\u043a\u0435\u0439\u0442\u0431\u043e\u0440\u0434\u0438\u043d\u0433\u0430 \u0438 \u044d\u043a\u0441\u0442\u0440\u0435\u043c\u0430\u043b\u044c\u043d\u044b\u0445 \u0432\u0438\u0434\u043e\u0432 \u0441\u043f\u043e\u0440\u0442\u0430 \u0432 \u043e\u043d\u043b\u0430\u0439\u043d \u043c\u0430\u0433\u0430\u0437\u0438\u043d\u0435 \u043e\u0434\u0435\u0436\u0434\u044b \u0438 \u043e\u0431\u0443\u0432\u0438 \u0434\u043b\u044f \u043f\u0443\u0442\u0435\u0448\u0435\u0441\u0442\u0432\u0438\u0439 \u0438 \u0430\u043b\u044c\u043f\u0438\u043d\u0438\u0437\u043c\u0430"},{"@type":"BreadcrumbList","@id":"https:\/\/xstyle.md\/product\/komplekt-zashhity-spokey-rollerblade-evo-gear-3-pack-black\/#breadcrumb","itemListElement":[{"@type":"ListItem","position":1,"name":"\u0413\u043b\u0430\u0432\u043d\u0430\u044f \u0441\u0442\u0440\u0430\u043d\u0438\u0446\u0430","item":"https:\/\/xstyle.md\/"},{"@type":"ListItem","position":2,"name":"\u041c\u0430\u0433\u0430\u0437\u0438\u043d","item":"https:\/\/xstyle.md\/shop\/"},{"@type":"ListItem","position":3,"name":"\u041a\u043e\u043c\u043f\u043b\u0435\u043a\u0442 \u0437\u0430\u0449\u0438\u0442\u044b Spokey Rollerblade Evo Gear 3 Pack Black"}]},{"@type":"WebSite","@id":"https:\/\/xstyle.md\/#website","url":"https:\/\/xstyle.md\/","name":"Magazinul X-Style","description":"Echipamente pentru turism \u0219i sporturi extreme \u00een Moldova. Pre\u021buri, fotografii, caracteristici \u00een Moldova.","publisher":{"@id":"https:\/\/xstyle.md\/#organization"},"alternateName":"X-Style","potentialAction":[{"@type":"SearchAction","target":{"@type":"EntryPoint","urlTemplate":"https:\/\/xstyle.md\/?s={search_term_string}"},"query-input":{"@type":"PropertyValueSpecification","valueRequired":true,"valueName":"search_term_string"}}],"inLanguage":"ro-RO"},{"@type":"Organization","@id":"https:\/\/xstyle.md\/#organization","name":"Magazinul X-Style","alternateName":"x-style","url":"https:\/\/xstyle.md\/","logo":{"@type":"ImageObject","inLanguage":"ro-RO","@id":"https:\/\/xstyle.md\/#\/schema\/logo\/image\/","url":"https:\/\/xstyle.md\/wp-content\/uploads\/2020\/06\/logoicon.svg","contentUrl":"https:\/\/xstyle.md\/wp-content\/uploads\/2020\/06\/logoicon.svg","caption":"\u041c\u0430\u0433\u0430\u0437\u0438\u043d Xstyle"},"image":{"@id":"https:\/\/xstyle.md\/#\/schema\/logo\/image\/"},"sameAs":["https:\/\/www.facebook.com\/xstylemd","https:\/\/www.instagram.com\/xstyle_md\/","https:\/\/t.me\/xstyle_outdoor"],"hasMerchantReturnPolicy":{"@type":"MerchantReturnPolicy","merchantReturnLink":"https:\/\/xstyle.md\/ro\/conditions\/"}}]},"product_price_amount":"565.00","product_price_currency":"MDL","og_availability":"out of stock","product_availability":"out of stock","product_retailer_item_id":"8050459531473","product_condition":"new"},"post_mailing_queue_ids":[],"_links":{"self":[{"href":"https:\/\/xstyle.md\/ro\/wp-json\/wp\/v2\/product\/67561","targetHints":{"allow":["GET"]}}],"collection":[{"href":"https:\/\/xstyle.md\/ro\/wp-json\/wp\/v2\/product"}],"about":[{"href":"https:\/\/xstyle.md\/ro\/wp-json\/wp\/v2\/types\/product"}],"replies":[{"embeddable":true,"href":"https:\/\/xstyle.md\/ro\/wp-json\/wp\/v2\/comments?post=67561"}],"wp:featuredmedia":[{"embeddable":true,"href":"https:\/\/xstyle.md\/ro\/wp-json\/wp\/v2\/media\/68252"}],"wp:attachment":[{"href":"https:\/\/xstyle.md\/ro\/wp-json\/wp\/v2\/media?parent=67561"}],"wp:term":[{"taxonomy":"product_brand","embeddable":true,"href":"https:\/\/xstyle.md\/ro\/wp-json\/wp\/v2\/product_brand?post=67561"},{"taxonomy":"product_cat","embeddable":true,"href":"https:\/\/xstyle.md\/ro\/wp-json\/wp\/v2\/product_cat?post=67561"},{"taxonomy":"product_tag","embeddable":true,"href":"https:\/\/xstyle.md\/ro\/wp-json\/wp\/v2\/product_tag?post=67561"}],"curies":[{"name":"wp","href":"https:\/\/api.w.org\/{rel}","templated":true}]}}