{"id":67548,"date":"2023-04-27T11:44:13","date_gmt":"2023-04-27T08:44:13","guid":{"rendered":"https:\/\/xstyle.md\/?post_type=product&#038;p=67548"},"modified":"2025-05-29T11:40:23","modified_gmt":"2025-05-29T08:40:23","slug":"sumka-osprey-transporter-95","status":"publish","type":"product","link":"https:\/\/xstyle.md\/ro\/produs\/sumka-osprey-transporter-95\/","title":{"rendered":"Geant\u0103 Osprey Transporter 95"},"content":{"rendered":"<\/p>\n<p><strong>Osprey Transporter 95<\/strong> &#8212;\u00a0geant\u0103 robust\u0103 \u0219i de \u00eenalt\u0103 calitate, conceput\u0103 pentru a rezista la condi\u021bii climatice dure. Reprezent\u00e2nd apogeul performan\u021bei \u00een materie de gen\u021bi de tip expedi\u021bie, Transporter 95 dispune de materiale foarte durabile \u0219i rezistente la ap\u0103, un design interesant \u0219i un sistem de transport confortabil.<\/p>\n<p>Aceast\u0103 geant\u0103 va fi partenerul perfect \u00een aventurile tale. Este suficient de mare pentru a cuprinde aproape orice echipament sau echipament sportiv.<\/p>\n<p>Fabricat\u0103 din nailon laminat TPU foarte rezistent, care asigur\u0103 o durabilitate excep\u021bional\u0103, r\u0103m\u00e2n\u00e2nd \u00een acela\u0219i timp u\u0219oar\u0103 \u0219i moale la atingere. Materialele de construc\u021bie au fost alese pentru a oferi protec\u021bie maxim\u0103 \u0219i capacitatea de a rezista la orice dezastru natural.<\/p>\n<p>Pentru o utilizare comod\u0103 \u0219i confortabil\u0103, geanta sport Transporter 95 dispune de mecanisme de ridicare a greut\u0103\u021bii deta\u0219abile.<\/p>\n<p>Geanta de voiaj Transporter 95 este o geant\u0103 multifunc\u021bional\u0103 excelent\u0103, oferind performan\u021b\u0103 \u0219i durabilitate la nivel de expedi\u021bie, cu un confort maxim \u0219i caracteristici inovatoare pentru care Osprey este renumit.<\/p>\n<h3>Particularit\u0103\u021bi<\/h3>\n<ul>\n<li>Materiale rezistente la umezeal\u0103<\/li>\n<li>Curele robuste<\/li>\n<li>Curea de piept cu fluier de urgen\u021b\u0103<\/li>\n<li>Compartiment securizat pentru carte de identitate<\/li>\n<li>Fermoare cu fermoar care se blocheaz\u0103 bine \u00een pozi\u021bie<\/li>\n<li>Buzunar lateral intern cu plas\u0103<\/li>\n<li>Partea inferioar\u0103 \u00eent\u0103rit\u0103<\/li>\n<li>Patru m\u00e2nere de transport<\/li>\n<li>Buzunar lateral extern<\/li>\n<li>Clip intern pentru chei<\/li>\n<\/ul>\n<h3>Caracteristici<\/h3>\n<ul>\n<li>Greutate &#8212; 1590 g<\/li>\n<li>Volum &#8212; 95 litri<\/li>\n<li>Dimensiuni &#8212; 76 x 44 x 34 cm<\/li>\n<li>Material &#8212; 900D poliester cu strat TPU<\/li>\n<li>Nu este potrivit pentru bagajele de m\u00e2n\u0103<\/li>\n<li>Destina\u021bie &#8212; c\u0103l\u0103torie<\/li>\n<li>Gen &#8212; unisex<\/li>\n<\/ul>\n<h3>Marca<\/h3>\n<p>Osprey este un produc\u0103tor american care produce rucsacuri moderne excelente pentru o varietate de sarcini, gen\u021bi \u0219i accesorii pentru drume\u021bii. Calitatea produselor marca Osprey se datoreaz\u0103 interesului \u0219i implic\u0103rii personale \u00een dezvoltarea \u0219i controlul proprietarului, Mike Pfotenhauer.<\/p>\n<p>Din 1974, c\u00e2nd a \u00eenregistrat compania, el a verificat fiecare element al rucsacurilor \u0219i al altor produse fabricate anatomic. Aceast\u0103 abordare este cea care a f\u0103cut ca \u00een c\u00e2\u021biva ani de la introducerea Osprey, marca s\u0103 primeasc\u0103 calificative de top din partea clien\u021bilor, prin cererea mare de produse.<\/p>\n<p>\u0218i chiar \u0219i acum, mai bine de 40 de ani mai t\u00e2rziu, Mike viziteaz\u0103 zilnic compania, verific\u00e2nd \u0219i ajust\u00e2nd toate procesele. Aceast\u0103 abordare a afacerii a dus la capacitatea de a oferi o garan\u021bie pe via\u021b\u0103 pentru produsele lor. Principalele caracteristici ale produselor Osprey sunt calitatea ridicat\u0103, tehnologia \u0219i inova\u021bia.<\/p>\n<p><\/p>","protected":false},"excerpt":{"rendered":"","protected":false},"featured_media":67562,"comment_status":"open","ping_status":"closed","template":"","meta":{"_acf_changed":false,"inline_featured_image":false},"product_brand":[1260],"product_cat":[126],"product_tag":[],"class_list":{"0":"post-67548","1":"product","2":"type-product","3":"status-publish","4":"has-post-thumbnail","6":"product_brand-osprey","7":"product_cat-travel-bags","9":"first","10":"instock","11":"shipping-taxable","12":"purchasable","13":"product-type-simple"},"acf":[],"yoast_head":"<!-- This site is optimized with the Yoast SEO plugin v27.2 - https:\/\/yoast.com\/product\/yoast-seo-wordpress\/ -->\n<title>\u0421\u0443\u043c\u043a\u0430 Osprey Transporter 95 - \u041c\u0430\u0433\u0430\u0437\u0438\u043d Xstyle<\/title>\n<meta name=\"description\" content=\"\u0421\u0443\u043c\u043a\u0430 Osprey Transporter 95 \u2014 \u043d\u0430\u0434\u0435\u0436\u043d\u044b\u0439 \u0441\u043f\u0443\u0442\u043d\u0438\u043a \u0434\u043b\u044f \u043f\u0440\u0438\u043a\u043b\u044e\u0447\u0435\u043d\u0438\u0439. \u0418\u0437\u0433\u043e\u0442\u043e\u0432\u043b\u0435\u043d\u0430 \u0438\u0437 900D TPU, \u0443\u0441\u0442\u043e\u0439\u0447\u0438\u0432\u0430 \u043a \u043f\u043e\u0433\u043e\u0434\u043d\u044b\u043c \u0443\u0441\u043b\u043e\u0432\u0438\u044f\u043c. \u0412\u0430\u0448 \u0438\u0434\u0435\u0430\u043b\u044c\u043d\u044b\u0439 \u0432\u044b\u0431\u043e\u0440 \u0434\u043b\u044f \u043f\u0443\u0442\u0435\u0448\u0435\u0441\u0442\u0432\u0438\u0439!\" \/>\n<meta name=\"robots\" content=\"index, follow, max-snippet:-1, max-image-preview:large, max-video-preview:-1\" \/>\n<link rel=\"canonical\" href=\"https:\/\/xstyle.md\/ro\/produs\/sumka-osprey-transporter-95\/\" \/>\n<meta property=\"og:locale\" content=\"ro_RO\" \/>\n<meta property=\"og:type\" content=\"article\" \/>\n<meta property=\"og:title\" content=\"\u0421\u0443\u043c\u043a\u0430 Osprey Transporter 95 - \u041c\u0430\u0433\u0430\u0437\u0438\u043d Xstyle\" \/>\n<meta property=\"og:description\" content=\"\u0421\u0443\u043c\u043a\u0430 Osprey Transporter 95 \u2014 \u043d\u0430\u0434\u0435\u0436\u043d\u044b\u0439 \u0441\u043f\u0443\u0442\u043d\u0438\u043a \u0434\u043b\u044f \u043f\u0440\u0438\u043a\u043b\u044e\u0447\u0435\u043d\u0438\u0439. \u0418\u0437\u0433\u043e\u0442\u043e\u0432\u043b\u0435\u043d\u0430 \u0438\u0437 900D TPU, \u0443\u0441\u0442\u043e\u0439\u0447\u0438\u0432\u0430 \u043a \u043f\u043e\u0433\u043e\u0434\u043d\u044b\u043c \u0443\u0441\u043b\u043e\u0432\u0438\u044f\u043c. \u0412\u0430\u0448 \u0438\u0434\u0435\u0430\u043b\u044c\u043d\u044b\u0439 \u0432\u044b\u0431\u043e\u0440 \u0434\u043b\u044f \u043f\u0443\u0442\u0435\u0448\u0435\u0441\u0442\u0432\u0438\u0439!\" \/>\n<meta property=\"og:url\" content=\"https:\/\/xstyle.md\/ro\/produs\/sumka-osprey-transporter-95\/\" \/>\n<meta property=\"og:site_name\" content=\"\u041c\u0430\u0433\u0430\u0437\u0438\u043d Xstyle\" \/>\n<meta property=\"article:publisher\" content=\"https:\/\/www.facebook.com\/xstylemd\" \/>\n<meta property=\"article:modified_time\" content=\"2025-05-29T08:40:23+00:00\" \/>\n<meta property=\"og:image\" content=\"https:\/\/xstyle.md\/wp-content\/uploads\/2023\/04\/osprey-transporter-95-black.jpg\" \/>\n\t<meta property=\"og:image:width\" content=\"1057\" \/>\n\t<meta property=\"og:image:height\" content=\"923\" \/>\n\t<meta property=\"og:image:type\" content=\"image\/jpeg\" \/>\n<meta name=\"twitter:card\" content=\"summary_large_image\" \/>\n<meta name=\"twitter:label1\" content=\"Pre\u021b\" \/>\n\t<meta name=\"twitter:data1\" content=\"3.890&nbsp;MDL\" \/>\n\t<meta name=\"twitter:label2\" content=\"Disponibilitate\" \/>\n\t<meta name=\"twitter:data2\" content=\"\u00cen stoc\" \/>\n<script type=\"application\/ld+json\" class=\"yoast-schema-graph\">{\"@context\":\"https:\/\/schema.org\",\"@graph\":[{\"@type\":\"WebPage\",\"@id\":\"https:\/\/xstyle.md\/product\/sumka-osprey-transporter-95\/\",\"url\":\"https:\/\/xstyle.md\/product\/sumka-osprey-transporter-95\/\",\"name\":\"\u0421\u0443\u043c\u043a\u0430 Osprey Transporter 95 - \u041c\u0430\u0433\u0430\u0437\u0438\u043d Xstyle\",\"isPartOf\":{\"@id\":\"https:\/\/xstyle.md\/#website\"},\"primaryImageOfPage\":{\"@id\":\"https:\/\/xstyle.md\/product\/sumka-osprey-transporter-95\/#primaryimage\"},\"image\":{\"@id\":\"https:\/\/xstyle.md\/product\/sumka-osprey-transporter-95\/#primaryimage\"},\"thumbnailUrl\":\"https:\/\/xstyle.md\/wp-content\/uploads\/2023\/04\/osprey-transporter-95-black.jpg\",\"datePublished\":\"2023-04-27T08:44:13+00:00\",\"dateModified\":\"2025-05-29T08:40:23+00:00\",\"description\":\"\u0421\u0443\u043c\u043a\u0430 Osprey Transporter 95 \u2014 \u043d\u0430\u0434\u0435\u0436\u043d\u044b\u0439 \u0441\u043f\u0443\u0442\u043d\u0438\u043a \u0434\u043b\u044f \u043f\u0440\u0438\u043a\u043b\u044e\u0447\u0435\u043d\u0438\u0439. \u0418\u0437\u0433\u043e\u0442\u043e\u0432\u043b\u0435\u043d\u0430 \u0438\u0437 900D TPU, \u0443\u0441\u0442\u043e\u0439\u0447\u0438\u0432\u0430 \u043a \u043f\u043e\u0433\u043e\u0434\u043d\u044b\u043c \u0443\u0441\u043b\u043e\u0432\u0438\u044f\u043c. \u0412\u0430\u0448 \u0438\u0434\u0435\u0430\u043b\u044c\u043d\u044b\u0439 \u0432\u044b\u0431\u043e\u0440 \u0434\u043b\u044f \u043f\u0443\u0442\u0435\u0448\u0435\u0441\u0442\u0432\u0438\u0439!\",\"breadcrumb\":{\"@id\":\"https:\/\/xstyle.md\/product\/sumka-osprey-transporter-95\/#breadcrumb\"},\"inLanguage\":\"ro-RO\",\"potentialAction\":[{\"@type\":\"ReadAction\",\"target\":[\"https:\/\/xstyle.md\/product\/sumka-osprey-transporter-95\/\"]}]},{\"@type\":\"ImageObject\",\"inLanguage\":\"ro-RO\",\"@id\":\"https:\/\/xstyle.md\/product\/sumka-osprey-transporter-95\/#primaryimage\",\"url\":\"https:\/\/xstyle.md\/wp-content\/uploads\/2023\/04\/osprey-transporter-95-black.jpg\",\"contentUrl\":\"https:\/\/xstyle.md\/wp-content\/uploads\/2023\/04\/osprey-transporter-95-black.jpg\",\"width\":1057,\"height\":923,\"caption\":\"\u0420\u044e\u043a\u0437\u0430\u043a Osprey Transporter 95 \u0434\u043b\u044f \u0430\u043a\u0442\u0438\u0432\u043d\u043e\u0433\u043e \u043e\u0442\u0434\u044b\u0445\u0430 \u0438 \u043f\u0443\u0442\u0435\u0448\u0435\u0441\u0442\u0432\u0438\u0439, \u0441\u043d\u0430\u0440\u044f\u0436\u0435\u043d\u0438\u0435 \u0434\u043b\u044f \u043f\u043e\u0445\u043e\u0434\u043e\u0432 \u0438 \u0430\u043b\u044c\u043f\u0438\u043d\u0438\u0437\u043c\u0430, \u043e\u0431\u0443\u0432\u044c \u0438 \u043e\u0434\u0435\u0436\u0434\u0430 \u0434\u043b\u044f \u0442\u0443\u0440\u0438\u0437\u043c\u0430 \u0438 \u043f\u0443\u0442\u0435\u0448\u0435\u0441\u0442\u0432\u0438\u0439 \u0434\u043b\u044f \u043b\u044e\u0431\u0438\u0442\u0435\u043b\u0435\u0439 \u0430\u043a\u0442\u0438\u0432\u043d\u043e\u0439 \u0436\u0438\u0437\u043d\u0438\"},{\"@type\":\"BreadcrumbList\",\"@id\":\"https:\/\/xstyle.md\/product\/sumka-osprey-transporter-95\/#breadcrumb\",\"itemListElement\":[{\"@type\":\"ListItem\",\"position\":1,\"name\":\"\u0413\u043b\u0430\u0432\u043d\u0430\u044f \u0441\u0442\u0440\u0430\u043d\u0438\u0446\u0430\",\"item\":\"https:\/\/xstyle.md\/\"},{\"@type\":\"ListItem\",\"position\":2,\"name\":\"\u041c\u0430\u0433\u0430\u0437\u0438\u043d\",\"item\":\"https:\/\/xstyle.md\/shop\/\"},{\"@type\":\"ListItem\",\"position\":3,\"name\":\"\u0421\u0443\u043c\u043a\u0430 Osprey Transporter 95\"}]},{\"@type\":\"WebSite\",\"@id\":\"https:\/\/xstyle.md\/#website\",\"url\":\"https:\/\/xstyle.md\/\",\"name\":\"\u041c\u0430\u0433\u0430\u0437\u0438\u043d Xstyle\",\"description\":\"C\u043d\u0430\u0440\u044f\u0436\u0435\u043d\u0438\u0435 \u0434\u043b\u044f \u0442\u0443\u0440\u0438\u0437\u043c\u0430 \u0438 \u044d\u043a\u0441\u0442\u0440\u0435\u043c\u0430\u043b\u044c\u043d\u044b\u0445 \u0432\u0438\u0434\u043e\u0432 \u0441\u043f\u043e\u0440\u0442\u0430 \u0432 \u041c\u043e\u043b\u0434\u043e\u0432\u0435.. \u0426\u0435\u043d\u044b, \u0444\u043e\u0442\u043e, \u0445\u0430\u0440\u0430\u043a\u0442\u0435\u0440\u0438\u0441\u0442\u0438\u043a\u0438 \u0432 \u041c\u043e\u043b\u0434\u043e\u0432\u0435.\",\"publisher\":{\"@id\":\"https:\/\/xstyle.md\/#organization\"},\"alternateName\":\"X-Style\",\"potentialAction\":[{\"@type\":\"SearchAction\",\"target\":{\"@type\":\"EntryPoint\",\"urlTemplate\":\"https:\/\/xstyle.md\/?s={search_term_string}\"},\"query-input\":{\"@type\":\"PropertyValueSpecification\",\"valueRequired\":true,\"valueName\":\"search_term_string\"}}],\"inLanguage\":\"ro-RO\"},{\"@type\":\"Organization\",\"@id\":\"https:\/\/xstyle.md\/#organization\",\"name\":\"\u041c\u0430\u0433\u0430\u0437\u0438\u043d Xstyle\",\"alternateName\":\"x-style\",\"url\":\"https:\/\/xstyle.md\/\",\"logo\":{\"@type\":\"ImageObject\",\"inLanguage\":\"ro-RO\",\"@id\":\"https:\/\/xstyle.md\/#\/schema\/logo\/image\/\",\"url\":\"https:\/\/xstyle.md\/wp-content\/uploads\/2020\/06\/logoicon.svg\",\"contentUrl\":\"https:\/\/xstyle.md\/wp-content\/uploads\/2020\/06\/logoicon.svg\",\"caption\":\"\u041c\u0430\u0433\u0430\u0437\u0438\u043d Xstyle\"},\"image\":{\"@id\":\"https:\/\/xstyle.md\/#\/schema\/logo\/image\/\"},\"sameAs\":[\"https:\/\/www.facebook.com\/xstylemd\",\"https:\/\/www.instagram.com\/xstyle_md\/\",\"https:\/\/t.me\/xstyle_outdoor\"],\"hasMerchantReturnPolicy\":{\"@type\":\"MerchantReturnPolicy\",\"merchantReturnLink\":\"https:\/\/xstyle.md\/ro\/conditions\/\"}}]}<\/script>\n<meta property=\"product:price:amount\" content=\"3890.00\" \/>\n<meta property=\"product:price:currency\" content=\"MDL\" \/>\n<meta property=\"og:availability\" content=\"instock\" \/>\n<meta property=\"product:availability\" content=\"instock\" \/>\n<meta property=\"product:retailer_item_id\" content=\"843820121209\" \/>\n<meta property=\"product:condition\" content=\"new\" \/>\n<!-- \/ Yoast SEO plugin. -->","yoast_head_json":{"title":"Geanta Osprey Transporter 95 - Magazin Xstyle","description":"Geanta Osprey Transporter 95 \u2014 un tovar\u0103\u0219 de \u00eencredere pentru aventuri. Fabricat\u0103 din 900D TPU, rezistent\u0103 la condi\u021bii meteorologice. Alege\u021bi-o pentru c\u0103l\u0103torii!","robots":{"index":"index","follow":"follow","max-snippet":"max-snippet:-1","max-image-preview":"max-image-preview:large","max-video-preview":"max-video-preview:-1"},"canonical":"https:\/\/xstyle.md\/ro\/produs\/sumka-osprey-transporter-95\/","og_locale":"ro_RO","og_type":"article","og_title":"\u0421\u0443\u043c\u043a\u0430 Osprey Transporter 95 - \u041c\u0430\u0433\u0430\u0437\u0438\u043d Xstyle","og_description":"\u0421\u0443\u043c\u043a\u0430 Osprey Transporter 95 \u2014 \u043d\u0430\u0434\u0435\u0436\u043d\u044b\u0439 \u0441\u043f\u0443\u0442\u043d\u0438\u043a \u0434\u043b\u044f \u043f\u0440\u0438\u043a\u043b\u044e\u0447\u0435\u043d\u0438\u0439. \u0418\u0437\u0433\u043e\u0442\u043e\u0432\u043b\u0435\u043d\u0430 \u0438\u0437 900D TPU, \u0443\u0441\u0442\u043e\u0439\u0447\u0438\u0432\u0430 \u043a \u043f\u043e\u0433\u043e\u0434\u043d\u044b\u043c \u0443\u0441\u043b\u043e\u0432\u0438\u044f\u043c. \u0412\u0430\u0448 \u0438\u0434\u0435\u0430\u043b\u044c\u043d\u044b\u0439 \u0432\u044b\u0431\u043e\u0440 \u0434\u043b\u044f \u043f\u0443\u0442\u0435\u0448\u0435\u0441\u0442\u0432\u0438\u0439!","og_url":"https:\/\/xstyle.md\/ro\/produs\/sumka-osprey-transporter-95\/","og_site_name":"\u041c\u0430\u0433\u0430\u0437\u0438\u043d Xstyle","article_publisher":"https:\/\/www.facebook.com\/xstylemd","article_modified_time":"2025-05-29T08:40:23+00:00","og_image":[{"width":1057,"height":923,"url":"https:\/\/xstyle.md\/wp-content\/uploads\/2023\/04\/osprey-transporter-95-black.jpg","type":"image\/jpeg"}],"twitter_card":"summary_large_image","twitter_misc":{"Pre\u021b":"3.890&nbsp;MDL","Disponibilitate":"\u00cen stoc"},"schema":{"@context":"https:\/\/schema.org","@graph":[{"@type":"WebPage","@id":"https:\/\/xstyle.md\/product\/sumka-osprey-transporter-95\/","url":"https:\/\/xstyle.md\/product\/sumka-osprey-transporter-95\/","name":"Geanta Osprey Transporter 95 - Magazin Xstyle","isPartOf":{"@id":"https:\/\/xstyle.md\/#website"},"primaryImageOfPage":{"@id":"https:\/\/xstyle.md\/product\/sumka-osprey-transporter-95\/#primaryimage"},"image":{"@id":"https:\/\/xstyle.md\/product\/sumka-osprey-transporter-95\/#primaryimage"},"thumbnailUrl":"https:\/\/xstyle.md\/wp-content\/uploads\/2023\/04\/osprey-transporter-95-black.jpg","datePublished":"2023-04-27T08:44:13+00:00","dateModified":"2025-05-29T08:40:23+00:00","description":"Geanta Osprey Transporter 95 \u2014 un tovar\u0103\u0219 de \u00eencredere pentru aventuri. Fabricat\u0103 din 900D TPU, rezistent\u0103 la condi\u021bii meteorologice. Alege\u021bi-o pentru c\u0103l\u0103torii!","breadcrumb":{"@id":"https:\/\/xstyle.md\/product\/sumka-osprey-transporter-95\/#breadcrumb"},"inLanguage":"ro-RO","potentialAction":[{"@type":"ReadAction","target":["https:\/\/xstyle.md\/product\/sumka-osprey-transporter-95\/"]}]},{"@type":"ImageObject","inLanguage":"ro-RO","@id":"https:\/\/xstyle.md\/product\/sumka-osprey-transporter-95\/#primaryimage","url":"https:\/\/xstyle.md\/wp-content\/uploads\/2023\/04\/osprey-transporter-95-black.jpg","contentUrl":"https:\/\/xstyle.md\/wp-content\/uploads\/2023\/04\/osprey-transporter-95-black.jpg","width":1057,"height":923,"caption":"\u0420\u044e\u043a\u0437\u0430\u043a Osprey Transporter 95 \u0434\u043b\u044f \u0430\u043a\u0442\u0438\u0432\u043d\u043e\u0433\u043e \u043e\u0442\u0434\u044b\u0445\u0430 \u0438 \u043f\u0443\u0442\u0435\u0448\u0435\u0441\u0442\u0432\u0438\u0439, \u0441\u043d\u0430\u0440\u044f\u0436\u0435\u043d\u0438\u0435 \u0434\u043b\u044f \u043f\u043e\u0445\u043e\u0434\u043e\u0432 \u0438 \u0430\u043b\u044c\u043f\u0438\u043d\u0438\u0437\u043c\u0430, \u043e\u0431\u0443\u0432\u044c \u0438 \u043e\u0434\u0435\u0436\u0434\u0430 \u0434\u043b\u044f \u0442\u0443\u0440\u0438\u0437\u043c\u0430 \u0438 \u043f\u0443\u0442\u0435\u0448\u0435\u0441\u0442\u0432\u0438\u0439 \u0434\u043b\u044f \u043b\u044e\u0431\u0438\u0442\u0435\u043b\u0435\u0439 \u0430\u043a\u0442\u0438\u0432\u043d\u043e\u0439 \u0436\u0438\u0437\u043d\u0438"},{"@type":"BreadcrumbList","@id":"https:\/\/xstyle.md\/product\/sumka-osprey-transporter-95\/#breadcrumb","itemListElement":[{"@type":"ListItem","position":1,"name":"\u0413\u043b\u0430\u0432\u043d\u0430\u044f \u0441\u0442\u0440\u0430\u043d\u0438\u0446\u0430","item":"https:\/\/xstyle.md\/"},{"@type":"ListItem","position":2,"name":"\u041c\u0430\u0433\u0430\u0437\u0438\u043d","item":"https:\/\/xstyle.md\/shop\/"},{"@type":"ListItem","position":3,"name":"\u0421\u0443\u043c\u043a\u0430 Osprey Transporter 95"}]},{"@type":"WebSite","@id":"https:\/\/xstyle.md\/#website","url":"https:\/\/xstyle.md\/","name":"Magazinul X-Style","description":"Echipamente pentru turism \u0219i sporturi extreme \u00een Moldova. Pre\u021buri, fotografii, caracteristici \u00een Moldova.","publisher":{"@id":"https:\/\/xstyle.md\/#organization"},"alternateName":"X-Style","potentialAction":[{"@type":"SearchAction","target":{"@type":"EntryPoint","urlTemplate":"https:\/\/xstyle.md\/?s={search_term_string}"},"query-input":{"@type":"PropertyValueSpecification","valueRequired":true,"valueName":"search_term_string"}}],"inLanguage":"ro-RO"},{"@type":"Organization","@id":"https:\/\/xstyle.md\/#organization","name":"Magazinul X-Style","alternateName":"x-style","url":"https:\/\/xstyle.md\/","logo":{"@type":"ImageObject","inLanguage":"ro-RO","@id":"https:\/\/xstyle.md\/#\/schema\/logo\/image\/","url":"https:\/\/xstyle.md\/wp-content\/uploads\/2020\/06\/logoicon.svg","contentUrl":"https:\/\/xstyle.md\/wp-content\/uploads\/2020\/06\/logoicon.svg","caption":"\u041c\u0430\u0433\u0430\u0437\u0438\u043d Xstyle"},"image":{"@id":"https:\/\/xstyle.md\/#\/schema\/logo\/image\/"},"sameAs":["https:\/\/www.facebook.com\/xstylemd","https:\/\/www.instagram.com\/xstyle_md\/","https:\/\/t.me\/xstyle_outdoor"],"hasMerchantReturnPolicy":{"@type":"MerchantReturnPolicy","merchantReturnLink":"https:\/\/xstyle.md\/ro\/conditions\/"}}]},"product_price_amount":"3890.00","product_price_currency":"MDL","og_availability":"instock","product_availability":"instock","product_retailer_item_id":"843820121209","product_condition":"new"},"post_mailing_queue_ids":[],"_links":{"self":[{"href":"https:\/\/xstyle.md\/ro\/wp-json\/wp\/v2\/product\/67548","targetHints":{"allow":["GET"]}}],"collection":[{"href":"https:\/\/xstyle.md\/ro\/wp-json\/wp\/v2\/product"}],"about":[{"href":"https:\/\/xstyle.md\/ro\/wp-json\/wp\/v2\/types\/product"}],"replies":[{"embeddable":true,"href":"https:\/\/xstyle.md\/ro\/wp-json\/wp\/v2\/comments?post=67548"}],"wp:featuredmedia":[{"embeddable":true,"href":"https:\/\/xstyle.md\/ro\/wp-json\/wp\/v2\/media\/67562"}],"wp:attachment":[{"href":"https:\/\/xstyle.md\/ro\/wp-json\/wp\/v2\/media?parent=67548"}],"wp:term":[{"taxonomy":"product_brand","embeddable":true,"href":"https:\/\/xstyle.md\/ro\/wp-json\/wp\/v2\/product_brand?post=67548"},{"taxonomy":"product_cat","embeddable":true,"href":"https:\/\/xstyle.md\/ro\/wp-json\/wp\/v2\/product_cat?post=67548"},{"taxonomy":"product_tag","embeddable":true,"href":"https:\/\/xstyle.md\/ro\/wp-json\/wp\/v2\/product_tag?post=67548"}],"curies":[{"name":"wp","href":"https:\/\/api.w.org\/{rel}","templated":true}]}}