{"id":6744,"date":"2020-07-16T21:59:51","date_gmt":"2020-07-16T18:59:51","guid":{"rendered":"https:\/\/xstyle.md\/product\/palatka-hannah-falcon-2"},"modified":"2026-03-19T16:33:41","modified_gmt":"2026-03-19T13:33:41","slug":"palatka-hannah-falcon-2","status":"publish","type":"product","link":"https:\/\/xstyle.md\/ro\/produs\/palatka-hannah-falcon-2\/","title":{"rendered":"Cort Hannah Falcon 2"},"content":{"rendered":"<\/p>\n<p><strong>Cortul Hannah Falcon 2<\/strong> este un cort ultrausor, pentru 2 persoane.<\/p>\n<p><strong>Caracteristici:<\/strong><\/p>\n<ul>\n<li>Cele 2 be\u021be sunt din Dural \u0219i se monteaz\u0103 pe interior<\/li>\n<li>Diametru be\u021be: 7.9 mm<\/li>\n<li>2 intr\u0103ri, 2 vestibule<\/li>\n<li>cortul interior foarte bine ventilat<\/li>\n<li>Diametru cort interior: 220 x 135 x 100 cm<\/li>\n<li>volum minim la impachetare: 17 x 45 cm<\/li>\n<li>coloana de ap\u0103 pentru cortul exterior: 5.000 mm<\/li>\n<li>coloana de apa pentru podea: 10.000 mm<\/li>\n<li>Greutate: 2.1 kg<\/li>\n<\/ul>\n<div><strong>Specifica\u021bii:<\/strong><\/div>\n<div><strong><br \/><\/strong><\/div>\n<div>\n<table border=\"0\">\n<tbody>\n<tr>\n<td>Seria\/Activitate<\/td>\n<td>ULTRA LIGHT<\/td>\n<\/tr>\n<tr>\n<td>Sezon<\/td>\n<td>\u0432\u0435\u0441\u043d\u0430, \u043b\u0435\u0442\u043e, \u043e\u0441\u0435\u043d\u044c<\/td>\n<\/tr>\n<tr>\n<td colspan=\"2\">Greutate:<\/td>\n<\/tr>\n<tr>\n<td>Minim<\/td>\n<td>1.9 kg<\/td>\n<\/tr>\n<tr>\n<td>Maxim<\/td>\n<td>2.1 kg<\/td>\n<\/tr>\n<tr>\n<td colspan=\"2\">Dimensiuni:<\/td>\n<\/tr>\n<tr>\n<td>Interior\/Compartiment dormit&nbsp;&nbsp;<\/td>\n<td>220 x 135 x 100 cm<\/td>\n<\/tr>\n<tr>\n<td>&Icirc;n\u0103l\u021bime interioar\u0103<\/td>\n<td>100 cm<\/td>\n<\/tr>\n<tr>\n<td>&Icirc;mpachetat<\/td>\n<td>45 x 17 cm<\/td>\n<\/tr>\n<tr>\n<td colspan=\"2\">Material:&nbsp;<\/td>\n<\/tr>\n<tr>\n<td>Interior<\/td>\n<td>40 D 240T polyester<\/td>\n<\/tr>\n<tr>\n<td>Exterior<\/td>\n<td><span>40D 240T Ripstop Nylon siliconized<\/span><\/td>\n<\/tr>\n<tr>\n<td>Baz\u0103<\/td>\n<td>70D 260T Nylon<\/td>\n<\/tr>\n<tr>\n<td>Be\u021be<\/td>\n<td>Dural<\/td>\n<\/tr>\n<tr>\n<td>\n<p>Rezisten\u021ba la ap\u0103 tent<\/p>\n<\/td>\n<td>5 000 mm<\/td>\n<\/tr>\n<tr>\n<td>\n<p>Rezisten\u021ba la ap\u0103 baz\u0103<\/p>\n<\/td>\n<td>10 000 mm<\/td>\n<\/tr>\n<tr>\n<td>Locuri<\/td>\n<td>2<\/td>\n<\/tr>\n<\/tbody>\n<\/table>\n<\/div>\n<p><iframe loading=\"lazy\" title=\"\u041b\u0435\u0433\u043a\u0430\u044f \u0434\u0432\u0443\u0445\u043c\u0435\u0441\u0442\u043d\u0430\u044f \u043f\u0430\u043b\u0430\u0442\u043a\u0430 Hannah falcon 2\" width=\"640\" height=\"360\" src=\"https:\/\/www.youtube.com\/embed\/e-KcvmUHxRs?feature=oembed\" frameborder=\"0\" allow=\"accelerometer; autoplay; clipboard-write; encrypted-media; gyroscope; picture-in-picture; web-share\" referrerpolicy=\"strict-origin-when-cross-origin\" allowfullscreen><\/iframe><\/p>\n<p><\/p>","protected":false},"excerpt":{"rendered":"<p>Cort Hannah Falcon 2<\/p>","protected":false},"featured_media":6733,"comment_status":"open","ping_status":"closed","template":"","meta":{"_acf_changed":false,"inline_featured_image":false},"product_brand":[1271],"product_cat":[76],"product_tag":[],"class_list":{"0":"post-6744","1":"product","2":"type-product","3":"status-publish","4":"has-post-thumbnail","6":"product_brand-hannah","7":"product_cat-corturi-duble","9":"first","10":"instock","11":"shipping-taxable","12":"purchasable","13":"product-type-simple"},"acf":[],"yoast_head":"<!-- This site is optimized with the Yoast SEO plugin v27.2 - https:\/\/yoast.com\/product\/yoast-seo-wordpress\/ -->\n<title>\u041f\u0430\u043b\u0430\u0442\u043a\u0430 Hannah Falcon 2 - \u041c\u0430\u0433\u0430\u0437\u0438\u043d Xstyle<\/title>\n<meta name=\"description\" content=\"\u041f\u0430\u043b\u0430\u0442\u043a\u0430 Hannah Falcon 2 \u0434\u043b\u044f 2-\u0445 \u0447\u0435\u043b\u043e\u0432\u0435\u043a. \u041b\u0435\u0433\u043a\u0430\u044f, \u0441 2 \u0432\u0445\u043e\u0434\u0430\u043c\u0438 \u0438 \u0445\u043e\u0440\u043e\u0448\u0435\u0439 \u0432\u0435\u043d\u0442\u0438\u043b\u044f\u0446\u0438\u0435\u0439. \u0418\u0434\u0435\u0430\u043b\u044c\u043d\u044b\u0439 \u0432\u044b\u0431\u043e\u0440 \u0434\u043b\u044f \u043a\u0435\u043c\u043f\u0438\u043d\u0433\u0430! \u0414\u043e\u043b\u0433\u043e\u0432\u0435\u0447\u043d\u043e\u0441\u0442\u044c \u0438 \u043a\u043e\u043c\u0444\u043e\u0440\u0442 \u0432 \u0434\u043e\u0440\u043e\u0433\u0435.\" \/>\n<meta name=\"robots\" content=\"index, follow, max-snippet:-1, max-image-preview:large, max-video-preview:-1\" \/>\n<link rel=\"canonical\" href=\"https:\/\/xstyle.md\/ro\/produs\/palatka-hannah-falcon-2\/\" \/>\n<meta property=\"og:locale\" content=\"ro_RO\" \/>\n<meta property=\"og:type\" content=\"article\" \/>\n<meta property=\"og:title\" content=\"\u041f\u0430\u043b\u0430\u0442\u043a\u0430 Hannah Falcon 2 - \u041c\u0430\u0433\u0430\u0437\u0438\u043d Xstyle\" \/>\n<meta property=\"og:description\" content=\"\u041f\u0430\u043b\u0430\u0442\u043a\u0430 Hannah Falcon 2 \u0434\u043b\u044f 2-\u0445 \u0447\u0435\u043b\u043e\u0432\u0435\u043a. \u041b\u0435\u0433\u043a\u0430\u044f, \u0441 2 \u0432\u0445\u043e\u0434\u0430\u043c\u0438 \u0438 \u0445\u043e\u0440\u043e\u0448\u0435\u0439 \u0432\u0435\u043d\u0442\u0438\u043b\u044f\u0446\u0438\u0435\u0439. \u0418\u0434\u0435\u0430\u043b\u044c\u043d\u044b\u0439 \u0432\u044b\u0431\u043e\u0440 \u0434\u043b\u044f \u043a\u0435\u043c\u043f\u0438\u043d\u0433\u0430! \u0414\u043e\u043b\u0433\u043e\u0432\u0435\u0447\u043d\u043e\u0441\u0442\u044c \u0438 \u043a\u043e\u043c\u0444\u043e\u0440\u0442 \u0432 \u0434\u043e\u0440\u043e\u0433\u0435.\" \/>\n<meta property=\"og:url\" content=\"https:\/\/xstyle.md\/ro\/produs\/palatka-hannah-falcon-2\/\" \/>\n<meta property=\"og:site_name\" content=\"\u041c\u0430\u0433\u0430\u0437\u0438\u043d Xstyle\" \/>\n<meta property=\"article:publisher\" content=\"https:\/\/www.facebook.com\/xstylemd\" \/>\n<meta property=\"article:modified_time\" content=\"2026-03-19T13:33:41+00:00\" \/>\n<meta property=\"og:image\" content=\"https:\/\/xstyle.md\/wp-content\/uploads\/2020\/07\/10001888hhx_falcon_2_treetop.jpg\" \/>\n\t<meta property=\"og:image:width\" content=\"1024\" \/>\n\t<meta property=\"og:image:height\" content=\"600\" \/>\n\t<meta property=\"og:image:type\" content=\"image\/jpeg\" \/>\n<meta name=\"twitter:card\" content=\"summary_large_image\" \/>\n<meta name=\"twitter:label1\" content=\"Pre\u021b\" \/>\n\t<meta name=\"twitter:data1\" content=\"8.290&nbsp;MDL\" \/>\n\t<meta name=\"twitter:label2\" content=\"Disponibilitate\" \/>\n\t<meta name=\"twitter:data2\" content=\"\u00cen stoc\" \/>\n<script type=\"application\/ld+json\" class=\"yoast-schema-graph\">{\"@context\":\"https:\/\/schema.org\",\"@graph\":[{\"@type\":\"WebPage\",\"@id\":\"https:\/\/xstyle.md\/product\/palatka-hannah-falcon-2\/\",\"url\":\"https:\/\/xstyle.md\/product\/palatka-hannah-falcon-2\/\",\"name\":\"\u041f\u0430\u043b\u0430\u0442\u043a\u0430 Hannah Falcon 2 - \u041c\u0430\u0433\u0430\u0437\u0438\u043d Xstyle\",\"isPartOf\":{\"@id\":\"https:\/\/xstyle.md\/#website\"},\"primaryImageOfPage\":{\"@id\":\"https:\/\/xstyle.md\/product\/palatka-hannah-falcon-2\/#primaryimage\"},\"image\":{\"@id\":\"https:\/\/xstyle.md\/product\/palatka-hannah-falcon-2\/#primaryimage\"},\"thumbnailUrl\":\"https:\/\/xstyle.md\/wp-content\/uploads\/2020\/07\/10001888hhx_falcon_2_treetop.jpg\",\"datePublished\":\"2020-07-16T18:59:51+00:00\",\"dateModified\":\"2026-03-19T13:33:41+00:00\",\"description\":\"\u041f\u0430\u043b\u0430\u0442\u043a\u0430 Hannah Falcon 2 \u0434\u043b\u044f 2-\u0445 \u0447\u0435\u043b\u043e\u0432\u0435\u043a. \u041b\u0435\u0433\u043a\u0430\u044f, \u0441 2 \u0432\u0445\u043e\u0434\u0430\u043c\u0438 \u0438 \u0445\u043e\u0440\u043e\u0448\u0435\u0439 \u0432\u0435\u043d\u0442\u0438\u043b\u044f\u0446\u0438\u0435\u0439. \u0418\u0434\u0435\u0430\u043b\u044c\u043d\u044b\u0439 \u0432\u044b\u0431\u043e\u0440 \u0434\u043b\u044f \u043a\u0435\u043c\u043f\u0438\u043d\u0433\u0430! \u0414\u043e\u043b\u0433\u043e\u0432\u0435\u0447\u043d\u043e\u0441\u0442\u044c \u0438 \u043a\u043e\u043c\u0444\u043e\u0440\u0442 \u0432 \u0434\u043e\u0440\u043e\u0433\u0435.\",\"breadcrumb\":{\"@id\":\"https:\/\/xstyle.md\/product\/palatka-hannah-falcon-2\/#breadcrumb\"},\"inLanguage\":\"ro-RO\",\"potentialAction\":[{\"@type\":\"ReadAction\",\"target\":[\"https:\/\/xstyle.md\/product\/palatka-hannah-falcon-2\/\"]}]},{\"@type\":\"ImageObject\",\"inLanguage\":\"ro-RO\",\"@id\":\"https:\/\/xstyle.md\/product\/palatka-hannah-falcon-2\/#primaryimage\",\"url\":\"https:\/\/xstyle.md\/wp-content\/uploads\/2020\/07\/10001888hhx_falcon_2_treetop.jpg\",\"contentUrl\":\"https:\/\/xstyle.md\/wp-content\/uploads\/2020\/07\/10001888hhx_falcon_2_treetop.jpg\",\"width\":1024,\"height\":600},{\"@type\":\"BreadcrumbList\",\"@id\":\"https:\/\/xstyle.md\/product\/palatka-hannah-falcon-2\/#breadcrumb\",\"itemListElement\":[{\"@type\":\"ListItem\",\"position\":1,\"name\":\"\u0413\u043b\u0430\u0432\u043d\u0430\u044f \u0441\u0442\u0440\u0430\u043d\u0438\u0446\u0430\",\"item\":\"https:\/\/xstyle.md\/\"},{\"@type\":\"ListItem\",\"position\":2,\"name\":\"\u041c\u0430\u0433\u0430\u0437\u0438\u043d\",\"item\":\"https:\/\/xstyle.md\/shop\/\"},{\"@type\":\"ListItem\",\"position\":3,\"name\":\"\u041f\u0430\u043b\u0430\u0442\u043a\u0430 Hannah Falcon 2\"}]},{\"@type\":\"WebSite\",\"@id\":\"https:\/\/xstyle.md\/#website\",\"url\":\"https:\/\/xstyle.md\/\",\"name\":\"\u041c\u0430\u0433\u0430\u0437\u0438\u043d Xstyle\",\"description\":\"C\u043d\u0430\u0440\u044f\u0436\u0435\u043d\u0438\u0435 \u0434\u043b\u044f \u0442\u0443\u0440\u0438\u0437\u043c\u0430 \u0438 \u044d\u043a\u0441\u0442\u0440\u0435\u043c\u0430\u043b\u044c\u043d\u044b\u0445 \u0432\u0438\u0434\u043e\u0432 \u0441\u043f\u043e\u0440\u0442\u0430 \u0432 \u041c\u043e\u043b\u0434\u043e\u0432\u0435.. \u0426\u0435\u043d\u044b, \u0444\u043e\u0442\u043e, \u0445\u0430\u0440\u0430\u043a\u0442\u0435\u0440\u0438\u0441\u0442\u0438\u043a\u0438 \u0432 \u041c\u043e\u043b\u0434\u043e\u0432\u0435.\",\"publisher\":{\"@id\":\"https:\/\/xstyle.md\/#organization\"},\"alternateName\":\"X-Style\",\"potentialAction\":[{\"@type\":\"SearchAction\",\"target\":{\"@type\":\"EntryPoint\",\"urlTemplate\":\"https:\/\/xstyle.md\/?s={search_term_string}\"},\"query-input\":{\"@type\":\"PropertyValueSpecification\",\"valueRequired\":true,\"valueName\":\"search_term_string\"}}],\"inLanguage\":\"ro-RO\"},{\"@type\":\"Organization\",\"@id\":\"https:\/\/xstyle.md\/#organization\",\"name\":\"\u041c\u0430\u0433\u0430\u0437\u0438\u043d Xstyle\",\"alternateName\":\"x-style\",\"url\":\"https:\/\/xstyle.md\/\",\"logo\":{\"@type\":\"ImageObject\",\"inLanguage\":\"ro-RO\",\"@id\":\"https:\/\/xstyle.md\/#\/schema\/logo\/image\/\",\"url\":\"https:\/\/xstyle.md\/wp-content\/uploads\/2020\/06\/logoicon.svg\",\"contentUrl\":\"https:\/\/xstyle.md\/wp-content\/uploads\/2020\/06\/logoicon.svg\",\"caption\":\"\u041c\u0430\u0433\u0430\u0437\u0438\u043d Xstyle\"},\"image\":{\"@id\":\"https:\/\/xstyle.md\/#\/schema\/logo\/image\/\"},\"sameAs\":[\"https:\/\/www.facebook.com\/xstylemd\",\"https:\/\/www.instagram.com\/xstyle_md\/\",\"https:\/\/t.me\/xstyle_outdoor\"],\"hasMerchantReturnPolicy\":{\"@type\":\"MerchantReturnPolicy\",\"merchantReturnLink\":\"https:\/\/xstyle.md\/ro\/conditions\/\"}}]}<\/script>\n<meta property=\"product:price:amount\" content=\"8290.00\" \/>\n<meta property=\"product:price:currency\" content=\"MDL\" \/>\n<meta property=\"og:availability\" content=\"instock\" \/>\n<meta property=\"product:availability\" content=\"instock\" \/>\n<meta property=\"product:retailer_item_id\" content=\"8591203089029\" \/>\n<meta property=\"product:condition\" content=\"new\" \/>\n<!-- \/ Yoast SEO plugin. -->","yoast_head_json":{"title":"Cort Hannah Falcon 2 - Magazin Xstyle","description":"Cortul Hannah Falcon 2 pentru 2 persoane. U\u0219or, cu 2 intr\u0103ri \u0219i o bun\u0103 ventila\u021bie. O alegere ideal\u0103 pentru camping! Durabilitate \u0219i confort \u00een c\u0103l\u0103torie.","robots":{"index":"index","follow":"follow","max-snippet":"max-snippet:-1","max-image-preview":"max-image-preview:large","max-video-preview":"max-video-preview:-1"},"canonical":"https:\/\/xstyle.md\/ro\/produs\/palatka-hannah-falcon-2\/","og_locale":"ro_RO","og_type":"article","og_title":"\u041f\u0430\u043b\u0430\u0442\u043a\u0430 Hannah Falcon 2 - \u041c\u0430\u0433\u0430\u0437\u0438\u043d Xstyle","og_description":"\u041f\u0430\u043b\u0430\u0442\u043a\u0430 Hannah Falcon 2 \u0434\u043b\u044f 2-\u0445 \u0447\u0435\u043b\u043e\u0432\u0435\u043a. \u041b\u0435\u0433\u043a\u0430\u044f, \u0441 2 \u0432\u0445\u043e\u0434\u0430\u043c\u0438 \u0438 \u0445\u043e\u0440\u043e\u0448\u0435\u0439 \u0432\u0435\u043d\u0442\u0438\u043b\u044f\u0446\u0438\u0435\u0439. \u0418\u0434\u0435\u0430\u043b\u044c\u043d\u044b\u0439 \u0432\u044b\u0431\u043e\u0440 \u0434\u043b\u044f \u043a\u0435\u043c\u043f\u0438\u043d\u0433\u0430! \u0414\u043e\u043b\u0433\u043e\u0432\u0435\u0447\u043d\u043e\u0441\u0442\u044c \u0438 \u043a\u043e\u043c\u0444\u043e\u0440\u0442 \u0432 \u0434\u043e\u0440\u043e\u0433\u0435.","og_url":"https:\/\/xstyle.md\/ro\/produs\/palatka-hannah-falcon-2\/","og_site_name":"\u041c\u0430\u0433\u0430\u0437\u0438\u043d Xstyle","article_publisher":"https:\/\/www.facebook.com\/xstylemd","article_modified_time":"2026-03-19T13:33:41+00:00","og_image":[{"width":1024,"height":600,"url":"https:\/\/xstyle.md\/wp-content\/uploads\/2020\/07\/10001888hhx_falcon_2_treetop.jpg","type":"image\/jpeg"}],"twitter_card":"summary_large_image","twitter_misc":{"Pre\u021b":"8.290&nbsp;MDL","Disponibilitate":"\u00cen stoc"},"schema":{"@context":"https:\/\/schema.org","@graph":[{"@type":"WebPage","@id":"https:\/\/xstyle.md\/product\/palatka-hannah-falcon-2\/","url":"https:\/\/xstyle.md\/product\/palatka-hannah-falcon-2\/","name":"Cort Hannah Falcon 2 - Magazin Xstyle","isPartOf":{"@id":"https:\/\/xstyle.md\/#website"},"primaryImageOfPage":{"@id":"https:\/\/xstyle.md\/product\/palatka-hannah-falcon-2\/#primaryimage"},"image":{"@id":"https:\/\/xstyle.md\/product\/palatka-hannah-falcon-2\/#primaryimage"},"thumbnailUrl":"https:\/\/xstyle.md\/wp-content\/uploads\/2020\/07\/10001888hhx_falcon_2_treetop.jpg","datePublished":"2020-07-16T18:59:51+00:00","dateModified":"2026-03-19T13:33:41+00:00","description":"Cortul Hannah Falcon 2 pentru 2 persoane. U\u0219or, cu 2 intr\u0103ri \u0219i o bun\u0103 ventila\u021bie. O alegere ideal\u0103 pentru camping! Durabilitate \u0219i confort \u00een c\u0103l\u0103torie.","breadcrumb":{"@id":"https:\/\/xstyle.md\/product\/palatka-hannah-falcon-2\/#breadcrumb"},"inLanguage":"ro-RO","potentialAction":[{"@type":"ReadAction","target":["https:\/\/xstyle.md\/product\/palatka-hannah-falcon-2\/"]}]},{"@type":"ImageObject","inLanguage":"ro-RO","@id":"https:\/\/xstyle.md\/product\/palatka-hannah-falcon-2\/#primaryimage","url":"https:\/\/xstyle.md\/wp-content\/uploads\/2020\/07\/10001888hhx_falcon_2_treetop.jpg","contentUrl":"https:\/\/xstyle.md\/wp-content\/uploads\/2020\/07\/10001888hhx_falcon_2_treetop.jpg","width":1024,"height":600},{"@type":"BreadcrumbList","@id":"https:\/\/xstyle.md\/product\/palatka-hannah-falcon-2\/#breadcrumb","itemListElement":[{"@type":"ListItem","position":1,"name":"\u0413\u043b\u0430\u0432\u043d\u0430\u044f \u0441\u0442\u0440\u0430\u043d\u0438\u0446\u0430","item":"https:\/\/xstyle.md\/"},{"@type":"ListItem","position":2,"name":"\u041c\u0430\u0433\u0430\u0437\u0438\u043d","item":"https:\/\/xstyle.md\/shop\/"},{"@type":"ListItem","position":3,"name":"\u041f\u0430\u043b\u0430\u0442\u043a\u0430 Hannah Falcon 2"}]},{"@type":"WebSite","@id":"https:\/\/xstyle.md\/#website","url":"https:\/\/xstyle.md\/","name":"Magazinul X-Style","description":"Echipamente pentru turism \u0219i sporturi extreme \u00een Moldova. Pre\u021buri, fotografii, caracteristici \u00een Moldova.","publisher":{"@id":"https:\/\/xstyle.md\/#organization"},"alternateName":"X-Style","potentialAction":[{"@type":"SearchAction","target":{"@type":"EntryPoint","urlTemplate":"https:\/\/xstyle.md\/?s={search_term_string}"},"query-input":{"@type":"PropertyValueSpecification","valueRequired":true,"valueName":"search_term_string"}}],"inLanguage":"ro-RO"},{"@type":"Organization","@id":"https:\/\/xstyle.md\/#organization","name":"Magazinul X-Style","alternateName":"x-style","url":"https:\/\/xstyle.md\/","logo":{"@type":"ImageObject","inLanguage":"ro-RO","@id":"https:\/\/xstyle.md\/#\/schema\/logo\/image\/","url":"https:\/\/xstyle.md\/wp-content\/uploads\/2020\/06\/logoicon.svg","contentUrl":"https:\/\/xstyle.md\/wp-content\/uploads\/2020\/06\/logoicon.svg","caption":"\u041c\u0430\u0433\u0430\u0437\u0438\u043d Xstyle"},"image":{"@id":"https:\/\/xstyle.md\/#\/schema\/logo\/image\/"},"sameAs":["https:\/\/www.facebook.com\/xstylemd","https:\/\/www.instagram.com\/xstyle_md\/","https:\/\/t.me\/xstyle_outdoor"],"hasMerchantReturnPolicy":{"@type":"MerchantReturnPolicy","merchantReturnLink":"https:\/\/xstyle.md\/ro\/conditions\/"}}]},"product_price_amount":"8290.00","product_price_currency":"MDL","og_availability":"instock","product_availability":"instock","product_retailer_item_id":"8591203089029","product_condition":"new"},"post_mailing_queue_ids":[],"_links":{"self":[{"href":"https:\/\/xstyle.md\/ro\/wp-json\/wp\/v2\/product\/6744","targetHints":{"allow":["GET"]}}],"collection":[{"href":"https:\/\/xstyle.md\/ro\/wp-json\/wp\/v2\/product"}],"about":[{"href":"https:\/\/xstyle.md\/ro\/wp-json\/wp\/v2\/types\/product"}],"replies":[{"embeddable":true,"href":"https:\/\/xstyle.md\/ro\/wp-json\/wp\/v2\/comments?post=6744"}],"wp:featuredmedia":[{"embeddable":true,"href":"https:\/\/xstyle.md\/ro\/wp-json\/wp\/v2\/media\/6733"}],"wp:attachment":[{"href":"https:\/\/xstyle.md\/ro\/wp-json\/wp\/v2\/media?parent=6744"}],"wp:term":[{"taxonomy":"product_brand","embeddable":true,"href":"https:\/\/xstyle.md\/ro\/wp-json\/wp\/v2\/product_brand?post=6744"},{"taxonomy":"product_cat","embeddable":true,"href":"https:\/\/xstyle.md\/ro\/wp-json\/wp\/v2\/product_cat?post=6744"},{"taxonomy":"product_tag","embeddable":true,"href":"https:\/\/xstyle.md\/ro\/wp-json\/wp\/v2\/product_tag?post=6744"}],"curies":[{"name":"wp","href":"https:\/\/api.w.org\/{rel}","templated":true}]}}