{"id":67357,"date":"2023-04-21T14:10:21","date_gmt":"2023-04-21T11:10:21","guid":{"rendered":"https:\/\/xstyle.md\/?post_type=product&#038;p=67357"},"modified":"2026-03-04T12:14:36","modified_gmt":"2026-03-04T09:14:36","slug":"ryukzak-thule-crossover-2-laptop-20l-black","status":"publish","type":"product","link":"https:\/\/xstyle.md\/ro\/produs\/ryukzak-thule-crossover-2-laptop-20l-black\/","title":{"rendered":"Rucsac Thule Crossover 2 laptop 20L black"},"content":{"rendered":"<\/p>\n<p><strong>Thule Crossover 2 laptop 20L black<\/strong> &#8212; rucsac robust pentru laptop de zi cu zi, conceput pentru a v\u0103 depozita \u0219i proteja cu u\u0219urin\u021b\u0103 bunurile \u00een timp ce sunte\u021bi \u00een mi\u0219care.<\/p>\n<p>Buzunarul SafeZone, rezistent la impact, p\u0103streaz\u0103 obiectele fragile \u00een siguran\u021b\u0103, \u00een timp ce PowerPocket p\u0103streaz\u0103 cablurile de \u00eenc\u0103rcare bine aranjate \u0219i faciliteaz\u0103 \u00eenc\u0103rcarea dispozitivelor electronice \u00een timpul deplas\u0103rii. Un buzunar de blocare radio v\u0103 protejeaz\u0103 informa\u021biile personale \u00eempotriva furtului, iar cele dou\u0103 compartimente dens c\u0103ptu\u0219ite sunt perfecte pentru un laptop de 14&#8243; sau o tablet\u0103 de 10,1&#8243;. Elegantul rucsac pentru laptop Thule Crossover 2 Professional Laptop Backpack este fabricat din materiale u\u0219oare \u0219i impermeabile pentru a v\u0103 p\u0103stra bunurile \u00een siguran\u021b\u0103.<\/p>\n<h3>Particularit\u0103\u021bi<\/h3>\n<ul>\n<li>Compartimentul SafeZone termoformat, de mare impact, cu buzunar de depozitare cu fermoar, p\u0103streaz\u0103 toate obiectele mici \u00een siguran\u021b\u0103, facilit\u00e2ndu-v\u0103 \u00een acela\u0219i timp g\u0103sirea \u0219i accesul la ceea ce ave\u021bi nevoie.<\/li>\n<li>Compartiment special c\u0103ptu\u0219it cu design SafeEdge pentru a v\u0103 proteja laptopul de 14&#8243;.<\/li>\n<li>A\u0219eza\u021bi \u00een mod convenabil micile dispozitive electronice \u0219i accesorii \u00een partea din fa\u021b\u0103 cu ajutorul buzunarelor patch, a buclelor elastice, a buzunarului cu plas\u0103 cu fermoar \u0219i a sistemului de gestionare a cablurilor PowerPocket pentru a \u00eenc\u0103rca dispozitivele \u00een timpul deplas\u0103rii<\/li>\n<li>Hus\u0103 special\u0103 c\u0103ptu\u0219it\u0103 pentru depozitarea \u0219i protejarea tabletei dvs. de 10,1&#187;<\/li>\n<li>Compartimentul principal dispune de un buzunar cu fermoar cu plas\u0103 \u0219i un buzunar mare cu patch-uri pentru depozitare separat\u0103<\/li>\n<li>Buzunare laterale spa\u021bioase cu fermoar pentru sticle de ap\u0103 \u0219i umbrele<\/li>\n<li>Buzunar de blocare a identific\u0103rii prin radiofrecven\u021b\u0103 (RFID) pentru a proteja documentele \u0219i datele personale<\/li>\n<li>Panou special pentru fixarea sigur\u0103 a rucsacului pe o valiz\u0103 cu ro\u021bi<\/li>\n<li>Construc\u021bie robust\u0103 cu inser\u021bii proeminente pentru protec\u021bie suplimentar\u0103, material u\u0219or, rezistent la abraziune \u0219i fermoare mari #10<\/li>\n<\/ul>\n<h3>Caracteristici<\/h3>\n<ul>\n<li>Greutate &#8212; 1090 g<\/li>\n<li>Volum &#8212; 20 litri<\/li>\n<li>Dimensiuni &#8212; 31 x 19 x 43 (H x L x P) cm<\/li>\n<li>Compartiment pentru laptop &#8212; 34,8 x 24,3 x 2,5 cm<\/li>\n<li>Material &#8212; nailon<\/li>\n<li>Potrivit\u0103 pentru bagaje de m\u00e2n\u0103<\/li>\n<li>Hus\u0103 de ploaie &#8212; nu<\/li>\n<li>Ventila\u021bie &#8212; da<\/li>\n<li>Scop &#8212; drume\u021bii, urban<\/li>\n<li>Model &#8212; unisex<\/li>\n<\/ul>\n<h3>Marca<\/h3>\n<p>THULE este o companie interna\u021bional\u0103 de top, recunoscut\u0103 la nivel mondial ca produc\u0103tor de top de sisteme de bagaje \u0219i cutii auto. THULE fabric\u0103 produse premium, renumite pentru calitatea lor de neegalat, siguran\u021b\u0103, u\u0219urin\u021b\u0103 \u00een utilizare \u0219i design elegant. Produsele THULE sunt potrivite pentru persoanele care prefer\u0103 activit\u0103\u021bile \u00een aer liber, sunt pasionate de sport, c\u0103l\u0103toresc mult \u0219i apreciaz\u0103 solu\u021biile bine g\u00e2ndite.<\/p>\n<p><\/p>","protected":false},"excerpt":{"rendered":"","protected":false},"featured_media":68164,"comment_status":"open","ping_status":"closed","template":"","meta":{"_acf_changed":false,"inline_featured_image":false},"product_brand":[1269],"product_cat":[846],"product_tag":[],"class_list":{"0":"post-67357","1":"product","2":"type-product","3":"status-publish","4":"has-post-thumbnail","6":"product_brand-thule","7":"product_cat-city-bag","9":"first","10":"outofstock","11":"shipping-taxable","12":"product-type-simple"},"acf":[],"yoast_head":"<!-- This site is optimized with the Yoast SEO plugin v27.2 - https:\/\/yoast.com\/product\/yoast-seo-wordpress\/ -->\n<title>\u0420\u044e\u043a\u0437\u0430\u043a Thule Crossover 2 laptop 20L black - \u041c\u0430\u0433\u0430\u0437\u0438\u043d Xstyle<\/title>\n<meta name=\"description\" content=\"\u041a\u0443\u043f\u0438\u0442\u044c \u0440\u044e\u043a\u0437\u0430\u043a Thule Crossover 2 20L \u0447\u0435\u0440\u043d\u044b\u0439 \u0434\u043b\u044f \u043d\u043e\u0443\u0442\u0431\u0443\u043a\u0430. \u0417\u0430\u0449\u0438\u0442\u0430 \u0432\u0430\u0448\u0438\u0445 \u0432\u0435\u0449\u0435\u0439 \u0441 \u043a\u0430\u0440\u043c\u0430\u043d\u043e\u043c SafeZone \u0438 PowerPocket. \u0418\u0434\u0435\u0430\u043b\u0435\u043d \u0434\u043b\u044f \u043f\u043e\u0432\u0441\u0435\u0434\u043d\u0435\u0432\u043d\u043e\u0433\u043e \u0438\u0441\u043f\u043e\u043b\u044c\u0437\u043e\u0432\u0430\u043d\u0438\u044f!\" \/>\n<meta name=\"robots\" content=\"index, follow, max-snippet:-1, max-image-preview:large, max-video-preview:-1\" \/>\n<link rel=\"canonical\" href=\"https:\/\/xstyle.md\/ro\/produs\/ryukzak-thule-crossover-2-laptop-20l-black\/\" \/>\n<meta property=\"og:locale\" content=\"ro_RO\" \/>\n<meta property=\"og:type\" content=\"article\" \/>\n<meta property=\"og:title\" content=\"\u0420\u044e\u043a\u0437\u0430\u043a Thule Crossover 2 laptop 20L black - \u041c\u0430\u0433\u0430\u0437\u0438\u043d Xstyle\" \/>\n<meta property=\"og:description\" content=\"\u041a\u0443\u043f\u0438\u0442\u044c \u0440\u044e\u043a\u0437\u0430\u043a Thule Crossover 2 20L \u0447\u0435\u0440\u043d\u044b\u0439 \u0434\u043b\u044f \u043d\u043e\u0443\u0442\u0431\u0443\u043a\u0430. \u0417\u0430\u0449\u0438\u0442\u0430 \u0432\u0430\u0448\u0438\u0445 \u0432\u0435\u0449\u0435\u0439 \u0441 \u043a\u0430\u0440\u043c\u0430\u043d\u043e\u043c SafeZone \u0438 PowerPocket. \u0418\u0434\u0435\u0430\u043b\u0435\u043d \u0434\u043b\u044f \u043f\u043e\u0432\u0441\u0435\u0434\u043d\u0435\u0432\u043d\u043e\u0433\u043e \u0438\u0441\u043f\u043e\u043b\u044c\u0437\u043e\u0432\u0430\u043d\u0438\u044f!\" \/>\n<meta property=\"og:url\" content=\"https:\/\/xstyle.md\/ro\/produs\/ryukzak-thule-crossover-2-laptop-20l-black\/\" \/>\n<meta property=\"og:site_name\" content=\"\u041c\u0430\u0433\u0430\u0437\u0438\u043d Xstyle\" \/>\n<meta property=\"article:publisher\" content=\"https:\/\/www.facebook.com\/xstylemd\" \/>\n<meta property=\"article:modified_time\" content=\"2026-03-04T09:14:36+00:00\" \/>\n<meta property=\"og:image\" content=\"https:\/\/xstyle.md\/wp-content\/uploads\/2023\/04\/thule-crossover-2-laptop-20l-black.jpg\" \/>\n\t<meta property=\"og:image:width\" content=\"1488\" \/>\n\t<meta property=\"og:image:height\" content=\"1396\" \/>\n\t<meta property=\"og:image:type\" content=\"image\/jpeg\" \/>\n<meta name=\"twitter:card\" content=\"summary_large_image\" \/>\n<meta name=\"twitter:label1\" content=\"Pre\u021b\" \/>\n\t<meta name=\"twitter:data1\" content=\"3.490&nbsp;MDL\" \/>\n\t<meta name=\"twitter:label2\" content=\"Disponibilitate\" \/>\n\t<meta name=\"twitter:data2\" content=\"Stoc epuizat\" \/>\n<script type=\"application\/ld+json\" class=\"yoast-schema-graph\">{\"@context\":\"https:\/\/schema.org\",\"@graph\":[{\"@type\":\"WebPage\",\"@id\":\"https:\/\/xstyle.md\/product\/ryukzak-thule-crossover-2-laptop-20l-black\/\",\"url\":\"https:\/\/xstyle.md\/product\/ryukzak-thule-crossover-2-laptop-20l-black\/\",\"name\":\"\u0420\u044e\u043a\u0437\u0430\u043a Thule Crossover 2 laptop 20L black - \u041c\u0430\u0433\u0430\u0437\u0438\u043d Xstyle\",\"isPartOf\":{\"@id\":\"https:\/\/xstyle.md\/#website\"},\"primaryImageOfPage\":{\"@id\":\"https:\/\/xstyle.md\/product\/ryukzak-thule-crossover-2-laptop-20l-black\/#primaryimage\"},\"image\":{\"@id\":\"https:\/\/xstyle.md\/product\/ryukzak-thule-crossover-2-laptop-20l-black\/#primaryimage\"},\"thumbnailUrl\":\"https:\/\/xstyle.md\/wp-content\/uploads\/2023\/04\/thule-crossover-2-laptop-20l-black.jpg\",\"datePublished\":\"2023-04-21T11:10:21+00:00\",\"dateModified\":\"2026-03-04T09:14:36+00:00\",\"description\":\"\u041a\u0443\u043f\u0438\u0442\u044c \u0440\u044e\u043a\u0437\u0430\u043a Thule Crossover 2 20L \u0447\u0435\u0440\u043d\u044b\u0439 \u0434\u043b\u044f \u043d\u043e\u0443\u0442\u0431\u0443\u043a\u0430. \u0417\u0430\u0449\u0438\u0442\u0430 \u0432\u0430\u0448\u0438\u0445 \u0432\u0435\u0449\u0435\u0439 \u0441 \u043a\u0430\u0440\u043c\u0430\u043d\u043e\u043c SafeZone \u0438 PowerPocket. \u0418\u0434\u0435\u0430\u043b\u0435\u043d \u0434\u043b\u044f \u043f\u043e\u0432\u0441\u0435\u0434\u043d\u0435\u0432\u043d\u043e\u0433\u043e \u0438\u0441\u043f\u043e\u043b\u044c\u0437\u043e\u0432\u0430\u043d\u0438\u044f!\",\"breadcrumb\":{\"@id\":\"https:\/\/xstyle.md\/product\/ryukzak-thule-crossover-2-laptop-20l-black\/#breadcrumb\"},\"inLanguage\":\"ro-RO\",\"potentialAction\":[{\"@type\":\"ReadAction\",\"target\":[\"https:\/\/xstyle.md\/product\/ryukzak-thule-crossover-2-laptop-20l-black\/\"]}]},{\"@type\":\"ImageObject\",\"inLanguage\":\"ro-RO\",\"@id\":\"https:\/\/xstyle.md\/product\/ryukzak-thule-crossover-2-laptop-20l-black\/#primaryimage\",\"url\":\"https:\/\/xstyle.md\/wp-content\/uploads\/2023\/04\/thule-crossover-2-laptop-20l-black.jpg\",\"contentUrl\":\"https:\/\/xstyle.md\/wp-content\/uploads\/2023\/04\/thule-crossover-2-laptop-20l-black.jpg\",\"width\":1488,\"height\":1396,\"caption\":\"\u0420\u044e\u043a\u0437\u0430\u043a Thule Crossover 2 20L \u0434\u043b\u044f \u043d\u043e\u0443\u0442\u0431\u0443\u043a\u0430 \u043d\u0430 \u043e\u043d\u043b\u0430\u0439\u043d \u043c\u0430\u0433\u0430\u0437\u0438\u043d\u0435 \u0441\u043f\u043e\u0440\u0442\u0438\u0432\u043d\u043e\u0439 \u043e\u0434\u0435\u0436\u0434\u044b \u043e\u0431\u0443\u0432\u0438 \u0438 \u0441\u043d\u0430\u0440\u044f\u0436\u0435\u043d\u0438\u044f \u0434\u043b\u044f \u0430\u043a\u0442\u0438\u0432\u043d\u043e\u0433\u043e \u043e\u0442\u0434\u044b\u0445\u0430, \u043f\u043e\u0445\u043e\u0434\u043e\u0432 \u0438 \u043f\u0443\u0442\u0435\u0448\u0435\u0441\u0442\u0432\u0438\u0439\"},{\"@type\":\"BreadcrumbList\",\"@id\":\"https:\/\/xstyle.md\/product\/ryukzak-thule-crossover-2-laptop-20l-black\/#breadcrumb\",\"itemListElement\":[{\"@type\":\"ListItem\",\"position\":1,\"name\":\"\u0413\u043b\u0430\u0432\u043d\u0430\u044f \u0441\u0442\u0440\u0430\u043d\u0438\u0446\u0430\",\"item\":\"https:\/\/xstyle.md\/\"},{\"@type\":\"ListItem\",\"position\":2,\"name\":\"\u041c\u0430\u0433\u0430\u0437\u0438\u043d\",\"item\":\"https:\/\/xstyle.md\/shop\/\"},{\"@type\":\"ListItem\",\"position\":3,\"name\":\"\u0420\u044e\u043a\u0437\u0430\u043a Thule Crossover 2 laptop 20L black\"}]},{\"@type\":\"WebSite\",\"@id\":\"https:\/\/xstyle.md\/#website\",\"url\":\"https:\/\/xstyle.md\/\",\"name\":\"\u041c\u0430\u0433\u0430\u0437\u0438\u043d Xstyle\",\"description\":\"C\u043d\u0430\u0440\u044f\u0436\u0435\u043d\u0438\u0435 \u0434\u043b\u044f \u0442\u0443\u0440\u0438\u0437\u043c\u0430 \u0438 \u044d\u043a\u0441\u0442\u0440\u0435\u043c\u0430\u043b\u044c\u043d\u044b\u0445 \u0432\u0438\u0434\u043e\u0432 \u0441\u043f\u043e\u0440\u0442\u0430 \u0432 \u041c\u043e\u043b\u0434\u043e\u0432\u0435.. \u0426\u0435\u043d\u044b, \u0444\u043e\u0442\u043e, \u0445\u0430\u0440\u0430\u043a\u0442\u0435\u0440\u0438\u0441\u0442\u0438\u043a\u0438 \u0432 \u041c\u043e\u043b\u0434\u043e\u0432\u0435.\",\"publisher\":{\"@id\":\"https:\/\/xstyle.md\/#organization\"},\"alternateName\":\"X-Style\",\"potentialAction\":[{\"@type\":\"SearchAction\",\"target\":{\"@type\":\"EntryPoint\",\"urlTemplate\":\"https:\/\/xstyle.md\/?s={search_term_string}\"},\"query-input\":{\"@type\":\"PropertyValueSpecification\",\"valueRequired\":true,\"valueName\":\"search_term_string\"}}],\"inLanguage\":\"ro-RO\"},{\"@type\":\"Organization\",\"@id\":\"https:\/\/xstyle.md\/#organization\",\"name\":\"\u041c\u0430\u0433\u0430\u0437\u0438\u043d Xstyle\",\"alternateName\":\"x-style\",\"url\":\"https:\/\/xstyle.md\/\",\"logo\":{\"@type\":\"ImageObject\",\"inLanguage\":\"ro-RO\",\"@id\":\"https:\/\/xstyle.md\/#\/schema\/logo\/image\/\",\"url\":\"https:\/\/xstyle.md\/wp-content\/uploads\/2020\/06\/logoicon.svg\",\"contentUrl\":\"https:\/\/xstyle.md\/wp-content\/uploads\/2020\/06\/logoicon.svg\",\"caption\":\"\u041c\u0430\u0433\u0430\u0437\u0438\u043d Xstyle\"},\"image\":{\"@id\":\"https:\/\/xstyle.md\/#\/schema\/logo\/image\/\"},\"sameAs\":[\"https:\/\/www.facebook.com\/xstylemd\",\"https:\/\/www.instagram.com\/xstyle_md\/\",\"https:\/\/t.me\/xstyle_outdoor\"],\"hasMerchantReturnPolicy\":{\"@type\":\"MerchantReturnPolicy\",\"merchantReturnLink\":\"https:\/\/xstyle.md\/ro\/conditions\/\"}}]}<\/script>\n<meta property=\"product:price:amount\" content=\"3490.00\" \/>\n<meta property=\"product:price:currency\" content=\"MDL\" \/>\n<meta property=\"og:availability\" content=\"out of stock\" \/>\n<meta property=\"product:availability\" content=\"out of stock\" \/>\n<meta property=\"product:retailer_item_id\" content=\"85854243254\" \/>\n<meta property=\"product:condition\" content=\"new\" \/>\n<!-- \/ Yoast SEO plugin. -->","yoast_head_json":{"title":"Rucsac Thule Crossover 2 laptop 20L black - Magazin Xstyle","description":"Cump\u0103ra\u021bi rucsacul Thule Crossover 2 20L negru pentru laptop. Proteja\u021bi-v\u0103 lucrurile cu compartimentul SafeZone \u0219i PowerPocket. Ideal pentru utilizarea zilnic\u0103!","robots":{"index":"index","follow":"follow","max-snippet":"max-snippet:-1","max-image-preview":"max-image-preview:large","max-video-preview":"max-video-preview:-1"},"canonical":"https:\/\/xstyle.md\/ro\/produs\/ryukzak-thule-crossover-2-laptop-20l-black\/","og_locale":"ro_RO","og_type":"article","og_title":"\u0420\u044e\u043a\u0437\u0430\u043a Thule Crossover 2 laptop 20L black - \u041c\u0430\u0433\u0430\u0437\u0438\u043d Xstyle","og_description":"\u041a\u0443\u043f\u0438\u0442\u044c \u0440\u044e\u043a\u0437\u0430\u043a Thule Crossover 2 20L \u0447\u0435\u0440\u043d\u044b\u0439 \u0434\u043b\u044f \u043d\u043e\u0443\u0442\u0431\u0443\u043a\u0430. \u0417\u0430\u0449\u0438\u0442\u0430 \u0432\u0430\u0448\u0438\u0445 \u0432\u0435\u0449\u0435\u0439 \u0441 \u043a\u0430\u0440\u043c\u0430\u043d\u043e\u043c SafeZone \u0438 PowerPocket. \u0418\u0434\u0435\u0430\u043b\u0435\u043d \u0434\u043b\u044f \u043f\u043e\u0432\u0441\u0435\u0434\u043d\u0435\u0432\u043d\u043e\u0433\u043e \u0438\u0441\u043f\u043e\u043b\u044c\u0437\u043e\u0432\u0430\u043d\u0438\u044f!","og_url":"https:\/\/xstyle.md\/ro\/produs\/ryukzak-thule-crossover-2-laptop-20l-black\/","og_site_name":"\u041c\u0430\u0433\u0430\u0437\u0438\u043d Xstyle","article_publisher":"https:\/\/www.facebook.com\/xstylemd","article_modified_time":"2026-03-04T09:14:36+00:00","og_image":[{"width":1488,"height":1396,"url":"https:\/\/xstyle.md\/wp-content\/uploads\/2023\/04\/thule-crossover-2-laptop-20l-black.jpg","type":"image\/jpeg"}],"twitter_card":"summary_large_image","twitter_misc":{"Pre\u021b":"3.490&nbsp;MDL","Disponibilitate":"Stoc epuizat"},"schema":{"@context":"https:\/\/schema.org","@graph":[{"@type":"WebPage","@id":"https:\/\/xstyle.md\/product\/ryukzak-thule-crossover-2-laptop-20l-black\/","url":"https:\/\/xstyle.md\/product\/ryukzak-thule-crossover-2-laptop-20l-black\/","name":"Rucsac Thule Crossover 2 laptop 20L black - Magazin Xstyle","isPartOf":{"@id":"https:\/\/xstyle.md\/#website"},"primaryImageOfPage":{"@id":"https:\/\/xstyle.md\/product\/ryukzak-thule-crossover-2-laptop-20l-black\/#primaryimage"},"image":{"@id":"https:\/\/xstyle.md\/product\/ryukzak-thule-crossover-2-laptop-20l-black\/#primaryimage"},"thumbnailUrl":"https:\/\/xstyle.md\/wp-content\/uploads\/2023\/04\/thule-crossover-2-laptop-20l-black.jpg","datePublished":"2023-04-21T11:10:21+00:00","dateModified":"2026-03-04T09:14:36+00:00","description":"Cump\u0103ra\u021bi rucsacul Thule Crossover 2 20L negru pentru laptop. Proteja\u021bi-v\u0103 lucrurile cu compartimentul SafeZone \u0219i PowerPocket. Ideal pentru utilizarea zilnic\u0103!","breadcrumb":{"@id":"https:\/\/xstyle.md\/product\/ryukzak-thule-crossover-2-laptop-20l-black\/#breadcrumb"},"inLanguage":"ro-RO","potentialAction":[{"@type":"ReadAction","target":["https:\/\/xstyle.md\/product\/ryukzak-thule-crossover-2-laptop-20l-black\/"]}]},{"@type":"ImageObject","inLanguage":"ro-RO","@id":"https:\/\/xstyle.md\/product\/ryukzak-thule-crossover-2-laptop-20l-black\/#primaryimage","url":"https:\/\/xstyle.md\/wp-content\/uploads\/2023\/04\/thule-crossover-2-laptop-20l-black.jpg","contentUrl":"https:\/\/xstyle.md\/wp-content\/uploads\/2023\/04\/thule-crossover-2-laptop-20l-black.jpg","width":1488,"height":1396,"caption":"\u0420\u044e\u043a\u0437\u0430\u043a Thule Crossover 2 20L \u0434\u043b\u044f \u043d\u043e\u0443\u0442\u0431\u0443\u043a\u0430 \u043d\u0430 \u043e\u043d\u043b\u0430\u0439\u043d \u043c\u0430\u0433\u0430\u0437\u0438\u043d\u0435 \u0441\u043f\u043e\u0440\u0442\u0438\u0432\u043d\u043e\u0439 \u043e\u0434\u0435\u0436\u0434\u044b \u043e\u0431\u0443\u0432\u0438 \u0438 \u0441\u043d\u0430\u0440\u044f\u0436\u0435\u043d\u0438\u044f \u0434\u043b\u044f \u0430\u043a\u0442\u0438\u0432\u043d\u043e\u0433\u043e \u043e\u0442\u0434\u044b\u0445\u0430, \u043f\u043e\u0445\u043e\u0434\u043e\u0432 \u0438 \u043f\u0443\u0442\u0435\u0448\u0435\u0441\u0442\u0432\u0438\u0439"},{"@type":"BreadcrumbList","@id":"https:\/\/xstyle.md\/product\/ryukzak-thule-crossover-2-laptop-20l-black\/#breadcrumb","itemListElement":[{"@type":"ListItem","position":1,"name":"\u0413\u043b\u0430\u0432\u043d\u0430\u044f \u0441\u0442\u0440\u0430\u043d\u0438\u0446\u0430","item":"https:\/\/xstyle.md\/"},{"@type":"ListItem","position":2,"name":"\u041c\u0430\u0433\u0430\u0437\u0438\u043d","item":"https:\/\/xstyle.md\/shop\/"},{"@type":"ListItem","position":3,"name":"\u0420\u044e\u043a\u0437\u0430\u043a Thule Crossover 2 laptop 20L black"}]},{"@type":"WebSite","@id":"https:\/\/xstyle.md\/#website","url":"https:\/\/xstyle.md\/","name":"Magazinul X-Style","description":"Echipamente pentru turism \u0219i sporturi extreme \u00een Moldova. Pre\u021buri, fotografii, caracteristici \u00een Moldova.","publisher":{"@id":"https:\/\/xstyle.md\/#organization"},"alternateName":"X-Style","potentialAction":[{"@type":"SearchAction","target":{"@type":"EntryPoint","urlTemplate":"https:\/\/xstyle.md\/?s={search_term_string}"},"query-input":{"@type":"PropertyValueSpecification","valueRequired":true,"valueName":"search_term_string"}}],"inLanguage":"ro-RO"},{"@type":"Organization","@id":"https:\/\/xstyle.md\/#organization","name":"Magazinul X-Style","alternateName":"x-style","url":"https:\/\/xstyle.md\/","logo":{"@type":"ImageObject","inLanguage":"ro-RO","@id":"https:\/\/xstyle.md\/#\/schema\/logo\/image\/","url":"https:\/\/xstyle.md\/wp-content\/uploads\/2020\/06\/logoicon.svg","contentUrl":"https:\/\/xstyle.md\/wp-content\/uploads\/2020\/06\/logoicon.svg","caption":"\u041c\u0430\u0433\u0430\u0437\u0438\u043d Xstyle"},"image":{"@id":"https:\/\/xstyle.md\/#\/schema\/logo\/image\/"},"sameAs":["https:\/\/www.facebook.com\/xstylemd","https:\/\/www.instagram.com\/xstyle_md\/","https:\/\/t.me\/xstyle_outdoor"],"hasMerchantReturnPolicy":{"@type":"MerchantReturnPolicy","merchantReturnLink":"https:\/\/xstyle.md\/ro\/conditions\/"}}]},"product_price_amount":"3490.00","product_price_currency":"MDL","og_availability":"out of stock","product_availability":"out of stock","product_retailer_item_id":"85854243254","product_condition":"new"},"post_mailing_queue_ids":[],"_links":{"self":[{"href":"https:\/\/xstyle.md\/ro\/wp-json\/wp\/v2\/product\/67357","targetHints":{"allow":["GET"]}}],"collection":[{"href":"https:\/\/xstyle.md\/ro\/wp-json\/wp\/v2\/product"}],"about":[{"href":"https:\/\/xstyle.md\/ro\/wp-json\/wp\/v2\/types\/product"}],"replies":[{"embeddable":true,"href":"https:\/\/xstyle.md\/ro\/wp-json\/wp\/v2\/comments?post=67357"}],"wp:featuredmedia":[{"embeddable":true,"href":"https:\/\/xstyle.md\/ro\/wp-json\/wp\/v2\/media\/68164"}],"wp:attachment":[{"href":"https:\/\/xstyle.md\/ro\/wp-json\/wp\/v2\/media?parent=67357"}],"wp:term":[{"taxonomy":"product_brand","embeddable":true,"href":"https:\/\/xstyle.md\/ro\/wp-json\/wp\/v2\/product_brand?post=67357"},{"taxonomy":"product_cat","embeddable":true,"href":"https:\/\/xstyle.md\/ro\/wp-json\/wp\/v2\/product_cat?post=67357"},{"taxonomy":"product_tag","embeddable":true,"href":"https:\/\/xstyle.md\/ro\/wp-json\/wp\/v2\/product_tag?post=67357"}],"curies":[{"name":"wp","href":"https:\/\/api.w.org\/{rel}","templated":true}]}}