{"id":67355,"date":"2023-04-21T14:10:21","date_gmt":"2023-04-21T11:10:21","guid":{"rendered":"https:\/\/xstyle.md\/?post_type=product&#038;p=67355"},"modified":"2024-10-21T09:52:20","modified_gmt":"2024-10-21T06:52:20","slug":"zhiletka-scott-pack-trail-rc-tr-10-black-yellow","status":"publish","type":"product","link":"https:\/\/xstyle.md\/ro\/produs\/zhiletka-scott-pack-trail-rc-tr-10-black-yellow\/","title":{"rendered":"Vest\u0103 Scott Pack Trail RC TR 10 black\/yellow"},"content":{"rendered":"<\/p>\n<p><strong>Scott Pack Trail RC TR 10<\/strong> &#8212; o vest\u0103 pentru cursele montane. Este confec\u021bionat din material u\u0219or, are buzunare frontale plasate strategic pentru a \u021bine dou\u0103 bidoane de ap\u0103 c\u0103ptu\u0219ite \u0219i dou\u0103 buzunare suplimentare din material elastic pentru acces u\u0219or la batoane sau geluri.<\/p>\n<h3>Particularit\u0103\u021bi<\/h3>\n<ul>\n<li>Dou\u0103 curele de piept reglabile cu \u00eenchidere cu c\u00e2rlig \u0219i bucl\u0103<\/li>\n<li>Dou\u0103 flacoane moi Scott (500 ml) incluse<\/li>\n<li>Bucle elastice pentru fixarea flaconului<\/li>\n<li>Compartiment frontal<\/li>\n<li>Sistem de prindere a bastonului orizontal<\/li>\n<li>Buzunar special pentru rezervorul de ap\u0103<\/li>\n<li>Fixare reglabil\u0103 a tubului rezervorului pe ambele curele de um\u0103r<\/li>\n<li>Buzunar cu fermoar \u00een spate<\/li>\n<li>Buzunare laterale cu fermoar<\/li>\n<li>Buzunar cu acces rapid<\/li>\n<li>Bucle de fixare a carabinierei<\/li>\n<li>Fluier de urgen\u021b\u0103<\/li>\n<li>Elemente reflectorizante<\/li>\n<li>Suspensie specializat\u0103 pentru fixarea rezervorului de hidratare.<\/li>\n<\/ul>\n<h3>Caracteristici<\/h3>\n<ul>\n<li>Material &#8212; 25% elastan, 75% poliamid\u0103<\/li>\n<li>Volum &#8212; 10 litri<\/li>\n<li>Greutate &#8212; 110 g.<\/li>\n<\/ul>\n<p><\/p>","protected":false},"excerpt":{"rendered":"","protected":false},"featured_media":67642,"comment_status":"open","ping_status":"closed","template":"","meta":{"_acf_changed":false,"inline_featured_image":false},"product_brand":[1467],"product_cat":[279],"product_tag":[],"class_list":{"0":"post-67355","1":"product","2":"type-product","3":"status-publish","4":"has-post-thumbnail","6":"product_brand-scott","7":"product_cat-haine-velo-barbati","9":"first","10":"instock","11":"shipping-taxable","12":"purchasable","13":"product-type-simple"},"acf":[],"yoast_head":"<!-- This site is optimized with the Yoast SEO plugin v27.4 - https:\/\/yoast.com\/product\/yoast-seo-wordpress\/ -->\n<title>\u0416\u0438\u043b\u0435\u0442\u043a\u0430 Scott Pack Trail RC TR 10 black\/yellow - \u041c\u0430\u0433\u0430\u0437\u0438\u043d Xstyle<\/title>\n<meta name=\"description\" content=\"\u0416\u0438\u043b\u0435\u0442\u043a\u0430 Scott Pack Trail RC TR 10 (\u0447\u0435\u0440\u043d\u043e\/\u0436\u0435\u043b\u0442\u043e\u0435) \u2013 \u043b\u0435\u0433\u043a\u0430\u044f, \u0441 \u043a\u0430\u0440\u043c\u0430\u043d\u0430\u043c\u0438 \u0434\u043b\u044f \u0431\u0443\u0442\u044b\u043b\u043e\u043a \u0438 \u0433\u0435\u043b\u0438\u0439. \u0418\u0434\u0435\u0430\u043b\u044c\u043d\u0430 \u0434\u043b\u044f \u0433\u043e\u0440\u043d\u044b\u0445 \u0437\u0430\u0431\u0435\u0433\u043e\u0432 \u0438 \u043a\u043e\u043c\u0444\u043e\u0440\u0442\u043d\u043e\u0433\u043e \u0431\u0435\u0433\u0430.\" \/>\n<meta name=\"robots\" content=\"index, follow, max-snippet:-1, max-image-preview:large, max-video-preview:-1\" \/>\n<link rel=\"canonical\" href=\"https:\/\/xstyle.md\/ro\/produs\/zhiletka-scott-pack-trail-rc-tr-10-black-yellow\/\" \/>\n<meta property=\"og:locale\" content=\"ro_RO\" \/>\n<meta property=\"og:type\" content=\"article\" \/>\n<meta property=\"og:title\" content=\"\u0416\u0438\u043b\u0435\u0442\u043a\u0430 Scott Pack Trail RC TR 10 black\/yellow - \u041c\u0430\u0433\u0430\u0437\u0438\u043d Xstyle\" \/>\n<meta property=\"og:description\" content=\"\u0416\u0438\u043b\u0435\u0442\u043a\u0430 Scott Pack Trail RC TR 10 (\u0447\u0435\u0440\u043d\u043e\/\u0436\u0435\u043b\u0442\u043e\u0435) \u2013 \u043b\u0435\u0433\u043a\u0430\u044f, \u0441 \u043a\u0430\u0440\u043c\u0430\u043d\u0430\u043c\u0438 \u0434\u043b\u044f \u0431\u0443\u0442\u044b\u043b\u043e\u043a \u0438 \u0433\u0435\u043b\u0438\u0439. \u0418\u0434\u0435\u0430\u043b\u044c\u043d\u0430 \u0434\u043b\u044f \u0433\u043e\u0440\u043d\u044b\u0445 \u0437\u0430\u0431\u0435\u0433\u043e\u0432 \u0438 \u043a\u043e\u043c\u0444\u043e\u0440\u0442\u043d\u043e\u0433\u043e \u0431\u0435\u0433\u0430.\" \/>\n<meta property=\"og:url\" content=\"https:\/\/xstyle.md\/ro\/produs\/zhiletka-scott-pack-trail-rc-tr-10-black-yellow\/\" \/>\n<meta property=\"og:site_name\" content=\"\u041c\u0430\u0433\u0430\u0437\u0438\u043d Xstyle\" \/>\n<meta property=\"article:publisher\" content=\"https:\/\/www.facebook.com\/xstylemd\" \/>\n<meta property=\"article:modified_time\" content=\"2024-10-21T06:52:20+00:00\" \/>\n<meta property=\"og:image\" content=\"https:\/\/xstyle.md\/wp-content\/uploads\/2023\/04\/scott-pack-trail-rc-tr-10-black-yellow.jpg\" \/>\n\t<meta property=\"og:image:width\" content=\"953\" \/>\n\t<meta property=\"og:image:height\" content=\"931\" \/>\n\t<meta property=\"og:image:type\" content=\"image\/jpeg\" \/>\n<meta name=\"twitter:card\" content=\"summary_large_image\" \/>\n<meta name=\"twitter:label1\" content=\"Pre\u021b\" \/>\n\t<meta name=\"twitter:data1\" content=\"2.480&nbsp;MDL\" \/>\n\t<meta name=\"twitter:label2\" content=\"Disponibilitate\" \/>\n\t<meta name=\"twitter:data2\" content=\"\u00cen stoc\" \/>\n<script type=\"application\/ld+json\" class=\"yoast-schema-graph\">{\"@context\":\"https:\\\/\\\/schema.org\",\"@graph\":[{\"@type\":\"WebPage\",\"@id\":\"https:\\\/\\\/xstyle.md\\\/product\\\/zhiletka-scott-pack-trail-rc-tr-10-black-yellow\\\/\",\"url\":\"https:\\\/\\\/xstyle.md\\\/product\\\/zhiletka-scott-pack-trail-rc-tr-10-black-yellow\\\/\",\"name\":\"\u0416\u0438\u043b\u0435\u0442\u043a\u0430 Scott Pack Trail RC TR 10 black\\\/yellow - \u041c\u0430\u0433\u0430\u0437\u0438\u043d Xstyle\",\"isPartOf\":{\"@id\":\"https:\\\/\\\/xstyle.md\\\/#website\"},\"primaryImageOfPage\":{\"@id\":\"https:\\\/\\\/xstyle.md\\\/product\\\/zhiletka-scott-pack-trail-rc-tr-10-black-yellow\\\/#primaryimage\"},\"image\":{\"@id\":\"https:\\\/\\\/xstyle.md\\\/product\\\/zhiletka-scott-pack-trail-rc-tr-10-black-yellow\\\/#primaryimage\"},\"thumbnailUrl\":\"https:\\\/\\\/xstyle.md\\\/wp-content\\\/uploads\\\/2023\\\/04\\\/scott-pack-trail-rc-tr-10-black-yellow.jpg\",\"datePublished\":\"2023-04-21T11:10:21+00:00\",\"dateModified\":\"2024-10-21T06:52:20+00:00\",\"description\":\"\u0416\u0438\u043b\u0435\u0442\u043a\u0430 Scott Pack Trail RC TR 10 (\u0447\u0435\u0440\u043d\u043e\\\/\u0436\u0435\u043b\u0442\u043e\u0435) \u2013 \u043b\u0435\u0433\u043a\u0430\u044f, \u0441 \u043a\u0430\u0440\u043c\u0430\u043d\u0430\u043c\u0438 \u0434\u043b\u044f \u0431\u0443\u0442\u044b\u043b\u043e\u043a \u0438 \u0433\u0435\u043b\u0438\u0439. \u0418\u0434\u0435\u0430\u043b\u044c\u043d\u0430 \u0434\u043b\u044f \u0433\u043e\u0440\u043d\u044b\u0445 \u0437\u0430\u0431\u0435\u0433\u043e\u0432 \u0438 \u043a\u043e\u043c\u0444\u043e\u0440\u0442\u043d\u043e\u0433\u043e \u0431\u0435\u0433\u0430.\",\"breadcrumb\":{\"@id\":\"https:\\\/\\\/xstyle.md\\\/product\\\/zhiletka-scott-pack-trail-rc-tr-10-black-yellow\\\/#breadcrumb\"},\"inLanguage\":\"ro-RO\",\"potentialAction\":[{\"@type\":\"ReadAction\",\"target\":[\"https:\\\/\\\/xstyle.md\\\/product\\\/zhiletka-scott-pack-trail-rc-tr-10-black-yellow\\\/\"]}]},{\"@type\":\"ImageObject\",\"inLanguage\":\"ro-RO\",\"@id\":\"https:\\\/\\\/xstyle.md\\\/product\\\/zhiletka-scott-pack-trail-rc-tr-10-black-yellow\\\/#primaryimage\",\"url\":\"https:\\\/\\\/xstyle.md\\\/wp-content\\\/uploads\\\/2023\\\/04\\\/scott-pack-trail-rc-tr-10-black-yellow.jpg\",\"contentUrl\":\"https:\\\/\\\/xstyle.md\\\/wp-content\\\/uploads\\\/2023\\\/04\\\/scott-pack-trail-rc-tr-10-black-yellow.jpg\",\"width\":953,\"height\":931,\"caption\":\"\u0422\u0435\u0445\u043d\u0438\u0447\u0435\u0441\u043a\u0430\u044f \u0436\u0438\u043b\u0435\u0442\u043a\u0430 Scott Pack Trail RC TR 10 \u0447\u0435\u0440\u043d\u043e-\u0436\u0451\u043b\u0442\u0430\u044f \u0434\u043b\u044f \u0430\u043a\u0442\u0438\u0432\u043d\u043e\u0433\u043e \u043e\u0442\u0434\u044b\u0445\u0430 \u043f\u0443\u0442\u0435\u0448\u0435\u0441\u0442\u0432\u0438\u0439 \u043f\u043e\u0445\u043e\u0434\u043e\u0432 \u0438 \u0430\u043b\u044c\u043f\u0438\u043d\u0438\u0437\u043c\u0430 \u043d\u0430 \u043e\u043d\u043b\u0430\u0439\u043d \u043c\u0430\u0433\u0430\u0437\u0438\u043d\u0435 \u0441\u043f\u043e\u0440\u0442\u0438\u0432\u043d\u043e\u0439 \u044d\u043a\u0438\u043f\u0438\u0440\u043e\u0432\u043a\u0438\"},{\"@type\":\"BreadcrumbList\",\"@id\":\"https:\\\/\\\/xstyle.md\\\/product\\\/zhiletka-scott-pack-trail-rc-tr-10-black-yellow\\\/#breadcrumb\",\"itemListElement\":[{\"@type\":\"ListItem\",\"position\":1,\"name\":\"\u0413\u043b\u0430\u0432\u043d\u0430\u044f \u0441\u0442\u0440\u0430\u043d\u0438\u0446\u0430\",\"item\":\"https:\\\/\\\/xstyle.md\\\/\"},{\"@type\":\"ListItem\",\"position\":2,\"name\":\"\u041c\u0430\u0433\u0430\u0437\u0438\u043d\",\"item\":\"https:\\\/\\\/xstyle.md\\\/shop\\\/\"},{\"@type\":\"ListItem\",\"position\":3,\"name\":\"\u0416\u0438\u043b\u0435\u0442\u043a\u0430 Scott Pack Trail RC TR 10 black\\\/yellow\"}]},{\"@type\":\"WebSite\",\"@id\":\"https:\\\/\\\/xstyle.md\\\/#website\",\"url\":\"https:\\\/\\\/xstyle.md\\\/\",\"name\":\"\u041c\u0430\u0433\u0430\u0437\u0438\u043d Xstyle\",\"description\":\"C\u043d\u0430\u0440\u044f\u0436\u0435\u043d\u0438\u0435 \u0434\u043b\u044f \u0442\u0443\u0440\u0438\u0437\u043c\u0430 \u0438 \u044d\u043a\u0441\u0442\u0440\u0435\u043c\u0430\u043b\u044c\u043d\u044b\u0445 \u0432\u0438\u0434\u043e\u0432 \u0441\u043f\u043e\u0440\u0442\u0430 \u0432 \u041c\u043e\u043b\u0434\u043e\u0432\u0435.. \u0426\u0435\u043d\u044b, \u0444\u043e\u0442\u043e, \u0445\u0430\u0440\u0430\u043a\u0442\u0435\u0440\u0438\u0441\u0442\u0438\u043a\u0438 \u0432 \u041c\u043e\u043b\u0434\u043e\u0432\u0435.\",\"publisher\":{\"@id\":\"https:\\\/\\\/xstyle.md\\\/#organization\"},\"alternateName\":\"X-Style\",\"potentialAction\":[{\"@type\":\"SearchAction\",\"target\":{\"@type\":\"EntryPoint\",\"urlTemplate\":\"https:\\\/\\\/xstyle.md\\\/?s={search_term_string}\"},\"query-input\":{\"@type\":\"PropertyValueSpecification\",\"valueRequired\":true,\"valueName\":\"search_term_string\"}}],\"inLanguage\":\"ro-RO\"},{\"@type\":\"Organization\",\"@id\":\"https:\\\/\\\/xstyle.md\\\/#organization\",\"name\":\"\u041c\u0430\u0433\u0430\u0437\u0438\u043d Xstyle\",\"alternateName\":\"x-style\",\"url\":\"https:\\\/\\\/xstyle.md\\\/\",\"logo\":{\"@type\":\"ImageObject\",\"inLanguage\":\"ro-RO\",\"@id\":\"https:\\\/\\\/xstyle.md\\\/#\\\/schema\\\/logo\\\/image\\\/\",\"url\":\"https:\\\/\\\/xstyle.md\\\/wp-content\\\/uploads\\\/2020\\\/06\\\/logoicon.svg\",\"contentUrl\":\"https:\\\/\\\/xstyle.md\\\/wp-content\\\/uploads\\\/2020\\\/06\\\/logoicon.svg\",\"caption\":\"\u041c\u0430\u0433\u0430\u0437\u0438\u043d Xstyle\"},\"image\":{\"@id\":\"https:\\\/\\\/xstyle.md\\\/#\\\/schema\\\/logo\\\/image\\\/\"},\"sameAs\":[\"https:\\\/\\\/www.facebook.com\\\/xstylemd\",\"https:\\\/\\\/www.instagram.com\\\/xstyle_md\\\/\",\"https:\\\/\\\/t.me\\\/xstyle_outdoor\"],\"hasMerchantReturnPolicy\":{\"@type\":\"MerchantReturnPolicy\",\"merchantReturnLink\":\"https:\\\/\\\/xstyle.md\\\/ro\\\/conditions\\\/\"}}]}<\/script>\n<meta property=\"product:price:amount\" content=\"2480.00\" \/>\n<meta property=\"product:price:currency\" content=\"MDL\" \/>\n<meta property=\"og:availability\" content=\"instock\" \/>\n<meta property=\"product:availability\" content=\"instock\" \/>\n<meta property=\"product:retailer_item_id\" content=\"7615523488797\" \/>\n<meta property=\"product:condition\" content=\"new\" \/>\n<!-- \/ Yoast SEO plugin. -->","yoast_head_json":{"title":"Vesta Scott Pack Trail RC TR 10 black\/yellow - Magazin Xstyle","description":"Vesta Scott Pack Trail RC TR 10 (negru\/galben) \u2013 u\u0219oar\u0103, cu buzunare pentru sticle \u0219i geluri. Ideal\u0103 pentru alerg\u0103rile montane \u0219i alergarea confortabil\u0103.","robots":{"index":"index","follow":"follow","max-snippet":"max-snippet:-1","max-image-preview":"max-image-preview:large","max-video-preview":"max-video-preview:-1"},"canonical":"https:\/\/xstyle.md\/ro\/produs\/zhiletka-scott-pack-trail-rc-tr-10-black-yellow\/","og_locale":"ro_RO","og_type":"article","og_title":"\u0416\u0438\u043b\u0435\u0442\u043a\u0430 Scott Pack Trail RC TR 10 black\/yellow - \u041c\u0430\u0433\u0430\u0437\u0438\u043d Xstyle","og_description":"\u0416\u0438\u043b\u0435\u0442\u043a\u0430 Scott Pack Trail RC TR 10 (\u0447\u0435\u0440\u043d\u043e\/\u0436\u0435\u043b\u0442\u043e\u0435) \u2013 \u043b\u0435\u0433\u043a\u0430\u044f, \u0441 \u043a\u0430\u0440\u043c\u0430\u043d\u0430\u043c\u0438 \u0434\u043b\u044f \u0431\u0443\u0442\u044b\u043b\u043e\u043a \u0438 \u0433\u0435\u043b\u0438\u0439. \u0418\u0434\u0435\u0430\u043b\u044c\u043d\u0430 \u0434\u043b\u044f \u0433\u043e\u0440\u043d\u044b\u0445 \u0437\u0430\u0431\u0435\u0433\u043e\u0432 \u0438 \u043a\u043e\u043c\u0444\u043e\u0440\u0442\u043d\u043e\u0433\u043e \u0431\u0435\u0433\u0430.","og_url":"https:\/\/xstyle.md\/ro\/produs\/zhiletka-scott-pack-trail-rc-tr-10-black-yellow\/","og_site_name":"\u041c\u0430\u0433\u0430\u0437\u0438\u043d Xstyle","article_publisher":"https:\/\/www.facebook.com\/xstylemd","article_modified_time":"2024-10-21T06:52:20+00:00","og_image":[{"width":953,"height":931,"url":"https:\/\/xstyle.md\/wp-content\/uploads\/2023\/04\/scott-pack-trail-rc-tr-10-black-yellow.jpg","type":"image\/jpeg"}],"twitter_card":"summary_large_image","twitter_misc":{"Pre\u021b":"2.480&nbsp;MDL","Disponibilitate":"\u00cen stoc"},"schema":{"@context":"https:\/\/schema.org","@graph":[{"@type":"WebPage","@id":"https:\/\/xstyle.md\/product\/zhiletka-scott-pack-trail-rc-tr-10-black-yellow\/","url":"https:\/\/xstyle.md\/product\/zhiletka-scott-pack-trail-rc-tr-10-black-yellow\/","name":"Vesta Scott Pack Trail RC TR 10 black\/yellow - Magazin Xstyle","isPartOf":{"@id":"https:\/\/xstyle.md\/#website"},"primaryImageOfPage":{"@id":"https:\/\/xstyle.md\/product\/zhiletka-scott-pack-trail-rc-tr-10-black-yellow\/#primaryimage"},"image":{"@id":"https:\/\/xstyle.md\/product\/zhiletka-scott-pack-trail-rc-tr-10-black-yellow\/#primaryimage"},"thumbnailUrl":"https:\/\/xstyle.md\/wp-content\/uploads\/2023\/04\/scott-pack-trail-rc-tr-10-black-yellow.jpg","datePublished":"2023-04-21T11:10:21+00:00","dateModified":"2024-10-21T06:52:20+00:00","description":"Vesta Scott Pack Trail RC TR 10 (negru\/galben) \u2013 u\u0219oar\u0103, cu buzunare pentru sticle \u0219i geluri. Ideal\u0103 pentru alerg\u0103rile montane \u0219i alergarea confortabil\u0103.","breadcrumb":{"@id":"https:\/\/xstyle.md\/product\/zhiletka-scott-pack-trail-rc-tr-10-black-yellow\/#breadcrumb"},"inLanguage":"ro-RO","potentialAction":[{"@type":"ReadAction","target":["https:\/\/xstyle.md\/product\/zhiletka-scott-pack-trail-rc-tr-10-black-yellow\/"]}]},{"@type":"ImageObject","inLanguage":"ro-RO","@id":"https:\/\/xstyle.md\/product\/zhiletka-scott-pack-trail-rc-tr-10-black-yellow\/#primaryimage","url":"https:\/\/xstyle.md\/wp-content\/uploads\/2023\/04\/scott-pack-trail-rc-tr-10-black-yellow.jpg","contentUrl":"https:\/\/xstyle.md\/wp-content\/uploads\/2023\/04\/scott-pack-trail-rc-tr-10-black-yellow.jpg","width":953,"height":931,"caption":"\u0422\u0435\u0445\u043d\u0438\u0447\u0435\u0441\u043a\u0430\u044f \u0436\u0438\u043b\u0435\u0442\u043a\u0430 Scott Pack Trail RC TR 10 \u0447\u0435\u0440\u043d\u043e-\u0436\u0451\u043b\u0442\u0430\u044f \u0434\u043b\u044f \u0430\u043a\u0442\u0438\u0432\u043d\u043e\u0433\u043e \u043e\u0442\u0434\u044b\u0445\u0430 \u043f\u0443\u0442\u0435\u0448\u0435\u0441\u0442\u0432\u0438\u0439 \u043f\u043e\u0445\u043e\u0434\u043e\u0432 \u0438 \u0430\u043b\u044c\u043f\u0438\u043d\u0438\u0437\u043c\u0430 \u043d\u0430 \u043e\u043d\u043b\u0430\u0439\u043d \u043c\u0430\u0433\u0430\u0437\u0438\u043d\u0435 \u0441\u043f\u043e\u0440\u0442\u0438\u0432\u043d\u043e\u0439 \u044d\u043a\u0438\u043f\u0438\u0440\u043e\u0432\u043a\u0438"},{"@type":"BreadcrumbList","@id":"https:\/\/xstyle.md\/product\/zhiletka-scott-pack-trail-rc-tr-10-black-yellow\/#breadcrumb","itemListElement":[{"@type":"ListItem","position":1,"name":"\u0413\u043b\u0430\u0432\u043d\u0430\u044f \u0441\u0442\u0440\u0430\u043d\u0438\u0446\u0430","item":"https:\/\/xstyle.md\/"},{"@type":"ListItem","position":2,"name":"\u041c\u0430\u0433\u0430\u0437\u0438\u043d","item":"https:\/\/xstyle.md\/shop\/"},{"@type":"ListItem","position":3,"name":"\u0416\u0438\u043b\u0435\u0442\u043a\u0430 Scott Pack Trail RC TR 10 black\/yellow"}]},{"@type":"WebSite","@id":"https:\/\/xstyle.md\/#website","url":"https:\/\/xstyle.md\/","name":"Magazinul X-Style","description":"Echipamente pentru turism \u0219i sporturi extreme \u00een Moldova. Pre\u021buri, fotografii, caracteristici \u00een Moldova.","publisher":{"@id":"https:\/\/xstyle.md\/#organization"},"alternateName":"X-Style","potentialAction":[{"@type":"SearchAction","target":{"@type":"EntryPoint","urlTemplate":"https:\/\/xstyle.md\/?s={search_term_string}"},"query-input":{"@type":"PropertyValueSpecification","valueRequired":true,"valueName":"search_term_string"}}],"inLanguage":"ro-RO"},{"@type":"Organization","@id":"https:\/\/xstyle.md\/#organization","name":"Magazinul X-Style","alternateName":"x-style","url":"https:\/\/xstyle.md\/","logo":{"@type":"ImageObject","inLanguage":"ro-RO","@id":"https:\/\/xstyle.md\/#\/schema\/logo\/image\/","url":"https:\/\/xstyle.md\/wp-content\/uploads\/2020\/06\/logoicon.svg","contentUrl":"https:\/\/xstyle.md\/wp-content\/uploads\/2020\/06\/logoicon.svg","caption":"\u041c\u0430\u0433\u0430\u0437\u0438\u043d Xstyle"},"image":{"@id":"https:\/\/xstyle.md\/#\/schema\/logo\/image\/"},"sameAs":["https:\/\/www.facebook.com\/xstylemd","https:\/\/www.instagram.com\/xstyle_md\/","https:\/\/t.me\/xstyle_outdoor"],"hasMerchantReturnPolicy":{"@type":"MerchantReturnPolicy","merchantReturnLink":"https:\/\/xstyle.md\/ro\/conditions\/"}}]},"product_price_amount":"2480.00","product_price_currency":"MDL","og_availability":"instock","product_availability":"instock","product_retailer_item_id":"7615523488797","product_condition":"new"},"post_mailing_queue_ids":[],"_links":{"self":[{"href":"https:\/\/xstyle.md\/ro\/wp-json\/wp\/v2\/product\/67355","targetHints":{"allow":["GET"]}}],"collection":[{"href":"https:\/\/xstyle.md\/ro\/wp-json\/wp\/v2\/product"}],"about":[{"href":"https:\/\/xstyle.md\/ro\/wp-json\/wp\/v2\/types\/product"}],"replies":[{"embeddable":true,"href":"https:\/\/xstyle.md\/ro\/wp-json\/wp\/v2\/comments?post=67355"}],"wp:featuredmedia":[{"embeddable":true,"href":"https:\/\/xstyle.md\/ro\/wp-json\/wp\/v2\/media\/67642"}],"wp:attachment":[{"href":"https:\/\/xstyle.md\/ro\/wp-json\/wp\/v2\/media?parent=67355"}],"wp:term":[{"taxonomy":"product_brand","embeddable":true,"href":"https:\/\/xstyle.md\/ro\/wp-json\/wp\/v2\/product_brand?post=67355"},{"taxonomy":"product_cat","embeddable":true,"href":"https:\/\/xstyle.md\/ro\/wp-json\/wp\/v2\/product_cat?post=67355"},{"taxonomy":"product_tag","embeddable":true,"href":"https:\/\/xstyle.md\/ro\/wp-json\/wp\/v2\/product_tag?post=67355"}],"curies":[{"name":"wp","href":"https:\/\/api.w.org\/{rel}","templated":true}]}}