{"id":67352,"date":"2023-04-21T14:10:21","date_gmt":"2023-04-21T11:10:21","guid":{"rendered":"https:\/\/xstyle.md\/?post_type=product&#038;p=67352"},"modified":"2026-03-14T21:51:10","modified_gmt":"2026-03-14T18:51:10","slug":"krossovki-scott-supertrac-amphib-dark-blue-rose-beige","status":"publish","type":"product","link":"https:\/\/xstyle.md\/ro\/produs\/krossovki-scott-supertrac-amphib-dark-blue-rose-beige\/","title":{"rendered":"Adida\u0219i Scott Supertrac Amphib dark blue\/rose beige"},"content":{"rendered":"<\/p>\n<p><strong>Scott Supertrac Amphib <\/strong>&#8212; adidasi multisport, conceputi pentru alergare pe orice tip de teren. Amortizarea AeroFoam+, \u00eempreun\u0103 cu talpa exterioar\u0103 eRide rocker, asigur\u0103 o alergare lin\u0103, eficient\u0103 \u0219i dinamic\u0103. Partea superioar\u0103 din KPU cu protec\u021bie \u00eent\u0103rit\u0103 a varfului ofer\u0103 protec\u021bie pe teren diferit, precum \u0219i o protectie eficient\u0103 contra umidit\u0103\u021bii \u00een condi\u021bii extreme sau umede. \u00cen plus, plasa cu uscare rapid\u0103 permite aerului s\u0103 circule, asigur\u00e2nd o \u021binut\u0103 uscat\u0103 \u0219i confortabil\u0103. Talpa exterioar\u0103 Radial Traction garanteaz\u0103 o trac\u021biune \u0219i o aderen\u021b\u0103 excelente pe pietri\u0219, p\u0103m\u00e2nt, nisip sau pietre, pentru o plimbare sigur\u0103. Un sistem inteligent de \u0219ireturi \u0219i o limb\u0103 eficient\u0103 asigur\u0103 o potrivire sigur\u0103. Alergarea in munti, orientarea \u0219i alergarea pe traseu nu reprezint\u0103 o problem\u0103 pentru acesti adidasi cu adev\u0103rat versatili.<\/p>\n<h3>Particularit\u0103\u021bi<\/h3>\n<ul>\n<li>Construit pentru teren accidentat \u0219i umed<\/li>\n<li>Cea mai bun\u0103 aderen\u021b\u0103 pe suprafe\u021be noroioase<\/li>\n<li>Respingere excelent\u0103 a umezelii<\/li>\n<li>Trac\u021biune radial\u0103<\/li>\n<li>Talpa intermediar\u0103 AeroFoam+ reduce vibra\u021biile \u0219i stabilizeaz\u0103 ac\u021biunea de alergare<\/li>\n<li>Talp\u0103 exterioar\u0103 u\u0219oar\u0103 eRIDE preg\u0103tit\u0103 pentru orice provocare pe drumuri pavate uscate sau umede<\/li>\n<li>Plas\u0103 cu uscare rapid\u0103<\/li>\n<li>Protec\u021bie pentru v\u00e2rfuri<\/li>\n<li>Tricotaj eficient<\/li>\n<\/ul>\n<h3>Caracteristici<\/h3>\n<ul>\n<li>Material superior &#8212; plas\u0103 respirabil\u0103<\/li>\n<li>Talp\u0103 exterioar\u0103 &#8212; eRIDE, AeroFoam+.<\/li>\n<li>Talp\u0103 exterioar\u0103 &#8212; Trac\u021biune radial\u0103<\/li>\n<li>Scop &#8212; alergare \/ alergare \u00een mun\u021bi \/ antrenament de alergare<\/li>\n<li>Greutate &#8212; 260g.<\/li>\n<\/ul>\n<h3>Tehnologie<\/h3>\n<ul>\n<li><strong>eRIDE<\/strong> &#8212; forma rocker unic\u0103 creeaz\u0103 o pozi\u021bie stabil\u0103 la mijlocul corpului, promov\u00e2nd stilul de alergare mai rapid \u0219i mai eficient pe care alerg\u0103torii \u00eel caut\u0103. Indiferent de mers, eRide colaboreaz\u0103 cu corpul pentru a promova o pozi\u021bie de alergare mai dinamic\u0103, reduc\u00e2nd lovirea c\u0103lc\u00e2iului \u0219i cresc\u00e2nd eficien\u021ba alerg\u0103rii.<\/li>\n<li><strong>AeroFoam+<\/strong> &#8212; spuma, care asigur\u0103 o mi\u0219care moale, dar stabil\u0103 \u0219i este utilizat\u0103 \u00een majoritatea adidasilor de trail running. Este durabil\u0103 \u0219i rico\u0219eaz\u0103 dinamic, oferind protec\u021bie in mi\u0219care eficient\u0103.<\/li>\n<li><strong>Radial Traction <\/strong>&#8212; o talp\u0103 exterioar\u0103 cu aderen\u021b\u0103 radial\u0103 care v\u0103 men\u021bine piciorul ferm pe m\u0103sur\u0103 ce v\u0103 r\u0103suci\u021bi \u0219i v\u0103 \u00eentoarce\u021bi pe cele mai tehnice singletrack-uri \u0219i creste de munte.<\/li>\n<\/ul>\n<h3>Marca<\/h3>\n<p>Scott Sports este o marc\u0103 elve\u021bian\u0103 premium cu o istorie de 60 de ani, cunoscut\u0103 \u00een primul r\u00e2nd pentru cele mai u\u0219oare biciclete ale sale. Cea mai important\u0103 companie de ciclism din lume produce bicicletele pe care concureaz\u0103 \u0219i c\u00e2\u0219tig\u0103 cei mai buni sportivi din lume. \u00cen plus, Scott este una dintre pu\u021bine companii care pot oferi o gam\u0103 larg\u0103 de echipamente suplimentare: \u00eembr\u0103c\u0103minte, \u00eenc\u0103l\u021b\u0103minte \u0219i accesorii pentru ciclism. De \u00eenalt\u0103 tehnologie, eleganti, confortabili \u0219i fiabili. V\u0103 pute\u021bi echipa complet cu produse de la una dintre cele mai bune m\u0103rci de sport.<\/p>\n<p>","protected":false},"excerpt":{"rendered":"","protected":false},"featured_media":67401,"comment_status":"open","ping_status":"closed","template":"","meta":{"_acf_changed":false,"inline_featured_image":false},"product_brand":[1467],"product_cat":[142],"product_tag":[],"class_list":{"0":"post-67352","1":"product","2":"type-product","3":"status-publish","4":"has-post-thumbnail","6":"product_brand-scott","7":"product_cat-sport-shoes","8":"pa_razmer-shoes-664","9":"pa_razmer-shoes-38-1-2","10":"pa_razmer-shoes-40-1-2","12":"first","13":"instock","14":"shipping-taxable","15":"purchasable","16":"product-type-variable"},"acf":[],"yoast_head":"<!-- This site is optimized with the Yoast SEO plugin v27.4 - https:\/\/yoast.com\/product\/yoast-seo-wordpress\/ -->\n<title>\u041a\u0440\u043e\u0441\u0441\u043e\u0432\u043a\u0438 Scott Supertrac Amphib dark blue\/rose beige - \u041c\u0430\u0433\u0430\u0437\u0438\u043d Xstyle<\/title>\n<meta name=\"description\" content=\"\u041a\u0440\u043e\u0441\u0441\u043e\u0432\u043a\u0438 Scott Supertrac Amphib \u0442\u0435\u043c\u043d\u043e-\u0441\u0438\u043d\u0438\u0435\/\u0440\u043e\u0437\u043e\u0432\u044b\u0435 \u0431\u0435\u0436\u0435\u0432\u044b\u0435: \u0438\u0434\u0435\u0430\u043b\u044c\u043d\u044b \u0434\u043b\u044f \u043c\u043d\u043e\u0433\u043e\u0444\u0443\u043d\u043a\u0446\u0438\u043e\u043d\u0430\u043b\u044c\u043d\u043e\u0433\u043e \u0431\u0435\u0433\u0430, \u043e\u0431\u0435\u0441\u043f\u0435\u0447\u0438\u0432\u0430\u044e\u0442 \u0430\u043c\u043e\u0440\u0442\u0438\u0437\u0430\u0446\u0438\u044e \u0438 \u043e\u0442\u043b\u0438\u0447\u043d\u043e\u0435 \u0441\u0446\u0435\u043f\u043b\u0435\u043d\u0438\u0435.\" \/>\n<meta name=\"robots\" content=\"index, follow, max-snippet:-1, max-image-preview:large, max-video-preview:-1\" \/>\n<link rel=\"canonical\" href=\"https:\/\/xstyle.md\/ro\/produs\/krossovki-scott-supertrac-amphib-dark-blue-rose-beige\/\" \/>\n<meta property=\"og:locale\" content=\"ro_RO\" \/>\n<meta property=\"og:type\" content=\"article\" \/>\n<meta property=\"og:title\" content=\"\u041a\u0440\u043e\u0441\u0441\u043e\u0432\u043a\u0438 Scott Supertrac Amphib dark blue\/rose beige - \u041c\u0430\u0433\u0430\u0437\u0438\u043d Xstyle\" \/>\n<meta property=\"og:description\" content=\"\u041a\u0440\u043e\u0441\u0441\u043e\u0432\u043a\u0438 Scott Supertrac Amphib \u0442\u0435\u043c\u043d\u043e-\u0441\u0438\u043d\u0438\u0435\/\u0440\u043e\u0437\u043e\u0432\u044b\u0435 \u0431\u0435\u0436\u0435\u0432\u044b\u0435: \u0438\u0434\u0435\u0430\u043b\u044c\u043d\u044b \u0434\u043b\u044f \u043c\u043d\u043e\u0433\u043e\u0444\u0443\u043d\u043a\u0446\u0438\u043e\u043d\u0430\u043b\u044c\u043d\u043e\u0433\u043e \u0431\u0435\u0433\u0430, \u043e\u0431\u0435\u0441\u043f\u0435\u0447\u0438\u0432\u0430\u044e\u0442 \u0430\u043c\u043e\u0440\u0442\u0438\u0437\u0430\u0446\u0438\u044e \u0438 \u043e\u0442\u043b\u0438\u0447\u043d\u043e\u0435 \u0441\u0446\u0435\u043f\u043b\u0435\u043d\u0438\u0435.\" \/>\n<meta property=\"og:url\" content=\"https:\/\/xstyle.md\/ro\/produs\/krossovki-scott-supertrac-amphib-dark-blue-rose-beige\/\" \/>\n<meta property=\"og:site_name\" content=\"\u041c\u0430\u0433\u0430\u0437\u0438\u043d Xstyle\" \/>\n<meta property=\"article:publisher\" content=\"https:\/\/www.facebook.com\/xstylemd\" \/>\n<meta property=\"article:modified_time\" content=\"2026-03-14T18:51:10+00:00\" \/>\n<meta property=\"og:image\" content=\"https:\/\/xstyle.md\/wp-content\/uploads\/2023\/04\/scott-supertrac-amphib-dark-blue-rose-beige.jpg\" \/>\n\t<meta property=\"og:image:width\" content=\"1000\" \/>\n\t<meta property=\"og:image:height\" content=\"1000\" \/>\n\t<meta property=\"og:image:type\" content=\"image\/jpeg\" \/>\n<meta name=\"twitter:card\" content=\"summary_large_image\" \/>\n<meta name=\"twitter:label1\" content=\"Disponibilitate\" \/>\n\t<meta name=\"twitter:data1\" content=\"\u00cen stoc\" \/>\n<script type=\"application\/ld+json\" class=\"yoast-schema-graph\">{\"@context\":\"https:\\\/\\\/schema.org\",\"@graph\":[{\"@type\":\"WebPage\",\"@id\":\"https:\\\/\\\/xstyle.md\\\/product\\\/krossovki-scott-supertrac-amphib-dark-blue-rose-beige\\\/\",\"url\":\"https:\\\/\\\/xstyle.md\\\/product\\\/krossovki-scott-supertrac-amphib-dark-blue-rose-beige\\\/\",\"name\":\"\u041a\u0440\u043e\u0441\u0441\u043e\u0432\u043a\u0438 Scott Supertrac Amphib dark blue\\\/rose beige - \u041c\u0430\u0433\u0430\u0437\u0438\u043d Xstyle\",\"isPartOf\":{\"@id\":\"https:\\\/\\\/xstyle.md\\\/#website\"},\"primaryImageOfPage\":{\"@id\":\"https:\\\/\\\/xstyle.md\\\/product\\\/krossovki-scott-supertrac-amphib-dark-blue-rose-beige\\\/#primaryimage\"},\"image\":{\"@id\":\"https:\\\/\\\/xstyle.md\\\/product\\\/krossovki-scott-supertrac-amphib-dark-blue-rose-beige\\\/#primaryimage\"},\"thumbnailUrl\":\"https:\\\/\\\/xstyle.md\\\/wp-content\\\/uploads\\\/2023\\\/04\\\/scott-supertrac-amphib-dark-blue-rose-beige.jpg\",\"datePublished\":\"2023-04-21T11:10:21+00:00\",\"dateModified\":\"2026-03-14T18:51:10+00:00\",\"description\":\"\u041a\u0440\u043e\u0441\u0441\u043e\u0432\u043a\u0438 Scott Supertrac Amphib \u0442\u0435\u043c\u043d\u043e-\u0441\u0438\u043d\u0438\u0435\\\/\u0440\u043e\u0437\u043e\u0432\u044b\u0435 \u0431\u0435\u0436\u0435\u0432\u044b\u0435: \u0438\u0434\u0435\u0430\u043b\u044c\u043d\u044b \u0434\u043b\u044f \u043c\u043d\u043e\u0433\u043e\u0444\u0443\u043d\u043a\u0446\u0438\u043e\u043d\u0430\u043b\u044c\u043d\u043e\u0433\u043e \u0431\u0435\u0433\u0430, \u043e\u0431\u0435\u0441\u043f\u0435\u0447\u0438\u0432\u0430\u044e\u0442 \u0430\u043c\u043e\u0440\u0442\u0438\u0437\u0430\u0446\u0438\u044e \u0438 \u043e\u0442\u043b\u0438\u0447\u043d\u043e\u0435 \u0441\u0446\u0435\u043f\u043b\u0435\u043d\u0438\u0435.\",\"breadcrumb\":{\"@id\":\"https:\\\/\\\/xstyle.md\\\/product\\\/krossovki-scott-supertrac-amphib-dark-blue-rose-beige\\\/#breadcrumb\"},\"inLanguage\":\"ro-RO\",\"potentialAction\":[{\"@type\":\"ReadAction\",\"target\":[\"https:\\\/\\\/xstyle.md\\\/product\\\/krossovki-scott-supertrac-amphib-dark-blue-rose-beige\\\/\"]}]},{\"@type\":\"ImageObject\",\"inLanguage\":\"ro-RO\",\"@id\":\"https:\\\/\\\/xstyle.md\\\/product\\\/krossovki-scott-supertrac-amphib-dark-blue-rose-beige\\\/#primaryimage\",\"url\":\"https:\\\/\\\/xstyle.md\\\/wp-content\\\/uploads\\\/2023\\\/04\\\/scott-supertrac-amphib-dark-blue-rose-beige.jpg\",\"contentUrl\":\"https:\\\/\\\/xstyle.md\\\/wp-content\\\/uploads\\\/2023\\\/04\\\/scott-supertrac-amphib-dark-blue-rose-beige.jpg\",\"width\":1000,\"height\":1000,\"caption\":\"\u041a\u0440\u043e\u0441\u0441\u043e\u0432\u043a\u0438 Scott Supertrac Amphib \u0442\u0435\u043c\u043d\u043e-\u0441\u0438\u043d\u0438\u0435 \u0438 \u0440\u043e\u0437\u043e\u0432\u043e-\u0431\u0435\u0436\u0435\u0432\u044b\u0435 \u0434\u043b\u044f \u0430\u043a\u0442\u0438\u0432\u043d\u043e\u0433\u043e \u043e\u0442\u0434\u044b\u0445\u0430 \u0442\u0443\u0440\u0438\u0437\u043c\u0430 \u0441\u043a\u0430\u043b\u043e\u043b\u0430\u0437\u0430\u043d\u0438\u044f \u0438 \u043f\u043e\u0445\u043e\u0434\u043e\u0432 \u043d\u0430 \u0441\u0430\u0439\u0442\u0435 \u0438\u043d\u0442\u0435\u0440\u043d\u0435\u0442-\u043c\u0430\u0433\u0430\u0437\u0438\u043d\u0430 \u0441\u043f\u043e\u0440\u0442\u0438\u0432\u043d\u043e\u0439 \u043e\u0431\u0443\u0432\u0438 \u0438 \u043e\u0434\u0435\u0436\u0434\u044b\"},{\"@type\":\"BreadcrumbList\",\"@id\":\"https:\\\/\\\/xstyle.md\\\/product\\\/krossovki-scott-supertrac-amphib-dark-blue-rose-beige\\\/#breadcrumb\",\"itemListElement\":[{\"@type\":\"ListItem\",\"position\":1,\"name\":\"\u0413\u043b\u0430\u0432\u043d\u0430\u044f \u0441\u0442\u0440\u0430\u043d\u0438\u0446\u0430\",\"item\":\"https:\\\/\\\/xstyle.md\\\/\"},{\"@type\":\"ListItem\",\"position\":2,\"name\":\"\u041c\u0430\u0433\u0430\u0437\u0438\u043d\",\"item\":\"https:\\\/\\\/xstyle.md\\\/shop\\\/\"},{\"@type\":\"ListItem\",\"position\":3,\"name\":\"\u041a\u0440\u043e\u0441\u0441\u043e\u0432\u043a\u0438 Scott Supertrac Amphib dark blue\\\/rose beige\"}]},{\"@type\":\"WebSite\",\"@id\":\"https:\\\/\\\/xstyle.md\\\/#website\",\"url\":\"https:\\\/\\\/xstyle.md\\\/\",\"name\":\"\u041c\u0430\u0433\u0430\u0437\u0438\u043d Xstyle\",\"description\":\"C\u043d\u0430\u0440\u044f\u0436\u0435\u043d\u0438\u0435 \u0434\u043b\u044f \u0442\u0443\u0440\u0438\u0437\u043c\u0430 \u0438 \u044d\u043a\u0441\u0442\u0440\u0435\u043c\u0430\u043b\u044c\u043d\u044b\u0445 \u0432\u0438\u0434\u043e\u0432 \u0441\u043f\u043e\u0440\u0442\u0430 \u0432 \u041c\u043e\u043b\u0434\u043e\u0432\u0435.. \u0426\u0435\u043d\u044b, \u0444\u043e\u0442\u043e, \u0445\u0430\u0440\u0430\u043a\u0442\u0435\u0440\u0438\u0441\u0442\u0438\u043a\u0438 \u0432 \u041c\u043e\u043b\u0434\u043e\u0432\u0435.\",\"publisher\":{\"@id\":\"https:\\\/\\\/xstyle.md\\\/#organization\"},\"alternateName\":\"X-Style\",\"potentialAction\":[{\"@type\":\"SearchAction\",\"target\":{\"@type\":\"EntryPoint\",\"urlTemplate\":\"https:\\\/\\\/xstyle.md\\\/?s={search_term_string}\"},\"query-input\":{\"@type\":\"PropertyValueSpecification\",\"valueRequired\":true,\"valueName\":\"search_term_string\"}}],\"inLanguage\":\"ro-RO\"},{\"@type\":\"Organization\",\"@id\":\"https:\\\/\\\/xstyle.md\\\/#organization\",\"name\":\"\u041c\u0430\u0433\u0430\u0437\u0438\u043d Xstyle\",\"alternateName\":\"x-style\",\"url\":\"https:\\\/\\\/xstyle.md\\\/\",\"logo\":{\"@type\":\"ImageObject\",\"inLanguage\":\"ro-RO\",\"@id\":\"https:\\\/\\\/xstyle.md\\\/#\\\/schema\\\/logo\\\/image\\\/\",\"url\":\"https:\\\/\\\/xstyle.md\\\/wp-content\\\/uploads\\\/2020\\\/06\\\/logoicon.svg\",\"contentUrl\":\"https:\\\/\\\/xstyle.md\\\/wp-content\\\/uploads\\\/2020\\\/06\\\/logoicon.svg\",\"caption\":\"\u041c\u0430\u0433\u0430\u0437\u0438\u043d Xstyle\"},\"image\":{\"@id\":\"https:\\\/\\\/xstyle.md\\\/#\\\/schema\\\/logo\\\/image\\\/\"},\"sameAs\":[\"https:\\\/\\\/www.facebook.com\\\/xstylemd\",\"https:\\\/\\\/www.instagram.com\\\/xstyle_md\\\/\",\"https:\\\/\\\/t.me\\\/xstyle_outdoor\"],\"hasMerchantReturnPolicy\":{\"@type\":\"MerchantReturnPolicy\",\"merchantReturnLink\":\"https:\\\/\\\/xstyle.md\\\/ro\\\/conditions\\\/\"}}]}<\/script>\n<meta property=\"og:availability\" content=\"instock\" \/>\n<meta property=\"product:availability\" content=\"instock\" \/>\n<meta property=\"product:retailer_item_id\" content=\"X7615523729579\" \/>\n<meta property=\"product:condition\" content=\"new\" \/>\n<!-- \/ Yoast SEO plugin. -->","yoast_head_json":{"title":"Adidasii Scott Supertrac Amphib dark blue\/rose beige - Magazin Xstyle","description":"Adida\u0219i Scott Supertrac Amphib de culoare bleu \u00eenchis\/roz bej: ideali pentru alerg\u0103ri multifunc\u021bionale, ofer\u0103 amortizare \u0219i trac\u021biune excelent\u0103.","robots":{"index":"index","follow":"follow","max-snippet":"max-snippet:-1","max-image-preview":"max-image-preview:large","max-video-preview":"max-video-preview:-1"},"canonical":"https:\/\/xstyle.md\/ro\/produs\/krossovki-scott-supertrac-amphib-dark-blue-rose-beige\/","og_locale":"ro_RO","og_type":"article","og_title":"\u041a\u0440\u043e\u0441\u0441\u043e\u0432\u043a\u0438 Scott Supertrac Amphib dark blue\/rose beige - \u041c\u0430\u0433\u0430\u0437\u0438\u043d Xstyle","og_description":"\u041a\u0440\u043e\u0441\u0441\u043e\u0432\u043a\u0438 Scott Supertrac Amphib \u0442\u0435\u043c\u043d\u043e-\u0441\u0438\u043d\u0438\u0435\/\u0440\u043e\u0437\u043e\u0432\u044b\u0435 \u0431\u0435\u0436\u0435\u0432\u044b\u0435: \u0438\u0434\u0435\u0430\u043b\u044c\u043d\u044b \u0434\u043b\u044f \u043c\u043d\u043e\u0433\u043e\u0444\u0443\u043d\u043a\u0446\u0438\u043e\u043d\u0430\u043b\u044c\u043d\u043e\u0433\u043e \u0431\u0435\u0433\u0430, \u043e\u0431\u0435\u0441\u043f\u0435\u0447\u0438\u0432\u0430\u044e\u0442 \u0430\u043c\u043e\u0440\u0442\u0438\u0437\u0430\u0446\u0438\u044e \u0438 \u043e\u0442\u043b\u0438\u0447\u043d\u043e\u0435 \u0441\u0446\u0435\u043f\u043b\u0435\u043d\u0438\u0435.","og_url":"https:\/\/xstyle.md\/ro\/produs\/krossovki-scott-supertrac-amphib-dark-blue-rose-beige\/","og_site_name":"\u041c\u0430\u0433\u0430\u0437\u0438\u043d Xstyle","article_publisher":"https:\/\/www.facebook.com\/xstylemd","article_modified_time":"2026-03-14T18:51:10+00:00","og_image":[{"width":1000,"height":1000,"url":"https:\/\/xstyle.md\/wp-content\/uploads\/2023\/04\/scott-supertrac-amphib-dark-blue-rose-beige.jpg","type":"image\/jpeg"}],"twitter_card":"summary_large_image","twitter_misc":{"Disponibilitate":"\u00cen stoc"},"schema":{"@context":"https:\/\/schema.org","@graph":[{"@type":"WebPage","@id":"https:\/\/xstyle.md\/product\/krossovki-scott-supertrac-amphib-dark-blue-rose-beige\/","url":"https:\/\/xstyle.md\/product\/krossovki-scott-supertrac-amphib-dark-blue-rose-beige\/","name":"Adidasii Scott Supertrac Amphib dark blue\/rose beige - Magazin Xstyle","isPartOf":{"@id":"https:\/\/xstyle.md\/#website"},"primaryImageOfPage":{"@id":"https:\/\/xstyle.md\/product\/krossovki-scott-supertrac-amphib-dark-blue-rose-beige\/#primaryimage"},"image":{"@id":"https:\/\/xstyle.md\/product\/krossovki-scott-supertrac-amphib-dark-blue-rose-beige\/#primaryimage"},"thumbnailUrl":"https:\/\/xstyle.md\/wp-content\/uploads\/2023\/04\/scott-supertrac-amphib-dark-blue-rose-beige.jpg","datePublished":"2023-04-21T11:10:21+00:00","dateModified":"2026-03-14T18:51:10+00:00","description":"Adida\u0219i Scott Supertrac Amphib de culoare bleu \u00eenchis\/roz bej: ideali pentru alerg\u0103ri multifunc\u021bionale, ofer\u0103 amortizare \u0219i trac\u021biune excelent\u0103.","breadcrumb":{"@id":"https:\/\/xstyle.md\/product\/krossovki-scott-supertrac-amphib-dark-blue-rose-beige\/#breadcrumb"},"inLanguage":"ro-RO","potentialAction":[{"@type":"ReadAction","target":["https:\/\/xstyle.md\/product\/krossovki-scott-supertrac-amphib-dark-blue-rose-beige\/"]}]},{"@type":"ImageObject","inLanguage":"ro-RO","@id":"https:\/\/xstyle.md\/product\/krossovki-scott-supertrac-amphib-dark-blue-rose-beige\/#primaryimage","url":"https:\/\/xstyle.md\/wp-content\/uploads\/2023\/04\/scott-supertrac-amphib-dark-blue-rose-beige.jpg","contentUrl":"https:\/\/xstyle.md\/wp-content\/uploads\/2023\/04\/scott-supertrac-amphib-dark-blue-rose-beige.jpg","width":1000,"height":1000,"caption":"\u041a\u0440\u043e\u0441\u0441\u043e\u0432\u043a\u0438 Scott Supertrac Amphib \u0442\u0435\u043c\u043d\u043e-\u0441\u0438\u043d\u0438\u0435 \u0438 \u0440\u043e\u0437\u043e\u0432\u043e-\u0431\u0435\u0436\u0435\u0432\u044b\u0435 \u0434\u043b\u044f \u0430\u043a\u0442\u0438\u0432\u043d\u043e\u0433\u043e \u043e\u0442\u0434\u044b\u0445\u0430 \u0442\u0443\u0440\u0438\u0437\u043c\u0430 \u0441\u043a\u0430\u043b\u043e\u043b\u0430\u0437\u0430\u043d\u0438\u044f \u0438 \u043f\u043e\u0445\u043e\u0434\u043e\u0432 \u043d\u0430 \u0441\u0430\u0439\u0442\u0435 \u0438\u043d\u0442\u0435\u0440\u043d\u0435\u0442-\u043c\u0430\u0433\u0430\u0437\u0438\u043d\u0430 \u0441\u043f\u043e\u0440\u0442\u0438\u0432\u043d\u043e\u0439 \u043e\u0431\u0443\u0432\u0438 \u0438 \u043e\u0434\u0435\u0436\u0434\u044b"},{"@type":"BreadcrumbList","@id":"https:\/\/xstyle.md\/product\/krossovki-scott-supertrac-amphib-dark-blue-rose-beige\/#breadcrumb","itemListElement":[{"@type":"ListItem","position":1,"name":"\u0413\u043b\u0430\u0432\u043d\u0430\u044f \u0441\u0442\u0440\u0430\u043d\u0438\u0446\u0430","item":"https:\/\/xstyle.md\/"},{"@type":"ListItem","position":2,"name":"\u041c\u0430\u0433\u0430\u0437\u0438\u043d","item":"https:\/\/xstyle.md\/shop\/"},{"@type":"ListItem","position":3,"name":"\u041a\u0440\u043e\u0441\u0441\u043e\u0432\u043a\u0438 Scott Supertrac Amphib dark blue\/rose beige"}]},{"@type":"WebSite","@id":"https:\/\/xstyle.md\/#website","url":"https:\/\/xstyle.md\/","name":"Magazinul X-Style","description":"Echipamente pentru turism \u0219i sporturi extreme \u00een Moldova. Pre\u021buri, fotografii, caracteristici \u00een Moldova.","publisher":{"@id":"https:\/\/xstyle.md\/#organization"},"alternateName":"X-Style","potentialAction":[{"@type":"SearchAction","target":{"@type":"EntryPoint","urlTemplate":"https:\/\/xstyle.md\/?s={search_term_string}"},"query-input":{"@type":"PropertyValueSpecification","valueRequired":true,"valueName":"search_term_string"}}],"inLanguage":"ro-RO"},{"@type":"Organization","@id":"https:\/\/xstyle.md\/#organization","name":"Magazinul X-Style","alternateName":"x-style","url":"https:\/\/xstyle.md\/","logo":{"@type":"ImageObject","inLanguage":"ro-RO","@id":"https:\/\/xstyle.md\/#\/schema\/logo\/image\/","url":"https:\/\/xstyle.md\/wp-content\/uploads\/2020\/06\/logoicon.svg","contentUrl":"https:\/\/xstyle.md\/wp-content\/uploads\/2020\/06\/logoicon.svg","caption":"\u041c\u0430\u0433\u0430\u0437\u0438\u043d Xstyle"},"image":{"@id":"https:\/\/xstyle.md\/#\/schema\/logo\/image\/"},"sameAs":["https:\/\/www.facebook.com\/xstylemd","https:\/\/www.instagram.com\/xstyle_md\/","https:\/\/t.me\/xstyle_outdoor"],"hasMerchantReturnPolicy":{"@type":"MerchantReturnPolicy","merchantReturnLink":"https:\/\/xstyle.md\/ro\/conditions\/"}}]},"og_availability":"instock","product_availability":"instock","product_retailer_item_id":"X7615523729579","product_condition":"new"},"post_mailing_queue_ids":[],"_links":{"self":[{"href":"https:\/\/xstyle.md\/ro\/wp-json\/wp\/v2\/product\/67352","targetHints":{"allow":["GET"]}}],"collection":[{"href":"https:\/\/xstyle.md\/ro\/wp-json\/wp\/v2\/product"}],"about":[{"href":"https:\/\/xstyle.md\/ro\/wp-json\/wp\/v2\/types\/product"}],"replies":[{"embeddable":true,"href":"https:\/\/xstyle.md\/ro\/wp-json\/wp\/v2\/comments?post=67352"}],"wp:featuredmedia":[{"embeddable":true,"href":"https:\/\/xstyle.md\/ro\/wp-json\/wp\/v2\/media\/67401"}],"wp:attachment":[{"href":"https:\/\/xstyle.md\/ro\/wp-json\/wp\/v2\/media?parent=67352"}],"wp:term":[{"taxonomy":"product_brand","embeddable":true,"href":"https:\/\/xstyle.md\/ro\/wp-json\/wp\/v2\/product_brand?post=67352"},{"taxonomy":"product_cat","embeddable":true,"href":"https:\/\/xstyle.md\/ro\/wp-json\/wp\/v2\/product_cat?post=67352"},{"taxonomy":"product_tag","embeddable":true,"href":"https:\/\/xstyle.md\/ro\/wp-json\/wp\/v2\/product_tag?post=67352"}],"curies":[{"name":"wp","href":"https:\/\/api.w.org\/{rel}","templated":true}]}}