{"id":67350,"date":"2023-04-21T14:10:20","date_gmt":"2023-04-21T11:10:20","guid":{"rendered":"https:\/\/xstyle.md\/?post_type=product&#038;p=67350"},"modified":"2026-03-14T21:51:09","modified_gmt":"2026-03-14T18:51:09","slug":"krossovki-scott-supertrac-3-mud-green-black","status":"publish","type":"product","link":"https:\/\/xstyle.md\/ro\/produs\/krossovki-scott-supertrac-3-mud-green-black\/","title":{"rendered":"Adida\u0219i Scott Supertrac 3 mud green\/black"},"content":{"rendered":"<\/p>\n<p><strong>Scott Supertrac 3<\/strong> &#8212; este un model popular al adidasilor de munte, pentru a depasi orice obstacol in munti si pe terenuri dificile. Aterizare dinamica pe picior si o tractiune excelenta cu suprafetele sunt asigurate cu materialele unice a suprafetei si de banda de rulare All Terrain Traction. Partea superioar\u0103 este confec\u021bionat\u0103 din nailon ripstop cu rezisten\u021b\u0103 ridicat\u0103 la abraziune. Forma unic\u0103 eRIDE rocker ofer\u0103 un antepicior mai stabil, contribuind la stilul de alergare mai rapid \u0219i mai eficient pe care alerg\u0103torii \u00eel urm\u0103resc. Indiferent de stilul t\u0103u, eRIDE ofer\u0103 o alergare mai dinamic\u0103, reduce efectele ateriz\u0103rii c\u0103lc\u00e2iului \u0219i creste eficien\u021ba alerg\u0103rii. Talpa intermediar\u0103 AeroFoam+ amortizeaz\u0103 vibra\u021biile \u0219i stabilizeaz\u0103 alergarea.<\/p>\n<h3>Particularit\u0103\u021bi<\/h3>\n<ul>\n<li>Partea superioar\u0103 este realizat\u0103 din plas\u0103 Ripstop<\/li>\n<li>Talpa exterioar\u0103 AeroFoam+ reduce vibra\u021biile \u0219i stabilizeaz\u0103 alergarea<\/li>\n<li>Talpa exterioar\u0103 u\u0219oar\u0103 eRIDE este preg\u0103tit\u0103 pentru orice provocare pe drumuri pavate uscate sau umede<\/li>\n<li>Protec\u021bie pentru v\u00e2rfuri<\/li>\n<li>Talp\u0103 intermediar\u0103 din poliuretan termoplastic<\/li>\n<li>Limb\u0103 turnat\u0103 (sistem de prindere)<\/li>\n<li>Band\u0103 de rulare All Terrain Traction pentru o trac\u021biune excelent\u0103 pe toate suprafe\u021bele<\/li>\n<\/ul>\n<h3>Caracteristici<\/h3>\n<ul>\n<li>Material superior &#8212; plas\u0103 respirabil\u0103<\/li>\n<li>Talp\u0103 OrthoLite\u00ae X40\u2122<\/li>\n<li>Talp\u0103 exterioar\u0103 &#8212; eRIDE, AeroFoam+.<\/li>\n<li>Talp\u0103 exterioar\u0103 &#8212; Trac\u021biune pe toate tipurile de teren<\/li>\n<li>Scop &#8212; jogging<\/li>\n<li>Greutate &#8212; 320 g<\/li>\n<\/ul>\n<h3>Tehnologie<\/h3>\n<ul>\n<li><strong>eRIDE<\/strong> &#8212; forma rocker unic\u0103 creeaz\u0103 o pozi\u021bie stabil\u0103 la mijlocul corpului, promov\u00e2nd stilul de alergare mai rapid \u0219i mai eficient pe care alerg\u0103torii \u00eel caut\u0103. Indiferent de mers, eRide colaboreaz\u0103 cu corpul pentru a promova o pozi\u021bie de alergare mai dinamic\u0103, reduc\u00e2nd lovirea c\u0103lc\u00e2iului \u0219i cresc\u00e2nd eficien\u021ba alerg\u0103rii.<\/li>\n<li><strong>AeroFoam+<\/strong> &#8212; spuma, care asigur\u0103 o mi\u0219care moale, dar stabil\u0103 \u0219i este utilizat\u0103 \u00een majoritatea adidasilor de trail running. Este durabil\u0103 \u0219i rico\u0219eaz\u0103 dinamic, oferind protec\u021bie in mi\u0219care eficient\u0103.<\/li>\n<li><strong>All Terrain Traction<\/strong> &#8212; aranjamentul special al profilului benzii de rulare creeaz\u0103 o trac\u021biune excelent\u0103 at\u00e2t pe noroi ad\u00e2nc, c\u00e2t \u0219i pe teren tehnic uscat. Jantele de-a lungul p\u0103r\u021bii din fa\u021b\u0103 a piciorului ofer\u0103 o stabilitate suplimentar\u0103 atunci c\u00e2nd corpul are nevoie de sprijin suplimentar dup\u0103 ore lungi de curse.<\/li>\n<\/ul>\n<h3>Marca<\/h3>\n<p>Scott Sports este o marc\u0103 elve\u021bian\u0103 premium cu o istorie de 60 de ani, cunoscut\u0103 \u00een primul r\u00e2nd pentru cele mai u\u0219oare biciclete ale sale. Cea mai important\u0103 companie de ciclism din lume produce bicicletele pe care concureaz\u0103 \u0219i c\u00e2\u0219tig\u0103 cei mai buni sportivi din lume. \u00cen plus, Scott este una dintre pu\u021bine companii care pot oferi o gam\u0103 larg\u0103 de echipamente suplimentare: \u00eembr\u0103c\u0103minte, \u00eenc\u0103l\u021b\u0103minte \u0219i accesorii pentru ciclism. De \u00eenalt\u0103 tehnologie, eleganti, confortabili \u0219i fiabili. V\u0103 pute\u021bi echipa complet cu produse de la una dintre cele mai bune m\u0103rci de sport.<\/p>\n<p>","protected":false},"excerpt":{"rendered":"","protected":false},"featured_media":67386,"comment_status":"open","ping_status":"closed","template":"","meta":{"_acf_changed":false,"inline_featured_image":false},"product_brand":[1467],"product_cat":[142],"product_tag":[],"class_list":{"0":"post-67350","1":"product","2":"type-product","3":"status-publish","4":"has-post-thumbnail","6":"product_brand-scott","7":"product_cat-sport-shoes","8":"pa_razmer-shoes-985","9":"pa_razmer-shoes-663","10":"pa_razmer-shoes-986","11":"pa_razmer-shoes-1006","12":"pa_razmer-shoes-44-1-2","13":"pa_razmer-shoes-1002","15":"first","16":"instock","17":"shipping-taxable","18":"purchasable","19":"product-type-variable"},"acf":[],"yoast_head":"<!-- This site is optimized with the Yoast SEO plugin v27.2 - https:\/\/yoast.com\/product\/yoast-seo-wordpress\/ -->\n<title>\u041a\u0440\u043e\u0441\u0441\u043e\u0432\u043a\u0438 Scott Supertrac 3 mud green\/black - \u041c\u0430\u0433\u0430\u0437\u0438\u043d Xstyle<\/title>\n<meta name=\"description\" content=\"\u041a\u0440\u043e\u0441\u0441\u043e\u0432\u043a\u0438 Scott Supertrac 3 mud green\/black \u043e\u0431\u0435\u0441\u043f\u0435\u0447\u0438\u0432\u0430\u044e\u0442 \u043e\u0442\u043b\u0438\u0447\u043d\u0443\u044e \u0442\u0440\u0430\u043a\u0442\u0446\u0438\u044e \u043d\u0430 \u043b\u044e\u0431\u044b\u0445 \u043f\u043e\u0432\u0435\u0440\u0445\u043d\u043e\u0441\u0442\u044f\u0445. \u0418\u0434\u0435\u0430\u043b\u044c\u043d\u044b \u0434\u043b\u044f \u0433\u043e\u0440\u043d\u044b\u0445 \u043f\u043e\u0445\u043e\u0434\u043e\u0432 \u0438 \u0441\u043b\u043e\u0436\u043d\u044b\u0445 \u043c\u0430\u0440\u0448\u0440\u0443\u0442\u043e\u0432.\" \/>\n<meta name=\"robots\" content=\"index, follow, max-snippet:-1, max-image-preview:large, max-video-preview:-1\" \/>\n<link rel=\"canonical\" href=\"https:\/\/xstyle.md\/ro\/produs\/krossovki-scott-supertrac-3-mud-green-black\/\" \/>\n<meta property=\"og:locale\" content=\"ro_RO\" \/>\n<meta property=\"og:type\" content=\"article\" \/>\n<meta property=\"og:title\" content=\"\u041a\u0440\u043e\u0441\u0441\u043e\u0432\u043a\u0438 Scott Supertrac 3 mud green\/black - \u041c\u0430\u0433\u0430\u0437\u0438\u043d Xstyle\" \/>\n<meta property=\"og:description\" content=\"\u041a\u0440\u043e\u0441\u0441\u043e\u0432\u043a\u0438 Scott Supertrac 3 mud green\/black \u043e\u0431\u0435\u0441\u043f\u0435\u0447\u0438\u0432\u0430\u044e\u0442 \u043e\u0442\u043b\u0438\u0447\u043d\u0443\u044e \u0442\u0440\u0430\u043a\u0442\u0446\u0438\u044e \u043d\u0430 \u043b\u044e\u0431\u044b\u0445 \u043f\u043e\u0432\u0435\u0440\u0445\u043d\u043e\u0441\u0442\u044f\u0445. \u0418\u0434\u0435\u0430\u043b\u044c\u043d\u044b \u0434\u043b\u044f \u0433\u043e\u0440\u043d\u044b\u0445 \u043f\u043e\u0445\u043e\u0434\u043e\u0432 \u0438 \u0441\u043b\u043e\u0436\u043d\u044b\u0445 \u043c\u0430\u0440\u0448\u0440\u0443\u0442\u043e\u0432.\" \/>\n<meta property=\"og:url\" content=\"https:\/\/xstyle.md\/ro\/produs\/krossovki-scott-supertrac-3-mud-green-black\/\" \/>\n<meta property=\"og:site_name\" content=\"\u041c\u0430\u0433\u0430\u0437\u0438\u043d Xstyle\" \/>\n<meta property=\"article:publisher\" content=\"https:\/\/www.facebook.com\/xstylemd\" \/>\n<meta property=\"article:modified_time\" content=\"2026-03-14T18:51:09+00:00\" \/>\n<meta property=\"og:image\" content=\"https:\/\/xstyle.md\/wp-content\/uploads\/2023\/04\/scott-supertrac-3-mud-green-black.jpg\" \/>\n\t<meta property=\"og:image:width\" content=\"927\" \/>\n\t<meta property=\"og:image:height\" content=\"815\" \/>\n\t<meta property=\"og:image:type\" content=\"image\/jpeg\" \/>\n<meta name=\"twitter:card\" content=\"summary_large_image\" \/>\n<meta name=\"twitter:label1\" content=\"Disponibilitate\" \/>\n\t<meta name=\"twitter:data1\" content=\"\u00cen stoc\" \/>\n<script type=\"application\/ld+json\" class=\"yoast-schema-graph\">{\"@context\":\"https:\/\/schema.org\",\"@graph\":[{\"@type\":\"WebPage\",\"@id\":\"https:\/\/xstyle.md\/product\/krossovki-scott-supertrac-3-mud-green-black\/\",\"url\":\"https:\/\/xstyle.md\/product\/krossovki-scott-supertrac-3-mud-green-black\/\",\"name\":\"\u041a\u0440\u043e\u0441\u0441\u043e\u0432\u043a\u0438 Scott Supertrac 3 mud green\/black - \u041c\u0430\u0433\u0430\u0437\u0438\u043d Xstyle\",\"isPartOf\":{\"@id\":\"https:\/\/xstyle.md\/#website\"},\"primaryImageOfPage\":{\"@id\":\"https:\/\/xstyle.md\/product\/krossovki-scott-supertrac-3-mud-green-black\/#primaryimage\"},\"image\":{\"@id\":\"https:\/\/xstyle.md\/product\/krossovki-scott-supertrac-3-mud-green-black\/#primaryimage\"},\"thumbnailUrl\":\"https:\/\/xstyle.md\/wp-content\/uploads\/2023\/04\/scott-supertrac-3-mud-green-black.jpg\",\"datePublished\":\"2023-04-21T11:10:20+00:00\",\"dateModified\":\"2026-03-14T18:51:09+00:00\",\"description\":\"\u041a\u0440\u043e\u0441\u0441\u043e\u0432\u043a\u0438 Scott Supertrac 3 mud green\/black \u043e\u0431\u0435\u0441\u043f\u0435\u0447\u0438\u0432\u0430\u044e\u0442 \u043e\u0442\u043b\u0438\u0447\u043d\u0443\u044e \u0442\u0440\u0430\u043a\u0442\u0446\u0438\u044e \u043d\u0430 \u043b\u044e\u0431\u044b\u0445 \u043f\u043e\u0432\u0435\u0440\u0445\u043d\u043e\u0441\u0442\u044f\u0445. \u0418\u0434\u0435\u0430\u043b\u044c\u043d\u044b \u0434\u043b\u044f \u0433\u043e\u0440\u043d\u044b\u0445 \u043f\u043e\u0445\u043e\u0434\u043e\u0432 \u0438 \u0441\u043b\u043e\u0436\u043d\u044b\u0445 \u043c\u0430\u0440\u0448\u0440\u0443\u0442\u043e\u0432.\",\"breadcrumb\":{\"@id\":\"https:\/\/xstyle.md\/product\/krossovki-scott-supertrac-3-mud-green-black\/#breadcrumb\"},\"inLanguage\":\"ro-RO\",\"potentialAction\":[{\"@type\":\"ReadAction\",\"target\":[\"https:\/\/xstyle.md\/product\/krossovki-scott-supertrac-3-mud-green-black\/\"]}]},{\"@type\":\"ImageObject\",\"inLanguage\":\"ro-RO\",\"@id\":\"https:\/\/xstyle.md\/product\/krossovki-scott-supertrac-3-mud-green-black\/#primaryimage\",\"url\":\"https:\/\/xstyle.md\/wp-content\/uploads\/2023\/04\/scott-supertrac-3-mud-green-black.jpg\",\"contentUrl\":\"https:\/\/xstyle.md\/wp-content\/uploads\/2023\/04\/scott-supertrac-3-mud-green-black.jpg\",\"width\":927,\"height\":815,\"caption\":\"\u041a\u0440\u043e\u0441\u0441\u043e\u0432\u043a\u0438 Scott Supertrac 3 \u0432 \u0433\u0440\u044f\u0437\u043d\u043e-\u0437\u0435\u043b\u0435\u043d\u043e\u043c \u0438 \u0447\u0435\u0440\u043d\u043e\u043c \u0446\u0432\u0435\u0442\u0435 \u0434\u043b\u044f \u0430\u043a\u0442\u0438\u0432\u043d\u043e\u0433\u043e \u043e\u0442\u0434\u044b\u0445\u0430 \u043f\u043e\u0445\u043e\u0434\u043e\u0432 \u044d\u043a\u0441\u0442\u0440\u0435\u043c\u0430\u043b\u044c\u043d\u044b\u0445 \u043f\u0443\u0442\u0435\u0448\u0435\u0441\u0442\u0432\u0438\u0439 \u0438 \u0430\u043b\u044c\u043f\u0438\u043d\u0438\u0437\u043c\u0430 \u0432 \u0438\u043d\u0442\u0435\u0440\u043d\u0435\u0442-\u043c\u0430\u0433\u0430\u0437\u0438\u043d\u0435 \u0441\u043f\u043e\u0440\u0442\u0438\u0432\u043d\u043e\u0439 \u043e\u0434\u0435\u0436\u0434\u044b \u043e\u0431\u0443\u0432\u0438 \u0434\u043b\u044f \u0430\u043a\u0442\u0438\u0432\u043d\u043e\u0439 \u0436\u0438\u0437\u043d\u0438\"},{\"@type\":\"BreadcrumbList\",\"@id\":\"https:\/\/xstyle.md\/product\/krossovki-scott-supertrac-3-mud-green-black\/#breadcrumb\",\"itemListElement\":[{\"@type\":\"ListItem\",\"position\":1,\"name\":\"\u0413\u043b\u0430\u0432\u043d\u0430\u044f \u0441\u0442\u0440\u0430\u043d\u0438\u0446\u0430\",\"item\":\"https:\/\/xstyle.md\/\"},{\"@type\":\"ListItem\",\"position\":2,\"name\":\"\u041c\u0430\u0433\u0430\u0437\u0438\u043d\",\"item\":\"https:\/\/xstyle.md\/shop\/\"},{\"@type\":\"ListItem\",\"position\":3,\"name\":\"\u041a\u0440\u043e\u0441\u0441\u043e\u0432\u043a\u0438 Scott Supertrac 3 mud green\/black\"}]},{\"@type\":\"WebSite\",\"@id\":\"https:\/\/xstyle.md\/#website\",\"url\":\"https:\/\/xstyle.md\/\",\"name\":\"\u041c\u0430\u0433\u0430\u0437\u0438\u043d Xstyle\",\"description\":\"C\u043d\u0430\u0440\u044f\u0436\u0435\u043d\u0438\u0435 \u0434\u043b\u044f \u0442\u0443\u0440\u0438\u0437\u043c\u0430 \u0438 \u044d\u043a\u0441\u0442\u0440\u0435\u043c\u0430\u043b\u044c\u043d\u044b\u0445 \u0432\u0438\u0434\u043e\u0432 \u0441\u043f\u043e\u0440\u0442\u0430 \u0432 \u041c\u043e\u043b\u0434\u043e\u0432\u0435.. \u0426\u0435\u043d\u044b, \u0444\u043e\u0442\u043e, \u0445\u0430\u0440\u0430\u043a\u0442\u0435\u0440\u0438\u0441\u0442\u0438\u043a\u0438 \u0432 \u041c\u043e\u043b\u0434\u043e\u0432\u0435.\",\"publisher\":{\"@id\":\"https:\/\/xstyle.md\/#organization\"},\"alternateName\":\"X-Style\",\"potentialAction\":[{\"@type\":\"SearchAction\",\"target\":{\"@type\":\"EntryPoint\",\"urlTemplate\":\"https:\/\/xstyle.md\/?s={search_term_string}\"},\"query-input\":{\"@type\":\"PropertyValueSpecification\",\"valueRequired\":true,\"valueName\":\"search_term_string\"}}],\"inLanguage\":\"ro-RO\"},{\"@type\":\"Organization\",\"@id\":\"https:\/\/xstyle.md\/#organization\",\"name\":\"\u041c\u0430\u0433\u0430\u0437\u0438\u043d Xstyle\",\"alternateName\":\"x-style\",\"url\":\"https:\/\/xstyle.md\/\",\"logo\":{\"@type\":\"ImageObject\",\"inLanguage\":\"ro-RO\",\"@id\":\"https:\/\/xstyle.md\/#\/schema\/logo\/image\/\",\"url\":\"https:\/\/xstyle.md\/wp-content\/uploads\/2020\/06\/logoicon.svg\",\"contentUrl\":\"https:\/\/xstyle.md\/wp-content\/uploads\/2020\/06\/logoicon.svg\",\"caption\":\"\u041c\u0430\u0433\u0430\u0437\u0438\u043d Xstyle\"},\"image\":{\"@id\":\"https:\/\/xstyle.md\/#\/schema\/logo\/image\/\"},\"sameAs\":[\"https:\/\/www.facebook.com\/xstylemd\",\"https:\/\/www.instagram.com\/xstyle_md\/\",\"https:\/\/t.me\/xstyle_outdoor\"],\"hasMerchantReturnPolicy\":{\"@type\":\"MerchantReturnPolicy\",\"merchantReturnLink\":\"https:\/\/xstyle.md\/ro\/conditions\/\"}}]}<\/script>\n<meta property=\"og:availability\" content=\"instock\" \/>\n<meta property=\"product:availability\" content=\"instock\" \/>\n<meta property=\"product:retailer_item_id\" content=\"X7615523357727\" \/>\n<meta property=\"product:condition\" content=\"new\" \/>\n<!-- \/ Yoast SEO plugin. -->","yoast_head_json":{"title":"Adidasii Scott Supertrac 3 mud green\/black - Magazin Xstyle","description":"Pantofii Scott Supertrac 3 mud green\/black ofer\u0103 trac\u021biune excelent\u0103 pe orice tip de suprafa\u021b\u0103. Sunt ideali pentru drume\u021bii montane \u0219i trasee dificile.","robots":{"index":"index","follow":"follow","max-snippet":"max-snippet:-1","max-image-preview":"max-image-preview:large","max-video-preview":"max-video-preview:-1"},"canonical":"https:\/\/xstyle.md\/ro\/produs\/krossovki-scott-supertrac-3-mud-green-black\/","og_locale":"ro_RO","og_type":"article","og_title":"\u041a\u0440\u043e\u0441\u0441\u043e\u0432\u043a\u0438 Scott Supertrac 3 mud green\/black - \u041c\u0430\u0433\u0430\u0437\u0438\u043d Xstyle","og_description":"\u041a\u0440\u043e\u0441\u0441\u043e\u0432\u043a\u0438 Scott Supertrac 3 mud green\/black \u043e\u0431\u0435\u0441\u043f\u0435\u0447\u0438\u0432\u0430\u044e\u0442 \u043e\u0442\u043b\u0438\u0447\u043d\u0443\u044e \u0442\u0440\u0430\u043a\u0442\u0446\u0438\u044e \u043d\u0430 \u043b\u044e\u0431\u044b\u0445 \u043f\u043e\u0432\u0435\u0440\u0445\u043d\u043e\u0441\u0442\u044f\u0445. \u0418\u0434\u0435\u0430\u043b\u044c\u043d\u044b \u0434\u043b\u044f \u0433\u043e\u0440\u043d\u044b\u0445 \u043f\u043e\u0445\u043e\u0434\u043e\u0432 \u0438 \u0441\u043b\u043e\u0436\u043d\u044b\u0445 \u043c\u0430\u0440\u0448\u0440\u0443\u0442\u043e\u0432.","og_url":"https:\/\/xstyle.md\/ro\/produs\/krossovki-scott-supertrac-3-mud-green-black\/","og_site_name":"\u041c\u0430\u0433\u0430\u0437\u0438\u043d Xstyle","article_publisher":"https:\/\/www.facebook.com\/xstylemd","article_modified_time":"2026-03-14T18:51:09+00:00","og_image":[{"width":927,"height":815,"url":"https:\/\/xstyle.md\/wp-content\/uploads\/2023\/04\/scott-supertrac-3-mud-green-black.jpg","type":"image\/jpeg"}],"twitter_card":"summary_large_image","twitter_misc":{"Disponibilitate":"\u00cen stoc"},"schema":{"@context":"https:\/\/schema.org","@graph":[{"@type":"WebPage","@id":"https:\/\/xstyle.md\/product\/krossovki-scott-supertrac-3-mud-green-black\/","url":"https:\/\/xstyle.md\/product\/krossovki-scott-supertrac-3-mud-green-black\/","name":"Adidasii Scott Supertrac 3 mud green\/black - Magazin Xstyle","isPartOf":{"@id":"https:\/\/xstyle.md\/#website"},"primaryImageOfPage":{"@id":"https:\/\/xstyle.md\/product\/krossovki-scott-supertrac-3-mud-green-black\/#primaryimage"},"image":{"@id":"https:\/\/xstyle.md\/product\/krossovki-scott-supertrac-3-mud-green-black\/#primaryimage"},"thumbnailUrl":"https:\/\/xstyle.md\/wp-content\/uploads\/2023\/04\/scott-supertrac-3-mud-green-black.jpg","datePublished":"2023-04-21T11:10:20+00:00","dateModified":"2026-03-14T18:51:09+00:00","description":"Pantofii Scott Supertrac 3 mud green\/black ofer\u0103 trac\u021biune excelent\u0103 pe orice tip de suprafa\u021b\u0103. Sunt ideali pentru drume\u021bii montane \u0219i trasee dificile.","breadcrumb":{"@id":"https:\/\/xstyle.md\/product\/krossovki-scott-supertrac-3-mud-green-black\/#breadcrumb"},"inLanguage":"ro-RO","potentialAction":[{"@type":"ReadAction","target":["https:\/\/xstyle.md\/product\/krossovki-scott-supertrac-3-mud-green-black\/"]}]},{"@type":"ImageObject","inLanguage":"ro-RO","@id":"https:\/\/xstyle.md\/product\/krossovki-scott-supertrac-3-mud-green-black\/#primaryimage","url":"https:\/\/xstyle.md\/wp-content\/uploads\/2023\/04\/scott-supertrac-3-mud-green-black.jpg","contentUrl":"https:\/\/xstyle.md\/wp-content\/uploads\/2023\/04\/scott-supertrac-3-mud-green-black.jpg","width":927,"height":815,"caption":"\u041a\u0440\u043e\u0441\u0441\u043e\u0432\u043a\u0438 Scott Supertrac 3 \u0432 \u0433\u0440\u044f\u0437\u043d\u043e-\u0437\u0435\u043b\u0435\u043d\u043e\u043c \u0438 \u0447\u0435\u0440\u043d\u043e\u043c \u0446\u0432\u0435\u0442\u0435 \u0434\u043b\u044f \u0430\u043a\u0442\u0438\u0432\u043d\u043e\u0433\u043e \u043e\u0442\u0434\u044b\u0445\u0430 \u043f\u043e\u0445\u043e\u0434\u043e\u0432 \u044d\u043a\u0441\u0442\u0440\u0435\u043c\u0430\u043b\u044c\u043d\u044b\u0445 \u043f\u0443\u0442\u0435\u0448\u0435\u0441\u0442\u0432\u0438\u0439 \u0438 \u0430\u043b\u044c\u043f\u0438\u043d\u0438\u0437\u043c\u0430 \u0432 \u0438\u043d\u0442\u0435\u0440\u043d\u0435\u0442-\u043c\u0430\u0433\u0430\u0437\u0438\u043d\u0435 \u0441\u043f\u043e\u0440\u0442\u0438\u0432\u043d\u043e\u0439 \u043e\u0434\u0435\u0436\u0434\u044b \u043e\u0431\u0443\u0432\u0438 \u0434\u043b\u044f \u0430\u043a\u0442\u0438\u0432\u043d\u043e\u0439 \u0436\u0438\u0437\u043d\u0438"},{"@type":"BreadcrumbList","@id":"https:\/\/xstyle.md\/product\/krossovki-scott-supertrac-3-mud-green-black\/#breadcrumb","itemListElement":[{"@type":"ListItem","position":1,"name":"\u0413\u043b\u0430\u0432\u043d\u0430\u044f \u0441\u0442\u0440\u0430\u043d\u0438\u0446\u0430","item":"https:\/\/xstyle.md\/"},{"@type":"ListItem","position":2,"name":"\u041c\u0430\u0433\u0430\u0437\u0438\u043d","item":"https:\/\/xstyle.md\/shop\/"},{"@type":"ListItem","position":3,"name":"\u041a\u0440\u043e\u0441\u0441\u043e\u0432\u043a\u0438 Scott Supertrac 3 mud green\/black"}]},{"@type":"WebSite","@id":"https:\/\/xstyle.md\/#website","url":"https:\/\/xstyle.md\/","name":"Magazinul X-Style","description":"Echipamente pentru turism \u0219i sporturi extreme \u00een Moldova. Pre\u021buri, fotografii, caracteristici \u00een Moldova.","publisher":{"@id":"https:\/\/xstyle.md\/#organization"},"alternateName":"X-Style","potentialAction":[{"@type":"SearchAction","target":{"@type":"EntryPoint","urlTemplate":"https:\/\/xstyle.md\/?s={search_term_string}"},"query-input":{"@type":"PropertyValueSpecification","valueRequired":true,"valueName":"search_term_string"}}],"inLanguage":"ro-RO"},{"@type":"Organization","@id":"https:\/\/xstyle.md\/#organization","name":"Magazinul X-Style","alternateName":"x-style","url":"https:\/\/xstyle.md\/","logo":{"@type":"ImageObject","inLanguage":"ro-RO","@id":"https:\/\/xstyle.md\/#\/schema\/logo\/image\/","url":"https:\/\/xstyle.md\/wp-content\/uploads\/2020\/06\/logoicon.svg","contentUrl":"https:\/\/xstyle.md\/wp-content\/uploads\/2020\/06\/logoicon.svg","caption":"\u041c\u0430\u0433\u0430\u0437\u0438\u043d Xstyle"},"image":{"@id":"https:\/\/xstyle.md\/#\/schema\/logo\/image\/"},"sameAs":["https:\/\/www.facebook.com\/xstylemd","https:\/\/www.instagram.com\/xstyle_md\/","https:\/\/t.me\/xstyle_outdoor"],"hasMerchantReturnPolicy":{"@type":"MerchantReturnPolicy","merchantReturnLink":"https:\/\/xstyle.md\/ro\/conditions\/"}}]},"og_availability":"instock","product_availability":"instock","product_retailer_item_id":"X7615523357727","product_condition":"new"},"post_mailing_queue_ids":[],"_links":{"self":[{"href":"https:\/\/xstyle.md\/ro\/wp-json\/wp\/v2\/product\/67350","targetHints":{"allow":["GET"]}}],"collection":[{"href":"https:\/\/xstyle.md\/ro\/wp-json\/wp\/v2\/product"}],"about":[{"href":"https:\/\/xstyle.md\/ro\/wp-json\/wp\/v2\/types\/product"}],"replies":[{"embeddable":true,"href":"https:\/\/xstyle.md\/ro\/wp-json\/wp\/v2\/comments?post=67350"}],"wp:featuredmedia":[{"embeddable":true,"href":"https:\/\/xstyle.md\/ro\/wp-json\/wp\/v2\/media\/67386"}],"wp:attachment":[{"href":"https:\/\/xstyle.md\/ro\/wp-json\/wp\/v2\/media?parent=67350"}],"wp:term":[{"taxonomy":"product_brand","embeddable":true,"href":"https:\/\/xstyle.md\/ro\/wp-json\/wp\/v2\/product_brand?post=67350"},{"taxonomy":"product_cat","embeddable":true,"href":"https:\/\/xstyle.md\/ro\/wp-json\/wp\/v2\/product_cat?post=67350"},{"taxonomy":"product_tag","embeddable":true,"href":"https:\/\/xstyle.md\/ro\/wp-json\/wp\/v2\/product_tag?post=67350"}],"curies":[{"name":"wp","href":"https:\/\/api.w.org\/{rel}","templated":true}]}}