{"id":67345,"date":"2023-04-21T14:09:41","date_gmt":"2023-04-21T11:09:41","guid":{"rendered":"https:\/\/xstyle.md\/?post_type=product&#038;p=67345"},"modified":"2024-10-21T09:40:59","modified_gmt":"2024-10-21T06:40:59","slug":"remnabor-dlya-kovrov-outwell-field-repair-kit","status":"publish","type":"product","link":"https:\/\/xstyle.md\/ro\/produs\/remnabor-dlya-kovrov-outwell-field-repair-kit\/","title":{"rendered":"Set reparatie pentru covoras Outwell Field Repair Kit"},"content":{"rendered":"<\/p>\n<p><strong>Outwell Field Repair Kit<\/strong> &#8212; set pentru repararea de urgen\u021b\u0103 a unor daune minore la covoare, b\u0103rci, corturi.<\/p>\n<h3>Particularit\u0103\u021bi<\/h3>\n<ul>\n<li>Plasturii pot fi t\u0103ia\u021bi la dimensiune<\/li>\n<li>Include o hus\u0103 practic\u0103 de depozitare.<\/li>\n<\/ul>\n<h3>Caracteristici<\/h3>\n<ul>\n<li>Dimensiuni &#8212; 12 x 18 x 1 cm.<\/li>\n<\/ul>\n<h3>Accesorii<\/h3>\n<ul>\n<li>Etan\u0219ant pentru \u00eembin\u0103ri Seam Grip+WP<\/li>\n<li>Pensul\u0103 aplicatoare<\/li>\n<li>M\u0103nu\u0219i MDI<\/li>\n<li>Band\u0103 adeziv\u0103: 1 plasture din nailon negru (autoadeziv), 1 plasture din nailon ripstop gri deschis (autoadeziv), 1 plasture din PVC transparent (autoadeziv)<\/li>\n<li>2 panglici de patch-uri de plas\u0103.<\/li>\n<\/ul>\n<h3>Marca<\/h3>\n<p>Compania danez\u0103 Outwell a fost \u00eenfiin\u021bat\u0103 \u00een 1984 cu scopul de a crea echipamente pentru activit\u0103\u021bi \u00een aer liber \u0219i turism. \u00cenc\u0103 de la \u00eenfiin\u021bare, compania \u0219i-a dezvoltat produsele pentru a r\u0103spunde nevoilor tot mai mari ale clien\u021bilor s\u0103i, concentr\u00e2ndu-se pe cele mai noi tehnologii outdoor. Toate produsele brandului au c\u00e2\u0219tigat \u00eencrederea la nivel mondial.<\/p>\n<p>Produsele Outwell pot fi caracterizate prin func\u021bionalitate, ergonomie, durabilitate, accesibilitate \u0219i calitate ridicat\u0103. Iar materiile prime ecologice utilizate \u00een produc\u021bie sunt sigure pentru s\u0103n\u0103tatea uman\u0103 \u0219i pentru mediu. Una dintre principalele zone de interes ale m\u0103rcii este campingul de familie. Speciali\u0219tii \u0219i designerii companiei sunt convin\u0219i c\u0103 nu exist\u0103 nimic mai pl\u0103cut dec\u00e2t odihna \u00een aer liber. Picnicurile \u0219i campingul sunt deosebit de pl\u0103cute pentru copii, dornici s\u0103 exploreze lumea, s\u0103 \u00eenve\u021be lucruri noi \u0219i s\u0103 \u00ee\u0219i extind\u0103 orizonturile.<\/p>\n<p><\/p>","protected":false},"excerpt":{"rendered":"","protected":false},"featured_media":68631,"comment_status":"open","ping_status":"closed","template":"","meta":{"_acf_changed":false,"inline_featured_image":false},"product_brand":[1275],"product_cat":[204,378],"product_tag":[],"class_list":{"0":"post-67345","1":"product","2":"type-product","3":"status-publish","4":"has-post-thumbnail","6":"product_brand-outwell","7":"product_cat-accessories-mats","8":"product_cat-sleeping-bags-accessories","10":"first","11":"instock","12":"shipping-taxable","13":"purchasable","14":"product-type-simple"},"acf":[],"yoast_head":"<!-- This site is optimized with the Yoast SEO plugin v27.4 - https:\/\/yoast.com\/product\/yoast-seo-wordpress\/ -->\n<title>\u0420\u0435\u043c\u043d\u0430\u0431\u043e\u0440 \u0434\u043b\u044f \u043a\u043e\u0432\u0440\u043e\u0432 Outwell Field Repair Kit - \u041c\u0430\u0433\u0430\u0437\u0438\u043d Xstyle<\/title>\n<meta name=\"description\" content=\"\u041f\u0440\u0435\u043c\u0438\u0443\u043c \u0420\u0435\u043c\u043d\u0430\u0431\u043e\u0440 \u0434\u043b\u044f \u043a\u043e\u0432\u0440\u043e\u0432 Outwell Field Repair Kit - \u0438\u0434\u0435\u0430\u043b\u044c\u043d\u043e\u0435 \u0440\u0435\u0448\u0435\u043d\u0438\u0435 \u0434\u043b\u044f \u0441\u0440\u043e\u0447\u043d\u043e\u0433\u043e \u0440\u0435\u043c\u043e\u043d\u0442\u0430! \u041a\u043e\u043c\u043f\u0430\u043a\u0442\u043d\u044b\u0439 \u043d\u0430\u0431\u043e\u0440 \u0441 \u0438\u043d\u0441\u0442\u0440\u0443\u043c\u0435\u043d\u0442\u0430\u043c\u0438, \u043f\u043e\u0434\u0445\u043e\u0434\u0438\u0442 \u0434\u043b\u044f \u043a\u043e\u0432\u0440\u043e\u0432, \u0431\u043e\u0442\u043e\u0432 \u0438 \u043f\u0430\u043b\u0430\u0442\u043e\u043a.\" \/>\n<meta name=\"robots\" content=\"index, follow, max-snippet:-1, max-image-preview:large, max-video-preview:-1\" \/>\n<link rel=\"canonical\" href=\"https:\/\/xstyle.md\/ro\/produs\/remnabor-dlya-kovrov-outwell-field-repair-kit\/\" \/>\n<meta property=\"og:locale\" content=\"ro_RO\" \/>\n<meta property=\"og:type\" content=\"article\" \/>\n<meta property=\"og:title\" content=\"\u0420\u0435\u043c\u043d\u0430\u0431\u043e\u0440 \u0434\u043b\u044f \u043a\u043e\u0432\u0440\u043e\u0432 Outwell Field Repair Kit - \u041c\u0430\u0433\u0430\u0437\u0438\u043d Xstyle\" \/>\n<meta property=\"og:description\" content=\"\u041f\u0440\u0435\u043c\u0438\u0443\u043c \u0420\u0435\u043c\u043d\u0430\u0431\u043e\u0440 \u0434\u043b\u044f \u043a\u043e\u0432\u0440\u043e\u0432 Outwell Field Repair Kit - \u0438\u0434\u0435\u0430\u043b\u044c\u043d\u043e\u0435 \u0440\u0435\u0448\u0435\u043d\u0438\u0435 \u0434\u043b\u044f \u0441\u0440\u043e\u0447\u043d\u043e\u0433\u043e \u0440\u0435\u043c\u043e\u043d\u0442\u0430! \u041a\u043e\u043c\u043f\u0430\u043a\u0442\u043d\u044b\u0439 \u043d\u0430\u0431\u043e\u0440 \u0441 \u0438\u043d\u0441\u0442\u0440\u0443\u043c\u0435\u043d\u0442\u0430\u043c\u0438, \u043f\u043e\u0434\u0445\u043e\u0434\u0438\u0442 \u0434\u043b\u044f \u043a\u043e\u0432\u0440\u043e\u0432, \u0431\u043e\u0442\u043e\u0432 \u0438 \u043f\u0430\u043b\u0430\u0442\u043e\u043a.\" \/>\n<meta property=\"og:url\" content=\"https:\/\/xstyle.md\/ro\/produs\/remnabor-dlya-kovrov-outwell-field-repair-kit\/\" \/>\n<meta property=\"og:site_name\" content=\"\u041c\u0430\u0433\u0430\u0437\u0438\u043d Xstyle\" \/>\n<meta property=\"article:publisher\" content=\"https:\/\/www.facebook.com\/xstylemd\" \/>\n<meta property=\"article:modified_time\" content=\"2024-10-21T06:40:59+00:00\" \/>\n<meta property=\"og:image\" content=\"https:\/\/xstyle.md\/wp-content\/uploads\/2023\/04\/outwell-field-repair-kit.jpg\" \/>\n\t<meta property=\"og:image:width\" content=\"1002\" \/>\n\t<meta property=\"og:image:height\" content=\"865\" \/>\n\t<meta property=\"og:image:type\" content=\"image\/jpeg\" \/>\n<meta name=\"twitter:card\" content=\"summary_large_image\" \/>\n<meta name=\"twitter:label1\" content=\"Pre\u021b\" \/>\n\t<meta name=\"twitter:data1\" content=\"560&nbsp;MDL\" \/>\n\t<meta name=\"twitter:label2\" content=\"Disponibilitate\" \/>\n\t<meta name=\"twitter:data2\" content=\"\u00cen stoc\" \/>\n<script type=\"application\/ld+json\" class=\"yoast-schema-graph\">{\"@context\":\"https:\\\/\\\/schema.org\",\"@graph\":[{\"@type\":\"WebPage\",\"@id\":\"https:\\\/\\\/xstyle.md\\\/product\\\/remnabor-dlya-kovrov-outwell-field-repair-kit\\\/\",\"url\":\"https:\\\/\\\/xstyle.md\\\/product\\\/remnabor-dlya-kovrov-outwell-field-repair-kit\\\/\",\"name\":\"\u0420\u0435\u043c\u043d\u0430\u0431\u043e\u0440 \u0434\u043b\u044f \u043a\u043e\u0432\u0440\u043e\u0432 Outwell Field Repair Kit - \u041c\u0430\u0433\u0430\u0437\u0438\u043d Xstyle\",\"isPartOf\":{\"@id\":\"https:\\\/\\\/xstyle.md\\\/#website\"},\"primaryImageOfPage\":{\"@id\":\"https:\\\/\\\/xstyle.md\\\/product\\\/remnabor-dlya-kovrov-outwell-field-repair-kit\\\/#primaryimage\"},\"image\":{\"@id\":\"https:\\\/\\\/xstyle.md\\\/product\\\/remnabor-dlya-kovrov-outwell-field-repair-kit\\\/#primaryimage\"},\"thumbnailUrl\":\"https:\\\/\\\/xstyle.md\\\/wp-content\\\/uploads\\\/2023\\\/04\\\/outwell-field-repair-kit.jpg\",\"datePublished\":\"2023-04-21T11:09:41+00:00\",\"dateModified\":\"2024-10-21T06:40:59+00:00\",\"description\":\"\u041f\u0440\u0435\u043c\u0438\u0443\u043c \u0420\u0435\u043c\u043d\u0430\u0431\u043e\u0440 \u0434\u043b\u044f \u043a\u043e\u0432\u0440\u043e\u0432 Outwell Field Repair Kit - \u0438\u0434\u0435\u0430\u043b\u044c\u043d\u043e\u0435 \u0440\u0435\u0448\u0435\u043d\u0438\u0435 \u0434\u043b\u044f \u0441\u0440\u043e\u0447\u043d\u043e\u0433\u043e \u0440\u0435\u043c\u043e\u043d\u0442\u0430! \u041a\u043e\u043c\u043f\u0430\u043a\u0442\u043d\u044b\u0439 \u043d\u0430\u0431\u043e\u0440 \u0441 \u0438\u043d\u0441\u0442\u0440\u0443\u043c\u0435\u043d\u0442\u0430\u043c\u0438, \u043f\u043e\u0434\u0445\u043e\u0434\u0438\u0442 \u0434\u043b\u044f \u043a\u043e\u0432\u0440\u043e\u0432, \u0431\u043e\u0442\u043e\u0432 \u0438 \u043f\u0430\u043b\u0430\u0442\u043e\u043a.\",\"breadcrumb\":{\"@id\":\"https:\\\/\\\/xstyle.md\\\/product\\\/remnabor-dlya-kovrov-outwell-field-repair-kit\\\/#breadcrumb\"},\"inLanguage\":\"ro-RO\",\"potentialAction\":[{\"@type\":\"ReadAction\",\"target\":[\"https:\\\/\\\/xstyle.md\\\/product\\\/remnabor-dlya-kovrov-outwell-field-repair-kit\\\/\"]}]},{\"@type\":\"ImageObject\",\"inLanguage\":\"ro-RO\",\"@id\":\"https:\\\/\\\/xstyle.md\\\/product\\\/remnabor-dlya-kovrov-outwell-field-repair-kit\\\/#primaryimage\",\"url\":\"https:\\\/\\\/xstyle.md\\\/wp-content\\\/uploads\\\/2023\\\/04\\\/outwell-field-repair-kit.jpg\",\"contentUrl\":\"https:\\\/\\\/xstyle.md\\\/wp-content\\\/uploads\\\/2023\\\/04\\\/outwell-field-repair-kit.jpg\",\"width\":1002,\"height\":865,\"caption\":\"\u0420\u0435\u043c\u043d\u0430\u0431\u043e\u0440 \u0434\u043b\u044f \u043a\u043e\u0432\u0440\u043e\u0432 Outwell \u0434\u043b\u044f \u0430\u043a\u0442\u0438\u0432\u043d\u043e\u0433\u043e \u043e\u0442\u0434\u044b\u0445\u0430, \u043f\u0443\u0442\u0435\u0448\u0435\u0441\u0442\u0432\u0438\u0439 \u0438 \u0442\u0443\u0440\u0438\u0437\u043c\u0430, \u043f\u043e\u0434\u0445\u043e\u0434\u0438\u0442 \u0434\u043b\u044f \u043f\u043e\u0445\u043e\u0434\u043e\u0432, \u0430\u043b\u044c\u043f\u0438\u043d\u0438\u0437\u043c\u0430 \u0438 \u0441\u043f\u043e\u0440\u0442\u0438\u0432\u043d\u043e\u0439 \u043e\u0431\u0443\u0432\u0438 \u0432 \u0438\u043d\u0442\u0435\u0440\u043d\u0435\u0442-\u043c\u0430\u0433\u0430\u0437\u0438\u043d\u0435 \u0442\u043e\u0432\u0430\u0440\u043e\u0432 \u0434\u043b\u044f \u0430\u043a\u0442\u0438\u0432\u043d\u043e\u0439 \u0436\u0438\u0437\u043d\u0438\"},{\"@type\":\"BreadcrumbList\",\"@id\":\"https:\\\/\\\/xstyle.md\\\/product\\\/remnabor-dlya-kovrov-outwell-field-repair-kit\\\/#breadcrumb\",\"itemListElement\":[{\"@type\":\"ListItem\",\"position\":1,\"name\":\"\u0413\u043b\u0430\u0432\u043d\u0430\u044f \u0441\u0442\u0440\u0430\u043d\u0438\u0446\u0430\",\"item\":\"https:\\\/\\\/xstyle.md\\\/\"},{\"@type\":\"ListItem\",\"position\":2,\"name\":\"\u041c\u0430\u0433\u0430\u0437\u0438\u043d\",\"item\":\"https:\\\/\\\/xstyle.md\\\/shop\\\/\"},{\"@type\":\"ListItem\",\"position\":3,\"name\":\"\u0420\u0435\u043c\u043d\u0430\u0431\u043e\u0440 \u0434\u043b\u044f \u043a\u043e\u0432\u0440\u043e\u0432 Outwell Field Repair Kit\"}]},{\"@type\":\"WebSite\",\"@id\":\"https:\\\/\\\/xstyle.md\\\/#website\",\"url\":\"https:\\\/\\\/xstyle.md\\\/\",\"name\":\"\u041c\u0430\u0433\u0430\u0437\u0438\u043d Xstyle\",\"description\":\"C\u043d\u0430\u0440\u044f\u0436\u0435\u043d\u0438\u0435 \u0434\u043b\u044f \u0442\u0443\u0440\u0438\u0437\u043c\u0430 \u0438 \u044d\u043a\u0441\u0442\u0440\u0435\u043c\u0430\u043b\u044c\u043d\u044b\u0445 \u0432\u0438\u0434\u043e\u0432 \u0441\u043f\u043e\u0440\u0442\u0430 \u0432 \u041c\u043e\u043b\u0434\u043e\u0432\u0435.. \u0426\u0435\u043d\u044b, \u0444\u043e\u0442\u043e, \u0445\u0430\u0440\u0430\u043a\u0442\u0435\u0440\u0438\u0441\u0442\u0438\u043a\u0438 \u0432 \u041c\u043e\u043b\u0434\u043e\u0432\u0435.\",\"publisher\":{\"@id\":\"https:\\\/\\\/xstyle.md\\\/#organization\"},\"alternateName\":\"X-Style\",\"potentialAction\":[{\"@type\":\"SearchAction\",\"target\":{\"@type\":\"EntryPoint\",\"urlTemplate\":\"https:\\\/\\\/xstyle.md\\\/?s={search_term_string}\"},\"query-input\":{\"@type\":\"PropertyValueSpecification\",\"valueRequired\":true,\"valueName\":\"search_term_string\"}}],\"inLanguage\":\"ro-RO\"},{\"@type\":\"Organization\",\"@id\":\"https:\\\/\\\/xstyle.md\\\/#organization\",\"name\":\"\u041c\u0430\u0433\u0430\u0437\u0438\u043d Xstyle\",\"alternateName\":\"x-style\",\"url\":\"https:\\\/\\\/xstyle.md\\\/\",\"logo\":{\"@type\":\"ImageObject\",\"inLanguage\":\"ro-RO\",\"@id\":\"https:\\\/\\\/xstyle.md\\\/#\\\/schema\\\/logo\\\/image\\\/\",\"url\":\"https:\\\/\\\/xstyle.md\\\/wp-content\\\/uploads\\\/2020\\\/06\\\/logoicon.svg\",\"contentUrl\":\"https:\\\/\\\/xstyle.md\\\/wp-content\\\/uploads\\\/2020\\\/06\\\/logoicon.svg\",\"caption\":\"\u041c\u0430\u0433\u0430\u0437\u0438\u043d Xstyle\"},\"image\":{\"@id\":\"https:\\\/\\\/xstyle.md\\\/#\\\/schema\\\/logo\\\/image\\\/\"},\"sameAs\":[\"https:\\\/\\\/www.facebook.com\\\/xstylemd\",\"https:\\\/\\\/www.instagram.com\\\/xstyle_md\\\/\",\"https:\\\/\\\/t.me\\\/xstyle_outdoor\"],\"hasMerchantReturnPolicy\":{\"@type\":\"MerchantReturnPolicy\",\"merchantReturnLink\":\"https:\\\/\\\/xstyle.md\\\/ro\\\/conditions\\\/\"}}]}<\/script>\n<meta property=\"product:price:amount\" content=\"560.00\" \/>\n<meta property=\"product:price:currency\" content=\"MDL\" \/>\n<meta property=\"og:availability\" content=\"instock\" \/>\n<meta property=\"product:availability\" content=\"instock\" \/>\n<meta property=\"product:retailer_item_id\" content=\"5709388126658\" \/>\n<meta property=\"product:condition\" content=\"new\" \/>\n<!-- \/ Yoast SEO plugin. -->","yoast_head_json":{"title":"Set reparatie pentru covoras Outwell Field Repair Kit - Magazin Xstyle","description":"Kit de repara\u021bie premium pentru covoare Outwell Field Repair Kit - solu\u021bia perfect\u0103 pentru repara\u021bii urgente! Un set compact cu instrumente, potrivit pentru covoare, boti \u0219i corturi.","robots":{"index":"index","follow":"follow","max-snippet":"max-snippet:-1","max-image-preview":"max-image-preview:large","max-video-preview":"max-video-preview:-1"},"canonical":"https:\/\/xstyle.md\/ro\/produs\/remnabor-dlya-kovrov-outwell-field-repair-kit\/","og_locale":"ro_RO","og_type":"article","og_title":"\u0420\u0435\u043c\u043d\u0430\u0431\u043e\u0440 \u0434\u043b\u044f \u043a\u043e\u0432\u0440\u043e\u0432 Outwell Field Repair Kit - \u041c\u0430\u0433\u0430\u0437\u0438\u043d Xstyle","og_description":"\u041f\u0440\u0435\u043c\u0438\u0443\u043c \u0420\u0435\u043c\u043d\u0430\u0431\u043e\u0440 \u0434\u043b\u044f \u043a\u043e\u0432\u0440\u043e\u0432 Outwell Field Repair Kit - \u0438\u0434\u0435\u0430\u043b\u044c\u043d\u043e\u0435 \u0440\u0435\u0448\u0435\u043d\u0438\u0435 \u0434\u043b\u044f \u0441\u0440\u043e\u0447\u043d\u043e\u0433\u043e \u0440\u0435\u043c\u043e\u043d\u0442\u0430! \u041a\u043e\u043c\u043f\u0430\u043a\u0442\u043d\u044b\u0439 \u043d\u0430\u0431\u043e\u0440 \u0441 \u0438\u043d\u0441\u0442\u0440\u0443\u043c\u0435\u043d\u0442\u0430\u043c\u0438, \u043f\u043e\u0434\u0445\u043e\u0434\u0438\u0442 \u0434\u043b\u044f \u043a\u043e\u0432\u0440\u043e\u0432, \u0431\u043e\u0442\u043e\u0432 \u0438 \u043f\u0430\u043b\u0430\u0442\u043e\u043a.","og_url":"https:\/\/xstyle.md\/ro\/produs\/remnabor-dlya-kovrov-outwell-field-repair-kit\/","og_site_name":"\u041c\u0430\u0433\u0430\u0437\u0438\u043d Xstyle","article_publisher":"https:\/\/www.facebook.com\/xstylemd","article_modified_time":"2024-10-21T06:40:59+00:00","og_image":[{"width":1002,"height":865,"url":"https:\/\/xstyle.md\/wp-content\/uploads\/2023\/04\/outwell-field-repair-kit.jpg","type":"image\/jpeg"}],"twitter_card":"summary_large_image","twitter_misc":{"Pre\u021b":"560&nbsp;MDL","Disponibilitate":"\u00cen stoc"},"schema":{"@context":"https:\/\/schema.org","@graph":[{"@type":"WebPage","@id":"https:\/\/xstyle.md\/product\/remnabor-dlya-kovrov-outwell-field-repair-kit\/","url":"https:\/\/xstyle.md\/product\/remnabor-dlya-kovrov-outwell-field-repair-kit\/","name":"Set reparatie pentru covoras Outwell Field Repair Kit - Magazin Xstyle","isPartOf":{"@id":"https:\/\/xstyle.md\/#website"},"primaryImageOfPage":{"@id":"https:\/\/xstyle.md\/product\/remnabor-dlya-kovrov-outwell-field-repair-kit\/#primaryimage"},"image":{"@id":"https:\/\/xstyle.md\/product\/remnabor-dlya-kovrov-outwell-field-repair-kit\/#primaryimage"},"thumbnailUrl":"https:\/\/xstyle.md\/wp-content\/uploads\/2023\/04\/outwell-field-repair-kit.jpg","datePublished":"2023-04-21T11:09:41+00:00","dateModified":"2024-10-21T06:40:59+00:00","description":"Kit de repara\u021bie premium pentru covoare Outwell Field Repair Kit - solu\u021bia perfect\u0103 pentru repara\u021bii urgente! Un set compact cu instrumente, potrivit pentru covoare, boti \u0219i corturi.","breadcrumb":{"@id":"https:\/\/xstyle.md\/product\/remnabor-dlya-kovrov-outwell-field-repair-kit\/#breadcrumb"},"inLanguage":"ro-RO","potentialAction":[{"@type":"ReadAction","target":["https:\/\/xstyle.md\/product\/remnabor-dlya-kovrov-outwell-field-repair-kit\/"]}]},{"@type":"ImageObject","inLanguage":"ro-RO","@id":"https:\/\/xstyle.md\/product\/remnabor-dlya-kovrov-outwell-field-repair-kit\/#primaryimage","url":"https:\/\/xstyle.md\/wp-content\/uploads\/2023\/04\/outwell-field-repair-kit.jpg","contentUrl":"https:\/\/xstyle.md\/wp-content\/uploads\/2023\/04\/outwell-field-repair-kit.jpg","width":1002,"height":865,"caption":"\u0420\u0435\u043c\u043d\u0430\u0431\u043e\u0440 \u0434\u043b\u044f \u043a\u043e\u0432\u0440\u043e\u0432 Outwell \u0434\u043b\u044f \u0430\u043a\u0442\u0438\u0432\u043d\u043e\u0433\u043e \u043e\u0442\u0434\u044b\u0445\u0430, \u043f\u0443\u0442\u0435\u0448\u0435\u0441\u0442\u0432\u0438\u0439 \u0438 \u0442\u0443\u0440\u0438\u0437\u043c\u0430, \u043f\u043e\u0434\u0445\u043e\u0434\u0438\u0442 \u0434\u043b\u044f \u043f\u043e\u0445\u043e\u0434\u043e\u0432, \u0430\u043b\u044c\u043f\u0438\u043d\u0438\u0437\u043c\u0430 \u0438 \u0441\u043f\u043e\u0440\u0442\u0438\u0432\u043d\u043e\u0439 \u043e\u0431\u0443\u0432\u0438 \u0432 \u0438\u043d\u0442\u0435\u0440\u043d\u0435\u0442-\u043c\u0430\u0433\u0430\u0437\u0438\u043d\u0435 \u0442\u043e\u0432\u0430\u0440\u043e\u0432 \u0434\u043b\u044f \u0430\u043a\u0442\u0438\u0432\u043d\u043e\u0439 \u0436\u0438\u0437\u043d\u0438"},{"@type":"BreadcrumbList","@id":"https:\/\/xstyle.md\/product\/remnabor-dlya-kovrov-outwell-field-repair-kit\/#breadcrumb","itemListElement":[{"@type":"ListItem","position":1,"name":"\u0413\u043b\u0430\u0432\u043d\u0430\u044f \u0441\u0442\u0440\u0430\u043d\u0438\u0446\u0430","item":"https:\/\/xstyle.md\/"},{"@type":"ListItem","position":2,"name":"\u041c\u0430\u0433\u0430\u0437\u0438\u043d","item":"https:\/\/xstyle.md\/shop\/"},{"@type":"ListItem","position":3,"name":"\u0420\u0435\u043c\u043d\u0430\u0431\u043e\u0440 \u0434\u043b\u044f \u043a\u043e\u0432\u0440\u043e\u0432 Outwell Field Repair Kit"}]},{"@type":"WebSite","@id":"https:\/\/xstyle.md\/#website","url":"https:\/\/xstyle.md\/","name":"Magazinul X-Style","description":"Echipamente pentru turism \u0219i sporturi extreme \u00een Moldova. Pre\u021buri, fotografii, caracteristici \u00een Moldova.","publisher":{"@id":"https:\/\/xstyle.md\/#organization"},"alternateName":"X-Style","potentialAction":[{"@type":"SearchAction","target":{"@type":"EntryPoint","urlTemplate":"https:\/\/xstyle.md\/?s={search_term_string}"},"query-input":{"@type":"PropertyValueSpecification","valueRequired":true,"valueName":"search_term_string"}}],"inLanguage":"ro-RO"},{"@type":"Organization","@id":"https:\/\/xstyle.md\/#organization","name":"Magazinul X-Style","alternateName":"x-style","url":"https:\/\/xstyle.md\/","logo":{"@type":"ImageObject","inLanguage":"ro-RO","@id":"https:\/\/xstyle.md\/#\/schema\/logo\/image\/","url":"https:\/\/xstyle.md\/wp-content\/uploads\/2020\/06\/logoicon.svg","contentUrl":"https:\/\/xstyle.md\/wp-content\/uploads\/2020\/06\/logoicon.svg","caption":"\u041c\u0430\u0433\u0430\u0437\u0438\u043d Xstyle"},"image":{"@id":"https:\/\/xstyle.md\/#\/schema\/logo\/image\/"},"sameAs":["https:\/\/www.facebook.com\/xstylemd","https:\/\/www.instagram.com\/xstyle_md\/","https:\/\/t.me\/xstyle_outdoor"],"hasMerchantReturnPolicy":{"@type":"MerchantReturnPolicy","merchantReturnLink":"https:\/\/xstyle.md\/ro\/conditions\/"}}]},"product_price_amount":"560.00","product_price_currency":"MDL","og_availability":"instock","product_availability":"instock","product_retailer_item_id":"5709388126658","product_condition":"new"},"_links":{"self":[{"href":"https:\/\/xstyle.md\/ro\/wp-json\/wp\/v2\/product\/67345","targetHints":{"allow":["GET"]}}],"collection":[{"href":"https:\/\/xstyle.md\/ro\/wp-json\/wp\/v2\/product"}],"about":[{"href":"https:\/\/xstyle.md\/ro\/wp-json\/wp\/v2\/types\/product"}],"replies":[{"embeddable":true,"href":"https:\/\/xstyle.md\/ro\/wp-json\/wp\/v2\/comments?post=67345"}],"wp:featuredmedia":[{"embeddable":true,"href":"https:\/\/xstyle.md\/ro\/wp-json\/wp\/v2\/media\/68631"}],"wp:attachment":[{"href":"https:\/\/xstyle.md\/ro\/wp-json\/wp\/v2\/media?parent=67345"}],"wp:term":[{"taxonomy":"product_brand","embeddable":true,"href":"https:\/\/xstyle.md\/ro\/wp-json\/wp\/v2\/product_brand?post=67345"},{"taxonomy":"product_cat","embeddable":true,"href":"https:\/\/xstyle.md\/ro\/wp-json\/wp\/v2\/product_cat?post=67345"},{"taxonomy":"product_tag","embeddable":true,"href":"https:\/\/xstyle.md\/ro\/wp-json\/wp\/v2\/product_tag?post=67345"}],"curies":[{"name":"wp","href":"https:\/\/api.w.org\/{rel}","templated":true}]}}