{"id":67340,"date":"2023-04-21T14:09:40","date_gmt":"2023-04-21T11:09:40","guid":{"rendered":"https:\/\/xstyle.md\/?post_type=product&#038;p=67340"},"modified":"2026-03-19T17:13:10","modified_gmt":"2026-03-19T14:13:10","slug":"reshetka-dlya-grilya-robens-lassen-grill-trivet-combo-l","status":"publish","type":"product","link":"https:\/\/xstyle.md\/ro\/produs\/reshetka-dlya-grilya-robens-lassen-grill-trivet-combo-l\/","title":{"rendered":"Gril\u0103 pentru gr\u0103tar Robens Lassen Grill Trivet Combo L"},"content":{"rendered":"<\/p>\n<p><strong>Robens Lassen Grill Trivet Combo L<\/strong> &#8212; gr\u0103tar compact din o\u021bel inoxidabil. Modelul poate fi folosit ca gr\u0103tar \u0219i ca trepied. Picioarele din o\u021bel permit un transport convenabil. \u00cen pachet este inclus\u0103 o hus\u0103 de transport.<\/p>\n<h3>Particularit\u0103\u021bi<\/h3>\n<ul>\n<li>U\u0219or \u0219i compact<\/li>\n<li>Poate fi folosit ca gr\u0103tar sau ca baz\u0103<\/li>\n<li>Picioare pliabile pentru un transport u\u0219or<\/li>\n<li>Geant\u0103 de depozitare \u0219i transport.<\/li>\n<\/ul>\n<h3>Caracteristici<\/h3>\n<ul>\n<li>Material - o\u021bel inoxidabil<\/li>\n<li>Dimensiuni &#8212; 43,5 x 32 x 16,5 cm<\/li>\n<li>Dimensiuni ambalaj &#8212; 43,5 x 32 x 2,5 cm<\/li>\n<li>Greutate &#8212; 1429 g.<\/li>\n<\/ul>\n<h3>Marca<\/h3>\n<p>Istoria m\u0103rcii Robens \u00eencepe \u00een 1973, c\u00e2nd Klaus Robens \u0219i so\u021bia sa au \u00eenfiin\u021bat compania \u00een casa lor din Wenfort, Germania. Biroul companiei se afla la subsol, iar showroom-ul pe peluza din fa\u021b\u0103. Cuno\u0219tin\u021bele vaste ale lui Robens \u00een ceea ce prive\u0219te activit\u0103\u021bile \u00een aer liber \u0219i calitatea ridicat\u0103 au dus la un succes at\u00e2t de mare \u00eenc\u00e2t, \u00een 1988, compania s-a mutat \u00eentr-o cl\u0103dire nou\u0103 \u0219i a colaborat cu designerul industrial Olaf Bracht, care \u00eemp\u0103rt\u0103\u0219ea pasiunea lui Robens.<\/p>\n<p>Brandul Robens s-a impus ca produc\u0103torul ideal de echipamente pentru viata in aer liber, pun\u00e2nd accentul pe o calitate ridicat\u0103 la pre\u021buri rezonabile. \u00cen 2000, Robens a fost achizi\u021bionat de OASE Outdoors \u0219i a fost rebranduit \u00een 2012. Ast\u0103zi, Robens continu\u0103 s\u0103 avanseze, ajut\u00e2nd oamenii s\u0103 \u00ee\u0219i realizeze pasiunea pentru activit\u0103\u021bile \u00een aer liber.<\/p>\n<p><\/p>","protected":false},"excerpt":{"rendered":"","protected":false},"featured_media":68474,"comment_status":"open","ping_status":"closed","template":"","meta":{"_acf_changed":false,"inline_featured_image":false},"product_brand":[1329],"product_cat":[911,896],"product_tag":[],"class_list":{"0":"post-67340","1":"product","2":"type-product","3":"status-publish","4":"has-post-thumbnail","6":"product_brand-robens","7":"product_cat-accesorii-dutch-oven","8":"product_cat-mangal","10":"first","11":"instock","12":"shipping-taxable","13":"purchasable","14":"product-type-simple"},"acf":[],"yoast_head":"<!-- This site is optimized with the Yoast SEO plugin v27.2 - https:\/\/yoast.com\/product\/yoast-seo-wordpress\/ -->\n<title>\u0420\u0435\u0448\u0435\u0442\u043a\u0430 \u0434\u043b\u044f \u0433\u0440\u0438\u043b\u044f Robens Lassen Grill Trivet Combo L - \u041c\u0430\u0433\u0430\u0437\u0438\u043d Xstyle<\/title>\n<meta name=\"description\" content=\"\u0420\u0435\u0448\u0435\u0442\u043a\u0430 \u0434\u043b\u044f \u0433\u0440\u0438\u043b\u044f Robens Lassen Grill Trivet Combo L \u2013 \u043a\u043e\u043c\u043f\u0430\u043a\u0442\u043d\u0430\u044f \u0438 \u043b\u0435\u0433\u043a\u0430\u044f \u043c\u043e\u0434\u0435\u043b\u044c \u0438\u0437 \u043d\u0435\u0440\u0436\u0430\u0432\u0435\u044e\u0449\u0435\u0439 \u0441\u0442\u0430\u043b\u0438. \u0418\u0434\u0435\u0430\u043b\u044c\u043d\u0430 \u0434\u043b\u044f \u043f\u0438\u043a\u043d\u0438\u043a\u043e\u0432 \u0438 \u043f\u043e\u0445\u043e\u0434\u043e\u0432, \u0441 \u0437\u0430\u0449\u0438\u0442\u043d\u044b\u043c \u0447\u0435\u0445\u043b\u043e\u043c.\" \/>\n<meta name=\"robots\" content=\"index, follow, max-snippet:-1, max-image-preview:large, max-video-preview:-1\" \/>\n<link rel=\"canonical\" href=\"https:\/\/xstyle.md\/ro\/produs\/reshetka-dlya-grilya-robens-lassen-grill-trivet-combo-l\/\" \/>\n<meta property=\"og:locale\" content=\"ro_RO\" \/>\n<meta property=\"og:type\" content=\"article\" \/>\n<meta property=\"og:title\" content=\"\u0420\u0435\u0448\u0435\u0442\u043a\u0430 \u0434\u043b\u044f \u0433\u0440\u0438\u043b\u044f Robens Lassen Grill Trivet Combo L - \u041c\u0430\u0433\u0430\u0437\u0438\u043d Xstyle\" \/>\n<meta property=\"og:description\" content=\"\u0420\u0435\u0448\u0435\u0442\u043a\u0430 \u0434\u043b\u044f \u0433\u0440\u0438\u043b\u044f Robens Lassen Grill Trivet Combo L \u2013 \u043a\u043e\u043c\u043f\u0430\u043a\u0442\u043d\u0430\u044f \u0438 \u043b\u0435\u0433\u043a\u0430\u044f \u043c\u043e\u0434\u0435\u043b\u044c \u0438\u0437 \u043d\u0435\u0440\u0436\u0430\u0432\u0435\u044e\u0449\u0435\u0439 \u0441\u0442\u0430\u043b\u0438. \u0418\u0434\u0435\u0430\u043b\u044c\u043d\u0430 \u0434\u043b\u044f \u043f\u0438\u043a\u043d\u0438\u043a\u043e\u0432 \u0438 \u043f\u043e\u0445\u043e\u0434\u043e\u0432, \u0441 \u0437\u0430\u0449\u0438\u0442\u043d\u044b\u043c \u0447\u0435\u0445\u043b\u043e\u043c.\" \/>\n<meta property=\"og:url\" content=\"https:\/\/xstyle.md\/ro\/produs\/reshetka-dlya-grilya-robens-lassen-grill-trivet-combo-l\/\" \/>\n<meta property=\"og:site_name\" content=\"\u041c\u0430\u0433\u0430\u0437\u0438\u043d Xstyle\" \/>\n<meta property=\"article:publisher\" content=\"https:\/\/www.facebook.com\/xstylemd\" \/>\n<meta property=\"article:modified_time\" content=\"2026-03-19T14:13:10+00:00\" \/>\n<meta property=\"og:image\" content=\"https:\/\/xstyle.md\/wp-content\/uploads\/2023\/04\/robens-lassen-grill-trivet-combo-l.jpg\" \/>\n\t<meta property=\"og:image:width\" content=\"1095\" \/>\n\t<meta property=\"og:image:height\" content=\"883\" \/>\n\t<meta property=\"og:image:type\" content=\"image\/jpeg\" \/>\n<meta name=\"twitter:card\" content=\"summary_large_image\" \/>\n<meta name=\"twitter:label1\" content=\"Pre\u021b\" \/>\n\t<meta name=\"twitter:data1\" content=\"1.060&nbsp;MDL\" \/>\n\t<meta name=\"twitter:label2\" content=\"Disponibilitate\" \/>\n\t<meta name=\"twitter:data2\" content=\"\u00cen stoc\" \/>\n<script type=\"application\/ld+json\" class=\"yoast-schema-graph\">{\"@context\":\"https:\/\/schema.org\",\"@graph\":[{\"@type\":\"WebPage\",\"@id\":\"https:\/\/xstyle.md\/product\/reshetka-dlya-grilya-robens-lassen-grill-trivet-combo-l\/\",\"url\":\"https:\/\/xstyle.md\/product\/reshetka-dlya-grilya-robens-lassen-grill-trivet-combo-l\/\",\"name\":\"\u0420\u0435\u0448\u0435\u0442\u043a\u0430 \u0434\u043b\u044f \u0433\u0440\u0438\u043b\u044f Robens Lassen Grill Trivet Combo L - \u041c\u0430\u0433\u0430\u0437\u0438\u043d Xstyle\",\"isPartOf\":{\"@id\":\"https:\/\/xstyle.md\/#website\"},\"primaryImageOfPage\":{\"@id\":\"https:\/\/xstyle.md\/product\/reshetka-dlya-grilya-robens-lassen-grill-trivet-combo-l\/#primaryimage\"},\"image\":{\"@id\":\"https:\/\/xstyle.md\/product\/reshetka-dlya-grilya-robens-lassen-grill-trivet-combo-l\/#primaryimage\"},\"thumbnailUrl\":\"https:\/\/xstyle.md\/wp-content\/uploads\/2023\/04\/robens-lassen-grill-trivet-combo-l.jpg\",\"datePublished\":\"2023-04-21T11:09:40+00:00\",\"dateModified\":\"2026-03-19T14:13:10+00:00\",\"description\":\"\u0420\u0435\u0448\u0435\u0442\u043a\u0430 \u0434\u043b\u044f \u0433\u0440\u0438\u043b\u044f Robens Lassen Grill Trivet Combo L \u2013 \u043a\u043e\u043c\u043f\u0430\u043a\u0442\u043d\u0430\u044f \u0438 \u043b\u0435\u0433\u043a\u0430\u044f \u043c\u043e\u0434\u0435\u043b\u044c \u0438\u0437 \u043d\u0435\u0440\u0436\u0430\u0432\u0435\u044e\u0449\u0435\u0439 \u0441\u0442\u0430\u043b\u0438. \u0418\u0434\u0435\u0430\u043b\u044c\u043d\u0430 \u0434\u043b\u044f \u043f\u0438\u043a\u043d\u0438\u043a\u043e\u0432 \u0438 \u043f\u043e\u0445\u043e\u0434\u043e\u0432, \u0441 \u0437\u0430\u0449\u0438\u0442\u043d\u044b\u043c \u0447\u0435\u0445\u043b\u043e\u043c.\",\"breadcrumb\":{\"@id\":\"https:\/\/xstyle.md\/product\/reshetka-dlya-grilya-robens-lassen-grill-trivet-combo-l\/#breadcrumb\"},\"inLanguage\":\"ro-RO\",\"potentialAction\":[{\"@type\":\"ReadAction\",\"target\":[\"https:\/\/xstyle.md\/product\/reshetka-dlya-grilya-robens-lassen-grill-trivet-combo-l\/\"]}]},{\"@type\":\"ImageObject\",\"inLanguage\":\"ro-RO\",\"@id\":\"https:\/\/xstyle.md\/product\/reshetka-dlya-grilya-robens-lassen-grill-trivet-combo-l\/#primaryimage\",\"url\":\"https:\/\/xstyle.md\/wp-content\/uploads\/2023\/04\/robens-lassen-grill-trivet-combo-l.jpg\",\"contentUrl\":\"https:\/\/xstyle.md\/wp-content\/uploads\/2023\/04\/robens-lassen-grill-trivet-combo-l.jpg\",\"width\":1095,\"height\":883,\"caption\":\"\u0420\u0435\u0448\u0435\u0442\u043a\u0430 \u0434\u043b\u044f \u0433\u0440\u0438\u043b\u044f Robens Lassen Grill Trivet Combo L \u0434\u043b\u044f \u0430\u043a\u0442\u0438\u0432\u043d\u043e\u0433\u043e \u043e\u0442\u0434\u044b\u0445\u0430, \u043f\u0443\u0442\u0435\u0448\u0435\u0441\u0442\u0432\u0438\u0439 \u0438 \u043f\u043e\u0445\u043e\u0434\u043e\u0432, \u043e\u0434\u0435\u0436\u0434\u0430 \u0438 \u043e\u0431\u0443\u0432\u044c \u0434\u043b\u044f \u043f\u043e\u0445\u043e\u0434\u043e\u0432 \u0438 \u0430\u043b\u044c\u043f\u0438\u043d\u0438\u0437\u043c\u0430\"},{\"@type\":\"BreadcrumbList\",\"@id\":\"https:\/\/xstyle.md\/product\/reshetka-dlya-grilya-robens-lassen-grill-trivet-combo-l\/#breadcrumb\",\"itemListElement\":[{\"@type\":\"ListItem\",\"position\":1,\"name\":\"\u0413\u043b\u0430\u0432\u043d\u0430\u044f \u0441\u0442\u0440\u0430\u043d\u0438\u0446\u0430\",\"item\":\"https:\/\/xstyle.md\/\"},{\"@type\":\"ListItem\",\"position\":2,\"name\":\"\u041c\u0430\u0433\u0430\u0437\u0438\u043d\",\"item\":\"https:\/\/xstyle.md\/shop\/\"},{\"@type\":\"ListItem\",\"position\":3,\"name\":\"\u0420\u0435\u0448\u0435\u0442\u043a\u0430 \u0434\u043b\u044f \u0433\u0440\u0438\u043b\u044f Robens Lassen Grill Trivet Combo L\"}]},{\"@type\":\"WebSite\",\"@id\":\"https:\/\/xstyle.md\/#website\",\"url\":\"https:\/\/xstyle.md\/\",\"name\":\"\u041c\u0430\u0433\u0430\u0437\u0438\u043d Xstyle\",\"description\":\"C\u043d\u0430\u0440\u044f\u0436\u0435\u043d\u0438\u0435 \u0434\u043b\u044f \u0442\u0443\u0440\u0438\u0437\u043c\u0430 \u0438 \u044d\u043a\u0441\u0442\u0440\u0435\u043c\u0430\u043b\u044c\u043d\u044b\u0445 \u0432\u0438\u0434\u043e\u0432 \u0441\u043f\u043e\u0440\u0442\u0430 \u0432 \u041c\u043e\u043b\u0434\u043e\u0432\u0435.. \u0426\u0435\u043d\u044b, \u0444\u043e\u0442\u043e, \u0445\u0430\u0440\u0430\u043a\u0442\u0435\u0440\u0438\u0441\u0442\u0438\u043a\u0438 \u0432 \u041c\u043e\u043b\u0434\u043e\u0432\u0435.\",\"publisher\":{\"@id\":\"https:\/\/xstyle.md\/#organization\"},\"alternateName\":\"X-Style\",\"potentialAction\":[{\"@type\":\"SearchAction\",\"target\":{\"@type\":\"EntryPoint\",\"urlTemplate\":\"https:\/\/xstyle.md\/?s={search_term_string}\"},\"query-input\":{\"@type\":\"PropertyValueSpecification\",\"valueRequired\":true,\"valueName\":\"search_term_string\"}}],\"inLanguage\":\"ro-RO\"},{\"@type\":\"Organization\",\"@id\":\"https:\/\/xstyle.md\/#organization\",\"name\":\"\u041c\u0430\u0433\u0430\u0437\u0438\u043d Xstyle\",\"alternateName\":\"x-style\",\"url\":\"https:\/\/xstyle.md\/\",\"logo\":{\"@type\":\"ImageObject\",\"inLanguage\":\"ro-RO\",\"@id\":\"https:\/\/xstyle.md\/#\/schema\/logo\/image\/\",\"url\":\"https:\/\/xstyle.md\/wp-content\/uploads\/2020\/06\/logoicon.svg\",\"contentUrl\":\"https:\/\/xstyle.md\/wp-content\/uploads\/2020\/06\/logoicon.svg\",\"caption\":\"\u041c\u0430\u0433\u0430\u0437\u0438\u043d Xstyle\"},\"image\":{\"@id\":\"https:\/\/xstyle.md\/#\/schema\/logo\/image\/\"},\"sameAs\":[\"https:\/\/www.facebook.com\/xstylemd\",\"https:\/\/www.instagram.com\/xstyle_md\/\",\"https:\/\/t.me\/xstyle_outdoor\"],\"hasMerchantReturnPolicy\":{\"@type\":\"MerchantReturnPolicy\",\"merchantReturnLink\":\"https:\/\/xstyle.md\/ro\/conditions\/\"}}]}<\/script>\n<meta property=\"product:price:amount\" content=\"1060.00\" \/>\n<meta property=\"product:price:currency\" content=\"MDL\" \/>\n<meta property=\"og:availability\" content=\"instock\" \/>\n<meta property=\"product:availability\" content=\"instock\" \/>\n<meta property=\"product:retailer_item_id\" content=\"5709388067531\" \/>\n<meta property=\"product:condition\" content=\"new\" \/>\n<!-- \/ Yoast SEO plugin. -->","yoast_head_json":{"title":"Gril\u0103 pentru gr\u0103tar Robens Lassen Grill Trivet Combo L - Magazin Xstyle","description":"Gr\u0103tar pentru gr\u0103tar Robens Lassen Grill Trivet Combo L \u2013 un model compact \u0219i u\u0219or din o\u021bel inoxidabil. Ideal pentru picnicuri \u0219i drume\u021bii, cu o hus\u0103 de protec\u021bie.","robots":{"index":"index","follow":"follow","max-snippet":"max-snippet:-1","max-image-preview":"max-image-preview:large","max-video-preview":"max-video-preview:-1"},"canonical":"https:\/\/xstyle.md\/ro\/produs\/reshetka-dlya-grilya-robens-lassen-grill-trivet-combo-l\/","og_locale":"ro_RO","og_type":"article","og_title":"\u0420\u0435\u0448\u0435\u0442\u043a\u0430 \u0434\u043b\u044f \u0433\u0440\u0438\u043b\u044f Robens Lassen Grill Trivet Combo L - \u041c\u0430\u0433\u0430\u0437\u0438\u043d Xstyle","og_description":"\u0420\u0435\u0448\u0435\u0442\u043a\u0430 \u0434\u043b\u044f \u0433\u0440\u0438\u043b\u044f Robens Lassen Grill Trivet Combo L \u2013 \u043a\u043e\u043c\u043f\u0430\u043a\u0442\u043d\u0430\u044f \u0438 \u043b\u0435\u0433\u043a\u0430\u044f \u043c\u043e\u0434\u0435\u043b\u044c \u0438\u0437 \u043d\u0435\u0440\u0436\u0430\u0432\u0435\u044e\u0449\u0435\u0439 \u0441\u0442\u0430\u043b\u0438. \u0418\u0434\u0435\u0430\u043b\u044c\u043d\u0430 \u0434\u043b\u044f \u043f\u0438\u043a\u043d\u0438\u043a\u043e\u0432 \u0438 \u043f\u043e\u0445\u043e\u0434\u043e\u0432, \u0441 \u0437\u0430\u0449\u0438\u0442\u043d\u044b\u043c \u0447\u0435\u0445\u043b\u043e\u043c.","og_url":"https:\/\/xstyle.md\/ro\/produs\/reshetka-dlya-grilya-robens-lassen-grill-trivet-combo-l\/","og_site_name":"\u041c\u0430\u0433\u0430\u0437\u0438\u043d Xstyle","article_publisher":"https:\/\/www.facebook.com\/xstylemd","article_modified_time":"2026-03-19T14:13:10+00:00","og_image":[{"width":1095,"height":883,"url":"https:\/\/xstyle.md\/wp-content\/uploads\/2023\/04\/robens-lassen-grill-trivet-combo-l.jpg","type":"image\/jpeg"}],"twitter_card":"summary_large_image","twitter_misc":{"Pre\u021b":"1.060&nbsp;MDL","Disponibilitate":"\u00cen stoc"},"schema":{"@context":"https:\/\/schema.org","@graph":[{"@type":"WebPage","@id":"https:\/\/xstyle.md\/product\/reshetka-dlya-grilya-robens-lassen-grill-trivet-combo-l\/","url":"https:\/\/xstyle.md\/product\/reshetka-dlya-grilya-robens-lassen-grill-trivet-combo-l\/","name":"Gril\u0103 pentru gr\u0103tar Robens Lassen Grill Trivet Combo L - Magazin Xstyle","isPartOf":{"@id":"https:\/\/xstyle.md\/#website"},"primaryImageOfPage":{"@id":"https:\/\/xstyle.md\/product\/reshetka-dlya-grilya-robens-lassen-grill-trivet-combo-l\/#primaryimage"},"image":{"@id":"https:\/\/xstyle.md\/product\/reshetka-dlya-grilya-robens-lassen-grill-trivet-combo-l\/#primaryimage"},"thumbnailUrl":"https:\/\/xstyle.md\/wp-content\/uploads\/2023\/04\/robens-lassen-grill-trivet-combo-l.jpg","datePublished":"2023-04-21T11:09:40+00:00","dateModified":"2026-03-19T14:13:10+00:00","description":"Gr\u0103tar pentru gr\u0103tar Robens Lassen Grill Trivet Combo L \u2013 un model compact \u0219i u\u0219or din o\u021bel inoxidabil. Ideal pentru picnicuri \u0219i drume\u021bii, cu o hus\u0103 de protec\u021bie.","breadcrumb":{"@id":"https:\/\/xstyle.md\/product\/reshetka-dlya-grilya-robens-lassen-grill-trivet-combo-l\/#breadcrumb"},"inLanguage":"ro-RO","potentialAction":[{"@type":"ReadAction","target":["https:\/\/xstyle.md\/product\/reshetka-dlya-grilya-robens-lassen-grill-trivet-combo-l\/"]}]},{"@type":"ImageObject","inLanguage":"ro-RO","@id":"https:\/\/xstyle.md\/product\/reshetka-dlya-grilya-robens-lassen-grill-trivet-combo-l\/#primaryimage","url":"https:\/\/xstyle.md\/wp-content\/uploads\/2023\/04\/robens-lassen-grill-trivet-combo-l.jpg","contentUrl":"https:\/\/xstyle.md\/wp-content\/uploads\/2023\/04\/robens-lassen-grill-trivet-combo-l.jpg","width":1095,"height":883,"caption":"\u0420\u0435\u0448\u0435\u0442\u043a\u0430 \u0434\u043b\u044f \u0433\u0440\u0438\u043b\u044f Robens Lassen Grill Trivet Combo L \u0434\u043b\u044f \u0430\u043a\u0442\u0438\u0432\u043d\u043e\u0433\u043e \u043e\u0442\u0434\u044b\u0445\u0430, \u043f\u0443\u0442\u0435\u0448\u0435\u0441\u0442\u0432\u0438\u0439 \u0438 \u043f\u043e\u0445\u043e\u0434\u043e\u0432, \u043e\u0434\u0435\u0436\u0434\u0430 \u0438 \u043e\u0431\u0443\u0432\u044c \u0434\u043b\u044f \u043f\u043e\u0445\u043e\u0434\u043e\u0432 \u0438 \u0430\u043b\u044c\u043f\u0438\u043d\u0438\u0437\u043c\u0430"},{"@type":"BreadcrumbList","@id":"https:\/\/xstyle.md\/product\/reshetka-dlya-grilya-robens-lassen-grill-trivet-combo-l\/#breadcrumb","itemListElement":[{"@type":"ListItem","position":1,"name":"\u0413\u043b\u0430\u0432\u043d\u0430\u044f \u0441\u0442\u0440\u0430\u043d\u0438\u0446\u0430","item":"https:\/\/xstyle.md\/"},{"@type":"ListItem","position":2,"name":"\u041c\u0430\u0433\u0430\u0437\u0438\u043d","item":"https:\/\/xstyle.md\/shop\/"},{"@type":"ListItem","position":3,"name":"\u0420\u0435\u0448\u0435\u0442\u043a\u0430 \u0434\u043b\u044f \u0433\u0440\u0438\u043b\u044f Robens Lassen Grill Trivet Combo L"}]},{"@type":"WebSite","@id":"https:\/\/xstyle.md\/#website","url":"https:\/\/xstyle.md\/","name":"Magazinul X-Style","description":"Echipamente pentru turism \u0219i sporturi extreme \u00een Moldova. Pre\u021buri, fotografii, caracteristici \u00een Moldova.","publisher":{"@id":"https:\/\/xstyle.md\/#organization"},"alternateName":"X-Style","potentialAction":[{"@type":"SearchAction","target":{"@type":"EntryPoint","urlTemplate":"https:\/\/xstyle.md\/?s={search_term_string}"},"query-input":{"@type":"PropertyValueSpecification","valueRequired":true,"valueName":"search_term_string"}}],"inLanguage":"ro-RO"},{"@type":"Organization","@id":"https:\/\/xstyle.md\/#organization","name":"Magazinul X-Style","alternateName":"x-style","url":"https:\/\/xstyle.md\/","logo":{"@type":"ImageObject","inLanguage":"ro-RO","@id":"https:\/\/xstyle.md\/#\/schema\/logo\/image\/","url":"https:\/\/xstyle.md\/wp-content\/uploads\/2020\/06\/logoicon.svg","contentUrl":"https:\/\/xstyle.md\/wp-content\/uploads\/2020\/06\/logoicon.svg","caption":"\u041c\u0430\u0433\u0430\u0437\u0438\u043d Xstyle"},"image":{"@id":"https:\/\/xstyle.md\/#\/schema\/logo\/image\/"},"sameAs":["https:\/\/www.facebook.com\/xstylemd","https:\/\/www.instagram.com\/xstyle_md\/","https:\/\/t.me\/xstyle_outdoor"],"hasMerchantReturnPolicy":{"@type":"MerchantReturnPolicy","merchantReturnLink":"https:\/\/xstyle.md\/ro\/conditions\/"}}]},"product_price_amount":"1060.00","product_price_currency":"MDL","og_availability":"instock","product_availability":"instock","product_retailer_item_id":"5709388067531","product_condition":"new"},"post_mailing_queue_ids":[],"_links":{"self":[{"href":"https:\/\/xstyle.md\/ro\/wp-json\/wp\/v2\/product\/67340","targetHints":{"allow":["GET"]}}],"collection":[{"href":"https:\/\/xstyle.md\/ro\/wp-json\/wp\/v2\/product"}],"about":[{"href":"https:\/\/xstyle.md\/ro\/wp-json\/wp\/v2\/types\/product"}],"replies":[{"embeddable":true,"href":"https:\/\/xstyle.md\/ro\/wp-json\/wp\/v2\/comments?post=67340"}],"wp:featuredmedia":[{"embeddable":true,"href":"https:\/\/xstyle.md\/ro\/wp-json\/wp\/v2\/media\/68474"}],"wp:attachment":[{"href":"https:\/\/xstyle.md\/ro\/wp-json\/wp\/v2\/media?parent=67340"}],"wp:term":[{"taxonomy":"product_brand","embeddable":true,"href":"https:\/\/xstyle.md\/ro\/wp-json\/wp\/v2\/product_brand?post=67340"},{"taxonomy":"product_cat","embeddable":true,"href":"https:\/\/xstyle.md\/ro\/wp-json\/wp\/v2\/product_cat?post=67340"},{"taxonomy":"product_tag","embeddable":true,"href":"https:\/\/xstyle.md\/ro\/wp-json\/wp\/v2\/product_tag?post=67340"}],"curies":[{"name":"wp","href":"https:\/\/api.w.org\/{rel}","templated":true}]}}