{"id":67339,"date":"2023-04-21T14:09:40","date_gmt":"2023-04-21T11:09:40","guid":{"rendered":"https:\/\/xstyle.md\/?post_type=product&#038;p=67339"},"modified":"2024-10-03T01:08:26","modified_gmt":"2024-10-02T22:08:26","slug":"naduvnaya-podushka-easy-camp-moon-compact-pillow","status":"publish","type":"product","link":"https:\/\/xstyle.md\/ro\/produs\/naduvnaya-podushka-easy-camp-moon-compact-pillow\/","title":{"rendered":"Pern\u0103 gonflabil\u0103 Easy Camp Moon Compact Pillow"},"content":{"rendered":"<\/p>\n<p><strong>Easy Camp Moon Compact Pillow<\/strong> &#8212; pern\u0103 compact\u0103 de camping sau de c\u0103l\u0103torie din microfibr\u0103.<\/p>\n<h3>Particularit\u0103\u021bi<\/h3>\n<ul>\n<li>Camera de aer intern\u0103 v\u0103 permite s\u0103 regla\u021bi \u00een\u0103l\u021bimea \u0219i rigiditatea pernei<\/li>\n<li>Camer\u0103 de aer fabricat\u0103 din TPU de \u00eenalt\u0103 calitate pentru durabilitate maxim\u0103<\/li>\n<li>\u021aes\u0103tur\u0103 din microfibre cu atingere moale<\/li>\n<li>Deschidere cu clapet\u0103 pentru o umflare \u0219i dezumflare u\u0219oar\u0103<\/li>\n<li>Dimensiune compact\u0103 a pachetului<\/li>\n<li>Ideal\u0103 at\u00e2t pentru camping, c\u00e2t \u0219i pentru c\u0103l\u0103torii.<\/li>\n<\/ul>\n<h3>Caracteristici<\/h3>\n<ul>\n<li>Material &#8212; microfibr\u0103 190T, 100% poliester<\/li>\n<li>Hus\u0103 de depozitare &#8212; disponibil\u0103<\/li>\n<li>Dimensiunile ambalajului &#8212; 13 x 6 x 6 x 6 cm<\/li>\n<li>Dimensiuni &#8212; 35 x 25 x 10 cm<\/li>\n<li>Greutate &#8212; 95 g.<\/li>\n<\/ul>\n<p><\/p>\n<h3>Marca<\/h3>\n<p class=\"translation-block\">Easy Camp -  este unul dintre cei mai cunoscu\u021bi produc\u0103tori danezi de articole pentru sectorul turistic \u0219i sportiv, precum \u0219i de produse pentru recreere activ\u0103. Easy Camp se pozi\u021bioneaz\u0103 ca un brand dedicat campingului, drume\u021biilor \u0219i c\u0103l\u0103toriilor. Printre produsele populare, care s-au impus pe pia\u021ba european\u0103 \u0219i mondial\u0103, se num\u0103r\u0103: rucsacuri, corturi, mobilier de camping, accesorii pentru camping, saci de dormit, saltele gonflabile \u0219i multe altele. Experien\u021ba vast\u0103 a consolidat reputa\u021bia acestui brand ca fiind unul dintre cele mai respectate \u0219i de \u00eencredere, compania produc\u00e2nd echipamente pentru activit\u0103\u021bi outdoor de peste 28 de ani.<\/p>\n<p>Credo Easy Camp - dezvolt\u0103ri \u0219i inova\u021bii moderne pentru \u00eembun\u0103t\u0103\u021birea calit\u0103\u021bii recreerii. Cele mai avansate tehnologii v\u0103 permit s\u0103 ob\u021bine\u021bi rezultate f\u0103r\u0103 precedent. Materialele de ultim\u0103 genera\u021bie \u0219i designul avansat permit turi\u0219tilor s\u0103 se simt\u0103 \u00een largul lor \u0219i confortabil \u00een orice situa\u021bie. Easy Camp - se asociaz\u0103 cu corturi confortabile \u0219i u\u0219oare, c\u0103lduroase \u0219i \u00een acela\u0219i timp sacii de dormit ocup\u0103 un volum foarte mic, o gam\u0103 variata de alte produse.<\/p>","protected":false},"excerpt":{"rendered":"<p>\u0411\u0440\u0435\u043d\u0434 Easy Camp \u2013 \u043e\u0434\u0438\u043d \u0438\u0437 \u0438\u0437\u0432\u0435\u0441\u0442\u043d\u0435\u0439\u0448\u0438\u0445 \u0434\u0430\u0442\u0441\u043a\u0438\u0445 \u043f\u0440\u043e\u0438\u0437\u0432\u043e\u0434\u0438\u0442\u0435\u043b\u0435\u0439 \u0442\u043e\u0432\u0430\u0440\u043e\u0432 \u0434\u043b\u044f \u0442\u0443\u0440\u0438\u0441\u0442\u0438\u0447\u0435\u0441\u043a\u043e\u0439 \u0438 \u0441\u043f\u043e\u0440\u0442\u0438\u0432\u043d\u043e\u0439 \u0441\u0444\u0435\u0440\u044b, \u0430 \u0442\u0430\u043a\u0436\u0435 \u043f\u0440\u043e\u0434\u0443\u043a\u0446\u0438\u0438 \u0434\u043b\u044f \u0430\u043a\u0442\u0438\u0432\u043d\u043e\u0433\u043e \u043e\u0442\u0434\u044b\u0445\u0430. Easy Camp \u043f\u043e\u0437\u0438\u0446\u0438\u043e\u043d\u0438\u0440\u0443\u0435\u0442 \u0441\u0435\u0431\u044f \u043a\u0430\u043a \u0431\u0440\u0435\u043d\u0434 \u0442\u043e\u0432\u0430\u0440\u043e\u0432 \u0434\u043b\u044f \u043a\u0435\u043c\u043f\u0438\u043d\u0433\u0430, \u043f\u043e\u0445\u043e\u0434\u043e\u0432 \u0438 \u043f\u0443\u0442\u0435\u0448\u0435\u0441\u0442\u0432\u0438\u0439. \u0421\u0440\u0435\u0434\u0438 \u043f\u043e\u043f\u0443\u043b\u044f\u0440\u043d\u044b\u0445 \u043f\u0440\u043e\u0434\u0443\u043a\u0442\u043e\u0432, \u043a\u043e\u0442\u043e\u0440\u044b\u0435 \u0437\u0430\u0440\u0435\u043a\u043e\u043c\u0435\u043d\u0434\u043e\u0432\u0430\u043b\u0438 \u0441\u0435\u0431\u044f \u043d\u0430 \u0435\u0432\u0440\u043e\u043f\u0435\u0439\u0441\u043a\u043e\u043c \u0438 \u043c\u0438\u0440\u043e\u0432\u043e\u043c \u0440\u044b\u043d\u043a\u0435: \u0440\u044e\u043a\u0437\u0430\u043a\u0438, \u043f\u0430\u043b\u0430\u0442\u043a\u0438, \u0442\u0443\u0440\u0438\u0441\u0442\u0438\u0447\u0435\u0441\u043a\u0430\u044f \u043c\u0435\u0431\u0435\u043b\u044c, \u0430\u043a\u0441\u0435\u0441\u0441\u0443\u0430\u0440\u044b \u0434\u043b\u044f \u043a\u0435\u043c\u043f\u043d\u0438\u0433\u0430, \u0441\u043f\u0430\u043b\u044c\u043d\u044b\u0435 \u043c\u0435\u0448\u043a\u0438, \u043d\u0430\u0434\u0443\u0432\u043d\u044b\u0435 \u043c\u0430\u0442\u0440\u0430\u0441\u044b [&hellip;]<\/p>\n","protected":false},"featured_media":68363,"comment_status":"open","ping_status":"closed","template":"","meta":{"_acf_changed":false,"inline_featured_image":false},"product_brand":[1334],"product_cat":[207],"product_tag":[],"class_list":{"0":"post-67339","1":"product","2":"type-product","3":"status-publish","4":"has-post-thumbnail","6":"product_brand-easy-camp","7":"product_cat-pillows-headrests","9":"first","10":"instock","11":"shipping-taxable","12":"purchasable","13":"product-type-simple"},"acf":[],"yoast_head":"<!-- This site is optimized with the Yoast SEO plugin v27.2 - https:\/\/yoast.com\/product\/yoast-seo-wordpress\/ -->\n<title>\u041d\u0430\u0434\u0443\u0432\u043d\u0430\u044f \u043f\u043e\u0434\u0443\u0448\u043a\u0430 Easy Camp Moon Compact Pillow - \u041c\u0430\u0433\u0430\u0437\u0438\u043d Xstyle<\/title>\n<meta name=\"description\" content=\"\u041d\u0430\u0445\u043e\u0434\u0438\u0442\u0435 \u0438\u0434\u0435\u0430\u043b\u044c\u043d\u0443\u044e \u043f\u043e\u0434\u0443\u0448\u043a\u0443 \u0434\u043b\u044f \u043a\u0435\u043c\u043f\u0438\u043d\u0433\u0430 \u2014 \u041d\u0430\u0434\u0443\u0432\u043d\u0430\u044f \u043f\u043e\u0434\u0443\u0448\u043a\u0430 Easy Camp Moon Compact Pillow. \u041c\u044f\u0433\u043a\u0430\u044f, \u043a\u043e\u043c\u043f\u0430\u043a\u0442\u043d\u0430\u044f \u0438 \u0440\u0435\u0433\u0443\u043b\u0438\u0440\u0443\u0435\u043c\u0430\u044f, \u0434\u043b\u044f \u043a\u043e\u043c\u0444\u043e\u0440\u0442\u043d\u043e\u0433\u043e \u043e\u0442\u0434\u044b\u0445\u0430!\" \/>\n<meta name=\"robots\" content=\"index, follow, max-snippet:-1, max-image-preview:large, max-video-preview:-1\" \/>\n<link rel=\"canonical\" href=\"https:\/\/xstyle.md\/ro\/produs\/naduvnaya-podushka-easy-camp-moon-compact-pillow\/\" \/>\n<meta property=\"og:locale\" content=\"ro_RO\" \/>\n<meta property=\"og:type\" content=\"article\" \/>\n<meta property=\"og:title\" content=\"\u041d\u0430\u0434\u0443\u0432\u043d\u0430\u044f \u043f\u043e\u0434\u0443\u0448\u043a\u0430 Easy Camp Moon Compact Pillow - \u041c\u0430\u0433\u0430\u0437\u0438\u043d Xstyle\" \/>\n<meta property=\"og:description\" content=\"\u041d\u0430\u0445\u043e\u0434\u0438\u0442\u0435 \u0438\u0434\u0435\u0430\u043b\u044c\u043d\u0443\u044e \u043f\u043e\u0434\u0443\u0448\u043a\u0443 \u0434\u043b\u044f \u043a\u0435\u043c\u043f\u0438\u043d\u0433\u0430 \u2014 \u041d\u0430\u0434\u0443\u0432\u043d\u0430\u044f \u043f\u043e\u0434\u0443\u0448\u043a\u0430 Easy Camp Moon Compact Pillow. \u041c\u044f\u0433\u043a\u0430\u044f, \u043a\u043e\u043c\u043f\u0430\u043a\u0442\u043d\u0430\u044f \u0438 \u0440\u0435\u0433\u0443\u043b\u0438\u0440\u0443\u0435\u043c\u0430\u044f, \u0434\u043b\u044f \u043a\u043e\u043c\u0444\u043e\u0440\u0442\u043d\u043e\u0433\u043e \u043e\u0442\u0434\u044b\u0445\u0430!\" \/>\n<meta property=\"og:url\" content=\"https:\/\/xstyle.md\/ro\/produs\/naduvnaya-podushka-easy-camp-moon-compact-pillow\/\" \/>\n<meta property=\"og:site_name\" content=\"\u041c\u0430\u0433\u0430\u0437\u0438\u043d Xstyle\" \/>\n<meta property=\"article:publisher\" content=\"https:\/\/www.facebook.com\/xstylemd\" \/>\n<meta property=\"article:modified_time\" content=\"2024-10-02T22:08:26+00:00\" \/>\n<meta property=\"og:image\" content=\"https:\/\/xstyle.md\/wp-content\/uploads\/2023\/04\/easy-camp-moon-compact-pillow.jpg\" \/>\n\t<meta property=\"og:image:width\" content=\"966\" \/>\n\t<meta property=\"og:image:height\" content=\"884\" \/>\n\t<meta property=\"og:image:type\" content=\"image\/jpeg\" \/>\n<meta name=\"twitter:card\" content=\"summary_large_image\" \/>\n<meta name=\"twitter:label1\" content=\"Pre\u021b\" \/>\n\t<meta name=\"twitter:data1\" content=\"450&nbsp;MDL\" \/>\n\t<meta name=\"twitter:label2\" content=\"Disponibilitate\" \/>\n\t<meta name=\"twitter:data2\" content=\"\u00cen stoc\" \/>\n<script type=\"application\/ld+json\" class=\"yoast-schema-graph\">{\"@context\":\"https:\/\/schema.org\",\"@graph\":[{\"@type\":\"WebPage\",\"@id\":\"https:\/\/xstyle.md\/product\/naduvnaya-podushka-easy-camp-moon-compact-pillow\/\",\"url\":\"https:\/\/xstyle.md\/product\/naduvnaya-podushka-easy-camp-moon-compact-pillow\/\",\"name\":\"\u041d\u0430\u0434\u0443\u0432\u043d\u0430\u044f \u043f\u043e\u0434\u0443\u0448\u043a\u0430 Easy Camp Moon Compact Pillow - \u041c\u0430\u0433\u0430\u0437\u0438\u043d Xstyle\",\"isPartOf\":{\"@id\":\"https:\/\/xstyle.md\/#website\"},\"primaryImageOfPage\":{\"@id\":\"https:\/\/xstyle.md\/product\/naduvnaya-podushka-easy-camp-moon-compact-pillow\/#primaryimage\"},\"image\":{\"@id\":\"https:\/\/xstyle.md\/product\/naduvnaya-podushka-easy-camp-moon-compact-pillow\/#primaryimage\"},\"thumbnailUrl\":\"https:\/\/xstyle.md\/wp-content\/uploads\/2023\/04\/easy-camp-moon-compact-pillow.jpg\",\"datePublished\":\"2023-04-21T11:09:40+00:00\",\"dateModified\":\"2024-10-02T22:08:26+00:00\",\"description\":\"\u041d\u0430\u0445\u043e\u0434\u0438\u0442\u0435 \u0438\u0434\u0435\u0430\u043b\u044c\u043d\u0443\u044e \u043f\u043e\u0434\u0443\u0448\u043a\u0443 \u0434\u043b\u044f \u043a\u0435\u043c\u043f\u0438\u043d\u0433\u0430 \u2014 \u041d\u0430\u0434\u0443\u0432\u043d\u0430\u044f \u043f\u043e\u0434\u0443\u0448\u043a\u0430 Easy Camp Moon Compact Pillow. \u041c\u044f\u0433\u043a\u0430\u044f, \u043a\u043e\u043c\u043f\u0430\u043a\u0442\u043d\u0430\u044f \u0438 \u0440\u0435\u0433\u0443\u043b\u0438\u0440\u0443\u0435\u043c\u0430\u044f, \u0434\u043b\u044f \u043a\u043e\u043c\u0444\u043e\u0440\u0442\u043d\u043e\u0433\u043e \u043e\u0442\u0434\u044b\u0445\u0430!\",\"breadcrumb\":{\"@id\":\"https:\/\/xstyle.md\/product\/naduvnaya-podushka-easy-camp-moon-compact-pillow\/#breadcrumb\"},\"inLanguage\":\"ro-RO\",\"potentialAction\":[{\"@type\":\"ReadAction\",\"target\":[\"https:\/\/xstyle.md\/product\/naduvnaya-podushka-easy-camp-moon-compact-pillow\/\"]}]},{\"@type\":\"ImageObject\",\"inLanguage\":\"ro-RO\",\"@id\":\"https:\/\/xstyle.md\/product\/naduvnaya-podushka-easy-camp-moon-compact-pillow\/#primaryimage\",\"url\":\"https:\/\/xstyle.md\/wp-content\/uploads\/2023\/04\/easy-camp-moon-compact-pillow.jpg\",\"contentUrl\":\"https:\/\/xstyle.md\/wp-content\/uploads\/2023\/04\/easy-camp-moon-compact-pillow.jpg\",\"width\":966,\"height\":884,\"caption\":\"\u041d\u0430\u0434\u0443\u0432\u043d\u0430\u044f \u043f\u043e\u0434\u0443\u0448\u043a\u0430 Easy Camp Moon Compact Pillow \u0434\u043b\u044f \u0430\u043a\u0442\u0438\u0432\u043d\u043e\u0433\u043e \u043e\u0442\u0434\u044b\u0445\u0430, \u043f\u043e\u0445\u043e\u0434\u043e\u0432 \u0438 \u043f\u0443\u0442\u0435\u0448\u0435\u0441\u0442\u0432\u0438\u0439, \u043a\u043e\u043c\u0444\u043e\u0440\u0442\u043d\u0430\u044f \u043e\u0434\u0435\u0436\u0434\u0430 \u0438 \u043e\u0431\u0443\u0432\u044c \u0434\u043b\u044f \u0442\u0443\u0440\u0438\u0437\u043c\u0430 \u0438 \u0430\u043b\u044c\u043f\u0438\u043d\u0438\u0437\u043c\u0430\"},{\"@type\":\"BreadcrumbList\",\"@id\":\"https:\/\/xstyle.md\/product\/naduvnaya-podushka-easy-camp-moon-compact-pillow\/#breadcrumb\",\"itemListElement\":[{\"@type\":\"ListItem\",\"position\":1,\"name\":\"\u0413\u043b\u0430\u0432\u043d\u0430\u044f \u0441\u0442\u0440\u0430\u043d\u0438\u0446\u0430\",\"item\":\"https:\/\/xstyle.md\/\"},{\"@type\":\"ListItem\",\"position\":2,\"name\":\"\u041c\u0430\u0433\u0430\u0437\u0438\u043d\",\"item\":\"https:\/\/xstyle.md\/shop\/\"},{\"@type\":\"ListItem\",\"position\":3,\"name\":\"\u041d\u0430\u0434\u0443\u0432\u043d\u0430\u044f \u043f\u043e\u0434\u0443\u0448\u043a\u0430 Easy Camp Moon Compact Pillow\"}]},{\"@type\":\"WebSite\",\"@id\":\"https:\/\/xstyle.md\/#website\",\"url\":\"https:\/\/xstyle.md\/\",\"name\":\"\u041c\u0430\u0433\u0430\u0437\u0438\u043d Xstyle\",\"description\":\"C\u043d\u0430\u0440\u044f\u0436\u0435\u043d\u0438\u0435 \u0434\u043b\u044f \u0442\u0443\u0440\u0438\u0437\u043c\u0430 \u0438 \u044d\u043a\u0441\u0442\u0440\u0435\u043c\u0430\u043b\u044c\u043d\u044b\u0445 \u0432\u0438\u0434\u043e\u0432 \u0441\u043f\u043e\u0440\u0442\u0430 \u0432 \u041c\u043e\u043b\u0434\u043e\u0432\u0435.. \u0426\u0435\u043d\u044b, \u0444\u043e\u0442\u043e, \u0445\u0430\u0440\u0430\u043a\u0442\u0435\u0440\u0438\u0441\u0442\u0438\u043a\u0438 \u0432 \u041c\u043e\u043b\u0434\u043e\u0432\u0435.\",\"publisher\":{\"@id\":\"https:\/\/xstyle.md\/#organization\"},\"alternateName\":\"X-Style\",\"potentialAction\":[{\"@type\":\"SearchAction\",\"target\":{\"@type\":\"EntryPoint\",\"urlTemplate\":\"https:\/\/xstyle.md\/?s={search_term_string}\"},\"query-input\":{\"@type\":\"PropertyValueSpecification\",\"valueRequired\":true,\"valueName\":\"search_term_string\"}}],\"inLanguage\":\"ro-RO\"},{\"@type\":\"Organization\",\"@id\":\"https:\/\/xstyle.md\/#organization\",\"name\":\"\u041c\u0430\u0433\u0430\u0437\u0438\u043d Xstyle\",\"alternateName\":\"x-style\",\"url\":\"https:\/\/xstyle.md\/\",\"logo\":{\"@type\":\"ImageObject\",\"inLanguage\":\"ro-RO\",\"@id\":\"https:\/\/xstyle.md\/#\/schema\/logo\/image\/\",\"url\":\"https:\/\/xstyle.md\/wp-content\/uploads\/2020\/06\/logoicon.svg\",\"contentUrl\":\"https:\/\/xstyle.md\/wp-content\/uploads\/2020\/06\/logoicon.svg\",\"caption\":\"\u041c\u0430\u0433\u0430\u0437\u0438\u043d Xstyle\"},\"image\":{\"@id\":\"https:\/\/xstyle.md\/#\/schema\/logo\/image\/\"},\"sameAs\":[\"https:\/\/www.facebook.com\/xstylemd\",\"https:\/\/www.instagram.com\/xstyle_md\/\",\"https:\/\/t.me\/xstyle_outdoor\"],\"hasMerchantReturnPolicy\":{\"@type\":\"MerchantReturnPolicy\",\"merchantReturnLink\":\"https:\/\/xstyle.md\/ro\/conditions\/\"}}]}<\/script>\n<meta property=\"product:price:amount\" content=\"450.00\" \/>\n<meta property=\"product:price:currency\" content=\"MDL\" \/>\n<meta property=\"og:availability\" content=\"instock\" \/>\n<meta property=\"product:availability\" content=\"instock\" \/>\n<meta property=\"product:retailer_item_id\" content=\"5709388130365\" \/>\n<meta property=\"product:condition\" content=\"new\" \/>\n<!-- \/ Yoast SEO plugin. -->","yoast_head_json":{"title":"Pern\u0103 gonflabil\u0103 Easy Camp Moon Compact Pillow - Magazin Xstyle","description":"G\u0103si\u021bi perna ideal\u0103 pentru camping - Perna gonflabil\u0103 Easy Camp Moon Compact Pillow. Moale, compact\u0103 \u0219i ajustabil\u0103, pentru un odihn\u0103 confortabil\u0103!","robots":{"index":"index","follow":"follow","max-snippet":"max-snippet:-1","max-image-preview":"max-image-preview:large","max-video-preview":"max-video-preview:-1"},"canonical":"https:\/\/xstyle.md\/ro\/produs\/naduvnaya-podushka-easy-camp-moon-compact-pillow\/","og_locale":"ro_RO","og_type":"article","og_title":"\u041d\u0430\u0434\u0443\u0432\u043d\u0430\u044f \u043f\u043e\u0434\u0443\u0448\u043a\u0430 Easy Camp Moon Compact Pillow - \u041c\u0430\u0433\u0430\u0437\u0438\u043d Xstyle","og_description":"\u041d\u0430\u0445\u043e\u0434\u0438\u0442\u0435 \u0438\u0434\u0435\u0430\u043b\u044c\u043d\u0443\u044e \u043f\u043e\u0434\u0443\u0448\u043a\u0443 \u0434\u043b\u044f \u043a\u0435\u043c\u043f\u0438\u043d\u0433\u0430 \u2014 \u041d\u0430\u0434\u0443\u0432\u043d\u0430\u044f \u043f\u043e\u0434\u0443\u0448\u043a\u0430 Easy Camp Moon Compact Pillow. \u041c\u044f\u0433\u043a\u0430\u044f, \u043a\u043e\u043c\u043f\u0430\u043a\u0442\u043d\u0430\u044f \u0438 \u0440\u0435\u0433\u0443\u043b\u0438\u0440\u0443\u0435\u043c\u0430\u044f, \u0434\u043b\u044f \u043a\u043e\u043c\u0444\u043e\u0440\u0442\u043d\u043e\u0433\u043e \u043e\u0442\u0434\u044b\u0445\u0430!","og_url":"https:\/\/xstyle.md\/ro\/produs\/naduvnaya-podushka-easy-camp-moon-compact-pillow\/","og_site_name":"\u041c\u0430\u0433\u0430\u0437\u0438\u043d Xstyle","article_publisher":"https:\/\/www.facebook.com\/xstylemd","article_modified_time":"2024-10-02T22:08:26+00:00","og_image":[{"width":966,"height":884,"url":"https:\/\/xstyle.md\/wp-content\/uploads\/2023\/04\/easy-camp-moon-compact-pillow.jpg","type":"image\/jpeg"}],"twitter_card":"summary_large_image","twitter_misc":{"Pre\u021b":"450&nbsp;MDL","Disponibilitate":"\u00cen stoc"},"schema":{"@context":"https:\/\/schema.org","@graph":[{"@type":"WebPage","@id":"https:\/\/xstyle.md\/product\/naduvnaya-podushka-easy-camp-moon-compact-pillow\/","url":"https:\/\/xstyle.md\/product\/naduvnaya-podushka-easy-camp-moon-compact-pillow\/","name":"Pern\u0103 gonflabil\u0103 Easy Camp Moon Compact Pillow - Magazin Xstyle","isPartOf":{"@id":"https:\/\/xstyle.md\/#website"},"primaryImageOfPage":{"@id":"https:\/\/xstyle.md\/product\/naduvnaya-podushka-easy-camp-moon-compact-pillow\/#primaryimage"},"image":{"@id":"https:\/\/xstyle.md\/product\/naduvnaya-podushka-easy-camp-moon-compact-pillow\/#primaryimage"},"thumbnailUrl":"https:\/\/xstyle.md\/wp-content\/uploads\/2023\/04\/easy-camp-moon-compact-pillow.jpg","datePublished":"2023-04-21T11:09:40+00:00","dateModified":"2024-10-02T22:08:26+00:00","description":"G\u0103si\u021bi perna ideal\u0103 pentru camping - Perna gonflabil\u0103 Easy Camp Moon Compact Pillow. Moale, compact\u0103 \u0219i ajustabil\u0103, pentru un odihn\u0103 confortabil\u0103!","breadcrumb":{"@id":"https:\/\/xstyle.md\/product\/naduvnaya-podushka-easy-camp-moon-compact-pillow\/#breadcrumb"},"inLanguage":"ro-RO","potentialAction":[{"@type":"ReadAction","target":["https:\/\/xstyle.md\/product\/naduvnaya-podushka-easy-camp-moon-compact-pillow\/"]}]},{"@type":"ImageObject","inLanguage":"ro-RO","@id":"https:\/\/xstyle.md\/product\/naduvnaya-podushka-easy-camp-moon-compact-pillow\/#primaryimage","url":"https:\/\/xstyle.md\/wp-content\/uploads\/2023\/04\/easy-camp-moon-compact-pillow.jpg","contentUrl":"https:\/\/xstyle.md\/wp-content\/uploads\/2023\/04\/easy-camp-moon-compact-pillow.jpg","width":966,"height":884,"caption":"\u041d\u0430\u0434\u0443\u0432\u043d\u0430\u044f \u043f\u043e\u0434\u0443\u0448\u043a\u0430 Easy Camp Moon Compact Pillow \u0434\u043b\u044f \u0430\u043a\u0442\u0438\u0432\u043d\u043e\u0433\u043e \u043e\u0442\u0434\u044b\u0445\u0430, \u043f\u043e\u0445\u043e\u0434\u043e\u0432 \u0438 \u043f\u0443\u0442\u0435\u0448\u0435\u0441\u0442\u0432\u0438\u0439, \u043a\u043e\u043c\u0444\u043e\u0440\u0442\u043d\u0430\u044f \u043e\u0434\u0435\u0436\u0434\u0430 \u0438 \u043e\u0431\u0443\u0432\u044c \u0434\u043b\u044f \u0442\u0443\u0440\u0438\u0437\u043c\u0430 \u0438 \u0430\u043b\u044c\u043f\u0438\u043d\u0438\u0437\u043c\u0430"},{"@type":"BreadcrumbList","@id":"https:\/\/xstyle.md\/product\/naduvnaya-podushka-easy-camp-moon-compact-pillow\/#breadcrumb","itemListElement":[{"@type":"ListItem","position":1,"name":"\u0413\u043b\u0430\u0432\u043d\u0430\u044f \u0441\u0442\u0440\u0430\u043d\u0438\u0446\u0430","item":"https:\/\/xstyle.md\/"},{"@type":"ListItem","position":2,"name":"\u041c\u0430\u0433\u0430\u0437\u0438\u043d","item":"https:\/\/xstyle.md\/shop\/"},{"@type":"ListItem","position":3,"name":"\u041d\u0430\u0434\u0443\u0432\u043d\u0430\u044f \u043f\u043e\u0434\u0443\u0448\u043a\u0430 Easy Camp Moon Compact Pillow"}]},{"@type":"WebSite","@id":"https:\/\/xstyle.md\/#website","url":"https:\/\/xstyle.md\/","name":"Magazinul X-Style","description":"Echipamente pentru turism \u0219i sporturi extreme \u00een Moldova. Pre\u021buri, fotografii, caracteristici \u00een Moldova.","publisher":{"@id":"https:\/\/xstyle.md\/#organization"},"alternateName":"X-Style","potentialAction":[{"@type":"SearchAction","target":{"@type":"EntryPoint","urlTemplate":"https:\/\/xstyle.md\/?s={search_term_string}"},"query-input":{"@type":"PropertyValueSpecification","valueRequired":true,"valueName":"search_term_string"}}],"inLanguage":"ro-RO"},{"@type":"Organization","@id":"https:\/\/xstyle.md\/#organization","name":"Magazinul X-Style","alternateName":"x-style","url":"https:\/\/xstyle.md\/","logo":{"@type":"ImageObject","inLanguage":"ro-RO","@id":"https:\/\/xstyle.md\/#\/schema\/logo\/image\/","url":"https:\/\/xstyle.md\/wp-content\/uploads\/2020\/06\/logoicon.svg","contentUrl":"https:\/\/xstyle.md\/wp-content\/uploads\/2020\/06\/logoicon.svg","caption":"\u041c\u0430\u0433\u0430\u0437\u0438\u043d Xstyle"},"image":{"@id":"https:\/\/xstyle.md\/#\/schema\/logo\/image\/"},"sameAs":["https:\/\/www.facebook.com\/xstylemd","https:\/\/www.instagram.com\/xstyle_md\/","https:\/\/t.me\/xstyle_outdoor"],"hasMerchantReturnPolicy":{"@type":"MerchantReturnPolicy","merchantReturnLink":"https:\/\/xstyle.md\/ro\/conditions\/"}}]},"product_price_amount":"450.00","product_price_currency":"MDL","og_availability":"instock","product_availability":"instock","product_retailer_item_id":"5709388130365","product_condition":"new"},"post_mailing_queue_ids":[],"_links":{"self":[{"href":"https:\/\/xstyle.md\/ro\/wp-json\/wp\/v2\/product\/67339","targetHints":{"allow":["GET"]}}],"collection":[{"href":"https:\/\/xstyle.md\/ro\/wp-json\/wp\/v2\/product"}],"about":[{"href":"https:\/\/xstyle.md\/ro\/wp-json\/wp\/v2\/types\/product"}],"replies":[{"embeddable":true,"href":"https:\/\/xstyle.md\/ro\/wp-json\/wp\/v2\/comments?post=67339"}],"wp:featuredmedia":[{"embeddable":true,"href":"https:\/\/xstyle.md\/ro\/wp-json\/wp\/v2\/media\/68363"}],"wp:attachment":[{"href":"https:\/\/xstyle.md\/ro\/wp-json\/wp\/v2\/media?parent=67339"}],"wp:term":[{"taxonomy":"product_brand","embeddable":true,"href":"https:\/\/xstyle.md\/ro\/wp-json\/wp\/v2\/product_brand?post=67339"},{"taxonomy":"product_cat","embeddable":true,"href":"https:\/\/xstyle.md\/ro\/wp-json\/wp\/v2\/product_cat?post=67339"},{"taxonomy":"product_tag","embeddable":true,"href":"https:\/\/xstyle.md\/ro\/wp-json\/wp\/v2\/product_tag?post=67339"}],"curies":[{"name":"wp","href":"https:\/\/api.w.org\/{rel}","templated":true}]}}