{"id":67337,"date":"2023-04-21T14:09:40","date_gmt":"2023-04-21T11:09:40","guid":{"rendered":"https:\/\/xstyle.md\/?post_type=product&#038;p=67337"},"modified":"2026-04-09T11:24:45","modified_gmt":"2026-04-09T08:24:45","slug":"shezlong-raskladushka-outwell-tenby-green-vineyard","status":"publish","type":"product","link":"https:\/\/xstyle.md\/ro\/produs\/shezlong-raskladushka-outwell-tenby-green-vineyard\/","title":{"rendered":"\u0428\u0435\u0437\u043b\u043e\u043d\u0433 &#8212; \u0440\u0430\u0441\u043a\u043b\u0430\u0434\u0443\u0448\u043a\u0430 Outwell Tenby Green Vineyard"},"content":{"rendered":"<\/p>\n<p><strong>Outwell Tenby Green Vineyard<\/strong> &#8212; sezlong textil din poliester \u021besut cu cadru robust din o\u021bel. Ideal pentru camping, plaj\u0103 sau gr\u0103din\u0103. \u0218ezlongul pliabil este fabricat din Textiline durabil \u0219i un cadru robust din o\u021bel de \u00eenalt\u0103 rezisten\u021b\u0103. Cu plasa sa textil\u0103 rezistent\u0103, cu uscare rapid\u0103, acoperit\u0103 cu PVC, acest \u0219ezlong u\u0219or de \u00eentre\u021binut ofer\u0103 confort \u0219i suport sigur. Sp\u0103tarul este reglabil \u00een 4 pozi\u021bii. U\u0219or de desf\u0103\u0219urat \u0219i de pliat p\u00e2n\u0103 la o dimensiune compact\u0103, \u0219ezlongul este alegerea ideal\u0103 pentru aventurile distractive \u00een aer liber.<\/p>\n<h3>Particularit\u0103\u021bi<\/h3>\n<ul>\n<li>Cadru din o\u021bel acoperit cu pulbere, robust \u0219i foarte durabil<\/li>\n<li>Nu necesit\u0103 asamblare<\/li>\n<li>U\u0219or de cur\u0103\u021bat &#8212; material textil de \u00eenalt\u0103 calitate<\/li>\n<li>Sp\u0103tar \u00eenalt \u0219i confortabil<\/li>\n<li>Patru pozi\u021bii ale sp\u0103tarului.<\/li>\n<\/ul>\n<h3>Caracteristici<\/h3>\n<ul>\n<li>Materialul scaunului &#8212; textil, poliester \u021besut \u0219i acoperit cu PVC, 100% poliester<\/li>\n<li>Material cadru &#8212; o\u021bel acoperit cu pulbere<\/li>\n<li>Dimensiuni c\u00e2nd este desf\u0103\u0219urat &#8212; 54\/61 x 188 x 30 cm<\/li>\n<li>Dimensiuni c\u00e2nd este pliat &#8212; 61 x 71 x 14 cm<\/li>\n<li>Incarcare maxim\u0103 &#8212; 120 kg<\/li>\n<li>Greutate &#8212; 6,2 kg.<\/li>\n<\/ul>\n<h3>Marca<\/h3>\n<p>Compania danez\u0103 Outwell a fost \u00eenfiin\u021bat\u0103 \u00een 1984 cu scopul de a crea echipamente pentru activit\u0103\u021bi \u00een aer liber \u0219i turism. \u00cenc\u0103 de la \u00eenfiin\u021bare, compania \u0219i-a dezvoltat produsele pentru a r\u0103spunde nevoilor tot mai mari ale clien\u021bilor s\u0103i, concentr\u00e2ndu-se pe cele mai noi tehnologii outdoor. Toate produsele brandului au c\u00e2\u0219tigat \u00eencrederea la nivel mondial.<\/p>\n<p>Produsele Outwell pot fi caracterizate prin func\u021bionalitate, ergonomie, durabilitate, accesibilitate \u0219i calitate ridicat\u0103. Iar materiile prime ecologice utilizate \u00een produc\u021bie sunt sigure pentru s\u0103n\u0103tatea uman\u0103 \u0219i pentru mediu. Una dintre principalele zone de interes ale m\u0103rcii este campingul de familie. Speciali\u0219tii \u0219i designerii companiei sunt convin\u0219i c\u0103 nu exist\u0103 nimic mai pl\u0103cut dec\u00e2t odihna \u00een aer liber. Picnicurile \u0219i campingul sunt deosebit de pl\u0103cute pentru copii, dornici s\u0103 exploreze lumea, s\u0103 \u00eenve\u021be lucruri noi \u0219i s\u0103 \u00ee\u0219i extind\u0103 orizonturile.<\/p>\n<p><\/p>","protected":false},"excerpt":{"rendered":"","protected":false},"featured_media":68489,"comment_status":"open","ping_status":"closed","template":"","meta":{"_acf_changed":false,"inline_featured_image":false},"product_brand":[1275],"product_cat":[120],"product_tag":[],"class_list":{"0":"post-67337","1":"product","2":"type-product","3":"status-publish","4":"has-post-thumbnail","6":"product_brand-outwell","7":"product_cat-sun-loungers","9":"first","10":"outofstock","11":"shipping-taxable","12":"product-type-simple"},"acf":[],"yoast_head":"<!-- This site is optimized with the Yoast SEO plugin v27.2 - https:\/\/yoast.com\/product\/yoast-seo-wordpress\/ -->\n<title>\u0428\u0435\u0437\u043b\u043e\u043d\u0433 - \u0440\u0430\u0441\u043a\u043b\u0430\u0434\u0443\u0448\u043a\u0430 Outwell Tenby Green Vineyard - \u041c\u0430\u0433\u0430\u0437\u0438\u043d Xstyle<\/title>\n<meta name=\"description\" content=\"\u0428\u0435\u0437\u043b\u043e\u043d\u0433 Outwell Tenby Green Vineyard - \u0438\u0434\u0435\u0430\u043b\u0435\u043d \u0434\u043b\u044f \u043f\u043b\u044f\u0436\u0430, \u043a\u0435\u043c\u043f\u0438\u043d\u0433\u0430 \u0438\u043b\u0438 \u0441\u0430\u0434\u0430. \u041f\u0440\u043e\u0447\u043d\u044b\u0435 \u043c\u0430\u0442\u0435\u0440\u0438\u0430\u043b\u044b, \u043a\u043e\u043c\u0444\u043e\u0440\u0442 \u0438 \u0441\u0442\u0438\u043b\u044c \u0432 \u043e\u0434\u043d\u043e\u043c \u0440\u0435\u0448\u0435\u043d\u0438\u0438. \u0412\u044b\u0431\u0435\u0440\u0438\u0442\u0435 \u043b\u0443\u0447\u0448\u0435\u0435!\" \/>\n<meta name=\"robots\" content=\"index, follow, max-snippet:-1, max-image-preview:large, max-video-preview:-1\" \/>\n<link rel=\"canonical\" href=\"https:\/\/xstyle.md\/ro\/produs\/shezlong-raskladushka-outwell-tenby-green-vineyard\/\" \/>\n<meta property=\"og:locale\" content=\"ro_RO\" \/>\n<meta property=\"og:type\" content=\"article\" \/>\n<meta property=\"og:title\" content=\"\u0428\u0435\u0437\u043b\u043e\u043d\u0433 - \u0440\u0430\u0441\u043a\u043b\u0430\u0434\u0443\u0448\u043a\u0430 Outwell Tenby Green Vineyard - \u041c\u0430\u0433\u0430\u0437\u0438\u043d Xstyle\" \/>\n<meta property=\"og:description\" content=\"\u0428\u0435\u0437\u043b\u043e\u043d\u0433 Outwell Tenby Green Vineyard - \u0438\u0434\u0435\u0430\u043b\u0435\u043d \u0434\u043b\u044f \u043f\u043b\u044f\u0436\u0430, \u043a\u0435\u043c\u043f\u0438\u043d\u0433\u0430 \u0438\u043b\u0438 \u0441\u0430\u0434\u0430. \u041f\u0440\u043e\u0447\u043d\u044b\u0435 \u043c\u0430\u0442\u0435\u0440\u0438\u0430\u043b\u044b, \u043a\u043e\u043c\u0444\u043e\u0440\u0442 \u0438 \u0441\u0442\u0438\u043b\u044c \u0432 \u043e\u0434\u043d\u043e\u043c \u0440\u0435\u0448\u0435\u043d\u0438\u0438. \u0412\u044b\u0431\u0435\u0440\u0438\u0442\u0435 \u043b\u0443\u0447\u0448\u0435\u0435!\" \/>\n<meta property=\"og:url\" content=\"https:\/\/xstyle.md\/ro\/produs\/shezlong-raskladushka-outwell-tenby-green-vineyard\/\" \/>\n<meta property=\"og:site_name\" content=\"\u041c\u0430\u0433\u0430\u0437\u0438\u043d Xstyle\" \/>\n<meta property=\"article:publisher\" content=\"https:\/\/www.facebook.com\/xstylemd\" \/>\n<meta property=\"article:modified_time\" content=\"2026-04-09T08:24:45+00:00\" \/>\n<meta property=\"og:image\" content=\"https:\/\/xstyle.md\/wp-content\/uploads\/2023\/04\/outwell-tenby-green-vineyard.jpg\" \/>\n\t<meta property=\"og:image:width\" content=\"957\" \/>\n\t<meta property=\"og:image:height\" content=\"868\" \/>\n\t<meta property=\"og:image:type\" content=\"image\/jpeg\" \/>\n<meta name=\"twitter:card\" content=\"summary_large_image\" \/>\n<meta name=\"twitter:label1\" content=\"Pre\u021b\" \/>\n\t<meta name=\"twitter:data1\" content=\"1.850&nbsp;MDL\" \/>\n\t<meta name=\"twitter:label2\" content=\"Disponibilitate\" \/>\n\t<meta name=\"twitter:data2\" content=\"Stoc epuizat\" \/>\n<script type=\"application\/ld+json\" class=\"yoast-schema-graph\">{\"@context\":\"https:\/\/schema.org\",\"@graph\":[{\"@type\":\"WebPage\",\"@id\":\"https:\/\/xstyle.md\/product\/shezlong-raskladushka-outwell-tenby-green-vineyard\/\",\"url\":\"https:\/\/xstyle.md\/product\/shezlong-raskladushka-outwell-tenby-green-vineyard\/\",\"name\":\"\u0428\u0435\u0437\u043b\u043e\u043d\u0433 - \u0440\u0430\u0441\u043a\u043b\u0430\u0434\u0443\u0448\u043a\u0430 Outwell Tenby Green Vineyard - \u041c\u0430\u0433\u0430\u0437\u0438\u043d Xstyle\",\"isPartOf\":{\"@id\":\"https:\/\/xstyle.md\/#website\"},\"primaryImageOfPage\":{\"@id\":\"https:\/\/xstyle.md\/product\/shezlong-raskladushka-outwell-tenby-green-vineyard\/#primaryimage\"},\"image\":{\"@id\":\"https:\/\/xstyle.md\/product\/shezlong-raskladushka-outwell-tenby-green-vineyard\/#primaryimage\"},\"thumbnailUrl\":\"https:\/\/xstyle.md\/wp-content\/uploads\/2023\/04\/outwell-tenby-green-vineyard.jpg\",\"datePublished\":\"2023-04-21T11:09:40+00:00\",\"dateModified\":\"2026-04-09T08:24:45+00:00\",\"description\":\"\u0428\u0435\u0437\u043b\u043e\u043d\u0433 Outwell Tenby Green Vineyard - \u0438\u0434\u0435\u0430\u043b\u0435\u043d \u0434\u043b\u044f \u043f\u043b\u044f\u0436\u0430, \u043a\u0435\u043c\u043f\u0438\u043d\u0433\u0430 \u0438\u043b\u0438 \u0441\u0430\u0434\u0430. \u041f\u0440\u043e\u0447\u043d\u044b\u0435 \u043c\u0430\u0442\u0435\u0440\u0438\u0430\u043b\u044b, \u043a\u043e\u043c\u0444\u043e\u0440\u0442 \u0438 \u0441\u0442\u0438\u043b\u044c \u0432 \u043e\u0434\u043d\u043e\u043c \u0440\u0435\u0448\u0435\u043d\u0438\u0438. \u0412\u044b\u0431\u0435\u0440\u0438\u0442\u0435 \u043b\u0443\u0447\u0448\u0435\u0435!\",\"breadcrumb\":{\"@id\":\"https:\/\/xstyle.md\/product\/shezlong-raskladushka-outwell-tenby-green-vineyard\/#breadcrumb\"},\"inLanguage\":\"ro-RO\",\"potentialAction\":[{\"@type\":\"ReadAction\",\"target\":[\"https:\/\/xstyle.md\/product\/shezlong-raskladushka-outwell-tenby-green-vineyard\/\"]}]},{\"@type\":\"ImageObject\",\"inLanguage\":\"ro-RO\",\"@id\":\"https:\/\/xstyle.md\/product\/shezlong-raskladushka-outwell-tenby-green-vineyard\/#primaryimage\",\"url\":\"https:\/\/xstyle.md\/wp-content\/uploads\/2023\/04\/outwell-tenby-green-vineyard.jpg\",\"contentUrl\":\"https:\/\/xstyle.md\/wp-content\/uploads\/2023\/04\/outwell-tenby-green-vineyard.jpg\",\"width\":957,\"height\":868,\"caption\":\"\u0410\u043a\u0442\u0438\u0432\u043d\u0430\u044f \u0436\u0438\u0437\u043d\u044c \u0442\u043e\u0432\u0430\u0440\u044b \u0434\u043b\u044f \u043a\u0435\u043c\u043f\u0438\u043d\u0433\u0430 \u0438 \u043f\u0443\u0442\u0435\u0448\u0435\u0441\u0442\u0432\u0438\u0439 \u043d\u0430 \u043e\u043d\u043b\u0430\u0439\u043d-\u043c\u0430\u0433\u0430\u0437\u0438\u043d\u0435, \u0448\u0435\u0437\u043b\u043e\u043d\u0433 Outwell Tenby Green Vineyard, \u0443\u0434\u043e\u0431\u043d\u0430\u044f \u0440\u0430\u0441\u043a\u043b\u0430\u0434\u0443\u0448\u043a\u0430 \u0434\u043b\u044f \u043e\u0442\u0434\u044b\u0445\u0430 \u043d\u0430 \u043f\u0440\u0438\u0440\u043e\u0434\u0435, \u043e\u0434\u0435\u0436\u0434\u0430 \u0438 \u043e\u0431\u0443\u0432\u044c \u0434\u043b\u044f \u0430\u043a\u0442\u0438\u0432\u043d\u043e\u0433\u043e \u043e\u0442\u0434\u044b\u0445\u0430, \u043f\u043e\u0445\u043e\u0434\u043e\u0432 \u0438 \u0430\u043b\u044c\u043f\u0438\u043d\u0438\u0437\u043c\u0430\"},{\"@type\":\"BreadcrumbList\",\"@id\":\"https:\/\/xstyle.md\/product\/shezlong-raskladushka-outwell-tenby-green-vineyard\/#breadcrumb\",\"itemListElement\":[{\"@type\":\"ListItem\",\"position\":1,\"name\":\"\u0413\u043b\u0430\u0432\u043d\u0430\u044f \u0441\u0442\u0440\u0430\u043d\u0438\u0446\u0430\",\"item\":\"https:\/\/xstyle.md\/\"},{\"@type\":\"ListItem\",\"position\":2,\"name\":\"\u041c\u0430\u0433\u0430\u0437\u0438\u043d\",\"item\":\"https:\/\/xstyle.md\/shop\/\"},{\"@type\":\"ListItem\",\"position\":3,\"name\":\"\u0428\u0435\u0437\u043b\u043e\u043d\u0433 &#8212; \u0440\u0430\u0441\u043a\u043b\u0430\u0434\u0443\u0448\u043a\u0430 Outwell Tenby Green Vineyard\"}]},{\"@type\":\"WebSite\",\"@id\":\"https:\/\/xstyle.md\/#website\",\"url\":\"https:\/\/xstyle.md\/\",\"name\":\"\u041c\u0430\u0433\u0430\u0437\u0438\u043d Xstyle\",\"description\":\"C\u043d\u0430\u0440\u044f\u0436\u0435\u043d\u0438\u0435 \u0434\u043b\u044f \u0442\u0443\u0440\u0438\u0437\u043c\u0430 \u0438 \u044d\u043a\u0441\u0442\u0440\u0435\u043c\u0430\u043b\u044c\u043d\u044b\u0445 \u0432\u0438\u0434\u043e\u0432 \u0441\u043f\u043e\u0440\u0442\u0430 \u0432 \u041c\u043e\u043b\u0434\u043e\u0432\u0435.. \u0426\u0435\u043d\u044b, \u0444\u043e\u0442\u043e, \u0445\u0430\u0440\u0430\u043a\u0442\u0435\u0440\u0438\u0441\u0442\u0438\u043a\u0438 \u0432 \u041c\u043e\u043b\u0434\u043e\u0432\u0435.\",\"publisher\":{\"@id\":\"https:\/\/xstyle.md\/#organization\"},\"alternateName\":\"X-Style\",\"potentialAction\":[{\"@type\":\"SearchAction\",\"target\":{\"@type\":\"EntryPoint\",\"urlTemplate\":\"https:\/\/xstyle.md\/?s={search_term_string}\"},\"query-input\":{\"@type\":\"PropertyValueSpecification\",\"valueRequired\":true,\"valueName\":\"search_term_string\"}}],\"inLanguage\":\"ro-RO\"},{\"@type\":\"Organization\",\"@id\":\"https:\/\/xstyle.md\/#organization\",\"name\":\"\u041c\u0430\u0433\u0430\u0437\u0438\u043d Xstyle\",\"alternateName\":\"x-style\",\"url\":\"https:\/\/xstyle.md\/\",\"logo\":{\"@type\":\"ImageObject\",\"inLanguage\":\"ro-RO\",\"@id\":\"https:\/\/xstyle.md\/#\/schema\/logo\/image\/\",\"url\":\"https:\/\/xstyle.md\/wp-content\/uploads\/2020\/06\/logoicon.svg\",\"contentUrl\":\"https:\/\/xstyle.md\/wp-content\/uploads\/2020\/06\/logoicon.svg\",\"caption\":\"\u041c\u0430\u0433\u0430\u0437\u0438\u043d Xstyle\"},\"image\":{\"@id\":\"https:\/\/xstyle.md\/#\/schema\/logo\/image\/\"},\"sameAs\":[\"https:\/\/www.facebook.com\/xstylemd\",\"https:\/\/www.instagram.com\/xstyle_md\/\",\"https:\/\/t.me\/xstyle_outdoor\"],\"hasMerchantReturnPolicy\":{\"@type\":\"MerchantReturnPolicy\",\"merchantReturnLink\":\"https:\/\/xstyle.md\/ro\/conditions\/\"}}]}<\/script>\n<meta property=\"product:price:amount\" content=\"1850.00\" \/>\n<meta property=\"product:price:currency\" content=\"MDL\" \/>\n<meta property=\"og:availability\" content=\"out of stock\" \/>\n<meta property=\"product:availability\" content=\"out of stock\" \/>\n<meta property=\"product:retailer_item_id\" content=\"5709388104779\" \/>\n<meta property=\"product:condition\" content=\"new\" \/>\n<!-- \/ Yoast SEO plugin. -->","yoast_head_json":{"title":"\u0218ezlong Outwell Tenby Green Vineyard - Magazin Xstyle","description":"\u0218ezlong Outwell Tenby Green Vineyard - ideal pentru plaj\u0103, camping sau gr\u0103din\u0103. Materiale rezistente, confort \u0219i stil \u00eentr-o singur\u0103 solu\u021bie. Alege\u021bi cei mai buni!","robots":{"index":"index","follow":"follow","max-snippet":"max-snippet:-1","max-image-preview":"max-image-preview:large","max-video-preview":"max-video-preview:-1"},"canonical":"https:\/\/xstyle.md\/ro\/produs\/shezlong-raskladushka-outwell-tenby-green-vineyard\/","og_locale":"ro_RO","og_type":"article","og_title":"\u0428\u0435\u0437\u043b\u043e\u043d\u0433 - \u0440\u0430\u0441\u043a\u043b\u0430\u0434\u0443\u0448\u043a\u0430 Outwell Tenby Green Vineyard - \u041c\u0430\u0433\u0430\u0437\u0438\u043d Xstyle","og_description":"\u0428\u0435\u0437\u043b\u043e\u043d\u0433 Outwell Tenby Green Vineyard - \u0438\u0434\u0435\u0430\u043b\u0435\u043d \u0434\u043b\u044f \u043f\u043b\u044f\u0436\u0430, \u043a\u0435\u043c\u043f\u0438\u043d\u0433\u0430 \u0438\u043b\u0438 \u0441\u0430\u0434\u0430. \u041f\u0440\u043e\u0447\u043d\u044b\u0435 \u043c\u0430\u0442\u0435\u0440\u0438\u0430\u043b\u044b, \u043a\u043e\u043c\u0444\u043e\u0440\u0442 \u0438 \u0441\u0442\u0438\u043b\u044c \u0432 \u043e\u0434\u043d\u043e\u043c \u0440\u0435\u0448\u0435\u043d\u0438\u0438. \u0412\u044b\u0431\u0435\u0440\u0438\u0442\u0435 \u043b\u0443\u0447\u0448\u0435\u0435!","og_url":"https:\/\/xstyle.md\/ro\/produs\/shezlong-raskladushka-outwell-tenby-green-vineyard\/","og_site_name":"\u041c\u0430\u0433\u0430\u0437\u0438\u043d Xstyle","article_publisher":"https:\/\/www.facebook.com\/xstylemd","article_modified_time":"2026-04-09T08:24:45+00:00","og_image":[{"width":957,"height":868,"url":"https:\/\/xstyle.md\/wp-content\/uploads\/2023\/04\/outwell-tenby-green-vineyard.jpg","type":"image\/jpeg"}],"twitter_card":"summary_large_image","twitter_misc":{"Pre\u021b":"1.850&nbsp;MDL","Disponibilitate":"Stoc epuizat"},"schema":{"@context":"https:\/\/schema.org","@graph":[{"@type":"WebPage","@id":"https:\/\/xstyle.md\/product\/shezlong-raskladushka-outwell-tenby-green-vineyard\/","url":"https:\/\/xstyle.md\/product\/shezlong-raskladushka-outwell-tenby-green-vineyard\/","name":"\u0218ezlong Outwell Tenby Green Vineyard - Magazin Xstyle","isPartOf":{"@id":"https:\/\/xstyle.md\/#website"},"primaryImageOfPage":{"@id":"https:\/\/xstyle.md\/product\/shezlong-raskladushka-outwell-tenby-green-vineyard\/#primaryimage"},"image":{"@id":"https:\/\/xstyle.md\/product\/shezlong-raskladushka-outwell-tenby-green-vineyard\/#primaryimage"},"thumbnailUrl":"https:\/\/xstyle.md\/wp-content\/uploads\/2023\/04\/outwell-tenby-green-vineyard.jpg","datePublished":"2023-04-21T11:09:40+00:00","dateModified":"2026-04-09T08:24:45+00:00","description":"\u0218ezlong Outwell Tenby Green Vineyard - ideal pentru plaj\u0103, camping sau gr\u0103din\u0103. Materiale rezistente, confort \u0219i stil \u00eentr-o singur\u0103 solu\u021bie. Alege\u021bi cei mai buni!","breadcrumb":{"@id":"https:\/\/xstyle.md\/product\/shezlong-raskladushka-outwell-tenby-green-vineyard\/#breadcrumb"},"inLanguage":"ro-RO","potentialAction":[{"@type":"ReadAction","target":["https:\/\/xstyle.md\/product\/shezlong-raskladushka-outwell-tenby-green-vineyard\/"]}]},{"@type":"ImageObject","inLanguage":"ro-RO","@id":"https:\/\/xstyle.md\/product\/shezlong-raskladushka-outwell-tenby-green-vineyard\/#primaryimage","url":"https:\/\/xstyle.md\/wp-content\/uploads\/2023\/04\/outwell-tenby-green-vineyard.jpg","contentUrl":"https:\/\/xstyle.md\/wp-content\/uploads\/2023\/04\/outwell-tenby-green-vineyard.jpg","width":957,"height":868,"caption":"\u0410\u043a\u0442\u0438\u0432\u043d\u0430\u044f \u0436\u0438\u0437\u043d\u044c \u0442\u043e\u0432\u0430\u0440\u044b \u0434\u043b\u044f \u043a\u0435\u043c\u043f\u0438\u043d\u0433\u0430 \u0438 \u043f\u0443\u0442\u0435\u0448\u0435\u0441\u0442\u0432\u0438\u0439 \u043d\u0430 \u043e\u043d\u043b\u0430\u0439\u043d-\u043c\u0430\u0433\u0430\u0437\u0438\u043d\u0435, \u0448\u0435\u0437\u043b\u043e\u043d\u0433 Outwell Tenby Green Vineyard, \u0443\u0434\u043e\u0431\u043d\u0430\u044f \u0440\u0430\u0441\u043a\u043b\u0430\u0434\u0443\u0448\u043a\u0430 \u0434\u043b\u044f \u043e\u0442\u0434\u044b\u0445\u0430 \u043d\u0430 \u043f\u0440\u0438\u0440\u043e\u0434\u0435, \u043e\u0434\u0435\u0436\u0434\u0430 \u0438 \u043e\u0431\u0443\u0432\u044c \u0434\u043b\u044f \u0430\u043a\u0442\u0438\u0432\u043d\u043e\u0433\u043e \u043e\u0442\u0434\u044b\u0445\u0430, \u043f\u043e\u0445\u043e\u0434\u043e\u0432 \u0438 \u0430\u043b\u044c\u043f\u0438\u043d\u0438\u0437\u043c\u0430"},{"@type":"BreadcrumbList","@id":"https:\/\/xstyle.md\/product\/shezlong-raskladushka-outwell-tenby-green-vineyard\/#breadcrumb","itemListElement":[{"@type":"ListItem","position":1,"name":"\u0413\u043b\u0430\u0432\u043d\u0430\u044f \u0441\u0442\u0440\u0430\u043d\u0438\u0446\u0430","item":"https:\/\/xstyle.md\/"},{"@type":"ListItem","position":2,"name":"\u041c\u0430\u0433\u0430\u0437\u0438\u043d","item":"https:\/\/xstyle.md\/shop\/"},{"@type":"ListItem","position":3,"name":"\u0428\u0435\u0437\u043b\u043e\u043d\u0433 &#8212; \u0440\u0430\u0441\u043a\u043b\u0430\u0434\u0443\u0448\u043a\u0430 Outwell Tenby Green Vineyard"}]},{"@type":"WebSite","@id":"https:\/\/xstyle.md\/#website","url":"https:\/\/xstyle.md\/","name":"Magazinul X-Style","description":"Echipamente pentru turism \u0219i sporturi extreme \u00een Moldova. Pre\u021buri, fotografii, caracteristici \u00een Moldova.","publisher":{"@id":"https:\/\/xstyle.md\/#organization"},"alternateName":"X-Style","potentialAction":[{"@type":"SearchAction","target":{"@type":"EntryPoint","urlTemplate":"https:\/\/xstyle.md\/?s={search_term_string}"},"query-input":{"@type":"PropertyValueSpecification","valueRequired":true,"valueName":"search_term_string"}}],"inLanguage":"ro-RO"},{"@type":"Organization","@id":"https:\/\/xstyle.md\/#organization","name":"Magazinul X-Style","alternateName":"x-style","url":"https:\/\/xstyle.md\/","logo":{"@type":"ImageObject","inLanguage":"ro-RO","@id":"https:\/\/xstyle.md\/#\/schema\/logo\/image\/","url":"https:\/\/xstyle.md\/wp-content\/uploads\/2020\/06\/logoicon.svg","contentUrl":"https:\/\/xstyle.md\/wp-content\/uploads\/2020\/06\/logoicon.svg","caption":"\u041c\u0430\u0433\u0430\u0437\u0438\u043d Xstyle"},"image":{"@id":"https:\/\/xstyle.md\/#\/schema\/logo\/image\/"},"sameAs":["https:\/\/www.facebook.com\/xstylemd","https:\/\/www.instagram.com\/xstyle_md\/","https:\/\/t.me\/xstyle_outdoor"],"hasMerchantReturnPolicy":{"@type":"MerchantReturnPolicy","merchantReturnLink":"https:\/\/xstyle.md\/ro\/conditions\/"}}]},"product_price_amount":"1850.00","product_price_currency":"MDL","og_availability":"out of stock","product_availability":"out of stock","product_retailer_item_id":"5709388104779","product_condition":"new"},"post_mailing_queue_ids":[],"_links":{"self":[{"href":"https:\/\/xstyle.md\/ro\/wp-json\/wp\/v2\/product\/67337","targetHints":{"allow":["GET"]}}],"collection":[{"href":"https:\/\/xstyle.md\/ro\/wp-json\/wp\/v2\/product"}],"about":[{"href":"https:\/\/xstyle.md\/ro\/wp-json\/wp\/v2\/types\/product"}],"replies":[{"embeddable":true,"href":"https:\/\/xstyle.md\/ro\/wp-json\/wp\/v2\/comments?post=67337"}],"wp:featuredmedia":[{"embeddable":true,"href":"https:\/\/xstyle.md\/ro\/wp-json\/wp\/v2\/media\/68489"}],"wp:attachment":[{"href":"https:\/\/xstyle.md\/ro\/wp-json\/wp\/v2\/media?parent=67337"}],"wp:term":[{"taxonomy":"product_brand","embeddable":true,"href":"https:\/\/xstyle.md\/ro\/wp-json\/wp\/v2\/product_brand?post=67337"},{"taxonomy":"product_cat","embeddable":true,"href":"https:\/\/xstyle.md\/ro\/wp-json\/wp\/v2\/product_cat?post=67337"},{"taxonomy":"product_tag","embeddable":true,"href":"https:\/\/xstyle.md\/ro\/wp-json\/wp\/v2\/product_tag?post=67337"}],"curies":[{"name":"wp","href":"https:\/\/api.w.org\/{rel}","templated":true}]}}