{"id":67327,"date":"2023-04-21T14:09:38","date_gmt":"2023-04-21T11:09:38","guid":{"rendered":"https:\/\/xstyle.md\/?post_type=product&#038;p=67327"},"modified":"2024-10-20T16:00:18","modified_gmt":"2024-10-20T13:00:18","slug":"skladnaya-kanistra-easy-camp-folding-water-carrier-8l","status":"publish","type":"product","link":"https:\/\/xstyle.md\/ro\/produs\/skladnaya-kanistra-easy-camp-folding-water-carrier-8l\/","title":{"rendered":"Canistr\u0103 pliabil\u0103 Easy Camp Folding Water Carrier 8l"},"content":{"rendered":"<\/p>\n<p><strong>Easy Camp Folding Water Carrier 8l<\/strong> &#8212; canistra pliabila convenabila \u0219i practica cu robinet. Datorit\u0103 dimensiunii sale foarte compacte atunci c\u00e2nd este pliat\u0103, este ideal\u0103 pentru drume\u021bii sau excursii cu bicicleta, unde greutatea \u0219i dimensiunile lucrurilor conteaz\u0103.<\/p>\n<p>Capacitatea de 8 litri a recipientului este suficient\u0103 pentru o familie mare sau o companie \u0219i poate fi folosit\u0103 de o singur\u0103 persoan\u0103 timp de mai multe zile. Robinetul reglabil la \u00eendem\u00e2n\u0103 este incredibil de u\u0219or de utilizat. Acesta poate fi folosit pentru a turna ap\u0103 chiar \u0219i \u00eentr-o can\u0103 mic\u0103.<\/p>\n<p>Produsul este fabricat din plastic netoxic \u0219i sigur pentru s\u0103n\u0103tate, \u00een care partea principal\u0103 de pliere este realizat\u0103 din polietilen\u0103 moale \u0219i elastic\u0103 de joas\u0103 presiune, iar capacul este fabricat din polipropilen\u0103 durabil\u0103 \u0219i dens\u0103. Aceste materiale nu absorb mirosuri str\u0103ine \u0219i impurit\u0103\u021bi, nu emit componente nocive \u0219i sunt foarte rezistente la orice deteriorare mecanic\u0103.<\/p>\n<h3>Caracteristici<\/h3>\n<ul>\n<li>Material &#8212; plastic<\/li>\n<li>Capacitate &#8212; 3 litri \/ 8 litri<\/li>\n<li>Dimensiunea recipientului &#8212; 28 x 23 x 30 cm<\/li>\n<li>Dimensiunea ambalajului &#8212; 28 x 23 x 8 cm.<\/li>\n<\/ul>\n<h3>Marca<\/h3>\n<p>Easy Camp este unul dintre cei mai renumi\u021bi produc\u0103tori danezi de produse pentru c\u0103l\u0103torii, sport \u0219i activit\u0103\u021bi \u00een aer liber. Easy Camp se pozi\u021bioneaz\u0103 ca o marc\u0103 de produse pentru camping, drume\u021bii \u0219i c\u0103l\u0103torii. Printre produsele populare care s-au dovedit pe pia\u021ba european\u0103 \u0219i mondial\u0103 se num\u0103r\u0103: rucsacuri, corturi, mobilier de camping, accesorii de camping, saci de dormit, saltele pneumatice \u0219i multe altele. Experien\u021ba vast\u0103 a stabilit acest brand ca fiind unul dintre cele mai respectate \u0219i de \u00eencredere. De peste 28 de ani, compania produce produse pentru activit\u0103\u021bi \u00een aer liber.<\/p>\n<p>Crezul Easy Camp este designul modern \u0219i inova\u021bia pentru a \u00eembun\u0103t\u0103\u021bi calitatea vacan\u021bei dumneavoastr\u0103. Cele mai avansate tehnologii permit ob\u021binerea unor rezultate f\u0103r\u0103 precedent. Materialele cele mai moderne \u0219i designul \u00eembun\u0103t\u0103\u021bit permit camperilor \u0219i c\u0103l\u0103torilor s\u0103 se simt\u0103 u\u0219or \u0219i confortabil \u00een orice situa\u021bie. Easy Camp &#8212; asociat cu corturi confortabile \u0219i u\u0219oare, saci de dormit calzi \u0219i totu\u0219i cu volum foarte redus, o gam\u0103 larg\u0103 de alte produse.<\/p>\n<p><\/p>","protected":false},"excerpt":{"rendered":"","protected":false},"featured_media":68354,"comment_status":"open","ping_status":"closed","template":"","meta":{"_acf_changed":false,"inline_featured_image":false},"product_brand":[1334],"product_cat":[875],"product_tag":[],"class_list":{"0":"post-67327","1":"product","2":"type-product","3":"status-publish","4":"has-post-thumbnail","6":"product_brand-easy-camp","7":"product_cat-water-tanks","9":"first","10":"instock","11":"shipping-taxable","12":"purchasable","13":"product-type-simple"},"acf":[],"yoast_head":"<!-- This site is optimized with the Yoast SEO plugin v27.4 - https:\/\/yoast.com\/product\/yoast-seo-wordpress\/ -->\n<title>\u0421\u043a\u043b\u0430\u0434\u043d\u0430\u044f \u043a\u0430\u043d\u0438\u0441\u0442\u0440\u0430 Easy Camp Folding Water Carrier 8l - \u041c\u0430\u0433\u0430\u0437\u0438\u043d Xstyle<\/title>\n<meta name=\"description\" content=\"\u0421\u043a\u043b\u0430\u0434\u043d\u0430\u044f \u043a\u0430\u043d\u0438\u0441\u0442\u0440\u0430 Easy Camp 8\u043b \u2013 \u0438\u0434\u0435\u0430\u043b\u044c\u043d\u044b\u0439 \u0432\u044b\u0431\u043e\u0440 \u0434\u043b\u044f \u043f\u043e\u0445\u043e\u0434\u043e\u0432! \u041a\u043e\u043c\u043f\u0430\u043a\u0442\u043d\u0430\u044f, \u043b\u0435\u0433\u043a\u0430\u044f \u0438 \u043f\u0440\u0430\u043a\u0442\u0438\u0447\u043d\u0430\u044f, \u0441 \u043a\u0440\u0430\u043d\u043e\u043c. \u0423\u0434\u043e\u0431\u043d\u043e \u0434\u043b\u044f \u0431\u043e\u043b\u044c\u0448\u0438\u0445 \u043a\u043e\u043c\u043f\u0430\u043d\u0438\u0439 \u0438 \u0441\u0435\u043c\u044c\u0438.\" \/>\n<meta name=\"robots\" content=\"index, follow, max-snippet:-1, max-image-preview:large, max-video-preview:-1\" \/>\n<link rel=\"canonical\" href=\"https:\/\/xstyle.md\/ro\/produs\/skladnaya-kanistra-easy-camp-folding-water-carrier-8l\/\" \/>\n<meta property=\"og:locale\" content=\"ro_RO\" \/>\n<meta property=\"og:type\" content=\"article\" \/>\n<meta property=\"og:title\" content=\"\u0421\u043a\u043b\u0430\u0434\u043d\u0430\u044f \u043a\u0430\u043d\u0438\u0441\u0442\u0440\u0430 Easy Camp Folding Water Carrier 8l - \u041c\u0430\u0433\u0430\u0437\u0438\u043d Xstyle\" \/>\n<meta property=\"og:description\" content=\"\u0421\u043a\u043b\u0430\u0434\u043d\u0430\u044f \u043a\u0430\u043d\u0438\u0441\u0442\u0440\u0430 Easy Camp 8\u043b \u2013 \u0438\u0434\u0435\u0430\u043b\u044c\u043d\u044b\u0439 \u0432\u044b\u0431\u043e\u0440 \u0434\u043b\u044f \u043f\u043e\u0445\u043e\u0434\u043e\u0432! \u041a\u043e\u043c\u043f\u0430\u043a\u0442\u043d\u0430\u044f, \u043b\u0435\u0433\u043a\u0430\u044f \u0438 \u043f\u0440\u0430\u043a\u0442\u0438\u0447\u043d\u0430\u044f, \u0441 \u043a\u0440\u0430\u043d\u043e\u043c. \u0423\u0434\u043e\u0431\u043d\u043e \u0434\u043b\u044f \u0431\u043e\u043b\u044c\u0448\u0438\u0445 \u043a\u043e\u043c\u043f\u0430\u043d\u0438\u0439 \u0438 \u0441\u0435\u043c\u044c\u0438.\" \/>\n<meta property=\"og:url\" content=\"https:\/\/xstyle.md\/ro\/produs\/skladnaya-kanistra-easy-camp-folding-water-carrier-8l\/\" \/>\n<meta property=\"og:site_name\" content=\"\u041c\u0430\u0433\u0430\u0437\u0438\u043d Xstyle\" \/>\n<meta property=\"article:publisher\" content=\"https:\/\/www.facebook.com\/xstylemd\" \/>\n<meta property=\"article:modified_time\" content=\"2024-10-20T13:00:18+00:00\" \/>\n<meta property=\"og:image\" content=\"https:\/\/xstyle.md\/wp-content\/uploads\/2023\/04\/easy-camp-folding-water-carrier-8l.jpg\" \/>\n\t<meta property=\"og:image:width\" content=\"1244\" \/>\n\t<meta property=\"og:image:height\" content=\"1156\" \/>\n\t<meta property=\"og:image:type\" content=\"image\/jpeg\" \/>\n<meta name=\"twitter:card\" content=\"summary_large_image\" \/>\n<meta name=\"twitter:label1\" content=\"Pre\u021b\" \/>\n\t<meta name=\"twitter:data1\" content=\"210&nbsp;MDL\" \/>\n\t<meta name=\"twitter:label2\" content=\"Disponibilitate\" \/>\n\t<meta name=\"twitter:data2\" content=\"\u00cen stoc\" \/>\n<script type=\"application\/ld+json\" class=\"yoast-schema-graph\">{\"@context\":\"https:\\\/\\\/schema.org\",\"@graph\":[{\"@type\":\"WebPage\",\"@id\":\"https:\\\/\\\/xstyle.md\\\/product\\\/skladnaya-kanistra-easy-camp-folding-water-carrier-8l\\\/\",\"url\":\"https:\\\/\\\/xstyle.md\\\/product\\\/skladnaya-kanistra-easy-camp-folding-water-carrier-8l\\\/\",\"name\":\"\u0421\u043a\u043b\u0430\u0434\u043d\u0430\u044f \u043a\u0430\u043d\u0438\u0441\u0442\u0440\u0430 Easy Camp Folding Water Carrier 8l - \u041c\u0430\u0433\u0430\u0437\u0438\u043d Xstyle\",\"isPartOf\":{\"@id\":\"https:\\\/\\\/xstyle.md\\\/#website\"},\"primaryImageOfPage\":{\"@id\":\"https:\\\/\\\/xstyle.md\\\/product\\\/skladnaya-kanistra-easy-camp-folding-water-carrier-8l\\\/#primaryimage\"},\"image\":{\"@id\":\"https:\\\/\\\/xstyle.md\\\/product\\\/skladnaya-kanistra-easy-camp-folding-water-carrier-8l\\\/#primaryimage\"},\"thumbnailUrl\":\"https:\\\/\\\/xstyle.md\\\/wp-content\\\/uploads\\\/2023\\\/04\\\/easy-camp-folding-water-carrier-8l.jpg\",\"datePublished\":\"2023-04-21T11:09:38+00:00\",\"dateModified\":\"2024-10-20T13:00:18+00:00\",\"description\":\"\u0421\u043a\u043b\u0430\u0434\u043d\u0430\u044f \u043a\u0430\u043d\u0438\u0441\u0442\u0440\u0430 Easy Camp 8\u043b \u2013 \u0438\u0434\u0435\u0430\u043b\u044c\u043d\u044b\u0439 \u0432\u044b\u0431\u043e\u0440 \u0434\u043b\u044f \u043f\u043e\u0445\u043e\u0434\u043e\u0432! \u041a\u043e\u043c\u043f\u0430\u043a\u0442\u043d\u0430\u044f, \u043b\u0435\u0433\u043a\u0430\u044f \u0438 \u043f\u0440\u0430\u043a\u0442\u0438\u0447\u043d\u0430\u044f, \u0441 \u043a\u0440\u0430\u043d\u043e\u043c. \u0423\u0434\u043e\u0431\u043d\u043e \u0434\u043b\u044f \u0431\u043e\u043b\u044c\u0448\u0438\u0445 \u043a\u043e\u043c\u043f\u0430\u043d\u0438\u0439 \u0438 \u0441\u0435\u043c\u044c\u0438.\",\"breadcrumb\":{\"@id\":\"https:\\\/\\\/xstyle.md\\\/product\\\/skladnaya-kanistra-easy-camp-folding-water-carrier-8l\\\/#breadcrumb\"},\"inLanguage\":\"ro-RO\",\"potentialAction\":[{\"@type\":\"ReadAction\",\"target\":[\"https:\\\/\\\/xstyle.md\\\/product\\\/skladnaya-kanistra-easy-camp-folding-water-carrier-8l\\\/\"]}]},{\"@type\":\"ImageObject\",\"inLanguage\":\"ro-RO\",\"@id\":\"https:\\\/\\\/xstyle.md\\\/product\\\/skladnaya-kanistra-easy-camp-folding-water-carrier-8l\\\/#primaryimage\",\"url\":\"https:\\\/\\\/xstyle.md\\\/wp-content\\\/uploads\\\/2023\\\/04\\\/easy-camp-folding-water-carrier-8l.jpg\",\"contentUrl\":\"https:\\\/\\\/xstyle.md\\\/wp-content\\\/uploads\\\/2023\\\/04\\\/easy-camp-folding-water-carrier-8l.jpg\",\"width\":1244,\"height\":1156,\"caption\":\"\u041a\u0430\u043d\u0438\u0441\u0442\u0440\u0430 \u0441\u043a\u043b\u0430\u0434\u043d\u0430\u044f Easy Camp 8\u043b \u0434\u043b\u044f \u0430\u043a\u0442\u0438\u0432\u043d\u043e\u0433\u043e \u043e\u0442\u0434\u044b\u0445\u0430 \u043f\u043e\u0445\u043e\u0434\u043e\u0432 \u0438 \u043f\u0443\u0442\u0435\u0448\u0435\u0441\u0442\u0432\u0438\u0439 \u043c\u0430\u0433\u0430\u0437\u0438\u043d \u043e\u0434\u0435\u0436\u0434\u044b \u043e\u0431\u0443\u0432\u0438 \u0434\u043b\u044f \u0433\u043e\u0440\u043d\u044b\u0445 \u043f\u043e\u0445\u043e\u0434\u043e\u0432 \u043a\u0435\u043c\u043f\u0438\u043d\u0433\u0430 \u0441\u043d\u0430\u0440\u044f\u0436\u0435\u043d\u0438\u044f \u0434\u043b\u044f \u0442\u0443\u0440\u0438\u0441\u0442\u043e\u0432\"},{\"@type\":\"BreadcrumbList\",\"@id\":\"https:\\\/\\\/xstyle.md\\\/product\\\/skladnaya-kanistra-easy-camp-folding-water-carrier-8l\\\/#breadcrumb\",\"itemListElement\":[{\"@type\":\"ListItem\",\"position\":1,\"name\":\"\u0413\u043b\u0430\u0432\u043d\u0430\u044f \u0441\u0442\u0440\u0430\u043d\u0438\u0446\u0430\",\"item\":\"https:\\\/\\\/xstyle.md\\\/\"},{\"@type\":\"ListItem\",\"position\":2,\"name\":\"\u041c\u0430\u0433\u0430\u0437\u0438\u043d\",\"item\":\"https:\\\/\\\/xstyle.md\\\/shop\\\/\"},{\"@type\":\"ListItem\",\"position\":3,\"name\":\"\u0421\u043a\u043b\u0430\u0434\u043d\u0430\u044f \u043a\u0430\u043d\u0438\u0441\u0442\u0440\u0430 Easy Camp Folding Water Carrier 8l\"}]},{\"@type\":\"WebSite\",\"@id\":\"https:\\\/\\\/xstyle.md\\\/#website\",\"url\":\"https:\\\/\\\/xstyle.md\\\/\",\"name\":\"\u041c\u0430\u0433\u0430\u0437\u0438\u043d Xstyle\",\"description\":\"C\u043d\u0430\u0440\u044f\u0436\u0435\u043d\u0438\u0435 \u0434\u043b\u044f \u0442\u0443\u0440\u0438\u0437\u043c\u0430 \u0438 \u044d\u043a\u0441\u0442\u0440\u0435\u043c\u0430\u043b\u044c\u043d\u044b\u0445 \u0432\u0438\u0434\u043e\u0432 \u0441\u043f\u043e\u0440\u0442\u0430 \u0432 \u041c\u043e\u043b\u0434\u043e\u0432\u0435.. \u0426\u0435\u043d\u044b, \u0444\u043e\u0442\u043e, \u0445\u0430\u0440\u0430\u043a\u0442\u0435\u0440\u0438\u0441\u0442\u0438\u043a\u0438 \u0432 \u041c\u043e\u043b\u0434\u043e\u0432\u0435.\",\"publisher\":{\"@id\":\"https:\\\/\\\/xstyle.md\\\/#organization\"},\"alternateName\":\"X-Style\",\"potentialAction\":[{\"@type\":\"SearchAction\",\"target\":{\"@type\":\"EntryPoint\",\"urlTemplate\":\"https:\\\/\\\/xstyle.md\\\/?s={search_term_string}\"},\"query-input\":{\"@type\":\"PropertyValueSpecification\",\"valueRequired\":true,\"valueName\":\"search_term_string\"}}],\"inLanguage\":\"ro-RO\"},{\"@type\":\"Organization\",\"@id\":\"https:\\\/\\\/xstyle.md\\\/#organization\",\"name\":\"\u041c\u0430\u0433\u0430\u0437\u0438\u043d Xstyle\",\"alternateName\":\"x-style\",\"url\":\"https:\\\/\\\/xstyle.md\\\/\",\"logo\":{\"@type\":\"ImageObject\",\"inLanguage\":\"ro-RO\",\"@id\":\"https:\\\/\\\/xstyle.md\\\/#\\\/schema\\\/logo\\\/image\\\/\",\"url\":\"https:\\\/\\\/xstyle.md\\\/wp-content\\\/uploads\\\/2020\\\/06\\\/logoicon.svg\",\"contentUrl\":\"https:\\\/\\\/xstyle.md\\\/wp-content\\\/uploads\\\/2020\\\/06\\\/logoicon.svg\",\"caption\":\"\u041c\u0430\u0433\u0430\u0437\u0438\u043d Xstyle\"},\"image\":{\"@id\":\"https:\\\/\\\/xstyle.md\\\/#\\\/schema\\\/logo\\\/image\\\/\"},\"sameAs\":[\"https:\\\/\\\/www.facebook.com\\\/xstylemd\",\"https:\\\/\\\/www.instagram.com\\\/xstyle_md\\\/\",\"https:\\\/\\\/t.me\\\/xstyle_outdoor\"],\"hasMerchantReturnPolicy\":{\"@type\":\"MerchantReturnPolicy\",\"merchantReturnLink\":\"https:\\\/\\\/xstyle.md\\\/ro\\\/conditions\\\/\"}}]}<\/script>\n<meta property=\"product:price:amount\" content=\"210.00\" \/>\n<meta property=\"product:price:currency\" content=\"MDL\" \/>\n<meta property=\"og:availability\" content=\"instock\" \/>\n<meta property=\"product:availability\" content=\"instock\" \/>\n<meta property=\"product:retailer_item_id\" content=\"5709388068422\" \/>\n<meta property=\"product:condition\" content=\"new\" \/>\n<!-- \/ Yoast SEO plugin. -->","yoast_head_json":{"title":"Canistr\u0103 pliabil\u0103 Easy Camp Folding Water Carrier 8l - Magazin Xstyle","description":"Canistra pliabil\u0103 Easy Camp 8l \u2013 o alegere ideal\u0103 pentru drume\u021bii! Compact\u0103, u\u0219oar\u0103 \u0219i practic\u0103, cu robinet. O op\u021biune convenabil\u0103 pentru grupuri mari \u0219i familie.","robots":{"index":"index","follow":"follow","max-snippet":"max-snippet:-1","max-image-preview":"max-image-preview:large","max-video-preview":"max-video-preview:-1"},"canonical":"https:\/\/xstyle.md\/ro\/produs\/skladnaya-kanistra-easy-camp-folding-water-carrier-8l\/","og_locale":"ro_RO","og_type":"article","og_title":"\u0421\u043a\u043b\u0430\u0434\u043d\u0430\u044f \u043a\u0430\u043d\u0438\u0441\u0442\u0440\u0430 Easy Camp Folding Water Carrier 8l - \u041c\u0430\u0433\u0430\u0437\u0438\u043d Xstyle","og_description":"\u0421\u043a\u043b\u0430\u0434\u043d\u0430\u044f \u043a\u0430\u043d\u0438\u0441\u0442\u0440\u0430 Easy Camp 8\u043b \u2013 \u0438\u0434\u0435\u0430\u043b\u044c\u043d\u044b\u0439 \u0432\u044b\u0431\u043e\u0440 \u0434\u043b\u044f \u043f\u043e\u0445\u043e\u0434\u043e\u0432! \u041a\u043e\u043c\u043f\u0430\u043a\u0442\u043d\u0430\u044f, \u043b\u0435\u0433\u043a\u0430\u044f \u0438 \u043f\u0440\u0430\u043a\u0442\u0438\u0447\u043d\u0430\u044f, \u0441 \u043a\u0440\u0430\u043d\u043e\u043c. \u0423\u0434\u043e\u0431\u043d\u043e \u0434\u043b\u044f \u0431\u043e\u043b\u044c\u0448\u0438\u0445 \u043a\u043e\u043c\u043f\u0430\u043d\u0438\u0439 \u0438 \u0441\u0435\u043c\u044c\u0438.","og_url":"https:\/\/xstyle.md\/ro\/produs\/skladnaya-kanistra-easy-camp-folding-water-carrier-8l\/","og_site_name":"\u041c\u0430\u0433\u0430\u0437\u0438\u043d Xstyle","article_publisher":"https:\/\/www.facebook.com\/xstylemd","article_modified_time":"2024-10-20T13:00:18+00:00","og_image":[{"width":1244,"height":1156,"url":"https:\/\/xstyle.md\/wp-content\/uploads\/2023\/04\/easy-camp-folding-water-carrier-8l.jpg","type":"image\/jpeg"}],"twitter_card":"summary_large_image","twitter_misc":{"Pre\u021b":"210&nbsp;MDL","Disponibilitate":"\u00cen stoc"},"schema":{"@context":"https:\/\/schema.org","@graph":[{"@type":"WebPage","@id":"https:\/\/xstyle.md\/product\/skladnaya-kanistra-easy-camp-folding-water-carrier-8l\/","url":"https:\/\/xstyle.md\/product\/skladnaya-kanistra-easy-camp-folding-water-carrier-8l\/","name":"Canistr\u0103 pliabil\u0103 Easy Camp Folding Water Carrier 8l - Magazin Xstyle","isPartOf":{"@id":"https:\/\/xstyle.md\/#website"},"primaryImageOfPage":{"@id":"https:\/\/xstyle.md\/product\/skladnaya-kanistra-easy-camp-folding-water-carrier-8l\/#primaryimage"},"image":{"@id":"https:\/\/xstyle.md\/product\/skladnaya-kanistra-easy-camp-folding-water-carrier-8l\/#primaryimage"},"thumbnailUrl":"https:\/\/xstyle.md\/wp-content\/uploads\/2023\/04\/easy-camp-folding-water-carrier-8l.jpg","datePublished":"2023-04-21T11:09:38+00:00","dateModified":"2024-10-20T13:00:18+00:00","description":"Canistra pliabil\u0103 Easy Camp 8l \u2013 o alegere ideal\u0103 pentru drume\u021bii! Compact\u0103, u\u0219oar\u0103 \u0219i practic\u0103, cu robinet. O op\u021biune convenabil\u0103 pentru grupuri mari \u0219i familie.","breadcrumb":{"@id":"https:\/\/xstyle.md\/product\/skladnaya-kanistra-easy-camp-folding-water-carrier-8l\/#breadcrumb"},"inLanguage":"ro-RO","potentialAction":[{"@type":"ReadAction","target":["https:\/\/xstyle.md\/product\/skladnaya-kanistra-easy-camp-folding-water-carrier-8l\/"]}]},{"@type":"ImageObject","inLanguage":"ro-RO","@id":"https:\/\/xstyle.md\/product\/skladnaya-kanistra-easy-camp-folding-water-carrier-8l\/#primaryimage","url":"https:\/\/xstyle.md\/wp-content\/uploads\/2023\/04\/easy-camp-folding-water-carrier-8l.jpg","contentUrl":"https:\/\/xstyle.md\/wp-content\/uploads\/2023\/04\/easy-camp-folding-water-carrier-8l.jpg","width":1244,"height":1156,"caption":"\u041a\u0430\u043d\u0438\u0441\u0442\u0440\u0430 \u0441\u043a\u043b\u0430\u0434\u043d\u0430\u044f Easy Camp 8\u043b \u0434\u043b\u044f \u0430\u043a\u0442\u0438\u0432\u043d\u043e\u0433\u043e \u043e\u0442\u0434\u044b\u0445\u0430 \u043f\u043e\u0445\u043e\u0434\u043e\u0432 \u0438 \u043f\u0443\u0442\u0435\u0448\u0435\u0441\u0442\u0432\u0438\u0439 \u043c\u0430\u0433\u0430\u0437\u0438\u043d \u043e\u0434\u0435\u0436\u0434\u044b \u043e\u0431\u0443\u0432\u0438 \u0434\u043b\u044f \u0433\u043e\u0440\u043d\u044b\u0445 \u043f\u043e\u0445\u043e\u0434\u043e\u0432 \u043a\u0435\u043c\u043f\u0438\u043d\u0433\u0430 \u0441\u043d\u0430\u0440\u044f\u0436\u0435\u043d\u0438\u044f \u0434\u043b\u044f \u0442\u0443\u0440\u0438\u0441\u0442\u043e\u0432"},{"@type":"BreadcrumbList","@id":"https:\/\/xstyle.md\/product\/skladnaya-kanistra-easy-camp-folding-water-carrier-8l\/#breadcrumb","itemListElement":[{"@type":"ListItem","position":1,"name":"\u0413\u043b\u0430\u0432\u043d\u0430\u044f \u0441\u0442\u0440\u0430\u043d\u0438\u0446\u0430","item":"https:\/\/xstyle.md\/"},{"@type":"ListItem","position":2,"name":"\u041c\u0430\u0433\u0430\u0437\u0438\u043d","item":"https:\/\/xstyle.md\/shop\/"},{"@type":"ListItem","position":3,"name":"\u0421\u043a\u043b\u0430\u0434\u043d\u0430\u044f \u043a\u0430\u043d\u0438\u0441\u0442\u0440\u0430 Easy Camp Folding Water Carrier 8l"}]},{"@type":"WebSite","@id":"https:\/\/xstyle.md\/#website","url":"https:\/\/xstyle.md\/","name":"Magazinul X-Style","description":"Echipamente pentru turism \u0219i sporturi extreme \u00een Moldova. Pre\u021buri, fotografii, caracteristici \u00een Moldova.","publisher":{"@id":"https:\/\/xstyle.md\/#organization"},"alternateName":"X-Style","potentialAction":[{"@type":"SearchAction","target":{"@type":"EntryPoint","urlTemplate":"https:\/\/xstyle.md\/?s={search_term_string}"},"query-input":{"@type":"PropertyValueSpecification","valueRequired":true,"valueName":"search_term_string"}}],"inLanguage":"ro-RO"},{"@type":"Organization","@id":"https:\/\/xstyle.md\/#organization","name":"Magazinul X-Style","alternateName":"x-style","url":"https:\/\/xstyle.md\/","logo":{"@type":"ImageObject","inLanguage":"ro-RO","@id":"https:\/\/xstyle.md\/#\/schema\/logo\/image\/","url":"https:\/\/xstyle.md\/wp-content\/uploads\/2020\/06\/logoicon.svg","contentUrl":"https:\/\/xstyle.md\/wp-content\/uploads\/2020\/06\/logoicon.svg","caption":"\u041c\u0430\u0433\u0430\u0437\u0438\u043d Xstyle"},"image":{"@id":"https:\/\/xstyle.md\/#\/schema\/logo\/image\/"},"sameAs":["https:\/\/www.facebook.com\/xstylemd","https:\/\/www.instagram.com\/xstyle_md\/","https:\/\/t.me\/xstyle_outdoor"],"hasMerchantReturnPolicy":{"@type":"MerchantReturnPolicy","merchantReturnLink":"https:\/\/xstyle.md\/ro\/conditions\/"}}]},"product_price_amount":"210.00","product_price_currency":"MDL","og_availability":"instock","product_availability":"instock","product_retailer_item_id":"5709388068422","product_condition":"new"},"_links":{"self":[{"href":"https:\/\/xstyle.md\/ro\/wp-json\/wp\/v2\/product\/67327","targetHints":{"allow":["GET"]}}],"collection":[{"href":"https:\/\/xstyle.md\/ro\/wp-json\/wp\/v2\/product"}],"about":[{"href":"https:\/\/xstyle.md\/ro\/wp-json\/wp\/v2\/types\/product"}],"replies":[{"embeddable":true,"href":"https:\/\/xstyle.md\/ro\/wp-json\/wp\/v2\/comments?post=67327"}],"wp:featuredmedia":[{"embeddable":true,"href":"https:\/\/xstyle.md\/ro\/wp-json\/wp\/v2\/media\/68354"}],"wp:attachment":[{"href":"https:\/\/xstyle.md\/ro\/wp-json\/wp\/v2\/media?parent=67327"}],"wp:term":[{"taxonomy":"product_brand","embeddable":true,"href":"https:\/\/xstyle.md\/ro\/wp-json\/wp\/v2\/product_brand?post=67327"},{"taxonomy":"product_cat","embeddable":true,"href":"https:\/\/xstyle.md\/ro\/wp-json\/wp\/v2\/product_cat?post=67327"},{"taxonomy":"product_tag","embeddable":true,"href":"https:\/\/xstyle.md\/ro\/wp-json\/wp\/v2\/product_tag?post=67327"}],"curies":[{"name":"wp","href":"https:\/\/api.w.org\/{rel}","templated":true}]}}