{"id":67287,"date":"2023-04-21T14:09:28","date_gmt":"2023-04-21T11:09:28","guid":{"rendered":"https:\/\/xstyle.md\/?post_type=product&#038;p=67287"},"modified":"2026-03-19T17:13:01","modified_gmt":"2026-03-19T14:13:01","slug":"trp_language-languageru_rusandalii-zhenskie-lizard-super-hike-zinfandel-red-virtual-pink-trp_languagetrp_language-languagero_rosandale-lizard-super-hike-zinfandel-red-virtual-pink-trp","status":"publish","type":"product","link":"https:\/\/xstyle.md\/ro\/produs\/trp_language-languageru_rusandalii-zhenskie-lizard-super-hike-zinfandel-red-virtual-pink-trp_languagetrp_language-languagero_rosandale-lizard-super-hike-zinfandel-red-virtual-pink-trp\/","title":{"rendered":"Sandale Lizard Super Hike zinfandel red\/virtual pink Wmn"},"content":{"rendered":"<\/p>\n<p><strong>Sandale pentru femei Lizard Super Hike zinfandel red\/virtual pink<\/strong>\u00a0&#8212; cel mai bun raport dintre performan\u021b\u0103 \u0219i greutate. Talpa anatomic\u0103 din piele ofer\u0103 protec\u021bie pentru degetul de la picior, iar reglarea rapid\u0103 a triplei curele asigur\u0103 o stabilitate perfect\u0103 a piciorului.<\/p>\n<p>Talpa este extrem de u\u0219oar\u0103, astfel \u00eenc\u00e2t s\u0103 nu \u00eempiedice mi\u0219carea \u0219i s\u0103 ofere sensibilitate maxim\u0103 a piciorului la teren. Confortul este garantat datorit\u0103 bretelelor moi. Acest model este o op\u021biune excelent\u0103 pentru fanii de a petrece activ timpul, dar \u0219i care au nevoie de confort \u0219i durabilitate pentru mersul \u00een orice situa\u021bie. Sandalele sunt concepute pentru c\u0103l\u0103torii, sporturi nautice, drume\u021bii \u0219i activit\u0103\u021bi \u00een aer liber.<\/p>\n<h3>Specificatii<\/h3>\n<ul>\n<li>Exterior: materiale textile.<\/li>\n<li>Pe curele, c\u0103ptu\u0219eala moale interioar\u0103 este confec\u021bionat\u0103 dintr-un material pentru o protec\u021bie suplimentar\u0103 a piciorului.<\/li>\n<li>Elemente de fixare stabile \u0219i elastice.<\/li>\n<li>Curea tripl\u0103 pentru o potrivire perfecta pe picior. Chiar \u0219i dup\u0103 utilizare \u00een condi\u021bii extreme, talpa poliuretanic\u0103 foarte confortabil\u0103 \u0219i absorbant\u0103 de \u0219oc men\u021bine o pozi\u021bie ideal\u0103 a piciorului.<\/li>\n<li>Talp\u0103: cu ADS pentru respingerea apei.<\/li>\n<\/ul>\n<h3>Caracteristici<\/h3>\n<ul>\n<li>Exterior: sintetice<\/li>\n<li>Talpa: Vibram<\/li>\n<li>Talp\u0103: antibacterian\u0103 din piele<\/li>\n<li>Designul special ADS asigur\u0103 uscarea rapid\u0103 a umidit\u0103\u021bii \u0219i cre\u0219te respirabilitatea<\/li>\n<li>Destina\u021bie: trekking, ora\u0219<\/li>\n<li>Greutate: 262 g<\/li>\n<\/ul>\n<p><\/p>","protected":false},"excerpt":{"rendered":"","protected":false},"featured_media":68211,"comment_status":"open","ping_status":"closed","template":"","meta":{"_acf_changed":false,"inline_featured_image":false},"product_brand":[1292],"product_cat":[134],"product_tag":[],"class_list":{"0":"post-67287","1":"product","2":"type-product","3":"status-publish","4":"has-post-thumbnail","6":"product_brand-lizard","7":"product_cat-summer-shoes","9":"first","10":"instock","11":"shipping-taxable","12":"purchasable","13":"product-type-simple"},"acf":[],"yoast_head":"<!-- This site is optimized with the Yoast SEO plugin v27.2 - https:\/\/yoast.com\/product\/yoast-seo-wordpress\/ -->\n<title>\u0421\u0430\u043d\u0434\u0430\u043b\u0438\u0438 \u0436\u0435\u043d\u0441\u043a\u0438\u0435 Lizard Super Hike zinfandel red\/virtual pink - \u041c\u0430\u0433\u0430\u0437\u0438\u043d Xstyle<\/title>\n<meta name=\"description\" content=\"\u041e\u0442\u043a\u0440\u043e\u0439\u0442\u0435 \u043a\u043e\u043c\u0444\u043e\u0440\u0442 \u0441 \u0436\u0435\u043d\u0441\u043a\u0438\u043c\u0438 \u0441\u0430\u043d\u0434\u0430\u043b\u0438\u044f\u043c\u0438 Lizard Super Hike zinfandel red\/virtual pink. \u041b\u0435\u0433\u043a\u0438\u0435, \u0430\u043d\u0430\u0442\u043e\u043c\u0438\u0447\u0435\u0441\u043a\u0430\u044f \u043f\u043e\u0434\u043e\u0448\u0432\u0430 \u0438 \u0438\u0434\u0435\u0430\u043b\u044c\u043d\u0430\u044f \u043f\u043e\u0434\u0434\u0435\u0440\u0436\u043a\u0430 \u0434\u043b\u044f \u0430\u043a\u0442\u0438\u0432\u043d\u043e\u0433\u043e \u043e\u0442\u0434\u044b\u0445\u0430!\" \/>\n<meta name=\"robots\" content=\"index, follow, max-snippet:-1, max-image-preview:large, max-video-preview:-1\" \/>\n<link rel=\"canonical\" href=\"https:\/\/xstyle.md\/ro\/produs\/trp_language-languageru_rusandalii-zhenskie-lizard-super-hike-zinfandel-red-virtual-pink-trp_languagetrp_language-languagero_rosandale-lizard-super-hike-zinfandel-red-virtual-pink-trp\/\" \/>\n<meta property=\"og:locale\" content=\"ro_RO\" \/>\n<meta property=\"og:type\" content=\"article\" \/>\n<meta property=\"og:title\" content=\"\u0421\u0430\u043d\u0434\u0430\u043b\u0438\u0438 \u0436\u0435\u043d\u0441\u043a\u0438\u0435 Lizard Super Hike zinfandel red\/virtual pink - \u041c\u0430\u0433\u0430\u0437\u0438\u043d Xstyle\" \/>\n<meta property=\"og:description\" content=\"\u041e\u0442\u043a\u0440\u043e\u0439\u0442\u0435 \u043a\u043e\u043c\u0444\u043e\u0440\u0442 \u0441 \u0436\u0435\u043d\u0441\u043a\u0438\u043c\u0438 \u0441\u0430\u043d\u0434\u0430\u043b\u0438\u044f\u043c\u0438 Lizard Super Hike zinfandel red\/virtual pink. \u041b\u0435\u0433\u043a\u0438\u0435, \u0430\u043d\u0430\u0442\u043e\u043c\u0438\u0447\u0435\u0441\u043a\u0430\u044f \u043f\u043e\u0434\u043e\u0448\u0432\u0430 \u0438 \u0438\u0434\u0435\u0430\u043b\u044c\u043d\u0430\u044f \u043f\u043e\u0434\u0434\u0435\u0440\u0436\u043a\u0430 \u0434\u043b\u044f \u0430\u043a\u0442\u0438\u0432\u043d\u043e\u0433\u043e \u043e\u0442\u0434\u044b\u0445\u0430!\" \/>\n<meta property=\"og:url\" content=\"https:\/\/xstyle.md\/ro\/produs\/trp_language-languageru_rusandalii-zhenskie-lizard-super-hike-zinfandel-red-virtual-pink-trp_languagetrp_language-languagero_rosandale-lizard-super-hike-zinfandel-red-virtual-pink-trp\/\" \/>\n<meta property=\"og:site_name\" content=\"\u041c\u0430\u0433\u0430\u0437\u0438\u043d Xstyle\" \/>\n<meta property=\"article:publisher\" content=\"https:\/\/www.facebook.com\/xstylemd\" \/>\n<meta property=\"article:modified_time\" content=\"2026-03-19T14:13:01+00:00\" \/>\n<meta property=\"og:image\" content=\"https:\/\/xstyle.md\/wp-content\/uploads\/2023\/04\/lizard-super-hike-zinfandel-red-virtual-pink.jpg\" \/>\n\t<meta property=\"og:image:width\" content=\"2076\" \/>\n\t<meta property=\"og:image:height\" content=\"1950\" \/>\n\t<meta property=\"og:image:type\" content=\"image\/jpeg\" \/>\n<meta name=\"twitter:card\" content=\"summary_large_image\" \/>\n<meta name=\"twitter:label1\" content=\"Pre\u021b\" \/>\n\t<meta name=\"twitter:data1\" content=\"2.390&nbsp;MDL\" \/>\n\t<meta name=\"twitter:label2\" content=\"Disponibilitate\" \/>\n\t<meta name=\"twitter:data2\" content=\"\u00cen stoc\" \/>\n<script type=\"application\/ld+json\" class=\"yoast-schema-graph\">{\"@context\":\"https:\/\/schema.org\",\"@graph\":[{\"@type\":\"WebPage\",\"@id\":\"https:\/\/xstyle.md\/product\/trp_language-languageru_rusandalii-zhenskie-lizard-super-hike-zinfandel-red-virtual-pink-trp_languagetrp_language-languagero_rosandale-lizard-super-hike-zinfandel-red-virtual-pink-trp\/\",\"url\":\"https:\/\/xstyle.md\/product\/trp_language-languageru_rusandalii-zhenskie-lizard-super-hike-zinfandel-red-virtual-pink-trp_languagetrp_language-languagero_rosandale-lizard-super-hike-zinfandel-red-virtual-pink-trp\/\",\"name\":\"\u0421\u0430\u043d\u0434\u0430\u043b\u0438\u0438 \u0436\u0435\u043d\u0441\u043a\u0438\u0435 Lizard Super Hike zinfandel red\/virtual pink - \u041c\u0430\u0433\u0430\u0437\u0438\u043d Xstyle\",\"isPartOf\":{\"@id\":\"https:\/\/xstyle.md\/#website\"},\"primaryImageOfPage\":{\"@id\":\"https:\/\/xstyle.md\/product\/trp_language-languageru_rusandalii-zhenskie-lizard-super-hike-zinfandel-red-virtual-pink-trp_languagetrp_language-languagero_rosandale-lizard-super-hike-zinfandel-red-virtual-pink-trp\/#primaryimage\"},\"image\":{\"@id\":\"https:\/\/xstyle.md\/product\/trp_language-languageru_rusandalii-zhenskie-lizard-super-hike-zinfandel-red-virtual-pink-trp_languagetrp_language-languagero_rosandale-lizard-super-hike-zinfandel-red-virtual-pink-trp\/#primaryimage\"},\"thumbnailUrl\":\"https:\/\/xstyle.md\/wp-content\/uploads\/2023\/04\/lizard-super-hike-zinfandel-red-virtual-pink.jpg\",\"datePublished\":\"2023-04-21T11:09:28+00:00\",\"dateModified\":\"2026-03-19T14:13:01+00:00\",\"description\":\"\u041e\u0442\u043a\u0440\u043e\u0439\u0442\u0435 \u043a\u043e\u043c\u0444\u043e\u0440\u0442 \u0441 \u0436\u0435\u043d\u0441\u043a\u0438\u043c\u0438 \u0441\u0430\u043d\u0434\u0430\u043b\u0438\u044f\u043c\u0438 Lizard Super Hike zinfandel red\/virtual pink. \u041b\u0435\u0433\u043a\u0438\u0435, \u0430\u043d\u0430\u0442\u043e\u043c\u0438\u0447\u0435\u0441\u043a\u0430\u044f \u043f\u043e\u0434\u043e\u0448\u0432\u0430 \u0438 \u0438\u0434\u0435\u0430\u043b\u044c\u043d\u0430\u044f \u043f\u043e\u0434\u0434\u0435\u0440\u0436\u043a\u0430 \u0434\u043b\u044f \u0430\u043a\u0442\u0438\u0432\u043d\u043e\u0433\u043e \u043e\u0442\u0434\u044b\u0445\u0430!\",\"breadcrumb\":{\"@id\":\"https:\/\/xstyle.md\/product\/trp_language-languageru_rusandalii-zhenskie-lizard-super-hike-zinfandel-red-virtual-pink-trp_languagetrp_language-languagero_rosandale-lizard-super-hike-zinfandel-red-virtual-pink-trp\/#breadcrumb\"},\"inLanguage\":\"ro-RO\",\"potentialAction\":[{\"@type\":\"ReadAction\",\"target\":[\"https:\/\/xstyle.md\/product\/trp_language-languageru_rusandalii-zhenskie-lizard-super-hike-zinfandel-red-virtual-pink-trp_languagetrp_language-languagero_rosandale-lizard-super-hike-zinfandel-red-virtual-pink-trp\/\"]}]},{\"@type\":\"ImageObject\",\"inLanguage\":\"ro-RO\",\"@id\":\"https:\/\/xstyle.md\/product\/trp_language-languageru_rusandalii-zhenskie-lizard-super-hike-zinfandel-red-virtual-pink-trp_languagetrp_language-languagero_rosandale-lizard-super-hike-zinfandel-red-virtual-pink-trp\/#primaryimage\",\"url\":\"https:\/\/xstyle.md\/wp-content\/uploads\/2023\/04\/lizard-super-hike-zinfandel-red-virtual-pink.jpg\",\"contentUrl\":\"https:\/\/xstyle.md\/wp-content\/uploads\/2023\/04\/lizard-super-hike-zinfandel-red-virtual-pink.jpg\",\"width\":1920,\"height\":1803,\"caption\":\"\u0416\u0435\u043d\u0441\u043a\u0438\u0435 \u0441\u0430\u043d\u0434\u0430\u043b\u0438\u0438 Lizard Super Hike \u0434\u043b\u044f \u0430\u043a\u0442\u0438\u0432\u043d\u043e\u0433\u043e \u043e\u0442\u0434\u044b\u0445\u0430 \u0438 \u043f\u043e\u0445\u043e\u0434\u043e\u0432, \u043e\u0431\u0443\u0432\u044c \u0434\u043b\u044f \u043f\u0443\u0442\u0435\u0448\u0435\u0441\u0442\u0432\u0438\u0439 \u0438 \u0433\u043e\u0440\u043d\u044b\u0445 \u043f\u043e\u0445\u043e\u0434\u043e\u0432, \u0441\u0442\u0438\u043b\u044c\u043d\u044b\u0435 \u043a\u0440\u043e\u0441\u0441\u043e\u0432\u043a\u0438 \u0434\u043b\u044f \u0430\u043a\u0442\u0438\u0432\u043d\u043e\u0439 \u0436\u0438\u0437\u043d\u0438, \u043f\u0440\u0435\u0434\u043d\u0430\u0437\u043d\u0430\u0447\u0435\u043d\u044b \u0434\u043b\u044f \u0442\u0443\u0440\u0438\u0441\u0442\u043e\u0432 \u0438 \u043b\u044e\u0431\u0438\u0442\u0435\u043b\u0435\u0439 \u0445\u0430\u0439\u043a\u0438\u043d\u0433\u0430\"},{\"@type\":\"BreadcrumbList\",\"@id\":\"https:\/\/xstyle.md\/product\/trp_language-languageru_rusandalii-zhenskie-lizard-super-hike-zinfandel-red-virtual-pink-trp_languagetrp_language-languagero_rosandale-lizard-super-hike-zinfandel-red-virtual-pink-trp\/#breadcrumb\",\"itemListElement\":[{\"@type\":\"ListItem\",\"position\":1,\"name\":\"\u0413\u043b\u0430\u0432\u043d\u0430\u044f \u0441\u0442\u0440\u0430\u043d\u0438\u0446\u0430\",\"item\":\"https:\/\/xstyle.md\/\"},{\"@type\":\"ListItem\",\"position\":2,\"name\":\"\u041c\u0430\u0433\u0430\u0437\u0438\u043d\",\"item\":\"https:\/\/xstyle.md\/shop\/\"},{\"@type\":\"ListItem\",\"position\":3,\"name\":\"\u0421\u0430\u043d\u0434\u0430\u043b\u0438\u0438 \u0436\u0435\u043d\u0441\u043a\u0438\u0435 Lizard Super Hike zinfandel red\/virtual pink\"}]},{\"@type\":\"WebSite\",\"@id\":\"https:\/\/xstyle.md\/#website\",\"url\":\"https:\/\/xstyle.md\/\",\"name\":\"\u041c\u0430\u0433\u0430\u0437\u0438\u043d Xstyle\",\"description\":\"C\u043d\u0430\u0440\u044f\u0436\u0435\u043d\u0438\u0435 \u0434\u043b\u044f \u0442\u0443\u0440\u0438\u0437\u043c\u0430 \u0438 \u044d\u043a\u0441\u0442\u0440\u0435\u043c\u0430\u043b\u044c\u043d\u044b\u0445 \u0432\u0438\u0434\u043e\u0432 \u0441\u043f\u043e\u0440\u0442\u0430 \u0432 \u041c\u043e\u043b\u0434\u043e\u0432\u0435.. \u0426\u0435\u043d\u044b, \u0444\u043e\u0442\u043e, \u0445\u0430\u0440\u0430\u043a\u0442\u0435\u0440\u0438\u0441\u0442\u0438\u043a\u0438 \u0432 \u041c\u043e\u043b\u0434\u043e\u0432\u0435.\",\"publisher\":{\"@id\":\"https:\/\/xstyle.md\/#organization\"},\"alternateName\":\"X-Style\",\"potentialAction\":[{\"@type\":\"SearchAction\",\"target\":{\"@type\":\"EntryPoint\",\"urlTemplate\":\"https:\/\/xstyle.md\/?s={search_term_string}\"},\"query-input\":{\"@type\":\"PropertyValueSpecification\",\"valueRequired\":true,\"valueName\":\"search_term_string\"}}],\"inLanguage\":\"ro-RO\"},{\"@type\":\"Organization\",\"@id\":\"https:\/\/xstyle.md\/#organization\",\"name\":\"\u041c\u0430\u0433\u0430\u0437\u0438\u043d Xstyle\",\"alternateName\":\"x-style\",\"url\":\"https:\/\/xstyle.md\/\",\"logo\":{\"@type\":\"ImageObject\",\"inLanguage\":\"ro-RO\",\"@id\":\"https:\/\/xstyle.md\/#\/schema\/logo\/image\/\",\"url\":\"https:\/\/xstyle.md\/wp-content\/uploads\/2020\/06\/logoicon.svg\",\"contentUrl\":\"https:\/\/xstyle.md\/wp-content\/uploads\/2020\/06\/logoicon.svg\",\"caption\":\"\u041c\u0430\u0433\u0430\u0437\u0438\u043d Xstyle\"},\"image\":{\"@id\":\"https:\/\/xstyle.md\/#\/schema\/logo\/image\/\"},\"sameAs\":[\"https:\/\/www.facebook.com\/xstylemd\",\"https:\/\/www.instagram.com\/xstyle_md\/\",\"https:\/\/t.me\/xstyle_outdoor\"],\"hasMerchantReturnPolicy\":{\"@type\":\"MerchantReturnPolicy\",\"merchantReturnLink\":\"https:\/\/xstyle.md\/ro\/conditions\/\"}}]}<\/script>\n<meta property=\"product:price:amount\" content=\"2390.00\" \/>\n<meta property=\"product:price:currency\" content=\"MDL\" \/>\n<meta property=\"og:availability\" content=\"instock\" \/>\n<meta property=\"product:availability\" content=\"instock\" \/>\n<meta property=\"product:retailer_item_id\" content=\"7615523486250\" \/>\n<meta property=\"product:condition\" content=\"new\" \/>\n<!-- \/ Yoast SEO plugin. -->","yoast_head_json":{"title":"Sandale Lizard Super Hike zinfandel red\/virtual pink - Magazin Xstyle","description":"Descoperi\u021bi confortul cu sandalele femeie Lizard Super Hike zinfandel red\/virtual pink. U\u0219oare, cu talp\u0103 anatomic\u0103 \u0219i suport perfect pentru activit\u0103\u021bi \u00een aer liber!","robots":{"index":"index","follow":"follow","max-snippet":"max-snippet:-1","max-image-preview":"max-image-preview:large","max-video-preview":"max-video-preview:-1"},"canonical":"https:\/\/xstyle.md\/ro\/produs\/trp_language-languageru_rusandalii-zhenskie-lizard-super-hike-zinfandel-red-virtual-pink-trp_languagetrp_language-languagero_rosandale-lizard-super-hike-zinfandel-red-virtual-pink-trp\/","og_locale":"ro_RO","og_type":"article","og_title":"\u0421\u0430\u043d\u0434\u0430\u043b\u0438\u0438 \u0436\u0435\u043d\u0441\u043a\u0438\u0435 Lizard Super Hike zinfandel red\/virtual pink - \u041c\u0430\u0433\u0430\u0437\u0438\u043d Xstyle","og_description":"\u041e\u0442\u043a\u0440\u043e\u0439\u0442\u0435 \u043a\u043e\u043c\u0444\u043e\u0440\u0442 \u0441 \u0436\u0435\u043d\u0441\u043a\u0438\u043c\u0438 \u0441\u0430\u043d\u0434\u0430\u043b\u0438\u044f\u043c\u0438 Lizard Super Hike zinfandel red\/virtual pink. \u041b\u0435\u0433\u043a\u0438\u0435, \u0430\u043d\u0430\u0442\u043e\u043c\u0438\u0447\u0435\u0441\u043a\u0430\u044f \u043f\u043e\u0434\u043e\u0448\u0432\u0430 \u0438 \u0438\u0434\u0435\u0430\u043b\u044c\u043d\u0430\u044f \u043f\u043e\u0434\u0434\u0435\u0440\u0436\u043a\u0430 \u0434\u043b\u044f \u0430\u043a\u0442\u0438\u0432\u043d\u043e\u0433\u043e \u043e\u0442\u0434\u044b\u0445\u0430!","og_url":"https:\/\/xstyle.md\/ro\/produs\/trp_language-languageru_rusandalii-zhenskie-lizard-super-hike-zinfandel-red-virtual-pink-trp_languagetrp_language-languagero_rosandale-lizard-super-hike-zinfandel-red-virtual-pink-trp\/","og_site_name":"\u041c\u0430\u0433\u0430\u0437\u0438\u043d Xstyle","article_publisher":"https:\/\/www.facebook.com\/xstylemd","article_modified_time":"2026-03-19T14:13:01+00:00","og_image":[{"width":2076,"height":1950,"url":"https:\/\/xstyle.md\/wp-content\/uploads\/2023\/04\/lizard-super-hike-zinfandel-red-virtual-pink.jpg","type":"image\/jpeg"}],"twitter_card":"summary_large_image","twitter_misc":{"Pre\u021b":"2.390&nbsp;MDL","Disponibilitate":"\u00cen stoc"},"schema":{"@context":"https:\/\/schema.org","@graph":[{"@type":"WebPage","@id":"https:\/\/xstyle.md\/product\/trp_language-languageru_rusandalii-zhenskie-lizard-super-hike-zinfandel-red-virtual-pink-trp_languagetrp_language-languagero_rosandale-lizard-super-hike-zinfandel-red-virtual-pink-trp\/","url":"https:\/\/xstyle.md\/product\/trp_language-languageru_rusandalii-zhenskie-lizard-super-hike-zinfandel-red-virtual-pink-trp_languagetrp_language-languagero_rosandale-lizard-super-hike-zinfandel-red-virtual-pink-trp\/","name":"Sandale Lizard Super Hike zinfandel red\/virtual pink - Magazin Xstyle","isPartOf":{"@id":"https:\/\/xstyle.md\/#website"},"primaryImageOfPage":{"@id":"https:\/\/xstyle.md\/product\/trp_language-languageru_rusandalii-zhenskie-lizard-super-hike-zinfandel-red-virtual-pink-trp_languagetrp_language-languagero_rosandale-lizard-super-hike-zinfandel-red-virtual-pink-trp\/#primaryimage"},"image":{"@id":"https:\/\/xstyle.md\/product\/trp_language-languageru_rusandalii-zhenskie-lizard-super-hike-zinfandel-red-virtual-pink-trp_languagetrp_language-languagero_rosandale-lizard-super-hike-zinfandel-red-virtual-pink-trp\/#primaryimage"},"thumbnailUrl":"https:\/\/xstyle.md\/wp-content\/uploads\/2023\/04\/lizard-super-hike-zinfandel-red-virtual-pink.jpg","datePublished":"2023-04-21T11:09:28+00:00","dateModified":"2026-03-19T14:13:01+00:00","description":"Descoperi\u021bi confortul cu sandalele femeie Lizard Super Hike zinfandel red\/virtual pink. U\u0219oare, cu talp\u0103 anatomic\u0103 \u0219i suport perfect pentru activit\u0103\u021bi \u00een aer liber!","breadcrumb":{"@id":"https:\/\/xstyle.md\/product\/trp_language-languageru_rusandalii-zhenskie-lizard-super-hike-zinfandel-red-virtual-pink-trp_languagetrp_language-languagero_rosandale-lizard-super-hike-zinfandel-red-virtual-pink-trp\/#breadcrumb"},"inLanguage":"ro-RO","potentialAction":[{"@type":"ReadAction","target":["https:\/\/xstyle.md\/product\/trp_language-languageru_rusandalii-zhenskie-lizard-super-hike-zinfandel-red-virtual-pink-trp_languagetrp_language-languagero_rosandale-lizard-super-hike-zinfandel-red-virtual-pink-trp\/"]}]},{"@type":"ImageObject","inLanguage":"ro-RO","@id":"https:\/\/xstyle.md\/product\/trp_language-languageru_rusandalii-zhenskie-lizard-super-hike-zinfandel-red-virtual-pink-trp_languagetrp_language-languagero_rosandale-lizard-super-hike-zinfandel-red-virtual-pink-trp\/#primaryimage","url":"https:\/\/xstyle.md\/wp-content\/uploads\/2023\/04\/lizard-super-hike-zinfandel-red-virtual-pink.jpg","contentUrl":"https:\/\/xstyle.md\/wp-content\/uploads\/2023\/04\/lizard-super-hike-zinfandel-red-virtual-pink.jpg","width":1920,"height":1803,"caption":"\u0416\u0435\u043d\u0441\u043a\u0438\u0435 \u0441\u0430\u043d\u0434\u0430\u043b\u0438\u0438 Lizard Super Hike \u0434\u043b\u044f \u0430\u043a\u0442\u0438\u0432\u043d\u043e\u0433\u043e \u043e\u0442\u0434\u044b\u0445\u0430 \u0438 \u043f\u043e\u0445\u043e\u0434\u043e\u0432, \u043e\u0431\u0443\u0432\u044c \u0434\u043b\u044f \u043f\u0443\u0442\u0435\u0448\u0435\u0441\u0442\u0432\u0438\u0439 \u0438 \u0433\u043e\u0440\u043d\u044b\u0445 \u043f\u043e\u0445\u043e\u0434\u043e\u0432, \u0441\u0442\u0438\u043b\u044c\u043d\u044b\u0435 \u043a\u0440\u043e\u0441\u0441\u043e\u0432\u043a\u0438 \u0434\u043b\u044f \u0430\u043a\u0442\u0438\u0432\u043d\u043e\u0439 \u0436\u0438\u0437\u043d\u0438, \u043f\u0440\u0435\u0434\u043d\u0430\u0437\u043d\u0430\u0447\u0435\u043d\u044b \u0434\u043b\u044f \u0442\u0443\u0440\u0438\u0441\u0442\u043e\u0432 \u0438 \u043b\u044e\u0431\u0438\u0442\u0435\u043b\u0435\u0439 \u0445\u0430\u0439\u043a\u0438\u043d\u0433\u0430"},{"@type":"BreadcrumbList","@id":"https:\/\/xstyle.md\/product\/trp_language-languageru_rusandalii-zhenskie-lizard-super-hike-zinfandel-red-virtual-pink-trp_languagetrp_language-languagero_rosandale-lizard-super-hike-zinfandel-red-virtual-pink-trp\/#breadcrumb","itemListElement":[{"@type":"ListItem","position":1,"name":"\u0413\u043b\u0430\u0432\u043d\u0430\u044f \u0441\u0442\u0440\u0430\u043d\u0438\u0446\u0430","item":"https:\/\/xstyle.md\/"},{"@type":"ListItem","position":2,"name":"\u041c\u0430\u0433\u0430\u0437\u0438\u043d","item":"https:\/\/xstyle.md\/shop\/"},{"@type":"ListItem","position":3,"name":"\u0421\u0430\u043d\u0434\u0430\u043b\u0438\u0438 \u0436\u0435\u043d\u0441\u043a\u0438\u0435 Lizard Super Hike zinfandel red\/virtual pink"}]},{"@type":"WebSite","@id":"https:\/\/xstyle.md\/#website","url":"https:\/\/xstyle.md\/","name":"Magazinul X-Style","description":"Echipamente pentru turism \u0219i sporturi extreme \u00een Moldova. Pre\u021buri, fotografii, caracteristici \u00een Moldova.","publisher":{"@id":"https:\/\/xstyle.md\/#organization"},"alternateName":"X-Style","potentialAction":[{"@type":"SearchAction","target":{"@type":"EntryPoint","urlTemplate":"https:\/\/xstyle.md\/?s={search_term_string}"},"query-input":{"@type":"PropertyValueSpecification","valueRequired":true,"valueName":"search_term_string"}}],"inLanguage":"ro-RO"},{"@type":"Organization","@id":"https:\/\/xstyle.md\/#organization","name":"Magazinul X-Style","alternateName":"x-style","url":"https:\/\/xstyle.md\/","logo":{"@type":"ImageObject","inLanguage":"ro-RO","@id":"https:\/\/xstyle.md\/#\/schema\/logo\/image\/","url":"https:\/\/xstyle.md\/wp-content\/uploads\/2020\/06\/logoicon.svg","contentUrl":"https:\/\/xstyle.md\/wp-content\/uploads\/2020\/06\/logoicon.svg","caption":"\u041c\u0430\u0433\u0430\u0437\u0438\u043d Xstyle"},"image":{"@id":"https:\/\/xstyle.md\/#\/schema\/logo\/image\/"},"sameAs":["https:\/\/www.facebook.com\/xstylemd","https:\/\/www.instagram.com\/xstyle_md\/","https:\/\/t.me\/xstyle_outdoor"],"hasMerchantReturnPolicy":{"@type":"MerchantReturnPolicy","merchantReturnLink":"https:\/\/xstyle.md\/ro\/conditions\/"}}]},"product_price_amount":"2390.00","product_price_currency":"MDL","og_availability":"instock","product_availability":"instock","product_retailer_item_id":"7615523486250","product_condition":"new"},"post_mailing_queue_ids":[],"_links":{"self":[{"href":"https:\/\/xstyle.md\/ro\/wp-json\/wp\/v2\/product\/67287","targetHints":{"allow":["GET"]}}],"collection":[{"href":"https:\/\/xstyle.md\/ro\/wp-json\/wp\/v2\/product"}],"about":[{"href":"https:\/\/xstyle.md\/ro\/wp-json\/wp\/v2\/types\/product"}],"replies":[{"embeddable":true,"href":"https:\/\/xstyle.md\/ro\/wp-json\/wp\/v2\/comments?post=67287"}],"wp:featuredmedia":[{"embeddable":true,"href":"https:\/\/xstyle.md\/ro\/wp-json\/wp\/v2\/media\/68211"}],"wp:attachment":[{"href":"https:\/\/xstyle.md\/ro\/wp-json\/wp\/v2\/media?parent=67287"}],"wp:term":[{"taxonomy":"product_brand","embeddable":true,"href":"https:\/\/xstyle.md\/ro\/wp-json\/wp\/v2\/product_brand?post=67287"},{"taxonomy":"product_cat","embeddable":true,"href":"https:\/\/xstyle.md\/ro\/wp-json\/wp\/v2\/product_cat?post=67287"},{"taxonomy":"product_tag","embeddable":true,"href":"https:\/\/xstyle.md\/ro\/wp-json\/wp\/v2\/product_tag?post=67287"}],"curies":[{"name":"wp","href":"https:\/\/api.w.org\/{rel}","templated":true}]}}