{"id":67269,"date":"2023-04-21T14:09:25","date_gmt":"2023-04-21T11:09:25","guid":{"rendered":"https:\/\/xstyle.md\/?post_type=product&#038;p=67269"},"modified":"2026-03-19T17:12:53","modified_gmt":"2026-03-19T14:12:53","slug":"trp_language-languageru_rukrossovki-la-sportiva-spire-gtx-black-topaz-trp_languagetrp_language-languagero_roadidasi-pentru-barbati-la-sportiva-spire-gtx-black-topaz-trp_language","status":"publish","type":"product","link":"https:\/\/xstyle.md\/ro\/produs\/trp_language-languageru_rukrossovki-la-sportiva-spire-gtx-black-topaz-trp_languagetrp_language-languagero_roadidasi-pentru-barbati-la-sportiva-spire-gtx-black-topaz-trp_language\/","title":{"rendered":"Adida\u0219i La Sportiva Spire Gtx black\/topaz"},"content":{"rendered":"<p><span lang=\"EN-US\"><\/span><\/p>\n<p><strong>La Sportiva Spire GTX<\/strong> &#8212; noua genera\u021bie de \u00eenc\u0103l\u021b\u0103minte de exterior cu tehnologie inovatoare. Acest model va fi ideal pentru vremea cald\u0103, unde este necesar\u0103 o ventila\u021bie maxim\u0103 \u0219i eliminarea umidit\u0103\u021bii.<\/p>\n<p>Membrana GORE-TEX\u00ae SURROUND\u00ae asigur\u0103 o ventila\u021bie maxim\u0103 a piciorului. \u00cen combina\u021bie cu tehnologia Nano-Cells 2.0\u2122 \u0219i g\u0103urile speciale de aer din talpa intermediar\u0103, aceast\u0103 combina\u021bie de tehnologii permite un transport foarte eficient al umidit\u0103\u021bii \u0219i o respirabilitate \u0219i o circula\u021bie a aerului f\u0103r\u0103 precedent.<\/p>\n<p>Talpa exterioar\u0103 Vibram cu tehnologia Stability control System asigur\u0103 o trac\u021biune maxim\u0103 pe toate suprafe\u021bele \u0219i \u00eembun\u0103t\u0103\u021be\u0219te stabilitatea \u00een sec\u021biunile dificile ale pistei.<\/p>\n<h3>Particularit\u0103\u021bi<\/h3>\n<ul>\n<li>U\u0219or, durabil \u0219i confortabil, cu membran\u0103 hidrofug\u0103 \u0219i respirabil\u0103<\/li>\n<li>Antrenor respirabil la 360\u00b0 datorit\u0103 membranei GORE-TEX\u00ae SURROUND\u00ae cu suprafa\u021b\u0103 de aerisire maxim\u0103<\/li>\n<li>Structura respirabil\u0103 Nano-Cells 2.0\u2122 func\u021bioneaz\u0103 \u00eempreun\u0103 cu membrana pentru a forma un sistem extra respirabil pentru a face s\u0103 circule aerul \u0219i s\u0103 elimine umezeala<\/li>\n<li>Stability control System\u2122 (SBT) \u00eembun\u0103t\u0103\u021be\u0219te stabilitatea antrenorului<\/li>\n<li>Plasa de protec\u021bie din nailon p\u0103streaz\u0103 resturile \u0219i murd\u0103ria \u00een afara orificiilor de ventila\u021bie<\/li>\n<li>Talp\u0103 exterioar\u0103 Vibram XS Trek pentru o trac\u021biune suplimentar\u0103 pe terenuri variate<\/li>\n<\/ul>\n<h3>Caracteristici<\/h3>\n<ul>\n<li>Material superior &#8212; plas\u0103 respirabil\u0103 cu structur\u0103 Nano Cell 2.0<\/li>\n<li>C\u0103ptu\u0219eal\u0103 &#8212; Gore Tex\u00ae Sorround\u00ae.<\/li>\n<li>Talp\u0103 &#8212; Ortholite Mountain Hiking de 5 mm pentru drume\u021bii montane<\/li>\n<li>Talp\u0103 exterioar\u0103 &#8212; Vibram XS Trek + Impact Break System<\/li>\n<li>Scop &#8212; antrenament, alergare pe traseu<\/li>\n<li>Greutate &#8212; 430 g<\/li>\n<\/ul>\n<h3>Tehnologie<\/h3>\n<ul>\n<li><strong>Vibram XS Trek<\/strong> &#8212; o talp\u0103 flexibil\u0103 cu o aderen\u021b\u0103 excelent\u0103 pe teren umed, ideal\u0103 pentru sporturi multisport, \u00een aer liber, ciclism montan, sporturi de iarn\u0103 \u0219i de ap\u0103.<\/li>\n<li><strong>GORE-TEX<\/strong>\u00ae <strong>SURROUND<\/strong>\u00ae &#8212; este o membran\u0103 respirabil\u0103 cu o construc\u021bie de talp\u0103 respirabil\u0103 \u00een combina\u021bie. \u00cen func\u021bie de scopul \u00eenc\u0103l\u021b\u0103mintei, exist\u0103 trei op\u021biuni pentru un sistem de talp\u0103 ventilat\u0103. Cea mai simpl\u0103 este cea a g\u0103urilor direct pasante. Aceast\u0103 op\u021biune asigur\u0103 o ventila\u021bie excelent\u0103 &#8212; picioarele r\u0103m\u00e2n uscate chiar \u0219i pe vreme foarte cald\u0103. A doua op\u021biune presupune ca aburul s\u0103 fie evacuat prin orificii laterale situate direct \u00een talp\u0103. \u00cen sf\u00e2r\u0219it, a treia solu\u021bie permite, de asemenea, evacuarea aburului prin orificiile laterale, dar, spre deosebire de op\u021biunea anterioar\u0103, acestea nu se afl\u0103 \u00een talp\u0103, ci \u00een stratul ventilat dintre talp\u0103 \u0219i picior.<\/li>\n<\/ul>\n<p><span lang=\"EN-US\"><\/span><\/p>\n<h3>Marca<\/h3>\n<p>Compania italian\u0103 este cunoscut\u0103 de to\u021bi alpini\u0219tii \u2014 \u00eenc\u0103l\u021b\u0103mintea pentru alpinism La Sportiva \u0219i ghetele pentru altitudini mari sunt considerate cele mai bune din lume. Istoria brandului a \u00eenceput cu fabricarea \u00eenc\u0103l\u021b\u0103mintei din lemn, iar acum este unul dintre liderii mondiali \u00een produc\u021bia \u00eenc\u0103l\u021b\u0103mintei pentru munte. Toat\u0103 \u00eenc\u0103l\u021b\u0103mintea este \u00een continuare cusut\u0103 manual \u0219i numai din materiale de \u00eenalt\u0103 calitate, este confortabil\u0103, de \u00eencredere \u0219i are o durabilitate excelent\u0103. Al\u0103turi de \u00eenc\u0103l\u021b\u0103minte, compania produce \u0219i \u00eembr\u0103c\u0103minte high-tech pentru pasiona\u021bii de alpinism. Standardele \u00eenalte de calitate ale companiei \u0219i tehnologia \u00een evolu\u021bie au ajutat La Sportiva s\u0103 devin\u0103 unul dintre cele mai importante m\u0103rci de \u00eenc\u0103l\u021b\u0103minte \u0219i \u00eembr\u0103c\u0103minte la nivel mondial.<\/p>","protected":false},"excerpt":{"rendered":"<p>\u0411\u0440\u0435\u043d\u0434 \u0418\u0442\u0430\u043b\u044c\u044f\u043d\u0441\u043a\u0430\u044f \u043a\u043e\u043c\u043f\u0430\u043d\u0438\u044f \u0438\u0437\u0432\u0435\u0441\u0442\u043d\u0430 \u0432\u0441\u0435\u043c \u0441\u043a\u0430\u043b\u043e\u043b\u0430\u0437\u0430\u043c \u0438 \u0430\u043b\u044c\u043f\u0438\u043d\u0438\u0441\u0442\u0430\u043c \u2013 \u0441\u043a\u0430\u043b\u044c\u043d\u044b\u0435 \u0442\u0443\u0444\u043b\u0438 \u0438 \u0432\u044b\u0441\u043e\u0442\u043d\u044b\u0435 \u0431\u043e\u0442\u0438\u043d\u043a\u0438 La Sportiva \u0441\u0447\u0438\u0442\u0430\u044e\u0442\u0441\u044f \u043b\u0443\u0447\u0448\u0438\u043c\u0438 \u0432 \u043c\u0438\u0440\u0435. \u0418\u0441\u0442\u043e\u0440\u0438\u044f \u0431\u0440\u0435\u043d\u0434\u0430 \u043d\u0430\u0447\u0430\u043b\u0430\u0441\u044c \u0441 \u0438\u0437\u0433\u043e\u0442\u043e\u0432\u043b\u0435\u043d\u0438\u044f \u0434\u0435\u0440\u0435\u0432\u044f\u043d\u043d\u044b\u0445 \u0431\u0430\u0448\u043c\u0430\u043a\u043e\u0432, \u0430 \u0441\u0435\u0439\u0447\u0430\u0441 \u044d\u0442\u043e \u043e\u0434\u0438\u043d \u0438\u0437 \u043c\u0438\u0440\u043e\u0432\u044b\u0445 \u043b\u0438\u0434\u0435\u0440\u043e\u0432 \u0432 \u043f\u0440\u043e\u0438\u0437\u0432\u043e\u0434\u0441\u0442\u0432\u0435 \u043e\u0431\u0443\u0432\u0438 \u0434\u043b\u044f \u0433\u043e\u0440. \u0412\u0441\u044f \u043e\u0431\u0443\u0432\u044c \u043f\u043e-\u043f\u0440\u0435\u0436\u043d\u0435\u043c\u0443 \u0448\u044c\u0435\u0442\u0441\u044f \u0432\u0440\u0443\u0447\u043d\u0443\u044e \u0438 \u0442\u043e\u043b\u044c\u043a\u043e \u0438\u0437 \u043a\u0430\u0447\u0435\u0441\u0442\u0432\u0435\u043d\u043d\u044b\u0445 \u043c\u0430\u0442\u0435\u0440\u0438\u0430\u043b\u043e\u0432, \u043e\u043d\u0430 \u043a\u043e\u043c\u0444\u043e\u0440\u0442\u043d\u0430\u044f, \u043d\u0430\u0434\u0435\u0436\u043d\u0430\u044f \u0438 \u0434\u043e\u043b\u0433\u043e\u0432\u0435\u0447\u043d\u0430\u044f. \u041d\u0430\u0440\u044f\u0434\u0443 [&hellip;]<\/p>\n","protected":false},"featured_media":67733,"comment_status":"open","ping_status":"closed","template":"","meta":{"_acf_changed":false,"inline_featured_image":false},"product_brand":[1410],"product_cat":[142],"product_tag":[],"class_list":{"0":"post-67269","1":"product","2":"type-product","3":"status-publish","4":"has-post-thumbnail","6":"product_brand-la-sportiva","7":"product_cat-sport-shoes","9":"first","10":"instock","11":"shipping-taxable","12":"purchasable","13":"product-type-simple"},"acf":[],"yoast_head":"<!-- This site is optimized with the Yoast SEO plugin v27.2 - https:\/\/yoast.com\/product\/yoast-seo-wordpress\/ -->\n<title>\u041a\u0440\u043e\u0441\u0441\u043e\u0432\u043a\u0438 La Sportiva Spire Gtx black\/topaz - \u041c\u0430\u0433\u0430\u0437\u0438\u043d Xstyle<\/title>\n<meta name=\"description\" content=\"\u041a\u0440\u043e\u0441\u0441\u043e\u0432\u043a\u0438 La Sportiva Spire GTX black\/topaz \u0441 GORETEX SURROUND \u0438 Vibram \u0434\u043b\u044f \u043c\u0430\u043a\u0441\u0438\u043c\u0430\u043b\u044c\u043d\u043e\u0433\u043e \u043a\u043e\u043c\u0444\u043e\u0440\u0442\u0430 \u0438 \u0441\u0442\u0430\u0431\u0438\u043b\u044c\u043d\u043e\u0441\u0442\u0438. \u0418\u0434\u0435\u0430\u043b\u044c\u043d\u044b \u0434\u043b\u044f \u0430\u043a\u0442\u0438\u0432\u043d\u043e\u0433\u043e \u043e\u0442\u0434\u044b\u0445\u0430!\" \/>\n<meta name=\"robots\" content=\"index, follow, max-snippet:-1, max-image-preview:large, max-video-preview:-1\" \/>\n<link rel=\"canonical\" href=\"https:\/\/xstyle.md\/ro\/produs\/trp_language-languageru_rukrossovki-la-sportiva-spire-gtx-black-topaz-trp_languagetrp_language-languagero_roadidasi-pentru-barbati-la-sportiva-spire-gtx-black-topaz-trp_language\/\" \/>\n<meta property=\"og:locale\" content=\"ro_RO\" \/>\n<meta property=\"og:type\" content=\"article\" \/>\n<meta property=\"og:title\" content=\"\u041a\u0440\u043e\u0441\u0441\u043e\u0432\u043a\u0438 La Sportiva Spire Gtx black\/topaz - \u041c\u0430\u0433\u0430\u0437\u0438\u043d Xstyle\" \/>\n<meta property=\"og:description\" content=\"\u041a\u0440\u043e\u0441\u0441\u043e\u0432\u043a\u0438 La Sportiva Spire GTX black\/topaz \u0441 GORETEX SURROUND \u0438 Vibram \u0434\u043b\u044f \u043c\u0430\u043a\u0441\u0438\u043c\u0430\u043b\u044c\u043d\u043e\u0433\u043e \u043a\u043e\u043c\u0444\u043e\u0440\u0442\u0430 \u0438 \u0441\u0442\u0430\u0431\u0438\u043b\u044c\u043d\u043e\u0441\u0442\u0438. \u0418\u0434\u0435\u0430\u043b\u044c\u043d\u044b \u0434\u043b\u044f \u0430\u043a\u0442\u0438\u0432\u043d\u043e\u0433\u043e \u043e\u0442\u0434\u044b\u0445\u0430!\" \/>\n<meta property=\"og:url\" content=\"https:\/\/xstyle.md\/ro\/produs\/trp_language-languageru_rukrossovki-la-sportiva-spire-gtx-black-topaz-trp_languagetrp_language-languagero_roadidasi-pentru-barbati-la-sportiva-spire-gtx-black-topaz-trp_language\/\" \/>\n<meta property=\"og:site_name\" content=\"\u041c\u0430\u0433\u0430\u0437\u0438\u043d Xstyle\" \/>\n<meta property=\"article:publisher\" content=\"https:\/\/www.facebook.com\/xstylemd\" \/>\n<meta property=\"article:modified_time\" content=\"2026-03-19T14:12:53+00:00\" \/>\n<meta property=\"og:image\" content=\"https:\/\/xstyle.md\/wp-content\/uploads\/2023\/04\/la-sportiva-spire-gtx-black-topaz.jpg\" \/>\n\t<meta property=\"og:image:width\" content=\"800\" \/>\n\t<meta property=\"og:image:height\" content=\"738\" \/>\n\t<meta property=\"og:image:type\" content=\"image\/jpeg\" \/>\n<meta name=\"twitter:card\" content=\"summary_large_image\" \/>\n<meta name=\"twitter:label1\" content=\"Pre\u021b\" \/>\n\t<meta name=\"twitter:data1\" content=\"4.890&nbsp;MDL\" \/>\n\t<meta name=\"twitter:label2\" content=\"Disponibilitate\" \/>\n\t<meta name=\"twitter:data2\" content=\"\u00cen stoc\" \/>\n<script type=\"application\/ld+json\" class=\"yoast-schema-graph\">{\"@context\":\"https:\/\/schema.org\",\"@graph\":[{\"@type\":\"WebPage\",\"@id\":\"https:\/\/xstyle.md\/product\/trp_language-languageru_rukrossovki-la-sportiva-spire-gtx-black-topaz-trp_languagetrp_language-languagero_roadidasi-pentru-barbati-la-sportiva-spire-gtx-black-topaz-trp_language\/\",\"url\":\"https:\/\/xstyle.md\/product\/trp_language-languageru_rukrossovki-la-sportiva-spire-gtx-black-topaz-trp_languagetrp_language-languagero_roadidasi-pentru-barbati-la-sportiva-spire-gtx-black-topaz-trp_language\/\",\"name\":\"\u041a\u0440\u043e\u0441\u0441\u043e\u0432\u043a\u0438 La Sportiva Spire Gtx black\/topaz - \u041c\u0430\u0433\u0430\u0437\u0438\u043d Xstyle\",\"isPartOf\":{\"@id\":\"https:\/\/xstyle.md\/#website\"},\"primaryImageOfPage\":{\"@id\":\"https:\/\/xstyle.md\/product\/trp_language-languageru_rukrossovki-la-sportiva-spire-gtx-black-topaz-trp_languagetrp_language-languagero_roadidasi-pentru-barbati-la-sportiva-spire-gtx-black-topaz-trp_language\/#primaryimage\"},\"image\":{\"@id\":\"https:\/\/xstyle.md\/product\/trp_language-languageru_rukrossovki-la-sportiva-spire-gtx-black-topaz-trp_languagetrp_language-languagero_roadidasi-pentru-barbati-la-sportiva-spire-gtx-black-topaz-trp_language\/#primaryimage\"},\"thumbnailUrl\":\"https:\/\/xstyle.md\/wp-content\/uploads\/2023\/04\/la-sportiva-spire-gtx-black-topaz.jpg\",\"datePublished\":\"2023-04-21T11:09:25+00:00\",\"dateModified\":\"2026-03-19T14:12:53+00:00\",\"description\":\"\u041a\u0440\u043e\u0441\u0441\u043e\u0432\u043a\u0438 La Sportiva Spire GTX black\/topaz \u0441 GORETEX SURROUND \u0438 Vibram \u0434\u043b\u044f \u043c\u0430\u043a\u0441\u0438\u043c\u0430\u043b\u044c\u043d\u043e\u0433\u043e \u043a\u043e\u043c\u0444\u043e\u0440\u0442\u0430 \u0438 \u0441\u0442\u0430\u0431\u0438\u043b\u044c\u043d\u043e\u0441\u0442\u0438. \u0418\u0434\u0435\u0430\u043b\u044c\u043d\u044b \u0434\u043b\u044f \u0430\u043a\u0442\u0438\u0432\u043d\u043e\u0433\u043e \u043e\u0442\u0434\u044b\u0445\u0430!\",\"breadcrumb\":{\"@id\":\"https:\/\/xstyle.md\/product\/trp_language-languageru_rukrossovki-la-sportiva-spire-gtx-black-topaz-trp_languagetrp_language-languagero_roadidasi-pentru-barbati-la-sportiva-spire-gtx-black-topaz-trp_language\/#breadcrumb\"},\"inLanguage\":\"ro-RO\",\"potentialAction\":[{\"@type\":\"ReadAction\",\"target\":[\"https:\/\/xstyle.md\/product\/trp_language-languageru_rukrossovki-la-sportiva-spire-gtx-black-topaz-trp_languagetrp_language-languagero_roadidasi-pentru-barbati-la-sportiva-spire-gtx-black-topaz-trp_language\/\"]}]},{\"@type\":\"ImageObject\",\"inLanguage\":\"ro-RO\",\"@id\":\"https:\/\/xstyle.md\/product\/trp_language-languageru_rukrossovki-la-sportiva-spire-gtx-black-topaz-trp_languagetrp_language-languagero_roadidasi-pentru-barbati-la-sportiva-spire-gtx-black-topaz-trp_language\/#primaryimage\",\"url\":\"https:\/\/xstyle.md\/wp-content\/uploads\/2023\/04\/la-sportiva-spire-gtx-black-topaz.jpg\",\"contentUrl\":\"https:\/\/xstyle.md\/wp-content\/uploads\/2023\/04\/la-sportiva-spire-gtx-black-topaz.jpg\",\"width\":800,\"height\":738,\"caption\":\"\u041a\u0440\u043e\u0441\u0441\u043e\u0432\u043a\u0438 La Sportiva Spire Gtx \u0447\u0435\u0440\u043d\u044b\u0435 \u0438 \u0442\u043e\u043f\u0430\u0437 \u0434\u043b\u044f \u0430\u043a\u0442\u0438\u0432\u043d\u043e\u0433\u043e \u043e\u0442\u0434\u044b\u0445\u0430 \u043f\u043e\u0445\u043e\u0434\u043e\u0432 \u0430\u043b\u044c\u043f\u0438\u043d\u0438\u0437\u043c\u0430 \u0438 \u043f\u0443\u0442\u0435\u0448\u0435\u0441\u0442\u0432\u0438\u0439 \u0432 \u043e\u043d\u043b\u0430\u0439\u043d \u043c\u0430\u0433\u0430\u0437\u0438\u043d\u0435 \u0441\u043f\u043e\u0440\u0442\u0438\u0432\u043d\u043e\u0439 \u043e\u0434\u0435\u0436\u0434\u044b \u0438 \u043e\u0431\u0443\u0432\u0438\"},{\"@type\":\"BreadcrumbList\",\"@id\":\"https:\/\/xstyle.md\/product\/trp_language-languageru_rukrossovki-la-sportiva-spire-gtx-black-topaz-trp_languagetrp_language-languagero_roadidasi-pentru-barbati-la-sportiva-spire-gtx-black-topaz-trp_language\/#breadcrumb\",\"itemListElement\":[{\"@type\":\"ListItem\",\"position\":1,\"name\":\"\u0413\u043b\u0430\u0432\u043d\u0430\u044f \u0441\u0442\u0440\u0430\u043d\u0438\u0446\u0430\",\"item\":\"https:\/\/xstyle.md\/\"},{\"@type\":\"ListItem\",\"position\":2,\"name\":\"\u041c\u0430\u0433\u0430\u0437\u0438\u043d\",\"item\":\"https:\/\/xstyle.md\/shop\/\"},{\"@type\":\"ListItem\",\"position\":3,\"name\":\"\u041a\u0440\u043e\u0441\u0441\u043e\u0432\u043a\u0438 La Sportiva Spire Gtx black\/topaz\"}]},{\"@type\":\"WebSite\",\"@id\":\"https:\/\/xstyle.md\/#website\",\"url\":\"https:\/\/xstyle.md\/\",\"name\":\"\u041c\u0430\u0433\u0430\u0437\u0438\u043d Xstyle\",\"description\":\"C\u043d\u0430\u0440\u044f\u0436\u0435\u043d\u0438\u0435 \u0434\u043b\u044f \u0442\u0443\u0440\u0438\u0437\u043c\u0430 \u0438 \u044d\u043a\u0441\u0442\u0440\u0435\u043c\u0430\u043b\u044c\u043d\u044b\u0445 \u0432\u0438\u0434\u043e\u0432 \u0441\u043f\u043e\u0440\u0442\u0430 \u0432 \u041c\u043e\u043b\u0434\u043e\u0432\u0435.. \u0426\u0435\u043d\u044b, \u0444\u043e\u0442\u043e, \u0445\u0430\u0440\u0430\u043a\u0442\u0435\u0440\u0438\u0441\u0442\u0438\u043a\u0438 \u0432 \u041c\u043e\u043b\u0434\u043e\u0432\u0435.\",\"publisher\":{\"@id\":\"https:\/\/xstyle.md\/#organization\"},\"alternateName\":\"X-Style\",\"potentialAction\":[{\"@type\":\"SearchAction\",\"target\":{\"@type\":\"EntryPoint\",\"urlTemplate\":\"https:\/\/xstyle.md\/?s={search_term_string}\"},\"query-input\":{\"@type\":\"PropertyValueSpecification\",\"valueRequired\":true,\"valueName\":\"search_term_string\"}}],\"inLanguage\":\"ro-RO\"},{\"@type\":\"Organization\",\"@id\":\"https:\/\/xstyle.md\/#organization\",\"name\":\"\u041c\u0430\u0433\u0430\u0437\u0438\u043d Xstyle\",\"alternateName\":\"x-style\",\"url\":\"https:\/\/xstyle.md\/\",\"logo\":{\"@type\":\"ImageObject\",\"inLanguage\":\"ro-RO\",\"@id\":\"https:\/\/xstyle.md\/#\/schema\/logo\/image\/\",\"url\":\"https:\/\/xstyle.md\/wp-content\/uploads\/2020\/06\/logoicon.svg\",\"contentUrl\":\"https:\/\/xstyle.md\/wp-content\/uploads\/2020\/06\/logoicon.svg\",\"caption\":\"\u041c\u0430\u0433\u0430\u0437\u0438\u043d Xstyle\"},\"image\":{\"@id\":\"https:\/\/xstyle.md\/#\/schema\/logo\/image\/\"},\"sameAs\":[\"https:\/\/www.facebook.com\/xstylemd\",\"https:\/\/www.instagram.com\/xstyle_md\/\",\"https:\/\/t.me\/xstyle_outdoor\"],\"hasMerchantReturnPolicy\":{\"@type\":\"MerchantReturnPolicy\",\"merchantReturnLink\":\"https:\/\/xstyle.md\/ro\/conditions\/\"}}]}<\/script>\n<meta property=\"product:price:amount\" content=\"4890.00\" \/>\n<meta property=\"product:price:currency\" content=\"MDL\" \/>\n<meta property=\"og:availability\" content=\"instock\" \/>\n<meta property=\"product:availability\" content=\"instock\" \/>\n<meta property=\"product:retailer_item_id\" content=\"8020647945023\" \/>\n<meta property=\"product:condition\" content=\"new\" \/>\n<!-- \/ Yoast SEO plugin. -->","yoast_head_json":{"title":"Adida\u0219i pentru b\u0103rba\u021bi La Sportiva Spire Gtx black\/topaz - Magazin Xstyle","description":"Pantofii La Sportiva Spire GTX black\/topaz cu GORETEX SURROUND \u0219i Vibram pentru confort \u0219i stabilitate maxime. Ideali pentru activit\u0103\u021bi \u00een aer liber!","robots":{"index":"index","follow":"follow","max-snippet":"max-snippet:-1","max-image-preview":"max-image-preview:large","max-video-preview":"max-video-preview:-1"},"canonical":"https:\/\/xstyle.md\/ro\/produs\/trp_language-languageru_rukrossovki-la-sportiva-spire-gtx-black-topaz-trp_languagetrp_language-languagero_roadidasi-pentru-barbati-la-sportiva-spire-gtx-black-topaz-trp_language\/","og_locale":"ro_RO","og_type":"article","og_title":"\u041a\u0440\u043e\u0441\u0441\u043e\u0432\u043a\u0438 La Sportiva Spire Gtx black\/topaz - \u041c\u0430\u0433\u0430\u0437\u0438\u043d Xstyle","og_description":"\u041a\u0440\u043e\u0441\u0441\u043e\u0432\u043a\u0438 La Sportiva Spire GTX black\/topaz \u0441 GORETEX SURROUND \u0438 Vibram \u0434\u043b\u044f \u043c\u0430\u043a\u0441\u0438\u043c\u0430\u043b\u044c\u043d\u043e\u0433\u043e \u043a\u043e\u043c\u0444\u043e\u0440\u0442\u0430 \u0438 \u0441\u0442\u0430\u0431\u0438\u043b\u044c\u043d\u043e\u0441\u0442\u0438. \u0418\u0434\u0435\u0430\u043b\u044c\u043d\u044b \u0434\u043b\u044f \u0430\u043a\u0442\u0438\u0432\u043d\u043e\u0433\u043e \u043e\u0442\u0434\u044b\u0445\u0430!","og_url":"https:\/\/xstyle.md\/ro\/produs\/trp_language-languageru_rukrossovki-la-sportiva-spire-gtx-black-topaz-trp_languagetrp_language-languagero_roadidasi-pentru-barbati-la-sportiva-spire-gtx-black-topaz-trp_language\/","og_site_name":"\u041c\u0430\u0433\u0430\u0437\u0438\u043d Xstyle","article_publisher":"https:\/\/www.facebook.com\/xstylemd","article_modified_time":"2026-03-19T14:12:53+00:00","og_image":[{"width":800,"height":738,"url":"https:\/\/xstyle.md\/wp-content\/uploads\/2023\/04\/la-sportiva-spire-gtx-black-topaz.jpg","type":"image\/jpeg"}],"twitter_card":"summary_large_image","twitter_misc":{"Pre\u021b":"4.890&nbsp;MDL","Disponibilitate":"\u00cen stoc"},"schema":{"@context":"https:\/\/schema.org","@graph":[{"@type":"WebPage","@id":"https:\/\/xstyle.md\/product\/trp_language-languageru_rukrossovki-la-sportiva-spire-gtx-black-topaz-trp_languagetrp_language-languagero_roadidasi-pentru-barbati-la-sportiva-spire-gtx-black-topaz-trp_language\/","url":"https:\/\/xstyle.md\/product\/trp_language-languageru_rukrossovki-la-sportiva-spire-gtx-black-topaz-trp_languagetrp_language-languagero_roadidasi-pentru-barbati-la-sportiva-spire-gtx-black-topaz-trp_language\/","name":"Adida\u0219i pentru b\u0103rba\u021bi La Sportiva Spire Gtx black\/topaz - Magazin Xstyle","isPartOf":{"@id":"https:\/\/xstyle.md\/#website"},"primaryImageOfPage":{"@id":"https:\/\/xstyle.md\/product\/trp_language-languageru_rukrossovki-la-sportiva-spire-gtx-black-topaz-trp_languagetrp_language-languagero_roadidasi-pentru-barbati-la-sportiva-spire-gtx-black-topaz-trp_language\/#primaryimage"},"image":{"@id":"https:\/\/xstyle.md\/product\/trp_language-languageru_rukrossovki-la-sportiva-spire-gtx-black-topaz-trp_languagetrp_language-languagero_roadidasi-pentru-barbati-la-sportiva-spire-gtx-black-topaz-trp_language\/#primaryimage"},"thumbnailUrl":"https:\/\/xstyle.md\/wp-content\/uploads\/2023\/04\/la-sportiva-spire-gtx-black-topaz.jpg","datePublished":"2023-04-21T11:09:25+00:00","dateModified":"2026-03-19T14:12:53+00:00","description":"Pantofii La Sportiva Spire GTX black\/topaz cu GORETEX SURROUND \u0219i Vibram pentru confort \u0219i stabilitate maxime. Ideali pentru activit\u0103\u021bi \u00een aer liber!","breadcrumb":{"@id":"https:\/\/xstyle.md\/product\/trp_language-languageru_rukrossovki-la-sportiva-spire-gtx-black-topaz-trp_languagetrp_language-languagero_roadidasi-pentru-barbati-la-sportiva-spire-gtx-black-topaz-trp_language\/#breadcrumb"},"inLanguage":"ro-RO","potentialAction":[{"@type":"ReadAction","target":["https:\/\/xstyle.md\/product\/trp_language-languageru_rukrossovki-la-sportiva-spire-gtx-black-topaz-trp_languagetrp_language-languagero_roadidasi-pentru-barbati-la-sportiva-spire-gtx-black-topaz-trp_language\/"]}]},{"@type":"ImageObject","inLanguage":"ro-RO","@id":"https:\/\/xstyle.md\/product\/trp_language-languageru_rukrossovki-la-sportiva-spire-gtx-black-topaz-trp_languagetrp_language-languagero_roadidasi-pentru-barbati-la-sportiva-spire-gtx-black-topaz-trp_language\/#primaryimage","url":"https:\/\/xstyle.md\/wp-content\/uploads\/2023\/04\/la-sportiva-spire-gtx-black-topaz.jpg","contentUrl":"https:\/\/xstyle.md\/wp-content\/uploads\/2023\/04\/la-sportiva-spire-gtx-black-topaz.jpg","width":800,"height":738,"caption":"\u041a\u0440\u043e\u0441\u0441\u043e\u0432\u043a\u0438 La Sportiva Spire Gtx \u0447\u0435\u0440\u043d\u044b\u0435 \u0438 \u0442\u043e\u043f\u0430\u0437 \u0434\u043b\u044f \u0430\u043a\u0442\u0438\u0432\u043d\u043e\u0433\u043e \u043e\u0442\u0434\u044b\u0445\u0430 \u043f\u043e\u0445\u043e\u0434\u043e\u0432 \u0430\u043b\u044c\u043f\u0438\u043d\u0438\u0437\u043c\u0430 \u0438 \u043f\u0443\u0442\u0435\u0448\u0435\u0441\u0442\u0432\u0438\u0439 \u0432 \u043e\u043d\u043b\u0430\u0439\u043d \u043c\u0430\u0433\u0430\u0437\u0438\u043d\u0435 \u0441\u043f\u043e\u0440\u0442\u0438\u0432\u043d\u043e\u0439 \u043e\u0434\u0435\u0436\u0434\u044b \u0438 \u043e\u0431\u0443\u0432\u0438"},{"@type":"BreadcrumbList","@id":"https:\/\/xstyle.md\/product\/trp_language-languageru_rukrossovki-la-sportiva-spire-gtx-black-topaz-trp_languagetrp_language-languagero_roadidasi-pentru-barbati-la-sportiva-spire-gtx-black-topaz-trp_language\/#breadcrumb","itemListElement":[{"@type":"ListItem","position":1,"name":"\u0413\u043b\u0430\u0432\u043d\u0430\u044f \u0441\u0442\u0440\u0430\u043d\u0438\u0446\u0430","item":"https:\/\/xstyle.md\/"},{"@type":"ListItem","position":2,"name":"\u041c\u0430\u0433\u0430\u0437\u0438\u043d","item":"https:\/\/xstyle.md\/shop\/"},{"@type":"ListItem","position":3,"name":"\u041a\u0440\u043e\u0441\u0441\u043e\u0432\u043a\u0438 La Sportiva Spire Gtx black\/topaz"}]},{"@type":"WebSite","@id":"https:\/\/xstyle.md\/#website","url":"https:\/\/xstyle.md\/","name":"Magazinul X-Style","description":"Echipamente pentru turism \u0219i sporturi extreme \u00een Moldova. Pre\u021buri, fotografii, caracteristici \u00een Moldova.","publisher":{"@id":"https:\/\/xstyle.md\/#organization"},"alternateName":"X-Style","potentialAction":[{"@type":"SearchAction","target":{"@type":"EntryPoint","urlTemplate":"https:\/\/xstyle.md\/?s={search_term_string}"},"query-input":{"@type":"PropertyValueSpecification","valueRequired":true,"valueName":"search_term_string"}}],"inLanguage":"ro-RO"},{"@type":"Organization","@id":"https:\/\/xstyle.md\/#organization","name":"Magazinul X-Style","alternateName":"x-style","url":"https:\/\/xstyle.md\/","logo":{"@type":"ImageObject","inLanguage":"ro-RO","@id":"https:\/\/xstyle.md\/#\/schema\/logo\/image\/","url":"https:\/\/xstyle.md\/wp-content\/uploads\/2020\/06\/logoicon.svg","contentUrl":"https:\/\/xstyle.md\/wp-content\/uploads\/2020\/06\/logoicon.svg","caption":"\u041c\u0430\u0433\u0430\u0437\u0438\u043d Xstyle"},"image":{"@id":"https:\/\/xstyle.md\/#\/schema\/logo\/image\/"},"sameAs":["https:\/\/www.facebook.com\/xstylemd","https:\/\/www.instagram.com\/xstyle_md\/","https:\/\/t.me\/xstyle_outdoor"],"hasMerchantReturnPolicy":{"@type":"MerchantReturnPolicy","merchantReturnLink":"https:\/\/xstyle.md\/ro\/conditions\/"}}]},"product_price_amount":"4890.00","product_price_currency":"MDL","og_availability":"instock","product_availability":"instock","product_retailer_item_id":"8020647945023","product_condition":"new"},"post_mailing_queue_ids":[],"_links":{"self":[{"href":"https:\/\/xstyle.md\/ro\/wp-json\/wp\/v2\/product\/67269","targetHints":{"allow":["GET"]}}],"collection":[{"href":"https:\/\/xstyle.md\/ro\/wp-json\/wp\/v2\/product"}],"about":[{"href":"https:\/\/xstyle.md\/ro\/wp-json\/wp\/v2\/types\/product"}],"replies":[{"embeddable":true,"href":"https:\/\/xstyle.md\/ro\/wp-json\/wp\/v2\/comments?post=67269"}],"wp:featuredmedia":[{"embeddable":true,"href":"https:\/\/xstyle.md\/ro\/wp-json\/wp\/v2\/media\/67733"}],"wp:attachment":[{"href":"https:\/\/xstyle.md\/ro\/wp-json\/wp\/v2\/media?parent=67269"}],"wp:term":[{"taxonomy":"product_brand","embeddable":true,"href":"https:\/\/xstyle.md\/ro\/wp-json\/wp\/v2\/product_brand?post=67269"},{"taxonomy":"product_cat","embeddable":true,"href":"https:\/\/xstyle.md\/ro\/wp-json\/wp\/v2\/product_cat?post=67269"},{"taxonomy":"product_tag","embeddable":true,"href":"https:\/\/xstyle.md\/ro\/wp-json\/wp\/v2\/product_tag?post=67269"}],"curies":[{"name":"wp","href":"https:\/\/api.w.org\/{rel}","templated":true}]}}