{"id":67268,"date":"2023-04-21T14:09:25","date_gmt":"2023-04-21T11:09:25","guid":{"rendered":"https:\/\/xstyle.md\/?post_type=product&#038;p=67268"},"modified":"2026-03-14T21:51:08","modified_gmt":"2026-03-14T18:51:08","slug":"krossovki-la-sportiva-jackal-ii-storm-blue-lagoon","status":"publish","type":"product","link":"https:\/\/xstyle.md\/ro\/produs\/krossovki-la-sportiva-jackal-ii-storm-blue-lagoon\/","title":{"rendered":"Adida\u0219i La Sportiva Jackal II storm blue\/lagoon"},"content":{"rendered":"<\/p>\n<p><strong>La Sportiva Jackal II<\/strong> adidasii pentru alergare in muntii conceputi pentru a va ajuta s\u0103 treceti distan\u021be ultra-lungi cu confort excep\u021bional. Conceput pentru a r\u0103spunde a\u0219tept\u0103rilor alerg\u0103torilor de curs\u0103 lung\u0103 care caut\u0103 o amortizare excep\u021bional\u0103 \u0219i o potrivire mai larg\u0103, modelul Jackal este construit pentru orice aventur\u0103 off-road. Partea superioar\u0103 u\u0219oar\u0103 \u0219i foarte rezistent\u0103 v\u0103 men\u021bine r\u0103coare \u0219i uscaciune, \u00een timp ce talpa exterioar\u0103 rezistent\u0103 la pietre cu densitate dubl\u0103 ofer\u0103 siguran\u021b\u0103 maxim\u0103 sub picior. Talpa intermediar\u0103 inovatoare este o combina\u021bie perfect\u0103 de EVA comprimata cu inser\u021bii Infinitoo\u2122 PU pentru o amortizare \u0219i stabilitate perfecta.<\/p>\n<h3>Particularit\u0103\u021bi<\/h3>\n<ul>\n<li>Utilizarea unei plase reproiectate (partea din fa\u021b\u0103 a piciorului, limba \u0219i c\u0103ptu\u0219eala), un nou design al limbii pentru a reduce greutatea, c\u0103lc\u00e2iul reproiectat cu o construc\u021bie \u0219i materiale noi \u0219i un nou design al la\u021bului pentru un nivel mai mare de adaptare a volumului din partea din fa\u021b\u0103 a piciorului.<\/li>\n<li>Combina\u021bie inovatoare de EVA \u0219i talp\u0103 intermediar\u0103 Infinitoo PU (10 mm \u00een c\u0103lc\u00e2i \u0219i 5 mm \u00een partea anterioar\u0103 a piciorului) pentru un echilibru perfect \u00eentre amortizare pe distan\u021be lungi \u0219i stabilitate pe \u0219osea.<\/li>\n<li>Compus de cauciuc Frixion XT 2.0 pentru un echilibru \u00eentre aderen\u021b\u0103 \u0219i durabilitate.<\/li>\n<li>Plasa Mono-Burr Mesh medial\u0103\/lateral\u0103 cre\u0219te respirabilitatea pentru o ventila\u021bie maxim\u0103 \u0219i confort climatic.<\/li>\n<\/ul>\n<h3>Caracteristici<\/h3>\n<ul>\n<li>Material superior &#8212; plas\u0103 multistrat (v\u00e2rf \u0219i limb\u0103)<\/li>\n<li>C\u0103ptu\u0219eal\u0103 &#8212; microfibr\u0103 rezistent\u0103 la abraziune<\/li>\n<li>Talp\u0103 interioar\u0103 &#8212; MEMlex EVA cu platform\u0103 Endurance<\/li>\n<li>Talp\u0103 ergonomic\u0103 Ortholite\u00ae Ergonomic insole<\/li>\n<li>Talp\u0103 exterioar\u0103 &#8212; FriXion\u00ae XT 2.0 cu crampoane laterale IBS<\/li>\n<li>Destina\u021bie &#8212; alergare montan\u0103, alergare pe traseu<\/li>\n<li>Sezonul - demi-sezon<\/li>\n<li>Greutate &#8212; 300g.<\/li>\n<\/ul>\n<h3>Tehnologie<\/h3>\n<ul>\n<li><strong>FriXion XT <\/strong>&#8212; talpa exterioar\u0103, dezvoltat\u0103 de departamentul de cercetare \u0219i dezvoltare al La Sportiva, folose\u0219te o band\u0103 de rulare care absoarbe \u0219ocurile \u0219i un design exclusiv cu tehnologia Trail Rocker, care ofer\u0103 un sprijin natural pentru c\u0103lc\u00e2i, partea interioar\u0103 a v\u00e2rfului. Aceasta absoarbe bine loviturile \u0219i \u00ee\u021bi protejeaz\u0103 picioarele.<\/li>\n<li><strong>Ortholite<\/strong> &#8212; t\u0103lpi\u021b\u0103 tehnologic avansat\u0103.<\/li>\n<li><strong>MEMlex Eva<\/strong> &#8212; talp\u0103 intermediar\u0103 cu dubl\u0103 densitate, nivel ridicat de amortizare.<\/li>\n<\/ul>\n<h3>Marca<\/h3>\n<p><span style=\"font-weight: 400;\">Compania italian\u0103 este cunoscut\u0103 de to\u021bi alpini\u0219tii \u2014 \u00eenc\u0103l\u021b\u0103mintea pentru alpinism La Sportiva \u0219i ghetele pentru altitudini mari sunt considerate cele mai bune din lume. Istoria brandului a \u00eenceput cu fabricarea \u00eenc\u0103l\u021b\u0103mintei din lemn, iar acum este unul dintre liderii mondiali \u00een produc\u021bia \u00eenc\u0103l\u021b\u0103mintei pentru munte. Toat\u0103 \u00eenc\u0103l\u021b\u0103mintea este \u00een continuare cusut\u0103 manual \u0219i numai din materiale de \u00eenalt\u0103 calitate, este confortabil\u0103, de \u00eencredere \u0219i are o durabilitate excelent\u0103. Al\u0103turi de \u00eenc\u0103l\u021b\u0103minte, compania produce \u0219i \u00eembr\u0103c\u0103minte high-tech pentru pasiona\u021bii de alpinism. Standardele \u00eenalte de calitate ale companiei \u0219i tehnologia \u00een evolu\u021bie au ajutat La Sportiva s\u0103 devin\u0103 unul dintre cele mai importante m\u0103rci de \u00eenc\u0103l\u021b\u0103minte \u0219i \u00eembr\u0103c\u0103minte la nivel mondial.<\/span><\/p>\n<p>","protected":false},"excerpt":{"rendered":"","protected":false},"featured_media":67722,"comment_status":"open","ping_status":"closed","template":"","meta":{"_acf_changed":false,"inline_featured_image":false},"product_brand":[1410],"product_cat":[142],"product_tag":[],"class_list":{"0":"post-67268","1":"product","2":"type-product","3":"status-publish","4":"has-post-thumbnail","6":"product_brand-la-sportiva","7":"product_cat-sport-shoes","8":"pa_razmer-shoes-666","9":"pa_razmer-shoes-37-1-2","10":"pa_razmer-shoes-664","11":"pa_razmer-shoes-38-1-2","12":"pa_razmer-shoes-983","13":"pa_razmer-shoes-39-1-2","14":"pa_razmer-shoes-40-1-2","16":"first","17":"instock","18":"shipping-taxable","19":"purchasable","20":"product-type-variable"},"acf":[],"yoast_head":"<!-- This site is optimized with the Yoast SEO plugin v27.4 - https:\/\/yoast.com\/product\/yoast-seo-wordpress\/ -->\n<title>\u041a\u0440\u043e\u0441\u0441\u043e\u0432\u043a\u0438 La Sportiva Jackal II storm blue\/lagoon - \u041c\u0430\u0433\u0430\u0437\u0438\u043d Xstyle<\/title>\n<meta name=\"description\" content=\"\u041a\u0440\u043e\u0441\u0441\u043e\u0432\u043a\u0438 La Sportiva Jackal II \u0432 \u0446\u0432\u0435\u0442\u0435 storm blue\/lagoon \u0438\u0434\u0435\u0430\u043b\u044c\u043d\u043e \u043f\u043e\u0434\u0445\u043e\u0434\u044f\u0442 \u0434\u043b\u044f \u0443\u043b\u044c\u0442\u0440\u0430\u043c\u0430\u0440\u0430\u0444\u043e\u043d\u043e\u0432. \u041e\u0431\u0435\u0441\u043f\u0435\u0447\u0438\u0432\u0430\u044e\u0442 \u043a\u043e\u043c\u0444\u043e\u0440\u0442, \u043f\u043e\u0434\u0434\u0435\u0440\u0436\u043a\u0443 \u0438 \u043e\u0442\u043b\u0438\u0447\u043d\u043e\u0435 \u0441\u0446\u0435\u043f\u043b\u0435\u043d\u0438\u0435.\" \/>\n<meta name=\"robots\" content=\"index, follow, max-snippet:-1, max-image-preview:large, max-video-preview:-1\" \/>\n<link rel=\"canonical\" href=\"https:\/\/xstyle.md\/ro\/produs\/krossovki-la-sportiva-jackal-ii-storm-blue-lagoon\/\" \/>\n<meta property=\"og:locale\" content=\"ro_RO\" \/>\n<meta property=\"og:type\" content=\"article\" \/>\n<meta property=\"og:title\" content=\"\u041a\u0440\u043e\u0441\u0441\u043e\u0432\u043a\u0438 La Sportiva Jackal II storm blue\/lagoon - \u041c\u0430\u0433\u0430\u0437\u0438\u043d Xstyle\" \/>\n<meta property=\"og:description\" content=\"\u041a\u0440\u043e\u0441\u0441\u043e\u0432\u043a\u0438 La Sportiva Jackal II \u0432 \u0446\u0432\u0435\u0442\u0435 storm blue\/lagoon \u0438\u0434\u0435\u0430\u043b\u044c\u043d\u043e \u043f\u043e\u0434\u0445\u043e\u0434\u044f\u0442 \u0434\u043b\u044f \u0443\u043b\u044c\u0442\u0440\u0430\u043c\u0430\u0440\u0430\u0444\u043e\u043d\u043e\u0432. \u041e\u0431\u0435\u0441\u043f\u0435\u0447\u0438\u0432\u0430\u044e\u0442 \u043a\u043e\u043c\u0444\u043e\u0440\u0442, \u043f\u043e\u0434\u0434\u0435\u0440\u0436\u043a\u0443 \u0438 \u043e\u0442\u043b\u0438\u0447\u043d\u043e\u0435 \u0441\u0446\u0435\u043f\u043b\u0435\u043d\u0438\u0435.\" \/>\n<meta property=\"og:url\" content=\"https:\/\/xstyle.md\/ro\/produs\/krossovki-la-sportiva-jackal-ii-storm-blue-lagoon\/\" \/>\n<meta property=\"og:site_name\" content=\"\u041c\u0430\u0433\u0430\u0437\u0438\u043d Xstyle\" \/>\n<meta property=\"article:publisher\" content=\"https:\/\/www.facebook.com\/xstylemd\" \/>\n<meta property=\"article:modified_time\" content=\"2026-03-14T18:51:08+00:00\" \/>\n<meta property=\"og:image\" content=\"https:\/\/xstyle.md\/wp-content\/uploads\/2023\/04\/la-sportiva-jackal-ii-storm-blue-lagoon.jpg\" \/>\n\t<meta property=\"og:image:width\" content=\"1147\" \/>\n\t<meta property=\"og:image:height\" content=\"1020\" \/>\n\t<meta property=\"og:image:type\" content=\"image\/jpeg\" \/>\n<meta name=\"twitter:card\" content=\"summary_large_image\" \/>\n<meta name=\"twitter:label1\" content=\"Disponibilitate\" \/>\n\t<meta name=\"twitter:data1\" content=\"\u00cen stoc\" \/>\n<script type=\"application\/ld+json\" class=\"yoast-schema-graph\">{\"@context\":\"https:\\\/\\\/schema.org\",\"@graph\":[{\"@type\":\"WebPage\",\"@id\":\"https:\\\/\\\/xstyle.md\\\/product\\\/krossovki-la-sportiva-jackal-ii-storm-blue-lagoon\\\/\",\"url\":\"https:\\\/\\\/xstyle.md\\\/product\\\/krossovki-la-sportiva-jackal-ii-storm-blue-lagoon\\\/\",\"name\":\"\u041a\u0440\u043e\u0441\u0441\u043e\u0432\u043a\u0438 La Sportiva Jackal II storm blue\\\/lagoon - \u041c\u0430\u0433\u0430\u0437\u0438\u043d Xstyle\",\"isPartOf\":{\"@id\":\"https:\\\/\\\/xstyle.md\\\/#website\"},\"primaryImageOfPage\":{\"@id\":\"https:\\\/\\\/xstyle.md\\\/product\\\/krossovki-la-sportiva-jackal-ii-storm-blue-lagoon\\\/#primaryimage\"},\"image\":{\"@id\":\"https:\\\/\\\/xstyle.md\\\/product\\\/krossovki-la-sportiva-jackal-ii-storm-blue-lagoon\\\/#primaryimage\"},\"thumbnailUrl\":\"https:\\\/\\\/xstyle.md\\\/wp-content\\\/uploads\\\/2023\\\/04\\\/la-sportiva-jackal-ii-storm-blue-lagoon.jpg\",\"datePublished\":\"2023-04-21T11:09:25+00:00\",\"dateModified\":\"2026-03-14T18:51:08+00:00\",\"description\":\"\u041a\u0440\u043e\u0441\u0441\u043e\u0432\u043a\u0438 La Sportiva Jackal II \u0432 \u0446\u0432\u0435\u0442\u0435 storm blue\\\/lagoon \u0438\u0434\u0435\u0430\u043b\u044c\u043d\u043e \u043f\u043e\u0434\u0445\u043e\u0434\u044f\u0442 \u0434\u043b\u044f \u0443\u043b\u044c\u0442\u0440\u0430\u043c\u0430\u0440\u0430\u0444\u043e\u043d\u043e\u0432. \u041e\u0431\u0435\u0441\u043f\u0435\u0447\u0438\u0432\u0430\u044e\u0442 \u043a\u043e\u043c\u0444\u043e\u0440\u0442, \u043f\u043e\u0434\u0434\u0435\u0440\u0436\u043a\u0443 \u0438 \u043e\u0442\u043b\u0438\u0447\u043d\u043e\u0435 \u0441\u0446\u0435\u043f\u043b\u0435\u043d\u0438\u0435.\",\"breadcrumb\":{\"@id\":\"https:\\\/\\\/xstyle.md\\\/product\\\/krossovki-la-sportiva-jackal-ii-storm-blue-lagoon\\\/#breadcrumb\"},\"inLanguage\":\"ro-RO\",\"potentialAction\":[{\"@type\":\"ReadAction\",\"target\":[\"https:\\\/\\\/xstyle.md\\\/product\\\/krossovki-la-sportiva-jackal-ii-storm-blue-lagoon\\\/\"]}]},{\"@type\":\"ImageObject\",\"inLanguage\":\"ro-RO\",\"@id\":\"https:\\\/\\\/xstyle.md\\\/product\\\/krossovki-la-sportiva-jackal-ii-storm-blue-lagoon\\\/#primaryimage\",\"url\":\"https:\\\/\\\/xstyle.md\\\/wp-content\\\/uploads\\\/2023\\\/04\\\/la-sportiva-jackal-ii-storm-blue-lagoon.jpg\",\"contentUrl\":\"https:\\\/\\\/xstyle.md\\\/wp-content\\\/uploads\\\/2023\\\/04\\\/la-sportiva-jackal-ii-storm-blue-lagoon.jpg\",\"width\":1147,\"height\":1020,\"caption\":\"\u041a\u0440\u043e\u0441\u0441\u043e\u0432\u043a\u0438 La Sportiva Jackal II storm blue lagoon \u0434\u043b\u044f \u0430\u043a\u0442\u0438\u0432\u043d\u043e\u0433\u043e \u043e\u0442\u0434\u044b\u0445\u0430 \u0438 \u043f\u043e\u0445\u043e\u0434\u043e\u0432, \u043e\u0431\u0443\u0432\u044c \u0434\u043b\u044f \u0441\u043a\u0430\u043b\u043e\u043b\u0430\u0437\u0430\u043d\u0438\u044f, \u043f\u0443\u0442\u0435\u0448\u0435\u0441\u0442\u0432\u0438\u0439 \u0438 \u0430\u043b\u044c\u043f\u0438\u043d\u0438\u0437\u043c\u0430 \u043d\u0430 \u043e\u043d\u043b\u0430\u0439\u043d-\u043c\u0430\u0433\u0430\u0437\u0438\u043d\u0435 \u0441\u043f\u043e\u0440\u0442\u0438\u0432\u043d\u043e\u0439 \u043e\u0434\u0435\u0436\u0434\u044b \u0438 \u043e\u0431\u0443\u0432\u0438\"},{\"@type\":\"BreadcrumbList\",\"@id\":\"https:\\\/\\\/xstyle.md\\\/product\\\/krossovki-la-sportiva-jackal-ii-storm-blue-lagoon\\\/#breadcrumb\",\"itemListElement\":[{\"@type\":\"ListItem\",\"position\":1,\"name\":\"\u0413\u043b\u0430\u0432\u043d\u0430\u044f \u0441\u0442\u0440\u0430\u043d\u0438\u0446\u0430\",\"item\":\"https:\\\/\\\/xstyle.md\\\/\"},{\"@type\":\"ListItem\",\"position\":2,\"name\":\"\u041c\u0430\u0433\u0430\u0437\u0438\u043d\",\"item\":\"https:\\\/\\\/xstyle.md\\\/shop\\\/\"},{\"@type\":\"ListItem\",\"position\":3,\"name\":\"\u041a\u0440\u043e\u0441\u0441\u043e\u0432\u043a\u0438 La Sportiva Jackal II storm blue\\\/lagoon\"}]},{\"@type\":\"WebSite\",\"@id\":\"https:\\\/\\\/xstyle.md\\\/#website\",\"url\":\"https:\\\/\\\/xstyle.md\\\/\",\"name\":\"\u041c\u0430\u0433\u0430\u0437\u0438\u043d Xstyle\",\"description\":\"C\u043d\u0430\u0440\u044f\u0436\u0435\u043d\u0438\u0435 \u0434\u043b\u044f \u0442\u0443\u0440\u0438\u0437\u043c\u0430 \u0438 \u044d\u043a\u0441\u0442\u0440\u0435\u043c\u0430\u043b\u044c\u043d\u044b\u0445 \u0432\u0438\u0434\u043e\u0432 \u0441\u043f\u043e\u0440\u0442\u0430 \u0432 \u041c\u043e\u043b\u0434\u043e\u0432\u0435.. \u0426\u0435\u043d\u044b, \u0444\u043e\u0442\u043e, \u0445\u0430\u0440\u0430\u043a\u0442\u0435\u0440\u0438\u0441\u0442\u0438\u043a\u0438 \u0432 \u041c\u043e\u043b\u0434\u043e\u0432\u0435.\",\"publisher\":{\"@id\":\"https:\\\/\\\/xstyle.md\\\/#organization\"},\"alternateName\":\"X-Style\",\"potentialAction\":[{\"@type\":\"SearchAction\",\"target\":{\"@type\":\"EntryPoint\",\"urlTemplate\":\"https:\\\/\\\/xstyle.md\\\/?s={search_term_string}\"},\"query-input\":{\"@type\":\"PropertyValueSpecification\",\"valueRequired\":true,\"valueName\":\"search_term_string\"}}],\"inLanguage\":\"ro-RO\"},{\"@type\":\"Organization\",\"@id\":\"https:\\\/\\\/xstyle.md\\\/#organization\",\"name\":\"\u041c\u0430\u0433\u0430\u0437\u0438\u043d Xstyle\",\"alternateName\":\"x-style\",\"url\":\"https:\\\/\\\/xstyle.md\\\/\",\"logo\":{\"@type\":\"ImageObject\",\"inLanguage\":\"ro-RO\",\"@id\":\"https:\\\/\\\/xstyle.md\\\/#\\\/schema\\\/logo\\\/image\\\/\",\"url\":\"https:\\\/\\\/xstyle.md\\\/wp-content\\\/uploads\\\/2020\\\/06\\\/logoicon.svg\",\"contentUrl\":\"https:\\\/\\\/xstyle.md\\\/wp-content\\\/uploads\\\/2020\\\/06\\\/logoicon.svg\",\"caption\":\"\u041c\u0430\u0433\u0430\u0437\u0438\u043d Xstyle\"},\"image\":{\"@id\":\"https:\\\/\\\/xstyle.md\\\/#\\\/schema\\\/logo\\\/image\\\/\"},\"sameAs\":[\"https:\\\/\\\/www.facebook.com\\\/xstylemd\",\"https:\\\/\\\/www.instagram.com\\\/xstyle_md\\\/\",\"https:\\\/\\\/t.me\\\/xstyle_outdoor\"],\"hasMerchantReturnPolicy\":{\"@type\":\"MerchantReturnPolicy\",\"merchantReturnLink\":\"https:\\\/\\\/xstyle.md\\\/ro\\\/conditions\\\/\"}}]}<\/script>\n<meta property=\"og:availability\" content=\"instock\" \/>\n<meta property=\"product:availability\" content=\"instock\" \/>\n<meta property=\"product:retailer_item_id\" content=\"X8020647129621\" \/>\n<meta property=\"product:condition\" content=\"new\" \/>\n<!-- \/ Yoast SEO plugin. -->","yoast_head_json":{"title":"Adidasii La Sportiva Jackal II storm blue\/lagoon - Magazin Xstyle","description":"Sneakers La Sportiva Jackal II \u00een culoarea storm blue\/lagoon sunt perfecte pentru ultramaratoane. Ofer\u0103 confort, suport \u0219i o aderen\u021b\u0103 excelent\u0103.","robots":{"index":"index","follow":"follow","max-snippet":"max-snippet:-1","max-image-preview":"max-image-preview:large","max-video-preview":"max-video-preview:-1"},"canonical":"https:\/\/xstyle.md\/ro\/produs\/krossovki-la-sportiva-jackal-ii-storm-blue-lagoon\/","og_locale":"ro_RO","og_type":"article","og_title":"\u041a\u0440\u043e\u0441\u0441\u043e\u0432\u043a\u0438 La Sportiva Jackal II storm blue\/lagoon - \u041c\u0430\u0433\u0430\u0437\u0438\u043d Xstyle","og_description":"\u041a\u0440\u043e\u0441\u0441\u043e\u0432\u043a\u0438 La Sportiva Jackal II \u0432 \u0446\u0432\u0435\u0442\u0435 storm blue\/lagoon \u0438\u0434\u0435\u0430\u043b\u044c\u043d\u043e \u043f\u043e\u0434\u0445\u043e\u0434\u044f\u0442 \u0434\u043b\u044f \u0443\u043b\u044c\u0442\u0440\u0430\u043c\u0430\u0440\u0430\u0444\u043e\u043d\u043e\u0432. \u041e\u0431\u0435\u0441\u043f\u0435\u0447\u0438\u0432\u0430\u044e\u0442 \u043a\u043e\u043c\u0444\u043e\u0440\u0442, \u043f\u043e\u0434\u0434\u0435\u0440\u0436\u043a\u0443 \u0438 \u043e\u0442\u043b\u0438\u0447\u043d\u043e\u0435 \u0441\u0446\u0435\u043f\u043b\u0435\u043d\u0438\u0435.","og_url":"https:\/\/xstyle.md\/ro\/produs\/krossovki-la-sportiva-jackal-ii-storm-blue-lagoon\/","og_site_name":"\u041c\u0430\u0433\u0430\u0437\u0438\u043d Xstyle","article_publisher":"https:\/\/www.facebook.com\/xstylemd","article_modified_time":"2026-03-14T18:51:08+00:00","og_image":[{"width":1147,"height":1020,"url":"https:\/\/xstyle.md\/wp-content\/uploads\/2023\/04\/la-sportiva-jackal-ii-storm-blue-lagoon.jpg","type":"image\/jpeg"}],"twitter_card":"summary_large_image","twitter_misc":{"Disponibilitate":"\u00cen stoc"},"schema":{"@context":"https:\/\/schema.org","@graph":[{"@type":"WebPage","@id":"https:\/\/xstyle.md\/product\/krossovki-la-sportiva-jackal-ii-storm-blue-lagoon\/","url":"https:\/\/xstyle.md\/product\/krossovki-la-sportiva-jackal-ii-storm-blue-lagoon\/","name":"Adidasii La Sportiva Jackal II storm blue\/lagoon - Magazin Xstyle","isPartOf":{"@id":"https:\/\/xstyle.md\/#website"},"primaryImageOfPage":{"@id":"https:\/\/xstyle.md\/product\/krossovki-la-sportiva-jackal-ii-storm-blue-lagoon\/#primaryimage"},"image":{"@id":"https:\/\/xstyle.md\/product\/krossovki-la-sportiva-jackal-ii-storm-blue-lagoon\/#primaryimage"},"thumbnailUrl":"https:\/\/xstyle.md\/wp-content\/uploads\/2023\/04\/la-sportiva-jackal-ii-storm-blue-lagoon.jpg","datePublished":"2023-04-21T11:09:25+00:00","dateModified":"2026-03-14T18:51:08+00:00","description":"Sneakers La Sportiva Jackal II \u00een culoarea storm blue\/lagoon sunt perfecte pentru ultramaratoane. Ofer\u0103 confort, suport \u0219i o aderen\u021b\u0103 excelent\u0103.","breadcrumb":{"@id":"https:\/\/xstyle.md\/product\/krossovki-la-sportiva-jackal-ii-storm-blue-lagoon\/#breadcrumb"},"inLanguage":"ro-RO","potentialAction":[{"@type":"ReadAction","target":["https:\/\/xstyle.md\/product\/krossovki-la-sportiva-jackal-ii-storm-blue-lagoon\/"]}]},{"@type":"ImageObject","inLanguage":"ro-RO","@id":"https:\/\/xstyle.md\/product\/krossovki-la-sportiva-jackal-ii-storm-blue-lagoon\/#primaryimage","url":"https:\/\/xstyle.md\/wp-content\/uploads\/2023\/04\/la-sportiva-jackal-ii-storm-blue-lagoon.jpg","contentUrl":"https:\/\/xstyle.md\/wp-content\/uploads\/2023\/04\/la-sportiva-jackal-ii-storm-blue-lagoon.jpg","width":1147,"height":1020,"caption":"\u041a\u0440\u043e\u0441\u0441\u043e\u0432\u043a\u0438 La Sportiva Jackal II storm blue lagoon \u0434\u043b\u044f \u0430\u043a\u0442\u0438\u0432\u043d\u043e\u0433\u043e \u043e\u0442\u0434\u044b\u0445\u0430 \u0438 \u043f\u043e\u0445\u043e\u0434\u043e\u0432, \u043e\u0431\u0443\u0432\u044c \u0434\u043b\u044f \u0441\u043a\u0430\u043b\u043e\u043b\u0430\u0437\u0430\u043d\u0438\u044f, \u043f\u0443\u0442\u0435\u0448\u0435\u0441\u0442\u0432\u0438\u0439 \u0438 \u0430\u043b\u044c\u043f\u0438\u043d\u0438\u0437\u043c\u0430 \u043d\u0430 \u043e\u043d\u043b\u0430\u0439\u043d-\u043c\u0430\u0433\u0430\u0437\u0438\u043d\u0435 \u0441\u043f\u043e\u0440\u0442\u0438\u0432\u043d\u043e\u0439 \u043e\u0434\u0435\u0436\u0434\u044b \u0438 \u043e\u0431\u0443\u0432\u0438"},{"@type":"BreadcrumbList","@id":"https:\/\/xstyle.md\/product\/krossovki-la-sportiva-jackal-ii-storm-blue-lagoon\/#breadcrumb","itemListElement":[{"@type":"ListItem","position":1,"name":"\u0413\u043b\u0430\u0432\u043d\u0430\u044f \u0441\u0442\u0440\u0430\u043d\u0438\u0446\u0430","item":"https:\/\/xstyle.md\/"},{"@type":"ListItem","position":2,"name":"\u041c\u0430\u0433\u0430\u0437\u0438\u043d","item":"https:\/\/xstyle.md\/shop\/"},{"@type":"ListItem","position":3,"name":"\u041a\u0440\u043e\u0441\u0441\u043e\u0432\u043a\u0438 La Sportiva Jackal II storm blue\/lagoon"}]},{"@type":"WebSite","@id":"https:\/\/xstyle.md\/#website","url":"https:\/\/xstyle.md\/","name":"Magazinul X-Style","description":"Echipamente pentru turism \u0219i sporturi extreme \u00een Moldova. Pre\u021buri, fotografii, caracteristici \u00een Moldova.","publisher":{"@id":"https:\/\/xstyle.md\/#organization"},"alternateName":"X-Style","potentialAction":[{"@type":"SearchAction","target":{"@type":"EntryPoint","urlTemplate":"https:\/\/xstyle.md\/?s={search_term_string}"},"query-input":{"@type":"PropertyValueSpecification","valueRequired":true,"valueName":"search_term_string"}}],"inLanguage":"ro-RO"},{"@type":"Organization","@id":"https:\/\/xstyle.md\/#organization","name":"Magazinul X-Style","alternateName":"x-style","url":"https:\/\/xstyle.md\/","logo":{"@type":"ImageObject","inLanguage":"ro-RO","@id":"https:\/\/xstyle.md\/#\/schema\/logo\/image\/","url":"https:\/\/xstyle.md\/wp-content\/uploads\/2020\/06\/logoicon.svg","contentUrl":"https:\/\/xstyle.md\/wp-content\/uploads\/2020\/06\/logoicon.svg","caption":"\u041c\u0430\u0433\u0430\u0437\u0438\u043d Xstyle"},"image":{"@id":"https:\/\/xstyle.md\/#\/schema\/logo\/image\/"},"sameAs":["https:\/\/www.facebook.com\/xstylemd","https:\/\/www.instagram.com\/xstyle_md\/","https:\/\/t.me\/xstyle_outdoor"],"hasMerchantReturnPolicy":{"@type":"MerchantReturnPolicy","merchantReturnLink":"https:\/\/xstyle.md\/ro\/conditions\/"}}]},"og_availability":"instock","product_availability":"instock","product_retailer_item_id":"X8020647129621","product_condition":"new"},"post_mailing_queue_ids":[],"_links":{"self":[{"href":"https:\/\/xstyle.md\/ro\/wp-json\/wp\/v2\/product\/67268","targetHints":{"allow":["GET"]}}],"collection":[{"href":"https:\/\/xstyle.md\/ro\/wp-json\/wp\/v2\/product"}],"about":[{"href":"https:\/\/xstyle.md\/ro\/wp-json\/wp\/v2\/types\/product"}],"replies":[{"embeddable":true,"href":"https:\/\/xstyle.md\/ro\/wp-json\/wp\/v2\/comments?post=67268"}],"wp:featuredmedia":[{"embeddable":true,"href":"https:\/\/xstyle.md\/ro\/wp-json\/wp\/v2\/media\/67722"}],"wp:attachment":[{"href":"https:\/\/xstyle.md\/ro\/wp-json\/wp\/v2\/media?parent=67268"}],"wp:term":[{"taxonomy":"product_brand","embeddable":true,"href":"https:\/\/xstyle.md\/ro\/wp-json\/wp\/v2\/product_brand?post=67268"},{"taxonomy":"product_cat","embeddable":true,"href":"https:\/\/xstyle.md\/ro\/wp-json\/wp\/v2\/product_cat?post=67268"},{"taxonomy":"product_tag","embeddable":true,"href":"https:\/\/xstyle.md\/ro\/wp-json\/wp\/v2\/product_tag?post=67268"}],"curies":[{"name":"wp","href":"https:\/\/api.w.org\/{rel}","templated":true}]}}